{"id":25609,"date":"2017-08-04T14:42:43","date_gmt":"2017-08-04T14:42:43","guid":{"rendered":"https:\/\/prochaska.eu\/product\/unitate-de-cablare-toro-rainsensor\/"},"modified":"2017-08-04T14:42:43","modified_gmt":"2017-08-04T14:42:43","slug":"unitate-de-cablare-toro-rainsensor","status":"publish","type":"product","link":"https:\/\/prochaska.eu\/ro\/produs\/unitate-de-cablare-toro-rainsensor\/","title":{"rendered":"Unitate de cablare TORO RainSensor\u2122"},"content":{"rendered":"<p>C\u00e2nd plou\u0103, uneori tot ce ave\u021bi nevoie este un senzor simplu pentru a v\u0103 asigura c\u0103 treaba este f\u0103cut\u0103. Cu mai multe puncte de reglare pentru reglarea sensibilit\u0103\u021bii la ploaie \u0219i discuri senzor f\u0103r\u0103 \u00eentre\u021binere, Toro TRS ofer\u0103 fiabilitatea de care ave\u021bi nevoie.<\/p>\n<h2><strong>Caracteristici \u0219i beneficii<\/strong><\/h2>\n<ul>\n<li>\n<h3><strong>Compatibil cu toate unit\u0103\u021bile de control de la Toro \u0219i al\u021bi produc\u0103tori<br \/>\n<\/strong><\/h3>\n<p>Func\u021bionare universal\u0103 normal deschis\u0103 sau normal \u00eenchis\u0103 pentru compatibilitate cu toate dispozitivele de control care pot g\u0103zdui un dispozitiv senzor.<\/li>\n<li>\n<h3><strong>W<\/strong><strong>geamuri higroscopice lipsite de umiditate<br \/>\n<\/strong><\/h3>\n<p>Discuri senzor standardizate cu indici de oprire reglabili pentru ploaie de 3,2 mm (1\u20448&#8243;), 6,4 mm (1\u20444&#8243;), 12 mm (1\u20442&#8243;) \u0219i 17 mm (3\u20444&#8243;).<\/li>\n<li>\n<h3><strong>Cablu rezistent la UV (25&#8242;)<br \/>\n<\/strong><\/h3>\n<p>Incl. Cablu alb, rezistent la UV, lung de 7,6 m (25&#8242;) pentru utilizare \u00een exterior.<\/li>\n<\/ul>\n<h2><strong>V<\/strong><strong>senzor de ploaie\/\u00eenghe\u021b cu fir<\/strong><\/h2>\n<p>Noul senzor de ploaie\/\u00eenghe\u021b cu fir opre\u0219te automat irigarea atunci c\u00e2nd temperatura scade sub 37\u00b0F (2,8\u00b0C) \u0219i protejeaz\u0103 conductele \u0219i componentele sistemului de irigare.<\/p>\n<h2>Modele<\/h2>\n<p>TRS: senzor de ploaie Toro cu fir<\/p>\n<p>53853: Senzor de ploaie\/\u00eenghe\u021b Toro cu fir<\/p>\n","protected":false},"excerpt":{"rendered":"<p>C\u00e2nd plou\u0103, uneori tot ce ave\u021bi nevoie este un senzor simplu pentru a v\u0103 asigura c\u0103 treaba este f\u0103cut\u0103.<\/p>\n","protected":false},"featured_media":21102,"template":"","meta":[],"pwb-brand":[3073],"product_brand":[],"product_cat":[2486,2617],"product_tag":[],"class_list":{"0":"post-25609","1":"product","2":"type-product","3":"status-publish","4":"has-post-thumbnail","6":"pwb-brand-toro-ro","7":"product_cat-irigare-ro","8":"product_cat-senzori","10":"first","11":"onbackorder","12":"taxable","13":"shipping-taxable","14":"product-type-variable"},"yoast_head":"<!-- This site is optimized with the Yoast SEO plugin v27.4 - https:\/\/yoast.com\/product\/yoast-seo-wordpress\/ -->\n<title>Unitate de cablare TORO RainSensor\u2122 - Prochaska<\/title>\n<meta name=\"robots\" content=\"index, follow, max-snippet:-1, max-image-preview:large, max-video-preview:-1\" \/>\n<link rel=\"canonical\" href=\"https:\/\/prochaska.eu\/ro\/produs\/unitate-de-cablare-toro-rainsensor\/\" \/>\n<meta property=\"og:locale\" content=\"ro_RO\" \/>\n<meta property=\"og:type\" content=\"article\" \/>\n<meta property=\"og:title\" content=\"Unitate de cablare TORO RainSensor\u2122 - Prochaska\" \/>\n<meta property=\"og:description\" content=\"C\u00e2nd plou\u0103, uneori tot ce ave\u021bi nevoie este un senzor simplu pentru a v\u0103 asigura c\u0103 treaba este f\u0103cut\u0103.\" \/>\n<meta property=\"og:url\" content=\"https:\/\/prochaska.eu\/ro\/produs\/unitate-de-cablare-toro-rainsensor\/\" \/>\n<meta property=\"og:site_name\" content=\"Prochaska\" \/>\n<meta property=\"article:publisher\" content=\"https:\/\/www.facebook.com\/prochaska.eu\/\" \/>\n<meta property=\"og:image\" content=\"https:\/\/prochaska.eu\/wp-content\/uploads\/2024\/06\/verdrahteter-RainSensor.jpg\" \/>\n\t<meta property=\"og:image:width\" content=\"1440\" \/>\n\t<meta property=\"og:image:height\" content=\"1440\" \/>\n\t<meta property=\"og:image:type\" content=\"image\/jpeg\" \/>\n<meta name=\"twitter:card\" content=\"summary_large_image\" \/>\n<meta name=\"twitter:label1\" content=\"Timp estimat pentru citire\" \/>\n\t<meta name=\"twitter:data1\" content=\"1 minut\" \/>\n<script type=\"application\/ld+json\" class=\"yoast-schema-graph\">{\"@context\":\"https:\\\/\\\/schema.org\",\"@graph\":[{\"@type\":\"WebPage\",\"@id\":\"https:\\\/\\\/prochaska.eu\\\/ro\\\/produs\\\/unitate-de-cablare-toro-rainsensor\\\/\",\"url\":\"https:\\\/\\\/prochaska.eu\\\/ro\\\/produs\\\/unitate-de-cablare-toro-rainsensor\\\/\",\"name\":\"Unitate de cablare TORO RainSensor\u2122 - Prochaska\",\"isPartOf\":{\"@id\":\"https:\\\/\\\/prochaska.eu\\\/ro\\\/#website\"},\"primaryImageOfPage\":{\"@id\":\"https:\\\/\\\/prochaska.eu\\\/ro\\\/produs\\\/unitate-de-cablare-toro-rainsensor\\\/#primaryimage\"},\"image\":{\"@id\":\"https:\\\/\\\/prochaska.eu\\\/ro\\\/produs\\\/unitate-de-cablare-toro-rainsensor\\\/#primaryimage\"},\"thumbnailUrl\":\"https:\\\/\\\/prochaska.eu\\\/wp-content\\\/uploads\\\/2024\\\/06\\\/verdrahteter-RainSensor.jpg\",\"datePublished\":\"2017-08-04T14:42:43+00:00\",\"breadcrumb\":{\"@id\":\"https:\\\/\\\/prochaska.eu\\\/ro\\\/produs\\\/unitate-de-cablare-toro-rainsensor\\\/#breadcrumb\"},\"inLanguage\":\"ro-RO\",\"potentialAction\":[{\"@type\":\"ReadAction\",\"target\":[\"https:\\\/\\\/prochaska.eu\\\/ro\\\/produs\\\/unitate-de-cablare-toro-rainsensor\\\/\"]}]},{\"@type\":\"ImageObject\",\"inLanguage\":\"ro-RO\",\"@id\":\"https:\\\/\\\/prochaska.eu\\\/ro\\\/produs\\\/unitate-de-cablare-toro-rainsensor\\\/#primaryimage\",\"url\":\"https:\\\/\\\/prochaska.eu\\\/wp-content\\\/uploads\\\/2024\\\/06\\\/verdrahteter-RainSensor.jpg\",\"contentUrl\":\"https:\\\/\\\/prochaska.eu\\\/wp-content\\\/uploads\\\/2024\\\/06\\\/verdrahteter-RainSensor.jpg\",\"width\":1440,\"height\":1440,\"caption\":\"senzor de ploaie cu fir toro\"},{\"@type\":\"BreadcrumbList\",\"@id\":\"https:\\\/\\\/prochaska.eu\\\/ro\\\/produs\\\/unitate-de-cablare-toro-rainsensor\\\/#breadcrumb\",\"itemListElement\":[{\"@type\":\"ListItem\",\"position\":1,\"name\":\"Home\",\"item\":\"https:\\\/\\\/prochaska.eu\\\/ro\\\/\"},{\"@type\":\"ListItem\",\"position\":2,\"name\":\"Shop\",\"item\":\"https:\\\/\\\/prochaska.eu\\\/ro\\\/shop\\\/\"},{\"@type\":\"ListItem\",\"position\":3,\"name\":\"Unitate de cablare TORO RainSensor\u2122\"}]},{\"@type\":\"WebSite\",\"@id\":\"https:\\\/\\\/prochaska.eu\\\/ro\\\/#website\",\"url\":\"https:\\\/\\\/prochaska.eu\\\/ro\\\/\",\"name\":\"Prochaska\",\"description\":\"Spezialist f\u00fcr Pflege von Gr\u00fcnfl\u00e4chen\",\"publisher\":{\"@id\":\"https:\\\/\\\/prochaska.eu\\\/ro\\\/#organization\"},\"potentialAction\":[{\"@type\":\"SearchAction\",\"target\":{\"@type\":\"EntryPoint\",\"urlTemplate\":\"https:\\\/\\\/prochaska.eu\\\/ro\\\/?s={search_term_string}\"},\"query-input\":{\"@type\":\"PropertyValueSpecification\",\"valueRequired\":true,\"valueName\":\"search_term_string\"}}],\"inLanguage\":\"ro-RO\"},{\"@type\":\"Organization\",\"@id\":\"https:\\\/\\\/prochaska.eu\\\/ro\\\/#organization\",\"name\":\"Prochaska\",\"url\":\"https:\\\/\\\/prochaska.eu\\\/ro\\\/\",\"logo\":{\"@type\":\"ImageObject\",\"inLanguage\":\"ro-RO\",\"@id\":\"https:\\\/\\\/prochaska.eu\\\/ro\\\/#\\\/schema\\\/logo\\\/image\\\/\",\"url\":\"https:\\\/\\\/prochaska.eu\\\/wp-content\\\/uploads\\\/2024\\\/04\\\/Prochaska_Logo_Black-1.png\",\"contentUrl\":\"https:\\\/\\\/prochaska.eu\\\/wp-content\\\/uploads\\\/2024\\\/04\\\/Prochaska_Logo_Black-1.png\",\"width\":796,\"height\":236,\"caption\":\"Prochaska\"},\"image\":{\"@id\":\"https:\\\/\\\/prochaska.eu\\\/ro\\\/#\\\/schema\\\/logo\\\/image\\\/\"},\"sameAs\":[\"https:\\\/\\\/www.facebook.com\\\/prochaska.eu\\\/\",\"https:\\\/\\\/www.instagram.com\\\/prochaska.eu\\\/\",\"https:\\\/\\\/www.linkedin.com\\\/company\\\/prochaska-handels-gmbh\"]}]}<\/script>\n<!-- \/ Yoast SEO plugin. -->","yoast_head_json":{"title":"Unitate de cablare TORO RainSensor\u2122 - Prochaska","robots":{"index":"index","follow":"follow","max-snippet":"max-snippet:-1","max-image-preview":"max-image-preview:large","max-video-preview":"max-video-preview:-1"},"canonical":"https:\/\/prochaska.eu\/ro\/produs\/unitate-de-cablare-toro-rainsensor\/","og_locale":"ro_RO","og_type":"article","og_title":"Unitate de cablare TORO RainSensor\u2122 - Prochaska","og_description":"C\u00e2nd plou\u0103, uneori tot ce ave\u021bi nevoie este un senzor simplu pentru a v\u0103 asigura c\u0103 treaba este f\u0103cut\u0103.","og_url":"https:\/\/prochaska.eu\/ro\/produs\/unitate-de-cablare-toro-rainsensor\/","og_site_name":"Prochaska","article_publisher":"https:\/\/www.facebook.com\/prochaska.eu\/","og_image":[{"width":1440,"height":1440,"url":"https:\/\/prochaska.eu\/wp-content\/uploads\/2024\/06\/verdrahteter-RainSensor.jpg","type":"image\/jpeg"}],"twitter_card":"summary_large_image","twitter_misc":{"Timp estimat pentru citire":"1 minut"},"schema":{"@context":"https:\/\/schema.org","@graph":[{"@type":"WebPage","@id":"https:\/\/prochaska.eu\/ro\/produs\/unitate-de-cablare-toro-rainsensor\/","url":"https:\/\/prochaska.eu\/ro\/produs\/unitate-de-cablare-toro-rainsensor\/","name":"Unitate de cablare TORO RainSensor\u2122 - Prochaska","isPartOf":{"@id":"https:\/\/prochaska.eu\/ro\/#website"},"primaryImageOfPage":{"@id":"https:\/\/prochaska.eu\/ro\/produs\/unitate-de-cablare-toro-rainsensor\/#primaryimage"},"image":{"@id":"https:\/\/prochaska.eu\/ro\/produs\/unitate-de-cablare-toro-rainsensor\/#primaryimage"},"thumbnailUrl":"https:\/\/prochaska.eu\/wp-content\/uploads\/2024\/06\/verdrahteter-RainSensor.jpg","datePublished":"2017-08-04T14:42:43+00:00","breadcrumb":{"@id":"https:\/\/prochaska.eu\/ro\/produs\/unitate-de-cablare-toro-rainsensor\/#breadcrumb"},"inLanguage":"ro-RO","potentialAction":[{"@type":"ReadAction","target":["https:\/\/prochaska.eu\/ro\/produs\/unitate-de-cablare-toro-rainsensor\/"]}]},{"@type":"ImageObject","inLanguage":"ro-RO","@id":"https:\/\/prochaska.eu\/ro\/produs\/unitate-de-cablare-toro-rainsensor\/#primaryimage","url":"https:\/\/prochaska.eu\/wp-content\/uploads\/2024\/06\/verdrahteter-RainSensor.jpg","contentUrl":"https:\/\/prochaska.eu\/wp-content\/uploads\/2024\/06\/verdrahteter-RainSensor.jpg","width":1440,"height":1440,"caption":"senzor de ploaie cu fir toro"},{"@type":"BreadcrumbList","@id":"https:\/\/prochaska.eu\/ro\/produs\/unitate-de-cablare-toro-rainsensor\/#breadcrumb","itemListElement":[{"@type":"ListItem","position":1,"name":"Home","item":"https:\/\/prochaska.eu\/ro\/"},{"@type":"ListItem","position":2,"name":"Shop","item":"https:\/\/prochaska.eu\/ro\/shop\/"},{"@type":"ListItem","position":3,"name":"Unitate de cablare TORO RainSensor\u2122"}]},{"@type":"WebSite","@id":"https:\/\/prochaska.eu\/ro\/#website","url":"https:\/\/prochaska.eu\/ro\/","name":"Prochaska","description":"Spezialist f\u00fcr Pflege von Gr\u00fcnfl\u00e4chen","publisher":{"@id":"https:\/\/prochaska.eu\/ro\/#organization"},"potentialAction":[{"@type":"SearchAction","target":{"@type":"EntryPoint","urlTemplate":"https:\/\/prochaska.eu\/ro\/?s={search_term_string}"},"query-input":{"@type":"PropertyValueSpecification","valueRequired":true,"valueName":"search_term_string"}}],"inLanguage":"ro-RO"},{"@type":"Organization","@id":"https:\/\/prochaska.eu\/ro\/#organization","name":"Prochaska","url":"https:\/\/prochaska.eu\/ro\/","logo":{"@type":"ImageObject","inLanguage":"ro-RO","@id":"https:\/\/prochaska.eu\/ro\/#\/schema\/logo\/image\/","url":"https:\/\/prochaska.eu\/wp-content\/uploads\/2024\/04\/Prochaska_Logo_Black-1.png","contentUrl":"https:\/\/prochaska.eu\/wp-content\/uploads\/2024\/04\/Prochaska_Logo_Black-1.png","width":796,"height":236,"caption":"Prochaska"},"image":{"@id":"https:\/\/prochaska.eu\/ro\/#\/schema\/logo\/image\/"},"sameAs":["https:\/\/www.facebook.com\/prochaska.eu\/","https:\/\/www.instagram.com\/prochaska.eu\/","https:\/\/www.linkedin.com\/company\/prochaska-handels-gmbh"]}]}},"brands":[{"id":3073,"name":"Toro","slug":"toro-ro"}],"_links":{"self":[{"href":"https:\/\/prochaska.eu\/ro\/wp-json\/wp\/v2\/product\/25609","targetHints":{"allow":["GET"]}}],"collection":[{"href":"https:\/\/prochaska.eu\/ro\/wp-json\/wp\/v2\/product"}],"about":[{"href":"https:\/\/prochaska.eu\/ro\/wp-json\/wp\/v2\/types\/product"}],"version-history":[{"count":0,"href":"https:\/\/prochaska.eu\/ro\/wp-json\/wp\/v2\/product\/25609\/revisions"}],"wp:featuredmedia":[{"embeddable":true,"href":"https:\/\/prochaska.eu\/ro\/wp-json\/wp\/v2\/media\/21102"}],"wp:attachment":[{"href":"https:\/\/prochaska.eu\/ro\/wp-json\/wp\/v2\/media?parent=25609"}],"wp:term":[{"taxonomy":"pwb-brand","embeddable":true,"href":"https:\/\/prochaska.eu\/ro\/wp-json\/wp\/v2\/pwb-brand?post=25609"},{"taxonomy":"product_brand","embeddable":true,"href":"https:\/\/prochaska.eu\/ro\/wp-json\/wp\/v2\/product_brand?post=25609"},{"taxonomy":"product_cat","embeddable":true,"href":"https:\/\/prochaska.eu\/ro\/wp-json\/wp\/v2\/product_cat?post=25609"},{"taxonomy":"product_tag","embeddable":true,"href":"https:\/\/prochaska.eu\/ro\/wp-json\/wp\/v2\/product_tag?post=25609"}],"curies":[{"name":"wp","href":"https:\/\/api.w.org\/{rel}","templated":true}]}}