{"id":25635,"date":"2017-08-04T14:42:38","date_gmt":"2017-08-04T14:42:38","guid":{"rendered":"https:\/\/prochaska.eu\/product\/tub-de-picurare-16mm-cu-picuratoare-integrate-pu-100m\/"},"modified":"2017-08-04T14:42:38","modified_gmt":"2017-08-04T14:42:38","slug":"tub-de-picurare-16mm-cu-picuratoare-integrate-pu-100m","status":"publish","type":"product","link":"https:\/\/prochaska.eu\/ro\/produs\/tub-de-picurare-16mm-cu-picuratoare-integrate-pu-100m\/","title":{"rendered":"Tub de picurare 16mm cu picur\u0103toare integrate (PU 100m)"},"content":{"rendered":"<ul>\n<li>Debit 2 l\/h<\/li>\n<li>Distan\u021ba dintre picur\u0103toare 30 cm<\/li>\n<li>Culoare: maro<\/li>\n<li>Unitate de v\u00e2nzare: 100 m<\/li>\n<\/ul>\n","protected":false},"excerpt":{"rendered":"<p>Debit 2 l\/h; distan\u021b\u0103 \u00eentre picur\u0103tori 30 cm, maro (unitate de v\u00e2nzare 100m)<\/p>\n","protected":false},"featured_media":0,"template":"","meta":[],"pwb-brand":[],"product_brand":[],"product_cat":[2486,2562],"product_tag":[],"class_list":{"0":"post-25635","1":"product","2":"type-product","3":"status-publish","5":"product_cat-irigare-ro","6":"product_cat-irigare-prin-picurare-si-supape-solenoide","8":"first","9":"instock","10":"taxable","11":"shipping-taxable","12":"product-type-simple"},"yoast_head":"<!-- This site is optimized with the Yoast SEO plugin v27.4 - https:\/\/yoast.com\/product\/yoast-seo-wordpress\/ -->\n<title>Tub de picurare 16mm cu picur\u0103toare integrate (PU 100m) - Prochaska<\/title>\n<meta name=\"robots\" content=\"index, follow, max-snippet:-1, max-image-preview:large, max-video-preview:-1\" \/>\n<link rel=\"canonical\" href=\"https:\/\/prochaska.eu\/ro\/produs\/tub-de-picurare-16mm-cu-picuratoare-integrate-pu-100m\/\" \/>\n<meta property=\"og:locale\" content=\"ro_RO\" \/>\n<meta property=\"og:type\" content=\"article\" \/>\n<meta property=\"og:title\" content=\"Tub de picurare 16mm cu picur\u0103toare integrate (PU 100m) - Prochaska\" \/>\n<meta property=\"og:description\" content=\"Debit 2 l\/h; distan\u021b\u0103 \u00eentre picur\u0103tori 30 cm, maro (unitate de v\u00e2nzare 100m)\" \/>\n<meta property=\"og:url\" content=\"https:\/\/prochaska.eu\/ro\/produs\/tub-de-picurare-16mm-cu-picuratoare-integrate-pu-100m\/\" \/>\n<meta property=\"og:site_name\" content=\"Prochaska\" \/>\n<meta property=\"article:publisher\" content=\"https:\/\/www.facebook.com\/prochaska.eu\/\" \/>\n<meta name=\"twitter:card\" content=\"summary_large_image\" \/>\n<script type=\"application\/ld+json\" class=\"yoast-schema-graph\">{\"@context\":\"https:\\\/\\\/schema.org\",\"@graph\":[{\"@type\":\"WebPage\",\"@id\":\"https:\\\/\\\/prochaska.eu\\\/ro\\\/produs\\\/tub-de-picurare-16mm-cu-picuratoare-integrate-pu-100m\\\/\",\"url\":\"https:\\\/\\\/prochaska.eu\\\/ro\\\/produs\\\/tub-de-picurare-16mm-cu-picuratoare-integrate-pu-100m\\\/\",\"name\":\"Tub de picurare 16mm cu picur\u0103toare integrate (PU 100m) - Prochaska\",\"isPartOf\":{\"@id\":\"https:\\\/\\\/prochaska.eu\\\/ro\\\/#website\"},\"datePublished\":\"2017-08-04T14:42:38+00:00\",\"breadcrumb\":{\"@id\":\"https:\\\/\\\/prochaska.eu\\\/ro\\\/produs\\\/tub-de-picurare-16mm-cu-picuratoare-integrate-pu-100m\\\/#breadcrumb\"},\"inLanguage\":\"ro-RO\",\"potentialAction\":[{\"@type\":\"ReadAction\",\"target\":[\"https:\\\/\\\/prochaska.eu\\\/ro\\\/produs\\\/tub-de-picurare-16mm-cu-picuratoare-integrate-pu-100m\\\/\"]}]},{\"@type\":\"BreadcrumbList\",\"@id\":\"https:\\\/\\\/prochaska.eu\\\/ro\\\/produs\\\/tub-de-picurare-16mm-cu-picuratoare-integrate-pu-100m\\\/#breadcrumb\",\"itemListElement\":[{\"@type\":\"ListItem\",\"position\":1,\"name\":\"Home\",\"item\":\"https:\\\/\\\/prochaska.eu\\\/ro\\\/\"},{\"@type\":\"ListItem\",\"position\":2,\"name\":\"Shop\",\"item\":\"https:\\\/\\\/prochaska.eu\\\/ro\\\/shop\\\/\"},{\"@type\":\"ListItem\",\"position\":3,\"name\":\"Tub de picurare 16mm cu picur\u0103toare integrate (PU 100m)\"}]},{\"@type\":\"WebSite\",\"@id\":\"https:\\\/\\\/prochaska.eu\\\/ro\\\/#website\",\"url\":\"https:\\\/\\\/prochaska.eu\\\/ro\\\/\",\"name\":\"Prochaska\",\"description\":\"Spezialist f\u00fcr Pflege von Gr\u00fcnfl\u00e4chen\",\"publisher\":{\"@id\":\"https:\\\/\\\/prochaska.eu\\\/ro\\\/#organization\"},\"potentialAction\":[{\"@type\":\"SearchAction\",\"target\":{\"@type\":\"EntryPoint\",\"urlTemplate\":\"https:\\\/\\\/prochaska.eu\\\/ro\\\/?s={search_term_string}\"},\"query-input\":{\"@type\":\"PropertyValueSpecification\",\"valueRequired\":true,\"valueName\":\"search_term_string\"}}],\"inLanguage\":\"ro-RO\"},{\"@type\":\"Organization\",\"@id\":\"https:\\\/\\\/prochaska.eu\\\/ro\\\/#organization\",\"name\":\"Prochaska\",\"url\":\"https:\\\/\\\/prochaska.eu\\\/ro\\\/\",\"logo\":{\"@type\":\"ImageObject\",\"inLanguage\":\"ro-RO\",\"@id\":\"https:\\\/\\\/prochaska.eu\\\/ro\\\/#\\\/schema\\\/logo\\\/image\\\/\",\"url\":\"https:\\\/\\\/prochaska.eu\\\/wp-content\\\/uploads\\\/2024\\\/04\\\/Prochaska_Logo_Black-1.png\",\"contentUrl\":\"https:\\\/\\\/prochaska.eu\\\/wp-content\\\/uploads\\\/2024\\\/04\\\/Prochaska_Logo_Black-1.png\",\"width\":796,\"height\":236,\"caption\":\"Prochaska\"},\"image\":{\"@id\":\"https:\\\/\\\/prochaska.eu\\\/ro\\\/#\\\/schema\\\/logo\\\/image\\\/\"},\"sameAs\":[\"https:\\\/\\\/www.facebook.com\\\/prochaska.eu\\\/\",\"https:\\\/\\\/www.instagram.com\\\/prochaska.eu\\\/\",\"https:\\\/\\\/www.linkedin.com\\\/company\\\/prochaska-handels-gmbh\"]}]}<\/script>\n<!-- \/ Yoast SEO plugin. -->","yoast_head_json":{"title":"Tub de picurare 16mm cu picur\u0103toare integrate (PU 100m) - Prochaska","robots":{"index":"index","follow":"follow","max-snippet":"max-snippet:-1","max-image-preview":"max-image-preview:large","max-video-preview":"max-video-preview:-1"},"canonical":"https:\/\/prochaska.eu\/ro\/produs\/tub-de-picurare-16mm-cu-picuratoare-integrate-pu-100m\/","og_locale":"ro_RO","og_type":"article","og_title":"Tub de picurare 16mm cu picur\u0103toare integrate (PU 100m) - Prochaska","og_description":"Debit 2 l\/h; distan\u021b\u0103 \u00eentre picur\u0103tori 30 cm, maro (unitate de v\u00e2nzare 100m)","og_url":"https:\/\/prochaska.eu\/ro\/produs\/tub-de-picurare-16mm-cu-picuratoare-integrate-pu-100m\/","og_site_name":"Prochaska","article_publisher":"https:\/\/www.facebook.com\/prochaska.eu\/","twitter_card":"summary_large_image","schema":{"@context":"https:\/\/schema.org","@graph":[{"@type":"WebPage","@id":"https:\/\/prochaska.eu\/ro\/produs\/tub-de-picurare-16mm-cu-picuratoare-integrate-pu-100m\/","url":"https:\/\/prochaska.eu\/ro\/produs\/tub-de-picurare-16mm-cu-picuratoare-integrate-pu-100m\/","name":"Tub de picurare 16mm cu picur\u0103toare integrate (PU 100m) - Prochaska","isPartOf":{"@id":"https:\/\/prochaska.eu\/ro\/#website"},"datePublished":"2017-08-04T14:42:38+00:00","breadcrumb":{"@id":"https:\/\/prochaska.eu\/ro\/produs\/tub-de-picurare-16mm-cu-picuratoare-integrate-pu-100m\/#breadcrumb"},"inLanguage":"ro-RO","potentialAction":[{"@type":"ReadAction","target":["https:\/\/prochaska.eu\/ro\/produs\/tub-de-picurare-16mm-cu-picuratoare-integrate-pu-100m\/"]}]},{"@type":"BreadcrumbList","@id":"https:\/\/prochaska.eu\/ro\/produs\/tub-de-picurare-16mm-cu-picuratoare-integrate-pu-100m\/#breadcrumb","itemListElement":[{"@type":"ListItem","position":1,"name":"Home","item":"https:\/\/prochaska.eu\/ro\/"},{"@type":"ListItem","position":2,"name":"Shop","item":"https:\/\/prochaska.eu\/ro\/shop\/"},{"@type":"ListItem","position":3,"name":"Tub de picurare 16mm cu picur\u0103toare integrate (PU 100m)"}]},{"@type":"WebSite","@id":"https:\/\/prochaska.eu\/ro\/#website","url":"https:\/\/prochaska.eu\/ro\/","name":"Prochaska","description":"Spezialist f\u00fcr Pflege von Gr\u00fcnfl\u00e4chen","publisher":{"@id":"https:\/\/prochaska.eu\/ro\/#organization"},"potentialAction":[{"@type":"SearchAction","target":{"@type":"EntryPoint","urlTemplate":"https:\/\/prochaska.eu\/ro\/?s={search_term_string}"},"query-input":{"@type":"PropertyValueSpecification","valueRequired":true,"valueName":"search_term_string"}}],"inLanguage":"ro-RO"},{"@type":"Organization","@id":"https:\/\/prochaska.eu\/ro\/#organization","name":"Prochaska","url":"https:\/\/prochaska.eu\/ro\/","logo":{"@type":"ImageObject","inLanguage":"ro-RO","@id":"https:\/\/prochaska.eu\/ro\/#\/schema\/logo\/image\/","url":"https:\/\/prochaska.eu\/wp-content\/uploads\/2024\/04\/Prochaska_Logo_Black-1.png","contentUrl":"https:\/\/prochaska.eu\/wp-content\/uploads\/2024\/04\/Prochaska_Logo_Black-1.png","width":796,"height":236,"caption":"Prochaska"},"image":{"@id":"https:\/\/prochaska.eu\/ro\/#\/schema\/logo\/image\/"},"sameAs":["https:\/\/www.facebook.com\/prochaska.eu\/","https:\/\/www.instagram.com\/prochaska.eu\/","https:\/\/www.linkedin.com\/company\/prochaska-handels-gmbh"]}]}},"brands":[],"_links":{"self":[{"href":"https:\/\/prochaska.eu\/ro\/wp-json\/wp\/v2\/product\/25635","targetHints":{"allow":["GET"]}}],"collection":[{"href":"https:\/\/prochaska.eu\/ro\/wp-json\/wp\/v2\/product"}],"about":[{"href":"https:\/\/prochaska.eu\/ro\/wp-json\/wp\/v2\/types\/product"}],"version-history":[{"count":0,"href":"https:\/\/prochaska.eu\/ro\/wp-json\/wp\/v2\/product\/25635\/revisions"}],"wp:attachment":[{"href":"https:\/\/prochaska.eu\/ro\/wp-json\/wp\/v2\/media?parent=25635"}],"wp:term":[{"taxonomy":"pwb-brand","embeddable":true,"href":"https:\/\/prochaska.eu\/ro\/wp-json\/wp\/v2\/pwb-brand?post=25635"},{"taxonomy":"product_brand","embeddable":true,"href":"https:\/\/prochaska.eu\/ro\/wp-json\/wp\/v2\/product_brand?post=25635"},{"taxonomy":"product_cat","embeddable":true,"href":"https:\/\/prochaska.eu\/ro\/wp-json\/wp\/v2\/product_cat?post=25635"},{"taxonomy":"product_tag","embeddable":true,"href":"https:\/\/prochaska.eu\/ro\/wp-json\/wp\/v2\/product_tag?post=25635"}],"curies":[{"name":"wp","href":"https:\/\/api.w.org\/{rel}","templated":true}]}}