{"id":25667,"date":"2017-08-04T14:42:46","date_gmt":"2017-08-04T14:42:46","guid":{"rendered":"https:\/\/prochaska.eu\/product\/toro-zeroturn-timecutter-zs4200t-74687\/"},"modified":"2017-08-04T14:42:46","modified_gmt":"2017-08-04T14:42:46","slug":"toro-zeroturn-timecutter-zs4200t-74687","status":"publish","type":"product","link":"https:\/\/prochaska.eu\/ro\/produs\/toro-zeroturn-timecutter-zs4200t-74687\/","title":{"rendered":"Toro &#8211; ZeroTurn &#8211; TimeCutter &#8211; ZS4200T &#8211; 74687"},"content":{"rendered":"<p style=\"text-align: left;\">Ma\u0219ina de tuns iarba cu tura\u021bie zero Toro TimeCutter ZS 4200T este fiabil\u0103, stabil\u0103 \u0219i u\u0219or de controlat. Cu o l\u0103\u021bime de t\u0103iere de 107 cm, ma\u0219ina de tuns iarba cu plimbare este potrivit\u0103 pentru suprafe\u021be de p\u00e2n\u0103 la 7.000 m\u00b2. Func\u021bia Smart Speed faciliteaz\u0103 selectarea din trei game de viteze: Tunderea, remorcarea sau cositul fac condusul mai u\u0219or. Manetele de control fac ca ma\u0219ina de tuns iarba s\u0103 fie u\u0219or \u0219i intuitiv de utilizat. Pentru ghidare, suporturile trebuie doar deplasate \u00eenainte \u0219i \u00eenapoi. Motocoasa cu tura\u021bie zero este echipat\u0103 cu un motor Toro V-Twin de 708 cm\u00b3 \u0219i dou\u0103 hidrostate. Volumul recipientului de colectare a boabelor este deosebit de mare, de 227 de litri, ceea ce reduce timpii mor\u021bi.<\/p>\n<h2 style=\"text-align: left;\">Beneficiile produsului<\/h2>\n<ul>\n<li>L\u0103\u021bime de t\u0103iere de 107 cm pentru suprafe\u021be de p\u00e2n\u0103 la 7.000 m\u00b2<\/li>\n<li>Func\u021bia Smart Speed pentru selectarea a trei game de viteze<\/li>\n<li>Manet\u0103 de direc\u021bie pentru controlul intuitiv al aparatului<\/li>\n<li>Motor de \u00eenalt\u0103 calitate pentru utilizare profesional\u0103<\/li>\n<li>Co\u0219 de colectare cu volum mare de 227 litri<\/li>\n<\/ul>\n<h2 style=\"text-align: left;\">Accesorii op\u021bionale<\/h2>\n<ul>\n<li style=\"text-align: left;\"><a href=\"https:\/\/www.prochaska.eu\/produkt\/toro-ersatzmesster-zeroturn-107cm-74684-74686-74690\/\">Cu\u021bit de schimb Toro Atomic 107 cm<\/a><\/li>\n<li><a href=\"https:\/\/www.prochaska.eu\/produkt\/deluxe-abdeckhaube-zeroturn\/\">Capac Toro Zero Turn Mic<\/a><\/li>\n<\/ul>\n<p>&nbsp;<\/p>\n<p><iframe title=\"Get The Best Cut Lawn with a Toro\u00ae TimeCutter\u00ae Zero Turn\" width=\"800\" height=\"450\" src=\"https:\/\/www.youtube.com\/embed\/Rnf_MVAqTlM?feature=oembed\" frameborder=\"0\" allow=\"accelerometer; autoplay; clipboard-write; encrypted-media; gyroscope; picture-in-picture; web-share\" referrerpolicy=\"strict-origin-when-cross-origin\" allowfullscreen><\/iframe><\/p>\n<p>&nbsp;<\/p>\n","protected":false},"excerpt":{"rendered":"<p>Ma\u0219ina de tuns iarba cu plimbare Toro TimeCutter ZS 4200T este at\u00e2t de mic\u0103 \u00eenc\u00e2t poate economisi p\u00e2n\u0103 la 45% din timpul de cosit.<\/p>\n","protected":false},"featured_media":21111,"template":"","meta":[],"pwb-brand":[3073],"product_brand":[],"product_cat":[1149,1298],"product_tag":[],"class_list":{"0":"post-25667","1":"product","2":"type-product","3":"status-publish","4":"has-post-thumbnail","6":"pwb-brand-toro-ro","7":"product_cat-cositoare-de-gazon","8":"product_cat-zero-viraje-ro-2","10":"first","11":"instock","12":"taxable","13":"shipping-taxable","14":"purchasable","15":"product-type-variable"},"yoast_head":"<!-- This site is optimized with the Yoast SEO plugin v27.4 - https:\/\/yoast.com\/product\/yoast-seo-wordpress\/ -->\n<title>Toro - ZeroTurn - TimeCutter - ZS4200T - 74687 - Prochaska<\/title>\n<meta name=\"robots\" content=\"index, follow, max-snippet:-1, max-image-preview:large, max-video-preview:-1\" \/>\n<link rel=\"canonical\" href=\"https:\/\/prochaska.eu\/ro\/produs\/toro-zeroturn-timecutter-zs4200t-74687\/\" \/>\n<meta property=\"og:locale\" content=\"ro_RO\" \/>\n<meta property=\"og:type\" content=\"article\" \/>\n<meta property=\"og:title\" content=\"Toro - ZeroTurn - TimeCutter - ZS4200T - 74687 - Prochaska\" \/>\n<meta property=\"og:description\" content=\"Ma\u0219ina de tuns iarba cu plimbare Toro TimeCutter ZS 4200T este at\u00e2t de mic\u0103 \u00eenc\u00e2t poate economisi p\u00e2n\u0103 la 45% din timpul de cosit.\" \/>\n<meta property=\"og:url\" content=\"https:\/\/prochaska.eu\/ro\/produs\/toro-zeroturn-timecutter-zs4200t-74687\/\" \/>\n<meta property=\"og:site_name\" content=\"Prochaska\" \/>\n<meta property=\"article:publisher\" content=\"https:\/\/www.facebook.com\/prochaska.eu\/\" \/>\n<meta property=\"og:image\" content=\"https:\/\/prochaska.eu\/wp-content\/uploads\/2024\/06\/zeroturn-toro-ZS-4200T-prochaska-74687.jpg\" \/>\n\t<meta property=\"og:image:width\" content=\"1440\" \/>\n\t<meta property=\"og:image:height\" content=\"1440\" \/>\n\t<meta property=\"og:image:type\" content=\"image\/jpeg\" \/>\n<meta name=\"twitter:card\" content=\"summary_large_image\" \/>\n<meta name=\"twitter:label1\" content=\"Timp estimat pentru citire\" \/>\n\t<meta name=\"twitter:data1\" content=\"1 minut\" \/>\n<script type=\"application\/ld+json\" class=\"yoast-schema-graph\">{\"@context\":\"https:\\\/\\\/schema.org\",\"@graph\":[{\"@type\":\"WebPage\",\"@id\":\"https:\\\/\\\/prochaska.eu\\\/ro\\\/produs\\\/toro-zeroturn-timecutter-zs4200t-74687\\\/\",\"url\":\"https:\\\/\\\/prochaska.eu\\\/ro\\\/produs\\\/toro-zeroturn-timecutter-zs4200t-74687\\\/\",\"name\":\"Toro - ZeroTurn - TimeCutter - ZS4200T - 74687 - Prochaska\",\"isPartOf\":{\"@id\":\"https:\\\/\\\/prochaska.eu\\\/ro\\\/#website\"},\"primaryImageOfPage\":{\"@id\":\"https:\\\/\\\/prochaska.eu\\\/ro\\\/produs\\\/toro-zeroturn-timecutter-zs4200t-74687\\\/#primaryimage\"},\"image\":{\"@id\":\"https:\\\/\\\/prochaska.eu\\\/ro\\\/produs\\\/toro-zeroturn-timecutter-zs4200t-74687\\\/#primaryimage\"},\"thumbnailUrl\":\"https:\\\/\\\/prochaska.eu\\\/wp-content\\\/uploads\\\/2024\\\/06\\\/zeroturn-toro-ZS-4200T-prochaska-74687.jpg\",\"datePublished\":\"2017-08-04T14:42:46+00:00\",\"breadcrumb\":{\"@id\":\"https:\\\/\\\/prochaska.eu\\\/ro\\\/produs\\\/toro-zeroturn-timecutter-zs4200t-74687\\\/#breadcrumb\"},\"inLanguage\":\"ro-RO\",\"potentialAction\":[{\"@type\":\"ReadAction\",\"target\":[\"https:\\\/\\\/prochaska.eu\\\/ro\\\/produs\\\/toro-zeroturn-timecutter-zs4200t-74687\\\/\"]}]},{\"@type\":\"ImageObject\",\"inLanguage\":\"ro-RO\",\"@id\":\"https:\\\/\\\/prochaska.eu\\\/ro\\\/produs\\\/toro-zeroturn-timecutter-zs4200t-74687\\\/#primaryimage\",\"url\":\"https:\\\/\\\/prochaska.eu\\\/wp-content\\\/uploads\\\/2024\\\/06\\\/zeroturn-toro-ZS-4200T-prochaska-74687.jpg\",\"contentUrl\":\"https:\\\/\\\/prochaska.eu\\\/wp-content\\\/uploads\\\/2024\\\/06\\\/zeroturn-toro-ZS-4200T-prochaska-74687.jpg\",\"width\":1440,\"height\":1440},{\"@type\":\"BreadcrumbList\",\"@id\":\"https:\\\/\\\/prochaska.eu\\\/ro\\\/produs\\\/toro-zeroturn-timecutter-zs4200t-74687\\\/#breadcrumb\",\"itemListElement\":[{\"@type\":\"ListItem\",\"position\":1,\"name\":\"Home\",\"item\":\"https:\\\/\\\/prochaska.eu\\\/ro\\\/\"},{\"@type\":\"ListItem\",\"position\":2,\"name\":\"Shop\",\"item\":\"https:\\\/\\\/prochaska.eu\\\/ro\\\/shop\\\/\"},{\"@type\":\"ListItem\",\"position\":3,\"name\":\"Toro &#8211; ZeroTurn &#8211; TimeCutter &#8211; ZS4200T &#8211; 74687\"}]},{\"@type\":\"WebSite\",\"@id\":\"https:\\\/\\\/prochaska.eu\\\/ro\\\/#website\",\"url\":\"https:\\\/\\\/prochaska.eu\\\/ro\\\/\",\"name\":\"Prochaska\",\"description\":\"Spezialist f\u00fcr Pflege von Gr\u00fcnfl\u00e4chen\",\"publisher\":{\"@id\":\"https:\\\/\\\/prochaska.eu\\\/ro\\\/#organization\"},\"potentialAction\":[{\"@type\":\"SearchAction\",\"target\":{\"@type\":\"EntryPoint\",\"urlTemplate\":\"https:\\\/\\\/prochaska.eu\\\/ro\\\/?s={search_term_string}\"},\"query-input\":{\"@type\":\"PropertyValueSpecification\",\"valueRequired\":true,\"valueName\":\"search_term_string\"}}],\"inLanguage\":\"ro-RO\"},{\"@type\":\"Organization\",\"@id\":\"https:\\\/\\\/prochaska.eu\\\/ro\\\/#organization\",\"name\":\"Prochaska\",\"url\":\"https:\\\/\\\/prochaska.eu\\\/ro\\\/\",\"logo\":{\"@type\":\"ImageObject\",\"inLanguage\":\"ro-RO\",\"@id\":\"https:\\\/\\\/prochaska.eu\\\/ro\\\/#\\\/schema\\\/logo\\\/image\\\/\",\"url\":\"https:\\\/\\\/prochaska.eu\\\/wp-content\\\/uploads\\\/2024\\\/04\\\/Prochaska_Logo_Black-1.png\",\"contentUrl\":\"https:\\\/\\\/prochaska.eu\\\/wp-content\\\/uploads\\\/2024\\\/04\\\/Prochaska_Logo_Black-1.png\",\"width\":796,\"height\":236,\"caption\":\"Prochaska\"},\"image\":{\"@id\":\"https:\\\/\\\/prochaska.eu\\\/ro\\\/#\\\/schema\\\/logo\\\/image\\\/\"},\"sameAs\":[\"https:\\\/\\\/www.facebook.com\\\/prochaska.eu\\\/\",\"https:\\\/\\\/www.instagram.com\\\/prochaska.eu\\\/\",\"https:\\\/\\\/www.linkedin.com\\\/company\\\/prochaska-handels-gmbh\"]}]}<\/script>\n<!-- \/ Yoast SEO plugin. -->","yoast_head_json":{"title":"Toro - ZeroTurn - TimeCutter - ZS4200T - 74687 - Prochaska","robots":{"index":"index","follow":"follow","max-snippet":"max-snippet:-1","max-image-preview":"max-image-preview:large","max-video-preview":"max-video-preview:-1"},"canonical":"https:\/\/prochaska.eu\/ro\/produs\/toro-zeroturn-timecutter-zs4200t-74687\/","og_locale":"ro_RO","og_type":"article","og_title":"Toro - ZeroTurn - TimeCutter - ZS4200T - 74687 - Prochaska","og_description":"Ma\u0219ina de tuns iarba cu plimbare Toro TimeCutter ZS 4200T este at\u00e2t de mic\u0103 \u00eenc\u00e2t poate economisi p\u00e2n\u0103 la 45% din timpul de cosit.","og_url":"https:\/\/prochaska.eu\/ro\/produs\/toro-zeroturn-timecutter-zs4200t-74687\/","og_site_name":"Prochaska","article_publisher":"https:\/\/www.facebook.com\/prochaska.eu\/","og_image":[{"width":1440,"height":1440,"url":"https:\/\/prochaska.eu\/wp-content\/uploads\/2024\/06\/zeroturn-toro-ZS-4200T-prochaska-74687.jpg","type":"image\/jpeg"}],"twitter_card":"summary_large_image","twitter_misc":{"Timp estimat pentru citire":"1 minut"},"schema":{"@context":"https:\/\/schema.org","@graph":[{"@type":"WebPage","@id":"https:\/\/prochaska.eu\/ro\/produs\/toro-zeroturn-timecutter-zs4200t-74687\/","url":"https:\/\/prochaska.eu\/ro\/produs\/toro-zeroturn-timecutter-zs4200t-74687\/","name":"Toro - ZeroTurn - TimeCutter - ZS4200T - 74687 - Prochaska","isPartOf":{"@id":"https:\/\/prochaska.eu\/ro\/#website"},"primaryImageOfPage":{"@id":"https:\/\/prochaska.eu\/ro\/produs\/toro-zeroturn-timecutter-zs4200t-74687\/#primaryimage"},"image":{"@id":"https:\/\/prochaska.eu\/ro\/produs\/toro-zeroturn-timecutter-zs4200t-74687\/#primaryimage"},"thumbnailUrl":"https:\/\/prochaska.eu\/wp-content\/uploads\/2024\/06\/zeroturn-toro-ZS-4200T-prochaska-74687.jpg","datePublished":"2017-08-04T14:42:46+00:00","breadcrumb":{"@id":"https:\/\/prochaska.eu\/ro\/produs\/toro-zeroturn-timecutter-zs4200t-74687\/#breadcrumb"},"inLanguage":"ro-RO","potentialAction":[{"@type":"ReadAction","target":["https:\/\/prochaska.eu\/ro\/produs\/toro-zeroturn-timecutter-zs4200t-74687\/"]}]},{"@type":"ImageObject","inLanguage":"ro-RO","@id":"https:\/\/prochaska.eu\/ro\/produs\/toro-zeroturn-timecutter-zs4200t-74687\/#primaryimage","url":"https:\/\/prochaska.eu\/wp-content\/uploads\/2024\/06\/zeroturn-toro-ZS-4200T-prochaska-74687.jpg","contentUrl":"https:\/\/prochaska.eu\/wp-content\/uploads\/2024\/06\/zeroturn-toro-ZS-4200T-prochaska-74687.jpg","width":1440,"height":1440},{"@type":"BreadcrumbList","@id":"https:\/\/prochaska.eu\/ro\/produs\/toro-zeroturn-timecutter-zs4200t-74687\/#breadcrumb","itemListElement":[{"@type":"ListItem","position":1,"name":"Home","item":"https:\/\/prochaska.eu\/ro\/"},{"@type":"ListItem","position":2,"name":"Shop","item":"https:\/\/prochaska.eu\/ro\/shop\/"},{"@type":"ListItem","position":3,"name":"Toro &#8211; ZeroTurn &#8211; TimeCutter &#8211; ZS4200T &#8211; 74687"}]},{"@type":"WebSite","@id":"https:\/\/prochaska.eu\/ro\/#website","url":"https:\/\/prochaska.eu\/ro\/","name":"Prochaska","description":"Spezialist f\u00fcr Pflege von Gr\u00fcnfl\u00e4chen","publisher":{"@id":"https:\/\/prochaska.eu\/ro\/#organization"},"potentialAction":[{"@type":"SearchAction","target":{"@type":"EntryPoint","urlTemplate":"https:\/\/prochaska.eu\/ro\/?s={search_term_string}"},"query-input":{"@type":"PropertyValueSpecification","valueRequired":true,"valueName":"search_term_string"}}],"inLanguage":"ro-RO"},{"@type":"Organization","@id":"https:\/\/prochaska.eu\/ro\/#organization","name":"Prochaska","url":"https:\/\/prochaska.eu\/ro\/","logo":{"@type":"ImageObject","inLanguage":"ro-RO","@id":"https:\/\/prochaska.eu\/ro\/#\/schema\/logo\/image\/","url":"https:\/\/prochaska.eu\/wp-content\/uploads\/2024\/04\/Prochaska_Logo_Black-1.png","contentUrl":"https:\/\/prochaska.eu\/wp-content\/uploads\/2024\/04\/Prochaska_Logo_Black-1.png","width":796,"height":236,"caption":"Prochaska"},"image":{"@id":"https:\/\/prochaska.eu\/ro\/#\/schema\/logo\/image\/"},"sameAs":["https:\/\/www.facebook.com\/prochaska.eu\/","https:\/\/www.instagram.com\/prochaska.eu\/","https:\/\/www.linkedin.com\/company\/prochaska-handels-gmbh"]}]}},"brands":[{"id":3073,"name":"Toro","slug":"toro-ro"}],"_links":{"self":[{"href":"https:\/\/prochaska.eu\/ro\/wp-json\/wp\/v2\/product\/25667","targetHints":{"allow":["GET"]}}],"collection":[{"href":"https:\/\/prochaska.eu\/ro\/wp-json\/wp\/v2\/product"}],"about":[{"href":"https:\/\/prochaska.eu\/ro\/wp-json\/wp\/v2\/types\/product"}],"version-history":[{"count":0,"href":"https:\/\/prochaska.eu\/ro\/wp-json\/wp\/v2\/product\/25667\/revisions"}],"wp:featuredmedia":[{"embeddable":true,"href":"https:\/\/prochaska.eu\/ro\/wp-json\/wp\/v2\/media\/21111"}],"wp:attachment":[{"href":"https:\/\/prochaska.eu\/ro\/wp-json\/wp\/v2\/media?parent=25667"}],"wp:term":[{"taxonomy":"pwb-brand","embeddable":true,"href":"https:\/\/prochaska.eu\/ro\/wp-json\/wp\/v2\/pwb-brand?post=25667"},{"taxonomy":"product_brand","embeddable":true,"href":"https:\/\/prochaska.eu\/ro\/wp-json\/wp\/v2\/product_brand?post=25667"},{"taxonomy":"product_cat","embeddable":true,"href":"https:\/\/prochaska.eu\/ro\/wp-json\/wp\/v2\/product_cat?post=25667"},{"taxonomy":"product_tag","embeddable":true,"href":"https:\/\/prochaska.eu\/ro\/wp-json\/wp\/v2\/product_tag?post=25667"}],"curies":[{"name":"wp","href":"https:\/\/api.w.org\/{rel}","templated":true}]}}