{"id":25689,"date":"2017-08-04T14:42:42","date_gmt":"2017-08-04T14:42:42","guid":{"rendered":"https:\/\/prochaska.eu\/product\/statie-meteo-toro-series-evolution-i-smart-connect-evo-ws-eu\/"},"modified":"2017-08-04T14:42:42","modified_gmt":"2017-08-04T14:42:42","slug":"statie-meteo-toro-series-evolution-i-smart-connect-evo-ws-eu","status":"publish","type":"product","link":"https:\/\/prochaska.eu\/ro\/produs\/statie-meteo-toro-series-evolution-i-smart-connect-evo-ws-eu\/","title":{"rendered":"Sta\u021bie meteo TORO Series Evolution I Smart Connect EVO-WS-EU"},"content":{"rendered":"<p>Cu ajutorul sta\u021biei meteorologice, v\u0103 pute\u021bi asigura c\u0103 gazonul dumneavoastr\u0103 prime\u0219te cantitatea potrivit\u0103 de ap\u0103 exact la momentul potrivit. Senzorul ET f\u0103r\u0103 fir calculeaz\u0103 cantitatea de ap\u0103 necesar\u0103 folosind valorile actuale ale temperaturii \u0219i ale soarelui, precum \u0219i datele istorice meteorologice. Datele colectate sunt transmise unit\u0103\u021bii de control Evolution, care, la r\u00e2ndul s\u0103u, asigur\u0103 irigarea optim\u0103.<\/p>\n<p><strong>V\u0103 rug\u0103m s\u0103 re\u021bine\u021bi c\u0103 ave\u021bi nevoie de un Smart Connector pentru a utiliza sta\u021bia meteo!<\/strong><\/p>\n","protected":false},"excerpt":{"rendered":"<p>Senzorul ET f\u0103r\u0103 fir utilizeaz\u0103 valorile actuale ale temperaturii \u0219i ale soarelui, precum \u0219i datele istorice meteorologice, pentru a calcula cantitatea de ap\u0103 necesar\u0103 pentru loca\u021bia respectiv\u0103.<\/p>\n","protected":false},"featured_media":21096,"template":"","meta":[],"pwb-brand":[3073],"product_brand":[],"product_cat":[2486,2617],"product_tag":[],"class_list":{"0":"post-25689","1":"product","2":"type-product","3":"status-publish","4":"has-post-thumbnail","6":"pwb-brand-toro-ro","7":"product_cat-irigare-ro","8":"product_cat-senzori","10":"first","11":"instock","12":"taxable","13":"shipping-taxable","14":"product-type-simple"},"yoast_head":"<!-- This site is optimized with the Yoast SEO plugin v27.4 - https:\/\/yoast.com\/product\/yoast-seo-wordpress\/ -->\n<title>Sta\u021bie meteo TORO Series Evolution I Smart Connect EVO-WS-EU - Prochaska<\/title>\n<meta name=\"robots\" content=\"index, follow, max-snippet:-1, max-image-preview:large, max-video-preview:-1\" \/>\n<link rel=\"canonical\" href=\"https:\/\/prochaska.eu\/ro\/produs\/statie-meteo-toro-series-evolution-i-smart-connect-evo-ws-eu\/\" \/>\n<meta property=\"og:locale\" content=\"ro_RO\" \/>\n<meta property=\"og:type\" content=\"article\" \/>\n<meta property=\"og:title\" content=\"Sta\u021bie meteo TORO Series Evolution I Smart Connect EVO-WS-EU - Prochaska\" \/>\n<meta property=\"og:description\" content=\"Senzorul ET f\u0103r\u0103 fir utilizeaz\u0103 valorile actuale ale temperaturii \u0219i ale soarelui, precum \u0219i datele istorice meteorologice, pentru a calcula cantitatea de ap\u0103 necesar\u0103 pentru loca\u021bia respectiv\u0103.\" \/>\n<meta property=\"og:url\" content=\"https:\/\/prochaska.eu\/ro\/produs\/statie-meteo-toro-series-evolution-i-smart-connect-evo-ws-eu\/\" \/>\n<meta property=\"og:site_name\" content=\"Prochaska\" \/>\n<meta property=\"article:publisher\" content=\"https:\/\/www.facebook.com\/prochaska.eu\/\" \/>\n<meta property=\"og:image\" content=\"https:\/\/prochaska.eu\/wp-content\/uploads\/2024\/06\/Drahtloser-RainSensor.jpg\" \/>\n\t<meta property=\"og:image:width\" content=\"1440\" \/>\n\t<meta property=\"og:image:height\" content=\"1440\" \/>\n\t<meta property=\"og:image:type\" content=\"image\/jpeg\" \/>\n<meta name=\"twitter:card\" content=\"summary_large_image\" \/>\n<script type=\"application\/ld+json\" class=\"yoast-schema-graph\">{\"@context\":\"https:\\\/\\\/schema.org\",\"@graph\":[{\"@type\":\"WebPage\",\"@id\":\"https:\\\/\\\/prochaska.eu\\\/ro\\\/produs\\\/statie-meteo-toro-series-evolution-i-smart-connect-evo-ws-eu\\\/\",\"url\":\"https:\\\/\\\/prochaska.eu\\\/ro\\\/produs\\\/statie-meteo-toro-series-evolution-i-smart-connect-evo-ws-eu\\\/\",\"name\":\"Sta\u021bie meteo TORO Series Evolution I Smart Connect EVO-WS-EU - Prochaska\",\"isPartOf\":{\"@id\":\"https:\\\/\\\/prochaska.eu\\\/ro\\\/#website\"},\"primaryImageOfPage\":{\"@id\":\"https:\\\/\\\/prochaska.eu\\\/ro\\\/produs\\\/statie-meteo-toro-series-evolution-i-smart-connect-evo-ws-eu\\\/#primaryimage\"},\"image\":{\"@id\":\"https:\\\/\\\/prochaska.eu\\\/ro\\\/produs\\\/statie-meteo-toro-series-evolution-i-smart-connect-evo-ws-eu\\\/#primaryimage\"},\"thumbnailUrl\":\"https:\\\/\\\/prochaska.eu\\\/wp-content\\\/uploads\\\/2024\\\/06\\\/Drahtloser-RainSensor.jpg\",\"datePublished\":\"2017-08-04T14:42:42+00:00\",\"breadcrumb\":{\"@id\":\"https:\\\/\\\/prochaska.eu\\\/ro\\\/produs\\\/statie-meteo-toro-series-evolution-i-smart-connect-evo-ws-eu\\\/#breadcrumb\"},\"inLanguage\":\"ro-RO\",\"potentialAction\":[{\"@type\":\"ReadAction\",\"target\":[\"https:\\\/\\\/prochaska.eu\\\/ro\\\/produs\\\/statie-meteo-toro-series-evolution-i-smart-connect-evo-ws-eu\\\/\"]}]},{\"@type\":\"ImageObject\",\"inLanguage\":\"ro-RO\",\"@id\":\"https:\\\/\\\/prochaska.eu\\\/ro\\\/produs\\\/statie-meteo-toro-series-evolution-i-smart-connect-evo-ws-eu\\\/#primaryimage\",\"url\":\"https:\\\/\\\/prochaska.eu\\\/wp-content\\\/uploads\\\/2024\\\/06\\\/Drahtloser-RainSensor.jpg\",\"contentUrl\":\"https:\\\/\\\/prochaska.eu\\\/wp-content\\\/uploads\\\/2024\\\/06\\\/Drahtloser-RainSensor.jpg\",\"width\":1440,\"height\":1440,\"caption\":\"Senzor de ploaie f\u0103r\u0103 fir Toro\"},{\"@type\":\"BreadcrumbList\",\"@id\":\"https:\\\/\\\/prochaska.eu\\\/ro\\\/produs\\\/statie-meteo-toro-series-evolution-i-smart-connect-evo-ws-eu\\\/#breadcrumb\",\"itemListElement\":[{\"@type\":\"ListItem\",\"position\":1,\"name\":\"Home\",\"item\":\"https:\\\/\\\/prochaska.eu\\\/ro\\\/\"},{\"@type\":\"ListItem\",\"position\":2,\"name\":\"Shop\",\"item\":\"https:\\\/\\\/prochaska.eu\\\/ro\\\/shop\\\/\"},{\"@type\":\"ListItem\",\"position\":3,\"name\":\"Sta\u021bie meteo TORO Series Evolution I Smart Connect EVO-WS-EU\"}]},{\"@type\":\"WebSite\",\"@id\":\"https:\\\/\\\/prochaska.eu\\\/ro\\\/#website\",\"url\":\"https:\\\/\\\/prochaska.eu\\\/ro\\\/\",\"name\":\"Prochaska\",\"description\":\"Spezialist f\u00fcr Pflege von Gr\u00fcnfl\u00e4chen\",\"publisher\":{\"@id\":\"https:\\\/\\\/prochaska.eu\\\/ro\\\/#organization\"},\"potentialAction\":[{\"@type\":\"SearchAction\",\"target\":{\"@type\":\"EntryPoint\",\"urlTemplate\":\"https:\\\/\\\/prochaska.eu\\\/ro\\\/?s={search_term_string}\"},\"query-input\":{\"@type\":\"PropertyValueSpecification\",\"valueRequired\":true,\"valueName\":\"search_term_string\"}}],\"inLanguage\":\"ro-RO\"},{\"@type\":\"Organization\",\"@id\":\"https:\\\/\\\/prochaska.eu\\\/ro\\\/#organization\",\"name\":\"Prochaska\",\"url\":\"https:\\\/\\\/prochaska.eu\\\/ro\\\/\",\"logo\":{\"@type\":\"ImageObject\",\"inLanguage\":\"ro-RO\",\"@id\":\"https:\\\/\\\/prochaska.eu\\\/ro\\\/#\\\/schema\\\/logo\\\/image\\\/\",\"url\":\"https:\\\/\\\/prochaska.eu\\\/wp-content\\\/uploads\\\/2024\\\/04\\\/Prochaska_Logo_Black-1.png\",\"contentUrl\":\"https:\\\/\\\/prochaska.eu\\\/wp-content\\\/uploads\\\/2024\\\/04\\\/Prochaska_Logo_Black-1.png\",\"width\":796,\"height\":236,\"caption\":\"Prochaska\"},\"image\":{\"@id\":\"https:\\\/\\\/prochaska.eu\\\/ro\\\/#\\\/schema\\\/logo\\\/image\\\/\"},\"sameAs\":[\"https:\\\/\\\/www.facebook.com\\\/prochaska.eu\\\/\",\"https:\\\/\\\/www.instagram.com\\\/prochaska.eu\\\/\",\"https:\\\/\\\/www.linkedin.com\\\/company\\\/prochaska-handels-gmbh\"]}]}<\/script>\n<!-- \/ Yoast SEO plugin. -->","yoast_head_json":{"title":"Sta\u021bie meteo TORO Series Evolution I Smart Connect EVO-WS-EU - Prochaska","robots":{"index":"index","follow":"follow","max-snippet":"max-snippet:-1","max-image-preview":"max-image-preview:large","max-video-preview":"max-video-preview:-1"},"canonical":"https:\/\/prochaska.eu\/ro\/produs\/statie-meteo-toro-series-evolution-i-smart-connect-evo-ws-eu\/","og_locale":"ro_RO","og_type":"article","og_title":"Sta\u021bie meteo TORO Series Evolution I Smart Connect EVO-WS-EU - Prochaska","og_description":"Senzorul ET f\u0103r\u0103 fir utilizeaz\u0103 valorile actuale ale temperaturii \u0219i ale soarelui, precum \u0219i datele istorice meteorologice, pentru a calcula cantitatea de ap\u0103 necesar\u0103 pentru loca\u021bia respectiv\u0103.","og_url":"https:\/\/prochaska.eu\/ro\/produs\/statie-meteo-toro-series-evolution-i-smart-connect-evo-ws-eu\/","og_site_name":"Prochaska","article_publisher":"https:\/\/www.facebook.com\/prochaska.eu\/","og_image":[{"width":1440,"height":1440,"url":"https:\/\/prochaska.eu\/wp-content\/uploads\/2024\/06\/Drahtloser-RainSensor.jpg","type":"image\/jpeg"}],"twitter_card":"summary_large_image","schema":{"@context":"https:\/\/schema.org","@graph":[{"@type":"WebPage","@id":"https:\/\/prochaska.eu\/ro\/produs\/statie-meteo-toro-series-evolution-i-smart-connect-evo-ws-eu\/","url":"https:\/\/prochaska.eu\/ro\/produs\/statie-meteo-toro-series-evolution-i-smart-connect-evo-ws-eu\/","name":"Sta\u021bie meteo TORO Series Evolution I Smart Connect EVO-WS-EU - Prochaska","isPartOf":{"@id":"https:\/\/prochaska.eu\/ro\/#website"},"primaryImageOfPage":{"@id":"https:\/\/prochaska.eu\/ro\/produs\/statie-meteo-toro-series-evolution-i-smart-connect-evo-ws-eu\/#primaryimage"},"image":{"@id":"https:\/\/prochaska.eu\/ro\/produs\/statie-meteo-toro-series-evolution-i-smart-connect-evo-ws-eu\/#primaryimage"},"thumbnailUrl":"https:\/\/prochaska.eu\/wp-content\/uploads\/2024\/06\/Drahtloser-RainSensor.jpg","datePublished":"2017-08-04T14:42:42+00:00","breadcrumb":{"@id":"https:\/\/prochaska.eu\/ro\/produs\/statie-meteo-toro-series-evolution-i-smart-connect-evo-ws-eu\/#breadcrumb"},"inLanguage":"ro-RO","potentialAction":[{"@type":"ReadAction","target":["https:\/\/prochaska.eu\/ro\/produs\/statie-meteo-toro-series-evolution-i-smart-connect-evo-ws-eu\/"]}]},{"@type":"ImageObject","inLanguage":"ro-RO","@id":"https:\/\/prochaska.eu\/ro\/produs\/statie-meteo-toro-series-evolution-i-smart-connect-evo-ws-eu\/#primaryimage","url":"https:\/\/prochaska.eu\/wp-content\/uploads\/2024\/06\/Drahtloser-RainSensor.jpg","contentUrl":"https:\/\/prochaska.eu\/wp-content\/uploads\/2024\/06\/Drahtloser-RainSensor.jpg","width":1440,"height":1440,"caption":"Senzor de ploaie f\u0103r\u0103 fir Toro"},{"@type":"BreadcrumbList","@id":"https:\/\/prochaska.eu\/ro\/produs\/statie-meteo-toro-series-evolution-i-smart-connect-evo-ws-eu\/#breadcrumb","itemListElement":[{"@type":"ListItem","position":1,"name":"Home","item":"https:\/\/prochaska.eu\/ro\/"},{"@type":"ListItem","position":2,"name":"Shop","item":"https:\/\/prochaska.eu\/ro\/shop\/"},{"@type":"ListItem","position":3,"name":"Sta\u021bie meteo TORO Series Evolution I Smart Connect EVO-WS-EU"}]},{"@type":"WebSite","@id":"https:\/\/prochaska.eu\/ro\/#website","url":"https:\/\/prochaska.eu\/ro\/","name":"Prochaska","description":"Spezialist f\u00fcr Pflege von Gr\u00fcnfl\u00e4chen","publisher":{"@id":"https:\/\/prochaska.eu\/ro\/#organization"},"potentialAction":[{"@type":"SearchAction","target":{"@type":"EntryPoint","urlTemplate":"https:\/\/prochaska.eu\/ro\/?s={search_term_string}"},"query-input":{"@type":"PropertyValueSpecification","valueRequired":true,"valueName":"search_term_string"}}],"inLanguage":"ro-RO"},{"@type":"Organization","@id":"https:\/\/prochaska.eu\/ro\/#organization","name":"Prochaska","url":"https:\/\/prochaska.eu\/ro\/","logo":{"@type":"ImageObject","inLanguage":"ro-RO","@id":"https:\/\/prochaska.eu\/ro\/#\/schema\/logo\/image\/","url":"https:\/\/prochaska.eu\/wp-content\/uploads\/2024\/04\/Prochaska_Logo_Black-1.png","contentUrl":"https:\/\/prochaska.eu\/wp-content\/uploads\/2024\/04\/Prochaska_Logo_Black-1.png","width":796,"height":236,"caption":"Prochaska"},"image":{"@id":"https:\/\/prochaska.eu\/ro\/#\/schema\/logo\/image\/"},"sameAs":["https:\/\/www.facebook.com\/prochaska.eu\/","https:\/\/www.instagram.com\/prochaska.eu\/","https:\/\/www.linkedin.com\/company\/prochaska-handels-gmbh"]}]}},"brands":[{"id":3073,"name":"Toro","slug":"toro-ro"}],"_links":{"self":[{"href":"https:\/\/prochaska.eu\/ro\/wp-json\/wp\/v2\/product\/25689","targetHints":{"allow":["GET"]}}],"collection":[{"href":"https:\/\/prochaska.eu\/ro\/wp-json\/wp\/v2\/product"}],"about":[{"href":"https:\/\/prochaska.eu\/ro\/wp-json\/wp\/v2\/types\/product"}],"version-history":[{"count":0,"href":"https:\/\/prochaska.eu\/ro\/wp-json\/wp\/v2\/product\/25689\/revisions"}],"wp:featuredmedia":[{"embeddable":true,"href":"https:\/\/prochaska.eu\/ro\/wp-json\/wp\/v2\/media\/21096"}],"wp:attachment":[{"href":"https:\/\/prochaska.eu\/ro\/wp-json\/wp\/v2\/media?parent=25689"}],"wp:term":[{"taxonomy":"pwb-brand","embeddable":true,"href":"https:\/\/prochaska.eu\/ro\/wp-json\/wp\/v2\/pwb-brand?post=25689"},{"taxonomy":"product_brand","embeddable":true,"href":"https:\/\/prochaska.eu\/ro\/wp-json\/wp\/v2\/product_brand?post=25689"},{"taxonomy":"product_cat","embeddable":true,"href":"https:\/\/prochaska.eu\/ro\/wp-json\/wp\/v2\/product_cat?post=25689"},{"taxonomy":"product_tag","embeddable":true,"href":"https:\/\/prochaska.eu\/ro\/wp-json\/wp\/v2\/product_tag?post=25689"}],"curies":[{"name":"wp","href":"https:\/\/api.w.org\/{rel}","templated":true}]}}