{"id":25691,"date":"2017-08-04T14:42:48","date_gmt":"2017-08-04T14:42:48","guid":{"rendered":"https:\/\/prochaska.eu\/product\/toro-cositoare-cu-seceratoare-z-master-professional-7000\/"},"modified":"2017-08-04T14:42:48","modified_gmt":"2017-08-04T14:42:48","slug":"toro-cositoare-cu-seceratoare-z-master-professional-7000","status":"publish","type":"product","link":"https:\/\/prochaska.eu\/ro\/produs\/toro-cositoare-cu-seceratoare-z-master-professional-7000\/","title":{"rendered":"Toro &#8211; Cositoare cu secer\u0103toare &#8211; Z-Master Professional 7000"},"content":{"rendered":"<p style=\"text-align: left;\">Motocoasa rotativ\u0103 avansat\u0103 cu tura\u021bie zero <a href=\"https:\/\/www.prochaska.eu\/toro\/\">Toro<\/a> Z-Master Professional 7000 v\u0103 ofer\u0103 puterea de care ave\u021bi nevoie pentru a face fa\u021b\u0103 celor mai dificile lucr\u0103ri de cosit. Seria Z Master combin\u0103 durabilitatea profesional\u0103 cu rezisten\u021ba \u0219i confortul remarcabile. Astfel, echipa dvs. r\u0103m\u00e2ne productiv\u0103 pe tot parcursul zilei.<\/p>\n<p style=\"text-align: left;\">Cositoarele din seria Professional 7000 au un cuplu suplimentar pentru condi\u021bii extreme. Motoarele diesel \u00eencorporate \u0219i construc\u021bia extrem de durabil\u0103 le fac ideale pentru a face fa\u021b\u0103 sarcinilor deosebit de grele.<\/p>\n<h2><strong>Tehnologia de cosit Turbo Force<\/strong><\/h2>\n<ul>\n<li>Carcasa din o\u021bel de \u00eenalt\u0103 rezisten\u021b\u0103 rezist\u0103 \u00een mod optim la deterior\u0103rile cauzate de impact.<\/li>\n<li>Bara de protec\u021bie robust\u0103 cu protec\u021bie la coliziune protejeaz\u0103 \u00eempotriva impacturilor frontale.<\/li>\n<li>Lamele de t\u0103iere fixe garanteaz\u0103 o t\u0103iere mai plan\u0103 \u0219i mai ascu\u021bit\u0103.<\/li>\n<li>Cel mai robust ax din industrie poate rezista perfect la impacturi.<\/li>\n<\/ul>\n<p>Seria Z-Master Professional 7000 include 3 modele care difer\u0103 fie prin l\u0103\u021bimea de t\u0103iere (132-152 cm), fie prin tehnologia de evacuare (evacuare lateral\u0103 \/ evacuare din spate).<\/p>\n<h2>Model 1 (74264TE):<\/h2>\n<ul>\n<li>L\u0103\u021bime de t\u0103iere: 132 cm<\/li>\n<li>Cositoare cu evacuare lateral\u0103 TURBO FORCE<\/li>\n<\/ul>\n<h2>Model 2 (74265TE):<\/h2>\n<ul>\n<li>L\u0103\u021bime de t\u0103iere: 152 cm<\/li>\n<li>Cositoare cu evacuare lateral\u0103 TURBO FORCE<\/li>\n<\/ul>\n<h2>Model 3 (74279TE):<\/h2>\n<ul>\n<li>L\u0103\u021bime de t\u0103iere: 132 cm<\/li>\n<li>Ejec\u021bie spate<\/li>\n<\/ul>\n<h2>La fel pentru toate modelele:<\/h2>\n<ul>\n<li>Motor diesel Kubota de 17,15 kW (23 CP) r\u0103cit cu ap\u0103<\/li>\n<li>Cele mai bune fusuri din industrie<\/li>\n<li>Plac\u0103 deflectoare patentat\u0103, reglabil\u0103<\/li>\n<li>Un model de t\u0103iere plat \u0219i ascu\u021bit cu cu\u021bite de precizie<\/li>\n<li>Viteza de cosire: p\u00e2n\u0103 la 18 km\/h<\/li>\n<li>Protec\u021bie rabatabil\u0103 \u00eempotriva r\u0103sturn\u0103rii<\/li>\n<li>Convenabil \u0219i confortabil<\/li>\n<\/ul>\n<h2>Accesorii op\u021bionale<\/h2>\n<ul>\n<li>Kit de reciclare 132 cm (107-1610)<\/li>\n<li>Kit de reciclare 152 cm (107-1611)<\/li>\n<li>Acoperi\u0219 de soare pliabil (115-4510)<\/li>\n<li>Kit de iluminare (107-9880)<\/li>\n<li>Kit de benzi (108-2162)<\/li>\n<li>Hus\u0103 pentru scaun (117-0095)<\/li>\n<\/ul>\n","protected":false},"excerpt":{"rendered":"<p>Seria Z Master Professional 7000 de la <a href=\"https:\/\/www.prochaska.eu\/toro\/\">Toro<\/a> combin\u0103 durabilitatea profesional\u0103 cu puterea \u0219i confortul remarcabile. Aceast\u0103 cositoare din seria Professional 7000 este potrivit\u0103 pentru condi\u021bii extreme, cu un cuplu suplimentar.<\/p>\n","protected":false},"featured_media":21126,"template":"","meta":[],"pwb-brand":[3073],"product_brand":[],"product_cat":[1522,1521],"product_tag":[],"class_list":{"0":"post-25691","1":"product","2":"type-product","3":"status-publish","4":"has-post-thumbnail","6":"pwb-brand-toro-ro","7":"product_cat-cositoare","8":"product_cat-municipal-terenuri-de-sport-si-agricultura","10":"first","11":"instock","12":"taxable","13":"shipping-taxable","14":"product-type-simple"},"yoast_head":"<!-- This site is optimized with the Yoast SEO plugin v27.5 - https:\/\/yoast.com\/product\/yoast-seo-wordpress\/ -->\n<title>Toro - Cositoare cu secer\u0103toare - Z-Master Professional 7000 - Prochaska<\/title>\n<meta name=\"robots\" content=\"index, follow, max-snippet:-1, max-image-preview:large, max-video-preview:-1\" \/>\n<link rel=\"canonical\" href=\"https:\/\/prochaska.eu\/ro\/produs\/toro-cositoare-cu-seceratoare-z-master-professional-7000\/\" \/>\n<meta property=\"og:locale\" content=\"ro_RO\" \/>\n<meta property=\"og:type\" content=\"article\" \/>\n<meta property=\"og:title\" content=\"Toro - Cositoare cu secer\u0103toare - Z-Master Professional 7000 - Prochaska\" \/>\n<meta property=\"og:description\" content=\"Seria Z Master Professional 7000 de la Toro combin\u0103 durabilitatea profesional\u0103 cu puterea \u0219i confortul remarcabile. Aceast\u0103 cositoare din seria Professional 7000 este potrivit\u0103 pentru condi\u021bii extreme, cu un cuplu suplimentar.\" \/>\n<meta property=\"og:url\" content=\"https:\/\/prochaska.eu\/ro\/produs\/toro-cositoare-cu-seceratoare-z-master-professional-7000\/\" \/>\n<meta property=\"og:site_name\" content=\"Prochaska\" \/>\n<meta property=\"article:publisher\" content=\"https:\/\/www.facebook.com\/prochaska.eu\/\" \/>\n<meta property=\"og:image\" content=\"https:\/\/prochaska.eu\/wp-content\/uploads\/2024\/06\/sichelmaeher-toro-zmaster-professional7000-prochaska-b1.jpg\" \/>\n\t<meta property=\"og:image:width\" content=\"1440\" \/>\n\t<meta property=\"og:image:height\" content=\"1440\" \/>\n\t<meta property=\"og:image:type\" content=\"image\/jpeg\" \/>\n<meta name=\"twitter:card\" content=\"summary_large_image\" \/>\n<meta name=\"twitter:label1\" content=\"Timp estimat pentru citire\" \/>\n\t<meta name=\"twitter:data1\" content=\"1 minut\" \/>\n<script type=\"application\/ld+json\" class=\"yoast-schema-graph\">{\"@context\":\"https:\\\/\\\/schema.org\",\"@graph\":[{\"@type\":\"WebPage\",\"@id\":\"https:\\\/\\\/prochaska.eu\\\/ro\\\/produs\\\/toro-cositoare-cu-seceratoare-z-master-professional-7000\\\/\",\"url\":\"https:\\\/\\\/prochaska.eu\\\/ro\\\/produs\\\/toro-cositoare-cu-seceratoare-z-master-professional-7000\\\/\",\"name\":\"Toro - Cositoare cu secer\u0103toare - Z-Master Professional 7000 - Prochaska\",\"isPartOf\":{\"@id\":\"https:\\\/\\\/prochaska.eu\\\/ro\\\/#website\"},\"primaryImageOfPage\":{\"@id\":\"https:\\\/\\\/prochaska.eu\\\/ro\\\/produs\\\/toro-cositoare-cu-seceratoare-z-master-professional-7000\\\/#primaryimage\"},\"image\":{\"@id\":\"https:\\\/\\\/prochaska.eu\\\/ro\\\/produs\\\/toro-cositoare-cu-seceratoare-z-master-professional-7000\\\/#primaryimage\"},\"thumbnailUrl\":\"https:\\\/\\\/prochaska.eu\\\/wp-content\\\/uploads\\\/2024\\\/06\\\/sichelmaeher-toro-zmaster-professional7000-prochaska-b1.jpg\",\"datePublished\":\"2017-08-04T14:42:48+00:00\",\"breadcrumb\":{\"@id\":\"https:\\\/\\\/prochaska.eu\\\/ro\\\/produs\\\/toro-cositoare-cu-seceratoare-z-master-professional-7000\\\/#breadcrumb\"},\"inLanguage\":\"ro-RO\",\"potentialAction\":[{\"@type\":\"ReadAction\",\"target\":[\"https:\\\/\\\/prochaska.eu\\\/ro\\\/produs\\\/toro-cositoare-cu-seceratoare-z-master-professional-7000\\\/\"]}]},{\"@type\":\"ImageObject\",\"inLanguage\":\"ro-RO\",\"@id\":\"https:\\\/\\\/prochaska.eu\\\/ro\\\/produs\\\/toro-cositoare-cu-seceratoare-z-master-professional-7000\\\/#primaryimage\",\"url\":\"https:\\\/\\\/prochaska.eu\\\/wp-content\\\/uploads\\\/2024\\\/06\\\/sichelmaeher-toro-zmaster-professional7000-prochaska-b1.jpg\",\"contentUrl\":\"https:\\\/\\\/prochaska.eu\\\/wp-content\\\/uploads\\\/2024\\\/06\\\/sichelmaeher-toro-zmaster-professional7000-prochaska-b1.jpg\",\"width\":1440,\"height\":1440},{\"@type\":\"BreadcrumbList\",\"@id\":\"https:\\\/\\\/prochaska.eu\\\/ro\\\/produs\\\/toro-cositoare-cu-seceratoare-z-master-professional-7000\\\/#breadcrumb\",\"itemListElement\":[{\"@type\":\"ListItem\",\"position\":1,\"name\":\"Home\",\"item\":\"https:\\\/\\\/prochaska.eu\\\/ro\\\/\"},{\"@type\":\"ListItem\",\"position\":2,\"name\":\"Shop\",\"item\":\"https:\\\/\\\/prochaska.eu\\\/ro\\\/shop\\\/\"},{\"@type\":\"ListItem\",\"position\":3,\"name\":\"Toro &#8211; Cositoare cu secer\u0103toare &#8211; Z-Master Professional 7000\"}]},{\"@type\":\"WebSite\",\"@id\":\"https:\\\/\\\/prochaska.eu\\\/ro\\\/#website\",\"url\":\"https:\\\/\\\/prochaska.eu\\\/ro\\\/\",\"name\":\"Prochaska\",\"description\":\"Spezialist f\u00fcr Pflege von Gr\u00fcnfl\u00e4chen\",\"publisher\":{\"@id\":\"https:\\\/\\\/prochaska.eu\\\/ro\\\/#organization\"},\"potentialAction\":[{\"@type\":\"SearchAction\",\"target\":{\"@type\":\"EntryPoint\",\"urlTemplate\":\"https:\\\/\\\/prochaska.eu\\\/ro\\\/?s={search_term_string}\"},\"query-input\":{\"@type\":\"PropertyValueSpecification\",\"valueRequired\":true,\"valueName\":\"search_term_string\"}}],\"inLanguage\":\"ro-RO\"},{\"@type\":\"Organization\",\"@id\":\"https:\\\/\\\/prochaska.eu\\\/ro\\\/#organization\",\"name\":\"Prochaska\",\"url\":\"https:\\\/\\\/prochaska.eu\\\/ro\\\/\",\"logo\":{\"@type\":\"ImageObject\",\"inLanguage\":\"ro-RO\",\"@id\":\"https:\\\/\\\/prochaska.eu\\\/ro\\\/#\\\/schema\\\/logo\\\/image\\\/\",\"url\":\"https:\\\/\\\/prochaska.eu\\\/wp-content\\\/uploads\\\/2024\\\/04\\\/Prochaska_Logo_Black-1.png\",\"contentUrl\":\"https:\\\/\\\/prochaska.eu\\\/wp-content\\\/uploads\\\/2024\\\/04\\\/Prochaska_Logo_Black-1.png\",\"width\":796,\"height\":236,\"caption\":\"Prochaska\"},\"image\":{\"@id\":\"https:\\\/\\\/prochaska.eu\\\/ro\\\/#\\\/schema\\\/logo\\\/image\\\/\"},\"sameAs\":[\"https:\\\/\\\/www.facebook.com\\\/prochaska.eu\\\/\",\"https:\\\/\\\/www.instagram.com\\\/prochaska.eu\\\/\",\"https:\\\/\\\/www.linkedin.com\\\/company\\\/prochaska-handels-gmbh\"]}]}<\/script>\n<!-- \/ Yoast SEO plugin. -->","yoast_head_json":{"title":"Toro - Cositoare cu secer\u0103toare - Z-Master Professional 7000 - Prochaska","robots":{"index":"index","follow":"follow","max-snippet":"max-snippet:-1","max-image-preview":"max-image-preview:large","max-video-preview":"max-video-preview:-1"},"canonical":"https:\/\/prochaska.eu\/ro\/produs\/toro-cositoare-cu-seceratoare-z-master-professional-7000\/","og_locale":"ro_RO","og_type":"article","og_title":"Toro - Cositoare cu secer\u0103toare - Z-Master Professional 7000 - Prochaska","og_description":"Seria Z Master Professional 7000 de la Toro combin\u0103 durabilitatea profesional\u0103 cu puterea \u0219i confortul remarcabile. Aceast\u0103 cositoare din seria Professional 7000 este potrivit\u0103 pentru condi\u021bii extreme, cu un cuplu suplimentar.","og_url":"https:\/\/prochaska.eu\/ro\/produs\/toro-cositoare-cu-seceratoare-z-master-professional-7000\/","og_site_name":"Prochaska","article_publisher":"https:\/\/www.facebook.com\/prochaska.eu\/","og_image":[{"width":1440,"height":1440,"url":"https:\/\/prochaska.eu\/wp-content\/uploads\/2024\/06\/sichelmaeher-toro-zmaster-professional7000-prochaska-b1.jpg","type":"image\/jpeg"}],"twitter_card":"summary_large_image","twitter_misc":{"Timp estimat pentru citire":"1 minut"},"schema":{"@context":"https:\/\/schema.org","@graph":[{"@type":"WebPage","@id":"https:\/\/prochaska.eu\/ro\/produs\/toro-cositoare-cu-seceratoare-z-master-professional-7000\/","url":"https:\/\/prochaska.eu\/ro\/produs\/toro-cositoare-cu-seceratoare-z-master-professional-7000\/","name":"Toro - Cositoare cu secer\u0103toare - Z-Master Professional 7000 - Prochaska","isPartOf":{"@id":"https:\/\/prochaska.eu\/ro\/#website"},"primaryImageOfPage":{"@id":"https:\/\/prochaska.eu\/ro\/produs\/toro-cositoare-cu-seceratoare-z-master-professional-7000\/#primaryimage"},"image":{"@id":"https:\/\/prochaska.eu\/ro\/produs\/toro-cositoare-cu-seceratoare-z-master-professional-7000\/#primaryimage"},"thumbnailUrl":"https:\/\/prochaska.eu\/wp-content\/uploads\/2024\/06\/sichelmaeher-toro-zmaster-professional7000-prochaska-b1.jpg","datePublished":"2017-08-04T14:42:48+00:00","breadcrumb":{"@id":"https:\/\/prochaska.eu\/ro\/produs\/toro-cositoare-cu-seceratoare-z-master-professional-7000\/#breadcrumb"},"inLanguage":"ro-RO","potentialAction":[{"@type":"ReadAction","target":["https:\/\/prochaska.eu\/ro\/produs\/toro-cositoare-cu-seceratoare-z-master-professional-7000\/"]}]},{"@type":"ImageObject","inLanguage":"ro-RO","@id":"https:\/\/prochaska.eu\/ro\/produs\/toro-cositoare-cu-seceratoare-z-master-professional-7000\/#primaryimage","url":"https:\/\/prochaska.eu\/wp-content\/uploads\/2024\/06\/sichelmaeher-toro-zmaster-professional7000-prochaska-b1.jpg","contentUrl":"https:\/\/prochaska.eu\/wp-content\/uploads\/2024\/06\/sichelmaeher-toro-zmaster-professional7000-prochaska-b1.jpg","width":1440,"height":1440},{"@type":"BreadcrumbList","@id":"https:\/\/prochaska.eu\/ro\/produs\/toro-cositoare-cu-seceratoare-z-master-professional-7000\/#breadcrumb","itemListElement":[{"@type":"ListItem","position":1,"name":"Home","item":"https:\/\/prochaska.eu\/ro\/"},{"@type":"ListItem","position":2,"name":"Shop","item":"https:\/\/prochaska.eu\/ro\/shop\/"},{"@type":"ListItem","position":3,"name":"Toro &#8211; Cositoare cu secer\u0103toare &#8211; Z-Master Professional 7000"}]},{"@type":"WebSite","@id":"https:\/\/prochaska.eu\/ro\/#website","url":"https:\/\/prochaska.eu\/ro\/","name":"Prochaska","description":"Spezialist f\u00fcr Pflege von Gr\u00fcnfl\u00e4chen","publisher":{"@id":"https:\/\/prochaska.eu\/ro\/#organization"},"potentialAction":[{"@type":"SearchAction","target":{"@type":"EntryPoint","urlTemplate":"https:\/\/prochaska.eu\/ro\/?s={search_term_string}"},"query-input":{"@type":"PropertyValueSpecification","valueRequired":true,"valueName":"search_term_string"}}],"inLanguage":"ro-RO"},{"@type":"Organization","@id":"https:\/\/prochaska.eu\/ro\/#organization","name":"Prochaska","url":"https:\/\/prochaska.eu\/ro\/","logo":{"@type":"ImageObject","inLanguage":"ro-RO","@id":"https:\/\/prochaska.eu\/ro\/#\/schema\/logo\/image\/","url":"https:\/\/prochaska.eu\/wp-content\/uploads\/2024\/04\/Prochaska_Logo_Black-1.png","contentUrl":"https:\/\/prochaska.eu\/wp-content\/uploads\/2024\/04\/Prochaska_Logo_Black-1.png","width":796,"height":236,"caption":"Prochaska"},"image":{"@id":"https:\/\/prochaska.eu\/ro\/#\/schema\/logo\/image\/"},"sameAs":["https:\/\/www.facebook.com\/prochaska.eu\/","https:\/\/www.instagram.com\/prochaska.eu\/","https:\/\/www.linkedin.com\/company\/prochaska-handels-gmbh"]}]}},"brands":[{"id":3073,"name":"Toro","slug":"toro-ro"}],"_links":{"self":[{"href":"https:\/\/prochaska.eu\/ro\/wp-json\/wp\/v2\/product\/25691","targetHints":{"allow":["GET"]}}],"collection":[{"href":"https:\/\/prochaska.eu\/ro\/wp-json\/wp\/v2\/product"}],"about":[{"href":"https:\/\/prochaska.eu\/ro\/wp-json\/wp\/v2\/types\/product"}],"version-history":[{"count":0,"href":"https:\/\/prochaska.eu\/ro\/wp-json\/wp\/v2\/product\/25691\/revisions"}],"wp:featuredmedia":[{"embeddable":true,"href":"https:\/\/prochaska.eu\/ro\/wp-json\/wp\/v2\/media\/21126"}],"wp:attachment":[{"href":"https:\/\/prochaska.eu\/ro\/wp-json\/wp\/v2\/media?parent=25691"}],"wp:term":[{"taxonomy":"pwb-brand","embeddable":true,"href":"https:\/\/prochaska.eu\/ro\/wp-json\/wp\/v2\/pwb-brand?post=25691"},{"taxonomy":"product_brand","embeddable":true,"href":"https:\/\/prochaska.eu\/ro\/wp-json\/wp\/v2\/product_brand?post=25691"},{"taxonomy":"product_cat","embeddable":true,"href":"https:\/\/prochaska.eu\/ro\/wp-json\/wp\/v2\/product_cat?post=25691"},{"taxonomy":"product_tag","embeddable":true,"href":"https:\/\/prochaska.eu\/ro\/wp-json\/wp\/v2\/product_tag?post=25691"}],"curies":[{"name":"wp","href":"https:\/\/api.w.org\/{rel}","templated":true}]}}