{"id":25696,"date":"2017-08-04T14:42:43","date_gmt":"2017-08-04T14:42:43","guid":{"rendered":"https:\/\/prochaska.eu\/product\/toro-rainsensor-fara-fir\/"},"modified":"2017-08-04T14:42:43","modified_gmt":"2017-08-04T14:42:43","slug":"toro-rainsensor-fara-fir","status":"publish","type":"product","link":"https:\/\/prochaska.eu\/ro\/produs\/toro-rainsensor-fara-fir\/","title":{"rendered":"TORO RainSensor\u2122 f\u0103r\u0103 fir"},"content":{"rendered":"<p>Nu exist\u0103 cabluri. Nu este o circumstan\u021b\u0103. Detectarea ploii pur \u0219i simplu fiabil\u0103, cu economie optim\u0103 de ap\u0103. Tehnologia inovatoare f\u0103r\u0103 fir Toro\u00ae ofer\u0103 caracteristici intuitive \u0219i avansate care v\u0103 permit s\u0103 reac\u021biona\u021bi rapid la ploaie.<\/p>\n<h2><strong>Caracteristici \u0219i beneficii<\/strong><\/h2>\n<ul>\n<li>\n<h3><strong>Bypass inteligent\u2122<br \/>\n<\/strong><\/h3>\n<p>Permite ca sistemul s\u0103 fie anulat \u0219i resetat automat.<\/li>\n<li>\n<h3><strong>(combina\u021bie de ploaie\/\u00eenghe\u021b)<br \/>\n<\/strong><\/h3>\n<p>Cu precizie programabil\u0103 digital &#8211; o premier\u0103 \u00een industrie &#8211; oprirea \u00eenghe\u021bului poate fi setat\u0103 de la 2\u00b0 la 7\u00b0C (35\u00b0 la 45\u00b0F) \u00een trepte de 0,5\u00b0C (2\u00b0F).<\/li>\n<li>\n<h3><strong>Moduri de economisire a apei<br \/>\n<\/strong><\/h3>\n<p>Moduri selectabile de economisire a apei (pentru a \u00eent\u00e2rzia reirrigarea) prin extinderea inteligent\u0103 dincolo de resetarea mecanic\u0103 \u0219i economisirea a p\u00e2n\u0103 la 30% ap\u0103 (economisirea depinde de setarea senzorului, programul de irigare \u0219i alte condi\u021bii).<\/li>\n<\/ul>\n<h2><strong>Modele<\/strong><\/h2>\n<p>TWRS-I: senzor de ploaie Toro f\u0103r\u0103 fir, 433,92 MHz<\/p>\n<p>TWRFS-I: senzor de ploaie\/\u00eenghe\u021b Toro f\u0103r\u0103 fir, 433,92 MHz<\/p>\n<p>&nbsp;<\/p>\n","protected":false},"excerpt":{"rendered":"<p>Aceast\u0103 sta\u021bie meteo permite detectarea simpl\u0103 \u0219i fiabil\u0103 a ploii pentru conservarea optim\u0103 a apei.<\/p>\n","protected":false},"featured_media":21099,"template":"","meta":[],"pwb-brand":[3073],"product_brand":[],"product_cat":[2486,2617],"product_tag":[],"class_list":{"0":"post-25696","1":"product","2":"type-product","3":"status-publish","4":"has-post-thumbnail","6":"pwb-brand-toro-ro","7":"product_cat-irigare-ro","8":"product_cat-senzori","10":"first","11":"instock","12":"taxable","13":"shipping-taxable","14":"product-type-variable"},"yoast_head":"<!-- This site is optimized with the Yoast SEO plugin v27.4 - https:\/\/yoast.com\/product\/yoast-seo-wordpress\/ -->\n<title>TORO RainSensor\u2122 f\u0103r\u0103 fir - Prochaska<\/title>\n<meta name=\"robots\" content=\"index, follow, max-snippet:-1, max-image-preview:large, max-video-preview:-1\" \/>\n<link rel=\"canonical\" href=\"https:\/\/prochaska.eu\/ro\/produs\/toro-rainsensor-fara-fir\/\" \/>\n<meta property=\"og:locale\" content=\"ro_RO\" \/>\n<meta property=\"og:type\" content=\"article\" \/>\n<meta property=\"og:title\" content=\"TORO RainSensor\u2122 f\u0103r\u0103 fir - Prochaska\" \/>\n<meta property=\"og:description\" content=\"Aceast\u0103 sta\u021bie meteo permite detectarea simpl\u0103 \u0219i fiabil\u0103 a ploii pentru conservarea optim\u0103 a apei.\" \/>\n<meta property=\"og:url\" content=\"https:\/\/prochaska.eu\/ro\/produs\/toro-rainsensor-fara-fir\/\" \/>\n<meta property=\"og:site_name\" content=\"Prochaska\" \/>\n<meta property=\"article:publisher\" content=\"https:\/\/www.facebook.com\/prochaska.eu\/\" \/>\n<meta property=\"og:image\" content=\"https:\/\/prochaska.eu\/wp-content\/uploads\/2024\/06\/twrfs-wireless-sensor.jpg\" \/>\n\t<meta property=\"og:image:width\" content=\"599\" \/>\n\t<meta property=\"og:image:height\" content=\"599\" \/>\n\t<meta property=\"og:image:type\" content=\"image\/jpeg\" \/>\n<meta name=\"twitter:card\" content=\"summary_large_image\" \/>\n<meta name=\"twitter:label1\" content=\"Timp estimat pentru citire\" \/>\n\t<meta name=\"twitter:data1\" content=\"1 minut\" \/>\n<script type=\"application\/ld+json\" class=\"yoast-schema-graph\">{\"@context\":\"https:\\\/\\\/schema.org\",\"@graph\":[{\"@type\":\"WebPage\",\"@id\":\"https:\\\/\\\/prochaska.eu\\\/ro\\\/produs\\\/toro-rainsensor-fara-fir\\\/\",\"url\":\"https:\\\/\\\/prochaska.eu\\\/ro\\\/produs\\\/toro-rainsensor-fara-fir\\\/\",\"name\":\"TORO RainSensor\u2122 f\u0103r\u0103 fir - Prochaska\",\"isPartOf\":{\"@id\":\"https:\\\/\\\/prochaska.eu\\\/ro\\\/#website\"},\"primaryImageOfPage\":{\"@id\":\"https:\\\/\\\/prochaska.eu\\\/ro\\\/produs\\\/toro-rainsensor-fara-fir\\\/#primaryimage\"},\"image\":{\"@id\":\"https:\\\/\\\/prochaska.eu\\\/ro\\\/produs\\\/toro-rainsensor-fara-fir\\\/#primaryimage\"},\"thumbnailUrl\":\"https:\\\/\\\/prochaska.eu\\\/wp-content\\\/uploads\\\/2024\\\/06\\\/twrfs-wireless-sensor.jpg\",\"datePublished\":\"2017-08-04T14:42:43+00:00\",\"breadcrumb\":{\"@id\":\"https:\\\/\\\/prochaska.eu\\\/ro\\\/produs\\\/toro-rainsensor-fara-fir\\\/#breadcrumb\"},\"inLanguage\":\"ro-RO\",\"potentialAction\":[{\"@type\":\"ReadAction\",\"target\":[\"https:\\\/\\\/prochaska.eu\\\/ro\\\/produs\\\/toro-rainsensor-fara-fir\\\/\"]}]},{\"@type\":\"ImageObject\",\"inLanguage\":\"ro-RO\",\"@id\":\"https:\\\/\\\/prochaska.eu\\\/ro\\\/produs\\\/toro-rainsensor-fara-fir\\\/#primaryimage\",\"url\":\"https:\\\/\\\/prochaska.eu\\\/wp-content\\\/uploads\\\/2024\\\/06\\\/twrfs-wireless-sensor.jpg\",\"contentUrl\":\"https:\\\/\\\/prochaska.eu\\\/wp-content\\\/uploads\\\/2024\\\/06\\\/twrfs-wireless-sensor.jpg\",\"width\":599,\"height\":599,\"caption\":\"Senzor de ploaie f\u0103r\u0103 fir Toro\"},{\"@type\":\"BreadcrumbList\",\"@id\":\"https:\\\/\\\/prochaska.eu\\\/ro\\\/produs\\\/toro-rainsensor-fara-fir\\\/#breadcrumb\",\"itemListElement\":[{\"@type\":\"ListItem\",\"position\":1,\"name\":\"Home\",\"item\":\"https:\\\/\\\/prochaska.eu\\\/ro\\\/\"},{\"@type\":\"ListItem\",\"position\":2,\"name\":\"Shop\",\"item\":\"https:\\\/\\\/prochaska.eu\\\/ro\\\/shop\\\/\"},{\"@type\":\"ListItem\",\"position\":3,\"name\":\"TORO RainSensor\u2122 f\u0103r\u0103 fir\"}]},{\"@type\":\"WebSite\",\"@id\":\"https:\\\/\\\/prochaska.eu\\\/ro\\\/#website\",\"url\":\"https:\\\/\\\/prochaska.eu\\\/ro\\\/\",\"name\":\"Prochaska\",\"description\":\"Spezialist f\u00fcr Pflege von Gr\u00fcnfl\u00e4chen\",\"publisher\":{\"@id\":\"https:\\\/\\\/prochaska.eu\\\/ro\\\/#organization\"},\"potentialAction\":[{\"@type\":\"SearchAction\",\"target\":{\"@type\":\"EntryPoint\",\"urlTemplate\":\"https:\\\/\\\/prochaska.eu\\\/ro\\\/?s={search_term_string}\"},\"query-input\":{\"@type\":\"PropertyValueSpecification\",\"valueRequired\":true,\"valueName\":\"search_term_string\"}}],\"inLanguage\":\"ro-RO\"},{\"@type\":\"Organization\",\"@id\":\"https:\\\/\\\/prochaska.eu\\\/ro\\\/#organization\",\"name\":\"Prochaska\",\"url\":\"https:\\\/\\\/prochaska.eu\\\/ro\\\/\",\"logo\":{\"@type\":\"ImageObject\",\"inLanguage\":\"ro-RO\",\"@id\":\"https:\\\/\\\/prochaska.eu\\\/ro\\\/#\\\/schema\\\/logo\\\/image\\\/\",\"url\":\"https:\\\/\\\/prochaska.eu\\\/wp-content\\\/uploads\\\/2024\\\/04\\\/Prochaska_Logo_Black-1.png\",\"contentUrl\":\"https:\\\/\\\/prochaska.eu\\\/wp-content\\\/uploads\\\/2024\\\/04\\\/Prochaska_Logo_Black-1.png\",\"width\":796,\"height\":236,\"caption\":\"Prochaska\"},\"image\":{\"@id\":\"https:\\\/\\\/prochaska.eu\\\/ro\\\/#\\\/schema\\\/logo\\\/image\\\/\"},\"sameAs\":[\"https:\\\/\\\/www.facebook.com\\\/prochaska.eu\\\/\",\"https:\\\/\\\/www.instagram.com\\\/prochaska.eu\\\/\",\"https:\\\/\\\/www.linkedin.com\\\/company\\\/prochaska-handels-gmbh\"]}]}<\/script>\n<!-- \/ Yoast SEO plugin. -->","yoast_head_json":{"title":"TORO RainSensor\u2122 f\u0103r\u0103 fir - Prochaska","robots":{"index":"index","follow":"follow","max-snippet":"max-snippet:-1","max-image-preview":"max-image-preview:large","max-video-preview":"max-video-preview:-1"},"canonical":"https:\/\/prochaska.eu\/ro\/produs\/toro-rainsensor-fara-fir\/","og_locale":"ro_RO","og_type":"article","og_title":"TORO RainSensor\u2122 f\u0103r\u0103 fir - Prochaska","og_description":"Aceast\u0103 sta\u021bie meteo permite detectarea simpl\u0103 \u0219i fiabil\u0103 a ploii pentru conservarea optim\u0103 a apei.","og_url":"https:\/\/prochaska.eu\/ro\/produs\/toro-rainsensor-fara-fir\/","og_site_name":"Prochaska","article_publisher":"https:\/\/www.facebook.com\/prochaska.eu\/","og_image":[{"width":599,"height":599,"url":"https:\/\/prochaska.eu\/wp-content\/uploads\/2024\/06\/twrfs-wireless-sensor.jpg","type":"image\/jpeg"}],"twitter_card":"summary_large_image","twitter_misc":{"Timp estimat pentru citire":"1 minut"},"schema":{"@context":"https:\/\/schema.org","@graph":[{"@type":"WebPage","@id":"https:\/\/prochaska.eu\/ro\/produs\/toro-rainsensor-fara-fir\/","url":"https:\/\/prochaska.eu\/ro\/produs\/toro-rainsensor-fara-fir\/","name":"TORO RainSensor\u2122 f\u0103r\u0103 fir - Prochaska","isPartOf":{"@id":"https:\/\/prochaska.eu\/ro\/#website"},"primaryImageOfPage":{"@id":"https:\/\/prochaska.eu\/ro\/produs\/toro-rainsensor-fara-fir\/#primaryimage"},"image":{"@id":"https:\/\/prochaska.eu\/ro\/produs\/toro-rainsensor-fara-fir\/#primaryimage"},"thumbnailUrl":"https:\/\/prochaska.eu\/wp-content\/uploads\/2024\/06\/twrfs-wireless-sensor.jpg","datePublished":"2017-08-04T14:42:43+00:00","breadcrumb":{"@id":"https:\/\/prochaska.eu\/ro\/produs\/toro-rainsensor-fara-fir\/#breadcrumb"},"inLanguage":"ro-RO","potentialAction":[{"@type":"ReadAction","target":["https:\/\/prochaska.eu\/ro\/produs\/toro-rainsensor-fara-fir\/"]}]},{"@type":"ImageObject","inLanguage":"ro-RO","@id":"https:\/\/prochaska.eu\/ro\/produs\/toro-rainsensor-fara-fir\/#primaryimage","url":"https:\/\/prochaska.eu\/wp-content\/uploads\/2024\/06\/twrfs-wireless-sensor.jpg","contentUrl":"https:\/\/prochaska.eu\/wp-content\/uploads\/2024\/06\/twrfs-wireless-sensor.jpg","width":599,"height":599,"caption":"Senzor de ploaie f\u0103r\u0103 fir Toro"},{"@type":"BreadcrumbList","@id":"https:\/\/prochaska.eu\/ro\/produs\/toro-rainsensor-fara-fir\/#breadcrumb","itemListElement":[{"@type":"ListItem","position":1,"name":"Home","item":"https:\/\/prochaska.eu\/ro\/"},{"@type":"ListItem","position":2,"name":"Shop","item":"https:\/\/prochaska.eu\/ro\/shop\/"},{"@type":"ListItem","position":3,"name":"TORO RainSensor\u2122 f\u0103r\u0103 fir"}]},{"@type":"WebSite","@id":"https:\/\/prochaska.eu\/ro\/#website","url":"https:\/\/prochaska.eu\/ro\/","name":"Prochaska","description":"Spezialist f\u00fcr Pflege von Gr\u00fcnfl\u00e4chen","publisher":{"@id":"https:\/\/prochaska.eu\/ro\/#organization"},"potentialAction":[{"@type":"SearchAction","target":{"@type":"EntryPoint","urlTemplate":"https:\/\/prochaska.eu\/ro\/?s={search_term_string}"},"query-input":{"@type":"PropertyValueSpecification","valueRequired":true,"valueName":"search_term_string"}}],"inLanguage":"ro-RO"},{"@type":"Organization","@id":"https:\/\/prochaska.eu\/ro\/#organization","name":"Prochaska","url":"https:\/\/prochaska.eu\/ro\/","logo":{"@type":"ImageObject","inLanguage":"ro-RO","@id":"https:\/\/prochaska.eu\/ro\/#\/schema\/logo\/image\/","url":"https:\/\/prochaska.eu\/wp-content\/uploads\/2024\/04\/Prochaska_Logo_Black-1.png","contentUrl":"https:\/\/prochaska.eu\/wp-content\/uploads\/2024\/04\/Prochaska_Logo_Black-1.png","width":796,"height":236,"caption":"Prochaska"},"image":{"@id":"https:\/\/prochaska.eu\/ro\/#\/schema\/logo\/image\/"},"sameAs":["https:\/\/www.facebook.com\/prochaska.eu\/","https:\/\/www.instagram.com\/prochaska.eu\/","https:\/\/www.linkedin.com\/company\/prochaska-handels-gmbh"]}]}},"brands":[{"id":3073,"name":"Toro","slug":"toro-ro"}],"_links":{"self":[{"href":"https:\/\/prochaska.eu\/ro\/wp-json\/wp\/v2\/product\/25696","targetHints":{"allow":["GET"]}}],"collection":[{"href":"https:\/\/prochaska.eu\/ro\/wp-json\/wp\/v2\/product"}],"about":[{"href":"https:\/\/prochaska.eu\/ro\/wp-json\/wp\/v2\/types\/product"}],"version-history":[{"count":0,"href":"https:\/\/prochaska.eu\/ro\/wp-json\/wp\/v2\/product\/25696\/revisions"}],"wp:featuredmedia":[{"embeddable":true,"href":"https:\/\/prochaska.eu\/ro\/wp-json\/wp\/v2\/media\/21099"}],"wp:attachment":[{"href":"https:\/\/prochaska.eu\/ro\/wp-json\/wp\/v2\/media?parent=25696"}],"wp:term":[{"taxonomy":"pwb-brand","embeddable":true,"href":"https:\/\/prochaska.eu\/ro\/wp-json\/wp\/v2\/pwb-brand?post=25696"},{"taxonomy":"product_brand","embeddable":true,"href":"https:\/\/prochaska.eu\/ro\/wp-json\/wp\/v2\/product_brand?post=25696"},{"taxonomy":"product_cat","embeddable":true,"href":"https:\/\/prochaska.eu\/ro\/wp-json\/wp\/v2\/product_cat?post=25696"},{"taxonomy":"product_tag","embeddable":true,"href":"https:\/\/prochaska.eu\/ro\/wp-json\/wp\/v2\/product_tag?post=25696"}],"curies":[{"name":"wp","href":"https:\/\/api.w.org\/{rel}","templated":true}]}}