{"id":25742,"date":"2017-08-04T14:42:40","date_gmt":"2017-08-04T14:42:40","guid":{"rendered":"https:\/\/prochaska.eu\/product\/duze-rotative-toro-din-seria-precision\/"},"modified":"2017-08-04T14:42:40","modified_gmt":"2017-08-04T14:42:40","slug":"duze-rotative-toro-din-seria-precision","status":"publish","type":"product","link":"https:\/\/prochaska.eu\/ro\/produs\/duze-rotative-toro-din-seria-precision\/","title":{"rendered":"Duze rotative TORO din seria Precision"},"content":{"rendered":"<p>Duzele rotative din seria Precision se bazeaz\u0103 pe designul principalului aspersor cu ro\u021bi din\u021bate din lume pentru aplica\u021bii de golf \u0219i dispun de o transmisie cu ro\u021bi din\u021bate dovedit\u0103 care ofer\u0103 modele rezistente la v\u00e2nt cu jeturi multiple \u0219i unghiuri multiple de desc\u0103rcare.<\/p>\n<h2><strong>Caracteristici \u0219i beneficii<\/strong><\/h2>\n<h3><strong>Cutie de viteze<br \/>\n<\/strong><\/h3>\n<p>Rote\u0219te duza cu o cutie de viteze planetar\u0103 dovedit\u0103, un stator variabil \u0219i o turbin\u0103.<\/p>\n<h3><strong>W<\/strong><strong>Mai pu\u021bine modele<\/strong><\/h3>\n<p>Sunt necesare doar dou\u0103 duze cu filet extern \u0219i dou\u0103 duze cu filet intern pentru a acoperi o raz\u0103 de aruncare de la 4,3 la 8 m \u0219i o raz\u0103 de sector de 45-360\u00b0.<\/p>\n<h3><strong>Volumul de irigare coordonat = 14 mm\/h<\/strong> <strong>(0,55 inch\/h) (14 mm\/h)<br \/>\n<\/strong><\/h3>\n<p>Aceste duze furnizeaz\u0103 ap\u0103 mai lent \u0219i mai uniform dec\u00e2t duzele de pulverizare normale. Rata de irigare de 14 mm\/h (0,55 inch\/h) previne perioadele de func\u021bionare excesiv de lungi, care sunt adesea setate \u00een fereastra de irigare.<\/p>\n<h3><strong>Vitez\u0103 de rota\u021bie constant\u0103<br \/>\n<\/strong><\/h3>\n<p>Cutia de viteze de ac\u021bionare asigur\u0103 o vitez\u0103 de rota\u021bie constant\u0103 indiferent de presiunea sistemului \u0219i \u00eempiedic\u0103 oprirea produsului la presiune sc\u0103zut\u0103.<\/p>\n<h2>Specifica\u021bii tehnice<\/h2>\n<ul>\n<li><strong>Distan\u021ba de lansare: 4,3 &#8211; 7,9 m (14&#8242;-26&#8242;)<\/strong>\n<ul>\n<li>Intervalul presiunii de lucru: 1,4 p\u00e2n\u0103 la 5,2 bar (20 p\u00e2n\u0103 la 75 psi)<\/li>\n<li>Presiune recomandat\u0103: 2,8 p\u00e2n\u0103 la 3,5 bar (40 p\u00e2n\u0103 la 50 psi)<\/li>\n<li>Debit: 1,4 p\u00e2n\u0103 la 14 l\/min (0,17 p\u00e2n\u0103 la 3,68 GPM)<\/li>\n<\/ul>\n<\/li>\n<\/ul>\n<h3><strong>Func\u021bii suplimentare<\/strong><\/h3>\n<ul>\n<li>15 fluxuri unice cu sectoare diferite<\/li>\n<li>\u00cen\u0103l\u021bime maxim\u0103 a unghiului de desc\u0103rcare de 20\u00b0 pentru a combate v\u00e2nturile puternice<\/li>\n<li>Poate fi \u00een\u0219urubat pe aproape toate capetele de pulverizare \u0219i adaptoarele cu \u0219urub (filet masculin \u0219i feminin)<\/li>\n<li>Filtru preasamblat pentru o instalare u\u0219oar\u0103<\/li>\n<li>Reducerea intervalului de aruncare cu p\u00e2n\u0103 la 25 % prin rotirea \u0219urubului de reglare cu 90<\/li>\n<li>Coduri de culori pentru a identifica cercul ajustabil sau complet<\/li>\n<li>Rata de irigare = 14 mm\/h cu o formare p\u0103trat\u0103<\/li>\n<li>Men\u021bine volumul de irigare cu o distan\u021b\u0103 de aruncare redus\u0103<\/li>\n<li>Volum de irigare coordonat de la 4,3 m la 7,9 m<\/li>\n<li>Volum de irigare coordonat de la 1,4 bar la 5,2 bar<\/li>\n<li>Reglabil manual sau cu instrumentul furnizat<\/li>\n<li>Chiar \u0219i viteza de rota\u021bie nu este afectat\u0103 de presiune<\/li>\n<\/ul>\n<h2><strong>Lista modelelor:<\/strong><\/h2>\n<p>PRN-TA: filet extern, adecvat numai pentru filet TORO, 4,3-7,9 m, reglabil de la 45\u00b0 la 270\u00b0<\/p>\n<p>PRN:TF: filet extern, adecvat numai pentru filet TORO, 4,3-7,9 m, cerc complet<\/p>\n","protected":false},"excerpt":{"rendered":"<p>Aceste duze rotative au o transmisie cu angrenaje dovedit\u0103 care ofer\u0103 modele rezistente la v\u00e2nt cu jeturi multiple \u0219i unghiuri multiple de evacuare.<\/p>\n","protected":false},"featured_media":0,"template":"","meta":[],"pwb-brand":[3073],"product_brand":[],"product_cat":[1535],"product_tag":[],"class_list":{"0":"post-25742","1":"product","2":"type-product","3":"status-publish","5":"pwb-brand-toro-ro","6":"product_cat-pregatirea-solului-ro","8":"first","9":"instock","10":"taxable","11":"shipping-taxable","12":"product-type-variable"},"yoast_head":"<!-- This site is optimized with the Yoast SEO plugin v27.4 - https:\/\/yoast.com\/product\/yoast-seo-wordpress\/ -->\n<title>Duze rotative TORO din seria Precision - Prochaska<\/title>\n<meta name=\"robots\" content=\"index, follow, max-snippet:-1, max-image-preview:large, max-video-preview:-1\" \/>\n<link rel=\"canonical\" href=\"https:\/\/prochaska.eu\/ro\/produs\/duze-rotative-toro-din-seria-precision\/\" \/>\n<meta property=\"og:locale\" content=\"ro_RO\" \/>\n<meta property=\"og:type\" content=\"article\" \/>\n<meta property=\"og:title\" content=\"Duze rotative TORO din seria Precision - Prochaska\" \/>\n<meta property=\"og:description\" content=\"Aceste duze rotative au o transmisie cu angrenaje dovedit\u0103 care ofer\u0103 modele rezistente la v\u00e2nt cu jeturi multiple \u0219i unghiuri multiple de evacuare.\" \/>\n<meta property=\"og:url\" content=\"https:\/\/prochaska.eu\/ro\/produs\/duze-rotative-toro-din-seria-precision\/\" \/>\n<meta property=\"og:site_name\" content=\"Prochaska\" \/>\n<meta property=\"article:publisher\" content=\"https:\/\/www.facebook.com\/prochaska.eu\/\" \/>\n<meta name=\"twitter:card\" content=\"summary_large_image\" \/>\n<meta name=\"twitter:label1\" content=\"Timp estimat pentru citire\" \/>\n\t<meta name=\"twitter:data1\" content=\"2 minute\" \/>\n<script type=\"application\/ld+json\" class=\"yoast-schema-graph\">{\"@context\":\"https:\\\/\\\/schema.org\",\"@graph\":[{\"@type\":\"WebPage\",\"@id\":\"https:\\\/\\\/prochaska.eu\\\/ro\\\/produs\\\/duze-rotative-toro-din-seria-precision\\\/\",\"url\":\"https:\\\/\\\/prochaska.eu\\\/ro\\\/produs\\\/duze-rotative-toro-din-seria-precision\\\/\",\"name\":\"Duze rotative TORO din seria Precision - Prochaska\",\"isPartOf\":{\"@id\":\"https:\\\/\\\/prochaska.eu\\\/ro\\\/#website\"},\"datePublished\":\"2017-08-04T14:42:40+00:00\",\"breadcrumb\":{\"@id\":\"https:\\\/\\\/prochaska.eu\\\/ro\\\/produs\\\/duze-rotative-toro-din-seria-precision\\\/#breadcrumb\"},\"inLanguage\":\"ro-RO\",\"potentialAction\":[{\"@type\":\"ReadAction\",\"target\":[\"https:\\\/\\\/prochaska.eu\\\/ro\\\/produs\\\/duze-rotative-toro-din-seria-precision\\\/\"]}]},{\"@type\":\"BreadcrumbList\",\"@id\":\"https:\\\/\\\/prochaska.eu\\\/ro\\\/produs\\\/duze-rotative-toro-din-seria-precision\\\/#breadcrumb\",\"itemListElement\":[{\"@type\":\"ListItem\",\"position\":1,\"name\":\"Home\",\"item\":\"https:\\\/\\\/prochaska.eu\\\/ro\\\/\"},{\"@type\":\"ListItem\",\"position\":2,\"name\":\"Shop\",\"item\":\"https:\\\/\\\/prochaska.eu\\\/ro\\\/shop\\\/\"},{\"@type\":\"ListItem\",\"position\":3,\"name\":\"Duze rotative TORO din seria Precision\"}]},{\"@type\":\"WebSite\",\"@id\":\"https:\\\/\\\/prochaska.eu\\\/ro\\\/#website\",\"url\":\"https:\\\/\\\/prochaska.eu\\\/ro\\\/\",\"name\":\"Prochaska\",\"description\":\"Spezialist f\u00fcr Pflege von Gr\u00fcnfl\u00e4chen\",\"publisher\":{\"@id\":\"https:\\\/\\\/prochaska.eu\\\/ro\\\/#organization\"},\"potentialAction\":[{\"@type\":\"SearchAction\",\"target\":{\"@type\":\"EntryPoint\",\"urlTemplate\":\"https:\\\/\\\/prochaska.eu\\\/ro\\\/?s={search_term_string}\"},\"query-input\":{\"@type\":\"PropertyValueSpecification\",\"valueRequired\":true,\"valueName\":\"search_term_string\"}}],\"inLanguage\":\"ro-RO\"},{\"@type\":\"Organization\",\"@id\":\"https:\\\/\\\/prochaska.eu\\\/ro\\\/#organization\",\"name\":\"Prochaska\",\"url\":\"https:\\\/\\\/prochaska.eu\\\/ro\\\/\",\"logo\":{\"@type\":\"ImageObject\",\"inLanguage\":\"ro-RO\",\"@id\":\"https:\\\/\\\/prochaska.eu\\\/ro\\\/#\\\/schema\\\/logo\\\/image\\\/\",\"url\":\"https:\\\/\\\/prochaska.eu\\\/wp-content\\\/uploads\\\/2024\\\/04\\\/Prochaska_Logo_Black-1.png\",\"contentUrl\":\"https:\\\/\\\/prochaska.eu\\\/wp-content\\\/uploads\\\/2024\\\/04\\\/Prochaska_Logo_Black-1.png\",\"width\":796,\"height\":236,\"caption\":\"Prochaska\"},\"image\":{\"@id\":\"https:\\\/\\\/prochaska.eu\\\/ro\\\/#\\\/schema\\\/logo\\\/image\\\/\"},\"sameAs\":[\"https:\\\/\\\/www.facebook.com\\\/prochaska.eu\\\/\",\"https:\\\/\\\/www.instagram.com\\\/prochaska.eu\\\/\",\"https:\\\/\\\/www.linkedin.com\\\/company\\\/prochaska-handels-gmbh\"]}]}<\/script>\n<!-- \/ Yoast SEO plugin. -->","yoast_head_json":{"title":"Duze rotative TORO din seria Precision - Prochaska","robots":{"index":"index","follow":"follow","max-snippet":"max-snippet:-1","max-image-preview":"max-image-preview:large","max-video-preview":"max-video-preview:-1"},"canonical":"https:\/\/prochaska.eu\/ro\/produs\/duze-rotative-toro-din-seria-precision\/","og_locale":"ro_RO","og_type":"article","og_title":"Duze rotative TORO din seria Precision - Prochaska","og_description":"Aceste duze rotative au o transmisie cu angrenaje dovedit\u0103 care ofer\u0103 modele rezistente la v\u00e2nt cu jeturi multiple \u0219i unghiuri multiple de evacuare.","og_url":"https:\/\/prochaska.eu\/ro\/produs\/duze-rotative-toro-din-seria-precision\/","og_site_name":"Prochaska","article_publisher":"https:\/\/www.facebook.com\/prochaska.eu\/","twitter_card":"summary_large_image","twitter_misc":{"Timp estimat pentru citire":"2 minute"},"schema":{"@context":"https:\/\/schema.org","@graph":[{"@type":"WebPage","@id":"https:\/\/prochaska.eu\/ro\/produs\/duze-rotative-toro-din-seria-precision\/","url":"https:\/\/prochaska.eu\/ro\/produs\/duze-rotative-toro-din-seria-precision\/","name":"Duze rotative TORO din seria Precision - Prochaska","isPartOf":{"@id":"https:\/\/prochaska.eu\/ro\/#website"},"datePublished":"2017-08-04T14:42:40+00:00","breadcrumb":{"@id":"https:\/\/prochaska.eu\/ro\/produs\/duze-rotative-toro-din-seria-precision\/#breadcrumb"},"inLanguage":"ro-RO","potentialAction":[{"@type":"ReadAction","target":["https:\/\/prochaska.eu\/ro\/produs\/duze-rotative-toro-din-seria-precision\/"]}]},{"@type":"BreadcrumbList","@id":"https:\/\/prochaska.eu\/ro\/produs\/duze-rotative-toro-din-seria-precision\/#breadcrumb","itemListElement":[{"@type":"ListItem","position":1,"name":"Home","item":"https:\/\/prochaska.eu\/ro\/"},{"@type":"ListItem","position":2,"name":"Shop","item":"https:\/\/prochaska.eu\/ro\/shop\/"},{"@type":"ListItem","position":3,"name":"Duze rotative TORO din seria Precision"}]},{"@type":"WebSite","@id":"https:\/\/prochaska.eu\/ro\/#website","url":"https:\/\/prochaska.eu\/ro\/","name":"Prochaska","description":"Spezialist f\u00fcr Pflege von Gr\u00fcnfl\u00e4chen","publisher":{"@id":"https:\/\/prochaska.eu\/ro\/#organization"},"potentialAction":[{"@type":"SearchAction","target":{"@type":"EntryPoint","urlTemplate":"https:\/\/prochaska.eu\/ro\/?s={search_term_string}"},"query-input":{"@type":"PropertyValueSpecification","valueRequired":true,"valueName":"search_term_string"}}],"inLanguage":"ro-RO"},{"@type":"Organization","@id":"https:\/\/prochaska.eu\/ro\/#organization","name":"Prochaska","url":"https:\/\/prochaska.eu\/ro\/","logo":{"@type":"ImageObject","inLanguage":"ro-RO","@id":"https:\/\/prochaska.eu\/ro\/#\/schema\/logo\/image\/","url":"https:\/\/prochaska.eu\/wp-content\/uploads\/2024\/04\/Prochaska_Logo_Black-1.png","contentUrl":"https:\/\/prochaska.eu\/wp-content\/uploads\/2024\/04\/Prochaska_Logo_Black-1.png","width":796,"height":236,"caption":"Prochaska"},"image":{"@id":"https:\/\/prochaska.eu\/ro\/#\/schema\/logo\/image\/"},"sameAs":["https:\/\/www.facebook.com\/prochaska.eu\/","https:\/\/www.instagram.com\/prochaska.eu\/","https:\/\/www.linkedin.com\/company\/prochaska-handels-gmbh"]}]}},"brands":[{"id":3073,"name":"Toro","slug":"toro-ro"}],"_links":{"self":[{"href":"https:\/\/prochaska.eu\/ro\/wp-json\/wp\/v2\/product\/25742","targetHints":{"allow":["GET"]}}],"collection":[{"href":"https:\/\/prochaska.eu\/ro\/wp-json\/wp\/v2\/product"}],"about":[{"href":"https:\/\/prochaska.eu\/ro\/wp-json\/wp\/v2\/types\/product"}],"version-history":[{"count":0,"href":"https:\/\/prochaska.eu\/ro\/wp-json\/wp\/v2\/product\/25742\/revisions"}],"wp:attachment":[{"href":"https:\/\/prochaska.eu\/ro\/wp-json\/wp\/v2\/media?parent=25742"}],"wp:term":[{"taxonomy":"pwb-brand","embeddable":true,"href":"https:\/\/prochaska.eu\/ro\/wp-json\/wp\/v2\/pwb-brand?post=25742"},{"taxonomy":"product_brand","embeddable":true,"href":"https:\/\/prochaska.eu\/ro\/wp-json\/wp\/v2\/product_brand?post=25742"},{"taxonomy":"product_cat","embeddable":true,"href":"https:\/\/prochaska.eu\/ro\/wp-json\/wp\/v2\/product_cat?post=25742"},{"taxonomy":"product_tag","embeddable":true,"href":"https:\/\/prochaska.eu\/ro\/wp-json\/wp\/v2\/product_tag?post=25742"}],"curies":[{"name":"wp","href":"https:\/\/api.w.org\/{rel}","templated":true}]}}