{"id":25768,"date":"2017-08-04T14:42:41","date_gmt":"2017-08-04T14:42:41","guid":{"rendered":"https:\/\/prochaska.eu\/product\/duze-de-pulverizare-toro-mpr-plus\/"},"modified":"2017-08-04T14:42:41","modified_gmt":"2017-08-04T14:42:41","slug":"duze-de-pulverizare-toro-mpr-plus","status":"publish","type":"product","link":"https:\/\/prochaska.eu\/ro\/produs\/duze-de-pulverizare-toro-mpr-plus\/","title":{"rendered":"Duze de pulverizare TORO MPR Plus"},"content":{"rendered":"<p>Duzele MPR faciliteaz\u0103 \u0219i mai mult proiectarea \u0219i instalarea. Seta\u021bi distan\u021ba \u0219i sectorul &#8211; duza face restul.<\/p>\n<h2><strong>Tr\u0103s\u0103turi \u0219i caracteristici<\/strong><\/h2>\n<h3><strong>Cantit\u0103\u021bi de iriga\u021bii coordonate<br \/>\n<\/strong><\/h3>\n<p>Garanteaz\u0103 c\u0103 toate duzele (fiecare sector dintr-o familie) dozeaz\u0103 aceea\u0219i cantitate de ap\u0103.<\/p>\n<h3><strong>Debite reduse<br \/>\n<\/strong><\/h3>\n<p>Func\u021bionarea de sprinklere suplimentare \u00eentr-o zon\u0103.<\/p>\n<h3><strong>Dispozitiv de egalizare a presiunii (PCD) preinstalat<br \/>\n<\/strong><\/h3>\n<p>\u00cempiedic\u0103 pulverizarea, economise\u0219te ap\u0103 \u0219i ofer\u0103 debite precise (disponibil \u0219i f\u0103r\u0103 egalizator de presiune)<\/p>\n<h3><strong>Selec\u021bie complet\u0103 de unghiuri de desc\u0103rcare<br \/>\n<\/strong><\/h3>\n<p>Unghi de desc\u0103rcare pentru toate distan\u021bele de aruncare &#8211; cerc complet, <strong>3\u20444<\/strong><strong>,<\/strong><strong>2\u20443<\/strong>, <strong>1\u20442<\/strong><strong>,<\/strong> <strong>1\u20443<\/strong><strong>\u0219i <\/strong> <strong>1\u20444<\/strong><strong>.<\/strong><\/p>\n<h2><strong>Specifica\u021bii tehnice<\/strong><\/h2>\n<ul>\n<li>Intervalul presiunii de lucru: 1,4 p\u00e2n\u0103 la 5,2 bar (20 p\u00e2n\u0103 la 75 psi)<\/li>\n<li>Presiune recomandat\u0103: 2,1 bar (30 psi)<\/li>\n<li>Debit: 0,2 p\u00e2n\u0103 la 17,3 l\/min (0,05 p\u00e2n\u0103 la 4,58 GPM)<\/li>\n<li>Unghi de evacuare a duzei: 1,5 m (5&#8242;): 5\u00b0; 8&#8242;: 10\u00b0; 10&#8242;: 17\u00b0; 12&#8242;: 24\u00b0; 15&#8242;: 28\u00b0<br \/>\nCol\u021buri \u0219i benzi laterale: 17\u00b0<\/li>\n<\/ul>\n<h3><strong>Func\u021bii suplimentare<\/strong><\/h3>\n<ul>\n<li>Pentru imagini de aruncare normale, dar \u0219i foarte speciale<\/li>\n<li>Gril\u0103 special\u0103 pentru fiecare duz\u0103<\/li>\n<li>Modele de litier\u0103 pentru zone mici. Set complet de unghiuri de evacuare pentru duze cu o raz\u0103 de ac\u021biune de 3,0 m, 2,4 m \u0219i 1,5 m<\/li>\n<li>Banda lateral\u0103, 1,2-5,2 m (4&#8242; x 18&#8242;) este ideal\u0103 pentru benzile centrale<\/li>\n<li>0,6-1,8 m (2&#8217;x 6&#8242;) pentru jardiniere mici, paturi sau alte zone \u00eenguste<\/li>\n<li>Ecrane de filtrare fine pentru duze cu debite mai mici<\/li>\n<li>5 Unghi de desc\u0103rcare<\/li>\n<li>Pachet de duze convenabil &#8211; duzele \u0219i filtrele sunt ambalate individual<\/li>\n<li>\u0218urubul de reglare permite reducerea intervalului de aruncare cu p\u00e2n\u0103 la 25 % \u0219i oprirea complet\u0103<\/li>\n<\/ul>\n","protected":false},"excerpt":{"rendered":"<p>Duzele MPR v\u0103 u\u0219ureaz\u0103 munca. Seta\u021bi distan\u021ba \u0219i sectorul &#8211; duza face restul.<\/p>\n","protected":false},"featured_media":21078,"template":"","meta":[],"pwb-brand":[3073],"product_brand":[],"product_cat":[2486,2641],"product_tag":[],"class_list":{"0":"post-25768","1":"product","2":"type-product","3":"status-publish","4":"has-post-thumbnail","6":"pwb-brand-toro-ro","7":"product_cat-irigare-ro","8":"product_cat-pulverizator","10":"first","11":"instock","12":"taxable","13":"shipping-taxable","14":"product-type-variable"},"yoast_head":"<!-- This site is optimized with the Yoast SEO plugin v27.4 - https:\/\/yoast.com\/product\/yoast-seo-wordpress\/ -->\n<title>Duze de pulverizare TORO MPR Plus - Prochaska<\/title>\n<meta name=\"robots\" content=\"index, follow, max-snippet:-1, max-image-preview:large, max-video-preview:-1\" \/>\n<link rel=\"canonical\" href=\"https:\/\/prochaska.eu\/ro\/produs\/duze-de-pulverizare-toro-mpr-plus\/\" \/>\n<meta property=\"og:locale\" content=\"ro_RO\" \/>\n<meta property=\"og:type\" content=\"article\" \/>\n<meta property=\"og:title\" content=\"Duze de pulverizare TORO MPR Plus - Prochaska\" \/>\n<meta property=\"og:description\" content=\"Duzele MPR v\u0103 u\u0219ureaz\u0103 munca. Seta\u021bi distan\u021ba \u0219i sectorul - duza face restul.\" \/>\n<meta property=\"og:url\" content=\"https:\/\/prochaska.eu\/ro\/produs\/duze-de-pulverizare-toro-mpr-plus\/\" \/>\n<meta property=\"og:site_name\" content=\"Prochaska\" \/>\n<meta property=\"article:publisher\" content=\"https:\/\/www.facebook.com\/prochaska.eu\/\" \/>\n<meta property=\"og:image\" content=\"https:\/\/prochaska.eu\/wp-content\/uploads\/2024\/06\/MPR-Plus-Spruehduesen_1.jpg\" \/>\n\t<meta property=\"og:image:width\" content=\"1440\" \/>\n\t<meta property=\"og:image:height\" content=\"1440\" \/>\n\t<meta property=\"og:image:type\" content=\"image\/jpeg\" \/>\n<meta name=\"twitter:card\" content=\"summary_large_image\" \/>\n<meta name=\"twitter:label1\" content=\"Timp estimat pentru citire\" \/>\n\t<meta name=\"twitter:data1\" content=\"1 minut\" \/>\n<script type=\"application\/ld+json\" class=\"yoast-schema-graph\">{\"@context\":\"https:\\\/\\\/schema.org\",\"@graph\":[{\"@type\":\"WebPage\",\"@id\":\"https:\\\/\\\/prochaska.eu\\\/ro\\\/produs\\\/duze-de-pulverizare-toro-mpr-plus\\\/\",\"url\":\"https:\\\/\\\/prochaska.eu\\\/ro\\\/produs\\\/duze-de-pulverizare-toro-mpr-plus\\\/\",\"name\":\"Duze de pulverizare TORO MPR Plus - Prochaska\",\"isPartOf\":{\"@id\":\"https:\\\/\\\/prochaska.eu\\\/ro\\\/#website\"},\"primaryImageOfPage\":{\"@id\":\"https:\\\/\\\/prochaska.eu\\\/ro\\\/produs\\\/duze-de-pulverizare-toro-mpr-plus\\\/#primaryimage\"},\"image\":{\"@id\":\"https:\\\/\\\/prochaska.eu\\\/ro\\\/produs\\\/duze-de-pulverizare-toro-mpr-plus\\\/#primaryimage\"},\"thumbnailUrl\":\"https:\\\/\\\/prochaska.eu\\\/wp-content\\\/uploads\\\/2024\\\/06\\\/MPR-Plus-Spruehduesen_1.jpg\",\"datePublished\":\"2017-08-04T14:42:41+00:00\",\"breadcrumb\":{\"@id\":\"https:\\\/\\\/prochaska.eu\\\/ro\\\/produs\\\/duze-de-pulverizare-toro-mpr-plus\\\/#breadcrumb\"},\"inLanguage\":\"ro-RO\",\"potentialAction\":[{\"@type\":\"ReadAction\",\"target\":[\"https:\\\/\\\/prochaska.eu\\\/ro\\\/produs\\\/duze-de-pulverizare-toro-mpr-plus\\\/\"]}]},{\"@type\":\"ImageObject\",\"inLanguage\":\"ro-RO\",\"@id\":\"https:\\\/\\\/prochaska.eu\\\/ro\\\/produs\\\/duze-de-pulverizare-toro-mpr-plus\\\/#primaryimage\",\"url\":\"https:\\\/\\\/prochaska.eu\\\/wp-content\\\/uploads\\\/2024\\\/06\\\/MPR-Plus-Spruehduesen_1.jpg\",\"contentUrl\":\"https:\\\/\\\/prochaska.eu\\\/wp-content\\\/uploads\\\/2024\\\/06\\\/MPR-Plus-Spruehduesen_1.jpg\",\"width\":1440,\"height\":1440},{\"@type\":\"BreadcrumbList\",\"@id\":\"https:\\\/\\\/prochaska.eu\\\/ro\\\/produs\\\/duze-de-pulverizare-toro-mpr-plus\\\/#breadcrumb\",\"itemListElement\":[{\"@type\":\"ListItem\",\"position\":1,\"name\":\"Home\",\"item\":\"https:\\\/\\\/prochaska.eu\\\/ro\\\/\"},{\"@type\":\"ListItem\",\"position\":2,\"name\":\"Shop\",\"item\":\"https:\\\/\\\/prochaska.eu\\\/ro\\\/shop\\\/\"},{\"@type\":\"ListItem\",\"position\":3,\"name\":\"Duze de pulverizare TORO MPR Plus\"}]},{\"@type\":\"WebSite\",\"@id\":\"https:\\\/\\\/prochaska.eu\\\/ro\\\/#website\",\"url\":\"https:\\\/\\\/prochaska.eu\\\/ro\\\/\",\"name\":\"Prochaska\",\"description\":\"Spezialist f\u00fcr Pflege von Gr\u00fcnfl\u00e4chen\",\"publisher\":{\"@id\":\"https:\\\/\\\/prochaska.eu\\\/ro\\\/#organization\"},\"potentialAction\":[{\"@type\":\"SearchAction\",\"target\":{\"@type\":\"EntryPoint\",\"urlTemplate\":\"https:\\\/\\\/prochaska.eu\\\/ro\\\/?s={search_term_string}\"},\"query-input\":{\"@type\":\"PropertyValueSpecification\",\"valueRequired\":true,\"valueName\":\"search_term_string\"}}],\"inLanguage\":\"ro-RO\"},{\"@type\":\"Organization\",\"@id\":\"https:\\\/\\\/prochaska.eu\\\/ro\\\/#organization\",\"name\":\"Prochaska\",\"url\":\"https:\\\/\\\/prochaska.eu\\\/ro\\\/\",\"logo\":{\"@type\":\"ImageObject\",\"inLanguage\":\"ro-RO\",\"@id\":\"https:\\\/\\\/prochaska.eu\\\/ro\\\/#\\\/schema\\\/logo\\\/image\\\/\",\"url\":\"https:\\\/\\\/prochaska.eu\\\/wp-content\\\/uploads\\\/2024\\\/04\\\/Prochaska_Logo_Black-1.png\",\"contentUrl\":\"https:\\\/\\\/prochaska.eu\\\/wp-content\\\/uploads\\\/2024\\\/04\\\/Prochaska_Logo_Black-1.png\",\"width\":796,\"height\":236,\"caption\":\"Prochaska\"},\"image\":{\"@id\":\"https:\\\/\\\/prochaska.eu\\\/ro\\\/#\\\/schema\\\/logo\\\/image\\\/\"},\"sameAs\":[\"https:\\\/\\\/www.facebook.com\\\/prochaska.eu\\\/\",\"https:\\\/\\\/www.instagram.com\\\/prochaska.eu\\\/\",\"https:\\\/\\\/www.linkedin.com\\\/company\\\/prochaska-handels-gmbh\"]}]}<\/script>\n<!-- \/ Yoast SEO plugin. -->","yoast_head_json":{"title":"Duze de pulverizare TORO MPR Plus - Prochaska","robots":{"index":"index","follow":"follow","max-snippet":"max-snippet:-1","max-image-preview":"max-image-preview:large","max-video-preview":"max-video-preview:-1"},"canonical":"https:\/\/prochaska.eu\/ro\/produs\/duze-de-pulverizare-toro-mpr-plus\/","og_locale":"ro_RO","og_type":"article","og_title":"Duze de pulverizare TORO MPR Plus - Prochaska","og_description":"Duzele MPR v\u0103 u\u0219ureaz\u0103 munca. Seta\u021bi distan\u021ba \u0219i sectorul - duza face restul.","og_url":"https:\/\/prochaska.eu\/ro\/produs\/duze-de-pulverizare-toro-mpr-plus\/","og_site_name":"Prochaska","article_publisher":"https:\/\/www.facebook.com\/prochaska.eu\/","og_image":[{"width":1440,"height":1440,"url":"https:\/\/prochaska.eu\/wp-content\/uploads\/2024\/06\/MPR-Plus-Spruehduesen_1.jpg","type":"image\/jpeg"}],"twitter_card":"summary_large_image","twitter_misc":{"Timp estimat pentru citire":"1 minut"},"schema":{"@context":"https:\/\/schema.org","@graph":[{"@type":"WebPage","@id":"https:\/\/prochaska.eu\/ro\/produs\/duze-de-pulverizare-toro-mpr-plus\/","url":"https:\/\/prochaska.eu\/ro\/produs\/duze-de-pulverizare-toro-mpr-plus\/","name":"Duze de pulverizare TORO MPR Plus - Prochaska","isPartOf":{"@id":"https:\/\/prochaska.eu\/ro\/#website"},"primaryImageOfPage":{"@id":"https:\/\/prochaska.eu\/ro\/produs\/duze-de-pulverizare-toro-mpr-plus\/#primaryimage"},"image":{"@id":"https:\/\/prochaska.eu\/ro\/produs\/duze-de-pulverizare-toro-mpr-plus\/#primaryimage"},"thumbnailUrl":"https:\/\/prochaska.eu\/wp-content\/uploads\/2024\/06\/MPR-Plus-Spruehduesen_1.jpg","datePublished":"2017-08-04T14:42:41+00:00","breadcrumb":{"@id":"https:\/\/prochaska.eu\/ro\/produs\/duze-de-pulverizare-toro-mpr-plus\/#breadcrumb"},"inLanguage":"ro-RO","potentialAction":[{"@type":"ReadAction","target":["https:\/\/prochaska.eu\/ro\/produs\/duze-de-pulverizare-toro-mpr-plus\/"]}]},{"@type":"ImageObject","inLanguage":"ro-RO","@id":"https:\/\/prochaska.eu\/ro\/produs\/duze-de-pulverizare-toro-mpr-plus\/#primaryimage","url":"https:\/\/prochaska.eu\/wp-content\/uploads\/2024\/06\/MPR-Plus-Spruehduesen_1.jpg","contentUrl":"https:\/\/prochaska.eu\/wp-content\/uploads\/2024\/06\/MPR-Plus-Spruehduesen_1.jpg","width":1440,"height":1440},{"@type":"BreadcrumbList","@id":"https:\/\/prochaska.eu\/ro\/produs\/duze-de-pulverizare-toro-mpr-plus\/#breadcrumb","itemListElement":[{"@type":"ListItem","position":1,"name":"Home","item":"https:\/\/prochaska.eu\/ro\/"},{"@type":"ListItem","position":2,"name":"Shop","item":"https:\/\/prochaska.eu\/ro\/shop\/"},{"@type":"ListItem","position":3,"name":"Duze de pulverizare TORO MPR Plus"}]},{"@type":"WebSite","@id":"https:\/\/prochaska.eu\/ro\/#website","url":"https:\/\/prochaska.eu\/ro\/","name":"Prochaska","description":"Spezialist f\u00fcr Pflege von Gr\u00fcnfl\u00e4chen","publisher":{"@id":"https:\/\/prochaska.eu\/ro\/#organization"},"potentialAction":[{"@type":"SearchAction","target":{"@type":"EntryPoint","urlTemplate":"https:\/\/prochaska.eu\/ro\/?s={search_term_string}"},"query-input":{"@type":"PropertyValueSpecification","valueRequired":true,"valueName":"search_term_string"}}],"inLanguage":"ro-RO"},{"@type":"Organization","@id":"https:\/\/prochaska.eu\/ro\/#organization","name":"Prochaska","url":"https:\/\/prochaska.eu\/ro\/","logo":{"@type":"ImageObject","inLanguage":"ro-RO","@id":"https:\/\/prochaska.eu\/ro\/#\/schema\/logo\/image\/","url":"https:\/\/prochaska.eu\/wp-content\/uploads\/2024\/04\/Prochaska_Logo_Black-1.png","contentUrl":"https:\/\/prochaska.eu\/wp-content\/uploads\/2024\/04\/Prochaska_Logo_Black-1.png","width":796,"height":236,"caption":"Prochaska"},"image":{"@id":"https:\/\/prochaska.eu\/ro\/#\/schema\/logo\/image\/"},"sameAs":["https:\/\/www.facebook.com\/prochaska.eu\/","https:\/\/www.instagram.com\/prochaska.eu\/","https:\/\/www.linkedin.com\/company\/prochaska-handels-gmbh"]}]}},"brands":[{"id":3073,"name":"Toro","slug":"toro-ro"}],"_links":{"self":[{"href":"https:\/\/prochaska.eu\/ro\/wp-json\/wp\/v2\/product\/25768","targetHints":{"allow":["GET"]}}],"collection":[{"href":"https:\/\/prochaska.eu\/ro\/wp-json\/wp\/v2\/product"}],"about":[{"href":"https:\/\/prochaska.eu\/ro\/wp-json\/wp\/v2\/types\/product"}],"version-history":[{"count":0,"href":"https:\/\/prochaska.eu\/ro\/wp-json\/wp\/v2\/product\/25768\/revisions"}],"wp:featuredmedia":[{"embeddable":true,"href":"https:\/\/prochaska.eu\/ro\/wp-json\/wp\/v2\/media\/21078"}],"wp:attachment":[{"href":"https:\/\/prochaska.eu\/ro\/wp-json\/wp\/v2\/media?parent=25768"}],"wp:term":[{"taxonomy":"pwb-brand","embeddable":true,"href":"https:\/\/prochaska.eu\/ro\/wp-json\/wp\/v2\/pwb-brand?post=25768"},{"taxonomy":"product_brand","embeddable":true,"href":"https:\/\/prochaska.eu\/ro\/wp-json\/wp\/v2\/product_brand?post=25768"},{"taxonomy":"product_cat","embeddable":true,"href":"https:\/\/prochaska.eu\/ro\/wp-json\/wp\/v2\/product_cat?post=25768"},{"taxonomy":"product_tag","embeddable":true,"href":"https:\/\/prochaska.eu\/ro\/wp-json\/wp\/v2\/product_tag?post=25768"}],"curies":[{"name":"wp","href":"https:\/\/api.w.org\/{rel}","templated":true}]}}