{"id":25808,"date":"2017-08-04T14:42:40","date_gmt":"2017-08-04T14:42:40","guid":{"rendered":"https:\/\/prochaska.eu\/product\/duze-de-pulverizare-toro-din-seria-precision\/"},"modified":"2017-08-04T14:42:40","modified_gmt":"2017-08-04T14:42:40","slug":"duze-de-pulverizare-toro-din-seria-precision","status":"publish","type":"product","link":"https:\/\/prochaska.eu\/ro\/produs\/duze-de-pulverizare-toro-din-seria-precision\/","title":{"rendered":"Duze de pulverizare TORO din seria Precision"},"content":{"rendered":"<p>Noile duze de pulverizare Toro Precision Series reprezint\u0103 cea mai cuprinz\u0103toare \u0219i eficient\u0103 gam\u0103 de duze de pulverizare pentru a ajuta profesioni\u0219tii \u00een iriga\u021bii s\u0103 economiseasc\u0103 apa, s\u0103 previn\u0103 scurgerile \u0219i s\u0103 reduc\u0103 facturile de ap\u0103 ale clien\u021bilor.<\/p>\n<h2><strong>Caracteristici \u0219i beneficii<\/strong><\/h2>\n<h3><strong>Tehnologia patentat\u0103 a cipului H\u00b2O<br \/>\n<\/strong><\/h3>\n<p>Fiecare duz\u0103 de pulverizare din seria Precision utilizeaz\u0103 tehnologia patentat\u0103 H\u00b2O-chip \u0219i nu are piese \u00een mi\u0219care; aceasta genereaz\u0103 curen\u021bi oscilan\u021bi de \u00eenalt\u0103 frecven\u021b\u0103 pentru a ob\u021bine unghiul dorit de desc\u0103rcare \u0219i distan\u021ba de aruncare cu o treime mai pu\u021bin volum de irigare.<\/p>\n<h3><strong>Eficien\u021b\u0103 maxim\u0103 a irig\u0103rii<br \/>\n<\/strong><\/h3>\n<p>Duzele de precizie asigur\u0103 o rat\u0103 de irigare de 25 mm\/h (1 inch\/h), prima din industrie, care se potrive\u0219te mai bine cu rata de penetrare a solului. Acest volum redus de irigare \u0219i uniformitatea ridicat\u0103 a distribu\u021biei fac din duzele din aceast\u0103 serie cele mai eficiente de la 1,5 la 4,6 m (5&#8242;-15&#8242;).<\/p>\n<h3><strong>Design \u0219i eficien\u021b\u0103 de conversie<br \/>\n<\/strong><\/h3>\n<p>Debitul mai mic al duzelor de pulverizare din seria Precision optimizeaz\u0103 eficien\u021ba proiect\u0103rii \u0219i economise\u0219te costurile materialelor, deoarece sunt utilizate mai pu\u021bine supape \u0219i mai pu\u021bine sta\u021bii ale unit\u0103\u021bii de control. \u00cen plus, sistemele existente cu presiune sc\u0103zut\u0103 pot fi echipate cu o conversie simpl\u0103 la duzele existente cu debit mare.<\/p>\n<h3><strong>Dovada execut\u0103rii de c\u0103tre p\u0103r\u021bi ter\u021be<br \/>\n<\/strong><\/h3>\n<p>Duzele de pulverizare din seria Precision au fost testate \u0219i inspectate la fa\u021ba locului \u0219i la Centrul pentru tehnologia iriga\u021biilor (CIT).<\/p>\n<h3><strong>Randament ridicat al aspersoarelor cu 25 mm\/h (1 inch\/h)<\/strong> <strong>Volum de irigare coordonat<br \/>\n<\/strong><\/h3>\n<p>Duzele de pulverizare din seria Precision\u2122 au ob\u021binut rezultate mai bune dec\u00e2t duzele concurente de economisire a apei \u00een ceea ce prive\u0219te eficien\u021ba irig\u0103rii \u00een cadrul mai multor teste independente efectuate de ter\u021bi. Rata de irigare de 25 mm\/h (1 inch\/h) garanteaz\u0103 men\u021binerea duratei de irigare chiar \u0219i \u00een cazul ferestrelor de irigare \u00eenguste.<\/p>\n<h2><strong>T<\/strong><strong>date tehnice:<\/strong><\/h2>\n<ul>\n<li>Distan\u021ba de aruncare: 1,5 &#8211; 4,6 m (5&#8242;-15&#8242;)<\/li>\n<li>Intervalul presiunii de lucru: 1,4 p\u00e2n\u0103 la 5,2 bar (20 p\u00e2n\u0103 la 75 psi)<\/li>\n<li>Presiune recomandat\u0103: 2,1 bar (30 psi)<\/li>\n<li>Debit: 0,1 p\u00e2n\u0103 la 9,4 l\/min (0,04 p\u00e2n\u0103 la 2,4 GPM)<\/li>\n<li>Unghiul de desc\u0103rcare al duzei:<\/li>\n<li>1,5 m (5&#8242;): 5\u00b0<\/li>\n<li>2,4 m (8&#8242;): 10\u00b0<\/li>\n<li>3,0 m (10&#8242;): 15\u00b0<\/li>\n<li>3,7 m (12&#8242;): 20\u00b0<\/li>\n<li>4,6 m (15&#8242;): 27\u00b0<\/li>\n<li>Col\u021buri \u0219i benzi laterale: 20\u00b0<\/li>\n<\/ul>\n<h3><strong>Func\u021bii suplimentare<\/strong><\/h3>\n<ul>\n<li>Sunt disponibile sectoare speciale (60\u00b0, 120\u00b0, 150\u00b0, 210\u00b0, 240\u00b0)<\/li>\n<li>Reducerea distan\u021bei de aruncare cu 25<\/li>\n<li>Coduri de culori pentru distan\u021ba de aruncare \u00een partea superioar\u0103 a duzei<\/li>\n<li>Volum de irigare \u2264 25 mm\/h (\u2264 1 inch\/h)<\/li>\n<li>Men\u021bine volumul de irigare cu o reducere maxim\u0103 de 25 % a distan\u021bei de aruncare<\/li>\n<li>Coordonarea cantit\u0103\u021bii de iriga\u021bii pe distan\u021be de aruncare<\/li>\n<li>Volum de irigare coordonat la distan\u021be de aruncare<\/li>\n<li>Filtrul este ata\u0219at la duz\u0103 pentru a permite introducerea rapid\u0103 \u00een carcasa pulverizatorului<\/li>\n<li>Func\u021bioneaz\u0103 pe toate carcasele de pulverizare<\/li>\n<\/ul>\n","protected":false},"excerpt":{"rendered":"<p>Aceste duze de pulverizare din seria Precision v\u0103 ajut\u0103 s\u0103 v\u0103 reduce\u021bi facturile la ap\u0103.<\/p>\n","protected":false},"featured_media":2484,"template":"","meta":[],"pwb-brand":[3073],"product_brand":[],"product_cat":[2486,2673],"product_tag":[],"class_list":{"0":"post-25808","1":"product","2":"type-product","3":"status-publish","4":"has-post-thumbnail","6":"pwb-brand-toro-ro","7":"product_cat-irigare-ro","8":"product_cat-pulverizator-ro","10":"first","11":"instock","12":"taxable","13":"shipping-taxable","14":"product-type-variable"},"yoast_head":"<!-- This site is optimized with the Yoast SEO plugin v27.4 - https:\/\/yoast.com\/product\/yoast-seo-wordpress\/ -->\n<title>Duze de pulverizare TORO din seria Precision - Prochaska<\/title>\n<meta name=\"robots\" content=\"index, follow, max-snippet:-1, max-image-preview:large, max-video-preview:-1\" \/>\n<link rel=\"canonical\" href=\"https:\/\/prochaska.eu\/ro\/produs\/duze-de-pulverizare-toro-din-seria-precision\/\" \/>\n<meta property=\"og:locale\" content=\"ro_RO\" \/>\n<meta property=\"og:type\" content=\"article\" \/>\n<meta property=\"og:title\" content=\"Duze de pulverizare TORO din seria Precision - Prochaska\" \/>\n<meta property=\"og:description\" content=\"Aceste duze de pulverizare din seria Precision v\u0103 ajut\u0103 s\u0103 v\u0103 reduce\u021bi facturile la ap\u0103.\" \/>\n<meta property=\"og:url\" content=\"https:\/\/prochaska.eu\/ro\/produs\/duze-de-pulverizare-toro-din-seria-precision\/\" \/>\n<meta property=\"og:site_name\" content=\"Prochaska\" \/>\n<meta property=\"article:publisher\" content=\"https:\/\/www.facebook.com\/prochaska.eu\/\" \/>\n<meta name=\"twitter:card\" content=\"summary_large_image\" \/>\n<meta name=\"twitter:label1\" content=\"Timp estimat pentru citire\" \/>\n\t<meta name=\"twitter:data1\" content=\"2 minute\" \/>\n<script type=\"application\/ld+json\" class=\"yoast-schema-graph\">{\"@context\":\"https:\\\/\\\/schema.org\",\"@graph\":[{\"@type\":\"WebPage\",\"@id\":\"https:\\\/\\\/prochaska.eu\\\/ro\\\/produs\\\/duze-de-pulverizare-toro-din-seria-precision\\\/\",\"url\":\"https:\\\/\\\/prochaska.eu\\\/ro\\\/produs\\\/duze-de-pulverizare-toro-din-seria-precision\\\/\",\"name\":\"Duze de pulverizare TORO din seria Precision - Prochaska\",\"isPartOf\":{\"@id\":\"https:\\\/\\\/prochaska.eu\\\/ro\\\/#website\"},\"primaryImageOfPage\":{\"@id\":\"https:\\\/\\\/prochaska.eu\\\/ro\\\/produs\\\/duze-de-pulverizare-toro-din-seria-precision\\\/#primaryimage\"},\"image\":{\"@id\":\"https:\\\/\\\/prochaska.eu\\\/ro\\\/produs\\\/duze-de-pulverizare-toro-din-seria-precision\\\/#primaryimage\"},\"thumbnailUrl\":\"\",\"datePublished\":\"2017-08-04T14:42:40+00:00\",\"breadcrumb\":{\"@id\":\"https:\\\/\\\/prochaska.eu\\\/ro\\\/produs\\\/duze-de-pulverizare-toro-din-seria-precision\\\/#breadcrumb\"},\"inLanguage\":\"ro-RO\",\"potentialAction\":[{\"@type\":\"ReadAction\",\"target\":[\"https:\\\/\\\/prochaska.eu\\\/ro\\\/produs\\\/duze-de-pulverizare-toro-din-seria-precision\\\/\"]}]},{\"@type\":\"ImageObject\",\"inLanguage\":\"ro-RO\",\"@id\":\"https:\\\/\\\/prochaska.eu\\\/ro\\\/produs\\\/duze-de-pulverizare-toro-din-seria-precision\\\/#primaryimage\",\"url\":\"\",\"contentUrl\":\"\"},{\"@type\":\"BreadcrumbList\",\"@id\":\"https:\\\/\\\/prochaska.eu\\\/ro\\\/produs\\\/duze-de-pulverizare-toro-din-seria-precision\\\/#breadcrumb\",\"itemListElement\":[{\"@type\":\"ListItem\",\"position\":1,\"name\":\"Home\",\"item\":\"https:\\\/\\\/prochaska.eu\\\/ro\\\/\"},{\"@type\":\"ListItem\",\"position\":2,\"name\":\"Shop\",\"item\":\"https:\\\/\\\/prochaska.eu\\\/ro\\\/shop\\\/\"},{\"@type\":\"ListItem\",\"position\":3,\"name\":\"Duze de pulverizare TORO din seria Precision\"}]},{\"@type\":\"WebSite\",\"@id\":\"https:\\\/\\\/prochaska.eu\\\/ro\\\/#website\",\"url\":\"https:\\\/\\\/prochaska.eu\\\/ro\\\/\",\"name\":\"Prochaska\",\"description\":\"Spezialist f\u00fcr Pflege von Gr\u00fcnfl\u00e4chen\",\"publisher\":{\"@id\":\"https:\\\/\\\/prochaska.eu\\\/ro\\\/#organization\"},\"potentialAction\":[{\"@type\":\"SearchAction\",\"target\":{\"@type\":\"EntryPoint\",\"urlTemplate\":\"https:\\\/\\\/prochaska.eu\\\/ro\\\/?s={search_term_string}\"},\"query-input\":{\"@type\":\"PropertyValueSpecification\",\"valueRequired\":true,\"valueName\":\"search_term_string\"}}],\"inLanguage\":\"ro-RO\"},{\"@type\":\"Organization\",\"@id\":\"https:\\\/\\\/prochaska.eu\\\/ro\\\/#organization\",\"name\":\"Prochaska\",\"url\":\"https:\\\/\\\/prochaska.eu\\\/ro\\\/\",\"logo\":{\"@type\":\"ImageObject\",\"inLanguage\":\"ro-RO\",\"@id\":\"https:\\\/\\\/prochaska.eu\\\/ro\\\/#\\\/schema\\\/logo\\\/image\\\/\",\"url\":\"https:\\\/\\\/prochaska.eu\\\/wp-content\\\/uploads\\\/2024\\\/04\\\/Prochaska_Logo_Black-1.png\",\"contentUrl\":\"https:\\\/\\\/prochaska.eu\\\/wp-content\\\/uploads\\\/2024\\\/04\\\/Prochaska_Logo_Black-1.png\",\"width\":796,\"height\":236,\"caption\":\"Prochaska\"},\"image\":{\"@id\":\"https:\\\/\\\/prochaska.eu\\\/ro\\\/#\\\/schema\\\/logo\\\/image\\\/\"},\"sameAs\":[\"https:\\\/\\\/www.facebook.com\\\/prochaska.eu\\\/\",\"https:\\\/\\\/www.instagram.com\\\/prochaska.eu\\\/\",\"https:\\\/\\\/www.linkedin.com\\\/company\\\/prochaska-handels-gmbh\"]}]}<\/script>\n<!-- \/ Yoast SEO plugin. -->","yoast_head_json":{"title":"Duze de pulverizare TORO din seria Precision - Prochaska","robots":{"index":"index","follow":"follow","max-snippet":"max-snippet:-1","max-image-preview":"max-image-preview:large","max-video-preview":"max-video-preview:-1"},"canonical":"https:\/\/prochaska.eu\/ro\/produs\/duze-de-pulverizare-toro-din-seria-precision\/","og_locale":"ro_RO","og_type":"article","og_title":"Duze de pulverizare TORO din seria Precision - Prochaska","og_description":"Aceste duze de pulverizare din seria Precision v\u0103 ajut\u0103 s\u0103 v\u0103 reduce\u021bi facturile la ap\u0103.","og_url":"https:\/\/prochaska.eu\/ro\/produs\/duze-de-pulverizare-toro-din-seria-precision\/","og_site_name":"Prochaska","article_publisher":"https:\/\/www.facebook.com\/prochaska.eu\/","twitter_card":"summary_large_image","twitter_misc":{"Timp estimat pentru citire":"2 minute"},"schema":{"@context":"https:\/\/schema.org","@graph":[{"@type":"WebPage","@id":"https:\/\/prochaska.eu\/ro\/produs\/duze-de-pulverizare-toro-din-seria-precision\/","url":"https:\/\/prochaska.eu\/ro\/produs\/duze-de-pulverizare-toro-din-seria-precision\/","name":"Duze de pulverizare TORO din seria Precision - Prochaska","isPartOf":{"@id":"https:\/\/prochaska.eu\/ro\/#website"},"primaryImageOfPage":{"@id":"https:\/\/prochaska.eu\/ro\/produs\/duze-de-pulverizare-toro-din-seria-precision\/#primaryimage"},"image":{"@id":"https:\/\/prochaska.eu\/ro\/produs\/duze-de-pulverizare-toro-din-seria-precision\/#primaryimage"},"thumbnailUrl":"","datePublished":"2017-08-04T14:42:40+00:00","breadcrumb":{"@id":"https:\/\/prochaska.eu\/ro\/produs\/duze-de-pulverizare-toro-din-seria-precision\/#breadcrumb"},"inLanguage":"ro-RO","potentialAction":[{"@type":"ReadAction","target":["https:\/\/prochaska.eu\/ro\/produs\/duze-de-pulverizare-toro-din-seria-precision\/"]}]},{"@type":"ImageObject","inLanguage":"ro-RO","@id":"https:\/\/prochaska.eu\/ro\/produs\/duze-de-pulverizare-toro-din-seria-precision\/#primaryimage","url":"","contentUrl":""},{"@type":"BreadcrumbList","@id":"https:\/\/prochaska.eu\/ro\/produs\/duze-de-pulverizare-toro-din-seria-precision\/#breadcrumb","itemListElement":[{"@type":"ListItem","position":1,"name":"Home","item":"https:\/\/prochaska.eu\/ro\/"},{"@type":"ListItem","position":2,"name":"Shop","item":"https:\/\/prochaska.eu\/ro\/shop\/"},{"@type":"ListItem","position":3,"name":"Duze de pulverizare TORO din seria Precision"}]},{"@type":"WebSite","@id":"https:\/\/prochaska.eu\/ro\/#website","url":"https:\/\/prochaska.eu\/ro\/","name":"Prochaska","description":"Spezialist f\u00fcr Pflege von Gr\u00fcnfl\u00e4chen","publisher":{"@id":"https:\/\/prochaska.eu\/ro\/#organization"},"potentialAction":[{"@type":"SearchAction","target":{"@type":"EntryPoint","urlTemplate":"https:\/\/prochaska.eu\/ro\/?s={search_term_string}"},"query-input":{"@type":"PropertyValueSpecification","valueRequired":true,"valueName":"search_term_string"}}],"inLanguage":"ro-RO"},{"@type":"Organization","@id":"https:\/\/prochaska.eu\/ro\/#organization","name":"Prochaska","url":"https:\/\/prochaska.eu\/ro\/","logo":{"@type":"ImageObject","inLanguage":"ro-RO","@id":"https:\/\/prochaska.eu\/ro\/#\/schema\/logo\/image\/","url":"https:\/\/prochaska.eu\/wp-content\/uploads\/2024\/04\/Prochaska_Logo_Black-1.png","contentUrl":"https:\/\/prochaska.eu\/wp-content\/uploads\/2024\/04\/Prochaska_Logo_Black-1.png","width":796,"height":236,"caption":"Prochaska"},"image":{"@id":"https:\/\/prochaska.eu\/ro\/#\/schema\/logo\/image\/"},"sameAs":["https:\/\/www.facebook.com\/prochaska.eu\/","https:\/\/www.instagram.com\/prochaska.eu\/","https:\/\/www.linkedin.com\/company\/prochaska-handels-gmbh"]}]}},"brands":[{"id":3073,"name":"Toro","slug":"toro-ro"}],"_links":{"self":[{"href":"https:\/\/prochaska.eu\/ro\/wp-json\/wp\/v2\/product\/25808","targetHints":{"allow":["GET"]}}],"collection":[{"href":"https:\/\/prochaska.eu\/ro\/wp-json\/wp\/v2\/product"}],"about":[{"href":"https:\/\/prochaska.eu\/ro\/wp-json\/wp\/v2\/types\/product"}],"version-history":[{"count":0,"href":"https:\/\/prochaska.eu\/ro\/wp-json\/wp\/v2\/product\/25808\/revisions"}],"wp:featuredmedia":[{"embeddable":true,"href":"https:\/\/prochaska.eu\/ro\/wp-json\/"}],"wp:attachment":[{"href":"https:\/\/prochaska.eu\/ro\/wp-json\/wp\/v2\/media?parent=25808"}],"wp:term":[{"taxonomy":"pwb-brand","embeddable":true,"href":"https:\/\/prochaska.eu\/ro\/wp-json\/wp\/v2\/pwb-brand?post=25808"},{"taxonomy":"product_brand","embeddable":true,"href":"https:\/\/prochaska.eu\/ro\/wp-json\/wp\/v2\/product_brand?post=25808"},{"taxonomy":"product_cat","embeddable":true,"href":"https:\/\/prochaska.eu\/ro\/wp-json\/wp\/v2\/product_cat?post=25808"},{"taxonomy":"product_tag","embeddable":true,"href":"https:\/\/prochaska.eu\/ro\/wp-json\/wp\/v2\/product_tag?post=25808"}],"curies":[{"name":"wp","href":"https:\/\/api.w.org\/{rel}","templated":true}]}}