{"id":25865,"date":"2017-08-04T14:42:49","date_gmt":"2017-08-04T14:42:49","guid":{"rendered":"https:\/\/prochaska.eu\/product\/toro-cositoare-cu-coasa-groundsmaster-4000-d-4010-d\/"},"modified":"2017-08-04T14:42:49","modified_gmt":"2017-08-04T14:42:49","slug":"toro-cositoare-cu-coasa-groundsmaster-4000-d-4010-d","status":"publish","type":"product","link":"https:\/\/prochaska.eu\/ro\/produs\/toro-cositoare-cu-coasa-groundsmaster-4000-d-4010-d\/","title":{"rendered":"Toro &#8211; Cositoare cu coas\u0103 &#8211; Groundsmaster &#8211; 4000-D, 4010-D"},"content":{"rendered":"<p><strong>Productivitate de mare amploare!<\/strong><\/p>\n<p>Face\u021bi mai mult cu mai pu\u021bin cu cositoarele pentru suprafe\u021be mari Groundsmaster! Acestea acoper\u0103 suprafe\u021be mari cu iarb\u0103 mai lung\u0103 care nu este cosit\u0103 la fel de des. Nu v\u0103 l\u0103sa\u021bi p\u0103c\u0103li\u021bi de aspectul robust. Aceste ma\u0219ini de tuns iarba sunt surprinz\u0103tor de agile \u0219i au un cerc necosit de zero. Cu o l\u0103\u021bime de t\u0103iere de 346 cm, pute\u021bi tunde aprox. 4,3 hectare \u00eentr-o or\u0103.<\/p>\n<p>&nbsp;<\/p>\n<p>Cositoarele Groundsmaster 4000-D\/4010-D au un centru independent \u0219i cositoare laterale offset. Acestea garanteaz\u0103 o cosire puternic\u0103 pe teren accidentat.<\/p>\n<h2><strong>Date tehnice<\/strong><\/h2>\n<p>Modele: 30605, 30609, 30635, 30636<\/p>\n<ul>\n<li>L\u0103\u021bime de t\u0103iere: 346 cm<\/li>\n<li>Trac\u021biune: trac\u021biune integral\u0103<\/li>\n<li>Motor: 30605 &amp; 30635: Yanmar 4TNV84T; 30609 &amp; 30636: Yanmar 4TNV86CT<\/li>\n<li>&lt;Combustibil: 30605 \u0219i 30635: motorin\u0103; 30609 \u0219i 30636: motorin\u0103 cu con\u021binut extrem de sc\u0103zut de sulf ( 15 ppm)<\/li>\n<li>Capacitate de cosire: 4,3 hectare \/ h<\/li>\n<\/ul>\n","protected":false},"excerpt":{"rendered":"<p>Cositoarele Groundsmaster 4000-D\/4010-D au cositoare centrale independente \u0219i cositoare laterale decalate pentru o cosire de \u00eenalt\u0103 performan\u021b\u0103 pe teren accidentat.<\/p>\n","protected":false},"featured_media":21138,"template":"","meta":[],"pwb-brand":[3073],"product_brand":[],"product_cat":[1522,1521],"product_tag":[],"class_list":{"0":"post-25865","1":"product","2":"type-product","3":"status-publish","4":"has-post-thumbnail","6":"pwb-brand-toro-ro","7":"product_cat-cositoare","8":"product_cat-municipal-terenuri-de-sport-si-agricultura","10":"first","11":"instock","12":"taxable","13":"shipping-taxable","14":"product-type-simple"},"yoast_head":"<!-- This site is optimized with the Yoast SEO plugin v27.4 - https:\/\/yoast.com\/product\/yoast-seo-wordpress\/ -->\n<title>Toro - Cositoare cu coas\u0103 - Groundsmaster - 4000-D, 4010-D - Prochaska<\/title>\n<meta name=\"robots\" content=\"index, follow, max-snippet:-1, max-image-preview:large, max-video-preview:-1\" \/>\n<link rel=\"canonical\" href=\"https:\/\/prochaska.eu\/ro\/produs\/toro-cositoare-cu-coasa-groundsmaster-4000-d-4010-d\/\" \/>\n<meta property=\"og:locale\" content=\"ro_RO\" \/>\n<meta property=\"og:type\" content=\"article\" \/>\n<meta property=\"og:title\" content=\"Toro - Cositoare cu coas\u0103 - Groundsmaster - 4000-D, 4010-D - Prochaska\" \/>\n<meta property=\"og:description\" content=\"Cositoarele Groundsmaster 4000-D\/4010-D au cositoare centrale independente \u0219i cositoare laterale decalate pentru o cosire de \u00eenalt\u0103 performan\u021b\u0103 pe teren accidentat.\" \/>\n<meta property=\"og:url\" content=\"https:\/\/prochaska.eu\/ro\/produs\/toro-cositoare-cu-coasa-groundsmaster-4000-d-4010-d\/\" \/>\n<meta property=\"og:site_name\" content=\"Prochaska\" \/>\n<meta property=\"article:publisher\" content=\"https:\/\/www.facebook.com\/prochaska.eu\/\" \/>\n<meta property=\"og:image\" content=\"https:\/\/prochaska.eu\/wp-content\/uploads\/2024\/06\/3060530609-GM4000-D_1-e1589181672781.jpg\" \/>\n\t<meta property=\"og:image:width\" content=\"1440\" \/>\n\t<meta property=\"og:image:height\" content=\"1440\" \/>\n\t<meta property=\"og:image:type\" content=\"image\/jpeg\" \/>\n<meta name=\"twitter:card\" content=\"summary_large_image\" \/>\n<meta name=\"twitter:label1\" content=\"Timp estimat pentru citire\" \/>\n\t<meta name=\"twitter:data1\" content=\"1 minut\" \/>\n<script type=\"application\/ld+json\" class=\"yoast-schema-graph\">{\"@context\":\"https:\\\/\\\/schema.org\",\"@graph\":[{\"@type\":\"WebPage\",\"@id\":\"https:\\\/\\\/prochaska.eu\\\/ro\\\/produs\\\/toro-cositoare-cu-coasa-groundsmaster-4000-d-4010-d\\\/\",\"url\":\"https:\\\/\\\/prochaska.eu\\\/ro\\\/produs\\\/toro-cositoare-cu-coasa-groundsmaster-4000-d-4010-d\\\/\",\"name\":\"Toro - Cositoare cu coas\u0103 - Groundsmaster - 4000-D, 4010-D - Prochaska\",\"isPartOf\":{\"@id\":\"https:\\\/\\\/prochaska.eu\\\/ro\\\/#website\"},\"primaryImageOfPage\":{\"@id\":\"https:\\\/\\\/prochaska.eu\\\/ro\\\/produs\\\/toro-cositoare-cu-coasa-groundsmaster-4000-d-4010-d\\\/#primaryimage\"},\"image\":{\"@id\":\"https:\\\/\\\/prochaska.eu\\\/ro\\\/produs\\\/toro-cositoare-cu-coasa-groundsmaster-4000-d-4010-d\\\/#primaryimage\"},\"thumbnailUrl\":\"https:\\\/\\\/prochaska.eu\\\/wp-content\\\/uploads\\\/2024\\\/06\\\/3060530609-GM4000-D_1-e1589181672781.jpg\",\"datePublished\":\"2017-08-04T14:42:49+00:00\",\"breadcrumb\":{\"@id\":\"https:\\\/\\\/prochaska.eu\\\/ro\\\/produs\\\/toro-cositoare-cu-coasa-groundsmaster-4000-d-4010-d\\\/#breadcrumb\"},\"inLanguage\":\"ro-RO\",\"potentialAction\":[{\"@type\":\"ReadAction\",\"target\":[\"https:\\\/\\\/prochaska.eu\\\/ro\\\/produs\\\/toro-cositoare-cu-coasa-groundsmaster-4000-d-4010-d\\\/\"]}]},{\"@type\":\"ImageObject\",\"inLanguage\":\"ro-RO\",\"@id\":\"https:\\\/\\\/prochaska.eu\\\/ro\\\/produs\\\/toro-cositoare-cu-coasa-groundsmaster-4000-d-4010-d\\\/#primaryimage\",\"url\":\"https:\\\/\\\/prochaska.eu\\\/wp-content\\\/uploads\\\/2024\\\/06\\\/3060530609-GM4000-D_1-e1589181672781.jpg\",\"contentUrl\":\"https:\\\/\\\/prochaska.eu\\\/wp-content\\\/uploads\\\/2024\\\/06\\\/3060530609-GM4000-D_1-e1589181672781.jpg\",\"width\":1440,\"height\":1440,\"caption\":\"Groundsmaster 4000-D\"},{\"@type\":\"BreadcrumbList\",\"@id\":\"https:\\\/\\\/prochaska.eu\\\/ro\\\/produs\\\/toro-cositoare-cu-coasa-groundsmaster-4000-d-4010-d\\\/#breadcrumb\",\"itemListElement\":[{\"@type\":\"ListItem\",\"position\":1,\"name\":\"Home\",\"item\":\"https:\\\/\\\/prochaska.eu\\\/ro\\\/\"},{\"@type\":\"ListItem\",\"position\":2,\"name\":\"Shop\",\"item\":\"https:\\\/\\\/prochaska.eu\\\/ro\\\/shop\\\/\"},{\"@type\":\"ListItem\",\"position\":3,\"name\":\"Toro &#8211; Cositoare cu coas\u0103 &#8211; Groundsmaster &#8211; 4000-D, 4010-D\"}]},{\"@type\":\"WebSite\",\"@id\":\"https:\\\/\\\/prochaska.eu\\\/ro\\\/#website\",\"url\":\"https:\\\/\\\/prochaska.eu\\\/ro\\\/\",\"name\":\"Prochaska\",\"description\":\"Spezialist f\u00fcr Pflege von Gr\u00fcnfl\u00e4chen\",\"publisher\":{\"@id\":\"https:\\\/\\\/prochaska.eu\\\/ro\\\/#organization\"},\"potentialAction\":[{\"@type\":\"SearchAction\",\"target\":{\"@type\":\"EntryPoint\",\"urlTemplate\":\"https:\\\/\\\/prochaska.eu\\\/ro\\\/?s={search_term_string}\"},\"query-input\":{\"@type\":\"PropertyValueSpecification\",\"valueRequired\":true,\"valueName\":\"search_term_string\"}}],\"inLanguage\":\"ro-RO\"},{\"@type\":\"Organization\",\"@id\":\"https:\\\/\\\/prochaska.eu\\\/ro\\\/#organization\",\"name\":\"Prochaska\",\"url\":\"https:\\\/\\\/prochaska.eu\\\/ro\\\/\",\"logo\":{\"@type\":\"ImageObject\",\"inLanguage\":\"ro-RO\",\"@id\":\"https:\\\/\\\/prochaska.eu\\\/ro\\\/#\\\/schema\\\/logo\\\/image\\\/\",\"url\":\"https:\\\/\\\/prochaska.eu\\\/wp-content\\\/uploads\\\/2024\\\/04\\\/Prochaska_Logo_Black-1.png\",\"contentUrl\":\"https:\\\/\\\/prochaska.eu\\\/wp-content\\\/uploads\\\/2024\\\/04\\\/Prochaska_Logo_Black-1.png\",\"width\":796,\"height\":236,\"caption\":\"Prochaska\"},\"image\":{\"@id\":\"https:\\\/\\\/prochaska.eu\\\/ro\\\/#\\\/schema\\\/logo\\\/image\\\/\"},\"sameAs\":[\"https:\\\/\\\/www.facebook.com\\\/prochaska.eu\\\/\",\"https:\\\/\\\/www.instagram.com\\\/prochaska.eu\\\/\",\"https:\\\/\\\/www.linkedin.com\\\/company\\\/prochaska-handels-gmbh\"]}]}<\/script>\n<!-- \/ Yoast SEO plugin. -->","yoast_head_json":{"title":"Toro - Cositoare cu coas\u0103 - Groundsmaster - 4000-D, 4010-D - Prochaska","robots":{"index":"index","follow":"follow","max-snippet":"max-snippet:-1","max-image-preview":"max-image-preview:large","max-video-preview":"max-video-preview:-1"},"canonical":"https:\/\/prochaska.eu\/ro\/produs\/toro-cositoare-cu-coasa-groundsmaster-4000-d-4010-d\/","og_locale":"ro_RO","og_type":"article","og_title":"Toro - Cositoare cu coas\u0103 - Groundsmaster - 4000-D, 4010-D - Prochaska","og_description":"Cositoarele Groundsmaster 4000-D\/4010-D au cositoare centrale independente \u0219i cositoare laterale decalate pentru o cosire de \u00eenalt\u0103 performan\u021b\u0103 pe teren accidentat.","og_url":"https:\/\/prochaska.eu\/ro\/produs\/toro-cositoare-cu-coasa-groundsmaster-4000-d-4010-d\/","og_site_name":"Prochaska","article_publisher":"https:\/\/www.facebook.com\/prochaska.eu\/","og_image":[{"width":1440,"height":1440,"url":"https:\/\/prochaska.eu\/wp-content\/uploads\/2024\/06\/3060530609-GM4000-D_1-e1589181672781.jpg","type":"image\/jpeg"}],"twitter_card":"summary_large_image","twitter_misc":{"Timp estimat pentru citire":"1 minut"},"schema":{"@context":"https:\/\/schema.org","@graph":[{"@type":"WebPage","@id":"https:\/\/prochaska.eu\/ro\/produs\/toro-cositoare-cu-coasa-groundsmaster-4000-d-4010-d\/","url":"https:\/\/prochaska.eu\/ro\/produs\/toro-cositoare-cu-coasa-groundsmaster-4000-d-4010-d\/","name":"Toro - Cositoare cu coas\u0103 - Groundsmaster - 4000-D, 4010-D - Prochaska","isPartOf":{"@id":"https:\/\/prochaska.eu\/ro\/#website"},"primaryImageOfPage":{"@id":"https:\/\/prochaska.eu\/ro\/produs\/toro-cositoare-cu-coasa-groundsmaster-4000-d-4010-d\/#primaryimage"},"image":{"@id":"https:\/\/prochaska.eu\/ro\/produs\/toro-cositoare-cu-coasa-groundsmaster-4000-d-4010-d\/#primaryimage"},"thumbnailUrl":"https:\/\/prochaska.eu\/wp-content\/uploads\/2024\/06\/3060530609-GM4000-D_1-e1589181672781.jpg","datePublished":"2017-08-04T14:42:49+00:00","breadcrumb":{"@id":"https:\/\/prochaska.eu\/ro\/produs\/toro-cositoare-cu-coasa-groundsmaster-4000-d-4010-d\/#breadcrumb"},"inLanguage":"ro-RO","potentialAction":[{"@type":"ReadAction","target":["https:\/\/prochaska.eu\/ro\/produs\/toro-cositoare-cu-coasa-groundsmaster-4000-d-4010-d\/"]}]},{"@type":"ImageObject","inLanguage":"ro-RO","@id":"https:\/\/prochaska.eu\/ro\/produs\/toro-cositoare-cu-coasa-groundsmaster-4000-d-4010-d\/#primaryimage","url":"https:\/\/prochaska.eu\/wp-content\/uploads\/2024\/06\/3060530609-GM4000-D_1-e1589181672781.jpg","contentUrl":"https:\/\/prochaska.eu\/wp-content\/uploads\/2024\/06\/3060530609-GM4000-D_1-e1589181672781.jpg","width":1440,"height":1440,"caption":"Groundsmaster 4000-D"},{"@type":"BreadcrumbList","@id":"https:\/\/prochaska.eu\/ro\/produs\/toro-cositoare-cu-coasa-groundsmaster-4000-d-4010-d\/#breadcrumb","itemListElement":[{"@type":"ListItem","position":1,"name":"Home","item":"https:\/\/prochaska.eu\/ro\/"},{"@type":"ListItem","position":2,"name":"Shop","item":"https:\/\/prochaska.eu\/ro\/shop\/"},{"@type":"ListItem","position":3,"name":"Toro &#8211; Cositoare cu coas\u0103 &#8211; Groundsmaster &#8211; 4000-D, 4010-D"}]},{"@type":"WebSite","@id":"https:\/\/prochaska.eu\/ro\/#website","url":"https:\/\/prochaska.eu\/ro\/","name":"Prochaska","description":"Spezialist f\u00fcr Pflege von Gr\u00fcnfl\u00e4chen","publisher":{"@id":"https:\/\/prochaska.eu\/ro\/#organization"},"potentialAction":[{"@type":"SearchAction","target":{"@type":"EntryPoint","urlTemplate":"https:\/\/prochaska.eu\/ro\/?s={search_term_string}"},"query-input":{"@type":"PropertyValueSpecification","valueRequired":true,"valueName":"search_term_string"}}],"inLanguage":"ro-RO"},{"@type":"Organization","@id":"https:\/\/prochaska.eu\/ro\/#organization","name":"Prochaska","url":"https:\/\/prochaska.eu\/ro\/","logo":{"@type":"ImageObject","inLanguage":"ro-RO","@id":"https:\/\/prochaska.eu\/ro\/#\/schema\/logo\/image\/","url":"https:\/\/prochaska.eu\/wp-content\/uploads\/2024\/04\/Prochaska_Logo_Black-1.png","contentUrl":"https:\/\/prochaska.eu\/wp-content\/uploads\/2024\/04\/Prochaska_Logo_Black-1.png","width":796,"height":236,"caption":"Prochaska"},"image":{"@id":"https:\/\/prochaska.eu\/ro\/#\/schema\/logo\/image\/"},"sameAs":["https:\/\/www.facebook.com\/prochaska.eu\/","https:\/\/www.instagram.com\/prochaska.eu\/","https:\/\/www.linkedin.com\/company\/prochaska-handels-gmbh"]}]}},"brands":[{"id":3073,"name":"Toro","slug":"toro-ro"}],"_links":{"self":[{"href":"https:\/\/prochaska.eu\/ro\/wp-json\/wp\/v2\/product\/25865","targetHints":{"allow":["GET"]}}],"collection":[{"href":"https:\/\/prochaska.eu\/ro\/wp-json\/wp\/v2\/product"}],"about":[{"href":"https:\/\/prochaska.eu\/ro\/wp-json\/wp\/v2\/types\/product"}],"version-history":[{"count":0,"href":"https:\/\/prochaska.eu\/ro\/wp-json\/wp\/v2\/product\/25865\/revisions"}],"wp:featuredmedia":[{"embeddable":true,"href":"https:\/\/prochaska.eu\/ro\/wp-json\/wp\/v2\/media\/21138"}],"wp:attachment":[{"href":"https:\/\/prochaska.eu\/ro\/wp-json\/wp\/v2\/media?parent=25865"}],"wp:term":[{"taxonomy":"pwb-brand","embeddable":true,"href":"https:\/\/prochaska.eu\/ro\/wp-json\/wp\/v2\/pwb-brand?post=25865"},{"taxonomy":"product_brand","embeddable":true,"href":"https:\/\/prochaska.eu\/ro\/wp-json\/wp\/v2\/product_brand?post=25865"},{"taxonomy":"product_cat","embeddable":true,"href":"https:\/\/prochaska.eu\/ro\/wp-json\/wp\/v2\/product_cat?post=25865"},{"taxonomy":"product_tag","embeddable":true,"href":"https:\/\/prochaska.eu\/ro\/wp-json\/wp\/v2\/product_tag?post=25865"}],"curies":[{"name":"wp","href":"https:\/\/api.w.org\/{rel}","templated":true}]}}