{"id":25868,"date":"2017-08-04T14:42:54","date_gmt":"2017-08-04T14:42:54","guid":{"rendered":"https:\/\/prochaska.eu\/product\/toro-greensmaster-flex-2100-04040\/"},"modified":"2017-08-04T14:42:54","modified_gmt":"2017-08-04T14:42:54","slug":"toro-greensmaster-flex-2100-04040","status":"publish","type":"product","link":"https:\/\/prochaska.eu\/ro\/produs\/toro-greensmaster-flex-2100-04040\/","title":{"rendered":"TORO Greensmaster Flex 2100 (04040)"},"content":{"rendered":"<p style=\"text-align: left;\">Toro Greensmaster Flex 2100 ofer\u0103 o calitate excelent\u0103 a t\u0103ierii. Unitatea de t\u0103iere flexibil\u0103 nu provoac\u0103 abraziuni, chiar \u0219i la \u00een\u0103l\u021bimi de t\u0103iere reduse. Reglarea precis\u0103 \u00een dou\u0103 puncte permite modificarea u\u0219oar\u0103 \u0219i uniform\u0103 a distan\u021bei dintre lama inferioar\u0103 \u0219i ax.<\/p>\n<h2 style=\"text-align: left;\">Func\u021bii<\/h2>\n<h3 style=\"text-align: left;\"><strong>Ac\u021bionare simpl\u0103 cu curea din\u021bat\u0103<\/strong><\/h3>\n<p style=\"text-align: left;\">Designul simplu \u0219i fiabil al curelei de distribu\u021bie Poly-v transfer\u0103 puterea c\u0103tre ax \u0219i tamburul de ac\u021bionare, dup\u0103 cum este necesar. Sistemul de ac\u021bionare comun furnizeaz\u0103 energie at\u00e2t tamburului de ac\u021bionare, c\u00e2t \u0219i fusului. Rezultatul este o t\u0103iere uniform\u0103, indiferent de viteza de deplasare.<\/p>\n<h3 style=\"text-align: left;\"><strong>Tehnologie avansat\u0103 a bateriei litiu-ion<\/strong><\/h3>\n<p style=\"text-align: left;\">\u00cenc\u0103rcarea bateriei litiu-ion este suficient\u0103 pentru cosirea a p\u00e2n\u0103 la 4.180 m\u00b2! O baterie dureaz\u0103 cinci ani. Acesta ofer\u0103 suficient\u0103 putere pentru cosirea spa\u021biilor verzi \u0219i utilizarea accesoriilor, cum ar fi frezele \u0219i farurile. F\u0103r\u0103 de\u0219euri toxice de eliminat, f\u0103r\u0103 niveluri de lichid de monitorizat, f\u0103r\u0103 cleme de cur\u0103\u021bat, f\u0103r\u0103 necesitatea de a schimba bateria \u00een timpul lucrului &#8211; lista de avantaje este lung\u0103.<\/p>\n<h3 style=\"text-align: left;\"><strong>Set\u0103ri integrate ale clipurilor<\/strong><\/h3>\n<p style=\"text-align: left;\">Fiecare nou\u0103 ma\u0219in\u0103 de tuns iarba Flex are \u0219ase op\u021biuni de setare a t\u0103ierii u\u0219or de configurat. Acest lucru v\u0103 permite s\u0103 defini\u021bi \u00een\u0103l\u021bimile de t\u0103iere necesare etc. chiar de la \u00eenceput. Trei scripe\u021bi codifica\u021bi \u00een culori pot fi rearanja\u021bi rapid cu o cheie pentru a regla set\u0103rile de t\u0103iere.<\/p>\n<h3 style=\"text-align: left;\"><strong>Productivitatea EZ-Turn<\/strong><\/h3>\n<p style=\"text-align: left;\">Atunci c\u00e2nd func\u021bia EZ-Turn patentat\u0103 este activat\u0103, viteza aparatului este \u00eencetinit\u0103 automat la \u00eentoarcere \u0219i apoi m\u0103rit\u0103 din nou automat.<\/p>\n<h2 style=\"text-align: left;\">Date tehnice<\/h2>\n<ul>\n<li style=\"text-align: left;\">L\u0103\u021bime de t\u0103iere: 53 cm<\/li>\n<li style=\"text-align: left;\">Combustibil:Benzin\u0103<\/li>\n<li style=\"text-align: left;\">Surs\u0103 de alimentare: Subaru<\/li>\n<li style=\"text-align: left;\">\u00cen\u0103l\u021bimea de t\u0103iere: de la 1,5 la 25,4 mm<\/li>\n<li style=\"text-align: left;\">Viteza de cosire: 2,6 p\u00e2n\u0103 la 5,8 km\/h<\/li>\n<\/ul>\n","protected":false},"excerpt":{"rendered":"<p>Unitatea de t\u0103iere flexibil\u0103 a Toro Flex nu provoac\u0103 abraziuni chiar \u0219i la \u00een\u0103l\u021bimi de t\u0103iere reduse.<\/p>\n","protected":false},"featured_media":21183,"template":"","meta":[],"pwb-brand":[3073],"product_brand":[],"product_cat":[1523,1149,1388],"product_tag":[],"class_list":{"0":"post-25868","1":"product","2":"type-product","3":"status-publish","4":"has-post-thumbnail","6":"pwb-brand-toro-ro","7":"product_cat-cositoare-ro","8":"product_cat-cositoare-de-gazon","9":"product_cat-masini-de-golf","11":"first","12":"instock","13":"taxable","14":"shipping-taxable","15":"product-type-simple"},"yoast_head":"<!-- This site is optimized with the Yoast SEO plugin v27.4 - https:\/\/yoast.com\/product\/yoast-seo-wordpress\/ -->\n<title>TORO Greensmaster Flex 2100 (04040) - Prochaska<\/title>\n<meta name=\"robots\" content=\"index, follow, max-snippet:-1, max-image-preview:large, max-video-preview:-1\" \/>\n<link rel=\"canonical\" href=\"https:\/\/prochaska.eu\/ro\/produs\/toro-greensmaster-flex-2100-04040\/\" \/>\n<meta property=\"og:locale\" content=\"ro_RO\" \/>\n<meta property=\"og:type\" content=\"article\" \/>\n<meta property=\"og:title\" content=\"TORO Greensmaster Flex 2100 (04040) - Prochaska\" \/>\n<meta property=\"og:description\" content=\"Unitatea de t\u0103iere flexibil\u0103 a Toro Flex nu provoac\u0103 abraziuni chiar \u0219i la \u00een\u0103l\u021bimi de t\u0103iere reduse.\" \/>\n<meta property=\"og:url\" content=\"https:\/\/prochaska.eu\/ro\/produs\/toro-greensmaster-flex-2100-04040\/\" \/>\n<meta property=\"og:site_name\" content=\"Prochaska\" \/>\n<meta property=\"article:publisher\" content=\"https:\/\/www.facebook.com\/prochaska.eu\/\" \/>\n<meta property=\"og:image\" content=\"https:\/\/prochaska.eu\/wp-content\/uploads\/2024\/06\/Greensmaster_Flex-e1586511846973.jpg\" \/>\n\t<meta property=\"og:image:width\" content=\"1440\" \/>\n\t<meta property=\"og:image:height\" content=\"1440\" \/>\n\t<meta property=\"og:image:type\" content=\"image\/jpeg\" \/>\n<meta name=\"twitter:card\" content=\"summary_large_image\" \/>\n<meta name=\"twitter:label1\" content=\"Timp estimat pentru citire\" \/>\n\t<meta name=\"twitter:data1\" content=\"2 minute\" \/>\n<script type=\"application\/ld+json\" class=\"yoast-schema-graph\">{\"@context\":\"https:\\\/\\\/schema.org\",\"@graph\":[{\"@type\":\"WebPage\",\"@id\":\"https:\\\/\\\/prochaska.eu\\\/ro\\\/produs\\\/toro-greensmaster-flex-2100-04040\\\/\",\"url\":\"https:\\\/\\\/prochaska.eu\\\/ro\\\/produs\\\/toro-greensmaster-flex-2100-04040\\\/\",\"name\":\"TORO Greensmaster Flex 2100 (04040) - Prochaska\",\"isPartOf\":{\"@id\":\"https:\\\/\\\/prochaska.eu\\\/ro\\\/#website\"},\"primaryImageOfPage\":{\"@id\":\"https:\\\/\\\/prochaska.eu\\\/ro\\\/produs\\\/toro-greensmaster-flex-2100-04040\\\/#primaryimage\"},\"image\":{\"@id\":\"https:\\\/\\\/prochaska.eu\\\/ro\\\/produs\\\/toro-greensmaster-flex-2100-04040\\\/#primaryimage\"},\"thumbnailUrl\":\"https:\\\/\\\/prochaska.eu\\\/wp-content\\\/uploads\\\/2024\\\/06\\\/Greensmaster_Flex-e1586511846973.jpg\",\"datePublished\":\"2017-08-04T14:42:54+00:00\",\"breadcrumb\":{\"@id\":\"https:\\\/\\\/prochaska.eu\\\/ro\\\/produs\\\/toro-greensmaster-flex-2100-04040\\\/#breadcrumb\"},\"inLanguage\":\"ro-RO\",\"potentialAction\":[{\"@type\":\"ReadAction\",\"target\":[\"https:\\\/\\\/prochaska.eu\\\/ro\\\/produs\\\/toro-greensmaster-flex-2100-04040\\\/\"]}]},{\"@type\":\"ImageObject\",\"inLanguage\":\"ro-RO\",\"@id\":\"https:\\\/\\\/prochaska.eu\\\/ro\\\/produs\\\/toro-greensmaster-flex-2100-04040\\\/#primaryimage\",\"url\":\"https:\\\/\\\/prochaska.eu\\\/wp-content\\\/uploads\\\/2024\\\/06\\\/Greensmaster_Flex-e1586511846973.jpg\",\"contentUrl\":\"https:\\\/\\\/prochaska.eu\\\/wp-content\\\/uploads\\\/2024\\\/06\\\/Greensmaster_Flex-e1586511846973.jpg\",\"width\":1440,\"height\":1440,\"caption\":\"Toro Greensmaster Flex 2100\"},{\"@type\":\"BreadcrumbList\",\"@id\":\"https:\\\/\\\/prochaska.eu\\\/ro\\\/produs\\\/toro-greensmaster-flex-2100-04040\\\/#breadcrumb\",\"itemListElement\":[{\"@type\":\"ListItem\",\"position\":1,\"name\":\"Home\",\"item\":\"https:\\\/\\\/prochaska.eu\\\/ro\\\/\"},{\"@type\":\"ListItem\",\"position\":2,\"name\":\"Shop\",\"item\":\"https:\\\/\\\/prochaska.eu\\\/ro\\\/shop\\\/\"},{\"@type\":\"ListItem\",\"position\":3,\"name\":\"TORO Greensmaster Flex 2100 (04040)\"}]},{\"@type\":\"WebSite\",\"@id\":\"https:\\\/\\\/prochaska.eu\\\/ro\\\/#website\",\"url\":\"https:\\\/\\\/prochaska.eu\\\/ro\\\/\",\"name\":\"Prochaska\",\"description\":\"Spezialist f\u00fcr Pflege von Gr\u00fcnfl\u00e4chen\",\"publisher\":{\"@id\":\"https:\\\/\\\/prochaska.eu\\\/ro\\\/#organization\"},\"potentialAction\":[{\"@type\":\"SearchAction\",\"target\":{\"@type\":\"EntryPoint\",\"urlTemplate\":\"https:\\\/\\\/prochaska.eu\\\/ro\\\/?s={search_term_string}\"},\"query-input\":{\"@type\":\"PropertyValueSpecification\",\"valueRequired\":true,\"valueName\":\"search_term_string\"}}],\"inLanguage\":\"ro-RO\"},{\"@type\":\"Organization\",\"@id\":\"https:\\\/\\\/prochaska.eu\\\/ro\\\/#organization\",\"name\":\"Prochaska\",\"url\":\"https:\\\/\\\/prochaska.eu\\\/ro\\\/\",\"logo\":{\"@type\":\"ImageObject\",\"inLanguage\":\"ro-RO\",\"@id\":\"https:\\\/\\\/prochaska.eu\\\/ro\\\/#\\\/schema\\\/logo\\\/image\\\/\",\"url\":\"https:\\\/\\\/prochaska.eu\\\/wp-content\\\/uploads\\\/2024\\\/04\\\/Prochaska_Logo_Black-1.png\",\"contentUrl\":\"https:\\\/\\\/prochaska.eu\\\/wp-content\\\/uploads\\\/2024\\\/04\\\/Prochaska_Logo_Black-1.png\",\"width\":796,\"height\":236,\"caption\":\"Prochaska\"},\"image\":{\"@id\":\"https:\\\/\\\/prochaska.eu\\\/ro\\\/#\\\/schema\\\/logo\\\/image\\\/\"},\"sameAs\":[\"https:\\\/\\\/www.facebook.com\\\/prochaska.eu\\\/\",\"https:\\\/\\\/www.instagram.com\\\/prochaska.eu\\\/\",\"https:\\\/\\\/www.linkedin.com\\\/company\\\/prochaska-handels-gmbh\"]}]}<\/script>\n<!-- \/ Yoast SEO plugin. -->","yoast_head_json":{"title":"TORO Greensmaster Flex 2100 (04040) - Prochaska","robots":{"index":"index","follow":"follow","max-snippet":"max-snippet:-1","max-image-preview":"max-image-preview:large","max-video-preview":"max-video-preview:-1"},"canonical":"https:\/\/prochaska.eu\/ro\/produs\/toro-greensmaster-flex-2100-04040\/","og_locale":"ro_RO","og_type":"article","og_title":"TORO Greensmaster Flex 2100 (04040) - Prochaska","og_description":"Unitatea de t\u0103iere flexibil\u0103 a Toro Flex nu provoac\u0103 abraziuni chiar \u0219i la \u00een\u0103l\u021bimi de t\u0103iere reduse.","og_url":"https:\/\/prochaska.eu\/ro\/produs\/toro-greensmaster-flex-2100-04040\/","og_site_name":"Prochaska","article_publisher":"https:\/\/www.facebook.com\/prochaska.eu\/","og_image":[{"width":1440,"height":1440,"url":"https:\/\/prochaska.eu\/wp-content\/uploads\/2024\/06\/Greensmaster_Flex-e1586511846973.jpg","type":"image\/jpeg"}],"twitter_card":"summary_large_image","twitter_misc":{"Timp estimat pentru citire":"2 minute"},"schema":{"@context":"https:\/\/schema.org","@graph":[{"@type":"WebPage","@id":"https:\/\/prochaska.eu\/ro\/produs\/toro-greensmaster-flex-2100-04040\/","url":"https:\/\/prochaska.eu\/ro\/produs\/toro-greensmaster-flex-2100-04040\/","name":"TORO Greensmaster Flex 2100 (04040) - Prochaska","isPartOf":{"@id":"https:\/\/prochaska.eu\/ro\/#website"},"primaryImageOfPage":{"@id":"https:\/\/prochaska.eu\/ro\/produs\/toro-greensmaster-flex-2100-04040\/#primaryimage"},"image":{"@id":"https:\/\/prochaska.eu\/ro\/produs\/toro-greensmaster-flex-2100-04040\/#primaryimage"},"thumbnailUrl":"https:\/\/prochaska.eu\/wp-content\/uploads\/2024\/06\/Greensmaster_Flex-e1586511846973.jpg","datePublished":"2017-08-04T14:42:54+00:00","breadcrumb":{"@id":"https:\/\/prochaska.eu\/ro\/produs\/toro-greensmaster-flex-2100-04040\/#breadcrumb"},"inLanguage":"ro-RO","potentialAction":[{"@type":"ReadAction","target":["https:\/\/prochaska.eu\/ro\/produs\/toro-greensmaster-flex-2100-04040\/"]}]},{"@type":"ImageObject","inLanguage":"ro-RO","@id":"https:\/\/prochaska.eu\/ro\/produs\/toro-greensmaster-flex-2100-04040\/#primaryimage","url":"https:\/\/prochaska.eu\/wp-content\/uploads\/2024\/06\/Greensmaster_Flex-e1586511846973.jpg","contentUrl":"https:\/\/prochaska.eu\/wp-content\/uploads\/2024\/06\/Greensmaster_Flex-e1586511846973.jpg","width":1440,"height":1440,"caption":"Toro Greensmaster Flex 2100"},{"@type":"BreadcrumbList","@id":"https:\/\/prochaska.eu\/ro\/produs\/toro-greensmaster-flex-2100-04040\/#breadcrumb","itemListElement":[{"@type":"ListItem","position":1,"name":"Home","item":"https:\/\/prochaska.eu\/ro\/"},{"@type":"ListItem","position":2,"name":"Shop","item":"https:\/\/prochaska.eu\/ro\/shop\/"},{"@type":"ListItem","position":3,"name":"TORO Greensmaster Flex 2100 (04040)"}]},{"@type":"WebSite","@id":"https:\/\/prochaska.eu\/ro\/#website","url":"https:\/\/prochaska.eu\/ro\/","name":"Prochaska","description":"Spezialist f\u00fcr Pflege von Gr\u00fcnfl\u00e4chen","publisher":{"@id":"https:\/\/prochaska.eu\/ro\/#organization"},"potentialAction":[{"@type":"SearchAction","target":{"@type":"EntryPoint","urlTemplate":"https:\/\/prochaska.eu\/ro\/?s={search_term_string}"},"query-input":{"@type":"PropertyValueSpecification","valueRequired":true,"valueName":"search_term_string"}}],"inLanguage":"ro-RO"},{"@type":"Organization","@id":"https:\/\/prochaska.eu\/ro\/#organization","name":"Prochaska","url":"https:\/\/prochaska.eu\/ro\/","logo":{"@type":"ImageObject","inLanguage":"ro-RO","@id":"https:\/\/prochaska.eu\/ro\/#\/schema\/logo\/image\/","url":"https:\/\/prochaska.eu\/wp-content\/uploads\/2024\/04\/Prochaska_Logo_Black-1.png","contentUrl":"https:\/\/prochaska.eu\/wp-content\/uploads\/2024\/04\/Prochaska_Logo_Black-1.png","width":796,"height":236,"caption":"Prochaska"},"image":{"@id":"https:\/\/prochaska.eu\/ro\/#\/schema\/logo\/image\/"},"sameAs":["https:\/\/www.facebook.com\/prochaska.eu\/","https:\/\/www.instagram.com\/prochaska.eu\/","https:\/\/www.linkedin.com\/company\/prochaska-handels-gmbh"]}]}},"brands":[{"id":3073,"name":"Toro","slug":"toro-ro"}],"_links":{"self":[{"href":"https:\/\/prochaska.eu\/ro\/wp-json\/wp\/v2\/product\/25868","targetHints":{"allow":["GET"]}}],"collection":[{"href":"https:\/\/prochaska.eu\/ro\/wp-json\/wp\/v2\/product"}],"about":[{"href":"https:\/\/prochaska.eu\/ro\/wp-json\/wp\/v2\/types\/product"}],"version-history":[{"count":0,"href":"https:\/\/prochaska.eu\/ro\/wp-json\/wp\/v2\/product\/25868\/revisions"}],"wp:featuredmedia":[{"embeddable":true,"href":"https:\/\/prochaska.eu\/ro\/wp-json\/wp\/v2\/media\/21183"}],"wp:attachment":[{"href":"https:\/\/prochaska.eu\/ro\/wp-json\/wp\/v2\/media?parent=25868"}],"wp:term":[{"taxonomy":"pwb-brand","embeddable":true,"href":"https:\/\/prochaska.eu\/ro\/wp-json\/wp\/v2\/pwb-brand?post=25868"},{"taxonomy":"product_brand","embeddable":true,"href":"https:\/\/prochaska.eu\/ro\/wp-json\/wp\/v2\/product_brand?post=25868"},{"taxonomy":"product_cat","embeddable":true,"href":"https:\/\/prochaska.eu\/ro\/wp-json\/wp\/v2\/product_cat?post=25868"},{"taxonomy":"product_tag","embeddable":true,"href":"https:\/\/prochaska.eu\/ro\/wp-json\/wp\/v2\/product_tag?post=25868"}],"curies":[{"name":"wp","href":"https:\/\/api.w.org\/{rel}","templated":true}]}}