{"id":25871,"date":"2017-08-04T14:42:56","date_gmt":"2017-08-04T14:42:56","guid":{"rendered":"https:\/\/prochaska.eu\/product\/toro-workman-hdx-d-cu-doua-sau-patru-roti-motrice\/"},"modified":"2017-08-04T14:42:56","modified_gmt":"2017-08-04T14:42:56","slug":"toro-workman-hdx-d-cu-doua-sau-patru-roti-motrice","status":"publish","type":"product","link":"https:\/\/prochaska.eu\/ro\/produs\/toro-workman-hdx-d-cu-doua-sau-patru-roti-motrice\/","title":{"rendered":"Toro Workman HDX-D cu dou\u0103 sau patru ro\u021bi motrice"},"content":{"rendered":"<p>Workman HDX-D v\u0103 ofer\u0103 un confort de conducere de neegalat! Dar asta nu este tot: motorul diesel asigur\u0103 performan\u021be puternice, iar accesoriile versatile \u00eenseamn\u0103 c\u0103 sunte\u021bi echipat pentru orice condi\u021bii cu acest vehicul utilitar.<\/p>\n<h2>Func\u021bii<\/h2>\n<h3>Confortul c\u0103l\u0103toriei<\/h3>\n<p>Suspensia fa\u021b\u0103 independent\u0103, dou\u0103 arcuri elicoidale opuse \u0219i dou\u0103 amortizoare asigur\u0103 un confort de rulare de neegalat. Avantajele dumneavoastr\u0103: Confortul operatorului, siguran\u021b\u0103, productivitate \u0219i performan\u021b\u0103 crescute.<\/p>\n<h3>Versatilitate<\/h3>\n<p>O gam\u0103 larg\u0103 de accesorii permite o utilizare versatil\u0103. Oferim, de ex: Acoperi\u0219 de soare, parbriz rabatabil, diverse l\u0103mpi, cabin\u0103 de lux, diverse platforme de \u00eenc\u0103rcare, protec\u021bie la r\u0103sturnare cu 4 lonjeroane, priz\u0103 de for\u021b\u0103 spate, etc.<\/p>\n<h3>Confortul utilizatorului<\/h3>\n<p>Un tablou de bord u\u0219or de utilizat, un spa\u021biu mai mare pentru picioare, un radio \u0219i un suport pentru pahare, comenzi u\u0219or accesibile \u0219i un compartiment de depozitare ad\u00e2nc v\u0103 sporesc confortul la lucru.<\/p>\n<h3>Motor de \u00eenalt\u0103 performan\u021b\u0103<\/h3>\n<p>Motoarele diesel r\u0103cite cu ap\u0103 asigur\u0103 un cuplu redus. De asemenea, acestea sunt conforme cu reglement\u0103rile privind emisiile Tier IV \u0219i sunt preg\u0103tite pentru biodiesel B20.<\/p>\n<h2>Date tehnice<\/h2>\n<p>Modele: 07385, 07387<\/p>\n<ul>\n<li>Trac\u021biune: dou\u0103 sau patru ro\u021bi motrice<\/li>\n<li>Puterea motorului: 18 kW (24 CP)<\/li>\n<li>Combustibil:Diesel<\/li>\n<li>Capacitatea patului de marf\u0103: trac\u021biune pe dou\u0103 ro\u021bi: 1134 kg \/ trac\u021biune pe patru ro\u021bi: 1107 kg<\/li>\n<li>Capacitate de remorcare: 1587 kg<\/li>\n<\/ul>\n","protected":false},"excerpt":{"rendered":"<p>Confort de conducere de neegalat, operare simpl\u0103, utilizare versatil\u0103 \u0219i multe altele. Workman HDX-D impresioneaz\u0103 \u00een toate domeniile.<\/p>\n","protected":false},"featured_media":21204,"template":"","meta":[],"pwb-brand":[3073],"product_brand":[],"product_cat":[1388,1895],"product_tag":[],"class_list":{"0":"post-25871","1":"product","2":"type-product","3":"status-publish","4":"has-post-thumbnail","6":"pwb-brand-toro-ro","7":"product_cat-masini-de-golf","8":"product_cat-vehicule-comerciale-ro","10":"first","11":"instock","12":"taxable","13":"shipping-taxable","14":"product-type-simple"},"yoast_head":"<!-- This site is optimized with the Yoast SEO plugin v27.5 - https:\/\/yoast.com\/product\/yoast-seo-wordpress\/ -->\n<title>Toro Workman HDX-D cu dou\u0103 sau patru ro\u021bi motrice - Prochaska<\/title>\n<meta name=\"robots\" content=\"index, follow, max-snippet:-1, max-image-preview:large, max-video-preview:-1\" \/>\n<link rel=\"canonical\" href=\"https:\/\/prochaska.eu\/ro\/produs\/toro-workman-hdx-d-cu-doua-sau-patru-roti-motrice\/\" \/>\n<meta property=\"og:locale\" content=\"ro_RO\" \/>\n<meta property=\"og:type\" content=\"article\" \/>\n<meta property=\"og:title\" content=\"Toro Workman HDX-D cu dou\u0103 sau patru ro\u021bi motrice - Prochaska\" \/>\n<meta property=\"og:description\" content=\"Confort de conducere de neegalat, operare simpl\u0103, utilizare versatil\u0103 \u0219i multe altele. Workman HDX-D impresioneaz\u0103 \u00een toate domeniile.\" \/>\n<meta property=\"og:url\" content=\"https:\/\/prochaska.eu\/ro\/produs\/toro-workman-hdx-d-cu-doua-sau-patru-roti-motrice\/\" \/>\n<meta property=\"og:site_name\" content=\"Prochaska\" \/>\n<meta property=\"article:publisher\" content=\"https:\/\/www.facebook.com\/prochaska.eu\/\" \/>\n<meta property=\"og:image\" content=\"https:\/\/prochaska.eu\/wp-content\/uploads\/2024\/06\/Nutzfahrzeug-Workman-Toro-HDX.jpg\" \/>\n\t<meta property=\"og:image:width\" content=\"1440\" \/>\n\t<meta property=\"og:image:height\" content=\"1440\" \/>\n\t<meta property=\"og:image:type\" content=\"image\/jpeg\" \/>\n<meta name=\"twitter:card\" content=\"summary_large_image\" \/>\n<meta name=\"twitter:label1\" content=\"Timp estimat pentru citire\" \/>\n\t<meta name=\"twitter:data1\" content=\"1 minut\" \/>\n<script type=\"application\/ld+json\" class=\"yoast-schema-graph\">{\"@context\":\"https:\\\/\\\/schema.org\",\"@graph\":[{\"@type\":\"WebPage\",\"@id\":\"https:\\\/\\\/prochaska.eu\\\/ro\\\/produs\\\/toro-workman-hdx-d-cu-doua-sau-patru-roti-motrice\\\/\",\"url\":\"https:\\\/\\\/prochaska.eu\\\/ro\\\/produs\\\/toro-workman-hdx-d-cu-doua-sau-patru-roti-motrice\\\/\",\"name\":\"Toro Workman HDX-D cu dou\u0103 sau patru ro\u021bi motrice - Prochaska\",\"isPartOf\":{\"@id\":\"https:\\\/\\\/prochaska.eu\\\/ro\\\/#website\"},\"primaryImageOfPage\":{\"@id\":\"https:\\\/\\\/prochaska.eu\\\/ro\\\/produs\\\/toro-workman-hdx-d-cu-doua-sau-patru-roti-motrice\\\/#primaryimage\"},\"image\":{\"@id\":\"https:\\\/\\\/prochaska.eu\\\/ro\\\/produs\\\/toro-workman-hdx-d-cu-doua-sau-patru-roti-motrice\\\/#primaryimage\"},\"thumbnailUrl\":\"https:\\\/\\\/prochaska.eu\\\/wp-content\\\/uploads\\\/2024\\\/06\\\/Nutzfahrzeug-Workman-Toro-HDX.jpg\",\"datePublished\":\"2017-08-04T14:42:56+00:00\",\"breadcrumb\":{\"@id\":\"https:\\\/\\\/prochaska.eu\\\/ro\\\/produs\\\/toro-workman-hdx-d-cu-doua-sau-patru-roti-motrice\\\/#breadcrumb\"},\"inLanguage\":\"ro-RO\",\"potentialAction\":[{\"@type\":\"ReadAction\",\"target\":[\"https:\\\/\\\/prochaska.eu\\\/ro\\\/produs\\\/toro-workman-hdx-d-cu-doua-sau-patru-roti-motrice\\\/\"]}]},{\"@type\":\"ImageObject\",\"inLanguage\":\"ro-RO\",\"@id\":\"https:\\\/\\\/prochaska.eu\\\/ro\\\/produs\\\/toro-workman-hdx-d-cu-doua-sau-patru-roti-motrice\\\/#primaryimage\",\"url\":\"https:\\\/\\\/prochaska.eu\\\/wp-content\\\/uploads\\\/2024\\\/06\\\/Nutzfahrzeug-Workman-Toro-HDX.jpg\",\"contentUrl\":\"https:\\\/\\\/prochaska.eu\\\/wp-content\\\/uploads\\\/2024\\\/06\\\/Nutzfahrzeug-Workman-Toro-HDX.jpg\",\"width\":1440,\"height\":1440},{\"@type\":\"BreadcrumbList\",\"@id\":\"https:\\\/\\\/prochaska.eu\\\/ro\\\/produs\\\/toro-workman-hdx-d-cu-doua-sau-patru-roti-motrice\\\/#breadcrumb\",\"itemListElement\":[{\"@type\":\"ListItem\",\"position\":1,\"name\":\"Home\",\"item\":\"https:\\\/\\\/prochaska.eu\\\/ro\\\/\"},{\"@type\":\"ListItem\",\"position\":2,\"name\":\"Shop\",\"item\":\"https:\\\/\\\/prochaska.eu\\\/ro\\\/shop\\\/\"},{\"@type\":\"ListItem\",\"position\":3,\"name\":\"Toro Workman HDX-D cu dou\u0103 sau patru ro\u021bi motrice\"}]},{\"@type\":\"WebSite\",\"@id\":\"https:\\\/\\\/prochaska.eu\\\/ro\\\/#website\",\"url\":\"https:\\\/\\\/prochaska.eu\\\/ro\\\/\",\"name\":\"Prochaska\",\"description\":\"Spezialist f\u00fcr Pflege von Gr\u00fcnfl\u00e4chen\",\"publisher\":{\"@id\":\"https:\\\/\\\/prochaska.eu\\\/ro\\\/#organization\"},\"potentialAction\":[{\"@type\":\"SearchAction\",\"target\":{\"@type\":\"EntryPoint\",\"urlTemplate\":\"https:\\\/\\\/prochaska.eu\\\/ro\\\/?s={search_term_string}\"},\"query-input\":{\"@type\":\"PropertyValueSpecification\",\"valueRequired\":true,\"valueName\":\"search_term_string\"}}],\"inLanguage\":\"ro-RO\"},{\"@type\":\"Organization\",\"@id\":\"https:\\\/\\\/prochaska.eu\\\/ro\\\/#organization\",\"name\":\"Prochaska\",\"url\":\"https:\\\/\\\/prochaska.eu\\\/ro\\\/\",\"logo\":{\"@type\":\"ImageObject\",\"inLanguage\":\"ro-RO\",\"@id\":\"https:\\\/\\\/prochaska.eu\\\/ro\\\/#\\\/schema\\\/logo\\\/image\\\/\",\"url\":\"https:\\\/\\\/prochaska.eu\\\/wp-content\\\/uploads\\\/2024\\\/04\\\/Prochaska_Logo_Black-1.png\",\"contentUrl\":\"https:\\\/\\\/prochaska.eu\\\/wp-content\\\/uploads\\\/2024\\\/04\\\/Prochaska_Logo_Black-1.png\",\"width\":796,\"height\":236,\"caption\":\"Prochaska\"},\"image\":{\"@id\":\"https:\\\/\\\/prochaska.eu\\\/ro\\\/#\\\/schema\\\/logo\\\/image\\\/\"},\"sameAs\":[\"https:\\\/\\\/www.facebook.com\\\/prochaska.eu\\\/\",\"https:\\\/\\\/www.instagram.com\\\/prochaska.eu\\\/\",\"https:\\\/\\\/www.linkedin.com\\\/company\\\/prochaska-handels-gmbh\"]}]}<\/script>\n<!-- \/ Yoast SEO plugin. -->","yoast_head_json":{"title":"Toro Workman HDX-D cu dou\u0103 sau patru ro\u021bi motrice - Prochaska","robots":{"index":"index","follow":"follow","max-snippet":"max-snippet:-1","max-image-preview":"max-image-preview:large","max-video-preview":"max-video-preview:-1"},"canonical":"https:\/\/prochaska.eu\/ro\/produs\/toro-workman-hdx-d-cu-doua-sau-patru-roti-motrice\/","og_locale":"ro_RO","og_type":"article","og_title":"Toro Workman HDX-D cu dou\u0103 sau patru ro\u021bi motrice - Prochaska","og_description":"Confort de conducere de neegalat, operare simpl\u0103, utilizare versatil\u0103 \u0219i multe altele. Workman HDX-D impresioneaz\u0103 \u00een toate domeniile.","og_url":"https:\/\/prochaska.eu\/ro\/produs\/toro-workman-hdx-d-cu-doua-sau-patru-roti-motrice\/","og_site_name":"Prochaska","article_publisher":"https:\/\/www.facebook.com\/prochaska.eu\/","og_image":[{"width":1440,"height":1440,"url":"https:\/\/prochaska.eu\/wp-content\/uploads\/2024\/06\/Nutzfahrzeug-Workman-Toro-HDX.jpg","type":"image\/jpeg"}],"twitter_card":"summary_large_image","twitter_misc":{"Timp estimat pentru citire":"1 minut"},"schema":{"@context":"https:\/\/schema.org","@graph":[{"@type":"WebPage","@id":"https:\/\/prochaska.eu\/ro\/produs\/toro-workman-hdx-d-cu-doua-sau-patru-roti-motrice\/","url":"https:\/\/prochaska.eu\/ro\/produs\/toro-workman-hdx-d-cu-doua-sau-patru-roti-motrice\/","name":"Toro Workman HDX-D cu dou\u0103 sau patru ro\u021bi motrice - Prochaska","isPartOf":{"@id":"https:\/\/prochaska.eu\/ro\/#website"},"primaryImageOfPage":{"@id":"https:\/\/prochaska.eu\/ro\/produs\/toro-workman-hdx-d-cu-doua-sau-patru-roti-motrice\/#primaryimage"},"image":{"@id":"https:\/\/prochaska.eu\/ro\/produs\/toro-workman-hdx-d-cu-doua-sau-patru-roti-motrice\/#primaryimage"},"thumbnailUrl":"https:\/\/prochaska.eu\/wp-content\/uploads\/2024\/06\/Nutzfahrzeug-Workman-Toro-HDX.jpg","datePublished":"2017-08-04T14:42:56+00:00","breadcrumb":{"@id":"https:\/\/prochaska.eu\/ro\/produs\/toro-workman-hdx-d-cu-doua-sau-patru-roti-motrice\/#breadcrumb"},"inLanguage":"ro-RO","potentialAction":[{"@type":"ReadAction","target":["https:\/\/prochaska.eu\/ro\/produs\/toro-workman-hdx-d-cu-doua-sau-patru-roti-motrice\/"]}]},{"@type":"ImageObject","inLanguage":"ro-RO","@id":"https:\/\/prochaska.eu\/ro\/produs\/toro-workman-hdx-d-cu-doua-sau-patru-roti-motrice\/#primaryimage","url":"https:\/\/prochaska.eu\/wp-content\/uploads\/2024\/06\/Nutzfahrzeug-Workman-Toro-HDX.jpg","contentUrl":"https:\/\/prochaska.eu\/wp-content\/uploads\/2024\/06\/Nutzfahrzeug-Workman-Toro-HDX.jpg","width":1440,"height":1440},{"@type":"BreadcrumbList","@id":"https:\/\/prochaska.eu\/ro\/produs\/toro-workman-hdx-d-cu-doua-sau-patru-roti-motrice\/#breadcrumb","itemListElement":[{"@type":"ListItem","position":1,"name":"Home","item":"https:\/\/prochaska.eu\/ro\/"},{"@type":"ListItem","position":2,"name":"Shop","item":"https:\/\/prochaska.eu\/ro\/shop\/"},{"@type":"ListItem","position":3,"name":"Toro Workman HDX-D cu dou\u0103 sau patru ro\u021bi motrice"}]},{"@type":"WebSite","@id":"https:\/\/prochaska.eu\/ro\/#website","url":"https:\/\/prochaska.eu\/ro\/","name":"Prochaska","description":"Spezialist f\u00fcr Pflege von Gr\u00fcnfl\u00e4chen","publisher":{"@id":"https:\/\/prochaska.eu\/ro\/#organization"},"potentialAction":[{"@type":"SearchAction","target":{"@type":"EntryPoint","urlTemplate":"https:\/\/prochaska.eu\/ro\/?s={search_term_string}"},"query-input":{"@type":"PropertyValueSpecification","valueRequired":true,"valueName":"search_term_string"}}],"inLanguage":"ro-RO"},{"@type":"Organization","@id":"https:\/\/prochaska.eu\/ro\/#organization","name":"Prochaska","url":"https:\/\/prochaska.eu\/ro\/","logo":{"@type":"ImageObject","inLanguage":"ro-RO","@id":"https:\/\/prochaska.eu\/ro\/#\/schema\/logo\/image\/","url":"https:\/\/prochaska.eu\/wp-content\/uploads\/2024\/04\/Prochaska_Logo_Black-1.png","contentUrl":"https:\/\/prochaska.eu\/wp-content\/uploads\/2024\/04\/Prochaska_Logo_Black-1.png","width":796,"height":236,"caption":"Prochaska"},"image":{"@id":"https:\/\/prochaska.eu\/ro\/#\/schema\/logo\/image\/"},"sameAs":["https:\/\/www.facebook.com\/prochaska.eu\/","https:\/\/www.instagram.com\/prochaska.eu\/","https:\/\/www.linkedin.com\/company\/prochaska-handels-gmbh"]}]}},"brands":[{"id":3073,"name":"Toro","slug":"toro-ro"}],"_links":{"self":[{"href":"https:\/\/prochaska.eu\/ro\/wp-json\/wp\/v2\/product\/25871","targetHints":{"allow":["GET"]}}],"collection":[{"href":"https:\/\/prochaska.eu\/ro\/wp-json\/wp\/v2\/product"}],"about":[{"href":"https:\/\/prochaska.eu\/ro\/wp-json\/wp\/v2\/types\/product"}],"version-history":[{"count":0,"href":"https:\/\/prochaska.eu\/ro\/wp-json\/wp\/v2\/product\/25871\/revisions"}],"wp:featuredmedia":[{"embeddable":true,"href":"https:\/\/prochaska.eu\/ro\/wp-json\/wp\/v2\/media\/21204"}],"wp:attachment":[{"href":"https:\/\/prochaska.eu\/ro\/wp-json\/wp\/v2\/media?parent=25871"}],"wp:term":[{"taxonomy":"pwb-brand","embeddable":true,"href":"https:\/\/prochaska.eu\/ro\/wp-json\/wp\/v2\/pwb-brand?post=25871"},{"taxonomy":"product_brand","embeddable":true,"href":"https:\/\/prochaska.eu\/ro\/wp-json\/wp\/v2\/product_brand?post=25871"},{"taxonomy":"product_cat","embeddable":true,"href":"https:\/\/prochaska.eu\/ro\/wp-json\/wp\/v2\/product_cat?post=25871"},{"taxonomy":"product_tag","embeddable":true,"href":"https:\/\/prochaska.eu\/ro\/wp-json\/wp\/v2\/product_tag?post=25871"}],"curies":[{"name":"wp","href":"https:\/\/api.w.org\/{rel}","templated":true}]}}