{"id":25876,"date":"2017-08-04T14:42:50","date_gmt":"2017-08-04T14:42:50","guid":{"rendered":"https:\/\/prochaska.eu\/product\/toro-cositoare-cu-rola-ct2240-30654\/"},"modified":"2017-08-04T14:42:50","modified_gmt":"2017-08-04T14:42:50","slug":"toro-cositoare-cu-rola-ct2240-30654","status":"publish","type":"product","link":"https:\/\/prochaska.eu\/ro\/produs\/toro-cositoare-cu-rola-ct2240-30654\/","title":{"rendered":"Toro &#8211; Cositoare cu rol\u0103 &#8211; CT2240 &#8211; 30654"},"content":{"rendered":"<p style=\"text-align: left;\">De la peluze \u00eengrijite la tunderea spa\u021biilor publice, aceast\u0103 ma\u0219in\u0103 compact\u0103 de tuns iarba cu trei role ofer\u0103 cea mai bun\u0103 calitate \u0219i performan\u021b\u0103. Este ideal pentru utilizarea \u00een zone cu acces restric\u021bionat sau manevrabilitate limitat\u0103.<\/p>\n<p style=\"text-align: left;\">De asemenea, oferim o gam\u0103 larg\u0103 de unit\u0103\u021bi de t\u0103iere \u0219i accesorii. Acest lucru v\u0103 permite s\u0103 v\u0103 personaliza\u021bi dispozitivul \u00een func\u021bie de cerin\u021bele dvs. individuale.<\/p>\n<h3 style=\"text-align: left;\"><strong>Unitatea de t\u0103iere MK.3 produce un finisaj excelent<\/strong><\/h3>\n<ul style=\"text-align: left;\">\n<li>Unghi agresiv al lamei \u0219i mai multe puncte de contact cu lama inferioar\u0103.<\/li>\n<li>Uzur\u0103 uniform\u0103 a fusului \u0219i rezisten\u021b\u0103 excelent\u0103 la impact.<\/li>\n<li>Disponibil cu un diametru de 200 mm \u0219i 250 mm cu 4 sau 9 cu\u021bite (10 cu\u021bite sunt disponibile numai pentru un diametru de 200 mm).<\/li>\n<li>Ideal\u0103 pentru spa\u021biile verzi \u00eengrijite p\u00e2n\u0103 la zonele publice cu vegeta\u021bie abundent\u0103.<\/li>\n<\/ul>\n<h2 style=\"text-align: left;\"><strong>Specifica\u021bii tehnice<\/strong><\/h2>\n<ul>\n<li style=\"text-align: left;\">L\u0103\u021bime de t\u0103iere: 212 cm<\/li>\n<li style=\"text-align: left;\">Motor: Kubota D11058, 18,7 kW (25 CP)<\/li>\n<li style=\"text-align: left;\">Trac\u021biune: trac\u021biune integral\u0103<\/li>\n<li style=\"text-align: left;\">Capacitate de cosire: 2,0 hectare \/ or\u0103<\/li>\n<li style=\"text-align: left;\">Combustibil: Diesel<\/li>\n<li style=\"text-align: left;\">Vitez\u0103 de cosire de p\u00e2n\u0103 la 22 km\/h<\/li>\n<li style=\"text-align: left;\">Altele: omologate T\u00dcV<\/li>\n<\/ul>\n","protected":false},"excerpt":{"rendered":"<p>Aceast\u0103 cositoare cu cilindru este ideal\u0103 pentru utilizarea \u00een zone cu acces restric\u021bionat sau manevrabilitate limitat\u0103.<\/p>\n","protected":false},"featured_media":21144,"template":"","meta":[],"pwb-brand":[3073],"product_brand":[],"product_cat":[1522,1521],"product_tag":[],"class_list":{"0":"post-25876","1":"product","2":"type-product","3":"status-publish","4":"has-post-thumbnail","6":"pwb-brand-toro-ro","7":"product_cat-cositoare","8":"product_cat-municipal-terenuri-de-sport-si-agricultura","10":"first","11":"instock","12":"taxable","13":"shipping-taxable","14":"product-type-simple"},"yoast_head":"<!-- This site is optimized with the Yoast SEO plugin v27.4 - https:\/\/yoast.com\/product\/yoast-seo-wordpress\/ -->\n<title>Toro - Cositoare cu rol\u0103 - CT2240 - 30654 - Prochaska<\/title>\n<meta name=\"robots\" content=\"index, follow, max-snippet:-1, max-image-preview:large, max-video-preview:-1\" \/>\n<link rel=\"canonical\" href=\"https:\/\/prochaska.eu\/ro\/produs\/toro-cositoare-cu-rola-ct2240-30654\/\" \/>\n<meta property=\"og:locale\" content=\"ro_RO\" \/>\n<meta property=\"og:type\" content=\"article\" \/>\n<meta property=\"og:title\" content=\"Toro - Cositoare cu rol\u0103 - CT2240 - 30654 - Prochaska\" \/>\n<meta property=\"og:description\" content=\"Aceast\u0103 cositoare cu cilindru este ideal\u0103 pentru utilizarea \u00een zone cu acces restric\u021bionat sau manevrabilitate limitat\u0103.\" \/>\n<meta property=\"og:url\" content=\"https:\/\/prochaska.eu\/ro\/produs\/toro-cositoare-cu-rola-ct2240-30654\/\" \/>\n<meta property=\"og:site_name\" content=\"Prochaska\" \/>\n<meta property=\"article:publisher\" content=\"https:\/\/www.facebook.com\/prochaska.eu\/\" \/>\n<meta property=\"og:image\" content=\"https:\/\/prochaska.eu\/wp-content\/uploads\/2024\/06\/30654-e1589181416523.jpg\" \/>\n\t<meta property=\"og:image:width\" content=\"1440\" \/>\n\t<meta property=\"og:image:height\" content=\"1440\" \/>\n\t<meta property=\"og:image:type\" content=\"image\/jpeg\" \/>\n<meta name=\"twitter:card\" content=\"summary_large_image\" \/>\n<meta name=\"twitter:label1\" content=\"Timp estimat pentru citire\" \/>\n\t<meta name=\"twitter:data1\" content=\"1 minut\" \/>\n<script type=\"application\/ld+json\" class=\"yoast-schema-graph\">{\"@context\":\"https:\\\/\\\/schema.org\",\"@graph\":[{\"@type\":\"WebPage\",\"@id\":\"https:\\\/\\\/prochaska.eu\\\/ro\\\/produs\\\/toro-cositoare-cu-rola-ct2240-30654\\\/\",\"url\":\"https:\\\/\\\/prochaska.eu\\\/ro\\\/produs\\\/toro-cositoare-cu-rola-ct2240-30654\\\/\",\"name\":\"Toro - Cositoare cu rol\u0103 - CT2240 - 30654 - Prochaska\",\"isPartOf\":{\"@id\":\"https:\\\/\\\/prochaska.eu\\\/ro\\\/#website\"},\"primaryImageOfPage\":{\"@id\":\"https:\\\/\\\/prochaska.eu\\\/ro\\\/produs\\\/toro-cositoare-cu-rola-ct2240-30654\\\/#primaryimage\"},\"image\":{\"@id\":\"https:\\\/\\\/prochaska.eu\\\/ro\\\/produs\\\/toro-cositoare-cu-rola-ct2240-30654\\\/#primaryimage\"},\"thumbnailUrl\":\"https:\\\/\\\/prochaska.eu\\\/wp-content\\\/uploads\\\/2024\\\/06\\\/30654-e1589181416523.jpg\",\"datePublished\":\"2017-08-04T14:42:50+00:00\",\"breadcrumb\":{\"@id\":\"https:\\\/\\\/prochaska.eu\\\/ro\\\/produs\\\/toro-cositoare-cu-rola-ct2240-30654\\\/#breadcrumb\"},\"inLanguage\":\"ro-RO\",\"potentialAction\":[{\"@type\":\"ReadAction\",\"target\":[\"https:\\\/\\\/prochaska.eu\\\/ro\\\/produs\\\/toro-cositoare-cu-rola-ct2240-30654\\\/\"]}]},{\"@type\":\"ImageObject\",\"inLanguage\":\"ro-RO\",\"@id\":\"https:\\\/\\\/prochaska.eu\\\/ro\\\/produs\\\/toro-cositoare-cu-rola-ct2240-30654\\\/#primaryimage\",\"url\":\"https:\\\/\\\/prochaska.eu\\\/wp-content\\\/uploads\\\/2024\\\/06\\\/30654-e1589181416523.jpg\",\"contentUrl\":\"https:\\\/\\\/prochaska.eu\\\/wp-content\\\/uploads\\\/2024\\\/06\\\/30654-e1589181416523.jpg\",\"width\":1440,\"height\":1440,\"caption\":\"cositoare cu cilindru toro 30654\"},{\"@type\":\"BreadcrumbList\",\"@id\":\"https:\\\/\\\/prochaska.eu\\\/ro\\\/produs\\\/toro-cositoare-cu-rola-ct2240-30654\\\/#breadcrumb\",\"itemListElement\":[{\"@type\":\"ListItem\",\"position\":1,\"name\":\"Home\",\"item\":\"https:\\\/\\\/prochaska.eu\\\/ro\\\/\"},{\"@type\":\"ListItem\",\"position\":2,\"name\":\"Shop\",\"item\":\"https:\\\/\\\/prochaska.eu\\\/ro\\\/shop\\\/\"},{\"@type\":\"ListItem\",\"position\":3,\"name\":\"Toro &#8211; Cositoare cu rol\u0103 &#8211; CT2240 &#8211; 30654\"}]},{\"@type\":\"WebSite\",\"@id\":\"https:\\\/\\\/prochaska.eu\\\/ro\\\/#website\",\"url\":\"https:\\\/\\\/prochaska.eu\\\/ro\\\/\",\"name\":\"Prochaska\",\"description\":\"Spezialist f\u00fcr Pflege von Gr\u00fcnfl\u00e4chen\",\"publisher\":{\"@id\":\"https:\\\/\\\/prochaska.eu\\\/ro\\\/#organization\"},\"potentialAction\":[{\"@type\":\"SearchAction\",\"target\":{\"@type\":\"EntryPoint\",\"urlTemplate\":\"https:\\\/\\\/prochaska.eu\\\/ro\\\/?s={search_term_string}\"},\"query-input\":{\"@type\":\"PropertyValueSpecification\",\"valueRequired\":true,\"valueName\":\"search_term_string\"}}],\"inLanguage\":\"ro-RO\"},{\"@type\":\"Organization\",\"@id\":\"https:\\\/\\\/prochaska.eu\\\/ro\\\/#organization\",\"name\":\"Prochaska\",\"url\":\"https:\\\/\\\/prochaska.eu\\\/ro\\\/\",\"logo\":{\"@type\":\"ImageObject\",\"inLanguage\":\"ro-RO\",\"@id\":\"https:\\\/\\\/prochaska.eu\\\/ro\\\/#\\\/schema\\\/logo\\\/image\\\/\",\"url\":\"https:\\\/\\\/prochaska.eu\\\/wp-content\\\/uploads\\\/2024\\\/04\\\/Prochaska_Logo_Black-1.png\",\"contentUrl\":\"https:\\\/\\\/prochaska.eu\\\/wp-content\\\/uploads\\\/2024\\\/04\\\/Prochaska_Logo_Black-1.png\",\"width\":796,\"height\":236,\"caption\":\"Prochaska\"},\"image\":{\"@id\":\"https:\\\/\\\/prochaska.eu\\\/ro\\\/#\\\/schema\\\/logo\\\/image\\\/\"},\"sameAs\":[\"https:\\\/\\\/www.facebook.com\\\/prochaska.eu\\\/\",\"https:\\\/\\\/www.instagram.com\\\/prochaska.eu\\\/\",\"https:\\\/\\\/www.linkedin.com\\\/company\\\/prochaska-handels-gmbh\"]}]}<\/script>\n<!-- \/ Yoast SEO plugin. -->","yoast_head_json":{"title":"Toro - Cositoare cu rol\u0103 - CT2240 - 30654 - Prochaska","robots":{"index":"index","follow":"follow","max-snippet":"max-snippet:-1","max-image-preview":"max-image-preview:large","max-video-preview":"max-video-preview:-1"},"canonical":"https:\/\/prochaska.eu\/ro\/produs\/toro-cositoare-cu-rola-ct2240-30654\/","og_locale":"ro_RO","og_type":"article","og_title":"Toro - Cositoare cu rol\u0103 - CT2240 - 30654 - Prochaska","og_description":"Aceast\u0103 cositoare cu cilindru este ideal\u0103 pentru utilizarea \u00een zone cu acces restric\u021bionat sau manevrabilitate limitat\u0103.","og_url":"https:\/\/prochaska.eu\/ro\/produs\/toro-cositoare-cu-rola-ct2240-30654\/","og_site_name":"Prochaska","article_publisher":"https:\/\/www.facebook.com\/prochaska.eu\/","og_image":[{"width":1440,"height":1440,"url":"https:\/\/prochaska.eu\/wp-content\/uploads\/2024\/06\/30654-e1589181416523.jpg","type":"image\/jpeg"}],"twitter_card":"summary_large_image","twitter_misc":{"Timp estimat pentru citire":"1 minut"},"schema":{"@context":"https:\/\/schema.org","@graph":[{"@type":"WebPage","@id":"https:\/\/prochaska.eu\/ro\/produs\/toro-cositoare-cu-rola-ct2240-30654\/","url":"https:\/\/prochaska.eu\/ro\/produs\/toro-cositoare-cu-rola-ct2240-30654\/","name":"Toro - Cositoare cu rol\u0103 - CT2240 - 30654 - Prochaska","isPartOf":{"@id":"https:\/\/prochaska.eu\/ro\/#website"},"primaryImageOfPage":{"@id":"https:\/\/prochaska.eu\/ro\/produs\/toro-cositoare-cu-rola-ct2240-30654\/#primaryimage"},"image":{"@id":"https:\/\/prochaska.eu\/ro\/produs\/toro-cositoare-cu-rola-ct2240-30654\/#primaryimage"},"thumbnailUrl":"https:\/\/prochaska.eu\/wp-content\/uploads\/2024\/06\/30654-e1589181416523.jpg","datePublished":"2017-08-04T14:42:50+00:00","breadcrumb":{"@id":"https:\/\/prochaska.eu\/ro\/produs\/toro-cositoare-cu-rola-ct2240-30654\/#breadcrumb"},"inLanguage":"ro-RO","potentialAction":[{"@type":"ReadAction","target":["https:\/\/prochaska.eu\/ro\/produs\/toro-cositoare-cu-rola-ct2240-30654\/"]}]},{"@type":"ImageObject","inLanguage":"ro-RO","@id":"https:\/\/prochaska.eu\/ro\/produs\/toro-cositoare-cu-rola-ct2240-30654\/#primaryimage","url":"https:\/\/prochaska.eu\/wp-content\/uploads\/2024\/06\/30654-e1589181416523.jpg","contentUrl":"https:\/\/prochaska.eu\/wp-content\/uploads\/2024\/06\/30654-e1589181416523.jpg","width":1440,"height":1440,"caption":"cositoare cu cilindru toro 30654"},{"@type":"BreadcrumbList","@id":"https:\/\/prochaska.eu\/ro\/produs\/toro-cositoare-cu-rola-ct2240-30654\/#breadcrumb","itemListElement":[{"@type":"ListItem","position":1,"name":"Home","item":"https:\/\/prochaska.eu\/ro\/"},{"@type":"ListItem","position":2,"name":"Shop","item":"https:\/\/prochaska.eu\/ro\/shop\/"},{"@type":"ListItem","position":3,"name":"Toro &#8211; Cositoare cu rol\u0103 &#8211; CT2240 &#8211; 30654"}]},{"@type":"WebSite","@id":"https:\/\/prochaska.eu\/ro\/#website","url":"https:\/\/prochaska.eu\/ro\/","name":"Prochaska","description":"Spezialist f\u00fcr Pflege von Gr\u00fcnfl\u00e4chen","publisher":{"@id":"https:\/\/prochaska.eu\/ro\/#organization"},"potentialAction":[{"@type":"SearchAction","target":{"@type":"EntryPoint","urlTemplate":"https:\/\/prochaska.eu\/ro\/?s={search_term_string}"},"query-input":{"@type":"PropertyValueSpecification","valueRequired":true,"valueName":"search_term_string"}}],"inLanguage":"ro-RO"},{"@type":"Organization","@id":"https:\/\/prochaska.eu\/ro\/#organization","name":"Prochaska","url":"https:\/\/prochaska.eu\/ro\/","logo":{"@type":"ImageObject","inLanguage":"ro-RO","@id":"https:\/\/prochaska.eu\/ro\/#\/schema\/logo\/image\/","url":"https:\/\/prochaska.eu\/wp-content\/uploads\/2024\/04\/Prochaska_Logo_Black-1.png","contentUrl":"https:\/\/prochaska.eu\/wp-content\/uploads\/2024\/04\/Prochaska_Logo_Black-1.png","width":796,"height":236,"caption":"Prochaska"},"image":{"@id":"https:\/\/prochaska.eu\/ro\/#\/schema\/logo\/image\/"},"sameAs":["https:\/\/www.facebook.com\/prochaska.eu\/","https:\/\/www.instagram.com\/prochaska.eu\/","https:\/\/www.linkedin.com\/company\/prochaska-handels-gmbh"]}]}},"brands":[{"id":3073,"name":"Toro","slug":"toro-ro"}],"_links":{"self":[{"href":"https:\/\/prochaska.eu\/ro\/wp-json\/wp\/v2\/product\/25876","targetHints":{"allow":["GET"]}}],"collection":[{"href":"https:\/\/prochaska.eu\/ro\/wp-json\/wp\/v2\/product"}],"about":[{"href":"https:\/\/prochaska.eu\/ro\/wp-json\/wp\/v2\/types\/product"}],"version-history":[{"count":0,"href":"https:\/\/prochaska.eu\/ro\/wp-json\/wp\/v2\/product\/25876\/revisions"}],"wp:featuredmedia":[{"embeddable":true,"href":"https:\/\/prochaska.eu\/ro\/wp-json\/wp\/v2\/media\/21144"}],"wp:attachment":[{"href":"https:\/\/prochaska.eu\/ro\/wp-json\/wp\/v2\/media?parent=25876"}],"wp:term":[{"taxonomy":"pwb-brand","embeddable":true,"href":"https:\/\/prochaska.eu\/ro\/wp-json\/wp\/v2\/pwb-brand?post=25876"},{"taxonomy":"product_brand","embeddable":true,"href":"https:\/\/prochaska.eu\/ro\/wp-json\/wp\/v2\/product_brand?post=25876"},{"taxonomy":"product_cat","embeddable":true,"href":"https:\/\/prochaska.eu\/ro\/wp-json\/wp\/v2\/product_cat?post=25876"},{"taxonomy":"product_tag","embeddable":true,"href":"https:\/\/prochaska.eu\/ro\/wp-json\/wp\/v2\/product_tag?post=25876"}],"curies":[{"name":"wp","href":"https:\/\/api.w.org\/{rel}","templated":true}]}}