{"id":25879,"date":"2017-08-04T14:42:53","date_gmt":"2017-08-04T14:42:53","guid":{"rendered":"https:\/\/prochaska.eu\/product\/toro-siteworks-tocator-de-cioate-stx26-23208\/"},"modified":"2017-08-04T14:42:53","modified_gmt":"2017-08-04T14:42:53","slug":"toro-siteworks-tocator-de-cioate-stx26-23208","status":"publish","type":"product","link":"https:\/\/prochaska.eu\/ro\/produs\/toro-siteworks-tocator-de-cioate-stx26-23208\/","title":{"rendered":"Toro &#8211; Siteworks &#8211; Toc\u0103tor de cioate &#8211; STX26 &#8211; 23208"},"content":{"rendered":"<p style=\"text-align: left;\">Toc\u0103toarele de cioate de \u00eenalt\u0103 calitate de la <a href=\"https:\/\/www.prochaska.eu\/toro\/\">Toro<\/a> sunt u\u0219or de utilizat cu dou\u0103 p\u00e2rghii. Modelele pe \u0219enile pot fi manevrate \u0219i pe teren noroios. Func\u021bia Intelli-Sweep\u2122 garanteaz\u0103 performan\u021be optime de t\u0103iere \u0219i o vitez\u0103 de transport de peste 6 km\/h. Modelul STX 26 are un cap de frezare decalat, care ofer\u0103 o vedere ideal\u0103 a ciotului de copac. Modelul are, de asemenea, un sistem de ac\u021bionare exclusiv, care simplific\u0103 instruirea noilor utilizatori \u0219i utilizarea general\u0103.<\/p>\n<h2 style=\"text-align: left;\">Beneficiile produsului<\/h2>\n<ul style=\"text-align: left;\">\n<li>Comenzi convenabile \u0219i u\u0219or de utilizat<\/li>\n<li>Func\u021bia Intelli-Sweep\u2122 ajusteaz\u0103 automat viteza de m\u0103turat pentru a optimiza func\u021bionarea<\/li>\n<li>Transmisia pe \u0219enile cre\u0219te stabilitatea pe pante<\/li>\n<li>Ideal\u0103 pentru solurile noroioase<\/li>\n<li>Func\u021bionare complet hidraulic\u0103 (de exemplu, f\u0103r\u0103 \u00eenlocuirea scripe\u021bilor de curea, f\u0103r\u0103 riscul ca capul de frezare s\u0103 fie activat la accelera\u021bie maxim\u0103 \u0219i evitarea sarcinilor de \u0219oc asupra motorului)<\/li>\n<li>Cap de cosit decalat pentru o vedere mai bun\u0103 a butucului de copac \u0219i posibilitate de rota\u021bie complet\u0103 pe vertical\u0103 fa\u021b\u0103 de ma\u0219in\u0103<\/li>\n<li>Motor profesional cu doi cilindri Kawasaki 730V de \u00eenalt\u0103 calitate<\/li>\n<\/ul>\n<h2><strong>De asemenea, de \u00eenchiriat!<\/strong><\/h2>\n<p style=\"text-align: left;\">\u00cenchiria\u021bi TORO STX 26 de la partenerul nostru BVB Baumaschinen GmbH<\/p>\n<p style=\"text-align: left;\"><a href=\"http:\/\/bvb.co.at\/maschine\/toro-stx-26\/\">http:\/\/bvb.co.at\/maschine\/toro-stx-26\/<\/a><\/p>\n<p>&nbsp;<\/p>\n<p><iframe title=\"TORO STX 26 Stumpgrinder\" width=\"800\" height=\"600\" src=\"https:\/\/www.youtube.com\/embed\/y2CtTqyOLME?feature=oembed\" frameborder=\"0\" allow=\"accelerometer; autoplay; clipboard-write; encrypted-media; gyroscope; picture-in-picture; web-share\" referrerpolicy=\"strict-origin-when-cross-origin\" allowfullscreen><\/iframe><\/p>\n","protected":false},"excerpt":{"rendered":"<p>Combina\u021bia de comenzi intuitive, trac\u021biune pe \u0219enile \u0219i o vitez\u0103 de transport de 6,4 km\/h asigur\u0103 o productivitate de neegalat.<\/p>\n","protected":false},"featured_media":21171,"template":"","meta":[],"pwb-brand":[3073],"product_brand":[],"product_cat":[1521,2694],"product_tag":[],"class_list":{"0":"post-25879","1":"product","2":"type-product","3":"status-publish","4":"has-post-thumbnail","6":"pwb-brand-toro-ro","7":"product_cat-municipal-terenuri-de-sport-si-agricultura","8":"product_cat-siteworks-ro","10":"first","11":"instock","12":"taxable","13":"shipping-taxable","14":"product-type-simple"},"yoast_head":"<!-- This site is optimized with the Yoast SEO plugin v27.4 - https:\/\/yoast.com\/product\/yoast-seo-wordpress\/ -->\n<title>Toro - Siteworks - Toc\u0103tor de cioate - STX26 - 23208 - Prochaska<\/title>\n<meta name=\"robots\" content=\"index, follow, max-snippet:-1, max-image-preview:large, max-video-preview:-1\" \/>\n<link rel=\"canonical\" href=\"https:\/\/prochaska.eu\/ro\/produs\/toro-siteworks-tocator-de-cioate-stx26-23208\/\" \/>\n<meta property=\"og:locale\" content=\"ro_RO\" \/>\n<meta property=\"og:type\" content=\"article\" \/>\n<meta property=\"og:title\" content=\"Toro - Siteworks - Toc\u0103tor de cioate - STX26 - 23208 - Prochaska\" \/>\n<meta property=\"og:description\" content=\"Combina\u021bia de comenzi intuitive, trac\u021biune pe \u0219enile \u0219i o vitez\u0103 de transport de 6,4 km\/h asigur\u0103 o productivitate de neegalat.\" \/>\n<meta property=\"og:url\" content=\"https:\/\/prochaska.eu\/ro\/produs\/toro-siteworks-tocator-de-cioate-stx26-23208\/\" \/>\n<meta property=\"og:site_name\" content=\"Prochaska\" \/>\n<meta property=\"article:publisher\" content=\"https:\/\/www.facebook.com\/prochaska.eu\/\" \/>\n<meta property=\"og:image\" content=\"https:\/\/prochaska.eu\/wp-content\/uploads\/2024\/06\/232008-e1588925514451.jpg\" \/>\n\t<meta property=\"og:image:width\" content=\"694\" \/>\n\t<meta property=\"og:image:height\" content=\"694\" \/>\n\t<meta property=\"og:image:type\" content=\"image\/jpeg\" \/>\n<meta name=\"twitter:card\" content=\"summary_large_image\" \/>\n<meta name=\"twitter:label1\" content=\"Timp estimat pentru citire\" \/>\n\t<meta name=\"twitter:data1\" content=\"1 minut\" \/>\n<script type=\"application\/ld+json\" class=\"yoast-schema-graph\">{\"@context\":\"https:\\\/\\\/schema.org\",\"@graph\":[{\"@type\":\"WebPage\",\"@id\":\"https:\\\/\\\/prochaska.eu\\\/ro\\\/produs\\\/toro-siteworks-tocator-de-cioate-stx26-23208\\\/\",\"url\":\"https:\\\/\\\/prochaska.eu\\\/ro\\\/produs\\\/toro-siteworks-tocator-de-cioate-stx26-23208\\\/\",\"name\":\"Toro - Siteworks - Toc\u0103tor de cioate - STX26 - 23208 - Prochaska\",\"isPartOf\":{\"@id\":\"https:\\\/\\\/prochaska.eu\\\/ro\\\/#website\"},\"primaryImageOfPage\":{\"@id\":\"https:\\\/\\\/prochaska.eu\\\/ro\\\/produs\\\/toro-siteworks-tocator-de-cioate-stx26-23208\\\/#primaryimage\"},\"image\":{\"@id\":\"https:\\\/\\\/prochaska.eu\\\/ro\\\/produs\\\/toro-siteworks-tocator-de-cioate-stx26-23208\\\/#primaryimage\"},\"thumbnailUrl\":\"https:\\\/\\\/prochaska.eu\\\/wp-content\\\/uploads\\\/2024\\\/06\\\/232008-e1588925514451.jpg\",\"datePublished\":\"2017-08-04T14:42:53+00:00\",\"breadcrumb\":{\"@id\":\"https:\\\/\\\/prochaska.eu\\\/ro\\\/produs\\\/toro-siteworks-tocator-de-cioate-stx26-23208\\\/#breadcrumb\"},\"inLanguage\":\"ro-RO\",\"potentialAction\":[{\"@type\":\"ReadAction\",\"target\":[\"https:\\\/\\\/prochaska.eu\\\/ro\\\/produs\\\/toro-siteworks-tocator-de-cioate-stx26-23208\\\/\"]}]},{\"@type\":\"ImageObject\",\"inLanguage\":\"ro-RO\",\"@id\":\"https:\\\/\\\/prochaska.eu\\\/ro\\\/produs\\\/toro-siteworks-tocator-de-cioate-stx26-23208\\\/#primaryimage\",\"url\":\"https:\\\/\\\/prochaska.eu\\\/wp-content\\\/uploads\\\/2024\\\/06\\\/232008-e1588925514451.jpg\",\"contentUrl\":\"https:\\\/\\\/prochaska.eu\\\/wp-content\\\/uploads\\\/2024\\\/06\\\/232008-e1588925514451.jpg\",\"width\":694,\"height\":694,\"caption\":\"Ma\u0219in\u0103 de tocat cioate Toro STX-26\"},{\"@type\":\"BreadcrumbList\",\"@id\":\"https:\\\/\\\/prochaska.eu\\\/ro\\\/produs\\\/toro-siteworks-tocator-de-cioate-stx26-23208\\\/#breadcrumb\",\"itemListElement\":[{\"@type\":\"ListItem\",\"position\":1,\"name\":\"Home\",\"item\":\"https:\\\/\\\/prochaska.eu\\\/ro\\\/\"},{\"@type\":\"ListItem\",\"position\":2,\"name\":\"Shop\",\"item\":\"https:\\\/\\\/prochaska.eu\\\/ro\\\/shop\\\/\"},{\"@type\":\"ListItem\",\"position\":3,\"name\":\"Toro &#8211; Siteworks &#8211; Toc\u0103tor de cioate &#8211; STX26 &#8211; 23208\"}]},{\"@type\":\"WebSite\",\"@id\":\"https:\\\/\\\/prochaska.eu\\\/ro\\\/#website\",\"url\":\"https:\\\/\\\/prochaska.eu\\\/ro\\\/\",\"name\":\"Prochaska\",\"description\":\"Spezialist f\u00fcr Pflege von Gr\u00fcnfl\u00e4chen\",\"publisher\":{\"@id\":\"https:\\\/\\\/prochaska.eu\\\/ro\\\/#organization\"},\"potentialAction\":[{\"@type\":\"SearchAction\",\"target\":{\"@type\":\"EntryPoint\",\"urlTemplate\":\"https:\\\/\\\/prochaska.eu\\\/ro\\\/?s={search_term_string}\"},\"query-input\":{\"@type\":\"PropertyValueSpecification\",\"valueRequired\":true,\"valueName\":\"search_term_string\"}}],\"inLanguage\":\"ro-RO\"},{\"@type\":\"Organization\",\"@id\":\"https:\\\/\\\/prochaska.eu\\\/ro\\\/#organization\",\"name\":\"Prochaska\",\"url\":\"https:\\\/\\\/prochaska.eu\\\/ro\\\/\",\"logo\":{\"@type\":\"ImageObject\",\"inLanguage\":\"ro-RO\",\"@id\":\"https:\\\/\\\/prochaska.eu\\\/ro\\\/#\\\/schema\\\/logo\\\/image\\\/\",\"url\":\"https:\\\/\\\/prochaska.eu\\\/wp-content\\\/uploads\\\/2024\\\/04\\\/Prochaska_Logo_Black-1.png\",\"contentUrl\":\"https:\\\/\\\/prochaska.eu\\\/wp-content\\\/uploads\\\/2024\\\/04\\\/Prochaska_Logo_Black-1.png\",\"width\":796,\"height\":236,\"caption\":\"Prochaska\"},\"image\":{\"@id\":\"https:\\\/\\\/prochaska.eu\\\/ro\\\/#\\\/schema\\\/logo\\\/image\\\/\"},\"sameAs\":[\"https:\\\/\\\/www.facebook.com\\\/prochaska.eu\\\/\",\"https:\\\/\\\/www.instagram.com\\\/prochaska.eu\\\/\",\"https:\\\/\\\/www.linkedin.com\\\/company\\\/prochaska-handels-gmbh\"]}]}<\/script>\n<!-- \/ Yoast SEO plugin. -->","yoast_head_json":{"title":"Toro - Siteworks - Toc\u0103tor de cioate - STX26 - 23208 - Prochaska","robots":{"index":"index","follow":"follow","max-snippet":"max-snippet:-1","max-image-preview":"max-image-preview:large","max-video-preview":"max-video-preview:-1"},"canonical":"https:\/\/prochaska.eu\/ro\/produs\/toro-siteworks-tocator-de-cioate-stx26-23208\/","og_locale":"ro_RO","og_type":"article","og_title":"Toro - Siteworks - Toc\u0103tor de cioate - STX26 - 23208 - Prochaska","og_description":"Combina\u021bia de comenzi intuitive, trac\u021biune pe \u0219enile \u0219i o vitez\u0103 de transport de 6,4 km\/h asigur\u0103 o productivitate de neegalat.","og_url":"https:\/\/prochaska.eu\/ro\/produs\/toro-siteworks-tocator-de-cioate-stx26-23208\/","og_site_name":"Prochaska","article_publisher":"https:\/\/www.facebook.com\/prochaska.eu\/","og_image":[{"width":694,"height":694,"url":"https:\/\/prochaska.eu\/wp-content\/uploads\/2024\/06\/232008-e1588925514451.jpg","type":"image\/jpeg"}],"twitter_card":"summary_large_image","twitter_misc":{"Timp estimat pentru citire":"1 minut"},"schema":{"@context":"https:\/\/schema.org","@graph":[{"@type":"WebPage","@id":"https:\/\/prochaska.eu\/ro\/produs\/toro-siteworks-tocator-de-cioate-stx26-23208\/","url":"https:\/\/prochaska.eu\/ro\/produs\/toro-siteworks-tocator-de-cioate-stx26-23208\/","name":"Toro - Siteworks - Toc\u0103tor de cioate - STX26 - 23208 - Prochaska","isPartOf":{"@id":"https:\/\/prochaska.eu\/ro\/#website"},"primaryImageOfPage":{"@id":"https:\/\/prochaska.eu\/ro\/produs\/toro-siteworks-tocator-de-cioate-stx26-23208\/#primaryimage"},"image":{"@id":"https:\/\/prochaska.eu\/ro\/produs\/toro-siteworks-tocator-de-cioate-stx26-23208\/#primaryimage"},"thumbnailUrl":"https:\/\/prochaska.eu\/wp-content\/uploads\/2024\/06\/232008-e1588925514451.jpg","datePublished":"2017-08-04T14:42:53+00:00","breadcrumb":{"@id":"https:\/\/prochaska.eu\/ro\/produs\/toro-siteworks-tocator-de-cioate-stx26-23208\/#breadcrumb"},"inLanguage":"ro-RO","potentialAction":[{"@type":"ReadAction","target":["https:\/\/prochaska.eu\/ro\/produs\/toro-siteworks-tocator-de-cioate-stx26-23208\/"]}]},{"@type":"ImageObject","inLanguage":"ro-RO","@id":"https:\/\/prochaska.eu\/ro\/produs\/toro-siteworks-tocator-de-cioate-stx26-23208\/#primaryimage","url":"https:\/\/prochaska.eu\/wp-content\/uploads\/2024\/06\/232008-e1588925514451.jpg","contentUrl":"https:\/\/prochaska.eu\/wp-content\/uploads\/2024\/06\/232008-e1588925514451.jpg","width":694,"height":694,"caption":"Ma\u0219in\u0103 de tocat cioate Toro STX-26"},{"@type":"BreadcrumbList","@id":"https:\/\/prochaska.eu\/ro\/produs\/toro-siteworks-tocator-de-cioate-stx26-23208\/#breadcrumb","itemListElement":[{"@type":"ListItem","position":1,"name":"Home","item":"https:\/\/prochaska.eu\/ro\/"},{"@type":"ListItem","position":2,"name":"Shop","item":"https:\/\/prochaska.eu\/ro\/shop\/"},{"@type":"ListItem","position":3,"name":"Toro &#8211; Siteworks &#8211; Toc\u0103tor de cioate &#8211; STX26 &#8211; 23208"}]},{"@type":"WebSite","@id":"https:\/\/prochaska.eu\/ro\/#website","url":"https:\/\/prochaska.eu\/ro\/","name":"Prochaska","description":"Spezialist f\u00fcr Pflege von Gr\u00fcnfl\u00e4chen","publisher":{"@id":"https:\/\/prochaska.eu\/ro\/#organization"},"potentialAction":[{"@type":"SearchAction","target":{"@type":"EntryPoint","urlTemplate":"https:\/\/prochaska.eu\/ro\/?s={search_term_string}"},"query-input":{"@type":"PropertyValueSpecification","valueRequired":true,"valueName":"search_term_string"}}],"inLanguage":"ro-RO"},{"@type":"Organization","@id":"https:\/\/prochaska.eu\/ro\/#organization","name":"Prochaska","url":"https:\/\/prochaska.eu\/ro\/","logo":{"@type":"ImageObject","inLanguage":"ro-RO","@id":"https:\/\/prochaska.eu\/ro\/#\/schema\/logo\/image\/","url":"https:\/\/prochaska.eu\/wp-content\/uploads\/2024\/04\/Prochaska_Logo_Black-1.png","contentUrl":"https:\/\/prochaska.eu\/wp-content\/uploads\/2024\/04\/Prochaska_Logo_Black-1.png","width":796,"height":236,"caption":"Prochaska"},"image":{"@id":"https:\/\/prochaska.eu\/ro\/#\/schema\/logo\/image\/"},"sameAs":["https:\/\/www.facebook.com\/prochaska.eu\/","https:\/\/www.instagram.com\/prochaska.eu\/","https:\/\/www.linkedin.com\/company\/prochaska-handels-gmbh"]}]}},"brands":[{"id":3073,"name":"Toro","slug":"toro-ro"}],"_links":{"self":[{"href":"https:\/\/prochaska.eu\/ro\/wp-json\/wp\/v2\/product\/25879","targetHints":{"allow":["GET"]}}],"collection":[{"href":"https:\/\/prochaska.eu\/ro\/wp-json\/wp\/v2\/product"}],"about":[{"href":"https:\/\/prochaska.eu\/ro\/wp-json\/wp\/v2\/types\/product"}],"version-history":[{"count":0,"href":"https:\/\/prochaska.eu\/ro\/wp-json\/wp\/v2\/product\/25879\/revisions"}],"wp:featuredmedia":[{"embeddable":true,"href":"https:\/\/prochaska.eu\/ro\/wp-json\/wp\/v2\/media\/21171"}],"wp:attachment":[{"href":"https:\/\/prochaska.eu\/ro\/wp-json\/wp\/v2\/media?parent=25879"}],"wp:term":[{"taxonomy":"pwb-brand","embeddable":true,"href":"https:\/\/prochaska.eu\/ro\/wp-json\/wp\/v2\/pwb-brand?post=25879"},{"taxonomy":"product_brand","embeddable":true,"href":"https:\/\/prochaska.eu\/ro\/wp-json\/wp\/v2\/product_brand?post=25879"},{"taxonomy":"product_cat","embeddable":true,"href":"https:\/\/prochaska.eu\/ro\/wp-json\/wp\/v2\/product_cat?post=25879"},{"taxonomy":"product_tag","embeddable":true,"href":"https:\/\/prochaska.eu\/ro\/wp-json\/wp\/v2\/product_tag?post=25879"}],"curies":[{"name":"wp","href":"https:\/\/api.w.org\/{rel}","templated":true}]}}