{"id":25882,"date":"2017-08-04T14:42:52","date_gmt":"2017-08-04T14:42:52","guid":{"rendered":"https:\/\/prochaska.eu\/product\/toro-siteworks-incarcator-utilitar-compact-dingo-tx525-22324\/"},"modified":"2017-08-04T14:42:52","modified_gmt":"2017-08-04T14:42:52","slug":"toro-siteworks-incarcator-utilitar-compact-dingo-tx525-22324","status":"publish","type":"product","link":"https:\/\/prochaska.eu\/ro\/produs\/toro-siteworks-incarcator-utilitar-compact-dingo-tx525-22324\/","title":{"rendered":"Toro &#8211; Siteworks &#8211; \u00cenc\u0103rc\u0103tor utilitar compact &#8211; Dingo &#8211; TX525 &#8211; 22324"},"content":{"rendered":"<p>Modelele TORO Dingo din seria TX impresioneaz\u0103 prin puterea suplimentar\u0103, utilizarea mai lung\u0103 a motorului \u0219i un debit hidraulic mai mare. \u00cenc\u0103rc\u0103torul utilitar compact TX 525 furnizeaz\u0103 52 l\/min \u0219i pompeaz\u0103 24 CP la accesoriu, dar are o presiune sc\u0103zut\u0103 la sol de numai 0,36 bar. Deoarece motoarele diesel fac parte din gam\u0103, acestea sunt compatibile cu toate ata\u0219amentele pentru \u00eenc\u0103rc\u0103toare utilitare Toro.<\/p>\n<ul>\n<li>Motor Kubota\u00ae de 18,6 kW<\/li>\n<li>Pist\u0103 larg\u0103: 107 cm l\u0103\u021bime cu lopat\u0103<\/li>\n<li>Prietenos cu gazonul, cu o greutate de 2001 lbs.<\/li>\n<li>Ac\u021bionare de deplasare intuitiv\u0103, brevetat\u0103<\/li>\n<\/ul>\n<h2>Func\u021bii<\/h2>\n<h3>Sistem hidraulic cu 4 pompe<\/h3>\n<p>Cu sistemul hidraulic cu 4 pompe, pute\u021bi utiliza \u00eenc\u0103rc\u0103torul, lopata de \u00eenc\u0103rcare, ac\u021bionarea \u0219i ac\u021bion\u0103rile auxiliare simultan. Sistemul direc\u021bioneaz\u0103 for\u021ba hidraulic\u0103 exact c\u0103tre loca\u021bia dorit\u0103.<\/p>\n<h3>Disponibil \u00een diferite formate, \u00een func\u021bie de cerin\u021be<\/h3>\n<p>Dingo este disponibil \u00een diferite l\u0103\u021bimi, \u00een func\u021bie de cerin\u021be. De asemenea, dispozitivul are un cerc de \u00eentoarcere zero pentru o manevrabilitate de neegalat.<\/p>\n<h3>Transmisie exclusiv\u0103 TX caterpillar<\/h3>\n<p>Centrul de greutate cobor\u00e2t cre\u0219te stabilitatea pe pante \u0219i v\u0103 permite s\u0103 lucra\u021bi f\u0103r\u0103 caneluri \u00een anvelope.<\/p>\n<h3>Ac\u021bionare hidraulic\u0103<\/h3>\n<p>Sistemul hidraulic cu 40,9 litri \u0219i 207 bare face posibil\u0103 s\u0103parea g\u0103urilor cu l\u0103\u021bimea de p\u00e2n\u0103 la 76 cm sau a \u0219an\u021burilor cu ad\u00e2ncimea de p\u00e2n\u0103 la 91 cm.<\/p>\n<h3>Motor diesel r\u0103cit cu ap\u0103<\/h3>\n<p>Curba de cuplu a motoarelor diesel Kubota de 18,6 kW ofer\u0103 accesoriilor puterea necesar\u0103 pentru sarcini dificile.<\/p>\n<h3>Elemente de operare simple<\/h3>\n<p>Cu trei elemente de operare simple, sunte\u021bi gata de func\u021bionare \u00een cel mai scurt timp.<\/p>\n<ol>\n<li>Cu joystick-ul de control al \u00eenc\u0103rc\u0103torului, pute\u021bi s\u0103pa cu cupa \u00eenc\u0103rc\u0103torului, s\u0103 o goli\u021bi sau s\u0103 o men\u021bine\u021bi suspendat\u0103 \u0219i s\u0103 ridica\u021bi sau s\u0103 cobor\u00e2\u021bi bra\u021bele \u00eenc\u0103rc\u0103torului \u00een acela\u0219i timp &#8211; totul cu o singur\u0103 m\u00e2n\u0103.<\/li>\n<li>Cu cealalt\u0103 m\u00e2n\u0103, pute\u021bi prinde unitatea cu o singur\u0103 m\u00e2n\u0103 din orice unghi pentru un control f\u0103r\u0103 efort.<\/li>\n<li>Al treilea element de comand\u0103, p\u00e2rghia de comand\u0103 a circuitului auxiliar, ac\u021bioneaz\u0103 accesoriile.<\/li>\n<\/ol>\n<h2>Date tehnice<\/h2>\n<ul>\n<li>Motor: motor Kubota\u00ae de 18,6 kW<\/li>\n<li>Viteza de deplasare: 0 p\u00e2n\u0103 la 6,4 km\/h \u00eenainte, 0 p\u00e2n\u0103 la 3,2 km\/h \u00eenapoi<\/li>\n<li>Combustibil: Diesel<\/li>\n<li>Capacitate de operare: 250 kg<\/li>\n<\/ul>\n<h2><strong>De \u00eenchiriat!<\/strong><\/h2>\n<p>\u00cenchiria\u021bi \u00eenc\u0103rc\u0103torul utilitar compact cu \u0219enile \u00eenguste TORO Dingo TX 525! (87,6 cm l\u0103\u021bime cu lopat\u0103) incl. Anexe de la partenerul nostru BVB Baumaschinen GmbH:<\/p>\n<p><a href=\"http:\/\/bvb.co.at\/maschine\/toro-dingo-tx-525-2\/\">http:\/\/bvb.co.at\/maschine\/toro-dingo-tx-525-2\/<\/a><\/p>\n<p>&nbsp;<\/p>\n","protected":false},"excerpt":{"rendered":"<p>Modelele din seria Dingo TX impresioneaz\u0103 prin puterea suplimentar\u0103, utilizarea mai lung\u0103 a motorului \u0219i un debit hidraulic mai mare.<\/p>\n","protected":false},"featured_media":21153,"template":"","meta":[],"pwb-brand":[3073],"product_brand":[],"product_cat":[1521,2694],"product_tag":[],"class_list":{"0":"post-25882","1":"product","2":"type-product","3":"status-publish","4":"has-post-thumbnail","6":"pwb-brand-toro-ro","7":"product_cat-municipal-terenuri-de-sport-si-agricultura","8":"product_cat-siteworks-ro","10":"first","11":"instock","12":"taxable","13":"shipping-taxable","14":"product-type-simple"},"yoast_head":"<!-- This site is optimized with the Yoast SEO plugin v27.4 - https:\/\/yoast.com\/product\/yoast-seo-wordpress\/ -->\n<title>Toro - Siteworks - \u00cenc\u0103rc\u0103tor utilitar compact - Dingo - TX525 - 22324 - Prochaska<\/title>\n<meta name=\"robots\" content=\"index, follow, max-snippet:-1, max-image-preview:large, max-video-preview:-1\" \/>\n<link rel=\"canonical\" href=\"https:\/\/prochaska.eu\/ro\/produs\/toro-siteworks-incarcator-utilitar-compact-dingo-tx525-22324\/\" \/>\n<meta property=\"og:locale\" content=\"ro_RO\" \/>\n<meta property=\"og:type\" content=\"article\" \/>\n<meta property=\"og:title\" content=\"Toro - Siteworks - \u00cenc\u0103rc\u0103tor utilitar compact - Dingo - TX525 - 22324 - Prochaska\" \/>\n<meta property=\"og:description\" content=\"Modelele din seria Dingo TX impresioneaz\u0103 prin puterea suplimentar\u0103, utilizarea mai lung\u0103 a motorului \u0219i un debit hidraulic mai mare.\" \/>\n<meta property=\"og:url\" content=\"https:\/\/prochaska.eu\/ro\/produs\/toro-siteworks-incarcator-utilitar-compact-dingo-tx525-22324\/\" \/>\n<meta property=\"og:site_name\" content=\"Prochaska\" \/>\n<meta property=\"article:publisher\" content=\"https:\/\/www.facebook.com\/prochaska.eu\/\" \/>\n<meta property=\"og:image\" content=\"https:\/\/prochaska.eu\/wp-content\/uploads\/2024\/06\/22323_1-e1588926119699.jpg\" \/>\n\t<meta property=\"og:image:width\" content=\"694\" \/>\n\t<meta property=\"og:image:height\" content=\"694\" \/>\n\t<meta property=\"og:image:type\" content=\"image\/jpeg\" \/>\n<meta name=\"twitter:card\" content=\"summary_large_image\" \/>\n<meta name=\"twitter:label1\" content=\"Timp estimat pentru citire\" \/>\n\t<meta name=\"twitter:data1\" content=\"2 minute\" \/>\n<script type=\"application\/ld+json\" class=\"yoast-schema-graph\">{\"@context\":\"https:\\\/\\\/schema.org\",\"@graph\":[{\"@type\":\"WebPage\",\"@id\":\"https:\\\/\\\/prochaska.eu\\\/ro\\\/produs\\\/toro-siteworks-incarcator-utilitar-compact-dingo-tx525-22324\\\/\",\"url\":\"https:\\\/\\\/prochaska.eu\\\/ro\\\/produs\\\/toro-siteworks-incarcator-utilitar-compact-dingo-tx525-22324\\\/\",\"name\":\"Toro - Siteworks - \u00cenc\u0103rc\u0103tor utilitar compact - Dingo - TX525 - 22324 - Prochaska\",\"isPartOf\":{\"@id\":\"https:\\\/\\\/prochaska.eu\\\/ro\\\/#website\"},\"primaryImageOfPage\":{\"@id\":\"https:\\\/\\\/prochaska.eu\\\/ro\\\/produs\\\/toro-siteworks-incarcator-utilitar-compact-dingo-tx525-22324\\\/#primaryimage\"},\"image\":{\"@id\":\"https:\\\/\\\/prochaska.eu\\\/ro\\\/produs\\\/toro-siteworks-incarcator-utilitar-compact-dingo-tx525-22324\\\/#primaryimage\"},\"thumbnailUrl\":\"https:\\\/\\\/prochaska.eu\\\/wp-content\\\/uploads\\\/2024\\\/06\\\/22323_1-e1588926119699.jpg\",\"datePublished\":\"2017-08-04T14:42:52+00:00\",\"breadcrumb\":{\"@id\":\"https:\\\/\\\/prochaska.eu\\\/ro\\\/produs\\\/toro-siteworks-incarcator-utilitar-compact-dingo-tx525-22324\\\/#breadcrumb\"},\"inLanguage\":\"ro-RO\",\"potentialAction\":[{\"@type\":\"ReadAction\",\"target\":[\"https:\\\/\\\/prochaska.eu\\\/ro\\\/produs\\\/toro-siteworks-incarcator-utilitar-compact-dingo-tx525-22324\\\/\"]}]},{\"@type\":\"ImageObject\",\"inLanguage\":\"ro-RO\",\"@id\":\"https:\\\/\\\/prochaska.eu\\\/ro\\\/produs\\\/toro-siteworks-incarcator-utilitar-compact-dingo-tx525-22324\\\/#primaryimage\",\"url\":\"https:\\\/\\\/prochaska.eu\\\/wp-content\\\/uploads\\\/2024\\\/06\\\/22323_1-e1588926119699.jpg\",\"contentUrl\":\"https:\\\/\\\/prochaska.eu\\\/wp-content\\\/uploads\\\/2024\\\/06\\\/22323_1-e1588926119699.jpg\",\"width\":694,\"height\":694,\"caption\":\"Toro Dingo TX 525 \u0218enile \u00eenguste\"},{\"@type\":\"BreadcrumbList\",\"@id\":\"https:\\\/\\\/prochaska.eu\\\/ro\\\/produs\\\/toro-siteworks-incarcator-utilitar-compact-dingo-tx525-22324\\\/#breadcrumb\",\"itemListElement\":[{\"@type\":\"ListItem\",\"position\":1,\"name\":\"Home\",\"item\":\"https:\\\/\\\/prochaska.eu\\\/ro\\\/\"},{\"@type\":\"ListItem\",\"position\":2,\"name\":\"Shop\",\"item\":\"https:\\\/\\\/prochaska.eu\\\/ro\\\/shop\\\/\"},{\"@type\":\"ListItem\",\"position\":3,\"name\":\"Toro &#8211; Siteworks &#8211; \u00cenc\u0103rc\u0103tor utilitar compact &#8211; Dingo &#8211; TX525 &#8211; 22324\"}]},{\"@type\":\"WebSite\",\"@id\":\"https:\\\/\\\/prochaska.eu\\\/ro\\\/#website\",\"url\":\"https:\\\/\\\/prochaska.eu\\\/ro\\\/\",\"name\":\"Prochaska\",\"description\":\"Spezialist f\u00fcr Pflege von Gr\u00fcnfl\u00e4chen\",\"publisher\":{\"@id\":\"https:\\\/\\\/prochaska.eu\\\/ro\\\/#organization\"},\"potentialAction\":[{\"@type\":\"SearchAction\",\"target\":{\"@type\":\"EntryPoint\",\"urlTemplate\":\"https:\\\/\\\/prochaska.eu\\\/ro\\\/?s={search_term_string}\"},\"query-input\":{\"@type\":\"PropertyValueSpecification\",\"valueRequired\":true,\"valueName\":\"search_term_string\"}}],\"inLanguage\":\"ro-RO\"},{\"@type\":\"Organization\",\"@id\":\"https:\\\/\\\/prochaska.eu\\\/ro\\\/#organization\",\"name\":\"Prochaska\",\"url\":\"https:\\\/\\\/prochaska.eu\\\/ro\\\/\",\"logo\":{\"@type\":\"ImageObject\",\"inLanguage\":\"ro-RO\",\"@id\":\"https:\\\/\\\/prochaska.eu\\\/ro\\\/#\\\/schema\\\/logo\\\/image\\\/\",\"url\":\"https:\\\/\\\/prochaska.eu\\\/wp-content\\\/uploads\\\/2024\\\/04\\\/Prochaska_Logo_Black-1.png\",\"contentUrl\":\"https:\\\/\\\/prochaska.eu\\\/wp-content\\\/uploads\\\/2024\\\/04\\\/Prochaska_Logo_Black-1.png\",\"width\":796,\"height\":236,\"caption\":\"Prochaska\"},\"image\":{\"@id\":\"https:\\\/\\\/prochaska.eu\\\/ro\\\/#\\\/schema\\\/logo\\\/image\\\/\"},\"sameAs\":[\"https:\\\/\\\/www.facebook.com\\\/prochaska.eu\\\/\",\"https:\\\/\\\/www.instagram.com\\\/prochaska.eu\\\/\",\"https:\\\/\\\/www.linkedin.com\\\/company\\\/prochaska-handels-gmbh\"]}]}<\/script>\n<!-- \/ Yoast SEO plugin. -->","yoast_head_json":{"title":"Toro - Siteworks - \u00cenc\u0103rc\u0103tor utilitar compact - Dingo - TX525 - 22324 - Prochaska","robots":{"index":"index","follow":"follow","max-snippet":"max-snippet:-1","max-image-preview":"max-image-preview:large","max-video-preview":"max-video-preview:-1"},"canonical":"https:\/\/prochaska.eu\/ro\/produs\/toro-siteworks-incarcator-utilitar-compact-dingo-tx525-22324\/","og_locale":"ro_RO","og_type":"article","og_title":"Toro - Siteworks - \u00cenc\u0103rc\u0103tor utilitar compact - Dingo - TX525 - 22324 - Prochaska","og_description":"Modelele din seria Dingo TX impresioneaz\u0103 prin puterea suplimentar\u0103, utilizarea mai lung\u0103 a motorului \u0219i un debit hidraulic mai mare.","og_url":"https:\/\/prochaska.eu\/ro\/produs\/toro-siteworks-incarcator-utilitar-compact-dingo-tx525-22324\/","og_site_name":"Prochaska","article_publisher":"https:\/\/www.facebook.com\/prochaska.eu\/","og_image":[{"width":694,"height":694,"url":"https:\/\/prochaska.eu\/wp-content\/uploads\/2024\/06\/22323_1-e1588926119699.jpg","type":"image\/jpeg"}],"twitter_card":"summary_large_image","twitter_misc":{"Timp estimat pentru citire":"2 minute"},"schema":{"@context":"https:\/\/schema.org","@graph":[{"@type":"WebPage","@id":"https:\/\/prochaska.eu\/ro\/produs\/toro-siteworks-incarcator-utilitar-compact-dingo-tx525-22324\/","url":"https:\/\/prochaska.eu\/ro\/produs\/toro-siteworks-incarcator-utilitar-compact-dingo-tx525-22324\/","name":"Toro - Siteworks - \u00cenc\u0103rc\u0103tor utilitar compact - Dingo - TX525 - 22324 - Prochaska","isPartOf":{"@id":"https:\/\/prochaska.eu\/ro\/#website"},"primaryImageOfPage":{"@id":"https:\/\/prochaska.eu\/ro\/produs\/toro-siteworks-incarcator-utilitar-compact-dingo-tx525-22324\/#primaryimage"},"image":{"@id":"https:\/\/prochaska.eu\/ro\/produs\/toro-siteworks-incarcator-utilitar-compact-dingo-tx525-22324\/#primaryimage"},"thumbnailUrl":"https:\/\/prochaska.eu\/wp-content\/uploads\/2024\/06\/22323_1-e1588926119699.jpg","datePublished":"2017-08-04T14:42:52+00:00","breadcrumb":{"@id":"https:\/\/prochaska.eu\/ro\/produs\/toro-siteworks-incarcator-utilitar-compact-dingo-tx525-22324\/#breadcrumb"},"inLanguage":"ro-RO","potentialAction":[{"@type":"ReadAction","target":["https:\/\/prochaska.eu\/ro\/produs\/toro-siteworks-incarcator-utilitar-compact-dingo-tx525-22324\/"]}]},{"@type":"ImageObject","inLanguage":"ro-RO","@id":"https:\/\/prochaska.eu\/ro\/produs\/toro-siteworks-incarcator-utilitar-compact-dingo-tx525-22324\/#primaryimage","url":"https:\/\/prochaska.eu\/wp-content\/uploads\/2024\/06\/22323_1-e1588926119699.jpg","contentUrl":"https:\/\/prochaska.eu\/wp-content\/uploads\/2024\/06\/22323_1-e1588926119699.jpg","width":694,"height":694,"caption":"Toro Dingo TX 525 \u0218enile \u00eenguste"},{"@type":"BreadcrumbList","@id":"https:\/\/prochaska.eu\/ro\/produs\/toro-siteworks-incarcator-utilitar-compact-dingo-tx525-22324\/#breadcrumb","itemListElement":[{"@type":"ListItem","position":1,"name":"Home","item":"https:\/\/prochaska.eu\/ro\/"},{"@type":"ListItem","position":2,"name":"Shop","item":"https:\/\/prochaska.eu\/ro\/shop\/"},{"@type":"ListItem","position":3,"name":"Toro &#8211; Siteworks &#8211; \u00cenc\u0103rc\u0103tor utilitar compact &#8211; Dingo &#8211; TX525 &#8211; 22324"}]},{"@type":"WebSite","@id":"https:\/\/prochaska.eu\/ro\/#website","url":"https:\/\/prochaska.eu\/ro\/","name":"Prochaska","description":"Spezialist f\u00fcr Pflege von Gr\u00fcnfl\u00e4chen","publisher":{"@id":"https:\/\/prochaska.eu\/ro\/#organization"},"potentialAction":[{"@type":"SearchAction","target":{"@type":"EntryPoint","urlTemplate":"https:\/\/prochaska.eu\/ro\/?s={search_term_string}"},"query-input":{"@type":"PropertyValueSpecification","valueRequired":true,"valueName":"search_term_string"}}],"inLanguage":"ro-RO"},{"@type":"Organization","@id":"https:\/\/prochaska.eu\/ro\/#organization","name":"Prochaska","url":"https:\/\/prochaska.eu\/ro\/","logo":{"@type":"ImageObject","inLanguage":"ro-RO","@id":"https:\/\/prochaska.eu\/ro\/#\/schema\/logo\/image\/","url":"https:\/\/prochaska.eu\/wp-content\/uploads\/2024\/04\/Prochaska_Logo_Black-1.png","contentUrl":"https:\/\/prochaska.eu\/wp-content\/uploads\/2024\/04\/Prochaska_Logo_Black-1.png","width":796,"height":236,"caption":"Prochaska"},"image":{"@id":"https:\/\/prochaska.eu\/ro\/#\/schema\/logo\/image\/"},"sameAs":["https:\/\/www.facebook.com\/prochaska.eu\/","https:\/\/www.instagram.com\/prochaska.eu\/","https:\/\/www.linkedin.com\/company\/prochaska-handels-gmbh"]}]}},"brands":[{"id":3073,"name":"Toro","slug":"toro-ro"}],"_links":{"self":[{"href":"https:\/\/prochaska.eu\/ro\/wp-json\/wp\/v2\/product\/25882","targetHints":{"allow":["GET"]}}],"collection":[{"href":"https:\/\/prochaska.eu\/ro\/wp-json\/wp\/v2\/product"}],"about":[{"href":"https:\/\/prochaska.eu\/ro\/wp-json\/wp\/v2\/types\/product"}],"version-history":[{"count":0,"href":"https:\/\/prochaska.eu\/ro\/wp-json\/wp\/v2\/product\/25882\/revisions"}],"wp:featuredmedia":[{"embeddable":true,"href":"https:\/\/prochaska.eu\/ro\/wp-json\/wp\/v2\/media\/21153"}],"wp:attachment":[{"href":"https:\/\/prochaska.eu\/ro\/wp-json\/wp\/v2\/media?parent=25882"}],"wp:term":[{"taxonomy":"pwb-brand","embeddable":true,"href":"https:\/\/prochaska.eu\/ro\/wp-json\/wp\/v2\/pwb-brand?post=25882"},{"taxonomy":"product_brand","embeddable":true,"href":"https:\/\/prochaska.eu\/ro\/wp-json\/wp\/v2\/product_brand?post=25882"},{"taxonomy":"product_cat","embeddable":true,"href":"https:\/\/prochaska.eu\/ro\/wp-json\/wp\/v2\/product_cat?post=25882"},{"taxonomy":"product_tag","embeddable":true,"href":"https:\/\/prochaska.eu\/ro\/wp-json\/wp\/v2\/product_tag?post=25882"}],"curies":[{"name":"wp","href":"https:\/\/api.w.org\/{rel}","templated":true}]}}