{"id":25883,"date":"2017-08-04T14:42:56","date_gmt":"2017-08-04T14:42:56","guid":{"rendered":"https:\/\/prochaska.eu\/product\/pulverizator-toro-multi-pro-1750-41188\/"},"modified":"2017-08-04T14:42:56","modified_gmt":"2017-08-04T14:42:56","slug":"pulverizator-toro-multi-pro-1750-41188","status":"publish","type":"product","link":"https:\/\/prochaska.eu\/ro\/produs\/pulverizator-toro-multi-pro-1750-41188\/","title":{"rendered":"Pulverizator Toro Multi Pro 1750 (41188)"},"content":{"rendered":"<p>MultiProf 1750 utilizeaz\u0103 designul avansat al sistemului de pulverizare Toro de la Multi Pro 5800-D \u00eentr-un utilaj mai mic. \u00cen combina\u021bie cu comenzile avansate ale vehiculului de pulverizare \u0219i caracteristicile productive ale vehiculului, rezult\u0103 unul dintre cele mai avansate, puternice \u0219i precise pulverizatoare de pe pia\u021b\u0103.<\/p>\n<h2>Func\u021bii<\/h2>\n<h3><strong>Recipient chimic eliptic<\/strong><\/h3>\n<p>Acest rezervor are patru duze de agitare montate lateral. Acest lucru garanteaz\u0103 amestecarea uniform\u0103 a substan\u021belor chimice pentru o dozare precis\u0103.<\/p>\n<h3><strong>Boom cu ultrasunete<\/strong><\/h3>\n<p>Senzorii \u0219i o unitate de control dedicat\u0103 sunt utilizate pentru a controla automat \u00een\u0103l\u021bimea optim\u0103 de extensie. Acest lucru v\u0103 ofer\u0103 un rezultat uniform chiar \u0219i pe suprafe\u021be neuniforme.<\/p>\n<h3><strong>Pomp\u0103 cu diafragm\u0103 de \u0219ase ori<\/strong><\/h3>\n<p>O inova\u021bie \u00een industrie &#8211; aceast\u0103 pomp\u0103 supradimensionat\u0103 \u00eendepline\u0219te cele mai \u00eenalte rate de pulverizare \u0219i, \u00een acela\u0219i timp, asigur\u0103 un debit generos al agitatorului. Are o f\u00e2nt\u00e2n\u0103 uscat\u0103 \u0219i este autoamorsant\u0103.<\/p>\n<h3><strong><sup>QuickFindTM<\/sup><\/strong><\/h3>\n<p>Aceast\u0103 caracteristic\u0103 face ca toate sistemele importante ale vehiculului \u0219i ale pulverizatorului s\u0103 fie u\u0219or accesibile. Acest lucru asigur\u0103 o operare convenabil\u0103 \u0219i un control \u00eembun\u0103t\u0103\u021bit.<\/p>\n<h3><strong>Kit de cl\u0103tire cu ap\u0103 dulce<\/strong><\/h3>\n<p>Simplific\u0103 \u0219i automatizeaz\u0103 cl\u0103tirea tripl\u0103.<\/p>\n<h3><strong>Ejector Cleanload<\/strong><\/h3>\n<p>Mulit Pro 1750 are o sta\u021bie de amestecare integrat\u0103.<\/p>\n<h3><strong>Capot\u0103 antiderapant\u0103<\/strong><\/h3>\n<p>Este ata\u0219at la suportul existent \u0219i minimizeaz\u0103 deriva de pulverizare.<\/p>\n<h2>Date tehnice<\/h2>\n<ul>\n<li>Combustibil: benzin\u0103<\/li>\n<li>Viteza de deplasare: de la 0 la 18,5 km\/h<\/li>\n<li>Rezervor vehicul de pulverizare: 662 litri<\/li>\n<li>Bra\u021b: 5,6 m, 3 sec\u021biuni<\/li>\n<\/ul>\n","protected":false},"excerpt":{"rendered":"<p>Pulverizatorul Multi Pro 1750 garanteaz\u0103 un rezultat uniform al pulveriz\u0103rii &#8211; chiar \u0219i pe suprafe\u021be neuniforme.<\/p>\n","protected":false},"featured_media":21207,"template":"","meta":[],"pwb-brand":[3073],"product_brand":[],"product_cat":[1388,1521,1533,1535],"product_tag":[],"class_list":{"0":"post-25883","1":"product","2":"type-product","3":"status-publish","4":"has-post-thumbnail","6":"pwb-brand-toro-ro","7":"product_cat-masini-de-golf","8":"product_cat-municipal-terenuri-de-sport-si-agricultura","9":"product_cat-pregatirea-solului","10":"product_cat-pregatirea-solului-ro","12":"first","13":"instock","14":"taxable","15":"shipping-taxable","16":"product-type-simple"},"yoast_head":"<!-- This site is optimized with the Yoast SEO plugin v27.4 - https:\/\/yoast.com\/product\/yoast-seo-wordpress\/ -->\n<title>Pulverizator Toro Multi Pro 1750 (41188) - Prochaska<\/title>\n<meta name=\"robots\" content=\"index, follow, max-snippet:-1, max-image-preview:large, max-video-preview:-1\" \/>\n<link rel=\"canonical\" href=\"https:\/\/prochaska.eu\/ro\/produs\/pulverizator-toro-multi-pro-1750-41188\/\" \/>\n<meta property=\"og:locale\" content=\"ro_RO\" \/>\n<meta property=\"og:type\" content=\"article\" \/>\n<meta property=\"og:title\" content=\"Pulverizator Toro Multi Pro 1750 (41188) - Prochaska\" \/>\n<meta property=\"og:description\" content=\"Pulverizatorul Multi Pro 1750 garanteaz\u0103 un rezultat uniform al pulveriz\u0103rii - chiar \u0219i pe suprafe\u021be neuniforme.\" \/>\n<meta property=\"og:url\" content=\"https:\/\/prochaska.eu\/ro\/produs\/pulverizator-toro-multi-pro-1750-41188\/\" \/>\n<meta property=\"og:site_name\" content=\"Prochaska\" \/>\n<meta property=\"article:publisher\" content=\"https:\/\/www.facebook.com\/prochaska.eu\/\" \/>\n<meta property=\"og:image\" content=\"https:\/\/prochaska.eu\/wp-content\/uploads\/2024\/06\/Mulit-Pro-1750.jpg\" \/>\n\t<meta property=\"og:image:width\" content=\"1440\" \/>\n\t<meta property=\"og:image:height\" content=\"1440\" \/>\n\t<meta property=\"og:image:type\" content=\"image\/jpeg\" \/>\n<meta name=\"twitter:card\" content=\"summary_large_image\" \/>\n<meta name=\"twitter:label1\" content=\"Timp estimat pentru citire\" \/>\n\t<meta name=\"twitter:data1\" content=\"1 minut\" \/>\n<script type=\"application\/ld+json\" class=\"yoast-schema-graph\">{\"@context\":\"https:\\\/\\\/schema.org\",\"@graph\":[{\"@type\":\"WebPage\",\"@id\":\"https:\\\/\\\/prochaska.eu\\\/ro\\\/produs\\\/pulverizator-toro-multi-pro-1750-41188\\\/\",\"url\":\"https:\\\/\\\/prochaska.eu\\\/ro\\\/produs\\\/pulverizator-toro-multi-pro-1750-41188\\\/\",\"name\":\"Pulverizator Toro Multi Pro 1750 (41188) - Prochaska\",\"isPartOf\":{\"@id\":\"https:\\\/\\\/prochaska.eu\\\/ro\\\/#website\"},\"primaryImageOfPage\":{\"@id\":\"https:\\\/\\\/prochaska.eu\\\/ro\\\/produs\\\/pulverizator-toro-multi-pro-1750-41188\\\/#primaryimage\"},\"image\":{\"@id\":\"https:\\\/\\\/prochaska.eu\\\/ro\\\/produs\\\/pulverizator-toro-multi-pro-1750-41188\\\/#primaryimage\"},\"thumbnailUrl\":\"https:\\\/\\\/prochaska.eu\\\/wp-content\\\/uploads\\\/2024\\\/06\\\/Mulit-Pro-1750.jpg\",\"datePublished\":\"2017-08-04T14:42:56+00:00\",\"breadcrumb\":{\"@id\":\"https:\\\/\\\/prochaska.eu\\\/ro\\\/produs\\\/pulverizator-toro-multi-pro-1750-41188\\\/#breadcrumb\"},\"inLanguage\":\"ro-RO\",\"potentialAction\":[{\"@type\":\"ReadAction\",\"target\":[\"https:\\\/\\\/prochaska.eu\\\/ro\\\/produs\\\/pulverizator-toro-multi-pro-1750-41188\\\/\"]}]},{\"@type\":\"ImageObject\",\"inLanguage\":\"ro-RO\",\"@id\":\"https:\\\/\\\/prochaska.eu\\\/ro\\\/produs\\\/pulverizator-toro-multi-pro-1750-41188\\\/#primaryimage\",\"url\":\"https:\\\/\\\/prochaska.eu\\\/wp-content\\\/uploads\\\/2024\\\/06\\\/Mulit-Pro-1750.jpg\",\"contentUrl\":\"https:\\\/\\\/prochaska.eu\\\/wp-content\\\/uploads\\\/2024\\\/06\\\/Mulit-Pro-1750.jpg\",\"width\":1440,\"height\":1440,\"caption\":\"Pulverizator Toro Multi Pro 1750\"},{\"@type\":\"BreadcrumbList\",\"@id\":\"https:\\\/\\\/prochaska.eu\\\/ro\\\/produs\\\/pulverizator-toro-multi-pro-1750-41188\\\/#breadcrumb\",\"itemListElement\":[{\"@type\":\"ListItem\",\"position\":1,\"name\":\"Home\",\"item\":\"https:\\\/\\\/prochaska.eu\\\/ro\\\/\"},{\"@type\":\"ListItem\",\"position\":2,\"name\":\"Shop\",\"item\":\"https:\\\/\\\/prochaska.eu\\\/ro\\\/shop\\\/\"},{\"@type\":\"ListItem\",\"position\":3,\"name\":\"Pulverizator Toro Multi Pro 1750 (41188)\"}]},{\"@type\":\"WebSite\",\"@id\":\"https:\\\/\\\/prochaska.eu\\\/ro\\\/#website\",\"url\":\"https:\\\/\\\/prochaska.eu\\\/ro\\\/\",\"name\":\"Prochaska\",\"description\":\"Spezialist f\u00fcr Pflege von Gr\u00fcnfl\u00e4chen\",\"publisher\":{\"@id\":\"https:\\\/\\\/prochaska.eu\\\/ro\\\/#organization\"},\"potentialAction\":[{\"@type\":\"SearchAction\",\"target\":{\"@type\":\"EntryPoint\",\"urlTemplate\":\"https:\\\/\\\/prochaska.eu\\\/ro\\\/?s={search_term_string}\"},\"query-input\":{\"@type\":\"PropertyValueSpecification\",\"valueRequired\":true,\"valueName\":\"search_term_string\"}}],\"inLanguage\":\"ro-RO\"},{\"@type\":\"Organization\",\"@id\":\"https:\\\/\\\/prochaska.eu\\\/ro\\\/#organization\",\"name\":\"Prochaska\",\"url\":\"https:\\\/\\\/prochaska.eu\\\/ro\\\/\",\"logo\":{\"@type\":\"ImageObject\",\"inLanguage\":\"ro-RO\",\"@id\":\"https:\\\/\\\/prochaska.eu\\\/ro\\\/#\\\/schema\\\/logo\\\/image\\\/\",\"url\":\"https:\\\/\\\/prochaska.eu\\\/wp-content\\\/uploads\\\/2024\\\/04\\\/Prochaska_Logo_Black-1.png\",\"contentUrl\":\"https:\\\/\\\/prochaska.eu\\\/wp-content\\\/uploads\\\/2024\\\/04\\\/Prochaska_Logo_Black-1.png\",\"width\":796,\"height\":236,\"caption\":\"Prochaska\"},\"image\":{\"@id\":\"https:\\\/\\\/prochaska.eu\\\/ro\\\/#\\\/schema\\\/logo\\\/image\\\/\"},\"sameAs\":[\"https:\\\/\\\/www.facebook.com\\\/prochaska.eu\\\/\",\"https:\\\/\\\/www.instagram.com\\\/prochaska.eu\\\/\",\"https:\\\/\\\/www.linkedin.com\\\/company\\\/prochaska-handels-gmbh\"]}]}<\/script>\n<!-- \/ Yoast SEO plugin. -->","yoast_head_json":{"title":"Pulverizator Toro Multi Pro 1750 (41188) - Prochaska","robots":{"index":"index","follow":"follow","max-snippet":"max-snippet:-1","max-image-preview":"max-image-preview:large","max-video-preview":"max-video-preview:-1"},"canonical":"https:\/\/prochaska.eu\/ro\/produs\/pulverizator-toro-multi-pro-1750-41188\/","og_locale":"ro_RO","og_type":"article","og_title":"Pulverizator Toro Multi Pro 1750 (41188) - Prochaska","og_description":"Pulverizatorul Multi Pro 1750 garanteaz\u0103 un rezultat uniform al pulveriz\u0103rii - chiar \u0219i pe suprafe\u021be neuniforme.","og_url":"https:\/\/prochaska.eu\/ro\/produs\/pulverizator-toro-multi-pro-1750-41188\/","og_site_name":"Prochaska","article_publisher":"https:\/\/www.facebook.com\/prochaska.eu\/","og_image":[{"width":1440,"height":1440,"url":"https:\/\/prochaska.eu\/wp-content\/uploads\/2024\/06\/Mulit-Pro-1750.jpg","type":"image\/jpeg"}],"twitter_card":"summary_large_image","twitter_misc":{"Timp estimat pentru citire":"1 minut"},"schema":{"@context":"https:\/\/schema.org","@graph":[{"@type":"WebPage","@id":"https:\/\/prochaska.eu\/ro\/produs\/pulverizator-toro-multi-pro-1750-41188\/","url":"https:\/\/prochaska.eu\/ro\/produs\/pulverizator-toro-multi-pro-1750-41188\/","name":"Pulverizator Toro Multi Pro 1750 (41188) - Prochaska","isPartOf":{"@id":"https:\/\/prochaska.eu\/ro\/#website"},"primaryImageOfPage":{"@id":"https:\/\/prochaska.eu\/ro\/produs\/pulverizator-toro-multi-pro-1750-41188\/#primaryimage"},"image":{"@id":"https:\/\/prochaska.eu\/ro\/produs\/pulverizator-toro-multi-pro-1750-41188\/#primaryimage"},"thumbnailUrl":"https:\/\/prochaska.eu\/wp-content\/uploads\/2024\/06\/Mulit-Pro-1750.jpg","datePublished":"2017-08-04T14:42:56+00:00","breadcrumb":{"@id":"https:\/\/prochaska.eu\/ro\/produs\/pulverizator-toro-multi-pro-1750-41188\/#breadcrumb"},"inLanguage":"ro-RO","potentialAction":[{"@type":"ReadAction","target":["https:\/\/prochaska.eu\/ro\/produs\/pulverizator-toro-multi-pro-1750-41188\/"]}]},{"@type":"ImageObject","inLanguage":"ro-RO","@id":"https:\/\/prochaska.eu\/ro\/produs\/pulverizator-toro-multi-pro-1750-41188\/#primaryimage","url":"https:\/\/prochaska.eu\/wp-content\/uploads\/2024\/06\/Mulit-Pro-1750.jpg","contentUrl":"https:\/\/prochaska.eu\/wp-content\/uploads\/2024\/06\/Mulit-Pro-1750.jpg","width":1440,"height":1440,"caption":"Pulverizator Toro Multi Pro 1750"},{"@type":"BreadcrumbList","@id":"https:\/\/prochaska.eu\/ro\/produs\/pulverizator-toro-multi-pro-1750-41188\/#breadcrumb","itemListElement":[{"@type":"ListItem","position":1,"name":"Home","item":"https:\/\/prochaska.eu\/ro\/"},{"@type":"ListItem","position":2,"name":"Shop","item":"https:\/\/prochaska.eu\/ro\/shop\/"},{"@type":"ListItem","position":3,"name":"Pulverizator Toro Multi Pro 1750 (41188)"}]},{"@type":"WebSite","@id":"https:\/\/prochaska.eu\/ro\/#website","url":"https:\/\/prochaska.eu\/ro\/","name":"Prochaska","description":"Spezialist f\u00fcr Pflege von Gr\u00fcnfl\u00e4chen","publisher":{"@id":"https:\/\/prochaska.eu\/ro\/#organization"},"potentialAction":[{"@type":"SearchAction","target":{"@type":"EntryPoint","urlTemplate":"https:\/\/prochaska.eu\/ro\/?s={search_term_string}"},"query-input":{"@type":"PropertyValueSpecification","valueRequired":true,"valueName":"search_term_string"}}],"inLanguage":"ro-RO"},{"@type":"Organization","@id":"https:\/\/prochaska.eu\/ro\/#organization","name":"Prochaska","url":"https:\/\/prochaska.eu\/ro\/","logo":{"@type":"ImageObject","inLanguage":"ro-RO","@id":"https:\/\/prochaska.eu\/ro\/#\/schema\/logo\/image\/","url":"https:\/\/prochaska.eu\/wp-content\/uploads\/2024\/04\/Prochaska_Logo_Black-1.png","contentUrl":"https:\/\/prochaska.eu\/wp-content\/uploads\/2024\/04\/Prochaska_Logo_Black-1.png","width":796,"height":236,"caption":"Prochaska"},"image":{"@id":"https:\/\/prochaska.eu\/ro\/#\/schema\/logo\/image\/"},"sameAs":["https:\/\/www.facebook.com\/prochaska.eu\/","https:\/\/www.instagram.com\/prochaska.eu\/","https:\/\/www.linkedin.com\/company\/prochaska-handels-gmbh"]}]}},"brands":[{"id":3073,"name":"Toro","slug":"toro-ro"}],"_links":{"self":[{"href":"https:\/\/prochaska.eu\/ro\/wp-json\/wp\/v2\/product\/25883","targetHints":{"allow":["GET"]}}],"collection":[{"href":"https:\/\/prochaska.eu\/ro\/wp-json\/wp\/v2\/product"}],"about":[{"href":"https:\/\/prochaska.eu\/ro\/wp-json\/wp\/v2\/types\/product"}],"version-history":[{"count":0,"href":"https:\/\/prochaska.eu\/ro\/wp-json\/wp\/v2\/product\/25883\/revisions"}],"wp:featuredmedia":[{"embeddable":true,"href":"https:\/\/prochaska.eu\/ro\/wp-json\/wp\/v2\/media\/21207"}],"wp:attachment":[{"href":"https:\/\/prochaska.eu\/ro\/wp-json\/wp\/v2\/media?parent=25883"}],"wp:term":[{"taxonomy":"pwb-brand","embeddable":true,"href":"https:\/\/prochaska.eu\/ro\/wp-json\/wp\/v2\/pwb-brand?post=25883"},{"taxonomy":"product_brand","embeddable":true,"href":"https:\/\/prochaska.eu\/ro\/wp-json\/wp\/v2\/product_brand?post=25883"},{"taxonomy":"product_cat","embeddable":true,"href":"https:\/\/prochaska.eu\/ro\/wp-json\/wp\/v2\/product_cat?post=25883"},{"taxonomy":"product_tag","embeddable":true,"href":"https:\/\/prochaska.eu\/ro\/wp-json\/wp\/v2\/product_tag?post=25883"}],"curies":[{"name":"wp","href":"https:\/\/api.w.org\/{rel}","templated":true}]}}