{"id":25885,"date":"2017-08-04T14:42:54","date_gmt":"2017-08-04T14:42:54","guid":{"rendered":"https:\/\/prochaska.eu\/product\/toro-greensmaster-3250-d-04384\/"},"modified":"2017-08-04T14:42:54","modified_gmt":"2017-08-04T14:42:54","slug":"toro-greensmaster-3250-d-04384","status":"publish","type":"product","link":"https:\/\/prochaska.eu\/ro\/produs\/toro-greensmaster-3250-d-04384\/","title":{"rendered":"TORO Greensmaster 3250-D (04384)"},"content":{"rendered":"<p style=\"text-align: left;\">Foarte versatilul Toro Greensmaster 3250-D impresioneaz\u0103 cu un motor deosebit de robust. Fie c\u0103 este vorba de greens, tees-uri sau zone de v\u00e2nt &#8211; \u00eentotdeauna ofer\u0103 o calitate excep\u021bional\u0103.<\/p>\n<h2 style=\"text-align: left;\">Func\u021bii<\/h2>\n<h3 style=\"text-align: left;\"><strong>Reglarea u\u0219oar\u0103 a distan\u021bei dintre ax \u0219i lama inferioar\u0103<\/strong><\/h3>\n<p style=\"text-align: left;\">Setarea &#8222;tip clic&#8221; simplific\u0103 ajustarea distan\u021bei dintre ax \u0219i cu\u021bitul inferior. Este foarte precis \u0219i previne set\u0103rile incorecte la str\u00e2ngerea contrapiuli\u021bei.<\/p>\n<h3 style=\"text-align: left;\"><strong>Pozi\u021bie triunghiular\u0103 perfect\u0103 a ro\u021bii<\/strong><\/h3>\n<p style=\"text-align: left;\">Pozi\u021bia triunghiular\u0103 a ro\u021bii stabile\u0219te calea de rulare a ro\u021bii din spate \u00een raza ro\u021bilor din fa\u021b\u0103. Acest lucru previne alunecarea accidental\u0103 a ro\u021bii din spate \u00eentr-un bunc\u0103r de nisip atunci c\u00e2nd vira\u021bi.<\/p>\n<h3 style=\"text-align: left;\"><strong>Cu\u021bit de fund EdgeMax<\/strong><\/h3>\n<p style=\"text-align: left;\">Aceste cu\u021bite de fund fabricate din o\u021bel pentru scule c\u0103lit asigur\u0103 margini mai ascu\u021bite, ofer\u0103 performan\u021be mai bune \u0219i o durat\u0103 de via\u021b\u0103 mai lung\u0103.<\/p>\n<h2 style=\"text-align: left;\">Date tehnice<\/h2>\n<ul>\n<li style=\"text-align: left;\">L\u0103\u021bime de t\u0103iere: 150 cm<\/li>\n<li style=\"text-align: left;\">Puterea motorului: 17,5 kW (23,5 CP)<\/li>\n<li style=\"text-align: left;\">Combustibil: Diesel<\/li>\n<li style=\"text-align: left;\">\u00cen\u0103l\u021bimea de t\u0103iere: de la 1,6 la 25,4 mm<\/li>\n<li style=\"text-align: left;\">Viteza de cosire: de la 3 la 8 km\/h<\/li>\n<li style=\"text-align: left;\">Viteza de transport: de la 0 la 14 km\/h<\/li>\n<\/ul>\n","protected":false},"excerpt":{"rendered":"<p>Fie c\u0103 este vorba de greens, tees-uri sau zone \u00eentortocheate &#8211; Toro Greensmaster ofer\u0103 \u00eentotdeauna o calitate excep\u021bional\u0103.<\/p>\n","protected":false},"featured_media":21186,"template":"","meta":[],"pwb-brand":[3073],"product_brand":[],"product_cat":[1523,1388],"product_tag":[],"class_list":{"0":"post-25885","1":"product","2":"type-product","3":"status-publish","4":"has-post-thumbnail","6":"pwb-brand-toro-ro","7":"product_cat-cositoare-ro","8":"product_cat-masini-de-golf","10":"first","11":"instock","12":"taxable","13":"shipping-taxable","14":"product-type-simple"},"yoast_head":"<!-- This site is optimized with the Yoast SEO plugin v27.4 - https:\/\/yoast.com\/product\/yoast-seo-wordpress\/ -->\n<title>TORO Greensmaster 3250-D (04384) - Prochaska<\/title>\n<meta name=\"robots\" content=\"index, follow, max-snippet:-1, max-image-preview:large, max-video-preview:-1\" \/>\n<link rel=\"canonical\" href=\"https:\/\/prochaska.eu\/ro\/produs\/toro-greensmaster-3250-d-04384\/\" \/>\n<meta property=\"og:locale\" content=\"ro_RO\" \/>\n<meta property=\"og:type\" content=\"article\" \/>\n<meta property=\"og:title\" content=\"TORO Greensmaster 3250-D (04384) - Prochaska\" \/>\n<meta property=\"og:description\" content=\"Fie c\u0103 este vorba de greens, tees-uri sau zone \u00eentortocheate - Toro Greensmaster ofer\u0103 \u00eentotdeauna o calitate excep\u021bional\u0103.\" \/>\n<meta property=\"og:url\" content=\"https:\/\/prochaska.eu\/ro\/produs\/toro-greensmaster-3250-d-04384\/\" \/>\n<meta property=\"og:site_name\" content=\"Prochaska\" \/>\n<meta property=\"article:publisher\" content=\"https:\/\/www.facebook.com\/prochaska.eu\/\" \/>\n<meta property=\"og:image\" content=\"https:\/\/prochaska.eu\/wp-content\/uploads\/2024\/06\/Greensmster-3250-D-e1586511768270.jpg\" \/>\n\t<meta property=\"og:image:width\" content=\"1440\" \/>\n\t<meta property=\"og:image:height\" content=\"1440\" \/>\n\t<meta property=\"og:image:type\" content=\"image\/jpeg\" \/>\n<meta name=\"twitter:card\" content=\"summary_large_image\" \/>\n<meta name=\"twitter:label1\" content=\"Timp estimat pentru citire\" \/>\n\t<meta name=\"twitter:data1\" content=\"1 minut\" \/>\n<script type=\"application\/ld+json\" class=\"yoast-schema-graph\">{\"@context\":\"https:\\\/\\\/schema.org\",\"@graph\":[{\"@type\":\"WebPage\",\"@id\":\"https:\\\/\\\/prochaska.eu\\\/ro\\\/produs\\\/toro-greensmaster-3250-d-04384\\\/\",\"url\":\"https:\\\/\\\/prochaska.eu\\\/ro\\\/produs\\\/toro-greensmaster-3250-d-04384\\\/\",\"name\":\"TORO Greensmaster 3250-D (04384) - Prochaska\",\"isPartOf\":{\"@id\":\"https:\\\/\\\/prochaska.eu\\\/ro\\\/#website\"},\"primaryImageOfPage\":{\"@id\":\"https:\\\/\\\/prochaska.eu\\\/ro\\\/produs\\\/toro-greensmaster-3250-d-04384\\\/#primaryimage\"},\"image\":{\"@id\":\"https:\\\/\\\/prochaska.eu\\\/ro\\\/produs\\\/toro-greensmaster-3250-d-04384\\\/#primaryimage\"},\"thumbnailUrl\":\"https:\\\/\\\/prochaska.eu\\\/wp-content\\\/uploads\\\/2024\\\/06\\\/Greensmster-3250-D-e1586511768270.jpg\",\"datePublished\":\"2017-08-04T14:42:54+00:00\",\"breadcrumb\":{\"@id\":\"https:\\\/\\\/prochaska.eu\\\/ro\\\/produs\\\/toro-greensmaster-3250-d-04384\\\/#breadcrumb\"},\"inLanguage\":\"ro-RO\",\"potentialAction\":[{\"@type\":\"ReadAction\",\"target\":[\"https:\\\/\\\/prochaska.eu\\\/ro\\\/produs\\\/toro-greensmaster-3250-d-04384\\\/\"]}]},{\"@type\":\"ImageObject\",\"inLanguage\":\"ro-RO\",\"@id\":\"https:\\\/\\\/prochaska.eu\\\/ro\\\/produs\\\/toro-greensmaster-3250-d-04384\\\/#primaryimage\",\"url\":\"https:\\\/\\\/prochaska.eu\\\/wp-content\\\/uploads\\\/2024\\\/06\\\/Greensmster-3250-D-e1586511768270.jpg\",\"contentUrl\":\"https:\\\/\\\/prochaska.eu\\\/wp-content\\\/uploads\\\/2024\\\/06\\\/Greensmster-3250-D-e1586511768270.jpg\",\"width\":1440,\"height\":1440,\"caption\":\"TORO Greensmster 3250-D\"},{\"@type\":\"BreadcrumbList\",\"@id\":\"https:\\\/\\\/prochaska.eu\\\/ro\\\/produs\\\/toro-greensmaster-3250-d-04384\\\/#breadcrumb\",\"itemListElement\":[{\"@type\":\"ListItem\",\"position\":1,\"name\":\"Home\",\"item\":\"https:\\\/\\\/prochaska.eu\\\/ro\\\/\"},{\"@type\":\"ListItem\",\"position\":2,\"name\":\"Shop\",\"item\":\"https:\\\/\\\/prochaska.eu\\\/ro\\\/shop\\\/\"},{\"@type\":\"ListItem\",\"position\":3,\"name\":\"TORO Greensmaster 3250-D (04384)\"}]},{\"@type\":\"WebSite\",\"@id\":\"https:\\\/\\\/prochaska.eu\\\/ro\\\/#website\",\"url\":\"https:\\\/\\\/prochaska.eu\\\/ro\\\/\",\"name\":\"Prochaska\",\"description\":\"Spezialist f\u00fcr Pflege von Gr\u00fcnfl\u00e4chen\",\"publisher\":{\"@id\":\"https:\\\/\\\/prochaska.eu\\\/ro\\\/#organization\"},\"potentialAction\":[{\"@type\":\"SearchAction\",\"target\":{\"@type\":\"EntryPoint\",\"urlTemplate\":\"https:\\\/\\\/prochaska.eu\\\/ro\\\/?s={search_term_string}\"},\"query-input\":{\"@type\":\"PropertyValueSpecification\",\"valueRequired\":true,\"valueName\":\"search_term_string\"}}],\"inLanguage\":\"ro-RO\"},{\"@type\":\"Organization\",\"@id\":\"https:\\\/\\\/prochaska.eu\\\/ro\\\/#organization\",\"name\":\"Prochaska\",\"url\":\"https:\\\/\\\/prochaska.eu\\\/ro\\\/\",\"logo\":{\"@type\":\"ImageObject\",\"inLanguage\":\"ro-RO\",\"@id\":\"https:\\\/\\\/prochaska.eu\\\/ro\\\/#\\\/schema\\\/logo\\\/image\\\/\",\"url\":\"https:\\\/\\\/prochaska.eu\\\/wp-content\\\/uploads\\\/2024\\\/04\\\/Prochaska_Logo_Black-1.png\",\"contentUrl\":\"https:\\\/\\\/prochaska.eu\\\/wp-content\\\/uploads\\\/2024\\\/04\\\/Prochaska_Logo_Black-1.png\",\"width\":796,\"height\":236,\"caption\":\"Prochaska\"},\"image\":{\"@id\":\"https:\\\/\\\/prochaska.eu\\\/ro\\\/#\\\/schema\\\/logo\\\/image\\\/\"},\"sameAs\":[\"https:\\\/\\\/www.facebook.com\\\/prochaska.eu\\\/\",\"https:\\\/\\\/www.instagram.com\\\/prochaska.eu\\\/\",\"https:\\\/\\\/www.linkedin.com\\\/company\\\/prochaska-handels-gmbh\"]}]}<\/script>\n<!-- \/ Yoast SEO plugin. -->","yoast_head_json":{"title":"TORO Greensmaster 3250-D (04384) - Prochaska","robots":{"index":"index","follow":"follow","max-snippet":"max-snippet:-1","max-image-preview":"max-image-preview:large","max-video-preview":"max-video-preview:-1"},"canonical":"https:\/\/prochaska.eu\/ro\/produs\/toro-greensmaster-3250-d-04384\/","og_locale":"ro_RO","og_type":"article","og_title":"TORO Greensmaster 3250-D (04384) - Prochaska","og_description":"Fie c\u0103 este vorba de greens, tees-uri sau zone \u00eentortocheate - Toro Greensmaster ofer\u0103 \u00eentotdeauna o calitate excep\u021bional\u0103.","og_url":"https:\/\/prochaska.eu\/ro\/produs\/toro-greensmaster-3250-d-04384\/","og_site_name":"Prochaska","article_publisher":"https:\/\/www.facebook.com\/prochaska.eu\/","og_image":[{"width":1440,"height":1440,"url":"https:\/\/prochaska.eu\/wp-content\/uploads\/2024\/06\/Greensmster-3250-D-e1586511768270.jpg","type":"image\/jpeg"}],"twitter_card":"summary_large_image","twitter_misc":{"Timp estimat pentru citire":"1 minut"},"schema":{"@context":"https:\/\/schema.org","@graph":[{"@type":"WebPage","@id":"https:\/\/prochaska.eu\/ro\/produs\/toro-greensmaster-3250-d-04384\/","url":"https:\/\/prochaska.eu\/ro\/produs\/toro-greensmaster-3250-d-04384\/","name":"TORO Greensmaster 3250-D (04384) - Prochaska","isPartOf":{"@id":"https:\/\/prochaska.eu\/ro\/#website"},"primaryImageOfPage":{"@id":"https:\/\/prochaska.eu\/ro\/produs\/toro-greensmaster-3250-d-04384\/#primaryimage"},"image":{"@id":"https:\/\/prochaska.eu\/ro\/produs\/toro-greensmaster-3250-d-04384\/#primaryimage"},"thumbnailUrl":"https:\/\/prochaska.eu\/wp-content\/uploads\/2024\/06\/Greensmster-3250-D-e1586511768270.jpg","datePublished":"2017-08-04T14:42:54+00:00","breadcrumb":{"@id":"https:\/\/prochaska.eu\/ro\/produs\/toro-greensmaster-3250-d-04384\/#breadcrumb"},"inLanguage":"ro-RO","potentialAction":[{"@type":"ReadAction","target":["https:\/\/prochaska.eu\/ro\/produs\/toro-greensmaster-3250-d-04384\/"]}]},{"@type":"ImageObject","inLanguage":"ro-RO","@id":"https:\/\/prochaska.eu\/ro\/produs\/toro-greensmaster-3250-d-04384\/#primaryimage","url":"https:\/\/prochaska.eu\/wp-content\/uploads\/2024\/06\/Greensmster-3250-D-e1586511768270.jpg","contentUrl":"https:\/\/prochaska.eu\/wp-content\/uploads\/2024\/06\/Greensmster-3250-D-e1586511768270.jpg","width":1440,"height":1440,"caption":"TORO Greensmster 3250-D"},{"@type":"BreadcrumbList","@id":"https:\/\/prochaska.eu\/ro\/produs\/toro-greensmaster-3250-d-04384\/#breadcrumb","itemListElement":[{"@type":"ListItem","position":1,"name":"Home","item":"https:\/\/prochaska.eu\/ro\/"},{"@type":"ListItem","position":2,"name":"Shop","item":"https:\/\/prochaska.eu\/ro\/shop\/"},{"@type":"ListItem","position":3,"name":"TORO Greensmaster 3250-D (04384)"}]},{"@type":"WebSite","@id":"https:\/\/prochaska.eu\/ro\/#website","url":"https:\/\/prochaska.eu\/ro\/","name":"Prochaska","description":"Spezialist f\u00fcr Pflege von Gr\u00fcnfl\u00e4chen","publisher":{"@id":"https:\/\/prochaska.eu\/ro\/#organization"},"potentialAction":[{"@type":"SearchAction","target":{"@type":"EntryPoint","urlTemplate":"https:\/\/prochaska.eu\/ro\/?s={search_term_string}"},"query-input":{"@type":"PropertyValueSpecification","valueRequired":true,"valueName":"search_term_string"}}],"inLanguage":"ro-RO"},{"@type":"Organization","@id":"https:\/\/prochaska.eu\/ro\/#organization","name":"Prochaska","url":"https:\/\/prochaska.eu\/ro\/","logo":{"@type":"ImageObject","inLanguage":"ro-RO","@id":"https:\/\/prochaska.eu\/ro\/#\/schema\/logo\/image\/","url":"https:\/\/prochaska.eu\/wp-content\/uploads\/2024\/04\/Prochaska_Logo_Black-1.png","contentUrl":"https:\/\/prochaska.eu\/wp-content\/uploads\/2024\/04\/Prochaska_Logo_Black-1.png","width":796,"height":236,"caption":"Prochaska"},"image":{"@id":"https:\/\/prochaska.eu\/ro\/#\/schema\/logo\/image\/"},"sameAs":["https:\/\/www.facebook.com\/prochaska.eu\/","https:\/\/www.instagram.com\/prochaska.eu\/","https:\/\/www.linkedin.com\/company\/prochaska-handels-gmbh"]}]}},"brands":[{"id":3073,"name":"Toro","slug":"toro-ro"}],"_links":{"self":[{"href":"https:\/\/prochaska.eu\/ro\/wp-json\/wp\/v2\/product\/25885","targetHints":{"allow":["GET"]}}],"collection":[{"href":"https:\/\/prochaska.eu\/ro\/wp-json\/wp\/v2\/product"}],"about":[{"href":"https:\/\/prochaska.eu\/ro\/wp-json\/wp\/v2\/types\/product"}],"version-history":[{"count":0,"href":"https:\/\/prochaska.eu\/ro\/wp-json\/wp\/v2\/product\/25885\/revisions"}],"wp:featuredmedia":[{"embeddable":true,"href":"https:\/\/prochaska.eu\/ro\/wp-json\/wp\/v2\/media\/21186"}],"wp:attachment":[{"href":"https:\/\/prochaska.eu\/ro\/wp-json\/wp\/v2\/media?parent=25885"}],"wp:term":[{"taxonomy":"pwb-brand","embeddable":true,"href":"https:\/\/prochaska.eu\/ro\/wp-json\/wp\/v2\/pwb-brand?post=25885"},{"taxonomy":"product_brand","embeddable":true,"href":"https:\/\/prochaska.eu\/ro\/wp-json\/wp\/v2\/product_brand?post=25885"},{"taxonomy":"product_cat","embeddable":true,"href":"https:\/\/prochaska.eu\/ro\/wp-json\/wp\/v2\/product_cat?post=25885"},{"taxonomy":"product_tag","embeddable":true,"href":"https:\/\/prochaska.eu\/ro\/wp-json\/wp\/v2\/product_tag?post=25885"}],"curies":[{"name":"wp","href":"https:\/\/api.w.org\/{rel}","templated":true}]}}