{"id":25890,"date":"2017-08-04T14:42:55","date_gmt":"2017-08-04T14:42:55","guid":{"rendered":"https:\/\/prochaska.eu\/product\/toro-sand-pro-5040-08705-pentru-conditionarea-solului-si-indepartarea-frunzelor\/"},"modified":"2017-08-04T14:42:55","modified_gmt":"2017-08-04T14:42:55","slug":"toro-sand-pro-5040-08705-pentru-conditionarea-solului-si-indepartarea-frunzelor","status":"publish","type":"product","link":"https:\/\/prochaska.eu\/ro\/produs\/toro-sand-pro-5040-08705-pentru-conditionarea-solului-si-indepartarea-frunzelor\/","title":{"rendered":"TORO Sand Pro 5040 (08705) pentru condi\u021bionarea solului \u0219i \u00eendep\u0103rtarea frunzelor"},"content":{"rendered":"<p>Puternicul Toro Sand Pro 5040 cu motorul s\u0103u de 18 CP este utilajul ideal pentru preg\u0103tirea solului pentru terenurile de golf. Sistemul inteligent de trac\u021biune pe trei ro\u021bi <sup>Series\/ParallelTM <\/sup>asigur\u0103 c\u0103 ro\u021bile nu se \u00eenv\u00e2rt niciodat\u0103.<\/p>\n<h2>Func\u021bii<\/h2>\n<h3><strong>Triunghi de cuplare rapid\u0103 (QAS)<\/strong><\/h3>\n<p>Cu triunghiul de cuplare rapid\u0103, pute\u021bi schimba cu u\u0219urin\u021b\u0103 ata\u0219amentele f\u0103r\u0103 unelte \u00een mai pu\u021bin de un minut. Un QAS spate face parte din echipamentul standard al Sand Pro 5040; un QAS fa\u021b\u0103 este de asemenea disponibil op\u021bional.<\/p>\n<h3><strong>Trac\u021biune pe trei ro\u021bi, <sup>Series\/ParallelTM<\/sup><\/strong><\/h3>\n<p>Trac\u021biunea Toro Series\/Parallel cu trei ro\u021bi \u00eembun\u0103t\u0103\u021be\u0219te trac\u021biunea \u00een condi\u021bii de lucru umede sau grele. La aparatele cu trac\u021biune tradi\u021bional\u0103 pe trei ro\u021bi, trac\u021biunea este pierdut\u0103 dac\u0103 o roat\u0103 patineaz\u0103. Cu toate acestea, trac\u021biunea pe trei ro\u021bi \u00een serie\/paralel asigur\u0103 c\u0103 trac\u021biunea este garantat\u0103 pe cel pu\u021bin o roat\u0103. Acest lucru \u00eenseamn\u0103 c\u0103 utilajul nu r\u0103m\u00e2ne blocat chiar \u0219i \u00een condi\u021bii dificile.<\/p>\n<h2><strong>Accesorii op\u021bionale<\/strong><\/h2>\n<p>Lam\u0103 frontal\u0103 flexibil\u0103, Dispozitiv de \u00eentre\u021binere a gazonului sintetic, Grebl\u0103 cu arc, Perie rotativ\u0103 cu buze, Covor de trac\u021biune din nuc\u0103 de cocos, Ma\u0219in\u0103 de nivelat, Pomp\u0103 bunc\u0103r, Ventilator, Lam\u0103 de nivelare cu din\u021bi solizi de scarificare, Grebl\u0103 cu unghii, Grebl\u0103 cu din\u021bi, Suflant\u0103 de frunze, Lam\u0103 de nivelare manual\u0103, Covor de trac\u021biune din o\u021bel, Perie de toaletare segmentat\u0103, Din\u021bi cu din\u021bi cu arc, Grebl\u0103 cu din\u021bi flexibili<\/p>\n<h2>Date tehnice<\/h2>\n<ul>\n<li>Transmisie: Trei ro\u021bi motoare, serie\/paralel<\/li>\n<li>Puterea motorului: 13,4 kW (18 CP)<\/li>\n<li>Combustibil: benzin\u0103<\/li>\n<li>Viteza de deplasare: de la 0 la 16 km\/h<\/li>\n<li>Ampatament: 108 cm<\/li>\n<li>Greutate: 422 kg<\/li>\n<\/ul>\n","protected":false},"excerpt":{"rendered":"<p>Cu condi\u021bionatorul de sol Toro Sand Pro, v\u0103 pute\u021bi preg\u0103ti terenul de golf mai rapid \u0219i mai eficient ca niciodat\u0103.<\/p>\n","protected":false},"featured_media":21198,"template":"","meta":[],"pwb-brand":[3073],"product_brand":[],"product_cat":[1388,1521,1533,1535],"product_tag":[],"class_list":{"0":"post-25890","1":"product","2":"type-product","3":"status-publish","4":"has-post-thumbnail","6":"pwb-brand-toro-ro","7":"product_cat-masini-de-golf","8":"product_cat-municipal-terenuri-de-sport-si-agricultura","9":"product_cat-pregatirea-solului","10":"product_cat-pregatirea-solului-ro","12":"first","13":"instock","14":"taxable","15":"shipping-taxable","16":"product-type-simple"},"yoast_head":"<!-- This site is optimized with the Yoast SEO plugin v27.5 - https:\/\/yoast.com\/product\/yoast-seo-wordpress\/ -->\n<title>TORO Sand Pro 5040 (08705) pentru condi\u021bionarea solului \u0219i \u00eendep\u0103rtarea frunzelor - Prochaska<\/title>\n<meta name=\"robots\" content=\"index, follow, max-snippet:-1, max-image-preview:large, max-video-preview:-1\" \/>\n<link rel=\"canonical\" href=\"https:\/\/prochaska.eu\/ro\/produs\/toro-sand-pro-5040-08705-pentru-conditionarea-solului-si-indepartarea-frunzelor\/\" \/>\n<meta property=\"og:locale\" content=\"ro_RO\" \/>\n<meta property=\"og:type\" content=\"article\" \/>\n<meta property=\"og:title\" content=\"TORO Sand Pro 5040 (08705) pentru condi\u021bionarea solului \u0219i \u00eendep\u0103rtarea frunzelor - Prochaska\" \/>\n<meta property=\"og:description\" content=\"Cu condi\u021bionatorul de sol Toro Sand Pro, v\u0103 pute\u021bi preg\u0103ti terenul de golf mai rapid \u0219i mai eficient ca niciodat\u0103.\" \/>\n<meta property=\"og:url\" content=\"https:\/\/prochaska.eu\/ro\/produs\/toro-sand-pro-5040-08705-pentru-conditionarea-solului-si-indepartarea-frunzelor\/\" \/>\n<meta property=\"og:site_name\" content=\"Prochaska\" \/>\n<meta property=\"article:publisher\" content=\"https:\/\/www.facebook.com\/prochaska.eu\/\" \/>\n<meta property=\"og:image\" content=\"https:\/\/prochaska.eu\/wp-content\/uploads\/2024\/06\/Sand-Pro-5040_1-e1586511590848.jpg\" \/>\n\t<meta property=\"og:image:width\" content=\"1440\" \/>\n\t<meta property=\"og:image:height\" content=\"1440\" \/>\n\t<meta property=\"og:image:type\" content=\"image\/jpeg\" \/>\n<meta name=\"twitter:card\" content=\"summary_large_image\" \/>\n<meta name=\"twitter:label1\" content=\"Timp estimat pentru citire\" \/>\n\t<meta name=\"twitter:data1\" content=\"1 minut\" \/>\n<script type=\"application\/ld+json\" class=\"yoast-schema-graph\">{\"@context\":\"https:\\\/\\\/schema.org\",\"@graph\":[{\"@type\":\"WebPage\",\"@id\":\"https:\\\/\\\/prochaska.eu\\\/ro\\\/produs\\\/toro-sand-pro-5040-08705-pentru-conditionarea-solului-si-indepartarea-frunzelor\\\/\",\"url\":\"https:\\\/\\\/prochaska.eu\\\/ro\\\/produs\\\/toro-sand-pro-5040-08705-pentru-conditionarea-solului-si-indepartarea-frunzelor\\\/\",\"name\":\"TORO Sand Pro 5040 (08705) pentru condi\u021bionarea solului \u0219i \u00eendep\u0103rtarea frunzelor - Prochaska\",\"isPartOf\":{\"@id\":\"https:\\\/\\\/prochaska.eu\\\/ro\\\/#website\"},\"primaryImageOfPage\":{\"@id\":\"https:\\\/\\\/prochaska.eu\\\/ro\\\/produs\\\/toro-sand-pro-5040-08705-pentru-conditionarea-solului-si-indepartarea-frunzelor\\\/#primaryimage\"},\"image\":{\"@id\":\"https:\\\/\\\/prochaska.eu\\\/ro\\\/produs\\\/toro-sand-pro-5040-08705-pentru-conditionarea-solului-si-indepartarea-frunzelor\\\/#primaryimage\"},\"thumbnailUrl\":\"https:\\\/\\\/prochaska.eu\\\/wp-content\\\/uploads\\\/2024\\\/06\\\/Sand-Pro-5040_1-e1586511590848.jpg\",\"datePublished\":\"2017-08-04T14:42:55+00:00\",\"breadcrumb\":{\"@id\":\"https:\\\/\\\/prochaska.eu\\\/ro\\\/produs\\\/toro-sand-pro-5040-08705-pentru-conditionarea-solului-si-indepartarea-frunzelor\\\/#breadcrumb\"},\"inLanguage\":\"ro-RO\",\"potentialAction\":[{\"@type\":\"ReadAction\",\"target\":[\"https:\\\/\\\/prochaska.eu\\\/ro\\\/produs\\\/toro-sand-pro-5040-08705-pentru-conditionarea-solului-si-indepartarea-frunzelor\\\/\"]}]},{\"@type\":\"ImageObject\",\"inLanguage\":\"ro-RO\",\"@id\":\"https:\\\/\\\/prochaska.eu\\\/ro\\\/produs\\\/toro-sand-pro-5040-08705-pentru-conditionarea-solului-si-indepartarea-frunzelor\\\/#primaryimage\",\"url\":\"https:\\\/\\\/prochaska.eu\\\/wp-content\\\/uploads\\\/2024\\\/06\\\/Sand-Pro-5040_1-e1586511590848.jpg\",\"contentUrl\":\"https:\\\/\\\/prochaska.eu\\\/wp-content\\\/uploads\\\/2024\\\/06\\\/Sand-Pro-5040_1-e1586511590848.jpg\",\"width\":1440,\"height\":1440,\"caption\":\"Toro Sand Pro 5040\"},{\"@type\":\"BreadcrumbList\",\"@id\":\"https:\\\/\\\/prochaska.eu\\\/ro\\\/produs\\\/toro-sand-pro-5040-08705-pentru-conditionarea-solului-si-indepartarea-frunzelor\\\/#breadcrumb\",\"itemListElement\":[{\"@type\":\"ListItem\",\"position\":1,\"name\":\"Home\",\"item\":\"https:\\\/\\\/prochaska.eu\\\/ro\\\/\"},{\"@type\":\"ListItem\",\"position\":2,\"name\":\"Shop\",\"item\":\"https:\\\/\\\/prochaska.eu\\\/ro\\\/shop\\\/\"},{\"@type\":\"ListItem\",\"position\":3,\"name\":\"TORO Sand Pro 5040 (08705) pentru condi\u021bionarea solului \u0219i \u00eendep\u0103rtarea frunzelor\"}]},{\"@type\":\"WebSite\",\"@id\":\"https:\\\/\\\/prochaska.eu\\\/ro\\\/#website\",\"url\":\"https:\\\/\\\/prochaska.eu\\\/ro\\\/\",\"name\":\"Prochaska\",\"description\":\"Spezialist f\u00fcr Pflege von Gr\u00fcnfl\u00e4chen\",\"publisher\":{\"@id\":\"https:\\\/\\\/prochaska.eu\\\/ro\\\/#organization\"},\"potentialAction\":[{\"@type\":\"SearchAction\",\"target\":{\"@type\":\"EntryPoint\",\"urlTemplate\":\"https:\\\/\\\/prochaska.eu\\\/ro\\\/?s={search_term_string}\"},\"query-input\":{\"@type\":\"PropertyValueSpecification\",\"valueRequired\":true,\"valueName\":\"search_term_string\"}}],\"inLanguage\":\"ro-RO\"},{\"@type\":\"Organization\",\"@id\":\"https:\\\/\\\/prochaska.eu\\\/ro\\\/#organization\",\"name\":\"Prochaska\",\"url\":\"https:\\\/\\\/prochaska.eu\\\/ro\\\/\",\"logo\":{\"@type\":\"ImageObject\",\"inLanguage\":\"ro-RO\",\"@id\":\"https:\\\/\\\/prochaska.eu\\\/ro\\\/#\\\/schema\\\/logo\\\/image\\\/\",\"url\":\"https:\\\/\\\/prochaska.eu\\\/wp-content\\\/uploads\\\/2024\\\/04\\\/Prochaska_Logo_Black-1.png\",\"contentUrl\":\"https:\\\/\\\/prochaska.eu\\\/wp-content\\\/uploads\\\/2024\\\/04\\\/Prochaska_Logo_Black-1.png\",\"width\":796,\"height\":236,\"caption\":\"Prochaska\"},\"image\":{\"@id\":\"https:\\\/\\\/prochaska.eu\\\/ro\\\/#\\\/schema\\\/logo\\\/image\\\/\"},\"sameAs\":[\"https:\\\/\\\/www.facebook.com\\\/prochaska.eu\\\/\",\"https:\\\/\\\/www.instagram.com\\\/prochaska.eu\\\/\",\"https:\\\/\\\/www.linkedin.com\\\/company\\\/prochaska-handels-gmbh\"]}]}<\/script>\n<!-- \/ Yoast SEO plugin. -->","yoast_head_json":{"title":"TORO Sand Pro 5040 (08705) pentru condi\u021bionarea solului \u0219i \u00eendep\u0103rtarea frunzelor - Prochaska","robots":{"index":"index","follow":"follow","max-snippet":"max-snippet:-1","max-image-preview":"max-image-preview:large","max-video-preview":"max-video-preview:-1"},"canonical":"https:\/\/prochaska.eu\/ro\/produs\/toro-sand-pro-5040-08705-pentru-conditionarea-solului-si-indepartarea-frunzelor\/","og_locale":"ro_RO","og_type":"article","og_title":"TORO Sand Pro 5040 (08705) pentru condi\u021bionarea solului \u0219i \u00eendep\u0103rtarea frunzelor - Prochaska","og_description":"Cu condi\u021bionatorul de sol Toro Sand Pro, v\u0103 pute\u021bi preg\u0103ti terenul de golf mai rapid \u0219i mai eficient ca niciodat\u0103.","og_url":"https:\/\/prochaska.eu\/ro\/produs\/toro-sand-pro-5040-08705-pentru-conditionarea-solului-si-indepartarea-frunzelor\/","og_site_name":"Prochaska","article_publisher":"https:\/\/www.facebook.com\/prochaska.eu\/","og_image":[{"width":1440,"height":1440,"url":"https:\/\/prochaska.eu\/wp-content\/uploads\/2024\/06\/Sand-Pro-5040_1-e1586511590848.jpg","type":"image\/jpeg"}],"twitter_card":"summary_large_image","twitter_misc":{"Timp estimat pentru citire":"1 minut"},"schema":{"@context":"https:\/\/schema.org","@graph":[{"@type":"WebPage","@id":"https:\/\/prochaska.eu\/ro\/produs\/toro-sand-pro-5040-08705-pentru-conditionarea-solului-si-indepartarea-frunzelor\/","url":"https:\/\/prochaska.eu\/ro\/produs\/toro-sand-pro-5040-08705-pentru-conditionarea-solului-si-indepartarea-frunzelor\/","name":"TORO Sand Pro 5040 (08705) pentru condi\u021bionarea solului \u0219i \u00eendep\u0103rtarea frunzelor - Prochaska","isPartOf":{"@id":"https:\/\/prochaska.eu\/ro\/#website"},"primaryImageOfPage":{"@id":"https:\/\/prochaska.eu\/ro\/produs\/toro-sand-pro-5040-08705-pentru-conditionarea-solului-si-indepartarea-frunzelor\/#primaryimage"},"image":{"@id":"https:\/\/prochaska.eu\/ro\/produs\/toro-sand-pro-5040-08705-pentru-conditionarea-solului-si-indepartarea-frunzelor\/#primaryimage"},"thumbnailUrl":"https:\/\/prochaska.eu\/wp-content\/uploads\/2024\/06\/Sand-Pro-5040_1-e1586511590848.jpg","datePublished":"2017-08-04T14:42:55+00:00","breadcrumb":{"@id":"https:\/\/prochaska.eu\/ro\/produs\/toro-sand-pro-5040-08705-pentru-conditionarea-solului-si-indepartarea-frunzelor\/#breadcrumb"},"inLanguage":"ro-RO","potentialAction":[{"@type":"ReadAction","target":["https:\/\/prochaska.eu\/ro\/produs\/toro-sand-pro-5040-08705-pentru-conditionarea-solului-si-indepartarea-frunzelor\/"]}]},{"@type":"ImageObject","inLanguage":"ro-RO","@id":"https:\/\/prochaska.eu\/ro\/produs\/toro-sand-pro-5040-08705-pentru-conditionarea-solului-si-indepartarea-frunzelor\/#primaryimage","url":"https:\/\/prochaska.eu\/wp-content\/uploads\/2024\/06\/Sand-Pro-5040_1-e1586511590848.jpg","contentUrl":"https:\/\/prochaska.eu\/wp-content\/uploads\/2024\/06\/Sand-Pro-5040_1-e1586511590848.jpg","width":1440,"height":1440,"caption":"Toro Sand Pro 5040"},{"@type":"BreadcrumbList","@id":"https:\/\/prochaska.eu\/ro\/produs\/toro-sand-pro-5040-08705-pentru-conditionarea-solului-si-indepartarea-frunzelor\/#breadcrumb","itemListElement":[{"@type":"ListItem","position":1,"name":"Home","item":"https:\/\/prochaska.eu\/ro\/"},{"@type":"ListItem","position":2,"name":"Shop","item":"https:\/\/prochaska.eu\/ro\/shop\/"},{"@type":"ListItem","position":3,"name":"TORO Sand Pro 5040 (08705) pentru condi\u021bionarea solului \u0219i \u00eendep\u0103rtarea frunzelor"}]},{"@type":"WebSite","@id":"https:\/\/prochaska.eu\/ro\/#website","url":"https:\/\/prochaska.eu\/ro\/","name":"Prochaska","description":"Spezialist f\u00fcr Pflege von Gr\u00fcnfl\u00e4chen","publisher":{"@id":"https:\/\/prochaska.eu\/ro\/#organization"},"potentialAction":[{"@type":"SearchAction","target":{"@type":"EntryPoint","urlTemplate":"https:\/\/prochaska.eu\/ro\/?s={search_term_string}"},"query-input":{"@type":"PropertyValueSpecification","valueRequired":true,"valueName":"search_term_string"}}],"inLanguage":"ro-RO"},{"@type":"Organization","@id":"https:\/\/prochaska.eu\/ro\/#organization","name":"Prochaska","url":"https:\/\/prochaska.eu\/ro\/","logo":{"@type":"ImageObject","inLanguage":"ro-RO","@id":"https:\/\/prochaska.eu\/ro\/#\/schema\/logo\/image\/","url":"https:\/\/prochaska.eu\/wp-content\/uploads\/2024\/04\/Prochaska_Logo_Black-1.png","contentUrl":"https:\/\/prochaska.eu\/wp-content\/uploads\/2024\/04\/Prochaska_Logo_Black-1.png","width":796,"height":236,"caption":"Prochaska"},"image":{"@id":"https:\/\/prochaska.eu\/ro\/#\/schema\/logo\/image\/"},"sameAs":["https:\/\/www.facebook.com\/prochaska.eu\/","https:\/\/www.instagram.com\/prochaska.eu\/","https:\/\/www.linkedin.com\/company\/prochaska-handels-gmbh"]}]}},"brands":[{"id":3073,"name":"Toro","slug":"toro-ro"}],"_links":{"self":[{"href":"https:\/\/prochaska.eu\/ro\/wp-json\/wp\/v2\/product\/25890","targetHints":{"allow":["GET"]}}],"collection":[{"href":"https:\/\/prochaska.eu\/ro\/wp-json\/wp\/v2\/product"}],"about":[{"href":"https:\/\/prochaska.eu\/ro\/wp-json\/wp\/v2\/types\/product"}],"version-history":[{"count":0,"href":"https:\/\/prochaska.eu\/ro\/wp-json\/wp\/v2\/product\/25890\/revisions"}],"wp:featuredmedia":[{"embeddable":true,"href":"https:\/\/prochaska.eu\/ro\/wp-json\/wp\/v2\/media\/21198"}],"wp:attachment":[{"href":"https:\/\/prochaska.eu\/ro\/wp-json\/wp\/v2\/media?parent=25890"}],"wp:term":[{"taxonomy":"pwb-brand","embeddable":true,"href":"https:\/\/prochaska.eu\/ro\/wp-json\/wp\/v2\/pwb-brand?post=25890"},{"taxonomy":"product_brand","embeddable":true,"href":"https:\/\/prochaska.eu\/ro\/wp-json\/wp\/v2\/product_brand?post=25890"},{"taxonomy":"product_cat","embeddable":true,"href":"https:\/\/prochaska.eu\/ro\/wp-json\/wp\/v2\/product_cat?post=25890"},{"taxonomy":"product_tag","embeddable":true,"href":"https:\/\/prochaska.eu\/ro\/wp-json\/wp\/v2\/product_tag?post=25890"}],"curies":[{"name":"wp","href":"https:\/\/api.w.org\/{rel}","templated":true}]}}