{"id":25895,"date":"2017-08-04T14:42:53","date_gmt":"2017-08-04T14:42:53","guid":{"rendered":"https:\/\/prochaska.eu\/product\/toro-siteworks-santiera-trx20-22973\/"},"modified":"2017-08-04T14:42:53","modified_gmt":"2017-08-04T14:42:53","slug":"toro-siteworks-santiera-trx20-22973","status":"publish","type":"product","link":"https:\/\/prochaska.eu\/ro\/produs\/toro-siteworks-santiera-trx20-22973\/","title":{"rendered":"Toro &#8211; Siteworks &#8211; \u0218an\u021bier\u0103 &#8211; TRX20 &#8211; 22973"},"content":{"rendered":"<p>Simplitate \u00een loc de complexitate. Trac\u021biune Caterpillar \u00een loc de trac\u021biune pe ro\u021bi. Noile tran\u0219atoare TRX sunt primele tran\u0219atoare ghidate manual cu trac\u021biune pe \u0219enile. \u00cempreun\u0103 cu sistemul exclusiv de direc\u021bie Toro, acesta ofer\u0103 o manevrabilitate de neegalat.<\/p>\n<ul>\n<li>Motor cu doi cilindri Kawasaki\u00ae de 15 kW (20 CP)<\/li>\n<li>Unitate de control exclusiv\u0103 de la Toro<\/li>\n<li>Trac\u021biune Caterpillar \u00een loc de trac\u021biune pe ro\u021bi<\/li>\n<li>Manevrare u\u0219oar\u0103<\/li>\n<\/ul>\n<h2>Func\u021bii<\/h2>\n<h3>Proiectarea \u0219inelor<\/h3>\n<ul>\n<li>Cerc de \u00eentoarcere zero<\/li>\n<li>Centru de greutate redus<\/li>\n<li>Stabilitate mai bun\u0103 pe pante abrupte<\/li>\n<li>F\u0103r\u0103 urme de anvelope<\/li>\n<li>Ideal\u0103 pentru suprafe\u021be umede \u0219i moi<\/li>\n<\/ul>\n<h3>Unitate de control exclusiv\u0103 Toro TRX<\/h3>\n<p>Sistemul simplu de direc\u021bie previne direc\u021bionarea sacadat\u0103 ca \u00een cazul \u0219an\u021burilor cu m\u00e2nere. Pute\u021bi utiliza toate func\u021biile de ac\u021bionare \u0219i de tran\u0219are cu doar trei elemente de operare.<\/p>\n<h3>Motor Kawasaki cu doi cilindri<\/h3>\n<p>Acest motor Kawasaki puternic ofer\u0103 performan\u021ba pe care o a\u0219tepta\u021bi de la Toro. Rezervorul mare de ulei asigur\u0103 o temperatur\u0103 mai sc\u0103zut\u0103 a motorului \u0219i prelunge\u0219te durata de via\u021b\u0103 a motorului.<\/p>\n<h3>Filtru de aer Remoter HD<\/h3>\n<p>Filtrul de aer Remoter HD este echipament standard pe TRX-26. Reduce uzura motorului \u0219i cre\u0219te performan\u021bele.<\/p>\n<h3>Cap \u0219an\u021bator TRX mobil<\/h3>\n<p>Capul mobil v\u0103 permite s\u0103 men\u021bine\u021bi o gard\u0103 la sol suficient\u0103 \u00een timpul transportului.<\/p>\n<h2>Date tehnice<\/h2>\n<ul>\n<li>Motor: 15 kW (20 CP) Kawasaki\u00ae FS481V, bicilindru \u00een V<\/li>\n<li>Rezervor de combustibil: 7,9 litri<\/li>\n<li>Viteza de transport: 5 km\/h \u00eenainte, 2,4 km\/h \u00eenapoi; 83,2 m\/min, 40 m\/min<\/li>\n<\/ul>\n","protected":false},"excerpt":{"rendered":"<p>Noile tran\u0219atoare TRX sunt primele tran\u0219atoare ghidate manual cu trac\u021biune pe \u0219enile care ofer\u0103 toate func\u021biile necesare.<\/p>\n","protected":false},"featured_media":21180,"template":"","meta":[],"pwb-brand":[],"product_brand":[],"product_cat":[1521,2694],"product_tag":[],"class_list":{"0":"post-25895","1":"product","2":"type-product","3":"status-publish","4":"has-post-thumbnail","6":"product_cat-municipal-terenuri-de-sport-si-agricultura","7":"product_cat-siteworks-ro","9":"first","10":"instock","11":"taxable","12":"shipping-taxable","13":"product-type-simple"},"yoast_head":"<!-- This site is optimized with the Yoast SEO plugin v27.4 - https:\/\/yoast.com\/product\/yoast-seo-wordpress\/ -->\n<title>Toro - Siteworks - \u0218an\u021bier\u0103 - TRX20 - 22973 - Prochaska<\/title>\n<meta name=\"robots\" content=\"index, follow, max-snippet:-1, max-image-preview:large, max-video-preview:-1\" \/>\n<link rel=\"canonical\" href=\"https:\/\/prochaska.eu\/ro\/produs\/toro-siteworks-santiera-trx20-22973\/\" \/>\n<meta property=\"og:locale\" content=\"ro_RO\" \/>\n<meta property=\"og:type\" content=\"article\" \/>\n<meta property=\"og:title\" content=\"Toro - Siteworks - \u0218an\u021bier\u0103 - TRX20 - 22973 - Prochaska\" \/>\n<meta property=\"og:description\" content=\"Noile tran\u0219atoare TRX sunt primele tran\u0219atoare ghidate manual cu trac\u021biune pe \u0219enile care ofer\u0103 toate func\u021biile necesare.\" \/>\n<meta property=\"og:url\" content=\"https:\/\/prochaska.eu\/ro\/produs\/toro-siteworks-santiera-trx20-22973\/\" \/>\n<meta property=\"og:site_name\" content=\"Prochaska\" \/>\n<meta property=\"article:publisher\" content=\"https:\/\/www.facebook.com\/prochaska.eu\/\" \/>\n<meta property=\"og:image\" content=\"https:\/\/prochaska.eu\/wp-content\/uploads\/2024\/06\/22973-e1588925173439.jpg\" \/>\n\t<meta property=\"og:image:width\" content=\"694\" \/>\n\t<meta property=\"og:image:height\" content=\"694\" \/>\n\t<meta property=\"og:image:type\" content=\"image\/jpeg\" \/>\n<meta name=\"twitter:card\" content=\"summary_large_image\" \/>\n<meta name=\"twitter:label1\" content=\"Timp estimat pentru citire\" \/>\n\t<meta name=\"twitter:data1\" content=\"1 minut\" \/>\n<script type=\"application\/ld+json\" class=\"yoast-schema-graph\">{\"@context\":\"https:\\\/\\\/schema.org\",\"@graph\":[{\"@type\":\"WebPage\",\"@id\":\"https:\\\/\\\/prochaska.eu\\\/ro\\\/produs\\\/toro-siteworks-santiera-trx20-22973\\\/\",\"url\":\"https:\\\/\\\/prochaska.eu\\\/ro\\\/produs\\\/toro-siteworks-santiera-trx20-22973\\\/\",\"name\":\"Toro - Siteworks - \u0218an\u021bier\u0103 - TRX20 - 22973 - Prochaska\",\"isPartOf\":{\"@id\":\"https:\\\/\\\/prochaska.eu\\\/ro\\\/#website\"},\"primaryImageOfPage\":{\"@id\":\"https:\\\/\\\/prochaska.eu\\\/ro\\\/produs\\\/toro-siteworks-santiera-trx20-22973\\\/#primaryimage\"},\"image\":{\"@id\":\"https:\\\/\\\/prochaska.eu\\\/ro\\\/produs\\\/toro-siteworks-santiera-trx20-22973\\\/#primaryimage\"},\"thumbnailUrl\":\"https:\\\/\\\/prochaska.eu\\\/wp-content\\\/uploads\\\/2024\\\/06\\\/22973-e1588925173439.jpg\",\"datePublished\":\"2017-08-04T14:42:53+00:00\",\"breadcrumb\":{\"@id\":\"https:\\\/\\\/prochaska.eu\\\/ro\\\/produs\\\/toro-siteworks-santiera-trx20-22973\\\/#breadcrumb\"},\"inLanguage\":\"ro-RO\",\"potentialAction\":[{\"@type\":\"ReadAction\",\"target\":[\"https:\\\/\\\/prochaska.eu\\\/ro\\\/produs\\\/toro-siteworks-santiera-trx20-22973\\\/\"]}]},{\"@type\":\"ImageObject\",\"inLanguage\":\"ro-RO\",\"@id\":\"https:\\\/\\\/prochaska.eu\\\/ro\\\/produs\\\/toro-siteworks-santiera-trx20-22973\\\/#primaryimage\",\"url\":\"https:\\\/\\\/prochaska.eu\\\/wp-content\\\/uploads\\\/2024\\\/06\\\/22973-e1588925173439.jpg\",\"contentUrl\":\"https:\\\/\\\/prochaska.eu\\\/wp-content\\\/uploads\\\/2024\\\/06\\\/22973-e1588925173439.jpg\",\"width\":694,\"height\":694,\"caption\":\"\u0218an\u021bier\u0103 Toro TRX-20 cu mers pe jos (22973)\"},{\"@type\":\"BreadcrumbList\",\"@id\":\"https:\\\/\\\/prochaska.eu\\\/ro\\\/produs\\\/toro-siteworks-santiera-trx20-22973\\\/#breadcrumb\",\"itemListElement\":[{\"@type\":\"ListItem\",\"position\":1,\"name\":\"Home\",\"item\":\"https:\\\/\\\/prochaska.eu\\\/ro\\\/\"},{\"@type\":\"ListItem\",\"position\":2,\"name\":\"Shop\",\"item\":\"https:\\\/\\\/prochaska.eu\\\/ro\\\/shop\\\/\"},{\"@type\":\"ListItem\",\"position\":3,\"name\":\"Toro &#8211; Siteworks &#8211; \u0218an\u021bier\u0103 &#8211; TRX20 &#8211; 22973\"}]},{\"@type\":\"WebSite\",\"@id\":\"https:\\\/\\\/prochaska.eu\\\/ro\\\/#website\",\"url\":\"https:\\\/\\\/prochaska.eu\\\/ro\\\/\",\"name\":\"Prochaska\",\"description\":\"Spezialist f\u00fcr Pflege von Gr\u00fcnfl\u00e4chen\",\"publisher\":{\"@id\":\"https:\\\/\\\/prochaska.eu\\\/ro\\\/#organization\"},\"potentialAction\":[{\"@type\":\"SearchAction\",\"target\":{\"@type\":\"EntryPoint\",\"urlTemplate\":\"https:\\\/\\\/prochaska.eu\\\/ro\\\/?s={search_term_string}\"},\"query-input\":{\"@type\":\"PropertyValueSpecification\",\"valueRequired\":true,\"valueName\":\"search_term_string\"}}],\"inLanguage\":\"ro-RO\"},{\"@type\":\"Organization\",\"@id\":\"https:\\\/\\\/prochaska.eu\\\/ro\\\/#organization\",\"name\":\"Prochaska\",\"url\":\"https:\\\/\\\/prochaska.eu\\\/ro\\\/\",\"logo\":{\"@type\":\"ImageObject\",\"inLanguage\":\"ro-RO\",\"@id\":\"https:\\\/\\\/prochaska.eu\\\/ro\\\/#\\\/schema\\\/logo\\\/image\\\/\",\"url\":\"https:\\\/\\\/prochaska.eu\\\/wp-content\\\/uploads\\\/2024\\\/04\\\/Prochaska_Logo_Black-1.png\",\"contentUrl\":\"https:\\\/\\\/prochaska.eu\\\/wp-content\\\/uploads\\\/2024\\\/04\\\/Prochaska_Logo_Black-1.png\",\"width\":796,\"height\":236,\"caption\":\"Prochaska\"},\"image\":{\"@id\":\"https:\\\/\\\/prochaska.eu\\\/ro\\\/#\\\/schema\\\/logo\\\/image\\\/\"},\"sameAs\":[\"https:\\\/\\\/www.facebook.com\\\/prochaska.eu\\\/\",\"https:\\\/\\\/www.instagram.com\\\/prochaska.eu\\\/\",\"https:\\\/\\\/www.linkedin.com\\\/company\\\/prochaska-handels-gmbh\"]}]}<\/script>\n<!-- \/ Yoast SEO plugin. -->","yoast_head_json":{"title":"Toro - Siteworks - \u0218an\u021bier\u0103 - TRX20 - 22973 - Prochaska","robots":{"index":"index","follow":"follow","max-snippet":"max-snippet:-1","max-image-preview":"max-image-preview:large","max-video-preview":"max-video-preview:-1"},"canonical":"https:\/\/prochaska.eu\/ro\/produs\/toro-siteworks-santiera-trx20-22973\/","og_locale":"ro_RO","og_type":"article","og_title":"Toro - Siteworks - \u0218an\u021bier\u0103 - TRX20 - 22973 - Prochaska","og_description":"Noile tran\u0219atoare TRX sunt primele tran\u0219atoare ghidate manual cu trac\u021biune pe \u0219enile care ofer\u0103 toate func\u021biile necesare.","og_url":"https:\/\/prochaska.eu\/ro\/produs\/toro-siteworks-santiera-trx20-22973\/","og_site_name":"Prochaska","article_publisher":"https:\/\/www.facebook.com\/prochaska.eu\/","og_image":[{"width":694,"height":694,"url":"https:\/\/prochaska.eu\/wp-content\/uploads\/2024\/06\/22973-e1588925173439.jpg","type":"image\/jpeg"}],"twitter_card":"summary_large_image","twitter_misc":{"Timp estimat pentru citire":"1 minut"},"schema":{"@context":"https:\/\/schema.org","@graph":[{"@type":"WebPage","@id":"https:\/\/prochaska.eu\/ro\/produs\/toro-siteworks-santiera-trx20-22973\/","url":"https:\/\/prochaska.eu\/ro\/produs\/toro-siteworks-santiera-trx20-22973\/","name":"Toro - Siteworks - \u0218an\u021bier\u0103 - TRX20 - 22973 - Prochaska","isPartOf":{"@id":"https:\/\/prochaska.eu\/ro\/#website"},"primaryImageOfPage":{"@id":"https:\/\/prochaska.eu\/ro\/produs\/toro-siteworks-santiera-trx20-22973\/#primaryimage"},"image":{"@id":"https:\/\/prochaska.eu\/ro\/produs\/toro-siteworks-santiera-trx20-22973\/#primaryimage"},"thumbnailUrl":"https:\/\/prochaska.eu\/wp-content\/uploads\/2024\/06\/22973-e1588925173439.jpg","datePublished":"2017-08-04T14:42:53+00:00","breadcrumb":{"@id":"https:\/\/prochaska.eu\/ro\/produs\/toro-siteworks-santiera-trx20-22973\/#breadcrumb"},"inLanguage":"ro-RO","potentialAction":[{"@type":"ReadAction","target":["https:\/\/prochaska.eu\/ro\/produs\/toro-siteworks-santiera-trx20-22973\/"]}]},{"@type":"ImageObject","inLanguage":"ro-RO","@id":"https:\/\/prochaska.eu\/ro\/produs\/toro-siteworks-santiera-trx20-22973\/#primaryimage","url":"https:\/\/prochaska.eu\/wp-content\/uploads\/2024\/06\/22973-e1588925173439.jpg","contentUrl":"https:\/\/prochaska.eu\/wp-content\/uploads\/2024\/06\/22973-e1588925173439.jpg","width":694,"height":694,"caption":"\u0218an\u021bier\u0103 Toro TRX-20 cu mers pe jos (22973)"},{"@type":"BreadcrumbList","@id":"https:\/\/prochaska.eu\/ro\/produs\/toro-siteworks-santiera-trx20-22973\/#breadcrumb","itemListElement":[{"@type":"ListItem","position":1,"name":"Home","item":"https:\/\/prochaska.eu\/ro\/"},{"@type":"ListItem","position":2,"name":"Shop","item":"https:\/\/prochaska.eu\/ro\/shop\/"},{"@type":"ListItem","position":3,"name":"Toro &#8211; Siteworks &#8211; \u0218an\u021bier\u0103 &#8211; TRX20 &#8211; 22973"}]},{"@type":"WebSite","@id":"https:\/\/prochaska.eu\/ro\/#website","url":"https:\/\/prochaska.eu\/ro\/","name":"Prochaska","description":"Spezialist f\u00fcr Pflege von Gr\u00fcnfl\u00e4chen","publisher":{"@id":"https:\/\/prochaska.eu\/ro\/#organization"},"potentialAction":[{"@type":"SearchAction","target":{"@type":"EntryPoint","urlTemplate":"https:\/\/prochaska.eu\/ro\/?s={search_term_string}"},"query-input":{"@type":"PropertyValueSpecification","valueRequired":true,"valueName":"search_term_string"}}],"inLanguage":"ro-RO"},{"@type":"Organization","@id":"https:\/\/prochaska.eu\/ro\/#organization","name":"Prochaska","url":"https:\/\/prochaska.eu\/ro\/","logo":{"@type":"ImageObject","inLanguage":"ro-RO","@id":"https:\/\/prochaska.eu\/ro\/#\/schema\/logo\/image\/","url":"https:\/\/prochaska.eu\/wp-content\/uploads\/2024\/04\/Prochaska_Logo_Black-1.png","contentUrl":"https:\/\/prochaska.eu\/wp-content\/uploads\/2024\/04\/Prochaska_Logo_Black-1.png","width":796,"height":236,"caption":"Prochaska"},"image":{"@id":"https:\/\/prochaska.eu\/ro\/#\/schema\/logo\/image\/"},"sameAs":["https:\/\/www.facebook.com\/prochaska.eu\/","https:\/\/www.instagram.com\/prochaska.eu\/","https:\/\/www.linkedin.com\/company\/prochaska-handels-gmbh"]}]}},"brands":[],"_links":{"self":[{"href":"https:\/\/prochaska.eu\/ro\/wp-json\/wp\/v2\/product\/25895","targetHints":{"allow":["GET"]}}],"collection":[{"href":"https:\/\/prochaska.eu\/ro\/wp-json\/wp\/v2\/product"}],"about":[{"href":"https:\/\/prochaska.eu\/ro\/wp-json\/wp\/v2\/types\/product"}],"version-history":[{"count":0,"href":"https:\/\/prochaska.eu\/ro\/wp-json\/wp\/v2\/product\/25895\/revisions"}],"wp:featuredmedia":[{"embeddable":true,"href":"https:\/\/prochaska.eu\/ro\/wp-json\/wp\/v2\/media\/21180"}],"wp:attachment":[{"href":"https:\/\/prochaska.eu\/ro\/wp-json\/wp\/v2\/media?parent=25895"}],"wp:term":[{"taxonomy":"pwb-brand","embeddable":true,"href":"https:\/\/prochaska.eu\/ro\/wp-json\/wp\/v2\/pwb-brand?post=25895"},{"taxonomy":"product_brand","embeddable":true,"href":"https:\/\/prochaska.eu\/ro\/wp-json\/wp\/v2\/product_brand?post=25895"},{"taxonomy":"product_cat","embeddable":true,"href":"https:\/\/prochaska.eu\/ro\/wp-json\/wp\/v2\/product_cat?post=25895"},{"taxonomy":"product_tag","embeddable":true,"href":"https:\/\/prochaska.eu\/ro\/wp-json\/wp\/v2\/product_tag?post=25895"}],"curies":[{"name":"wp","href":"https:\/\/api.w.org\/{rel}","templated":true}]}}