{"id":25897,"date":"2017-08-04T14:42:55","date_gmt":"2017-08-04T14:42:55","guid":{"rendered":"https:\/\/prochaska.eu\/product\/toro-reelmaster-3550-d-03910\/"},"modified":"2017-08-04T14:42:55","modified_gmt":"2017-08-04T14:42:55","slug":"toro-reelmaster-3550-d-03910","status":"publish","type":"product","link":"https:\/\/prochaska.eu\/ro\/produs\/toro-reelmaster-3550-d-03910\/","title":{"rendered":"TORO Reelmaster 3550-D (03910)"},"content":{"rendered":"<p style=\"text-align: left;\">Reelmaster 3550-D de la Toro face o impresie mare f\u0103r\u0103 a l\u0103sa urme. Cu o l\u0103\u021bime de t\u0103iere de 208 cm, peluzele mari pot fi cosite rapid. Acesta plute\u0219te f\u0103r\u0103 efort peste contururile de pe fairways \u0219i zonele adiacente spa\u021biilor verzi.<\/p>\n<h2 style=\"text-align: left;\">Func\u021bii<\/h2>\n<h3 style=\"text-align: left;\"><strong>EdgeMax<\/strong><\/h3>\n<p style=\"text-align: left;\">Lama inferioar\u0103 EdgeMax v\u0103 reduce efortul de \u00eentre\u021binere. \u00cen acela\u0219i timp, ob\u021bine\u021bi o calitate remarcabil\u0103 a t\u0103ierii. Datorit\u0103 utiliz\u0103rii o\u021belului pentru scule c\u0103lit, marginile cu\u021bitelor inferioare sunt mai ascu\u021bite, iar durata de via\u021b\u0103 este prelungit\u0103.<\/p>\n<h3 style=\"text-align: left;\"><strong>Reglare dubl\u0103 de precizie (DPA)<\/strong><\/h3>\n<p style=\"text-align: left;\">Unit\u0103\u021bile de t\u0103iere DPA asigur\u0103 o t\u0103iere precis\u0103 \u0219i uniform\u0103. Acestea sunt reglate \u00een doar dou\u0103 locuri: \u00cen\u0103l\u021bimea de t\u0103iere \u0219i distan\u021ba dintre lama inferioar\u0103 \u0219i ax. Datorit\u0103 fabrica\u021biei de precizie, set\u0103rile unit\u0103\u021bilor de t\u0103iere DPA sunt p\u0103strate.<\/p>\n<h2 style=\"text-align: left;\">Date tehnice<\/h2>\n<ul>\n<li style=\"text-align: left;\">L\u0103\u021bime de t\u0103iere: 208 cm<\/li>\n<li style=\"text-align: left;\">Trac\u021biune: trac\u021biune integral\u0103 serie\/paralel\u0103<\/li>\n<li style=\"text-align: left;\">Puterea motorului: 24,8 CP (18,5 kW)<\/li>\n<li style=\"text-align: left;\">Combustibil: Diesel<\/li>\n<li style=\"text-align: left;\">\u00cen\u0103l\u021bimea de t\u0103iere: de la 6 la 25 mm<\/li>\n<li style=\"text-align: left;\">Viteza de cosire: de la 0 la 11 km\/h<\/li>\n<li style=\"text-align: left;\">Diametrul axului: 12,7 cm<\/li>\n<\/ul>\n","protected":false},"excerpt":{"rendered":"<p>Toro Reelmaster 3550-D plute\u0219te f\u0103r\u0103 efort peste contururile terenurilor \u0219i zonelor adiacente spa\u021biilor verzi.<\/p>\n","protected":false},"featured_media":21192,"template":"","meta":[],"pwb-brand":[3073],"product_brand":[],"product_cat":[1523,1149,1217,1388],"product_tag":[],"class_list":{"0":"post-25897","1":"product","2":"type-product","3":"status-publish","4":"has-post-thumbnail","6":"pwb-brand-toro-ro","7":"product_cat-cositoare-ro","8":"product_cat-cositoare-de-gazon","9":"product_cat-cositoare-de-gazon-manuala","10":"product_cat-masini-de-golf","12":"first","13":"instock","14":"taxable","15":"shipping-taxable","16":"product-type-simple"},"yoast_head":"<!-- This site is optimized with the Yoast SEO plugin v27.4 - https:\/\/yoast.com\/product\/yoast-seo-wordpress\/ -->\n<title>TORO Reelmaster 3550-D (03910) - Prochaska<\/title>\n<meta name=\"robots\" content=\"index, follow, max-snippet:-1, max-image-preview:large, max-video-preview:-1\" \/>\n<link rel=\"canonical\" href=\"https:\/\/prochaska.eu\/ro\/produs\/toro-reelmaster-3550-d-03910\/\" \/>\n<meta property=\"og:locale\" content=\"ro_RO\" \/>\n<meta property=\"og:type\" content=\"article\" \/>\n<meta property=\"og:title\" content=\"TORO Reelmaster 3550-D (03910) - Prochaska\" \/>\n<meta property=\"og:description\" content=\"Toro Reelmaster 3550-D plute\u0219te f\u0103r\u0103 efort peste contururile terenurilor \u0219i zonelor adiacente spa\u021biilor verzi.\" \/>\n<meta property=\"og:url\" content=\"https:\/\/prochaska.eu\/ro\/produs\/toro-reelmaster-3550-d-03910\/\" \/>\n<meta property=\"og:site_name\" content=\"Prochaska\" \/>\n<meta property=\"article:publisher\" content=\"https:\/\/www.facebook.com\/prochaska.eu\/\" \/>\n<meta property=\"og:image\" content=\"https:\/\/prochaska.eu\/wp-content\/uploads\/2024\/06\/Reelmaster-3550-D_1-e1586511653976.jpg\" \/>\n\t<meta property=\"og:image:width\" content=\"1440\" \/>\n\t<meta property=\"og:image:height\" content=\"1440\" \/>\n\t<meta property=\"og:image:type\" content=\"image\/jpeg\" \/>\n<meta name=\"twitter:card\" content=\"summary_large_image\" \/>\n<meta name=\"twitter:label1\" content=\"Timp estimat pentru citire\" \/>\n\t<meta name=\"twitter:data1\" content=\"1 minut\" \/>\n<script type=\"application\/ld+json\" class=\"yoast-schema-graph\">{\"@context\":\"https:\\\/\\\/schema.org\",\"@graph\":[{\"@type\":\"WebPage\",\"@id\":\"https:\\\/\\\/prochaska.eu\\\/ro\\\/produs\\\/toro-reelmaster-3550-d-03910\\\/\",\"url\":\"https:\\\/\\\/prochaska.eu\\\/ro\\\/produs\\\/toro-reelmaster-3550-d-03910\\\/\",\"name\":\"TORO Reelmaster 3550-D (03910) - Prochaska\",\"isPartOf\":{\"@id\":\"https:\\\/\\\/prochaska.eu\\\/ro\\\/#website\"},\"primaryImageOfPage\":{\"@id\":\"https:\\\/\\\/prochaska.eu\\\/ro\\\/produs\\\/toro-reelmaster-3550-d-03910\\\/#primaryimage\"},\"image\":{\"@id\":\"https:\\\/\\\/prochaska.eu\\\/ro\\\/produs\\\/toro-reelmaster-3550-d-03910\\\/#primaryimage\"},\"thumbnailUrl\":\"https:\\\/\\\/prochaska.eu\\\/wp-content\\\/uploads\\\/2024\\\/06\\\/Reelmaster-3550-D_1-e1586511653976.jpg\",\"datePublished\":\"2017-08-04T14:42:55+00:00\",\"breadcrumb\":{\"@id\":\"https:\\\/\\\/prochaska.eu\\\/ro\\\/produs\\\/toro-reelmaster-3550-d-03910\\\/#breadcrumb\"},\"inLanguage\":\"ro-RO\",\"potentialAction\":[{\"@type\":\"ReadAction\",\"target\":[\"https:\\\/\\\/prochaska.eu\\\/ro\\\/produs\\\/toro-reelmaster-3550-d-03910\\\/\"]}]},{\"@type\":\"ImageObject\",\"inLanguage\":\"ro-RO\",\"@id\":\"https:\\\/\\\/prochaska.eu\\\/ro\\\/produs\\\/toro-reelmaster-3550-d-03910\\\/#primaryimage\",\"url\":\"https:\\\/\\\/prochaska.eu\\\/wp-content\\\/uploads\\\/2024\\\/06\\\/Reelmaster-3550-D_1-e1586511653976.jpg\",\"contentUrl\":\"https:\\\/\\\/prochaska.eu\\\/wp-content\\\/uploads\\\/2024\\\/06\\\/Reelmaster-3550-D_1-e1586511653976.jpg\",\"width\":1440,\"height\":1440,\"caption\":\"Toro Reelmaster 3550-D\"},{\"@type\":\"BreadcrumbList\",\"@id\":\"https:\\\/\\\/prochaska.eu\\\/ro\\\/produs\\\/toro-reelmaster-3550-d-03910\\\/#breadcrumb\",\"itemListElement\":[{\"@type\":\"ListItem\",\"position\":1,\"name\":\"Home\",\"item\":\"https:\\\/\\\/prochaska.eu\\\/ro\\\/\"},{\"@type\":\"ListItem\",\"position\":2,\"name\":\"Shop\",\"item\":\"https:\\\/\\\/prochaska.eu\\\/ro\\\/shop\\\/\"},{\"@type\":\"ListItem\",\"position\":3,\"name\":\"TORO Reelmaster 3550-D (03910)\"}]},{\"@type\":\"WebSite\",\"@id\":\"https:\\\/\\\/prochaska.eu\\\/ro\\\/#website\",\"url\":\"https:\\\/\\\/prochaska.eu\\\/ro\\\/\",\"name\":\"Prochaska\",\"description\":\"Spezialist f\u00fcr Pflege von Gr\u00fcnfl\u00e4chen\",\"publisher\":{\"@id\":\"https:\\\/\\\/prochaska.eu\\\/ro\\\/#organization\"},\"potentialAction\":[{\"@type\":\"SearchAction\",\"target\":{\"@type\":\"EntryPoint\",\"urlTemplate\":\"https:\\\/\\\/prochaska.eu\\\/ro\\\/?s={search_term_string}\"},\"query-input\":{\"@type\":\"PropertyValueSpecification\",\"valueRequired\":true,\"valueName\":\"search_term_string\"}}],\"inLanguage\":\"ro-RO\"},{\"@type\":\"Organization\",\"@id\":\"https:\\\/\\\/prochaska.eu\\\/ro\\\/#organization\",\"name\":\"Prochaska\",\"url\":\"https:\\\/\\\/prochaska.eu\\\/ro\\\/\",\"logo\":{\"@type\":\"ImageObject\",\"inLanguage\":\"ro-RO\",\"@id\":\"https:\\\/\\\/prochaska.eu\\\/ro\\\/#\\\/schema\\\/logo\\\/image\\\/\",\"url\":\"https:\\\/\\\/prochaska.eu\\\/wp-content\\\/uploads\\\/2024\\\/04\\\/Prochaska_Logo_Black-1.png\",\"contentUrl\":\"https:\\\/\\\/prochaska.eu\\\/wp-content\\\/uploads\\\/2024\\\/04\\\/Prochaska_Logo_Black-1.png\",\"width\":796,\"height\":236,\"caption\":\"Prochaska\"},\"image\":{\"@id\":\"https:\\\/\\\/prochaska.eu\\\/ro\\\/#\\\/schema\\\/logo\\\/image\\\/\"},\"sameAs\":[\"https:\\\/\\\/www.facebook.com\\\/prochaska.eu\\\/\",\"https:\\\/\\\/www.instagram.com\\\/prochaska.eu\\\/\",\"https:\\\/\\\/www.linkedin.com\\\/company\\\/prochaska-handels-gmbh\"]}]}<\/script>\n<!-- \/ Yoast SEO plugin. -->","yoast_head_json":{"title":"TORO Reelmaster 3550-D (03910) - Prochaska","robots":{"index":"index","follow":"follow","max-snippet":"max-snippet:-1","max-image-preview":"max-image-preview:large","max-video-preview":"max-video-preview:-1"},"canonical":"https:\/\/prochaska.eu\/ro\/produs\/toro-reelmaster-3550-d-03910\/","og_locale":"ro_RO","og_type":"article","og_title":"TORO Reelmaster 3550-D (03910) - Prochaska","og_description":"Toro Reelmaster 3550-D plute\u0219te f\u0103r\u0103 efort peste contururile terenurilor \u0219i zonelor adiacente spa\u021biilor verzi.","og_url":"https:\/\/prochaska.eu\/ro\/produs\/toro-reelmaster-3550-d-03910\/","og_site_name":"Prochaska","article_publisher":"https:\/\/www.facebook.com\/prochaska.eu\/","og_image":[{"width":1440,"height":1440,"url":"https:\/\/prochaska.eu\/wp-content\/uploads\/2024\/06\/Reelmaster-3550-D_1-e1586511653976.jpg","type":"image\/jpeg"}],"twitter_card":"summary_large_image","twitter_misc":{"Timp estimat pentru citire":"1 minut"},"schema":{"@context":"https:\/\/schema.org","@graph":[{"@type":"WebPage","@id":"https:\/\/prochaska.eu\/ro\/produs\/toro-reelmaster-3550-d-03910\/","url":"https:\/\/prochaska.eu\/ro\/produs\/toro-reelmaster-3550-d-03910\/","name":"TORO Reelmaster 3550-D (03910) - Prochaska","isPartOf":{"@id":"https:\/\/prochaska.eu\/ro\/#website"},"primaryImageOfPage":{"@id":"https:\/\/prochaska.eu\/ro\/produs\/toro-reelmaster-3550-d-03910\/#primaryimage"},"image":{"@id":"https:\/\/prochaska.eu\/ro\/produs\/toro-reelmaster-3550-d-03910\/#primaryimage"},"thumbnailUrl":"https:\/\/prochaska.eu\/wp-content\/uploads\/2024\/06\/Reelmaster-3550-D_1-e1586511653976.jpg","datePublished":"2017-08-04T14:42:55+00:00","breadcrumb":{"@id":"https:\/\/prochaska.eu\/ro\/produs\/toro-reelmaster-3550-d-03910\/#breadcrumb"},"inLanguage":"ro-RO","potentialAction":[{"@type":"ReadAction","target":["https:\/\/prochaska.eu\/ro\/produs\/toro-reelmaster-3550-d-03910\/"]}]},{"@type":"ImageObject","inLanguage":"ro-RO","@id":"https:\/\/prochaska.eu\/ro\/produs\/toro-reelmaster-3550-d-03910\/#primaryimage","url":"https:\/\/prochaska.eu\/wp-content\/uploads\/2024\/06\/Reelmaster-3550-D_1-e1586511653976.jpg","contentUrl":"https:\/\/prochaska.eu\/wp-content\/uploads\/2024\/06\/Reelmaster-3550-D_1-e1586511653976.jpg","width":1440,"height":1440,"caption":"Toro Reelmaster 3550-D"},{"@type":"BreadcrumbList","@id":"https:\/\/prochaska.eu\/ro\/produs\/toro-reelmaster-3550-d-03910\/#breadcrumb","itemListElement":[{"@type":"ListItem","position":1,"name":"Home","item":"https:\/\/prochaska.eu\/ro\/"},{"@type":"ListItem","position":2,"name":"Shop","item":"https:\/\/prochaska.eu\/ro\/shop\/"},{"@type":"ListItem","position":3,"name":"TORO Reelmaster 3550-D (03910)"}]},{"@type":"WebSite","@id":"https:\/\/prochaska.eu\/ro\/#website","url":"https:\/\/prochaska.eu\/ro\/","name":"Prochaska","description":"Spezialist f\u00fcr Pflege von Gr\u00fcnfl\u00e4chen","publisher":{"@id":"https:\/\/prochaska.eu\/ro\/#organization"},"potentialAction":[{"@type":"SearchAction","target":{"@type":"EntryPoint","urlTemplate":"https:\/\/prochaska.eu\/ro\/?s={search_term_string}"},"query-input":{"@type":"PropertyValueSpecification","valueRequired":true,"valueName":"search_term_string"}}],"inLanguage":"ro-RO"},{"@type":"Organization","@id":"https:\/\/prochaska.eu\/ro\/#organization","name":"Prochaska","url":"https:\/\/prochaska.eu\/ro\/","logo":{"@type":"ImageObject","inLanguage":"ro-RO","@id":"https:\/\/prochaska.eu\/ro\/#\/schema\/logo\/image\/","url":"https:\/\/prochaska.eu\/wp-content\/uploads\/2024\/04\/Prochaska_Logo_Black-1.png","contentUrl":"https:\/\/prochaska.eu\/wp-content\/uploads\/2024\/04\/Prochaska_Logo_Black-1.png","width":796,"height":236,"caption":"Prochaska"},"image":{"@id":"https:\/\/prochaska.eu\/ro\/#\/schema\/logo\/image\/"},"sameAs":["https:\/\/www.facebook.com\/prochaska.eu\/","https:\/\/www.instagram.com\/prochaska.eu\/","https:\/\/www.linkedin.com\/company\/prochaska-handels-gmbh"]}]}},"brands":[{"id":3073,"name":"Toro","slug":"toro-ro"}],"_links":{"self":[{"href":"https:\/\/prochaska.eu\/ro\/wp-json\/wp\/v2\/product\/25897","targetHints":{"allow":["GET"]}}],"collection":[{"href":"https:\/\/prochaska.eu\/ro\/wp-json\/wp\/v2\/product"}],"about":[{"href":"https:\/\/prochaska.eu\/ro\/wp-json\/wp\/v2\/types\/product"}],"version-history":[{"count":0,"href":"https:\/\/prochaska.eu\/ro\/wp-json\/wp\/v2\/product\/25897\/revisions"}],"wp:featuredmedia":[{"embeddable":true,"href":"https:\/\/prochaska.eu\/ro\/wp-json\/wp\/v2\/media\/21192"}],"wp:attachment":[{"href":"https:\/\/prochaska.eu\/ro\/wp-json\/wp\/v2\/media?parent=25897"}],"wp:term":[{"taxonomy":"pwb-brand","embeddable":true,"href":"https:\/\/prochaska.eu\/ro\/wp-json\/wp\/v2\/pwb-brand?post=25897"},{"taxonomy":"product_brand","embeddable":true,"href":"https:\/\/prochaska.eu\/ro\/wp-json\/wp\/v2\/product_brand?post=25897"},{"taxonomy":"product_cat","embeddable":true,"href":"https:\/\/prochaska.eu\/ro\/wp-json\/wp\/v2\/product_cat?post=25897"},{"taxonomy":"product_tag","embeddable":true,"href":"https:\/\/prochaska.eu\/ro\/wp-json\/wp\/v2\/product_tag?post=25897"}],"curies":[{"name":"wp","href":"https:\/\/api.w.org\/{rel}","templated":true}]}}