{"id":25901,"date":"2017-08-04T14:42:54","date_gmt":"2017-08-04T14:42:54","guid":{"rendered":"https:\/\/prochaska.eu\/product\/toro-groundsmaster-4500-d-4700-d\/"},"modified":"2017-08-04T14:42:54","modified_gmt":"2017-08-04T14:42:54","slug":"toro-groundsmaster-4500-d-4700-d","status":"publish","type":"product","link":"https:\/\/prochaska.eu\/ro\/produs\/toro-groundsmaster-4500-d-4700-d\/","title":{"rendered":"TORO Groundsmaster 4500-D\/4700-D"},"content":{"rendered":"<p style=\"text-align: left;\">Toro Groundsmaster impresioneaz\u0103 prin calitatea t\u0103ierii curate, \u00eentre\u021binerea u\u0219oar\u0103 \u0219i sistemul SmartCool. Un design Contour Plus este integrat \u00een cositoare, ceea ce asigur\u0103 rezultate remarcabile.<\/p>\n<h2 style=\"text-align: left;\">Func\u021bii<\/h2>\n<h3 style=\"text-align: left;\"><strong>SmartCool<\/strong><\/h3>\n<p style=\"text-align: left;\">Groundsmaster 4500-D \u0219i 4700-D de la Toro dispun de sistemul exclusiv SmartCool. Acest lucru garanteaz\u0103 utilizarea f\u0103r\u0103 probleme a ma\u0219inii. \u00cenainte ca motorul s\u0103 se \u00eencing\u0103 prea tare, sistemul SmartCool inverseaz\u0103 ventilatorul de r\u0103cire pentru scurt timp, astfel \u00eenc\u00e2t reziduurile s\u0103 fie suflate de pe grilele de admisie a aerului.<\/p>\n<h3 style=\"text-align: left;\"><strong>SmartPower<\/strong><\/h3>\n<p style=\"text-align: left;\">Aceast\u0103 caracteristic\u0103 asigur\u0103 faptul c\u0103 ma\u0219ina nu r\u0103m\u00e2ne blocat\u0103 \u00een sol \u00een condi\u021bii dificile de cosire. Viteza lamei este men\u021binut\u0103 \u00eentotdeauna la viteza optim\u0103 de cosire. Acest lucru se realizeaz\u0103 prin \u00eencetinirea automat\u0103 a vitezei de deplasare \u0219i optimizarea transmisiei puterii c\u0103tre lamele.<\/p>\n<h2 style=\"text-align: left;\">Date tehnice<\/h2>\n<p style=\"text-align: left;\">Modele: 30873, 30881, 30857, 30874, 30882, 30858<\/p>\n<ul>\n<li style=\"text-align: left;\">L\u0103\u021bimea de t\u0103iere: 1500-D: 277 cm; 4700-D: 381 cm<\/li>\n<li style=\"text-align: left;\">Yanmar sau Kubota, 35,8 &#8211; 41,8 KW (48-56 CP), 2600 sau 2700 rpm<\/li>\n<li style=\"text-align: left;\">Combustibil: Diesel<\/li>\n<li style=\"text-align: left;\">Ampatament: 172 cm<\/li>\n<li style=\"text-align: left;\">Viteza de cosire de la 0 la 11 km\/h<\/li>\n<\/ul>\n","protected":false},"excerpt":{"rendered":"<p>Toro Groundsmaster impresioneaz\u0103 prin calitatea t\u0103ierii curate, \u00eentre\u021binerea u\u0219oar\u0103 \u0219i sistemul SmartCool.<\/p>\n","protected":false},"featured_media":21189,"template":"","meta":[],"pwb-brand":[3073],"product_brand":[],"product_cat":[1523,1388],"product_tag":[],"class_list":{"0":"post-25901","1":"product","2":"type-product","3":"status-publish","4":"has-post-thumbnail","6":"pwb-brand-toro-ro","7":"product_cat-cositoare-ro","8":"product_cat-masini-de-golf","10":"first","11":"instock","12":"taxable","13":"shipping-taxable","14":"product-type-simple"},"yoast_head":"<!-- This site is optimized with the Yoast SEO plugin v27.4 - https:\/\/yoast.com\/product\/yoast-seo-wordpress\/ -->\n<title>TORO Groundsmaster 4500-D\/4700-D - Prochaska<\/title>\n<meta name=\"robots\" content=\"index, follow, max-snippet:-1, max-image-preview:large, max-video-preview:-1\" \/>\n<link rel=\"canonical\" href=\"https:\/\/prochaska.eu\/ro\/produs\/toro-groundsmaster-4500-d-4700-d\/\" \/>\n<meta property=\"og:locale\" content=\"ro_RO\" \/>\n<meta property=\"og:type\" content=\"article\" \/>\n<meta property=\"og:title\" content=\"TORO Groundsmaster 4500-D\/4700-D - Prochaska\" \/>\n<meta property=\"og:description\" content=\"Toro Groundsmaster impresioneaz\u0103 prin calitatea t\u0103ierii curate, \u00eentre\u021binerea u\u0219oar\u0103 \u0219i sistemul SmartCool.\" \/>\n<meta property=\"og:url\" content=\"https:\/\/prochaska.eu\/ro\/produs\/toro-groundsmaster-4500-d-4700-d\/\" \/>\n<meta property=\"og:site_name\" content=\"Prochaska\" \/>\n<meta property=\"article:publisher\" content=\"https:\/\/www.facebook.com\/prochaska.eu\/\" \/>\n<meta property=\"og:image\" content=\"https:\/\/prochaska.eu\/wp-content\/uploads\/2024\/06\/Groundsmaster-4500-D_2.jpg\" \/>\n\t<meta property=\"og:image:width\" content=\"1440\" \/>\n\t<meta property=\"og:image:height\" content=\"1440\" \/>\n\t<meta property=\"og:image:type\" content=\"image\/jpeg\" \/>\n<meta name=\"twitter:card\" content=\"summary_large_image\" \/>\n<meta name=\"twitter:label1\" content=\"Timp estimat pentru citire\" \/>\n\t<meta name=\"twitter:data1\" content=\"1 minut\" \/>\n<script type=\"application\/ld+json\" class=\"yoast-schema-graph\">{\"@context\":\"https:\\\/\\\/schema.org\",\"@graph\":[{\"@type\":\"WebPage\",\"@id\":\"https:\\\/\\\/prochaska.eu\\\/ro\\\/produs\\\/toro-groundsmaster-4500-d-4700-d\\\/\",\"url\":\"https:\\\/\\\/prochaska.eu\\\/ro\\\/produs\\\/toro-groundsmaster-4500-d-4700-d\\\/\",\"name\":\"TORO Groundsmaster 4500-D\\\/4700-D - Prochaska\",\"isPartOf\":{\"@id\":\"https:\\\/\\\/prochaska.eu\\\/ro\\\/#website\"},\"primaryImageOfPage\":{\"@id\":\"https:\\\/\\\/prochaska.eu\\\/ro\\\/produs\\\/toro-groundsmaster-4500-d-4700-d\\\/#primaryimage\"},\"image\":{\"@id\":\"https:\\\/\\\/prochaska.eu\\\/ro\\\/produs\\\/toro-groundsmaster-4500-d-4700-d\\\/#primaryimage\"},\"thumbnailUrl\":\"https:\\\/\\\/prochaska.eu\\\/wp-content\\\/uploads\\\/2024\\\/06\\\/Groundsmaster-4500-D_2.jpg\",\"datePublished\":\"2017-08-04T14:42:54+00:00\",\"breadcrumb\":{\"@id\":\"https:\\\/\\\/prochaska.eu\\\/ro\\\/produs\\\/toro-groundsmaster-4500-d-4700-d\\\/#breadcrumb\"},\"inLanguage\":\"ro-RO\",\"potentialAction\":[{\"@type\":\"ReadAction\",\"target\":[\"https:\\\/\\\/prochaska.eu\\\/ro\\\/produs\\\/toro-groundsmaster-4500-d-4700-d\\\/\"]}]},{\"@type\":\"ImageObject\",\"inLanguage\":\"ro-RO\",\"@id\":\"https:\\\/\\\/prochaska.eu\\\/ro\\\/produs\\\/toro-groundsmaster-4500-d-4700-d\\\/#primaryimage\",\"url\":\"https:\\\/\\\/prochaska.eu\\\/wp-content\\\/uploads\\\/2024\\\/06\\\/Groundsmaster-4500-D_2.jpg\",\"contentUrl\":\"https:\\\/\\\/prochaska.eu\\\/wp-content\\\/uploads\\\/2024\\\/06\\\/Groundsmaster-4500-D_2.jpg\",\"width\":1440,\"height\":1440,\"caption\":\"Toro Groundsmaster 4500-D\"},{\"@type\":\"BreadcrumbList\",\"@id\":\"https:\\\/\\\/prochaska.eu\\\/ro\\\/produs\\\/toro-groundsmaster-4500-d-4700-d\\\/#breadcrumb\",\"itemListElement\":[{\"@type\":\"ListItem\",\"position\":1,\"name\":\"Home\",\"item\":\"https:\\\/\\\/prochaska.eu\\\/ro\\\/\"},{\"@type\":\"ListItem\",\"position\":2,\"name\":\"Shop\",\"item\":\"https:\\\/\\\/prochaska.eu\\\/ro\\\/shop\\\/\"},{\"@type\":\"ListItem\",\"position\":3,\"name\":\"TORO Groundsmaster 4500-D\\\/4700-D\"}]},{\"@type\":\"WebSite\",\"@id\":\"https:\\\/\\\/prochaska.eu\\\/ro\\\/#website\",\"url\":\"https:\\\/\\\/prochaska.eu\\\/ro\\\/\",\"name\":\"Prochaska\",\"description\":\"Spezialist f\u00fcr Pflege von Gr\u00fcnfl\u00e4chen\",\"publisher\":{\"@id\":\"https:\\\/\\\/prochaska.eu\\\/ro\\\/#organization\"},\"potentialAction\":[{\"@type\":\"SearchAction\",\"target\":{\"@type\":\"EntryPoint\",\"urlTemplate\":\"https:\\\/\\\/prochaska.eu\\\/ro\\\/?s={search_term_string}\"},\"query-input\":{\"@type\":\"PropertyValueSpecification\",\"valueRequired\":true,\"valueName\":\"search_term_string\"}}],\"inLanguage\":\"ro-RO\"},{\"@type\":\"Organization\",\"@id\":\"https:\\\/\\\/prochaska.eu\\\/ro\\\/#organization\",\"name\":\"Prochaska\",\"url\":\"https:\\\/\\\/prochaska.eu\\\/ro\\\/\",\"logo\":{\"@type\":\"ImageObject\",\"inLanguage\":\"ro-RO\",\"@id\":\"https:\\\/\\\/prochaska.eu\\\/ro\\\/#\\\/schema\\\/logo\\\/image\\\/\",\"url\":\"https:\\\/\\\/prochaska.eu\\\/wp-content\\\/uploads\\\/2024\\\/04\\\/Prochaska_Logo_Black-1.png\",\"contentUrl\":\"https:\\\/\\\/prochaska.eu\\\/wp-content\\\/uploads\\\/2024\\\/04\\\/Prochaska_Logo_Black-1.png\",\"width\":796,\"height\":236,\"caption\":\"Prochaska\"},\"image\":{\"@id\":\"https:\\\/\\\/prochaska.eu\\\/ro\\\/#\\\/schema\\\/logo\\\/image\\\/\"},\"sameAs\":[\"https:\\\/\\\/www.facebook.com\\\/prochaska.eu\\\/\",\"https:\\\/\\\/www.instagram.com\\\/prochaska.eu\\\/\",\"https:\\\/\\\/www.linkedin.com\\\/company\\\/prochaska-handels-gmbh\"]}]}<\/script>\n<!-- \/ Yoast SEO plugin. -->","yoast_head_json":{"title":"TORO Groundsmaster 4500-D\/4700-D - Prochaska","robots":{"index":"index","follow":"follow","max-snippet":"max-snippet:-1","max-image-preview":"max-image-preview:large","max-video-preview":"max-video-preview:-1"},"canonical":"https:\/\/prochaska.eu\/ro\/produs\/toro-groundsmaster-4500-d-4700-d\/","og_locale":"ro_RO","og_type":"article","og_title":"TORO Groundsmaster 4500-D\/4700-D - Prochaska","og_description":"Toro Groundsmaster impresioneaz\u0103 prin calitatea t\u0103ierii curate, \u00eentre\u021binerea u\u0219oar\u0103 \u0219i sistemul SmartCool.","og_url":"https:\/\/prochaska.eu\/ro\/produs\/toro-groundsmaster-4500-d-4700-d\/","og_site_name":"Prochaska","article_publisher":"https:\/\/www.facebook.com\/prochaska.eu\/","og_image":[{"width":1440,"height":1440,"url":"https:\/\/prochaska.eu\/wp-content\/uploads\/2024\/06\/Groundsmaster-4500-D_2.jpg","type":"image\/jpeg"}],"twitter_card":"summary_large_image","twitter_misc":{"Timp estimat pentru citire":"1 minut"},"schema":{"@context":"https:\/\/schema.org","@graph":[{"@type":"WebPage","@id":"https:\/\/prochaska.eu\/ro\/produs\/toro-groundsmaster-4500-d-4700-d\/","url":"https:\/\/prochaska.eu\/ro\/produs\/toro-groundsmaster-4500-d-4700-d\/","name":"TORO Groundsmaster 4500-D\/4700-D - Prochaska","isPartOf":{"@id":"https:\/\/prochaska.eu\/ro\/#website"},"primaryImageOfPage":{"@id":"https:\/\/prochaska.eu\/ro\/produs\/toro-groundsmaster-4500-d-4700-d\/#primaryimage"},"image":{"@id":"https:\/\/prochaska.eu\/ro\/produs\/toro-groundsmaster-4500-d-4700-d\/#primaryimage"},"thumbnailUrl":"https:\/\/prochaska.eu\/wp-content\/uploads\/2024\/06\/Groundsmaster-4500-D_2.jpg","datePublished":"2017-08-04T14:42:54+00:00","breadcrumb":{"@id":"https:\/\/prochaska.eu\/ro\/produs\/toro-groundsmaster-4500-d-4700-d\/#breadcrumb"},"inLanguage":"ro-RO","potentialAction":[{"@type":"ReadAction","target":["https:\/\/prochaska.eu\/ro\/produs\/toro-groundsmaster-4500-d-4700-d\/"]}]},{"@type":"ImageObject","inLanguage":"ro-RO","@id":"https:\/\/prochaska.eu\/ro\/produs\/toro-groundsmaster-4500-d-4700-d\/#primaryimage","url":"https:\/\/prochaska.eu\/wp-content\/uploads\/2024\/06\/Groundsmaster-4500-D_2.jpg","contentUrl":"https:\/\/prochaska.eu\/wp-content\/uploads\/2024\/06\/Groundsmaster-4500-D_2.jpg","width":1440,"height":1440,"caption":"Toro Groundsmaster 4500-D"},{"@type":"BreadcrumbList","@id":"https:\/\/prochaska.eu\/ro\/produs\/toro-groundsmaster-4500-d-4700-d\/#breadcrumb","itemListElement":[{"@type":"ListItem","position":1,"name":"Home","item":"https:\/\/prochaska.eu\/ro\/"},{"@type":"ListItem","position":2,"name":"Shop","item":"https:\/\/prochaska.eu\/ro\/shop\/"},{"@type":"ListItem","position":3,"name":"TORO Groundsmaster 4500-D\/4700-D"}]},{"@type":"WebSite","@id":"https:\/\/prochaska.eu\/ro\/#website","url":"https:\/\/prochaska.eu\/ro\/","name":"Prochaska","description":"Spezialist f\u00fcr Pflege von Gr\u00fcnfl\u00e4chen","publisher":{"@id":"https:\/\/prochaska.eu\/ro\/#organization"},"potentialAction":[{"@type":"SearchAction","target":{"@type":"EntryPoint","urlTemplate":"https:\/\/prochaska.eu\/ro\/?s={search_term_string}"},"query-input":{"@type":"PropertyValueSpecification","valueRequired":true,"valueName":"search_term_string"}}],"inLanguage":"ro-RO"},{"@type":"Organization","@id":"https:\/\/prochaska.eu\/ro\/#organization","name":"Prochaska","url":"https:\/\/prochaska.eu\/ro\/","logo":{"@type":"ImageObject","inLanguage":"ro-RO","@id":"https:\/\/prochaska.eu\/ro\/#\/schema\/logo\/image\/","url":"https:\/\/prochaska.eu\/wp-content\/uploads\/2024\/04\/Prochaska_Logo_Black-1.png","contentUrl":"https:\/\/prochaska.eu\/wp-content\/uploads\/2024\/04\/Prochaska_Logo_Black-1.png","width":796,"height":236,"caption":"Prochaska"},"image":{"@id":"https:\/\/prochaska.eu\/ro\/#\/schema\/logo\/image\/"},"sameAs":["https:\/\/www.facebook.com\/prochaska.eu\/","https:\/\/www.instagram.com\/prochaska.eu\/","https:\/\/www.linkedin.com\/company\/prochaska-handels-gmbh"]}]}},"brands":[{"id":3073,"name":"Toro","slug":"toro-ro"}],"_links":{"self":[{"href":"https:\/\/prochaska.eu\/ro\/wp-json\/wp\/v2\/product\/25901","targetHints":{"allow":["GET"]}}],"collection":[{"href":"https:\/\/prochaska.eu\/ro\/wp-json\/wp\/v2\/product"}],"about":[{"href":"https:\/\/prochaska.eu\/ro\/wp-json\/wp\/v2\/types\/product"}],"version-history":[{"count":0,"href":"https:\/\/prochaska.eu\/ro\/wp-json\/wp\/v2\/product\/25901\/revisions"}],"wp:featuredmedia":[{"embeddable":true,"href":"https:\/\/prochaska.eu\/ro\/wp-json\/wp\/v2\/media\/21189"}],"wp:attachment":[{"href":"https:\/\/prochaska.eu\/ro\/wp-json\/wp\/v2\/media?parent=25901"}],"wp:term":[{"taxonomy":"pwb-brand","embeddable":true,"href":"https:\/\/prochaska.eu\/ro\/wp-json\/wp\/v2\/pwb-brand?post=25901"},{"taxonomy":"product_brand","embeddable":true,"href":"https:\/\/prochaska.eu\/ro\/wp-json\/wp\/v2\/product_brand?post=25901"},{"taxonomy":"product_cat","embeddable":true,"href":"https:\/\/prochaska.eu\/ro\/wp-json\/wp\/v2\/product_cat?post=25901"},{"taxonomy":"product_tag","embeddable":true,"href":"https:\/\/prochaska.eu\/ro\/wp-json\/wp\/v2\/product_tag?post=25901"}],"curies":[{"name":"wp","href":"https:\/\/api.w.org\/{rel}","templated":true}]}}