{"id":25902,"date":"2017-08-04T14:42:52","date_gmt":"2017-08-04T14:42:52","guid":{"rendered":"https:\/\/prochaska.eu\/product\/toro-siteworks-tocator-de-cioate-stx38-23214\/"},"modified":"2017-08-04T14:42:52","modified_gmt":"2017-08-04T14:42:52","slug":"toro-siteworks-tocator-de-cioate-stx38-23214","status":"publish","type":"product","link":"https:\/\/prochaska.eu\/ro\/produs\/toro-siteworks-tocator-de-cioate-stx38-23214\/","title":{"rendered":"Toro &#8211; Siteworks &#8211; Toc\u0103tor de cioate &#8211; STX38 &#8211; 23214"},"content":{"rendered":"<p style=\"text-align: left;\">Ma\u0219inile de t\u0103iat cioate STX de la <a href=\"https:\/\/www.prochaska.eu\/toro\/\">Toro<\/a> sunt fiabile \u0219i u\u0219or de manevrat \u00een compara\u021bie cu alte ma\u0219ini de t\u0103iat cioate. Ma\u0219inile au dou\u0103 p\u00e2rghii simple care sunt u\u0219or de \u00eenv\u0103\u021bat \u0219i de utilizat. Motocultoarele pe \u0219enile sunt, de asemenea, ideale pentru utilizarea pe teren noroios. Datorit\u0103 func\u021biei Intello-Sweep, sunt garantate performan\u021be optime de t\u0103iere \u0219i o vitez\u0103 de transport de 6 km\/h. O combina\u021bie perfect\u0103 pentru productivitate maxim\u0103. Modelul STX 28 are un sistem de \u0219enile Hi-Drive pentru o capacitate remarcabil\u0103 de urcare, manevrabilitate \u0219i stabilitate sporit\u0103 pe pante. Motorul cu injector electronic simplific\u0103 pornirea \u0219i necesit\u0103 mai pu\u021bin\u0103 \u00eentre\u021binere, oferind \u00een acela\u0219i timp performan\u021be mai bune. \u00cen plus, supapa de control al debitului hidraulic simplific\u0103 formarea bavurilor laterale pentru o m\u0103cinare mai bun\u0103 a ciotului.<\/p>\n<h2 style=\"text-align: left;\">Beneficiile produsului<\/h2>\n<ul>\n<li style=\"text-align: left;\">Intelli-Sweep\u2122 regleaz\u0103 automat viteza de m\u0103turare &#8211; astfel \u00eenc\u00e2t motorul poate rezista chiar \u0219i la sarcini de t\u0103iere grele<\/li>\n<li style=\"text-align: left;\">Sistemul de lan\u021b cu trac\u021biune ridicat\u0103 pentru o conducere mai bun\u0103 \u00een pant\u0103, manevrabilitate mai bun\u0103 \u0219i stabilitate mai mare<\/li>\n<li style=\"text-align: left;\">Motorul cu injector electronic simplific\u0103 pornirea, necesit\u0103 mai pu\u021bin\u0103 \u00eentre\u021binere \u0219i ofer\u0103 performan\u021be mai bune<\/li>\n<li style=\"text-align: left;\">Supapa de control complet hidraulic\u0103 simplific\u0103 formarea crestelor laterale pentru o mai bun\u0103 m\u0103cinare a cioatelor<\/li>\n<li style=\"text-align: left;\">Toc\u0103torul de cioate Toro\u00ae STX-38 este potrivit pentru condi\u021bii extreme<\/li>\n<li style=\"text-align: left;\">Func\u021bionarea complet hidraulic\u0103 elimin\u0103 riscul de rupere sau alunecare a curelelor costisitoare<\/li>\n<li style=\"text-align: left;\">Comenzile intuitive de tip TX \u0219i lan\u021burile pentru manevrabilitate \u0219i stabilitate fac ca STX-38 s\u0103 fie deosebit de u\u0219or de utilizat<\/li>\n<\/ul>\n<p>&nbsp;<\/p>\n<p><iframe title=\"Toro\u00ae STX Stump Grinder Safety\/Operator Training Video - English\" width=\"800\" height=\"450\" src=\"https:\/\/www.youtube.com\/embed\/tqqkOwEwVVI?start=2&#038;feature=oembed\" frameborder=\"0\" allow=\"accelerometer; autoplay; clipboard-write; encrypted-media; gyroscope; picture-in-picture; web-share\" referrerpolicy=\"strict-origin-when-cross-origin\" allowfullscreen><\/iframe><\/p>\n","protected":false},"excerpt":{"rendered":"<p>Ma\u0219ina de tocat cioate de la Toro, modelul STX38, este potrivit\u0103 pentru condi\u021bii extreme \u0219i poate fi utilizat\u0103 \u0219i pe suprafe\u021be noroioase.<\/p>\n","protected":false},"featured_media":21156,"template":"","meta":[],"pwb-brand":[3073],"product_brand":[],"product_cat":[1521,2694],"product_tag":[],"class_list":{"0":"post-25902","1":"product","2":"type-product","3":"status-publish","4":"has-post-thumbnail","6":"pwb-brand-toro-ro","7":"product_cat-municipal-terenuri-de-sport-si-agricultura","8":"product_cat-siteworks-ro","10":"first","11":"instock","12":"taxable","13":"shipping-taxable","14":"product-type-simple"},"yoast_head":"<!-- This site is optimized with the Yoast SEO plugin v27.4 - https:\/\/yoast.com\/product\/yoast-seo-wordpress\/ -->\n<title>Toro - Siteworks - Toc\u0103tor de cioate - STX38 - 23214 - Prochaska<\/title>\n<meta name=\"robots\" content=\"index, follow, max-snippet:-1, max-image-preview:large, max-video-preview:-1\" \/>\n<link rel=\"canonical\" href=\"https:\/\/prochaska.eu\/ro\/produs\/toro-siteworks-tocator-de-cioate-stx38-23214\/\" \/>\n<meta property=\"og:locale\" content=\"ro_RO\" \/>\n<meta property=\"og:type\" content=\"article\" \/>\n<meta property=\"og:title\" content=\"Toro - Siteworks - Toc\u0103tor de cioate - STX38 - 23214 - Prochaska\" \/>\n<meta property=\"og:description\" content=\"Ma\u0219ina de tocat cioate de la Toro, modelul STX38, este potrivit\u0103 pentru condi\u021bii extreme \u0219i poate fi utilizat\u0103 \u0219i pe suprafe\u021be noroioase.\" \/>\n<meta property=\"og:url\" content=\"https:\/\/prochaska.eu\/ro\/produs\/toro-siteworks-tocator-de-cioate-stx38-23214\/\" \/>\n<meta property=\"og:site_name\" content=\"Prochaska\" \/>\n<meta property=\"article:publisher\" content=\"https:\/\/www.facebook.com\/prochaska.eu\/\" \/>\n<meta property=\"og:image\" content=\"https:\/\/prochaska.eu\/wp-content\/uploads\/2024\/06\/23214-e1588925639117.jpg\" \/>\n\t<meta property=\"og:image:width\" content=\"694\" \/>\n\t<meta property=\"og:image:height\" content=\"694\" \/>\n\t<meta property=\"og:image:type\" content=\"image\/jpeg\" \/>\n<meta name=\"twitter:card\" content=\"summary_large_image\" \/>\n<meta name=\"twitter:label1\" content=\"Timp estimat pentru citire\" \/>\n\t<meta name=\"twitter:data1\" content=\"1 minut\" \/>\n<script type=\"application\/ld+json\" class=\"yoast-schema-graph\">{\"@context\":\"https:\\\/\\\/schema.org\",\"@graph\":[{\"@type\":\"WebPage\",\"@id\":\"https:\\\/\\\/prochaska.eu\\\/ro\\\/produs\\\/toro-siteworks-tocator-de-cioate-stx38-23214\\\/\",\"url\":\"https:\\\/\\\/prochaska.eu\\\/ro\\\/produs\\\/toro-siteworks-tocator-de-cioate-stx38-23214\\\/\",\"name\":\"Toro - Siteworks - Toc\u0103tor de cioate - STX38 - 23214 - Prochaska\",\"isPartOf\":{\"@id\":\"https:\\\/\\\/prochaska.eu\\\/ro\\\/#website\"},\"primaryImageOfPage\":{\"@id\":\"https:\\\/\\\/prochaska.eu\\\/ro\\\/produs\\\/toro-siteworks-tocator-de-cioate-stx38-23214\\\/#primaryimage\"},\"image\":{\"@id\":\"https:\\\/\\\/prochaska.eu\\\/ro\\\/produs\\\/toro-siteworks-tocator-de-cioate-stx38-23214\\\/#primaryimage\"},\"thumbnailUrl\":\"https:\\\/\\\/prochaska.eu\\\/wp-content\\\/uploads\\\/2024\\\/06\\\/23214-e1588925639117.jpg\",\"datePublished\":\"2017-08-04T14:42:52+00:00\",\"breadcrumb\":{\"@id\":\"https:\\\/\\\/prochaska.eu\\\/ro\\\/produs\\\/toro-siteworks-tocator-de-cioate-stx38-23214\\\/#breadcrumb\"},\"inLanguage\":\"ro-RO\",\"potentialAction\":[{\"@type\":\"ReadAction\",\"target\":[\"https:\\\/\\\/prochaska.eu\\\/ro\\\/produs\\\/toro-siteworks-tocator-de-cioate-stx38-23214\\\/\"]}]},{\"@type\":\"ImageObject\",\"inLanguage\":\"ro-RO\",\"@id\":\"https:\\\/\\\/prochaska.eu\\\/ro\\\/produs\\\/toro-siteworks-tocator-de-cioate-stx38-23214\\\/#primaryimage\",\"url\":\"https:\\\/\\\/prochaska.eu\\\/wp-content\\\/uploads\\\/2024\\\/06\\\/23214-e1588925639117.jpg\",\"contentUrl\":\"https:\\\/\\\/prochaska.eu\\\/wp-content\\\/uploads\\\/2024\\\/06\\\/23214-e1588925639117.jpg\",\"width\":694,\"height\":694,\"caption\":\"Ma\u0219in\u0103 de tocat cioate Toro STX-38\"},{\"@type\":\"BreadcrumbList\",\"@id\":\"https:\\\/\\\/prochaska.eu\\\/ro\\\/produs\\\/toro-siteworks-tocator-de-cioate-stx38-23214\\\/#breadcrumb\",\"itemListElement\":[{\"@type\":\"ListItem\",\"position\":1,\"name\":\"Home\",\"item\":\"https:\\\/\\\/prochaska.eu\\\/ro\\\/\"},{\"@type\":\"ListItem\",\"position\":2,\"name\":\"Shop\",\"item\":\"https:\\\/\\\/prochaska.eu\\\/ro\\\/shop\\\/\"},{\"@type\":\"ListItem\",\"position\":3,\"name\":\"Toro &#8211; Siteworks &#8211; Toc\u0103tor de cioate &#8211; STX38 &#8211; 23214\"}]},{\"@type\":\"WebSite\",\"@id\":\"https:\\\/\\\/prochaska.eu\\\/ro\\\/#website\",\"url\":\"https:\\\/\\\/prochaska.eu\\\/ro\\\/\",\"name\":\"Prochaska\",\"description\":\"Spezialist f\u00fcr Pflege von Gr\u00fcnfl\u00e4chen\",\"publisher\":{\"@id\":\"https:\\\/\\\/prochaska.eu\\\/ro\\\/#organization\"},\"potentialAction\":[{\"@type\":\"SearchAction\",\"target\":{\"@type\":\"EntryPoint\",\"urlTemplate\":\"https:\\\/\\\/prochaska.eu\\\/ro\\\/?s={search_term_string}\"},\"query-input\":{\"@type\":\"PropertyValueSpecification\",\"valueRequired\":true,\"valueName\":\"search_term_string\"}}],\"inLanguage\":\"ro-RO\"},{\"@type\":\"Organization\",\"@id\":\"https:\\\/\\\/prochaska.eu\\\/ro\\\/#organization\",\"name\":\"Prochaska\",\"url\":\"https:\\\/\\\/prochaska.eu\\\/ro\\\/\",\"logo\":{\"@type\":\"ImageObject\",\"inLanguage\":\"ro-RO\",\"@id\":\"https:\\\/\\\/prochaska.eu\\\/ro\\\/#\\\/schema\\\/logo\\\/image\\\/\",\"url\":\"https:\\\/\\\/prochaska.eu\\\/wp-content\\\/uploads\\\/2024\\\/04\\\/Prochaska_Logo_Black-1.png\",\"contentUrl\":\"https:\\\/\\\/prochaska.eu\\\/wp-content\\\/uploads\\\/2024\\\/04\\\/Prochaska_Logo_Black-1.png\",\"width\":796,\"height\":236,\"caption\":\"Prochaska\"},\"image\":{\"@id\":\"https:\\\/\\\/prochaska.eu\\\/ro\\\/#\\\/schema\\\/logo\\\/image\\\/\"},\"sameAs\":[\"https:\\\/\\\/www.facebook.com\\\/prochaska.eu\\\/\",\"https:\\\/\\\/www.instagram.com\\\/prochaska.eu\\\/\",\"https:\\\/\\\/www.linkedin.com\\\/company\\\/prochaska-handels-gmbh\"]}]}<\/script>\n<!-- \/ Yoast SEO plugin. -->","yoast_head_json":{"title":"Toro - Siteworks - Toc\u0103tor de cioate - STX38 - 23214 - Prochaska","robots":{"index":"index","follow":"follow","max-snippet":"max-snippet:-1","max-image-preview":"max-image-preview:large","max-video-preview":"max-video-preview:-1"},"canonical":"https:\/\/prochaska.eu\/ro\/produs\/toro-siteworks-tocator-de-cioate-stx38-23214\/","og_locale":"ro_RO","og_type":"article","og_title":"Toro - Siteworks - Toc\u0103tor de cioate - STX38 - 23214 - Prochaska","og_description":"Ma\u0219ina de tocat cioate de la Toro, modelul STX38, este potrivit\u0103 pentru condi\u021bii extreme \u0219i poate fi utilizat\u0103 \u0219i pe suprafe\u021be noroioase.","og_url":"https:\/\/prochaska.eu\/ro\/produs\/toro-siteworks-tocator-de-cioate-stx38-23214\/","og_site_name":"Prochaska","article_publisher":"https:\/\/www.facebook.com\/prochaska.eu\/","og_image":[{"width":694,"height":694,"url":"https:\/\/prochaska.eu\/wp-content\/uploads\/2024\/06\/23214-e1588925639117.jpg","type":"image\/jpeg"}],"twitter_card":"summary_large_image","twitter_misc":{"Timp estimat pentru citire":"1 minut"},"schema":{"@context":"https:\/\/schema.org","@graph":[{"@type":"WebPage","@id":"https:\/\/prochaska.eu\/ro\/produs\/toro-siteworks-tocator-de-cioate-stx38-23214\/","url":"https:\/\/prochaska.eu\/ro\/produs\/toro-siteworks-tocator-de-cioate-stx38-23214\/","name":"Toro - Siteworks - Toc\u0103tor de cioate - STX38 - 23214 - Prochaska","isPartOf":{"@id":"https:\/\/prochaska.eu\/ro\/#website"},"primaryImageOfPage":{"@id":"https:\/\/prochaska.eu\/ro\/produs\/toro-siteworks-tocator-de-cioate-stx38-23214\/#primaryimage"},"image":{"@id":"https:\/\/prochaska.eu\/ro\/produs\/toro-siteworks-tocator-de-cioate-stx38-23214\/#primaryimage"},"thumbnailUrl":"https:\/\/prochaska.eu\/wp-content\/uploads\/2024\/06\/23214-e1588925639117.jpg","datePublished":"2017-08-04T14:42:52+00:00","breadcrumb":{"@id":"https:\/\/prochaska.eu\/ro\/produs\/toro-siteworks-tocator-de-cioate-stx38-23214\/#breadcrumb"},"inLanguage":"ro-RO","potentialAction":[{"@type":"ReadAction","target":["https:\/\/prochaska.eu\/ro\/produs\/toro-siteworks-tocator-de-cioate-stx38-23214\/"]}]},{"@type":"ImageObject","inLanguage":"ro-RO","@id":"https:\/\/prochaska.eu\/ro\/produs\/toro-siteworks-tocator-de-cioate-stx38-23214\/#primaryimage","url":"https:\/\/prochaska.eu\/wp-content\/uploads\/2024\/06\/23214-e1588925639117.jpg","contentUrl":"https:\/\/prochaska.eu\/wp-content\/uploads\/2024\/06\/23214-e1588925639117.jpg","width":694,"height":694,"caption":"Ma\u0219in\u0103 de tocat cioate Toro STX-38"},{"@type":"BreadcrumbList","@id":"https:\/\/prochaska.eu\/ro\/produs\/toro-siteworks-tocator-de-cioate-stx38-23214\/#breadcrumb","itemListElement":[{"@type":"ListItem","position":1,"name":"Home","item":"https:\/\/prochaska.eu\/ro\/"},{"@type":"ListItem","position":2,"name":"Shop","item":"https:\/\/prochaska.eu\/ro\/shop\/"},{"@type":"ListItem","position":3,"name":"Toro &#8211; Siteworks &#8211; Toc\u0103tor de cioate &#8211; STX38 &#8211; 23214"}]},{"@type":"WebSite","@id":"https:\/\/prochaska.eu\/ro\/#website","url":"https:\/\/prochaska.eu\/ro\/","name":"Prochaska","description":"Spezialist f\u00fcr Pflege von Gr\u00fcnfl\u00e4chen","publisher":{"@id":"https:\/\/prochaska.eu\/ro\/#organization"},"potentialAction":[{"@type":"SearchAction","target":{"@type":"EntryPoint","urlTemplate":"https:\/\/prochaska.eu\/ro\/?s={search_term_string}"},"query-input":{"@type":"PropertyValueSpecification","valueRequired":true,"valueName":"search_term_string"}}],"inLanguage":"ro-RO"},{"@type":"Organization","@id":"https:\/\/prochaska.eu\/ro\/#organization","name":"Prochaska","url":"https:\/\/prochaska.eu\/ro\/","logo":{"@type":"ImageObject","inLanguage":"ro-RO","@id":"https:\/\/prochaska.eu\/ro\/#\/schema\/logo\/image\/","url":"https:\/\/prochaska.eu\/wp-content\/uploads\/2024\/04\/Prochaska_Logo_Black-1.png","contentUrl":"https:\/\/prochaska.eu\/wp-content\/uploads\/2024\/04\/Prochaska_Logo_Black-1.png","width":796,"height":236,"caption":"Prochaska"},"image":{"@id":"https:\/\/prochaska.eu\/ro\/#\/schema\/logo\/image\/"},"sameAs":["https:\/\/www.facebook.com\/prochaska.eu\/","https:\/\/www.instagram.com\/prochaska.eu\/","https:\/\/www.linkedin.com\/company\/prochaska-handels-gmbh"]}]}},"brands":[{"id":3073,"name":"Toro","slug":"toro-ro"}],"_links":{"self":[{"href":"https:\/\/prochaska.eu\/ro\/wp-json\/wp\/v2\/product\/25902","targetHints":{"allow":["GET"]}}],"collection":[{"href":"https:\/\/prochaska.eu\/ro\/wp-json\/wp\/v2\/product"}],"about":[{"href":"https:\/\/prochaska.eu\/ro\/wp-json\/wp\/v2\/types\/product"}],"version-history":[{"count":0,"href":"https:\/\/prochaska.eu\/ro\/wp-json\/wp\/v2\/product\/25902\/revisions"}],"wp:featuredmedia":[{"embeddable":true,"href":"https:\/\/prochaska.eu\/ro\/wp-json\/wp\/v2\/media\/21156"}],"wp:attachment":[{"href":"https:\/\/prochaska.eu\/ro\/wp-json\/wp\/v2\/media?parent=25902"}],"wp:term":[{"taxonomy":"pwb-brand","embeddable":true,"href":"https:\/\/prochaska.eu\/ro\/wp-json\/wp\/v2\/pwb-brand?post=25902"},{"taxonomy":"product_brand","embeddable":true,"href":"https:\/\/prochaska.eu\/ro\/wp-json\/wp\/v2\/product_brand?post=25902"},{"taxonomy":"product_cat","embeddable":true,"href":"https:\/\/prochaska.eu\/ro\/wp-json\/wp\/v2\/product_cat?post=25902"},{"taxonomy":"product_tag","embeddable":true,"href":"https:\/\/prochaska.eu\/ro\/wp-json\/wp\/v2\/product_tag?post=25902"}],"curies":[{"name":"wp","href":"https:\/\/api.w.org\/{rel}","templated":true}]}}