{"id":25905,"date":"2017-08-04T14:42:50","date_gmt":"2017-08-04T14:42:50","guid":{"rendered":"https:\/\/prochaska.eu\/product\/toro-cositoare-cu-tambur-reelmaster-3100\/"},"modified":"2017-08-04T14:42:50","modified_gmt":"2017-08-04T14:42:50","slug":"toro-cositoare-cu-tambur-reelmaster-3100","status":"publish","type":"product","link":"https:\/\/prochaska.eu\/ro\/produs\/toro-cositoare-cu-tambur-reelmaster-3100\/","title":{"rendered":"Toro &#8211; Cositoare cu tambur &#8211; Reelmaster &#8211; 3100"},"content":{"rendered":"<h3 style=\"text-align: left;\"><strong>Cheia pentru un spa\u021biu verde bine \u00eentre\u021binut!<\/strong><\/h3>\n<p style=\"text-align: left;\">Calitatea constant\u0103 a t\u0103ierii este esen\u021bial\u0103 pentru terenurile de sport. Cositoarele Toro Reelmaster au cositori DPA care \u00ee\u0219i men\u021bin setarea pentru mai mult timp. Acest lucru v\u0103 ofer\u0103 un spa\u021biu verde perfect cu mai pu\u021bin efort.<\/p>\n<h3 style=\"text-align: left;\"><strong>Tunderea \u00een zonele greu accesibile.<\/strong><\/h3>\n<p style=\"text-align: left;\">Reelmaster 3100-D ajunge \u00een zone care sunt inaccesibile altor ma\u0219ini de tuns iarba.<\/p>\n<h3><strong>Ax Toro EdgeSeries<\/strong><\/h3>\n<p>Acestea au o nou\u0103 geometrie a axului \u0219i un nou material al lamei. Acest lucru asigur\u0103 o fixare mai bun\u0103 a muchiei de t\u0103iere \u0219i o t\u0103iere mai precis\u0103. \u00cen plus, sunt necesare mai pu\u021bine ajust\u0103ri \u0219i mai pu\u021bin\u0103 \u0219lefuire.<\/p>\n<h3><strong>Cu\u021bit de fund Toro EdgeMax<\/strong><\/h3>\n<p>Aceste cu\u021bite au o inser\u021bie din o\u021bel pentru scule pentru o reten\u021bie maxim\u0103 a muchiei \u0219i o durat\u0103 de via\u021b\u0103 optim\u0103. Aceasta este de trei ori mai mare dec\u00e2t \u00een cazul cu\u021bitelor de fund normale!<\/p>\n<h2><strong>Date tehnice<\/strong><\/h2>\n<ul>\n<li>L\u0103\u021bime de t\u0103iere: 183 cm \/ 216 cm<\/li>\n<li>Trac\u021biune: trac\u021biune pe trei ro\u021bi<\/li>\n<li>Motor: Kubota 16,0 kW (21,5 CP)<\/li>\n<li>Combustibil: Diesel<\/li>\n<li>Viteza de cosire 0,-10 km\/h<\/li>\n<li>\u00cen\u0103l\u021bimea de t\u0103iere: 6-63.5mm<\/li>\n<\/ul>\n","protected":false},"excerpt":{"rendered":"<p>Reelmaster 3100-D este ideal pentru zonele care sunt inaccesibile altor ma\u0219ini de tuns iarba. Acesta garanteaz\u0103 o calitate constant\u0103 a t\u0103ierii \u0219i, prin urmare, este ideal pentru \u00eentre\u021binerea terenurilor de sport.<\/p>\n","protected":false},"featured_media":21141,"template":"","meta":[],"pwb-brand":[3073],"product_brand":[],"product_cat":[1522,1521],"product_tag":[],"class_list":{"0":"post-25905","1":"product","2":"type-product","3":"status-publish","4":"has-post-thumbnail","6":"pwb-brand-toro-ro","7":"product_cat-cositoare","8":"product_cat-municipal-terenuri-de-sport-si-agricultura","10":"first","11":"instock","12":"taxable","13":"shipping-taxable","14":"product-type-simple"},"yoast_head":"<!-- This site is optimized with the Yoast SEO plugin v27.4 - https:\/\/yoast.com\/product\/yoast-seo-wordpress\/ -->\n<title>Toro - Cositoare cu tambur - Reelmaster - 3100 - Prochaska<\/title>\n<meta name=\"robots\" content=\"index, follow, max-snippet:-1, max-image-preview:large, max-video-preview:-1\" \/>\n<link rel=\"canonical\" href=\"https:\/\/prochaska.eu\/ro\/produs\/toro-cositoare-cu-tambur-reelmaster-3100\/\" \/>\n<meta property=\"og:locale\" content=\"ro_RO\" \/>\n<meta property=\"og:type\" content=\"article\" \/>\n<meta property=\"og:title\" content=\"Toro - Cositoare cu tambur - Reelmaster - 3100 - Prochaska\" \/>\n<meta property=\"og:description\" content=\"Reelmaster 3100-D este ideal pentru zonele care sunt inaccesibile altor ma\u0219ini de tuns iarba. Acesta garanteaz\u0103 o calitate constant\u0103 a t\u0103ierii \u0219i, prin urmare, este ideal pentru \u00eentre\u021binerea terenurilor de sport.\" \/>\n<meta property=\"og:url\" content=\"https:\/\/prochaska.eu\/ro\/produs\/toro-cositoare-cu-tambur-reelmaster-3100\/\" \/>\n<meta property=\"og:site_name\" content=\"Prochaska\" \/>\n<meta property=\"article:publisher\" content=\"https:\/\/www.facebook.com\/prochaska.eu\/\" \/>\n<meta property=\"og:image\" content=\"https:\/\/prochaska.eu\/wp-content\/uploads\/2024\/06\/03170_1-e1589181528447.jpg\" \/>\n\t<meta property=\"og:image:width\" content=\"1440\" \/>\n\t<meta property=\"og:image:height\" content=\"1440\" \/>\n\t<meta property=\"og:image:type\" content=\"image\/jpeg\" \/>\n<meta name=\"twitter:card\" content=\"summary_large_image\" \/>\n<meta name=\"twitter:label1\" content=\"Timp estimat pentru citire\" \/>\n\t<meta name=\"twitter:data1\" content=\"1 minut\" \/>\n<script type=\"application\/ld+json\" class=\"yoast-schema-graph\">{\"@context\":\"https:\\\/\\\/schema.org\",\"@graph\":[{\"@type\":\"WebPage\",\"@id\":\"https:\\\/\\\/prochaska.eu\\\/ro\\\/produs\\\/toro-cositoare-cu-tambur-reelmaster-3100\\\/\",\"url\":\"https:\\\/\\\/prochaska.eu\\\/ro\\\/produs\\\/toro-cositoare-cu-tambur-reelmaster-3100\\\/\",\"name\":\"Toro - Cositoare cu tambur - Reelmaster - 3100 - Prochaska\",\"isPartOf\":{\"@id\":\"https:\\\/\\\/prochaska.eu\\\/ro\\\/#website\"},\"primaryImageOfPage\":{\"@id\":\"https:\\\/\\\/prochaska.eu\\\/ro\\\/produs\\\/toro-cositoare-cu-tambur-reelmaster-3100\\\/#primaryimage\"},\"image\":{\"@id\":\"https:\\\/\\\/prochaska.eu\\\/ro\\\/produs\\\/toro-cositoare-cu-tambur-reelmaster-3100\\\/#primaryimage\"},\"thumbnailUrl\":\"https:\\\/\\\/prochaska.eu\\\/wp-content\\\/uploads\\\/2024\\\/06\\\/03170_1-e1589181528447.jpg\",\"datePublished\":\"2017-08-04T14:42:50+00:00\",\"breadcrumb\":{\"@id\":\"https:\\\/\\\/prochaska.eu\\\/ro\\\/produs\\\/toro-cositoare-cu-tambur-reelmaster-3100\\\/#breadcrumb\"},\"inLanguage\":\"ro-RO\",\"potentialAction\":[{\"@type\":\"ReadAction\",\"target\":[\"https:\\\/\\\/prochaska.eu\\\/ro\\\/produs\\\/toro-cositoare-cu-tambur-reelmaster-3100\\\/\"]}]},{\"@type\":\"ImageObject\",\"inLanguage\":\"ro-RO\",\"@id\":\"https:\\\/\\\/prochaska.eu\\\/ro\\\/produs\\\/toro-cositoare-cu-tambur-reelmaster-3100\\\/#primaryimage\",\"url\":\"https:\\\/\\\/prochaska.eu\\\/wp-content\\\/uploads\\\/2024\\\/06\\\/03170_1-e1589181528447.jpg\",\"contentUrl\":\"https:\\\/\\\/prochaska.eu\\\/wp-content\\\/uploads\\\/2024\\\/06\\\/03170_1-e1589181528447.jpg\",\"width\":1440,\"height\":1440,\"caption\":\"Toro Reelmaster 3100\"},{\"@type\":\"BreadcrumbList\",\"@id\":\"https:\\\/\\\/prochaska.eu\\\/ro\\\/produs\\\/toro-cositoare-cu-tambur-reelmaster-3100\\\/#breadcrumb\",\"itemListElement\":[{\"@type\":\"ListItem\",\"position\":1,\"name\":\"Home\",\"item\":\"https:\\\/\\\/prochaska.eu\\\/ro\\\/\"},{\"@type\":\"ListItem\",\"position\":2,\"name\":\"Shop\",\"item\":\"https:\\\/\\\/prochaska.eu\\\/ro\\\/shop\\\/\"},{\"@type\":\"ListItem\",\"position\":3,\"name\":\"Toro &#8211; Cositoare cu tambur &#8211; Reelmaster &#8211; 3100\"}]},{\"@type\":\"WebSite\",\"@id\":\"https:\\\/\\\/prochaska.eu\\\/ro\\\/#website\",\"url\":\"https:\\\/\\\/prochaska.eu\\\/ro\\\/\",\"name\":\"Prochaska\",\"description\":\"Spezialist f\u00fcr Pflege von Gr\u00fcnfl\u00e4chen\",\"publisher\":{\"@id\":\"https:\\\/\\\/prochaska.eu\\\/ro\\\/#organization\"},\"potentialAction\":[{\"@type\":\"SearchAction\",\"target\":{\"@type\":\"EntryPoint\",\"urlTemplate\":\"https:\\\/\\\/prochaska.eu\\\/ro\\\/?s={search_term_string}\"},\"query-input\":{\"@type\":\"PropertyValueSpecification\",\"valueRequired\":true,\"valueName\":\"search_term_string\"}}],\"inLanguage\":\"ro-RO\"},{\"@type\":\"Organization\",\"@id\":\"https:\\\/\\\/prochaska.eu\\\/ro\\\/#organization\",\"name\":\"Prochaska\",\"url\":\"https:\\\/\\\/prochaska.eu\\\/ro\\\/\",\"logo\":{\"@type\":\"ImageObject\",\"inLanguage\":\"ro-RO\",\"@id\":\"https:\\\/\\\/prochaska.eu\\\/ro\\\/#\\\/schema\\\/logo\\\/image\\\/\",\"url\":\"https:\\\/\\\/prochaska.eu\\\/wp-content\\\/uploads\\\/2024\\\/04\\\/Prochaska_Logo_Black-1.png\",\"contentUrl\":\"https:\\\/\\\/prochaska.eu\\\/wp-content\\\/uploads\\\/2024\\\/04\\\/Prochaska_Logo_Black-1.png\",\"width\":796,\"height\":236,\"caption\":\"Prochaska\"},\"image\":{\"@id\":\"https:\\\/\\\/prochaska.eu\\\/ro\\\/#\\\/schema\\\/logo\\\/image\\\/\"},\"sameAs\":[\"https:\\\/\\\/www.facebook.com\\\/prochaska.eu\\\/\",\"https:\\\/\\\/www.instagram.com\\\/prochaska.eu\\\/\",\"https:\\\/\\\/www.linkedin.com\\\/company\\\/prochaska-handels-gmbh\"]}]}<\/script>\n<!-- \/ Yoast SEO plugin. -->","yoast_head_json":{"title":"Toro - Cositoare cu tambur - Reelmaster - 3100 - Prochaska","robots":{"index":"index","follow":"follow","max-snippet":"max-snippet:-1","max-image-preview":"max-image-preview:large","max-video-preview":"max-video-preview:-1"},"canonical":"https:\/\/prochaska.eu\/ro\/produs\/toro-cositoare-cu-tambur-reelmaster-3100\/","og_locale":"ro_RO","og_type":"article","og_title":"Toro - Cositoare cu tambur - Reelmaster - 3100 - Prochaska","og_description":"Reelmaster 3100-D este ideal pentru zonele care sunt inaccesibile altor ma\u0219ini de tuns iarba. Acesta garanteaz\u0103 o calitate constant\u0103 a t\u0103ierii \u0219i, prin urmare, este ideal pentru \u00eentre\u021binerea terenurilor de sport.","og_url":"https:\/\/prochaska.eu\/ro\/produs\/toro-cositoare-cu-tambur-reelmaster-3100\/","og_site_name":"Prochaska","article_publisher":"https:\/\/www.facebook.com\/prochaska.eu\/","og_image":[{"width":1440,"height":1440,"url":"https:\/\/prochaska.eu\/wp-content\/uploads\/2024\/06\/03170_1-e1589181528447.jpg","type":"image\/jpeg"}],"twitter_card":"summary_large_image","twitter_misc":{"Timp estimat pentru citire":"1 minut"},"schema":{"@context":"https:\/\/schema.org","@graph":[{"@type":"WebPage","@id":"https:\/\/prochaska.eu\/ro\/produs\/toro-cositoare-cu-tambur-reelmaster-3100\/","url":"https:\/\/prochaska.eu\/ro\/produs\/toro-cositoare-cu-tambur-reelmaster-3100\/","name":"Toro - Cositoare cu tambur - Reelmaster - 3100 - Prochaska","isPartOf":{"@id":"https:\/\/prochaska.eu\/ro\/#website"},"primaryImageOfPage":{"@id":"https:\/\/prochaska.eu\/ro\/produs\/toro-cositoare-cu-tambur-reelmaster-3100\/#primaryimage"},"image":{"@id":"https:\/\/prochaska.eu\/ro\/produs\/toro-cositoare-cu-tambur-reelmaster-3100\/#primaryimage"},"thumbnailUrl":"https:\/\/prochaska.eu\/wp-content\/uploads\/2024\/06\/03170_1-e1589181528447.jpg","datePublished":"2017-08-04T14:42:50+00:00","breadcrumb":{"@id":"https:\/\/prochaska.eu\/ro\/produs\/toro-cositoare-cu-tambur-reelmaster-3100\/#breadcrumb"},"inLanguage":"ro-RO","potentialAction":[{"@type":"ReadAction","target":["https:\/\/prochaska.eu\/ro\/produs\/toro-cositoare-cu-tambur-reelmaster-3100\/"]}]},{"@type":"ImageObject","inLanguage":"ro-RO","@id":"https:\/\/prochaska.eu\/ro\/produs\/toro-cositoare-cu-tambur-reelmaster-3100\/#primaryimage","url":"https:\/\/prochaska.eu\/wp-content\/uploads\/2024\/06\/03170_1-e1589181528447.jpg","contentUrl":"https:\/\/prochaska.eu\/wp-content\/uploads\/2024\/06\/03170_1-e1589181528447.jpg","width":1440,"height":1440,"caption":"Toro Reelmaster 3100"},{"@type":"BreadcrumbList","@id":"https:\/\/prochaska.eu\/ro\/produs\/toro-cositoare-cu-tambur-reelmaster-3100\/#breadcrumb","itemListElement":[{"@type":"ListItem","position":1,"name":"Home","item":"https:\/\/prochaska.eu\/ro\/"},{"@type":"ListItem","position":2,"name":"Shop","item":"https:\/\/prochaska.eu\/ro\/shop\/"},{"@type":"ListItem","position":3,"name":"Toro &#8211; Cositoare cu tambur &#8211; Reelmaster &#8211; 3100"}]},{"@type":"WebSite","@id":"https:\/\/prochaska.eu\/ro\/#website","url":"https:\/\/prochaska.eu\/ro\/","name":"Prochaska","description":"Spezialist f\u00fcr Pflege von Gr\u00fcnfl\u00e4chen","publisher":{"@id":"https:\/\/prochaska.eu\/ro\/#organization"},"potentialAction":[{"@type":"SearchAction","target":{"@type":"EntryPoint","urlTemplate":"https:\/\/prochaska.eu\/ro\/?s={search_term_string}"},"query-input":{"@type":"PropertyValueSpecification","valueRequired":true,"valueName":"search_term_string"}}],"inLanguage":"ro-RO"},{"@type":"Organization","@id":"https:\/\/prochaska.eu\/ro\/#organization","name":"Prochaska","url":"https:\/\/prochaska.eu\/ro\/","logo":{"@type":"ImageObject","inLanguage":"ro-RO","@id":"https:\/\/prochaska.eu\/ro\/#\/schema\/logo\/image\/","url":"https:\/\/prochaska.eu\/wp-content\/uploads\/2024\/04\/Prochaska_Logo_Black-1.png","contentUrl":"https:\/\/prochaska.eu\/wp-content\/uploads\/2024\/04\/Prochaska_Logo_Black-1.png","width":796,"height":236,"caption":"Prochaska"},"image":{"@id":"https:\/\/prochaska.eu\/ro\/#\/schema\/logo\/image\/"},"sameAs":["https:\/\/www.facebook.com\/prochaska.eu\/","https:\/\/www.instagram.com\/prochaska.eu\/","https:\/\/www.linkedin.com\/company\/prochaska-handels-gmbh"]}]}},"brands":[{"id":3073,"name":"Toro","slug":"toro-ro"}],"_links":{"self":[{"href":"https:\/\/prochaska.eu\/ro\/wp-json\/wp\/v2\/product\/25905","targetHints":{"allow":["GET"]}}],"collection":[{"href":"https:\/\/prochaska.eu\/ro\/wp-json\/wp\/v2\/product"}],"about":[{"href":"https:\/\/prochaska.eu\/ro\/wp-json\/wp\/v2\/types\/product"}],"version-history":[{"count":0,"href":"https:\/\/prochaska.eu\/ro\/wp-json\/wp\/v2\/product\/25905\/revisions"}],"wp:featuredmedia":[{"embeddable":true,"href":"https:\/\/prochaska.eu\/ro\/wp-json\/wp\/v2\/media\/21141"}],"wp:attachment":[{"href":"https:\/\/prochaska.eu\/ro\/wp-json\/wp\/v2\/media?parent=25905"}],"wp:term":[{"taxonomy":"pwb-brand","embeddable":true,"href":"https:\/\/prochaska.eu\/ro\/wp-json\/wp\/v2\/pwb-brand?post=25905"},{"taxonomy":"product_brand","embeddable":true,"href":"https:\/\/prochaska.eu\/ro\/wp-json\/wp\/v2\/product_brand?post=25905"},{"taxonomy":"product_cat","embeddable":true,"href":"https:\/\/prochaska.eu\/ro\/wp-json\/wp\/v2\/product_cat?post=25905"},{"taxonomy":"product_tag","embeddable":true,"href":"https:\/\/prochaska.eu\/ro\/wp-json\/wp\/v2\/product_tag?post=25905"}],"curies":[{"name":"wp","href":"https:\/\/api.w.org\/{rel}","templated":true}]}}