{"id":25929,"date":"2017-08-24T09:28:29","date_gmt":"2017-08-24T09:28:29","guid":{"rendered":"https:\/\/prochaska.eu\/product\/toro-greensmaster-1000\/"},"modified":"2017-08-24T09:28:29","modified_gmt":"2017-08-24T09:28:29","slug":"toro-greensmaster-1000","status":"publish","type":"product","link":"https:\/\/prochaska.eu\/ro\/produs\/toro-greensmaster-1000\/","title":{"rendered":"Toro Greensmaster 1000"},"content":{"rendered":"<p style=\"text-align: left;\">Greensmaster 1000 introduce mai multe func\u021bii revolu\u021bionare \u00een acela\u0219i timp. Tendin\u021ba natural\u0103 de deplasare a greut\u0103\u021bii pe m\u00e2nere la cosit este compensat\u0103 automat. Acest lucru garanteaz\u0103 o \u00een\u0103l\u021bime de t\u0103iere constant\u0103. De asemenea, suportul standului a fost introdus recent pentru o mai bun\u0103 stabilitate la schimbarea bicicletelor. Greensmaster 1000 a oferit \u00eentotdeauna o calitate de t\u0103iere remarcabil\u0103, care r\u0103m\u00e2ne de neegalat p\u00e2n\u0103 \u00een prezent.<\/p>\n<h2 style=\"text-align: left;\">Func\u021bii<\/h2>\n<h3 style=\"text-align: left;\">T\u0103iere precis\u0103<\/h3>\n<p style=\"text-align: left;\">Tamburii netezi sunt proiecta\u021bi astfel \u00eenc\u00e2t s\u0103 nu afecteze zonele verzi.<\/p>\n<h3 style=\"text-align: left;\">Ma\u0219in\u0103 de tuns iarba u\u0219or de \u00eentre\u021binut<\/h3>\n<p style=\"text-align: left;\">Acces fiabil \u0219i f\u0103r\u0103 efort la toate punctele de \u00eentre\u021binere.<\/p>\n<h3 style=\"text-align: left;\">M\u00e2ner ergonomic cu bucl\u0103<\/h3>\n<p style=\"text-align: left;\">M\u00e2nerele pot fi ajustate la trei \u00een\u0103l\u021bimi diferite rapid \u0219i f\u0103r\u0103 unelte.<\/p>\n<h3 style=\"text-align: left;\">Mutarea greut\u0103\u021bii \u00een fa\u021b\u0103<\/h3>\n<p style=\"text-align: left;\">Tendin\u021ba natural\u0103 de deplasare a greut\u0103\u021bii pe m\u00e2nere la cosit este compensat\u0103 automat. Acest lucru garanteaz\u0103 o calitate uniform\u0103 a t\u0103ierii.<\/p>\n<h3 style=\"text-align: left;\">Co\u0219uri de colectare a ierbii<\/h3>\n<p style=\"text-align: left;\">Indiferent dac\u0103 este umed sau uscat, colectorul de iarb\u0103 integrat distribuie uniform resturile de iarb\u0103 \u00een toate condi\u021biile.<\/p>\n<h2 style=\"text-align: left;\">Date tehnice<\/h2>\n<ul>\n<li style=\"text-align: left;\">L\u0103\u021bime de t\u0103iere: 53 cm<\/li>\n<li style=\"text-align: left;\">Motor: motor pe benzin\u0103 Subaru OHC<\/li>\n<li style=\"text-align: left;\">\u00cen\u0103l\u021bimea de t\u0103iere: 2,0 mm p\u00e2n\u0103 la 25,4 mm<\/li>\n<li style=\"text-align: left;\">Rezervor de combustibil: 2,7 litri<\/li>\n<li style=\"text-align: left;\">Lama inferioar\u0103: Lama inferioar\u0103 EdgeMax Microcut<\/li>\n<li style=\"text-align: left;\">Greutate: 134 kg<\/li>\n<\/ul>\n","protected":false},"excerpt":{"rendered":"<p>Greensmaster 1000 introduce mai multe func\u021bii revolu\u021bionare \u00een acela\u0219i timp. Tendin\u021ba natural\u0103 de deplasare a greut\u0103\u021bii pe m\u00e2nere la cosit este compensat\u0103 automat. Acest lucru garanteaz\u0103 o \u00een\u0103l\u021bime de t\u0103iere constant\u0103.<\/p>\n","protected":false},"featured_media":21246,"template":"","meta":[],"pwb-brand":[3073],"product_brand":[],"product_cat":[1523,1217,1388],"product_tag":[],"class_list":{"0":"post-25929","1":"product","2":"type-product","3":"status-publish","4":"has-post-thumbnail","6":"pwb-brand-toro-ro","7":"product_cat-cositoare-ro","8":"product_cat-cositoare-de-gazon-manuala","9":"product_cat-masini-de-golf","11":"first","12":"instock","13":"taxable","14":"shipping-taxable","15":"product-type-simple"},"yoast_head":"<!-- This site is optimized with the Yoast SEO plugin v27.5 - https:\/\/yoast.com\/product\/yoast-seo-wordpress\/ -->\n<title>Toro Greensmaster 1000 - Prochaska<\/title>\n<meta name=\"robots\" content=\"index, follow, max-snippet:-1, max-image-preview:large, max-video-preview:-1\" \/>\n<link rel=\"canonical\" href=\"https:\/\/prochaska.eu\/ro\/produs\/toro-greensmaster-1000\/\" \/>\n<meta property=\"og:locale\" content=\"ro_RO\" \/>\n<meta property=\"og:type\" content=\"article\" \/>\n<meta property=\"og:title\" content=\"Toro Greensmaster 1000 - Prochaska\" \/>\n<meta property=\"og:description\" content=\"Greensmaster 1000 introduce mai multe func\u021bii revolu\u021bionare \u00een acela\u0219i timp. Tendin\u021ba natural\u0103 de deplasare a greut\u0103\u021bii pe m\u00e2nere la cosit este compensat\u0103 automat. Acest lucru garanteaz\u0103 o \u00een\u0103l\u021bime de t\u0103iere constant\u0103.\" \/>\n<meta property=\"og:url\" content=\"https:\/\/prochaska.eu\/ro\/produs\/toro-greensmaster-1000\/\" \/>\n<meta property=\"og:site_name\" content=\"Prochaska\" \/>\n<meta property=\"article:publisher\" content=\"https:\/\/www.facebook.com\/prochaska.eu\/\" \/>\n<meta property=\"og:image\" content=\"https:\/\/prochaska.eu\/wp-content\/uploads\/2024\/06\/Toro-Classic-Leading-the-Way-Nearly-30-Years-Later-8_8_2017-Final-e1586507045405.jpg\" \/>\n\t<meta property=\"og:image:width\" content=\"854\" \/>\n\t<meta property=\"og:image:height\" content=\"854\" \/>\n\t<meta property=\"og:image:type\" content=\"image\/jpeg\" \/>\n<meta name=\"twitter:card\" content=\"summary_large_image\" \/>\n<meta name=\"twitter:label1\" content=\"Timp estimat pentru citire\" \/>\n\t<meta name=\"twitter:data1\" content=\"1 minut\" \/>\n<script type=\"application\/ld+json\" class=\"yoast-schema-graph\">{\"@context\":\"https:\\\/\\\/schema.org\",\"@graph\":[{\"@type\":\"WebPage\",\"@id\":\"https:\\\/\\\/prochaska.eu\\\/ro\\\/produs\\\/toro-greensmaster-1000\\\/\",\"url\":\"https:\\\/\\\/prochaska.eu\\\/ro\\\/produs\\\/toro-greensmaster-1000\\\/\",\"name\":\"Toro Greensmaster 1000 - Prochaska\",\"isPartOf\":{\"@id\":\"https:\\\/\\\/prochaska.eu\\\/ro\\\/#website\"},\"primaryImageOfPage\":{\"@id\":\"https:\\\/\\\/prochaska.eu\\\/ro\\\/produs\\\/toro-greensmaster-1000\\\/#primaryimage\"},\"image\":{\"@id\":\"https:\\\/\\\/prochaska.eu\\\/ro\\\/produs\\\/toro-greensmaster-1000\\\/#primaryimage\"},\"thumbnailUrl\":\"https:\\\/\\\/prochaska.eu\\\/wp-content\\\/uploads\\\/2024\\\/06\\\/Toro-Classic-Leading-the-Way-Nearly-30-Years-Later-8_8_2017-Final-e1586507045405.jpg\",\"datePublished\":\"2017-08-24T09:28:29+00:00\",\"breadcrumb\":{\"@id\":\"https:\\\/\\\/prochaska.eu\\\/ro\\\/produs\\\/toro-greensmaster-1000\\\/#breadcrumb\"},\"inLanguage\":\"ro-RO\",\"potentialAction\":[{\"@type\":\"ReadAction\",\"target\":[\"https:\\\/\\\/prochaska.eu\\\/ro\\\/produs\\\/toro-greensmaster-1000\\\/\"]}]},{\"@type\":\"ImageObject\",\"inLanguage\":\"ro-RO\",\"@id\":\"https:\\\/\\\/prochaska.eu\\\/ro\\\/produs\\\/toro-greensmaster-1000\\\/#primaryimage\",\"url\":\"https:\\\/\\\/prochaska.eu\\\/wp-content\\\/uploads\\\/2024\\\/06\\\/Toro-Classic-Leading-the-Way-Nearly-30-Years-Later-8_8_2017-Final-e1586507045405.jpg\",\"contentUrl\":\"https:\\\/\\\/prochaska.eu\\\/wp-content\\\/uploads\\\/2024\\\/06\\\/Toro-Classic-Leading-the-Way-Nearly-30-Years-Later-8_8_2017-Final-e1586507045405.jpg\",\"width\":854,\"height\":854,\"caption\":\"Toro Greensmaster 1000\"},{\"@type\":\"BreadcrumbList\",\"@id\":\"https:\\\/\\\/prochaska.eu\\\/ro\\\/produs\\\/toro-greensmaster-1000\\\/#breadcrumb\",\"itemListElement\":[{\"@type\":\"ListItem\",\"position\":1,\"name\":\"Home\",\"item\":\"https:\\\/\\\/prochaska.eu\\\/ro\\\/\"},{\"@type\":\"ListItem\",\"position\":2,\"name\":\"Shop\",\"item\":\"https:\\\/\\\/prochaska.eu\\\/ro\\\/shop\\\/\"},{\"@type\":\"ListItem\",\"position\":3,\"name\":\"Toro Greensmaster 1000\"}]},{\"@type\":\"WebSite\",\"@id\":\"https:\\\/\\\/prochaska.eu\\\/ro\\\/#website\",\"url\":\"https:\\\/\\\/prochaska.eu\\\/ro\\\/\",\"name\":\"Prochaska\",\"description\":\"Spezialist f\u00fcr Pflege von Gr\u00fcnfl\u00e4chen\",\"publisher\":{\"@id\":\"https:\\\/\\\/prochaska.eu\\\/ro\\\/#organization\"},\"potentialAction\":[{\"@type\":\"SearchAction\",\"target\":{\"@type\":\"EntryPoint\",\"urlTemplate\":\"https:\\\/\\\/prochaska.eu\\\/ro\\\/?s={search_term_string}\"},\"query-input\":{\"@type\":\"PropertyValueSpecification\",\"valueRequired\":true,\"valueName\":\"search_term_string\"}}],\"inLanguage\":\"ro-RO\"},{\"@type\":\"Organization\",\"@id\":\"https:\\\/\\\/prochaska.eu\\\/ro\\\/#organization\",\"name\":\"Prochaska\",\"url\":\"https:\\\/\\\/prochaska.eu\\\/ro\\\/\",\"logo\":{\"@type\":\"ImageObject\",\"inLanguage\":\"ro-RO\",\"@id\":\"https:\\\/\\\/prochaska.eu\\\/ro\\\/#\\\/schema\\\/logo\\\/image\\\/\",\"url\":\"https:\\\/\\\/prochaska.eu\\\/wp-content\\\/uploads\\\/2024\\\/04\\\/Prochaska_Logo_Black-1.png\",\"contentUrl\":\"https:\\\/\\\/prochaska.eu\\\/wp-content\\\/uploads\\\/2024\\\/04\\\/Prochaska_Logo_Black-1.png\",\"width\":796,\"height\":236,\"caption\":\"Prochaska\"},\"image\":{\"@id\":\"https:\\\/\\\/prochaska.eu\\\/ro\\\/#\\\/schema\\\/logo\\\/image\\\/\"},\"sameAs\":[\"https:\\\/\\\/www.facebook.com\\\/prochaska.eu\\\/\",\"https:\\\/\\\/www.instagram.com\\\/prochaska.eu\\\/\",\"https:\\\/\\\/www.linkedin.com\\\/company\\\/prochaska-handels-gmbh\"]}]}<\/script>\n<!-- \/ Yoast SEO plugin. -->","yoast_head_json":{"title":"Toro Greensmaster 1000 - Prochaska","robots":{"index":"index","follow":"follow","max-snippet":"max-snippet:-1","max-image-preview":"max-image-preview:large","max-video-preview":"max-video-preview:-1"},"canonical":"https:\/\/prochaska.eu\/ro\/produs\/toro-greensmaster-1000\/","og_locale":"ro_RO","og_type":"article","og_title":"Toro Greensmaster 1000 - Prochaska","og_description":"Greensmaster 1000 introduce mai multe func\u021bii revolu\u021bionare \u00een acela\u0219i timp. Tendin\u021ba natural\u0103 de deplasare a greut\u0103\u021bii pe m\u00e2nere la cosit este compensat\u0103 automat. Acest lucru garanteaz\u0103 o \u00een\u0103l\u021bime de t\u0103iere constant\u0103.","og_url":"https:\/\/prochaska.eu\/ro\/produs\/toro-greensmaster-1000\/","og_site_name":"Prochaska","article_publisher":"https:\/\/www.facebook.com\/prochaska.eu\/","og_image":[{"width":854,"height":854,"url":"https:\/\/prochaska.eu\/wp-content\/uploads\/2024\/06\/Toro-Classic-Leading-the-Way-Nearly-30-Years-Later-8_8_2017-Final-e1586507045405.jpg","type":"image\/jpeg"}],"twitter_card":"summary_large_image","twitter_misc":{"Timp estimat pentru citire":"1 minut"},"schema":{"@context":"https:\/\/schema.org","@graph":[{"@type":"WebPage","@id":"https:\/\/prochaska.eu\/ro\/produs\/toro-greensmaster-1000\/","url":"https:\/\/prochaska.eu\/ro\/produs\/toro-greensmaster-1000\/","name":"Toro Greensmaster 1000 - Prochaska","isPartOf":{"@id":"https:\/\/prochaska.eu\/ro\/#website"},"primaryImageOfPage":{"@id":"https:\/\/prochaska.eu\/ro\/produs\/toro-greensmaster-1000\/#primaryimage"},"image":{"@id":"https:\/\/prochaska.eu\/ro\/produs\/toro-greensmaster-1000\/#primaryimage"},"thumbnailUrl":"https:\/\/prochaska.eu\/wp-content\/uploads\/2024\/06\/Toro-Classic-Leading-the-Way-Nearly-30-Years-Later-8_8_2017-Final-e1586507045405.jpg","datePublished":"2017-08-24T09:28:29+00:00","breadcrumb":{"@id":"https:\/\/prochaska.eu\/ro\/produs\/toro-greensmaster-1000\/#breadcrumb"},"inLanguage":"ro-RO","potentialAction":[{"@type":"ReadAction","target":["https:\/\/prochaska.eu\/ro\/produs\/toro-greensmaster-1000\/"]}]},{"@type":"ImageObject","inLanguage":"ro-RO","@id":"https:\/\/prochaska.eu\/ro\/produs\/toro-greensmaster-1000\/#primaryimage","url":"https:\/\/prochaska.eu\/wp-content\/uploads\/2024\/06\/Toro-Classic-Leading-the-Way-Nearly-30-Years-Later-8_8_2017-Final-e1586507045405.jpg","contentUrl":"https:\/\/prochaska.eu\/wp-content\/uploads\/2024\/06\/Toro-Classic-Leading-the-Way-Nearly-30-Years-Later-8_8_2017-Final-e1586507045405.jpg","width":854,"height":854,"caption":"Toro Greensmaster 1000"},{"@type":"BreadcrumbList","@id":"https:\/\/prochaska.eu\/ro\/produs\/toro-greensmaster-1000\/#breadcrumb","itemListElement":[{"@type":"ListItem","position":1,"name":"Home","item":"https:\/\/prochaska.eu\/ro\/"},{"@type":"ListItem","position":2,"name":"Shop","item":"https:\/\/prochaska.eu\/ro\/shop\/"},{"@type":"ListItem","position":3,"name":"Toro Greensmaster 1000"}]},{"@type":"WebSite","@id":"https:\/\/prochaska.eu\/ro\/#website","url":"https:\/\/prochaska.eu\/ro\/","name":"Prochaska","description":"Spezialist f\u00fcr Pflege von Gr\u00fcnfl\u00e4chen","publisher":{"@id":"https:\/\/prochaska.eu\/ro\/#organization"},"potentialAction":[{"@type":"SearchAction","target":{"@type":"EntryPoint","urlTemplate":"https:\/\/prochaska.eu\/ro\/?s={search_term_string}"},"query-input":{"@type":"PropertyValueSpecification","valueRequired":true,"valueName":"search_term_string"}}],"inLanguage":"ro-RO"},{"@type":"Organization","@id":"https:\/\/prochaska.eu\/ro\/#organization","name":"Prochaska","url":"https:\/\/prochaska.eu\/ro\/","logo":{"@type":"ImageObject","inLanguage":"ro-RO","@id":"https:\/\/prochaska.eu\/ro\/#\/schema\/logo\/image\/","url":"https:\/\/prochaska.eu\/wp-content\/uploads\/2024\/04\/Prochaska_Logo_Black-1.png","contentUrl":"https:\/\/prochaska.eu\/wp-content\/uploads\/2024\/04\/Prochaska_Logo_Black-1.png","width":796,"height":236,"caption":"Prochaska"},"image":{"@id":"https:\/\/prochaska.eu\/ro\/#\/schema\/logo\/image\/"},"sameAs":["https:\/\/www.facebook.com\/prochaska.eu\/","https:\/\/www.instagram.com\/prochaska.eu\/","https:\/\/www.linkedin.com\/company\/prochaska-handels-gmbh"]}]}},"brands":[{"id":3073,"name":"Toro","slug":"toro-ro"}],"_links":{"self":[{"href":"https:\/\/prochaska.eu\/ro\/wp-json\/wp\/v2\/product\/25929","targetHints":{"allow":["GET"]}}],"collection":[{"href":"https:\/\/prochaska.eu\/ro\/wp-json\/wp\/v2\/product"}],"about":[{"href":"https:\/\/prochaska.eu\/ro\/wp-json\/wp\/v2\/types\/product"}],"version-history":[{"count":0,"href":"https:\/\/prochaska.eu\/ro\/wp-json\/wp\/v2\/product\/25929\/revisions"}],"wp:featuredmedia":[{"embeddable":true,"href":"https:\/\/prochaska.eu\/ro\/wp-json\/wp\/v2\/media\/21246"}],"wp:attachment":[{"href":"https:\/\/prochaska.eu\/ro\/wp-json\/wp\/v2\/media?parent=25929"}],"wp:term":[{"taxonomy":"pwb-brand","embeddable":true,"href":"https:\/\/prochaska.eu\/ro\/wp-json\/wp\/v2\/pwb-brand?post=25929"},{"taxonomy":"product_brand","embeddable":true,"href":"https:\/\/prochaska.eu\/ro\/wp-json\/wp\/v2\/product_brand?post=25929"},{"taxonomy":"product_cat","embeddable":true,"href":"https:\/\/prochaska.eu\/ro\/wp-json\/wp\/v2\/product_cat?post=25929"},{"taxonomy":"product_tag","embeddable":true,"href":"https:\/\/prochaska.eu\/ro\/wp-json\/wp\/v2\/product_tag?post=25929"}],"curies":[{"name":"wp","href":"https:\/\/api.w.org\/{rel}","templated":true}]}}