{"id":25989,"date":"2018-01-31T10:30:23","date_gmt":"2018-01-31T10:30:23","guid":{"rendered":"https:\/\/prochaska.eu\/product\/distrugator-greenmech-cs-100\/"},"modified":"2025-04-28T09:34:03","modified_gmt":"2025-04-28T09:34:03","slug":"distrugator-greenmech-cs-100","status":"publish","type":"product","link":"https:\/\/prochaska.eu\/ro\/produs\/distrugator-greenmech-cs-100\/","title":{"rendered":"Distrug\u0103tor GreenMech CS 100"},"content":{"rendered":"<div class=\"ce_text grid5 block\">\n<h3>Distrug\u0103tor profesional de mici dimensiuni pentru cimitire, servicii de \u00eengrijire, terenuri de golf, peisagi\u0219ti.<\/h3>\n<p>Cu o l\u0103\u021bime de doar 76 cm, toc\u0103torul CS 100 de la GreenMech este ideal pentru utilizarea \u00een spa\u021bii restr\u00e2nse, unde toc\u0103toarele normale nu ar putea ajunge. Toc\u0103torul mic este u\u0219or de transportat \u0219i are un tambur de tocat cu 2 lame care sunt ascu\u021bite pe ambele p\u0103r\u021bi \u0219i pot fi rotite. Lamele pot fi pur \u0219i simplu rotite dup\u0103 cum este necesar &#8211; acest lucru le dubleaz\u0103 durata de via\u021b\u0103.<\/p>\n<p>Ejectarea puternic\u0103 a a\u0219chiilor de lemn \u0219i bunc\u0103rul de ejectare reglabil permit suflarea direc\u021bionat\u0103 pe o remorc\u0103 sau un camion.<\/p>\n<p>Toc\u0103torul de lemn CS 100 este propulsat de un motor pe benzin\u0103 Vanguard V-Twin de 16 sau 18 CP. Distruge crengi \u0219i buta\u0219i de gard viu p\u00e2n\u0103 la un diametru al trunchiului de 10 cm. Acesta poate prelucra aproximativ 4 &#8211; 6<sup>m3<\/sup> de material pe or\u0103.<\/p>\n<\/div>\n","protected":false},"excerpt":{"rendered":"<p>Cu o l\u0103\u021bime de doar 76 cm, toc\u0103torul GreenMech CS 100 este ideal pentru utilizarea \u00een spa\u021bii restr\u00e2nse, unde toc\u0103toarele normale nu ar putea intra. Distrug\u0103torul mic este, de asemenea, u\u0219or de transportat.<\/p>\n","protected":false},"featured_media":31253,"template":"","meta":[],"pwb-brand":[3112],"product_brand":[],"product_cat":[1615],"product_tag":[],"class_list":{"0":"post-25989","1":"product","2":"type-product","3":"status-publish","4":"has-post-thumbnail","6":"pwb-brand-greenmech-ro","7":"product_cat-distrugator","9":"first","10":"instock","11":"taxable","12":"shipping-taxable","13":"purchasable","14":"product-type-variable"},"yoast_head":"<!-- This site is optimized with the Yoast SEO plugin v27.4 - https:\/\/yoast.com\/product\/yoast-seo-wordpress\/ -->\n<title>Distrug\u0103tor GreenMech CS 100 - Prochaska<\/title>\n<meta name=\"robots\" content=\"index, follow, max-snippet:-1, max-image-preview:large, max-video-preview:-1\" \/>\n<link rel=\"canonical\" href=\"https:\/\/prochaska.eu\/ro\/produs\/distrugator-greenmech-cs-100\/\" \/>\n<meta property=\"og:locale\" content=\"ro_RO\" \/>\n<meta property=\"og:type\" content=\"article\" \/>\n<meta property=\"og:title\" content=\"Distrug\u0103tor GreenMech CS 100 - Prochaska\" \/>\n<meta property=\"og:description\" content=\"Cu o l\u0103\u021bime de doar 76 cm, toc\u0103torul GreenMech CS 100 este ideal pentru utilizarea \u00een spa\u021bii restr\u00e2nse, unde toc\u0103toarele normale nu ar putea intra. Distrug\u0103torul mic este, de asemenea, u\u0219or de transportat.\" \/>\n<meta property=\"og:url\" content=\"https:\/\/prochaska.eu\/ro\/produs\/distrugator-greenmech-cs-100\/\" \/>\n<meta property=\"og:site_name\" content=\"Prochaska\" \/>\n<meta property=\"article:publisher\" content=\"https:\/\/www.facebook.com\/prochaska.eu\/\" \/>\n<meta property=\"article:modified_time\" content=\"2025-04-28T09:34:03+00:00\" \/>\n<meta property=\"og:image\" content=\"https:\/\/prochaska.eu\/wp-content\/uploads\/2024\/06\/Haecksler_GreenMech_CS100.jpg\" \/>\n\t<meta property=\"og:image:width\" content=\"1440\" \/>\n\t<meta property=\"og:image:height\" content=\"1440\" \/>\n\t<meta property=\"og:image:type\" content=\"image\/jpeg\" \/>\n<meta name=\"twitter:card\" content=\"summary_large_image\" \/>\n<meta name=\"twitter:label1\" content=\"Timp estimat pentru citire\" \/>\n\t<meta name=\"twitter:data1\" content=\"1 minut\" \/>\n<script type=\"application\/ld+json\" class=\"yoast-schema-graph\">{\"@context\":\"https:\\\/\\\/schema.org\",\"@graph\":[{\"@type\":\"WebPage\",\"@id\":\"https:\\\/\\\/prochaska.eu\\\/ro\\\/produs\\\/distrugator-greenmech-cs-100\\\/\",\"url\":\"https:\\\/\\\/prochaska.eu\\\/ro\\\/produs\\\/distrugator-greenmech-cs-100\\\/\",\"name\":\"Distrug\u0103tor GreenMech CS 100 - Prochaska\",\"isPartOf\":{\"@id\":\"https:\\\/\\\/prochaska.eu\\\/ro\\\/#website\"},\"primaryImageOfPage\":{\"@id\":\"https:\\\/\\\/prochaska.eu\\\/ro\\\/produs\\\/distrugator-greenmech-cs-100\\\/#primaryimage\"},\"image\":{\"@id\":\"https:\\\/\\\/prochaska.eu\\\/ro\\\/produs\\\/distrugator-greenmech-cs-100\\\/#primaryimage\"},\"thumbnailUrl\":\"https:\\\/\\\/prochaska.eu\\\/wp-content\\\/uploads\\\/2018\\\/01\\\/GreenMech-Haecksler-CS-100.png\",\"datePublished\":\"2018-01-31T10:30:23+00:00\",\"dateModified\":\"2025-04-28T09:34:03+00:00\",\"breadcrumb\":{\"@id\":\"https:\\\/\\\/prochaska.eu\\\/ro\\\/produs\\\/distrugator-greenmech-cs-100\\\/#breadcrumb\"},\"inLanguage\":\"ro-RO\",\"potentialAction\":[{\"@type\":\"ReadAction\",\"target\":[\"https:\\\/\\\/prochaska.eu\\\/ro\\\/produs\\\/distrugator-greenmech-cs-100\\\/\"]}]},{\"@type\":\"ImageObject\",\"inLanguage\":\"ro-RO\",\"@id\":\"https:\\\/\\\/prochaska.eu\\\/ro\\\/produs\\\/distrugator-greenmech-cs-100\\\/#primaryimage\",\"url\":\"https:\\\/\\\/prochaska.eu\\\/wp-content\\\/uploads\\\/2018\\\/01\\\/GreenMech-Haecksler-CS-100.png\",\"contentUrl\":\"https:\\\/\\\/prochaska.eu\\\/wp-content\\\/uploads\\\/2018\\\/01\\\/GreenMech-Haecksler-CS-100.png\",\"width\":351,\"height\":351},{\"@type\":\"BreadcrumbList\",\"@id\":\"https:\\\/\\\/prochaska.eu\\\/ro\\\/produs\\\/distrugator-greenmech-cs-100\\\/#breadcrumb\",\"itemListElement\":[{\"@type\":\"ListItem\",\"position\":1,\"name\":\"Home\",\"item\":\"https:\\\/\\\/prochaska.eu\\\/ro\\\/\"},{\"@type\":\"ListItem\",\"position\":2,\"name\":\"Shop\",\"item\":\"https:\\\/\\\/prochaska.eu\\\/ro\\\/shop\\\/\"},{\"@type\":\"ListItem\",\"position\":3,\"name\":\"Distrug\u0103tor GreenMech CS 100\"}]},{\"@type\":\"WebSite\",\"@id\":\"https:\\\/\\\/prochaska.eu\\\/ro\\\/#website\",\"url\":\"https:\\\/\\\/prochaska.eu\\\/ro\\\/\",\"name\":\"Prochaska\",\"description\":\"Spezialist f\u00fcr Pflege von Gr\u00fcnfl\u00e4chen\",\"publisher\":{\"@id\":\"https:\\\/\\\/prochaska.eu\\\/ro\\\/#organization\"},\"potentialAction\":[{\"@type\":\"SearchAction\",\"target\":{\"@type\":\"EntryPoint\",\"urlTemplate\":\"https:\\\/\\\/prochaska.eu\\\/ro\\\/?s={search_term_string}\"},\"query-input\":{\"@type\":\"PropertyValueSpecification\",\"valueRequired\":true,\"valueName\":\"search_term_string\"}}],\"inLanguage\":\"ro-RO\"},{\"@type\":\"Organization\",\"@id\":\"https:\\\/\\\/prochaska.eu\\\/ro\\\/#organization\",\"name\":\"Prochaska\",\"url\":\"https:\\\/\\\/prochaska.eu\\\/ro\\\/\",\"logo\":{\"@type\":\"ImageObject\",\"inLanguage\":\"ro-RO\",\"@id\":\"https:\\\/\\\/prochaska.eu\\\/ro\\\/#\\\/schema\\\/logo\\\/image\\\/\",\"url\":\"https:\\\/\\\/prochaska.eu\\\/wp-content\\\/uploads\\\/2024\\\/04\\\/Prochaska_Logo_Black-1.png\",\"contentUrl\":\"https:\\\/\\\/prochaska.eu\\\/wp-content\\\/uploads\\\/2024\\\/04\\\/Prochaska_Logo_Black-1.png\",\"width\":796,\"height\":236,\"caption\":\"Prochaska\"},\"image\":{\"@id\":\"https:\\\/\\\/prochaska.eu\\\/ro\\\/#\\\/schema\\\/logo\\\/image\\\/\"},\"sameAs\":[\"https:\\\/\\\/www.facebook.com\\\/prochaska.eu\\\/\",\"https:\\\/\\\/www.instagram.com\\\/prochaska.eu\\\/\",\"https:\\\/\\\/www.linkedin.com\\\/company\\\/prochaska-handels-gmbh\"]}]}<\/script>\n<!-- \/ Yoast SEO plugin. -->","yoast_head_json":{"title":"Distrug\u0103tor GreenMech CS 100 - Prochaska","robots":{"index":"index","follow":"follow","max-snippet":"max-snippet:-1","max-image-preview":"max-image-preview:large","max-video-preview":"max-video-preview:-1"},"canonical":"https:\/\/prochaska.eu\/ro\/produs\/distrugator-greenmech-cs-100\/","og_locale":"ro_RO","og_type":"article","og_title":"Distrug\u0103tor GreenMech CS 100 - Prochaska","og_description":"Cu o l\u0103\u021bime de doar 76 cm, toc\u0103torul GreenMech CS 100 este ideal pentru utilizarea \u00een spa\u021bii restr\u00e2nse, unde toc\u0103toarele normale nu ar putea intra. Distrug\u0103torul mic este, de asemenea, u\u0219or de transportat.","og_url":"https:\/\/prochaska.eu\/ro\/produs\/distrugator-greenmech-cs-100\/","og_site_name":"Prochaska","article_publisher":"https:\/\/www.facebook.com\/prochaska.eu\/","article_modified_time":"2025-04-28T09:34:03+00:00","og_image":[{"width":1440,"height":1440,"url":"https:\/\/prochaska.eu\/wp-content\/uploads\/2024\/06\/Haecksler_GreenMech_CS100.jpg","type":"image\/jpeg"}],"twitter_card":"summary_large_image","twitter_misc":{"Timp estimat pentru citire":"1 minut"},"schema":{"@context":"https:\/\/schema.org","@graph":[{"@type":"WebPage","@id":"https:\/\/prochaska.eu\/ro\/produs\/distrugator-greenmech-cs-100\/","url":"https:\/\/prochaska.eu\/ro\/produs\/distrugator-greenmech-cs-100\/","name":"Distrug\u0103tor GreenMech CS 100 - Prochaska","isPartOf":{"@id":"https:\/\/prochaska.eu\/ro\/#website"},"primaryImageOfPage":{"@id":"https:\/\/prochaska.eu\/ro\/produs\/distrugator-greenmech-cs-100\/#primaryimage"},"image":{"@id":"https:\/\/prochaska.eu\/ro\/produs\/distrugator-greenmech-cs-100\/#primaryimage"},"thumbnailUrl":"https:\/\/prochaska.eu\/wp-content\/uploads\/2018\/01\/GreenMech-Haecksler-CS-100.png","datePublished":"2018-01-31T10:30:23+00:00","dateModified":"2025-04-28T09:34:03+00:00","breadcrumb":{"@id":"https:\/\/prochaska.eu\/ro\/produs\/distrugator-greenmech-cs-100\/#breadcrumb"},"inLanguage":"ro-RO","potentialAction":[{"@type":"ReadAction","target":["https:\/\/prochaska.eu\/ro\/produs\/distrugator-greenmech-cs-100\/"]}]},{"@type":"ImageObject","inLanguage":"ro-RO","@id":"https:\/\/prochaska.eu\/ro\/produs\/distrugator-greenmech-cs-100\/#primaryimage","url":"https:\/\/prochaska.eu\/wp-content\/uploads\/2018\/01\/GreenMech-Haecksler-CS-100.png","contentUrl":"https:\/\/prochaska.eu\/wp-content\/uploads\/2018\/01\/GreenMech-Haecksler-CS-100.png","width":351,"height":351},{"@type":"BreadcrumbList","@id":"https:\/\/prochaska.eu\/ro\/produs\/distrugator-greenmech-cs-100\/#breadcrumb","itemListElement":[{"@type":"ListItem","position":1,"name":"Home","item":"https:\/\/prochaska.eu\/ro\/"},{"@type":"ListItem","position":2,"name":"Shop","item":"https:\/\/prochaska.eu\/ro\/shop\/"},{"@type":"ListItem","position":3,"name":"Distrug\u0103tor GreenMech CS 100"}]},{"@type":"WebSite","@id":"https:\/\/prochaska.eu\/ro\/#website","url":"https:\/\/prochaska.eu\/ro\/","name":"Prochaska","description":"Spezialist f\u00fcr Pflege von Gr\u00fcnfl\u00e4chen","publisher":{"@id":"https:\/\/prochaska.eu\/ro\/#organization"},"potentialAction":[{"@type":"SearchAction","target":{"@type":"EntryPoint","urlTemplate":"https:\/\/prochaska.eu\/ro\/?s={search_term_string}"},"query-input":{"@type":"PropertyValueSpecification","valueRequired":true,"valueName":"search_term_string"}}],"inLanguage":"ro-RO"},{"@type":"Organization","@id":"https:\/\/prochaska.eu\/ro\/#organization","name":"Prochaska","url":"https:\/\/prochaska.eu\/ro\/","logo":{"@type":"ImageObject","inLanguage":"ro-RO","@id":"https:\/\/prochaska.eu\/ro\/#\/schema\/logo\/image\/","url":"https:\/\/prochaska.eu\/wp-content\/uploads\/2024\/04\/Prochaska_Logo_Black-1.png","contentUrl":"https:\/\/prochaska.eu\/wp-content\/uploads\/2024\/04\/Prochaska_Logo_Black-1.png","width":796,"height":236,"caption":"Prochaska"},"image":{"@id":"https:\/\/prochaska.eu\/ro\/#\/schema\/logo\/image\/"},"sameAs":["https:\/\/www.facebook.com\/prochaska.eu\/","https:\/\/www.instagram.com\/prochaska.eu\/","https:\/\/www.linkedin.com\/company\/prochaska-handels-gmbh"]}]}},"brands":[{"id":3112,"name":"Greenmech","slug":"greenmech-ro"}],"_links":{"self":[{"href":"https:\/\/prochaska.eu\/ro\/wp-json\/wp\/v2\/product\/25989","targetHints":{"allow":["GET"]}}],"collection":[{"href":"https:\/\/prochaska.eu\/ro\/wp-json\/wp\/v2\/product"}],"about":[{"href":"https:\/\/prochaska.eu\/ro\/wp-json\/wp\/v2\/types\/product"}],"version-history":[{"count":0,"href":"https:\/\/prochaska.eu\/ro\/wp-json\/wp\/v2\/product\/25989\/revisions"}],"wp:featuredmedia":[{"embeddable":true,"href":"https:\/\/prochaska.eu\/ro\/wp-json\/wp\/v2\/media\/31253"}],"wp:attachment":[{"href":"https:\/\/prochaska.eu\/ro\/wp-json\/wp\/v2\/media?parent=25989"}],"wp:term":[{"taxonomy":"pwb-brand","embeddable":true,"href":"https:\/\/prochaska.eu\/ro\/wp-json\/wp\/v2\/pwb-brand?post=25989"},{"taxonomy":"product_brand","embeddable":true,"href":"https:\/\/prochaska.eu\/ro\/wp-json\/wp\/v2\/product_brand?post=25989"},{"taxonomy":"product_cat","embeddable":true,"href":"https:\/\/prochaska.eu\/ro\/wp-json\/wp\/v2\/product_cat?post=25989"},{"taxonomy":"product_tag","embeddable":true,"href":"https:\/\/prochaska.eu\/ro\/wp-json\/wp\/v2\/product_tag?post=25989"}],"curies":[{"name":"wp","href":"https:\/\/api.w.org\/{rel}","templated":true}]}}