{"id":26013,"date":"2018-01-30T09:33:24","date_gmt":"2018-01-30T09:33:24","guid":{"rendered":"https:\/\/prochaska.eu\/product\/distrugator-greenmech-quadchip-160\/"},"modified":"2025-04-28T09:34:13","modified_gmt":"2025-04-28T09:34:13","slug":"distrugator-greenmech-quadchip-160","status":"publish","type":"product","link":"https:\/\/prochaska.eu\/ro\/produs\/distrugator-greenmech-quadchip-160\/","title":{"rendered":"Distrug\u0103tor GreenMech QuadChip 160"},"content":{"rendered":"<h3>Distrug\u0103torul este ideal pentru \u0219antiere, amenaj\u0103ri peisagistice, proprietari \u0219i autorit\u0103\u021bi locale.<\/h3>\n<p>QuadChip 160 este un toc\u0103tor pentru toate ocaziile: Cu o deschidere generoas\u0103 a bunc\u0103rului de 110 x 80 cm \u0219i role hidraulice verticale duble de alimentare, acest toc\u0103tor este u\u0219or de utilizat. Rolele de alimentare sunt u\u0219or controlate de sistemul inovator de control al puterii &#8222;No-Stress&#8221;.<\/p>\n<p>Inelul ma\u0219inii de tocat de 16 cm poate fi rotit p\u00e2n\u0103 la 270 de grade, permi\u021b\u00e2nd mesei de alimentare s\u0103 fie pivotat\u0103 optim \u00een orice zon\u0103 de lucru dorit\u0103. Partea din spate a ma\u0219inii de recoltat furaje este la acela\u0219i nivel cu marginea anvelopelor, astfel \u00eenc\u00e2t operatorul s\u0103 poat\u0103 lucra \u00eentotdeauna \u00eentr-o zon\u0103 sigur\u0103.<\/p>\n<p>Conducta de evacuare poate fi pliat\u0103 pentru un transport mai u\u0219or, astfel \u00eenc\u00e2t toc\u0103torul cu remorc\u0103 are o \u00een\u0103l\u021bime de numai 1,66 m. Deoarece greutatea total\u0103 a QuadChip 160 este mai mic\u0103 de 750 kg, acesta poate fi transportat cu un permis de conducere clasa B. Fr\u00e2na de dep\u0103\u0219ire integrat\u0103 permite remorcarea cu aproape orice vehicul.<\/p>\n","protected":false},"excerpt":{"rendered":"<p>QuadChip 160 este un toc\u0103tor pentru toate ocaziile: Cu o deschidere generoas\u0103 a bunc\u0103rului de 110 x 80 cm \u0219i role hidraulice verticale duble de alimentare, acest toc\u0103tor este u\u0219or de utilizat.<\/p>\n","protected":false},"featured_media":21333,"template":"","meta":[],"pwb-brand":[3112],"product_brand":[],"product_cat":[1615],"product_tag":[],"class_list":{"0":"post-26013","1":"product","2":"type-product","3":"status-publish","4":"has-post-thumbnail","6":"pwb-brand-greenmech-ro","7":"product_cat-distrugator","9":"first","10":"instock","11":"taxable","12":"shipping-taxable","13":"product-type-simple"},"yoast_head":"<!-- This site is optimized with the Yoast SEO plugin v27.5 - https:\/\/yoast.com\/product\/yoast-seo-wordpress\/ -->\n<title>Distrug\u0103tor GreenMech QuadChip 160 - Prochaska<\/title>\n<meta name=\"robots\" content=\"index, follow, max-snippet:-1, max-image-preview:large, max-video-preview:-1\" \/>\n<link rel=\"canonical\" href=\"https:\/\/prochaska.eu\/ro\/produs\/distrugator-greenmech-quadchip-160\/\" \/>\n<meta property=\"og:locale\" content=\"ro_RO\" \/>\n<meta property=\"og:type\" content=\"article\" \/>\n<meta property=\"og:title\" content=\"Distrug\u0103tor GreenMech QuadChip 160 - Prochaska\" \/>\n<meta property=\"og:description\" content=\"QuadChip 160 este un toc\u0103tor pentru toate ocaziile: Cu o deschidere generoas\u0103 a bunc\u0103rului de 110 x 80 cm \u0219i role hidraulice verticale duble de alimentare, acest toc\u0103tor este u\u0219or de utilizat.\" \/>\n<meta property=\"og:url\" content=\"https:\/\/prochaska.eu\/ro\/produs\/distrugator-greenmech-quadchip-160\/\" \/>\n<meta property=\"og:site_name\" content=\"Prochaska\" \/>\n<meta property=\"article:publisher\" content=\"https:\/\/www.facebook.com\/prochaska.eu\/\" \/>\n<meta property=\"article:modified_time\" content=\"2025-04-28T09:34:13+00:00\" \/>\n<meta property=\"og:image\" content=\"https:\/\/prochaska.eu\/wp-content\/uploads\/2024\/06\/Haecksler_GreenMech_QuadChip160.jpg\" \/>\n\t<meta property=\"og:image:width\" content=\"1440\" \/>\n\t<meta property=\"og:image:height\" content=\"1440\" \/>\n\t<meta property=\"og:image:type\" content=\"image\/jpeg\" \/>\n<meta name=\"twitter:card\" content=\"summary_large_image\" \/>\n<meta name=\"twitter:label1\" content=\"Timp estimat pentru citire\" \/>\n\t<meta name=\"twitter:data1\" content=\"1 minut\" \/>\n<script type=\"application\/ld+json\" class=\"yoast-schema-graph\">{\"@context\":\"https:\\\/\\\/schema.org\",\"@graph\":[{\"@type\":\"WebPage\",\"@id\":\"https:\\\/\\\/prochaska.eu\\\/ro\\\/produs\\\/distrugator-greenmech-quadchip-160\\\/\",\"url\":\"https:\\\/\\\/prochaska.eu\\\/ro\\\/produs\\\/distrugator-greenmech-quadchip-160\\\/\",\"name\":\"Distrug\u0103tor GreenMech QuadChip 160 - Prochaska\",\"isPartOf\":{\"@id\":\"https:\\\/\\\/prochaska.eu\\\/ro\\\/#website\"},\"primaryImageOfPage\":{\"@id\":\"https:\\\/\\\/prochaska.eu\\\/ro\\\/produs\\\/distrugator-greenmech-quadchip-160\\\/#primaryimage\"},\"image\":{\"@id\":\"https:\\\/\\\/prochaska.eu\\\/ro\\\/produs\\\/distrugator-greenmech-quadchip-160\\\/#primaryimage\"},\"thumbnailUrl\":\"https:\\\/\\\/prochaska.eu\\\/wp-content\\\/uploads\\\/2024\\\/06\\\/Haecksler_GreenMech_QuadChip160.jpg\",\"datePublished\":\"2018-01-30T09:33:24+00:00\",\"dateModified\":\"2025-04-28T09:34:13+00:00\",\"breadcrumb\":{\"@id\":\"https:\\\/\\\/prochaska.eu\\\/ro\\\/produs\\\/distrugator-greenmech-quadchip-160\\\/#breadcrumb\"},\"inLanguage\":\"ro-RO\",\"potentialAction\":[{\"@type\":\"ReadAction\",\"target\":[\"https:\\\/\\\/prochaska.eu\\\/ro\\\/produs\\\/distrugator-greenmech-quadchip-160\\\/\"]}]},{\"@type\":\"ImageObject\",\"inLanguage\":\"ro-RO\",\"@id\":\"https:\\\/\\\/prochaska.eu\\\/ro\\\/produs\\\/distrugator-greenmech-quadchip-160\\\/#primaryimage\",\"url\":\"https:\\\/\\\/prochaska.eu\\\/wp-content\\\/uploads\\\/2024\\\/06\\\/Haecksler_GreenMech_QuadChip160.jpg\",\"contentUrl\":\"https:\\\/\\\/prochaska.eu\\\/wp-content\\\/uploads\\\/2024\\\/06\\\/Haecksler_GreenMech_QuadChip160.jpg\",\"width\":1440,\"height\":1440},{\"@type\":\"BreadcrumbList\",\"@id\":\"https:\\\/\\\/prochaska.eu\\\/ro\\\/produs\\\/distrugator-greenmech-quadchip-160\\\/#breadcrumb\",\"itemListElement\":[{\"@type\":\"ListItem\",\"position\":1,\"name\":\"Home\",\"item\":\"https:\\\/\\\/prochaska.eu\\\/ro\\\/\"},{\"@type\":\"ListItem\",\"position\":2,\"name\":\"Shop\",\"item\":\"https:\\\/\\\/prochaska.eu\\\/ro\\\/shop\\\/\"},{\"@type\":\"ListItem\",\"position\":3,\"name\":\"Distrug\u0103tor GreenMech QuadChip 160\"}]},{\"@type\":\"WebSite\",\"@id\":\"https:\\\/\\\/prochaska.eu\\\/ro\\\/#website\",\"url\":\"https:\\\/\\\/prochaska.eu\\\/ro\\\/\",\"name\":\"Prochaska\",\"description\":\"Spezialist f\u00fcr Pflege von Gr\u00fcnfl\u00e4chen\",\"publisher\":{\"@id\":\"https:\\\/\\\/prochaska.eu\\\/ro\\\/#organization\"},\"potentialAction\":[{\"@type\":\"SearchAction\",\"target\":{\"@type\":\"EntryPoint\",\"urlTemplate\":\"https:\\\/\\\/prochaska.eu\\\/ro\\\/?s={search_term_string}\"},\"query-input\":{\"@type\":\"PropertyValueSpecification\",\"valueRequired\":true,\"valueName\":\"search_term_string\"}}],\"inLanguage\":\"ro-RO\"},{\"@type\":\"Organization\",\"@id\":\"https:\\\/\\\/prochaska.eu\\\/ro\\\/#organization\",\"name\":\"Prochaska\",\"url\":\"https:\\\/\\\/prochaska.eu\\\/ro\\\/\",\"logo\":{\"@type\":\"ImageObject\",\"inLanguage\":\"ro-RO\",\"@id\":\"https:\\\/\\\/prochaska.eu\\\/ro\\\/#\\\/schema\\\/logo\\\/image\\\/\",\"url\":\"https:\\\/\\\/prochaska.eu\\\/wp-content\\\/uploads\\\/2024\\\/04\\\/Prochaska_Logo_Black-1.png\",\"contentUrl\":\"https:\\\/\\\/prochaska.eu\\\/wp-content\\\/uploads\\\/2024\\\/04\\\/Prochaska_Logo_Black-1.png\",\"width\":796,\"height\":236,\"caption\":\"Prochaska\"},\"image\":{\"@id\":\"https:\\\/\\\/prochaska.eu\\\/ro\\\/#\\\/schema\\\/logo\\\/image\\\/\"},\"sameAs\":[\"https:\\\/\\\/www.facebook.com\\\/prochaska.eu\\\/\",\"https:\\\/\\\/www.instagram.com\\\/prochaska.eu\\\/\",\"https:\\\/\\\/www.linkedin.com\\\/company\\\/prochaska-handels-gmbh\"]}]}<\/script>\n<!-- \/ Yoast SEO plugin. -->","yoast_head_json":{"title":"Distrug\u0103tor GreenMech QuadChip 160 - Prochaska","robots":{"index":"index","follow":"follow","max-snippet":"max-snippet:-1","max-image-preview":"max-image-preview:large","max-video-preview":"max-video-preview:-1"},"canonical":"https:\/\/prochaska.eu\/ro\/produs\/distrugator-greenmech-quadchip-160\/","og_locale":"ro_RO","og_type":"article","og_title":"Distrug\u0103tor GreenMech QuadChip 160 - Prochaska","og_description":"QuadChip 160 este un toc\u0103tor pentru toate ocaziile: Cu o deschidere generoas\u0103 a bunc\u0103rului de 110 x 80 cm \u0219i role hidraulice verticale duble de alimentare, acest toc\u0103tor este u\u0219or de utilizat.","og_url":"https:\/\/prochaska.eu\/ro\/produs\/distrugator-greenmech-quadchip-160\/","og_site_name":"Prochaska","article_publisher":"https:\/\/www.facebook.com\/prochaska.eu\/","article_modified_time":"2025-04-28T09:34:13+00:00","og_image":[{"width":1440,"height":1440,"url":"https:\/\/prochaska.eu\/wp-content\/uploads\/2024\/06\/Haecksler_GreenMech_QuadChip160.jpg","type":"image\/jpeg"}],"twitter_card":"summary_large_image","twitter_misc":{"Timp estimat pentru citire":"1 minut"},"schema":{"@context":"https:\/\/schema.org","@graph":[{"@type":"WebPage","@id":"https:\/\/prochaska.eu\/ro\/produs\/distrugator-greenmech-quadchip-160\/","url":"https:\/\/prochaska.eu\/ro\/produs\/distrugator-greenmech-quadchip-160\/","name":"Distrug\u0103tor GreenMech QuadChip 160 - Prochaska","isPartOf":{"@id":"https:\/\/prochaska.eu\/ro\/#website"},"primaryImageOfPage":{"@id":"https:\/\/prochaska.eu\/ro\/produs\/distrugator-greenmech-quadchip-160\/#primaryimage"},"image":{"@id":"https:\/\/prochaska.eu\/ro\/produs\/distrugator-greenmech-quadchip-160\/#primaryimage"},"thumbnailUrl":"https:\/\/prochaska.eu\/wp-content\/uploads\/2024\/06\/Haecksler_GreenMech_QuadChip160.jpg","datePublished":"2018-01-30T09:33:24+00:00","dateModified":"2025-04-28T09:34:13+00:00","breadcrumb":{"@id":"https:\/\/prochaska.eu\/ro\/produs\/distrugator-greenmech-quadchip-160\/#breadcrumb"},"inLanguage":"ro-RO","potentialAction":[{"@type":"ReadAction","target":["https:\/\/prochaska.eu\/ro\/produs\/distrugator-greenmech-quadchip-160\/"]}]},{"@type":"ImageObject","inLanguage":"ro-RO","@id":"https:\/\/prochaska.eu\/ro\/produs\/distrugator-greenmech-quadchip-160\/#primaryimage","url":"https:\/\/prochaska.eu\/wp-content\/uploads\/2024\/06\/Haecksler_GreenMech_QuadChip160.jpg","contentUrl":"https:\/\/prochaska.eu\/wp-content\/uploads\/2024\/06\/Haecksler_GreenMech_QuadChip160.jpg","width":1440,"height":1440},{"@type":"BreadcrumbList","@id":"https:\/\/prochaska.eu\/ro\/produs\/distrugator-greenmech-quadchip-160\/#breadcrumb","itemListElement":[{"@type":"ListItem","position":1,"name":"Home","item":"https:\/\/prochaska.eu\/ro\/"},{"@type":"ListItem","position":2,"name":"Shop","item":"https:\/\/prochaska.eu\/ro\/shop\/"},{"@type":"ListItem","position":3,"name":"Distrug\u0103tor GreenMech QuadChip 160"}]},{"@type":"WebSite","@id":"https:\/\/prochaska.eu\/ro\/#website","url":"https:\/\/prochaska.eu\/ro\/","name":"Prochaska","description":"Spezialist f\u00fcr Pflege von Gr\u00fcnfl\u00e4chen","publisher":{"@id":"https:\/\/prochaska.eu\/ro\/#organization"},"potentialAction":[{"@type":"SearchAction","target":{"@type":"EntryPoint","urlTemplate":"https:\/\/prochaska.eu\/ro\/?s={search_term_string}"},"query-input":{"@type":"PropertyValueSpecification","valueRequired":true,"valueName":"search_term_string"}}],"inLanguage":"ro-RO"},{"@type":"Organization","@id":"https:\/\/prochaska.eu\/ro\/#organization","name":"Prochaska","url":"https:\/\/prochaska.eu\/ro\/","logo":{"@type":"ImageObject","inLanguage":"ro-RO","@id":"https:\/\/prochaska.eu\/ro\/#\/schema\/logo\/image\/","url":"https:\/\/prochaska.eu\/wp-content\/uploads\/2024\/04\/Prochaska_Logo_Black-1.png","contentUrl":"https:\/\/prochaska.eu\/wp-content\/uploads\/2024\/04\/Prochaska_Logo_Black-1.png","width":796,"height":236,"caption":"Prochaska"},"image":{"@id":"https:\/\/prochaska.eu\/ro\/#\/schema\/logo\/image\/"},"sameAs":["https:\/\/www.facebook.com\/prochaska.eu\/","https:\/\/www.instagram.com\/prochaska.eu\/","https:\/\/www.linkedin.com\/company\/prochaska-handels-gmbh"]}]}},"brands":[{"id":3112,"name":"Greenmech","slug":"greenmech-ro"}],"_links":{"self":[{"href":"https:\/\/prochaska.eu\/ro\/wp-json\/wp\/v2\/product\/26013","targetHints":{"allow":["GET"]}}],"collection":[{"href":"https:\/\/prochaska.eu\/ro\/wp-json\/wp\/v2\/product"}],"about":[{"href":"https:\/\/prochaska.eu\/ro\/wp-json\/wp\/v2\/types\/product"}],"version-history":[{"count":0,"href":"https:\/\/prochaska.eu\/ro\/wp-json\/wp\/v2\/product\/26013\/revisions"}],"wp:featuredmedia":[{"embeddable":true,"href":"https:\/\/prochaska.eu\/ro\/wp-json\/wp\/v2\/media\/21333"}],"wp:attachment":[{"href":"https:\/\/prochaska.eu\/ro\/wp-json\/wp\/v2\/media?parent=26013"}],"wp:term":[{"taxonomy":"pwb-brand","embeddable":true,"href":"https:\/\/prochaska.eu\/ro\/wp-json\/wp\/v2\/pwb-brand?post=26013"},{"taxonomy":"product_brand","embeddable":true,"href":"https:\/\/prochaska.eu\/ro\/wp-json\/wp\/v2\/product_brand?post=26013"},{"taxonomy":"product_cat","embeddable":true,"href":"https:\/\/prochaska.eu\/ro\/wp-json\/wp\/v2\/product_cat?post=26013"},{"taxonomy":"product_tag","embeddable":true,"href":"https:\/\/prochaska.eu\/ro\/wp-json\/wp\/v2\/product_tag?post=26013"}],"curies":[{"name":"wp","href":"https:\/\/api.w.org\/{rel}","templated":true}]}}