{"id":26041,"date":"2018-01-30T09:19:26","date_gmt":"2018-01-30T09:19:26","guid":{"rendered":"https:\/\/prochaska.eu\/product\/greenmech-cioplitor-arborist-150\/"},"modified":"2025-04-28T09:34:28","modified_gmt":"2025-04-28T09:34:28","slug":"greenmech-cioplitor-arborist-150","status":"publish","type":"product","link":"https:\/\/prochaska.eu\/ro\/produs\/greenmech-cioplitor-arborist-150\/","title":{"rendered":"GreenMech &#8211; Cioplitor &#8211; Arborist 150"},"content":{"rendered":"<p>Toc\u0103torul de lemn Arborist 150 este ideal pentru utilizarea de c\u0103tre autorit\u0103\u021bile locale, peisagi\u0219ti \u0219i pomicultori. Ma\u0219ina este u\u0219or de utilizat, ofer\u0103 un raport excelent pre\u021b\/performan\u021b\u0103 \u0219i este, de asemenea, foarte robust\u0103. Deschiderea de alimentare este de 230 x 160 mm. Distrug\u0103torul profesional toac\u0103 materiale cu un diametru de p\u00e2n\u0103 la 15 cm. Chiar \u0219i materialul noduros este tras \u00een siguran\u021b\u0103 \u0219i u\u0219or de motorul puternic Kubota de 25 (motor diesel Kubota, E-Start) sau 37 CP (motor Vanguard EFI). Caracteristica special\u0103 a acestui toc\u0103tor de lemn este sistemul patentat de lame: lamele cu disc rotund produc a\u0219chii de lemn de calitate G30. Datorit\u0103 greut\u0103\u021bii sale totale reduse (versiunea de 25 CP: 744 kg, versiunea de 37 CP: 710 kg), ma\u0219ina de recoltat furaje este suficient de grea pentru a asigura stabilitatea necesar\u0103 \u0219i, \u00een acela\u0219i timp, suficient de u\u0219oar\u0103 pentru a fi transportat\u0103 cu un permis de conducere clasa B.<\/p>\n<h2 style=\"text-align: left;\">Beneficiile produsului<\/h2>\n<ul>\n<li>Sistem de lame cu disc: lame rotunde cu o durat\u0103 de via\u021b\u0103 de 6 ori mai mare pentru a\u0219chii de lemn de calitate G30<\/li>\n<li>Sistem f\u0103r\u0103 stres: controleaz\u0103 alimentarea cu material \u0219i previne supra\u00eenc\u0103rcarea motorului<\/li>\n<li>Greutate redus\u0103: La 744 kg sau 710 kg, Arborist 150 este unul dintre cele mai u\u0219oare toc\u0103toare de pe pia\u021b\u0103<\/li>\n<li>Permis de conducere clasa B: Datorit\u0103 greut\u0103\u021bii sale reduse, Arborist 130 poate fi transportat cu un permis de conducere clasa B<\/li>\n<li>Cherestea de lemn G30: Arborist 150 produce cherestea de lemn \u00een conformitate cu \u00d6-Norm \u0219i calitatea G30<\/li>\n<\/ul>\n<p><iframe title=\"GreenMech Arborist 150\" width=\"800\" height=\"450\" src=\"https:\/\/www.youtube.com\/embed\/I-DyW4U_H_k?feature=oembed\" frameborder=\"0\" allow=\"accelerometer; autoplay; clipboard-write; encrypted-media; gyroscope; picture-in-picture; web-share\" referrerpolicy=\"strict-origin-when-cross-origin\" allowfullscreen><\/iframe><\/p>\n","protected":false},"excerpt":{"rendered":"<p>Toc\u0103torul profesional Arborist 150 de la GreenMech este robust, u\u0219or de utilizat \u0219i ofer\u0103 un raport excelent calitate\/pre\u021b.<\/p>\n","protected":false},"featured_media":21321,"template":"","meta":[],"pwb-brand":[3112],"product_brand":[],"product_cat":[1615],"product_tag":[],"class_list":{"0":"post-26041","1":"product","2":"type-product","3":"status-publish","4":"has-post-thumbnail","6":"pwb-brand-greenmech-ro","7":"product_cat-distrugator","9":"first","10":"instock","11":"taxable","12":"shipping-taxable","13":"purchasable","14":"product-type-variable"},"yoast_head":"<!-- This site is optimized with the Yoast SEO plugin v27.4 - https:\/\/yoast.com\/product\/yoast-seo-wordpress\/ -->\n<title>GreenMech - Cioplitor - Arborist 150 - Prochaska<\/title>\n<meta name=\"robots\" content=\"index, follow, max-snippet:-1, max-image-preview:large, max-video-preview:-1\" \/>\n<link rel=\"canonical\" href=\"https:\/\/prochaska.eu\/ro\/produs\/greenmech-cioplitor-arborist-150\/\" \/>\n<meta property=\"og:locale\" content=\"ro_RO\" \/>\n<meta property=\"og:type\" content=\"article\" \/>\n<meta property=\"og:title\" content=\"GreenMech - Cioplitor - Arborist 150 - Prochaska\" \/>\n<meta property=\"og:description\" content=\"Toc\u0103torul profesional Arborist 150 de la GreenMech este robust, u\u0219or de utilizat \u0219i ofer\u0103 un raport excelent calitate\/pre\u021b.\" \/>\n<meta property=\"og:url\" content=\"https:\/\/prochaska.eu\/ro\/produs\/greenmech-cioplitor-arborist-150\/\" \/>\n<meta property=\"og:site_name\" content=\"Prochaska\" \/>\n<meta property=\"article:publisher\" content=\"https:\/\/www.facebook.com\/prochaska.eu\/\" \/>\n<meta property=\"article:modified_time\" content=\"2025-04-28T09:34:28+00:00\" \/>\n<meta property=\"og:image\" content=\"https:\/\/prochaska.eu\/wp-content\/uploads\/2024\/06\/Greenmech_Haecksler_Arborist150.jpg\" \/>\n\t<meta property=\"og:image:width\" content=\"1440\" \/>\n\t<meta property=\"og:image:height\" content=\"1440\" \/>\n\t<meta property=\"og:image:type\" content=\"image\/jpeg\" \/>\n<meta name=\"twitter:card\" content=\"summary_large_image\" \/>\n<meta name=\"twitter:label1\" content=\"Timp estimat pentru citire\" \/>\n\t<meta name=\"twitter:data1\" content=\"1 minut\" \/>\n<script type=\"application\/ld+json\" class=\"yoast-schema-graph\">{\"@context\":\"https:\\\/\\\/schema.org\",\"@graph\":[{\"@type\":\"WebPage\",\"@id\":\"https:\\\/\\\/prochaska.eu\\\/ro\\\/produs\\\/greenmech-cioplitor-arborist-150\\\/\",\"url\":\"https:\\\/\\\/prochaska.eu\\\/ro\\\/produs\\\/greenmech-cioplitor-arborist-150\\\/\",\"name\":\"GreenMech - Cioplitor - Arborist 150 - Prochaska\",\"isPartOf\":{\"@id\":\"https:\\\/\\\/prochaska.eu\\\/ro\\\/#website\"},\"primaryImageOfPage\":{\"@id\":\"https:\\\/\\\/prochaska.eu\\\/ro\\\/produs\\\/greenmech-cioplitor-arborist-150\\\/#primaryimage\"},\"image\":{\"@id\":\"https:\\\/\\\/prochaska.eu\\\/ro\\\/produs\\\/greenmech-cioplitor-arborist-150\\\/#primaryimage\"},\"thumbnailUrl\":\"https:\\\/\\\/prochaska.eu\\\/wp-content\\\/uploads\\\/2024\\\/06\\\/Greenmech_Haecksler_Arborist150.jpg\",\"datePublished\":\"2018-01-30T09:19:26+00:00\",\"dateModified\":\"2025-04-28T09:34:28+00:00\",\"breadcrumb\":{\"@id\":\"https:\\\/\\\/prochaska.eu\\\/ro\\\/produs\\\/greenmech-cioplitor-arborist-150\\\/#breadcrumb\"},\"inLanguage\":\"ro-RO\",\"potentialAction\":[{\"@type\":\"ReadAction\",\"target\":[\"https:\\\/\\\/prochaska.eu\\\/ro\\\/produs\\\/greenmech-cioplitor-arborist-150\\\/\"]}]},{\"@type\":\"ImageObject\",\"inLanguage\":\"ro-RO\",\"@id\":\"https:\\\/\\\/prochaska.eu\\\/ro\\\/produs\\\/greenmech-cioplitor-arborist-150\\\/#primaryimage\",\"url\":\"https:\\\/\\\/prochaska.eu\\\/wp-content\\\/uploads\\\/2024\\\/06\\\/Greenmech_Haecksler_Arborist150.jpg\",\"contentUrl\":\"https:\\\/\\\/prochaska.eu\\\/wp-content\\\/uploads\\\/2024\\\/06\\\/Greenmech_Haecksler_Arborist150.jpg\",\"width\":1440,\"height\":1440},{\"@type\":\"BreadcrumbList\",\"@id\":\"https:\\\/\\\/prochaska.eu\\\/ro\\\/produs\\\/greenmech-cioplitor-arborist-150\\\/#breadcrumb\",\"itemListElement\":[{\"@type\":\"ListItem\",\"position\":1,\"name\":\"Home\",\"item\":\"https:\\\/\\\/prochaska.eu\\\/ro\\\/\"},{\"@type\":\"ListItem\",\"position\":2,\"name\":\"Shop\",\"item\":\"https:\\\/\\\/prochaska.eu\\\/ro\\\/shop\\\/\"},{\"@type\":\"ListItem\",\"position\":3,\"name\":\"GreenMech &#8211; Cioplitor &#8211; Arborist 150\"}]},{\"@type\":\"WebSite\",\"@id\":\"https:\\\/\\\/prochaska.eu\\\/ro\\\/#website\",\"url\":\"https:\\\/\\\/prochaska.eu\\\/ro\\\/\",\"name\":\"Prochaska\",\"description\":\"Spezialist f\u00fcr Pflege von Gr\u00fcnfl\u00e4chen\",\"publisher\":{\"@id\":\"https:\\\/\\\/prochaska.eu\\\/ro\\\/#organization\"},\"potentialAction\":[{\"@type\":\"SearchAction\",\"target\":{\"@type\":\"EntryPoint\",\"urlTemplate\":\"https:\\\/\\\/prochaska.eu\\\/ro\\\/?s={search_term_string}\"},\"query-input\":{\"@type\":\"PropertyValueSpecification\",\"valueRequired\":true,\"valueName\":\"search_term_string\"}}],\"inLanguage\":\"ro-RO\"},{\"@type\":\"Organization\",\"@id\":\"https:\\\/\\\/prochaska.eu\\\/ro\\\/#organization\",\"name\":\"Prochaska\",\"url\":\"https:\\\/\\\/prochaska.eu\\\/ro\\\/\",\"logo\":{\"@type\":\"ImageObject\",\"inLanguage\":\"ro-RO\",\"@id\":\"https:\\\/\\\/prochaska.eu\\\/ro\\\/#\\\/schema\\\/logo\\\/image\\\/\",\"url\":\"https:\\\/\\\/prochaska.eu\\\/wp-content\\\/uploads\\\/2024\\\/04\\\/Prochaska_Logo_Black-1.png\",\"contentUrl\":\"https:\\\/\\\/prochaska.eu\\\/wp-content\\\/uploads\\\/2024\\\/04\\\/Prochaska_Logo_Black-1.png\",\"width\":796,\"height\":236,\"caption\":\"Prochaska\"},\"image\":{\"@id\":\"https:\\\/\\\/prochaska.eu\\\/ro\\\/#\\\/schema\\\/logo\\\/image\\\/\"},\"sameAs\":[\"https:\\\/\\\/www.facebook.com\\\/prochaska.eu\\\/\",\"https:\\\/\\\/www.instagram.com\\\/prochaska.eu\\\/\",\"https:\\\/\\\/www.linkedin.com\\\/company\\\/prochaska-handels-gmbh\"]}]}<\/script>\n<!-- \/ Yoast SEO plugin. -->","yoast_head_json":{"title":"GreenMech - Cioplitor - Arborist 150 - Prochaska","robots":{"index":"index","follow":"follow","max-snippet":"max-snippet:-1","max-image-preview":"max-image-preview:large","max-video-preview":"max-video-preview:-1"},"canonical":"https:\/\/prochaska.eu\/ro\/produs\/greenmech-cioplitor-arborist-150\/","og_locale":"ro_RO","og_type":"article","og_title":"GreenMech - Cioplitor - Arborist 150 - Prochaska","og_description":"Toc\u0103torul profesional Arborist 150 de la GreenMech este robust, u\u0219or de utilizat \u0219i ofer\u0103 un raport excelent calitate\/pre\u021b.","og_url":"https:\/\/prochaska.eu\/ro\/produs\/greenmech-cioplitor-arborist-150\/","og_site_name":"Prochaska","article_publisher":"https:\/\/www.facebook.com\/prochaska.eu\/","article_modified_time":"2025-04-28T09:34:28+00:00","og_image":[{"width":1440,"height":1440,"url":"https:\/\/prochaska.eu\/wp-content\/uploads\/2024\/06\/Greenmech_Haecksler_Arborist150.jpg","type":"image\/jpeg"}],"twitter_card":"summary_large_image","twitter_misc":{"Timp estimat pentru citire":"1 minut"},"schema":{"@context":"https:\/\/schema.org","@graph":[{"@type":"WebPage","@id":"https:\/\/prochaska.eu\/ro\/produs\/greenmech-cioplitor-arborist-150\/","url":"https:\/\/prochaska.eu\/ro\/produs\/greenmech-cioplitor-arborist-150\/","name":"GreenMech - Cioplitor - Arborist 150 - Prochaska","isPartOf":{"@id":"https:\/\/prochaska.eu\/ro\/#website"},"primaryImageOfPage":{"@id":"https:\/\/prochaska.eu\/ro\/produs\/greenmech-cioplitor-arborist-150\/#primaryimage"},"image":{"@id":"https:\/\/prochaska.eu\/ro\/produs\/greenmech-cioplitor-arborist-150\/#primaryimage"},"thumbnailUrl":"https:\/\/prochaska.eu\/wp-content\/uploads\/2024\/06\/Greenmech_Haecksler_Arborist150.jpg","datePublished":"2018-01-30T09:19:26+00:00","dateModified":"2025-04-28T09:34:28+00:00","breadcrumb":{"@id":"https:\/\/prochaska.eu\/ro\/produs\/greenmech-cioplitor-arborist-150\/#breadcrumb"},"inLanguage":"ro-RO","potentialAction":[{"@type":"ReadAction","target":["https:\/\/prochaska.eu\/ro\/produs\/greenmech-cioplitor-arborist-150\/"]}]},{"@type":"ImageObject","inLanguage":"ro-RO","@id":"https:\/\/prochaska.eu\/ro\/produs\/greenmech-cioplitor-arborist-150\/#primaryimage","url":"https:\/\/prochaska.eu\/wp-content\/uploads\/2024\/06\/Greenmech_Haecksler_Arborist150.jpg","contentUrl":"https:\/\/prochaska.eu\/wp-content\/uploads\/2024\/06\/Greenmech_Haecksler_Arborist150.jpg","width":1440,"height":1440},{"@type":"BreadcrumbList","@id":"https:\/\/prochaska.eu\/ro\/produs\/greenmech-cioplitor-arborist-150\/#breadcrumb","itemListElement":[{"@type":"ListItem","position":1,"name":"Home","item":"https:\/\/prochaska.eu\/ro\/"},{"@type":"ListItem","position":2,"name":"Shop","item":"https:\/\/prochaska.eu\/ro\/shop\/"},{"@type":"ListItem","position":3,"name":"GreenMech &#8211; Cioplitor &#8211; Arborist 150"}]},{"@type":"WebSite","@id":"https:\/\/prochaska.eu\/ro\/#website","url":"https:\/\/prochaska.eu\/ro\/","name":"Prochaska","description":"Spezialist f\u00fcr Pflege von Gr\u00fcnfl\u00e4chen","publisher":{"@id":"https:\/\/prochaska.eu\/ro\/#organization"},"potentialAction":[{"@type":"SearchAction","target":{"@type":"EntryPoint","urlTemplate":"https:\/\/prochaska.eu\/ro\/?s={search_term_string}"},"query-input":{"@type":"PropertyValueSpecification","valueRequired":true,"valueName":"search_term_string"}}],"inLanguage":"ro-RO"},{"@type":"Organization","@id":"https:\/\/prochaska.eu\/ro\/#organization","name":"Prochaska","url":"https:\/\/prochaska.eu\/ro\/","logo":{"@type":"ImageObject","inLanguage":"ro-RO","@id":"https:\/\/prochaska.eu\/ro\/#\/schema\/logo\/image\/","url":"https:\/\/prochaska.eu\/wp-content\/uploads\/2024\/04\/Prochaska_Logo_Black-1.png","contentUrl":"https:\/\/prochaska.eu\/wp-content\/uploads\/2024\/04\/Prochaska_Logo_Black-1.png","width":796,"height":236,"caption":"Prochaska"},"image":{"@id":"https:\/\/prochaska.eu\/ro\/#\/schema\/logo\/image\/"},"sameAs":["https:\/\/www.facebook.com\/prochaska.eu\/","https:\/\/www.instagram.com\/prochaska.eu\/","https:\/\/www.linkedin.com\/company\/prochaska-handels-gmbh"]}]}},"brands":[{"id":3112,"name":"Greenmech","slug":"greenmech-ro"}],"_links":{"self":[{"href":"https:\/\/prochaska.eu\/ro\/wp-json\/wp\/v2\/product\/26041","targetHints":{"allow":["GET"]}}],"collection":[{"href":"https:\/\/prochaska.eu\/ro\/wp-json\/wp\/v2\/product"}],"about":[{"href":"https:\/\/prochaska.eu\/ro\/wp-json\/wp\/v2\/types\/product"}],"version-history":[{"count":0,"href":"https:\/\/prochaska.eu\/ro\/wp-json\/wp\/v2\/product\/26041\/revisions"}],"wp:featuredmedia":[{"embeddable":true,"href":"https:\/\/prochaska.eu\/ro\/wp-json\/wp\/v2\/media\/21321"}],"wp:attachment":[{"href":"https:\/\/prochaska.eu\/ro\/wp-json\/wp\/v2\/media?parent=26041"}],"wp:term":[{"taxonomy":"pwb-brand","embeddable":true,"href":"https:\/\/prochaska.eu\/ro\/wp-json\/wp\/v2\/pwb-brand?post=26041"},{"taxonomy":"product_brand","embeddable":true,"href":"https:\/\/prochaska.eu\/ro\/wp-json\/wp\/v2\/product_brand?post=26041"},{"taxonomy":"product_cat","embeddable":true,"href":"https:\/\/prochaska.eu\/ro\/wp-json\/wp\/v2\/product_cat?post=26041"},{"taxonomy":"product_tag","embeddable":true,"href":"https:\/\/prochaska.eu\/ro\/wp-json\/wp\/v2\/product_tag?post=26041"}],"curies":[{"name":"wp","href":"https:\/\/api.w.org\/{rel}","templated":true}]}}