{"id":26045,"date":"2018-01-30T09:18:32","date_gmt":"2018-01-30T09:18:32","guid":{"rendered":"https:\/\/prochaska.eu\/product\/greenmech-cioplitor-arborist-130\/"},"modified":"2025-04-28T09:34:43","modified_gmt":"2025-04-28T09:34:43","slug":"greenmech-cioplitor-arborist-130","status":"publish","type":"product","link":"https:\/\/prochaska.eu\/ro\/produs\/greenmech-cioplitor-arborist-130\/","title":{"rendered":"GreenMech &#8211; Cioplitor &#8211; Arborist 130"},"content":{"rendered":"<p style=\"text-align: center;\">Distrug\u0103torul cu remorc\u0103 Arborist 130 este ideal pentru utilizarea de c\u0103tre autorit\u0103\u021bile locale mici, \u00een cimitire, dar \u0219i pentru arboricultori \u0219i alte aplica\u021bii. Ma\u0219ina este robust\u0103, u\u0219or de utilizat \u0219i ofer\u0103 un raport excelent calitate\/pre\u021b. Cu un diametru maxim al trunchiului de 130 mm \u0219i o deschidere de alimentare de 230 x 160 mm, toc\u0103torul de lemn Arborist 130 de la GreenMech are dimensiunea ideal\u0103 pentru \u00eentre\u021binerea spa\u021biilor verzi. Caracteristica special\u0103 a acestui model este sistemul patentat de lame: patru lame rotunde cu disc produc a\u0219chii de lemn de calitate G30, care pot fi utilizate \u0219i pentru \u00eenc\u0103lzire. Greutatea total\u0103 redus\u0103 a distrug\u0103torului de 670 kg asigur\u0103 stabilitatea necesar\u0103. \u00cen acela\u0219i timp, ma\u0219ina este suficient de u\u0219oar\u0103 pentru a fi transportat\u0103 cu un permis de conducere clasa B.<\/p>\n<h2 style=\"text-align: left;\">Beneficiile produsului<\/h2>\n<ul>\n<li style=\"text-align: left;\">Sistem de lame cu disc: lame rotunde cu o durat\u0103 de via\u021b\u0103 de 6 ori mai mare pentru a\u0219chii de lemn de calitate G30<\/li>\n<li style=\"text-align: left;\">Sistem f\u0103r\u0103 stres: controleaz\u0103 alimentarea cu material \u0219i previne supra\u00eenc\u0103rcarea motorului<\/li>\n<li style=\"text-align: left;\">Greutate redus\u0103: La 670 kg, Arborist 130 este unul dintre cele mai u\u0219oare toc\u0103toare de pe pia\u021b\u0103<\/li>\n<li style=\"text-align: left;\">Permis de conducere clasa B: Datorit\u0103 greut\u0103\u021bii sale reduse, Arborist 130 poate fi transportat cu un permis de conducere clasa B<\/li>\n<li style=\"text-align: left;\">T\u0103ieturi de lemn G30: Arboristul 130 produce t\u0103ieturi de lemn \u00een conformitate cu \u00d6-Norm \u0219i calitatea G30<\/li>\n<\/ul>\n<p><iframe title=\"GreenMech Arborist 130\" width=\"800\" height=\"450\" src=\"https:\/\/www.youtube.com\/embed\/j5TSavWZMyg?feature=oembed\" frameborder=\"0\" allow=\"accelerometer; autoplay; clipboard-write; encrypted-media; gyroscope; picture-in-picture; web-share\" referrerpolicy=\"strict-origin-when-cross-origin\" allowfullscreen><\/iframe><\/p>\n","protected":false},"excerpt":{"rendered":"<p>Toc\u0103torul profesional Arborist 130 de la GreenMech este robust, u\u0219or de utilizat \u0219i ofer\u0103 un raport excelent calitate\/pre\u021b.<\/p>\n","protected":false},"featured_media":21309,"template":"","meta":[],"pwb-brand":[3112],"product_brand":[],"product_cat":[1615],"product_tag":[],"class_list":{"0":"post-26045","1":"product","2":"type-product","3":"status-publish","4":"has-post-thumbnail","6":"pwb-brand-greenmech-ro","7":"product_cat-distrugator","9":"first","10":"instock","11":"taxable","12":"shipping-taxable","13":"product-type-simple"},"yoast_head":"<!-- This site is optimized with the Yoast SEO plugin v27.5 - https:\/\/yoast.com\/product\/yoast-seo-wordpress\/ -->\n<title>GreenMech - Cioplitor - Arborist 130 - Prochaska<\/title>\n<meta name=\"robots\" content=\"index, follow, max-snippet:-1, max-image-preview:large, max-video-preview:-1\" \/>\n<link rel=\"canonical\" href=\"https:\/\/prochaska.eu\/ro\/produs\/greenmech-cioplitor-arborist-130\/\" \/>\n<meta property=\"og:locale\" content=\"ro_RO\" \/>\n<meta property=\"og:type\" content=\"article\" \/>\n<meta property=\"og:title\" content=\"GreenMech - Cioplitor - Arborist 130 - Prochaska\" \/>\n<meta property=\"og:description\" content=\"Toc\u0103torul profesional Arborist 130 de la GreenMech este robust, u\u0219or de utilizat \u0219i ofer\u0103 un raport excelent calitate\/pre\u021b.\" \/>\n<meta property=\"og:url\" content=\"https:\/\/prochaska.eu\/ro\/produs\/greenmech-cioplitor-arborist-130\/\" \/>\n<meta property=\"og:site_name\" content=\"Prochaska\" \/>\n<meta property=\"article:publisher\" content=\"https:\/\/www.facebook.com\/prochaska.eu\/\" \/>\n<meta property=\"article:modified_time\" content=\"2025-04-28T09:34:43+00:00\" \/>\n<meta property=\"og:image\" content=\"https:\/\/prochaska.eu\/wp-content\/uploads\/2024\/06\/GreenMech_Haecksler_Arborist130.jpg\" \/>\n\t<meta property=\"og:image:width\" content=\"1441\" \/>\n\t<meta property=\"og:image:height\" content=\"1440\" \/>\n\t<meta property=\"og:image:type\" content=\"image\/jpeg\" \/>\n<meta name=\"twitter:card\" content=\"summary_large_image\" \/>\n<meta name=\"twitter:label1\" content=\"Timp estimat pentru citire\" \/>\n\t<meta name=\"twitter:data1\" content=\"1 minut\" \/>\n<script type=\"application\/ld+json\" class=\"yoast-schema-graph\">{\"@context\":\"https:\\\/\\\/schema.org\",\"@graph\":[{\"@type\":\"WebPage\",\"@id\":\"https:\\\/\\\/prochaska.eu\\\/ro\\\/produs\\\/greenmech-cioplitor-arborist-130\\\/\",\"url\":\"https:\\\/\\\/prochaska.eu\\\/ro\\\/produs\\\/greenmech-cioplitor-arborist-130\\\/\",\"name\":\"GreenMech - Cioplitor - Arborist 130 - Prochaska\",\"isPartOf\":{\"@id\":\"https:\\\/\\\/prochaska.eu\\\/ro\\\/#website\"},\"primaryImageOfPage\":{\"@id\":\"https:\\\/\\\/prochaska.eu\\\/ro\\\/produs\\\/greenmech-cioplitor-arborist-130\\\/#primaryimage\"},\"image\":{\"@id\":\"https:\\\/\\\/prochaska.eu\\\/ro\\\/produs\\\/greenmech-cioplitor-arborist-130\\\/#primaryimage\"},\"thumbnailUrl\":\"https:\\\/\\\/prochaska.eu\\\/wp-content\\\/uploads\\\/2024\\\/06\\\/GreenMech_Haecksler_Arborist130.jpg\",\"datePublished\":\"2018-01-30T09:18:32+00:00\",\"dateModified\":\"2025-04-28T09:34:43+00:00\",\"breadcrumb\":{\"@id\":\"https:\\\/\\\/prochaska.eu\\\/ro\\\/produs\\\/greenmech-cioplitor-arborist-130\\\/#breadcrumb\"},\"inLanguage\":\"ro-RO\",\"potentialAction\":[{\"@type\":\"ReadAction\",\"target\":[\"https:\\\/\\\/prochaska.eu\\\/ro\\\/produs\\\/greenmech-cioplitor-arborist-130\\\/\"]}]},{\"@type\":\"ImageObject\",\"inLanguage\":\"ro-RO\",\"@id\":\"https:\\\/\\\/prochaska.eu\\\/ro\\\/produs\\\/greenmech-cioplitor-arborist-130\\\/#primaryimage\",\"url\":\"https:\\\/\\\/prochaska.eu\\\/wp-content\\\/uploads\\\/2024\\\/06\\\/GreenMech_Haecksler_Arborist130.jpg\",\"contentUrl\":\"https:\\\/\\\/prochaska.eu\\\/wp-content\\\/uploads\\\/2024\\\/06\\\/GreenMech_Haecksler_Arborist130.jpg\",\"width\":1441,\"height\":1440},{\"@type\":\"BreadcrumbList\",\"@id\":\"https:\\\/\\\/prochaska.eu\\\/ro\\\/produs\\\/greenmech-cioplitor-arborist-130\\\/#breadcrumb\",\"itemListElement\":[{\"@type\":\"ListItem\",\"position\":1,\"name\":\"Home\",\"item\":\"https:\\\/\\\/prochaska.eu\\\/ro\\\/\"},{\"@type\":\"ListItem\",\"position\":2,\"name\":\"Shop\",\"item\":\"https:\\\/\\\/prochaska.eu\\\/ro\\\/shop\\\/\"},{\"@type\":\"ListItem\",\"position\":3,\"name\":\"GreenMech &#8211; Cioplitor &#8211; Arborist 130\"}]},{\"@type\":\"WebSite\",\"@id\":\"https:\\\/\\\/prochaska.eu\\\/ro\\\/#website\",\"url\":\"https:\\\/\\\/prochaska.eu\\\/ro\\\/\",\"name\":\"Prochaska\",\"description\":\"Spezialist f\u00fcr Pflege von Gr\u00fcnfl\u00e4chen\",\"publisher\":{\"@id\":\"https:\\\/\\\/prochaska.eu\\\/ro\\\/#organization\"},\"potentialAction\":[{\"@type\":\"SearchAction\",\"target\":{\"@type\":\"EntryPoint\",\"urlTemplate\":\"https:\\\/\\\/prochaska.eu\\\/ro\\\/?s={search_term_string}\"},\"query-input\":{\"@type\":\"PropertyValueSpecification\",\"valueRequired\":true,\"valueName\":\"search_term_string\"}}],\"inLanguage\":\"ro-RO\"},{\"@type\":\"Organization\",\"@id\":\"https:\\\/\\\/prochaska.eu\\\/ro\\\/#organization\",\"name\":\"Prochaska\",\"url\":\"https:\\\/\\\/prochaska.eu\\\/ro\\\/\",\"logo\":{\"@type\":\"ImageObject\",\"inLanguage\":\"ro-RO\",\"@id\":\"https:\\\/\\\/prochaska.eu\\\/ro\\\/#\\\/schema\\\/logo\\\/image\\\/\",\"url\":\"https:\\\/\\\/prochaska.eu\\\/wp-content\\\/uploads\\\/2024\\\/04\\\/Prochaska_Logo_Black-1.png\",\"contentUrl\":\"https:\\\/\\\/prochaska.eu\\\/wp-content\\\/uploads\\\/2024\\\/04\\\/Prochaska_Logo_Black-1.png\",\"width\":796,\"height\":236,\"caption\":\"Prochaska\"},\"image\":{\"@id\":\"https:\\\/\\\/prochaska.eu\\\/ro\\\/#\\\/schema\\\/logo\\\/image\\\/\"},\"sameAs\":[\"https:\\\/\\\/www.facebook.com\\\/prochaska.eu\\\/\",\"https:\\\/\\\/www.instagram.com\\\/prochaska.eu\\\/\",\"https:\\\/\\\/www.linkedin.com\\\/company\\\/prochaska-handels-gmbh\"]}]}<\/script>\n<!-- \/ Yoast SEO plugin. -->","yoast_head_json":{"title":"GreenMech - Cioplitor - Arborist 130 - Prochaska","robots":{"index":"index","follow":"follow","max-snippet":"max-snippet:-1","max-image-preview":"max-image-preview:large","max-video-preview":"max-video-preview:-1"},"canonical":"https:\/\/prochaska.eu\/ro\/produs\/greenmech-cioplitor-arborist-130\/","og_locale":"ro_RO","og_type":"article","og_title":"GreenMech - Cioplitor - Arborist 130 - Prochaska","og_description":"Toc\u0103torul profesional Arborist 130 de la GreenMech este robust, u\u0219or de utilizat \u0219i ofer\u0103 un raport excelent calitate\/pre\u021b.","og_url":"https:\/\/prochaska.eu\/ro\/produs\/greenmech-cioplitor-arborist-130\/","og_site_name":"Prochaska","article_publisher":"https:\/\/www.facebook.com\/prochaska.eu\/","article_modified_time":"2025-04-28T09:34:43+00:00","og_image":[{"width":1441,"height":1440,"url":"https:\/\/prochaska.eu\/wp-content\/uploads\/2024\/06\/GreenMech_Haecksler_Arborist130.jpg","type":"image\/jpeg"}],"twitter_card":"summary_large_image","twitter_misc":{"Timp estimat pentru citire":"1 minut"},"schema":{"@context":"https:\/\/schema.org","@graph":[{"@type":"WebPage","@id":"https:\/\/prochaska.eu\/ro\/produs\/greenmech-cioplitor-arborist-130\/","url":"https:\/\/prochaska.eu\/ro\/produs\/greenmech-cioplitor-arborist-130\/","name":"GreenMech - Cioplitor - Arborist 130 - Prochaska","isPartOf":{"@id":"https:\/\/prochaska.eu\/ro\/#website"},"primaryImageOfPage":{"@id":"https:\/\/prochaska.eu\/ro\/produs\/greenmech-cioplitor-arborist-130\/#primaryimage"},"image":{"@id":"https:\/\/prochaska.eu\/ro\/produs\/greenmech-cioplitor-arborist-130\/#primaryimage"},"thumbnailUrl":"https:\/\/prochaska.eu\/wp-content\/uploads\/2024\/06\/GreenMech_Haecksler_Arborist130.jpg","datePublished":"2018-01-30T09:18:32+00:00","dateModified":"2025-04-28T09:34:43+00:00","breadcrumb":{"@id":"https:\/\/prochaska.eu\/ro\/produs\/greenmech-cioplitor-arborist-130\/#breadcrumb"},"inLanguage":"ro-RO","potentialAction":[{"@type":"ReadAction","target":["https:\/\/prochaska.eu\/ro\/produs\/greenmech-cioplitor-arborist-130\/"]}]},{"@type":"ImageObject","inLanguage":"ro-RO","@id":"https:\/\/prochaska.eu\/ro\/produs\/greenmech-cioplitor-arborist-130\/#primaryimage","url":"https:\/\/prochaska.eu\/wp-content\/uploads\/2024\/06\/GreenMech_Haecksler_Arborist130.jpg","contentUrl":"https:\/\/prochaska.eu\/wp-content\/uploads\/2024\/06\/GreenMech_Haecksler_Arborist130.jpg","width":1441,"height":1440},{"@type":"BreadcrumbList","@id":"https:\/\/prochaska.eu\/ro\/produs\/greenmech-cioplitor-arborist-130\/#breadcrumb","itemListElement":[{"@type":"ListItem","position":1,"name":"Home","item":"https:\/\/prochaska.eu\/ro\/"},{"@type":"ListItem","position":2,"name":"Shop","item":"https:\/\/prochaska.eu\/ro\/shop\/"},{"@type":"ListItem","position":3,"name":"GreenMech &#8211; Cioplitor &#8211; Arborist 130"}]},{"@type":"WebSite","@id":"https:\/\/prochaska.eu\/ro\/#website","url":"https:\/\/prochaska.eu\/ro\/","name":"Prochaska","description":"Spezialist f\u00fcr Pflege von Gr\u00fcnfl\u00e4chen","publisher":{"@id":"https:\/\/prochaska.eu\/ro\/#organization"},"potentialAction":[{"@type":"SearchAction","target":{"@type":"EntryPoint","urlTemplate":"https:\/\/prochaska.eu\/ro\/?s={search_term_string}"},"query-input":{"@type":"PropertyValueSpecification","valueRequired":true,"valueName":"search_term_string"}}],"inLanguage":"ro-RO"},{"@type":"Organization","@id":"https:\/\/prochaska.eu\/ro\/#organization","name":"Prochaska","url":"https:\/\/prochaska.eu\/ro\/","logo":{"@type":"ImageObject","inLanguage":"ro-RO","@id":"https:\/\/prochaska.eu\/ro\/#\/schema\/logo\/image\/","url":"https:\/\/prochaska.eu\/wp-content\/uploads\/2024\/04\/Prochaska_Logo_Black-1.png","contentUrl":"https:\/\/prochaska.eu\/wp-content\/uploads\/2024\/04\/Prochaska_Logo_Black-1.png","width":796,"height":236,"caption":"Prochaska"},"image":{"@id":"https:\/\/prochaska.eu\/ro\/#\/schema\/logo\/image\/"},"sameAs":["https:\/\/www.facebook.com\/prochaska.eu\/","https:\/\/www.instagram.com\/prochaska.eu\/","https:\/\/www.linkedin.com\/company\/prochaska-handels-gmbh"]}]}},"brands":[{"id":3112,"name":"Greenmech","slug":"greenmech-ro"}],"_links":{"self":[{"href":"https:\/\/prochaska.eu\/ro\/wp-json\/wp\/v2\/product\/26045","targetHints":{"allow":["GET"]}}],"collection":[{"href":"https:\/\/prochaska.eu\/ro\/wp-json\/wp\/v2\/product"}],"about":[{"href":"https:\/\/prochaska.eu\/ro\/wp-json\/wp\/v2\/types\/product"}],"version-history":[{"count":0,"href":"https:\/\/prochaska.eu\/ro\/wp-json\/wp\/v2\/product\/26045\/revisions"}],"wp:featuredmedia":[{"embeddable":true,"href":"https:\/\/prochaska.eu\/ro\/wp-json\/wp\/v2\/media\/21309"}],"wp:attachment":[{"href":"https:\/\/prochaska.eu\/ro\/wp-json\/wp\/v2\/media?parent=26045"}],"wp:term":[{"taxonomy":"pwb-brand","embeddable":true,"href":"https:\/\/prochaska.eu\/ro\/wp-json\/wp\/v2\/pwb-brand?post=26045"},{"taxonomy":"product_brand","embeddable":true,"href":"https:\/\/prochaska.eu\/ro\/wp-json\/wp\/v2\/product_brand?post=26045"},{"taxonomy":"product_cat","embeddable":true,"href":"https:\/\/prochaska.eu\/ro\/wp-json\/wp\/v2\/product_cat?post=26045"},{"taxonomy":"product_tag","embeddable":true,"href":"https:\/\/prochaska.eu\/ro\/wp-json\/wp\/v2\/product_tag?post=26045"}],"curies":[{"name":"wp","href":"https:\/\/api.w.org\/{rel}","templated":true}]}}