{"id":26049,"date":"2019-04-09T14:59:04","date_gmt":"2019-04-09T14:59:04","guid":{"rendered":"https:\/\/prochaska.eu\/product\/toro-zeroturn-titan-zxm4875-myride-74890\/"},"modified":"2019-04-09T14:59:04","modified_gmt":"2019-04-09T14:59:04","slug":"toro-zeroturn-titan-zxm4875-myride-74890","status":"publish","type":"product","link":"https:\/\/prochaska.eu\/ro\/produs\/toro-zeroturn-titan-zxm4875-myride-74890\/","title":{"rendered":"Toro &#8211; ZeroTurn &#8211; Titan ZXM4875 &#8211; MyRide &#8211; 74890"},"content":{"rendered":"<p style=\"text-align: left;\">Motocoasa cu tura\u021bie zero, modelul Toro Titan ZXM4875, are o l\u0103\u021bime de t\u0103iere de 122 cm \u0219i este potrivit\u0103 pentru zone verzi de p\u00e2n\u0103 la 10.000 m\u00b2 \u0219i mai mult. Cositoarea este echipat\u0103 cu sistemul de suspensie MyRide. Acest lucru \u00eenseamn\u0103 c\u0103 mi\u0219carea platformei scaunului \u0219oferului este amortizat\u0103 \u0219i este garantat\u0103 o c\u0103l\u0103torie mai confortabil\u0103 dec\u00e2t \u00een cazul unui scaun cu suspensie standard. Amortizoarele hidraulice \u0219i montan\u021bii reglabili ai suspensiei asigur\u0103 o rulare mai lin\u0103. Manetele de control fac ca dispozitivul s\u0103 fie u\u0219or de utilizat \u0219i u\u0219or de condus. Designul robust asigur\u0103 faptul c\u0103 motocoasa poate rezista chiar \u0219i \u00een cele mai dificile condi\u021bii.<\/p>\n<h2 style=\"text-align: left;\">Beneficiile produsului<\/h2>\n<ul>\n<li style=\"text-align: left;\">L\u0103\u021bime de t\u0103iere de 122 cm pentru suprafe\u021be de p\u00e2n\u0103 la 10.000 m\u00b2 \u0219i mai mult<\/li>\n<li style=\"text-align: left;\">Reglarea \u00een\u0103l\u021bimii 38 &#8211; 114 mm (reglabil \u00een 13 direc\u021bii)<\/li>\n<li style=\"text-align: left;\">Sistemul de suspensie MyRide pentru o munc\u0103 confortabil\u0103 datorit\u0103 izol\u0103rii vibra\u021biilor<\/li>\n<li style=\"text-align: left;\">Motor Kohler V-Twin de \u00eenalt\u0103 calitate cu 725 cm\u00b3<\/li>\n<li style=\"text-align: left;\">P\u00e2n\u0103 la 13 km\/h<\/li>\n<li>Ajustarea \u00een\u0103l\u021bimii de t\u0103iere cu ajutorul piciorului 11,4 cm<\/li>\n<li>Controlul armurii<\/li>\n<li>Hidrostat dublu<\/li>\n<\/ul>\n<h2 style=\"text-align: left;\">Accesorii op\u021bionale<\/h2>\n<ul>\n<li style=\"text-align: left;\">Lam\u0103 de schimb Toro 115-4999-03<\/li>\n<li>Capac Toro Deluxe (Timecutter) 490-7319<\/li>\n<li>Cutie de colectare a ierbii 79348 \u0219i kit de montare 120-7123<\/li>\n<\/ul>\n<p>&nbsp;<\/p>\n<p><iframe title=\"Get The Best Cut Lawn with a Toro\u00ae TimeCutter\u00ae Zero Turn\" width=\"800\" height=\"450\" src=\"https:\/\/www.youtube.com\/embed\/Rnf_MVAqTlM?feature=oembed\" frameborder=\"0\" allow=\"accelerometer; autoplay; clipboard-write; encrypted-media; gyroscope; picture-in-picture; web-share\" referrerpolicy=\"strict-origin-when-cross-origin\" allowfullscreen><\/iframe><\/p>\n","protected":false},"excerpt":{"rendered":"<p>Titan ZXM4875 MyRide de la Toro este ideal pentru cosirea suprafe\u021belor de p\u00e2n\u0103 la 10.000 m\u00b2 \u0219i mai mult.<\/p>\n","protected":false},"featured_media":21417,"template":"","meta":[],"pwb-brand":[3073],"product_brand":[],"product_cat":[1149,1298],"product_tag":[],"class_list":{"0":"post-26049","1":"product","2":"type-product","3":"status-publish","4":"has-post-thumbnail","6":"pwb-brand-toro-ro","7":"product_cat-cositoare-de-gazon","8":"product_cat-zero-viraje-ro-2","10":"first","11":"instock","12":"taxable","13":"shipping-taxable","14":"purchasable","15":"product-type-simple"},"yoast_head":"<!-- This site is optimized with the Yoast SEO plugin v27.4 - https:\/\/yoast.com\/product\/yoast-seo-wordpress\/ -->\n<title>Toro - ZeroTurn - Titan ZXM4875 - MyRide - 74890 - Prochaska<\/title>\n<meta name=\"robots\" content=\"index, follow, max-snippet:-1, max-image-preview:large, max-video-preview:-1\" \/>\n<link rel=\"canonical\" href=\"https:\/\/prochaska.eu\/ro\/produs\/toro-zeroturn-titan-zxm4875-myride-74890\/\" \/>\n<meta property=\"og:locale\" content=\"ro_RO\" \/>\n<meta property=\"og:type\" content=\"article\" \/>\n<meta property=\"og:title\" content=\"Toro - ZeroTurn - Titan ZXM4875 - MyRide - 74890 - Prochaska\" \/>\n<meta property=\"og:description\" content=\"Titan ZXM4875 MyRide de la Toro este ideal pentru cosirea suprafe\u021belor de p\u00e2n\u0103 la 10.000 m\u00b2 \u0219i mai mult.\" \/>\n<meta property=\"og:url\" content=\"https:\/\/prochaska.eu\/ro\/produs\/toro-zeroturn-titan-zxm4875-myride-74890\/\" \/>\n<meta property=\"og:site_name\" content=\"Prochaska\" \/>\n<meta property=\"article:publisher\" content=\"https:\/\/www.facebook.com\/prochaska.eu\/\" \/>\n<meta property=\"og:image\" content=\"https:\/\/prochaska.eu\/wp-content\/uploads\/2024\/06\/zxm4875.png\" \/>\n\t<meta property=\"og:image:width\" content=\"836\" \/>\n\t<meta property=\"og:image:height\" content=\"715\" \/>\n\t<meta property=\"og:image:type\" content=\"image\/png\" \/>\n<meta name=\"twitter:card\" content=\"summary_large_image\" \/>\n<meta name=\"twitter:label1\" content=\"Timp estimat pentru citire\" \/>\n\t<meta name=\"twitter:data1\" content=\"1 minut\" \/>\n<script type=\"application\/ld+json\" class=\"yoast-schema-graph\">{\"@context\":\"https:\\\/\\\/schema.org\",\"@graph\":[{\"@type\":\"WebPage\",\"@id\":\"https:\\\/\\\/prochaska.eu\\\/ro\\\/produs\\\/toro-zeroturn-titan-zxm4875-myride-74890\\\/\",\"url\":\"https:\\\/\\\/prochaska.eu\\\/ro\\\/produs\\\/toro-zeroturn-titan-zxm4875-myride-74890\\\/\",\"name\":\"Toro - ZeroTurn - Titan ZXM4875 - MyRide - 74890 - Prochaska\",\"isPartOf\":{\"@id\":\"https:\\\/\\\/prochaska.eu\\\/ro\\\/#website\"},\"primaryImageOfPage\":{\"@id\":\"https:\\\/\\\/prochaska.eu\\\/ro\\\/produs\\\/toro-zeroturn-titan-zxm4875-myride-74890\\\/#primaryimage\"},\"image\":{\"@id\":\"https:\\\/\\\/prochaska.eu\\\/ro\\\/produs\\\/toro-zeroturn-titan-zxm4875-myride-74890\\\/#primaryimage\"},\"thumbnailUrl\":\"https:\\\/\\\/prochaska.eu\\\/wp-content\\\/uploads\\\/2024\\\/06\\\/zxm4875.png\",\"datePublished\":\"2019-04-09T14:59:04+00:00\",\"breadcrumb\":{\"@id\":\"https:\\\/\\\/prochaska.eu\\\/ro\\\/produs\\\/toro-zeroturn-titan-zxm4875-myride-74890\\\/#breadcrumb\"},\"inLanguage\":\"ro-RO\",\"potentialAction\":[{\"@type\":\"ReadAction\",\"target\":[\"https:\\\/\\\/prochaska.eu\\\/ro\\\/produs\\\/toro-zeroturn-titan-zxm4875-myride-74890\\\/\"]}]},{\"@type\":\"ImageObject\",\"inLanguage\":\"ro-RO\",\"@id\":\"https:\\\/\\\/prochaska.eu\\\/ro\\\/produs\\\/toro-zeroturn-titan-zxm4875-myride-74890\\\/#primaryimage\",\"url\":\"https:\\\/\\\/prochaska.eu\\\/wp-content\\\/uploads\\\/2024\\\/06\\\/zxm4875.png\",\"contentUrl\":\"https:\\\/\\\/prochaska.eu\\\/wp-content\\\/uploads\\\/2024\\\/06\\\/zxm4875.png\",\"width\":836,\"height\":715},{\"@type\":\"BreadcrumbList\",\"@id\":\"https:\\\/\\\/prochaska.eu\\\/ro\\\/produs\\\/toro-zeroturn-titan-zxm4875-myride-74890\\\/#breadcrumb\",\"itemListElement\":[{\"@type\":\"ListItem\",\"position\":1,\"name\":\"Home\",\"item\":\"https:\\\/\\\/prochaska.eu\\\/ro\\\/\"},{\"@type\":\"ListItem\",\"position\":2,\"name\":\"Shop\",\"item\":\"https:\\\/\\\/prochaska.eu\\\/ro\\\/shop\\\/\"},{\"@type\":\"ListItem\",\"position\":3,\"name\":\"Toro &#8211; ZeroTurn &#8211; Titan ZXM4875 &#8211; MyRide &#8211; 74890\"}]},{\"@type\":\"WebSite\",\"@id\":\"https:\\\/\\\/prochaska.eu\\\/ro\\\/#website\",\"url\":\"https:\\\/\\\/prochaska.eu\\\/ro\\\/\",\"name\":\"Prochaska\",\"description\":\"Spezialist f\u00fcr Pflege von Gr\u00fcnfl\u00e4chen\",\"publisher\":{\"@id\":\"https:\\\/\\\/prochaska.eu\\\/ro\\\/#organization\"},\"potentialAction\":[{\"@type\":\"SearchAction\",\"target\":{\"@type\":\"EntryPoint\",\"urlTemplate\":\"https:\\\/\\\/prochaska.eu\\\/ro\\\/?s={search_term_string}\"},\"query-input\":{\"@type\":\"PropertyValueSpecification\",\"valueRequired\":true,\"valueName\":\"search_term_string\"}}],\"inLanguage\":\"ro-RO\"},{\"@type\":\"Organization\",\"@id\":\"https:\\\/\\\/prochaska.eu\\\/ro\\\/#organization\",\"name\":\"Prochaska\",\"url\":\"https:\\\/\\\/prochaska.eu\\\/ro\\\/\",\"logo\":{\"@type\":\"ImageObject\",\"inLanguage\":\"ro-RO\",\"@id\":\"https:\\\/\\\/prochaska.eu\\\/ro\\\/#\\\/schema\\\/logo\\\/image\\\/\",\"url\":\"https:\\\/\\\/prochaska.eu\\\/wp-content\\\/uploads\\\/2024\\\/04\\\/Prochaska_Logo_Black-1.png\",\"contentUrl\":\"https:\\\/\\\/prochaska.eu\\\/wp-content\\\/uploads\\\/2024\\\/04\\\/Prochaska_Logo_Black-1.png\",\"width\":796,\"height\":236,\"caption\":\"Prochaska\"},\"image\":{\"@id\":\"https:\\\/\\\/prochaska.eu\\\/ro\\\/#\\\/schema\\\/logo\\\/image\\\/\"},\"sameAs\":[\"https:\\\/\\\/www.facebook.com\\\/prochaska.eu\\\/\",\"https:\\\/\\\/www.instagram.com\\\/prochaska.eu\\\/\",\"https:\\\/\\\/www.linkedin.com\\\/company\\\/prochaska-handels-gmbh\"]}]}<\/script>\n<!-- \/ Yoast SEO plugin. -->","yoast_head_json":{"title":"Toro - ZeroTurn - Titan ZXM4875 - MyRide - 74890 - Prochaska","robots":{"index":"index","follow":"follow","max-snippet":"max-snippet:-1","max-image-preview":"max-image-preview:large","max-video-preview":"max-video-preview:-1"},"canonical":"https:\/\/prochaska.eu\/ro\/produs\/toro-zeroturn-titan-zxm4875-myride-74890\/","og_locale":"ro_RO","og_type":"article","og_title":"Toro - ZeroTurn - Titan ZXM4875 - MyRide - 74890 - Prochaska","og_description":"Titan ZXM4875 MyRide de la Toro este ideal pentru cosirea suprafe\u021belor de p\u00e2n\u0103 la 10.000 m\u00b2 \u0219i mai mult.","og_url":"https:\/\/prochaska.eu\/ro\/produs\/toro-zeroturn-titan-zxm4875-myride-74890\/","og_site_name":"Prochaska","article_publisher":"https:\/\/www.facebook.com\/prochaska.eu\/","og_image":[{"width":836,"height":715,"url":"https:\/\/prochaska.eu\/wp-content\/uploads\/2024\/06\/zxm4875.png","type":"image\/png"}],"twitter_card":"summary_large_image","twitter_misc":{"Timp estimat pentru citire":"1 minut"},"schema":{"@context":"https:\/\/schema.org","@graph":[{"@type":"WebPage","@id":"https:\/\/prochaska.eu\/ro\/produs\/toro-zeroturn-titan-zxm4875-myride-74890\/","url":"https:\/\/prochaska.eu\/ro\/produs\/toro-zeroturn-titan-zxm4875-myride-74890\/","name":"Toro - ZeroTurn - Titan ZXM4875 - MyRide - 74890 - Prochaska","isPartOf":{"@id":"https:\/\/prochaska.eu\/ro\/#website"},"primaryImageOfPage":{"@id":"https:\/\/prochaska.eu\/ro\/produs\/toro-zeroturn-titan-zxm4875-myride-74890\/#primaryimage"},"image":{"@id":"https:\/\/prochaska.eu\/ro\/produs\/toro-zeroturn-titan-zxm4875-myride-74890\/#primaryimage"},"thumbnailUrl":"https:\/\/prochaska.eu\/wp-content\/uploads\/2024\/06\/zxm4875.png","datePublished":"2019-04-09T14:59:04+00:00","breadcrumb":{"@id":"https:\/\/prochaska.eu\/ro\/produs\/toro-zeroturn-titan-zxm4875-myride-74890\/#breadcrumb"},"inLanguage":"ro-RO","potentialAction":[{"@type":"ReadAction","target":["https:\/\/prochaska.eu\/ro\/produs\/toro-zeroturn-titan-zxm4875-myride-74890\/"]}]},{"@type":"ImageObject","inLanguage":"ro-RO","@id":"https:\/\/prochaska.eu\/ro\/produs\/toro-zeroturn-titan-zxm4875-myride-74890\/#primaryimage","url":"https:\/\/prochaska.eu\/wp-content\/uploads\/2024\/06\/zxm4875.png","contentUrl":"https:\/\/prochaska.eu\/wp-content\/uploads\/2024\/06\/zxm4875.png","width":836,"height":715},{"@type":"BreadcrumbList","@id":"https:\/\/prochaska.eu\/ro\/produs\/toro-zeroturn-titan-zxm4875-myride-74890\/#breadcrumb","itemListElement":[{"@type":"ListItem","position":1,"name":"Home","item":"https:\/\/prochaska.eu\/ro\/"},{"@type":"ListItem","position":2,"name":"Shop","item":"https:\/\/prochaska.eu\/ro\/shop\/"},{"@type":"ListItem","position":3,"name":"Toro &#8211; ZeroTurn &#8211; Titan ZXM4875 &#8211; MyRide &#8211; 74890"}]},{"@type":"WebSite","@id":"https:\/\/prochaska.eu\/ro\/#website","url":"https:\/\/prochaska.eu\/ro\/","name":"Prochaska","description":"Spezialist f\u00fcr Pflege von Gr\u00fcnfl\u00e4chen","publisher":{"@id":"https:\/\/prochaska.eu\/ro\/#organization"},"potentialAction":[{"@type":"SearchAction","target":{"@type":"EntryPoint","urlTemplate":"https:\/\/prochaska.eu\/ro\/?s={search_term_string}"},"query-input":{"@type":"PropertyValueSpecification","valueRequired":true,"valueName":"search_term_string"}}],"inLanguage":"ro-RO"},{"@type":"Organization","@id":"https:\/\/prochaska.eu\/ro\/#organization","name":"Prochaska","url":"https:\/\/prochaska.eu\/ro\/","logo":{"@type":"ImageObject","inLanguage":"ro-RO","@id":"https:\/\/prochaska.eu\/ro\/#\/schema\/logo\/image\/","url":"https:\/\/prochaska.eu\/wp-content\/uploads\/2024\/04\/Prochaska_Logo_Black-1.png","contentUrl":"https:\/\/prochaska.eu\/wp-content\/uploads\/2024\/04\/Prochaska_Logo_Black-1.png","width":796,"height":236,"caption":"Prochaska"},"image":{"@id":"https:\/\/prochaska.eu\/ro\/#\/schema\/logo\/image\/"},"sameAs":["https:\/\/www.facebook.com\/prochaska.eu\/","https:\/\/www.instagram.com\/prochaska.eu\/","https:\/\/www.linkedin.com\/company\/prochaska-handels-gmbh"]}]}},"brands":[{"id":3073,"name":"Toro","slug":"toro-ro"}],"_links":{"self":[{"href":"https:\/\/prochaska.eu\/ro\/wp-json\/wp\/v2\/product\/26049","targetHints":{"allow":["GET"]}}],"collection":[{"href":"https:\/\/prochaska.eu\/ro\/wp-json\/wp\/v2\/product"}],"about":[{"href":"https:\/\/prochaska.eu\/ro\/wp-json\/wp\/v2\/types\/product"}],"version-history":[{"count":0,"href":"https:\/\/prochaska.eu\/ro\/wp-json\/wp\/v2\/product\/26049\/revisions"}],"wp:featuredmedia":[{"embeddable":true,"href":"https:\/\/prochaska.eu\/ro\/wp-json\/wp\/v2\/media\/21417"}],"wp:attachment":[{"href":"https:\/\/prochaska.eu\/ro\/wp-json\/wp\/v2\/media?parent=26049"}],"wp:term":[{"taxonomy":"pwb-brand","embeddable":true,"href":"https:\/\/prochaska.eu\/ro\/wp-json\/wp\/v2\/pwb-brand?post=26049"},{"taxonomy":"product_brand","embeddable":true,"href":"https:\/\/prochaska.eu\/ro\/wp-json\/wp\/v2\/product_brand?post=26049"},{"taxonomy":"product_cat","embeddable":true,"href":"https:\/\/prochaska.eu\/ro\/wp-json\/wp\/v2\/product_cat?post=26049"},{"taxonomy":"product_tag","embeddable":true,"href":"https:\/\/prochaska.eu\/ro\/wp-json\/wp\/v2\/product_tag?post=26049"}],"curies":[{"name":"wp","href":"https:\/\/api.w.org\/{rel}","templated":true}]}}