{"id":26091,"date":"2018-08-03T12:50:30","date_gmt":"2018-08-03T12:50:30","guid":{"rendered":"https:\/\/prochaska.eu\/product\/kioti-transport-utv-k9-2400-4wd-vehicul-nou\/"},"modified":"2018-08-03T12:50:30","modified_gmt":"2018-08-03T12:50:30","slug":"kioti-transport-utv-k9-2400-4wd-vehicul-nou","status":"publish","type":"product","link":"https:\/\/prochaska.eu\/ro\/produs\/kioti-transport-utv-k9-2400-4wd-vehicul-nou\/","title":{"rendered":"Kioti Transport UTV K9\/2400 4WD &#8211; Vehicul nou"},"content":{"rendered":"<h2 style=\"text-align: left;\">Func\u021bii<\/h2>\n<ul>\n<li style=\"text-align: left;\">24 CP, diesel cu 3 cilindri, 1.131 cm<\/li>\n<li style=\"text-align: left;\">40 km\/h, permis de conducere categoria B sau F<\/li>\n<li>Permis de conducere, 3 persoane<\/li>\n<li>Transmisie CVT<\/li>\n<li>Trac\u021biune integral\u0103 selectabil\u0103<\/li>\n<li>Blocarea diferen\u021bialului<\/li>\n<li>Servodirec\u021bie<\/li>\n<li>Suspensie independent\u0103<\/li>\n<li>Rezervor de combustibil: 37 litri<\/li>\n<li>Anvelope de \u0219antier: 25&#215;10-12<\/li>\n<li>Dimensiuni LxLxH: 305x158x194 cm<\/li>\n<li>Suprafa\u021ba de \u00eenc\u0103rcare: 111x148x29 cm<\/li>\n<li>Greutate proprie: 930 kg<\/li>\n<li>Capacitate de \u00eenc\u0103rcare: 725 kg<\/li>\n<li>Garda la sol: 304 mm<\/li>\n<\/ul>\n<h2 style=\"text-align: left;\">Accesorii op\u021bionale<\/h2>\n<ul>\n<li>Cabin\u0103: Kit de extindere a cabinei cu u\u0219i din policarbonat, ferestre glisante, \u00eenc\u0103lzire<\/li>\n<li>Lumini de lucru: 2 lumini de lucru pe acoperi\u0219ul cabinei<\/li>\n<li>Zona de \u00eenc\u0103rcare: cu laturi cobor\u00e2te (inclus\u0103 \u00een vehiculul de baz\u0103)<\/li>\n<li>Anvelope: Anvelope all-terrain cu jante din aluminiu (incluse cu vehiculul de baz\u0103)<\/li>\n<li>Parbriz cu \u0219terg\u0103tor de parbriz<\/li>\n<li>Acoperi\u0219 de soare<\/li>\n<li>Hidr. Aruncarea platformei de \u00eenc\u0103rcare<\/li>\n<li>Covora\u0219 din plastic<\/li>\n<li>Portbagajul din fa\u021b\u0103, sub capot\u0103<\/li>\n<li>Protec\u021bie antiderapant\u0103<\/li>\n<li>Tip\u0103rirea pl\u0103cu\u021bei de \u00eenmatriculare 40 km\/h<\/li>\n<\/ul>\n<h2 style=\"text-align: left;\">Echipament pentru servicii de iarn\u0103<\/h2>\n<ul>\n<li>Elevator frontal ECO cu triunghi de cuplare Cat. 0, capacitate de ridicare 650 kg<\/li>\n<li>Bloc de control de 1 ori, controlabil electric<\/li>\n<li>Supap\u0103 de comand\u0103 auxiliar\u0103<\/li>\n<li>Lama de z\u0103pad\u0103 ECO de 180 cm cu lam\u0103 r\u0103zuitoare din o\u021bel \u0219i plac\u0103 antiderapant\u0103<\/li>\n<li>Distribuitor de pl\u0103ci Nirosta ECO cu motor hidraulic, 125 litri, incl. Prelata \u0219i degetele de amestecare pentru sare<\/li>\n<li>STVO iluminat 12V \u0219i cadru de montare spate<\/li>\n<\/ul>\n","protected":false},"excerpt":{"rendered":"<p>K9 2400 Transport UTV 4WD de la KIOTI este un vehicul comercial din 2018. Vehiculul are o transmisie CVT \u0219i o capacitate de \u00eenc\u0103rcare de p\u00e2n\u0103 la 725 kg.<\/p>\n<p>&nbsp;<\/p>\n","protected":false},"featured_media":27224,"template":"","meta":[],"pwb-brand":[3081],"product_brand":[],"product_cat":[1610,1895],"product_tag":[],"class_list":{"0":"post-26091","1":"product","2":"type-product","3":"status-publish","4":"has-post-thumbnail","6":"pwb-brand-kioti-ro","7":"product_cat-vehicule-comerciale","8":"product_cat-vehicule-comerciale-ro","10":"first","11":"instock","12":"sale","13":"taxable","14":"shipping-taxable","15":"purchasable","16":"product-type-simple"},"yoast_head":"<!-- This site is optimized with the Yoast SEO plugin v27.4 - https:\/\/yoast.com\/product\/yoast-seo-wordpress\/ -->\n<title>Kioti Transport UTV K9\/2400 4WD - Vehicul nou - Prochaska<\/title>\n<meta name=\"robots\" content=\"index, follow, max-snippet:-1, max-image-preview:large, max-video-preview:-1\" \/>\n<link rel=\"canonical\" href=\"https:\/\/prochaska.eu\/ro\/produs\/kioti-transport-utv-k9-2400-4wd-vehicul-nou\/\" \/>\n<meta property=\"og:locale\" content=\"ro_RO\" \/>\n<meta property=\"og:type\" content=\"article\" \/>\n<meta property=\"og:title\" content=\"Kioti Transport UTV K9\/2400 4WD - Vehicul nou - Prochaska\" \/>\n<meta property=\"og:description\" content=\"K9 2400 Transport UTV 4WD de la KIOTI este un vehicul comercial din 2018. Vehiculul are o transmisie CVT \u0219i o capacitate de \u00eenc\u0103rcare de p\u00e2n\u0103 la 725 kg. &nbsp;\" \/>\n<meta property=\"og:url\" content=\"https:\/\/prochaska.eu\/ro\/produs\/kioti-transport-utv-k9-2400-4wd-vehicul-nou\/\" \/>\n<meta property=\"og:site_name\" content=\"Prochaska\" \/>\n<meta property=\"article:publisher\" content=\"https:\/\/www.facebook.com\/prochaska.eu\/\" \/>\n<meta property=\"og:image\" content=\"https:\/\/prochaska.eu\/wp-content\/uploads\/2018\/08\/Kioti_K9-2400.png\" \/>\n\t<meta property=\"og:image:width\" content=\"1000\" \/>\n\t<meta property=\"og:image:height\" content=\"1000\" \/>\n\t<meta property=\"og:image:type\" content=\"image\/png\" \/>\n<meta name=\"twitter:card\" content=\"summary_large_image\" \/>\n<meta name=\"twitter:label1\" content=\"Timp estimat pentru citire\" \/>\n\t<meta name=\"twitter:data1\" content=\"1 minut\" \/>\n<script type=\"application\/ld+json\" class=\"yoast-schema-graph\">{\"@context\":\"https:\\\/\\\/schema.org\",\"@graph\":[{\"@type\":\"WebPage\",\"@id\":\"https:\\\/\\\/prochaska.eu\\\/ro\\\/produs\\\/kioti-transport-utv-k9-2400-4wd-vehicul-nou\\\/\",\"url\":\"https:\\\/\\\/prochaska.eu\\\/ro\\\/produs\\\/kioti-transport-utv-k9-2400-4wd-vehicul-nou\\\/\",\"name\":\"Kioti Transport UTV K9\\\/2400 4WD - Vehicul nou - Prochaska\",\"isPartOf\":{\"@id\":\"https:\\\/\\\/prochaska.eu\\\/ro\\\/#website\"},\"primaryImageOfPage\":{\"@id\":\"https:\\\/\\\/prochaska.eu\\\/ro\\\/produs\\\/kioti-transport-utv-k9-2400-4wd-vehicul-nou\\\/#primaryimage\"},\"image\":{\"@id\":\"https:\\\/\\\/prochaska.eu\\\/ro\\\/produs\\\/kioti-transport-utv-k9-2400-4wd-vehicul-nou\\\/#primaryimage\"},\"thumbnailUrl\":\"https:\\\/\\\/prochaska.eu\\\/wp-content\\\/uploads\\\/2018\\\/08\\\/Kioti_K9-2400.png\",\"datePublished\":\"2018-08-03T12:50:30+00:00\",\"breadcrumb\":{\"@id\":\"https:\\\/\\\/prochaska.eu\\\/ro\\\/produs\\\/kioti-transport-utv-k9-2400-4wd-vehicul-nou\\\/#breadcrumb\"},\"inLanguage\":\"ro-RO\",\"potentialAction\":[{\"@type\":\"ReadAction\",\"target\":[\"https:\\\/\\\/prochaska.eu\\\/ro\\\/produs\\\/kioti-transport-utv-k9-2400-4wd-vehicul-nou\\\/\"]}]},{\"@type\":\"ImageObject\",\"inLanguage\":\"ro-RO\",\"@id\":\"https:\\\/\\\/prochaska.eu\\\/ro\\\/produs\\\/kioti-transport-utv-k9-2400-4wd-vehicul-nou\\\/#primaryimage\",\"url\":\"https:\\\/\\\/prochaska.eu\\\/wp-content\\\/uploads\\\/2018\\\/08\\\/Kioti_K9-2400.png\",\"contentUrl\":\"https:\\\/\\\/prochaska.eu\\\/wp-content\\\/uploads\\\/2018\\\/08\\\/Kioti_K9-2400.png\",\"width\":1000,\"height\":1000},{\"@type\":\"BreadcrumbList\",\"@id\":\"https:\\\/\\\/prochaska.eu\\\/ro\\\/produs\\\/kioti-transport-utv-k9-2400-4wd-vehicul-nou\\\/#breadcrumb\",\"itemListElement\":[{\"@type\":\"ListItem\",\"position\":1,\"name\":\"Home\",\"item\":\"https:\\\/\\\/prochaska.eu\\\/ro\\\/\"},{\"@type\":\"ListItem\",\"position\":2,\"name\":\"Shop\",\"item\":\"https:\\\/\\\/prochaska.eu\\\/ro\\\/shop\\\/\"},{\"@type\":\"ListItem\",\"position\":3,\"name\":\"Kioti Transport UTV K9\\\/2400 4WD &#8211; Vehicul nou\"}]},{\"@type\":\"WebSite\",\"@id\":\"https:\\\/\\\/prochaska.eu\\\/ro\\\/#website\",\"url\":\"https:\\\/\\\/prochaska.eu\\\/ro\\\/\",\"name\":\"Prochaska\",\"description\":\"Spezialist f\u00fcr Pflege von Gr\u00fcnfl\u00e4chen\",\"publisher\":{\"@id\":\"https:\\\/\\\/prochaska.eu\\\/ro\\\/#organization\"},\"potentialAction\":[{\"@type\":\"SearchAction\",\"target\":{\"@type\":\"EntryPoint\",\"urlTemplate\":\"https:\\\/\\\/prochaska.eu\\\/ro\\\/?s={search_term_string}\"},\"query-input\":{\"@type\":\"PropertyValueSpecification\",\"valueRequired\":true,\"valueName\":\"search_term_string\"}}],\"inLanguage\":\"ro-RO\"},{\"@type\":\"Organization\",\"@id\":\"https:\\\/\\\/prochaska.eu\\\/ro\\\/#organization\",\"name\":\"Prochaska\",\"url\":\"https:\\\/\\\/prochaska.eu\\\/ro\\\/\",\"logo\":{\"@type\":\"ImageObject\",\"inLanguage\":\"ro-RO\",\"@id\":\"https:\\\/\\\/prochaska.eu\\\/ro\\\/#\\\/schema\\\/logo\\\/image\\\/\",\"url\":\"https:\\\/\\\/prochaska.eu\\\/wp-content\\\/uploads\\\/2024\\\/04\\\/Prochaska_Logo_Black-1.png\",\"contentUrl\":\"https:\\\/\\\/prochaska.eu\\\/wp-content\\\/uploads\\\/2024\\\/04\\\/Prochaska_Logo_Black-1.png\",\"width\":796,\"height\":236,\"caption\":\"Prochaska\"},\"image\":{\"@id\":\"https:\\\/\\\/prochaska.eu\\\/ro\\\/#\\\/schema\\\/logo\\\/image\\\/\"},\"sameAs\":[\"https:\\\/\\\/www.facebook.com\\\/prochaska.eu\\\/\",\"https:\\\/\\\/www.instagram.com\\\/prochaska.eu\\\/\",\"https:\\\/\\\/www.linkedin.com\\\/company\\\/prochaska-handels-gmbh\"]}]}<\/script>\n<!-- \/ Yoast SEO plugin. -->","yoast_head_json":{"title":"Kioti Transport UTV K9\/2400 4WD - Vehicul nou - Prochaska","robots":{"index":"index","follow":"follow","max-snippet":"max-snippet:-1","max-image-preview":"max-image-preview:large","max-video-preview":"max-video-preview:-1"},"canonical":"https:\/\/prochaska.eu\/ro\/produs\/kioti-transport-utv-k9-2400-4wd-vehicul-nou\/","og_locale":"ro_RO","og_type":"article","og_title":"Kioti Transport UTV K9\/2400 4WD - Vehicul nou - Prochaska","og_description":"K9 2400 Transport UTV 4WD de la KIOTI este un vehicul comercial din 2018. Vehiculul are o transmisie CVT \u0219i o capacitate de \u00eenc\u0103rcare de p\u00e2n\u0103 la 725 kg. &nbsp;","og_url":"https:\/\/prochaska.eu\/ro\/produs\/kioti-transport-utv-k9-2400-4wd-vehicul-nou\/","og_site_name":"Prochaska","article_publisher":"https:\/\/www.facebook.com\/prochaska.eu\/","og_image":[{"width":1000,"height":1000,"url":"https:\/\/prochaska.eu\/wp-content\/uploads\/2018\/08\/Kioti_K9-2400.png","type":"image\/png"}],"twitter_card":"summary_large_image","twitter_misc":{"Timp estimat pentru citire":"1 minut"},"schema":{"@context":"https:\/\/schema.org","@graph":[{"@type":"WebPage","@id":"https:\/\/prochaska.eu\/ro\/produs\/kioti-transport-utv-k9-2400-4wd-vehicul-nou\/","url":"https:\/\/prochaska.eu\/ro\/produs\/kioti-transport-utv-k9-2400-4wd-vehicul-nou\/","name":"Kioti Transport UTV K9\/2400 4WD - Vehicul nou - Prochaska","isPartOf":{"@id":"https:\/\/prochaska.eu\/ro\/#website"},"primaryImageOfPage":{"@id":"https:\/\/prochaska.eu\/ro\/produs\/kioti-transport-utv-k9-2400-4wd-vehicul-nou\/#primaryimage"},"image":{"@id":"https:\/\/prochaska.eu\/ro\/produs\/kioti-transport-utv-k9-2400-4wd-vehicul-nou\/#primaryimage"},"thumbnailUrl":"https:\/\/prochaska.eu\/wp-content\/uploads\/2018\/08\/Kioti_K9-2400.png","datePublished":"2018-08-03T12:50:30+00:00","breadcrumb":{"@id":"https:\/\/prochaska.eu\/ro\/produs\/kioti-transport-utv-k9-2400-4wd-vehicul-nou\/#breadcrumb"},"inLanguage":"ro-RO","potentialAction":[{"@type":"ReadAction","target":["https:\/\/prochaska.eu\/ro\/produs\/kioti-transport-utv-k9-2400-4wd-vehicul-nou\/"]}]},{"@type":"ImageObject","inLanguage":"ro-RO","@id":"https:\/\/prochaska.eu\/ro\/produs\/kioti-transport-utv-k9-2400-4wd-vehicul-nou\/#primaryimage","url":"https:\/\/prochaska.eu\/wp-content\/uploads\/2018\/08\/Kioti_K9-2400.png","contentUrl":"https:\/\/prochaska.eu\/wp-content\/uploads\/2018\/08\/Kioti_K9-2400.png","width":1000,"height":1000},{"@type":"BreadcrumbList","@id":"https:\/\/prochaska.eu\/ro\/produs\/kioti-transport-utv-k9-2400-4wd-vehicul-nou\/#breadcrumb","itemListElement":[{"@type":"ListItem","position":1,"name":"Home","item":"https:\/\/prochaska.eu\/ro\/"},{"@type":"ListItem","position":2,"name":"Shop","item":"https:\/\/prochaska.eu\/ro\/shop\/"},{"@type":"ListItem","position":3,"name":"Kioti Transport UTV K9\/2400 4WD &#8211; Vehicul nou"}]},{"@type":"WebSite","@id":"https:\/\/prochaska.eu\/ro\/#website","url":"https:\/\/prochaska.eu\/ro\/","name":"Prochaska","description":"Spezialist f\u00fcr Pflege von Gr\u00fcnfl\u00e4chen","publisher":{"@id":"https:\/\/prochaska.eu\/ro\/#organization"},"potentialAction":[{"@type":"SearchAction","target":{"@type":"EntryPoint","urlTemplate":"https:\/\/prochaska.eu\/ro\/?s={search_term_string}"},"query-input":{"@type":"PropertyValueSpecification","valueRequired":true,"valueName":"search_term_string"}}],"inLanguage":"ro-RO"},{"@type":"Organization","@id":"https:\/\/prochaska.eu\/ro\/#organization","name":"Prochaska","url":"https:\/\/prochaska.eu\/ro\/","logo":{"@type":"ImageObject","inLanguage":"ro-RO","@id":"https:\/\/prochaska.eu\/ro\/#\/schema\/logo\/image\/","url":"https:\/\/prochaska.eu\/wp-content\/uploads\/2024\/04\/Prochaska_Logo_Black-1.png","contentUrl":"https:\/\/prochaska.eu\/wp-content\/uploads\/2024\/04\/Prochaska_Logo_Black-1.png","width":796,"height":236,"caption":"Prochaska"},"image":{"@id":"https:\/\/prochaska.eu\/ro\/#\/schema\/logo\/image\/"},"sameAs":["https:\/\/www.facebook.com\/prochaska.eu\/","https:\/\/www.instagram.com\/prochaska.eu\/","https:\/\/www.linkedin.com\/company\/prochaska-handels-gmbh"]}]}},"brands":[{"id":3081,"name":"Kioti","slug":"kioti-ro"}],"_links":{"self":[{"href":"https:\/\/prochaska.eu\/ro\/wp-json\/wp\/v2\/product\/26091","targetHints":{"allow":["GET"]}}],"collection":[{"href":"https:\/\/prochaska.eu\/ro\/wp-json\/wp\/v2\/product"}],"about":[{"href":"https:\/\/prochaska.eu\/ro\/wp-json\/wp\/v2\/types\/product"}],"version-history":[{"count":0,"href":"https:\/\/prochaska.eu\/ro\/wp-json\/wp\/v2\/product\/26091\/revisions"}],"wp:featuredmedia":[{"embeddable":true,"href":"https:\/\/prochaska.eu\/ro\/wp-json\/wp\/v2\/media\/27224"}],"wp:attachment":[{"href":"https:\/\/prochaska.eu\/ro\/wp-json\/wp\/v2\/media?parent=26091"}],"wp:term":[{"taxonomy":"pwb-brand","embeddable":true,"href":"https:\/\/prochaska.eu\/ro\/wp-json\/wp\/v2\/pwb-brand?post=26091"},{"taxonomy":"product_brand","embeddable":true,"href":"https:\/\/prochaska.eu\/ro\/wp-json\/wp\/v2\/product_brand?post=26091"},{"taxonomy":"product_cat","embeddable":true,"href":"https:\/\/prochaska.eu\/ro\/wp-json\/wp\/v2\/product_cat?post=26091"},{"taxonomy":"product_tag","embeddable":true,"href":"https:\/\/prochaska.eu\/ro\/wp-json\/wp\/v2\/product_tag?post=26091"}],"curies":[{"name":"wp","href":"https:\/\/api.w.org\/{rel}","templated":true}]}}