{"id":26147,"date":"2019-09-12T08:51:40","date_gmt":"2019-09-12T08:51:40","guid":{"rendered":"https:\/\/prochaska.eu\/product\/suflanta-de-zapada-toro-power-max-826-oae-38819\/"},"modified":"2019-09-12T08:51:40","modified_gmt":"2019-09-12T08:51:40","slug":"suflanta-de-zapada-toro-power-max-826-oae-38819","status":"publish","type":"product","link":"https:\/\/prochaska.eu\/ro\/produs\/suflanta-de-zapada-toro-power-max-826-oae-38819\/","title":{"rendered":"Suflant\u0103 de z\u0103pad\u0103 TORO &#8211; Power Max 826 OAE &#8211; 38819"},"content":{"rendered":"<p>Freza de z\u0103pad\u0103 <a href=\"https:\/\/www.prochaska.eu\/toro\/\">TORO<\/a> &#8211; modelul Power Max 826 oAE &#8211; are o l\u0103\u021bime de cur\u0103\u021bare de 66 cm \u0219i o cutie de viteze \u00eent\u0103rit\u0103 care faciliteaz\u0103 lucrul \u00een condi\u021bii meteorologice dificile. Levierul inovator al canalului de ejec\u021bie Quick Stick face u\u0219oar\u0103 \u0219i convenabil\u0103 ejectarea z\u0103pezii \u00een punctul dorit. Sistemul anti-\u00eenfundare (ACS) m\u0103soar\u0103 z\u0103pada cur\u0103\u021bat\u0103 pentru a preveni \u00eenfundarea \u0219i a optimiza eficien\u021ba cur\u0103\u021b\u0103rii. Cutia de viteze robust\u0103 a racletei are ro\u021bi din\u021bate \u0219i arbori speciali supradimensiona\u021bi \u0219i c\u0103li\u021bi, care pot rezista la sarcini extreme \u0219i, prin urmare, fac ca \u0219uruburile de forfecare s\u0103 fie aproape superflue.<\/p>\n<h2 style=\"text-align: left;\">AVANTAJELE PRODUSULUI<\/h2>\n<ul>\n<li>Ideal pentru cur\u0103\u021barea z\u0103pezii pe o l\u0103\u021bime de 51 cm<\/li>\n<li style=\"text-align: left;\">Mai mult\u0103 putere \u00een z\u0103pad\u0103 umed\u0103<\/li>\n<li>Motor TORO Premim OHV \u00een patru timpi, 252 cc<\/li>\n<li>P\u00e2rghie de ejec\u021bie Quick Stick<\/li>\n<li>Tehnologia Power Curve<\/li>\n<li>Sistem anti-constipa\u021bie (ACS)<\/li>\n<li>Cutie de viteze robust\u0103 pentru r\u0103zuitoare<\/li>\n<li>Direc\u021bie automat\u0103<\/li>\n<li>Garan\u021bie limitat\u0103 de 3 ani<\/li>\n<\/ul>\n<h2>ACCESORII OP\u021aIONALE<\/h2>\n<ul>\n<li><a href=\"https:\/\/www.prochaska.eu\/produkt\/schneefraesen-schutzabdeckung\/\">Capac (69,90 \u20ac)<\/a><\/li>\n<li><a href=\"https:\/\/www.prochaska.eu\/produkt\/synthetisches-toro-winteroel\/\">Ulei sintetic pentru suflante de z\u0103pad\u0103 0,59 l (\u20ac 9.90)<\/a><\/li>\n<li><a href=\"https:\/\/www.prochaska.eu\/produkt\/schneefraesen-oel-zweistufig-24er-pack\/\">Pachet de 24 de ulei pentru suflante de z\u0103pad\u0103 0,59 l (\u20ac 129.90)<\/a><\/li>\n<li><a href=\"https:\/\/www.prochaska.eu\/produkt\/schneefraesen-gleitkufen-power-max\/\">Skid PowerMax (\u20ac 32.90)<\/a><\/li>\n<li><a href=\"https:\/\/www.prochaska.eu\/produkt\/schneefraesen-kunststoff-gleitkufen\/\">Pereche de patine din plastic (\u20ac 60.90)<\/a><\/li>\n<li><a href=\"https:\/\/www.prochaska.eu\/produkt\/gehaertete-hd-gleitkufen\/\">Patine TORO HD \u00eent\u0103rite (54,90 \u20ac)<\/a><\/li>\n<li><a href=\"https:\/\/www.prochaska.eu\/produkt\/toro-schneefraesen-ersatzlampe\/\">Lamp\u0103 de schimb PowerMax (\u20ac 24.90)<\/a><\/li>\n<li>M\u00e2ner de pornire Premium (\u20ac 14.90)<\/li>\n<li>t\u0103ietor de cear\u0103 66 cm (92,90 \u20ac) sau 71 cm (95,90 \u20ac)<\/li>\n<li><a href=\"https:\/\/www.prochaska.eu\/produkt\/schneeverdeck-inkl-gewicht-kit\/\">Cabin\u0103 pentru PowerMax (\u20ac 399.90) + kit de greutate (\u20ac 239.90)<\/a><\/li>\n<li><a href=\"https:\/\/www.prochaska.eu\/produkt\/toro-schneefraesen-sicherheitsbolzen-set-fuer-power-max-724-726-und-826\/\">Set de \u0219uruburi de siguran\u021b\u0103 pentru unitatea de cur\u0103\u021bare\/roata suflantei PowerMax 724 sau roata suflantei PowerMax 726, 826 (\u20ac 5.90)<\/a><\/li>\n<li><a href=\"https:\/\/www.prochaska.eu\/produkt\/schneefraesen-sicherheitsbolzen-set-fuer-raeumwerk-power-max\/\">Set \u0219uruburi de siguran\u021b\u0103 pentru unitatea de compensare PowerMax 926, 1028 (\u20ac 11.90)<\/a>; <a href=\"https:\/\/www.prochaska.eu\/produkt\/toro-schneefraesen-scherbolzen-set-fuer-geblaeserad\/\">Set \u0219uruburi de siguran\u021b\u0103 pentru roata suflantei PowerMax 926, 1028 (\u20ac 5.90)<\/a><\/li>\n<li><a href=\"https:\/\/www.prochaska.eu\/produkt\/toro-schneefraesen-sicherheitsbolzen-set-fuer-raeumwerk-powermax-1428-1432\/\">Set \u0219uruburi de siguran\u021b\u0103 pentru unitatea de compensare PowerMax 1428, 1432 (\u20ac 14.90)<\/a>; <a href=\"https:\/\/www.prochaska.eu\/produkt\/toro-schneefraesen-scherbolzen-set-fuer-geblaeserad-1428-1432\/\">Set \u0219uruburi de siguran\u021b\u0103 pentru roata suflantei PowerMax 1428, 1432 (\u20ac 5.90)<\/a><\/li>\n<li><a href=\"https:\/\/www.prochaska.eu\/produkt\/schneeketten-13-15-oder-16\/\">Lan\u021buri de z\u0103pad\u0103 de la 13&#8243; la 16&#8243; (122,90 \u20ac &#8211; 142,90 \u20ac)<\/a><\/li>\n<li><a href=\"https:\/\/www.prochaska.eu\/produkt\/schneefraesen-schneeschild\/\">Lama de z\u0103pad\u0103 pentru PowerMax 71 cm (\u20ac 399.90)<\/a><\/li>\n<\/ul>\n","protected":false},"excerpt":{"rendered":"<p>Freza de z\u0103pad\u0103 TORO Power Max 826 OAE impresioneaz\u0103 cu o raz\u0103 de ac\u021biune de p\u00e2n\u0103 la 14 metri. Suflantele de z\u0103pad\u0103 sunt potrivite \u00een special pentru condi\u021bii meteorologice dificile \u0219i \u00eendep\u0103rteaz\u0103 perfect z\u0103pada umed\u0103 \u0219i grea.<\/p>\n","protected":false},"featured_media":21489,"template":"","meta":[],"pwb-brand":[3073],"product_brand":[],"product_cat":[1105,2040,2041],"product_tag":[2797,2046,2798,1408],"class_list":{"0":"post-26147","1":"product","2":"type-product","3":"status-publish","4":"has-post-thumbnail","6":"pwb-brand-toro-ro","7":"product_cat-casa-si-gradina","8":"product_cat-serviciul-de-iarna","9":"product_cat-suflante-de-zapada","10":"product_tag-powermax-ro","11":"product_tag-suflanta-de-zapada","12":"product_tag-suflanta-de-zapada-profesionala","13":"product_tag-toro-ro","15":"first","16":"outofstock","17":"sale","18":"taxable","19":"shipping-taxable","20":"purchasable","21":"product-type-variable"},"yoast_head":"<!-- This site is optimized with the Yoast SEO plugin v27.4 - https:\/\/yoast.com\/product\/yoast-seo-wordpress\/ -->\n<title>Suflant\u0103 de z\u0103pad\u0103 TORO - Power Max 826 OAE - 38819 - Prochaska<\/title>\n<meta name=\"robots\" content=\"index, follow, max-snippet:-1, max-image-preview:large, max-video-preview:-1\" \/>\n<link rel=\"canonical\" href=\"https:\/\/prochaska.eu\/ro\/produs\/suflanta-de-zapada-toro-power-max-826-oae-38819\/\" \/>\n<meta property=\"og:locale\" content=\"ro_RO\" \/>\n<meta property=\"og:type\" content=\"article\" \/>\n<meta property=\"og:title\" content=\"Suflant\u0103 de z\u0103pad\u0103 TORO - Power Max 826 OAE - 38819 - Prochaska\" \/>\n<meta property=\"og:description\" content=\"Freza de z\u0103pad\u0103 TORO Power Max 826 OAE impresioneaz\u0103 cu o raz\u0103 de ac\u021biune de p\u00e2n\u0103 la 14 metri. Suflantele de z\u0103pad\u0103 sunt potrivite \u00een special pentru condi\u021bii meteorologice dificile \u0219i \u00eendep\u0103rteaz\u0103 perfect z\u0103pada umed\u0103 \u0219i grea.\" \/>\n<meta property=\"og:url\" content=\"https:\/\/prochaska.eu\/ro\/produs\/suflanta-de-zapada-toro-power-max-826-oae-38819\/\" \/>\n<meta property=\"og:site_name\" content=\"Prochaska\" \/>\n<meta property=\"article:publisher\" content=\"https:\/\/www.facebook.com\/prochaska.eu\/\" \/>\n<meta property=\"og:image\" content=\"https:\/\/prochaska.eu\/wp-content\/uploads\/2024\/06\/schneefraese-toro-powermax826-oae-prochaska.jpg\" \/>\n\t<meta property=\"og:image:width\" content=\"1440\" \/>\n\t<meta property=\"og:image:height\" content=\"1440\" \/>\n\t<meta property=\"og:image:type\" content=\"image\/jpeg\" \/>\n<meta name=\"twitter:card\" content=\"summary_large_image\" \/>\n<meta name=\"twitter:label1\" content=\"Timp estimat pentru citire\" \/>\n\t<meta name=\"twitter:data1\" content=\"1 minut\" \/>\n<script type=\"application\/ld+json\" class=\"yoast-schema-graph\">{\"@context\":\"https:\\\/\\\/schema.org\",\"@graph\":[{\"@type\":\"WebPage\",\"@id\":\"https:\\\/\\\/prochaska.eu\\\/ro\\\/produs\\\/suflanta-de-zapada-toro-power-max-826-oae-38819\\\/\",\"url\":\"https:\\\/\\\/prochaska.eu\\\/ro\\\/produs\\\/suflanta-de-zapada-toro-power-max-826-oae-38819\\\/\",\"name\":\"Suflant\u0103 de z\u0103pad\u0103 TORO - Power Max 826 OAE - 38819 - Prochaska\",\"isPartOf\":{\"@id\":\"https:\\\/\\\/prochaska.eu\\\/ro\\\/#website\"},\"primaryImageOfPage\":{\"@id\":\"https:\\\/\\\/prochaska.eu\\\/ro\\\/produs\\\/suflanta-de-zapada-toro-power-max-826-oae-38819\\\/#primaryimage\"},\"image\":{\"@id\":\"https:\\\/\\\/prochaska.eu\\\/ro\\\/produs\\\/suflanta-de-zapada-toro-power-max-826-oae-38819\\\/#primaryimage\"},\"thumbnailUrl\":\"https:\\\/\\\/prochaska.eu\\\/wp-content\\\/uploads\\\/2024\\\/06\\\/schneefraese-toro-powermax826-oae-prochaska.jpg\",\"datePublished\":\"2019-09-12T08:51:40+00:00\",\"breadcrumb\":{\"@id\":\"https:\\\/\\\/prochaska.eu\\\/ro\\\/produs\\\/suflanta-de-zapada-toro-power-max-826-oae-38819\\\/#breadcrumb\"},\"inLanguage\":\"ro-RO\",\"potentialAction\":[{\"@type\":\"ReadAction\",\"target\":[\"https:\\\/\\\/prochaska.eu\\\/ro\\\/produs\\\/suflanta-de-zapada-toro-power-max-826-oae-38819\\\/\"]}]},{\"@type\":\"ImageObject\",\"inLanguage\":\"ro-RO\",\"@id\":\"https:\\\/\\\/prochaska.eu\\\/ro\\\/produs\\\/suflanta-de-zapada-toro-power-max-826-oae-38819\\\/#primaryimage\",\"url\":\"https:\\\/\\\/prochaska.eu\\\/wp-content\\\/uploads\\\/2024\\\/06\\\/schneefraese-toro-powermax826-oae-prochaska.jpg\",\"contentUrl\":\"https:\\\/\\\/prochaska.eu\\\/wp-content\\\/uploads\\\/2024\\\/06\\\/schneefraese-toro-powermax826-oae-prochaska.jpg\",\"width\":1440,\"height\":1440},{\"@type\":\"BreadcrumbList\",\"@id\":\"https:\\\/\\\/prochaska.eu\\\/ro\\\/produs\\\/suflanta-de-zapada-toro-power-max-826-oae-38819\\\/#breadcrumb\",\"itemListElement\":[{\"@type\":\"ListItem\",\"position\":1,\"name\":\"Home\",\"item\":\"https:\\\/\\\/prochaska.eu\\\/ro\\\/\"},{\"@type\":\"ListItem\",\"position\":2,\"name\":\"Shop\",\"item\":\"https:\\\/\\\/prochaska.eu\\\/ro\\\/shop\\\/\"},{\"@type\":\"ListItem\",\"position\":3,\"name\":\"Suflant\u0103 de z\u0103pad\u0103 TORO &#8211; Power Max 826 OAE &#8211; 38819\"}]},{\"@type\":\"WebSite\",\"@id\":\"https:\\\/\\\/prochaska.eu\\\/ro\\\/#website\",\"url\":\"https:\\\/\\\/prochaska.eu\\\/ro\\\/\",\"name\":\"Prochaska\",\"description\":\"Spezialist f\u00fcr Pflege von Gr\u00fcnfl\u00e4chen\",\"publisher\":{\"@id\":\"https:\\\/\\\/prochaska.eu\\\/ro\\\/#organization\"},\"potentialAction\":[{\"@type\":\"SearchAction\",\"target\":{\"@type\":\"EntryPoint\",\"urlTemplate\":\"https:\\\/\\\/prochaska.eu\\\/ro\\\/?s={search_term_string}\"},\"query-input\":{\"@type\":\"PropertyValueSpecification\",\"valueRequired\":true,\"valueName\":\"search_term_string\"}}],\"inLanguage\":\"ro-RO\"},{\"@type\":\"Organization\",\"@id\":\"https:\\\/\\\/prochaska.eu\\\/ro\\\/#organization\",\"name\":\"Prochaska\",\"url\":\"https:\\\/\\\/prochaska.eu\\\/ro\\\/\",\"logo\":{\"@type\":\"ImageObject\",\"inLanguage\":\"ro-RO\",\"@id\":\"https:\\\/\\\/prochaska.eu\\\/ro\\\/#\\\/schema\\\/logo\\\/image\\\/\",\"url\":\"https:\\\/\\\/prochaska.eu\\\/wp-content\\\/uploads\\\/2024\\\/04\\\/Prochaska_Logo_Black-1.png\",\"contentUrl\":\"https:\\\/\\\/prochaska.eu\\\/wp-content\\\/uploads\\\/2024\\\/04\\\/Prochaska_Logo_Black-1.png\",\"width\":796,\"height\":236,\"caption\":\"Prochaska\"},\"image\":{\"@id\":\"https:\\\/\\\/prochaska.eu\\\/ro\\\/#\\\/schema\\\/logo\\\/image\\\/\"},\"sameAs\":[\"https:\\\/\\\/www.facebook.com\\\/prochaska.eu\\\/\",\"https:\\\/\\\/www.instagram.com\\\/prochaska.eu\\\/\",\"https:\\\/\\\/www.linkedin.com\\\/company\\\/prochaska-handels-gmbh\"]}]}<\/script>\n<!-- \/ Yoast SEO plugin. -->","yoast_head_json":{"title":"Suflant\u0103 de z\u0103pad\u0103 TORO - Power Max 826 OAE - 38819 - Prochaska","robots":{"index":"index","follow":"follow","max-snippet":"max-snippet:-1","max-image-preview":"max-image-preview:large","max-video-preview":"max-video-preview:-1"},"canonical":"https:\/\/prochaska.eu\/ro\/produs\/suflanta-de-zapada-toro-power-max-826-oae-38819\/","og_locale":"ro_RO","og_type":"article","og_title":"Suflant\u0103 de z\u0103pad\u0103 TORO - Power Max 826 OAE - 38819 - Prochaska","og_description":"Freza de z\u0103pad\u0103 TORO Power Max 826 OAE impresioneaz\u0103 cu o raz\u0103 de ac\u021biune de p\u00e2n\u0103 la 14 metri. Suflantele de z\u0103pad\u0103 sunt potrivite \u00een special pentru condi\u021bii meteorologice dificile \u0219i \u00eendep\u0103rteaz\u0103 perfect z\u0103pada umed\u0103 \u0219i grea.","og_url":"https:\/\/prochaska.eu\/ro\/produs\/suflanta-de-zapada-toro-power-max-826-oae-38819\/","og_site_name":"Prochaska","article_publisher":"https:\/\/www.facebook.com\/prochaska.eu\/","og_image":[{"width":1440,"height":1440,"url":"https:\/\/prochaska.eu\/wp-content\/uploads\/2024\/06\/schneefraese-toro-powermax826-oae-prochaska.jpg","type":"image\/jpeg"}],"twitter_card":"summary_large_image","twitter_misc":{"Timp estimat pentru citire":"1 minut"},"schema":{"@context":"https:\/\/schema.org","@graph":[{"@type":"WebPage","@id":"https:\/\/prochaska.eu\/ro\/produs\/suflanta-de-zapada-toro-power-max-826-oae-38819\/","url":"https:\/\/prochaska.eu\/ro\/produs\/suflanta-de-zapada-toro-power-max-826-oae-38819\/","name":"Suflant\u0103 de z\u0103pad\u0103 TORO - Power Max 826 OAE - 38819 - Prochaska","isPartOf":{"@id":"https:\/\/prochaska.eu\/ro\/#website"},"primaryImageOfPage":{"@id":"https:\/\/prochaska.eu\/ro\/produs\/suflanta-de-zapada-toro-power-max-826-oae-38819\/#primaryimage"},"image":{"@id":"https:\/\/prochaska.eu\/ro\/produs\/suflanta-de-zapada-toro-power-max-826-oae-38819\/#primaryimage"},"thumbnailUrl":"https:\/\/prochaska.eu\/wp-content\/uploads\/2024\/06\/schneefraese-toro-powermax826-oae-prochaska.jpg","datePublished":"2019-09-12T08:51:40+00:00","breadcrumb":{"@id":"https:\/\/prochaska.eu\/ro\/produs\/suflanta-de-zapada-toro-power-max-826-oae-38819\/#breadcrumb"},"inLanguage":"ro-RO","potentialAction":[{"@type":"ReadAction","target":["https:\/\/prochaska.eu\/ro\/produs\/suflanta-de-zapada-toro-power-max-826-oae-38819\/"]}]},{"@type":"ImageObject","inLanguage":"ro-RO","@id":"https:\/\/prochaska.eu\/ro\/produs\/suflanta-de-zapada-toro-power-max-826-oae-38819\/#primaryimage","url":"https:\/\/prochaska.eu\/wp-content\/uploads\/2024\/06\/schneefraese-toro-powermax826-oae-prochaska.jpg","contentUrl":"https:\/\/prochaska.eu\/wp-content\/uploads\/2024\/06\/schneefraese-toro-powermax826-oae-prochaska.jpg","width":1440,"height":1440},{"@type":"BreadcrumbList","@id":"https:\/\/prochaska.eu\/ro\/produs\/suflanta-de-zapada-toro-power-max-826-oae-38819\/#breadcrumb","itemListElement":[{"@type":"ListItem","position":1,"name":"Home","item":"https:\/\/prochaska.eu\/ro\/"},{"@type":"ListItem","position":2,"name":"Shop","item":"https:\/\/prochaska.eu\/ro\/shop\/"},{"@type":"ListItem","position":3,"name":"Suflant\u0103 de z\u0103pad\u0103 TORO &#8211; Power Max 826 OAE &#8211; 38819"}]},{"@type":"WebSite","@id":"https:\/\/prochaska.eu\/ro\/#website","url":"https:\/\/prochaska.eu\/ro\/","name":"Prochaska","description":"Spezialist f\u00fcr Pflege von Gr\u00fcnfl\u00e4chen","publisher":{"@id":"https:\/\/prochaska.eu\/ro\/#organization"},"potentialAction":[{"@type":"SearchAction","target":{"@type":"EntryPoint","urlTemplate":"https:\/\/prochaska.eu\/ro\/?s={search_term_string}"},"query-input":{"@type":"PropertyValueSpecification","valueRequired":true,"valueName":"search_term_string"}}],"inLanguage":"ro-RO"},{"@type":"Organization","@id":"https:\/\/prochaska.eu\/ro\/#organization","name":"Prochaska","url":"https:\/\/prochaska.eu\/ro\/","logo":{"@type":"ImageObject","inLanguage":"ro-RO","@id":"https:\/\/prochaska.eu\/ro\/#\/schema\/logo\/image\/","url":"https:\/\/prochaska.eu\/wp-content\/uploads\/2024\/04\/Prochaska_Logo_Black-1.png","contentUrl":"https:\/\/prochaska.eu\/wp-content\/uploads\/2024\/04\/Prochaska_Logo_Black-1.png","width":796,"height":236,"caption":"Prochaska"},"image":{"@id":"https:\/\/prochaska.eu\/ro\/#\/schema\/logo\/image\/"},"sameAs":["https:\/\/www.facebook.com\/prochaska.eu\/","https:\/\/www.instagram.com\/prochaska.eu\/","https:\/\/www.linkedin.com\/company\/prochaska-handels-gmbh"]}]}},"brands":[{"id":3073,"name":"Toro","slug":"toro-ro"}],"_links":{"self":[{"href":"https:\/\/prochaska.eu\/ro\/wp-json\/wp\/v2\/product\/26147","targetHints":{"allow":["GET"]}}],"collection":[{"href":"https:\/\/prochaska.eu\/ro\/wp-json\/wp\/v2\/product"}],"about":[{"href":"https:\/\/prochaska.eu\/ro\/wp-json\/wp\/v2\/types\/product"}],"version-history":[{"count":0,"href":"https:\/\/prochaska.eu\/ro\/wp-json\/wp\/v2\/product\/26147\/revisions"}],"wp:featuredmedia":[{"embeddable":true,"href":"https:\/\/prochaska.eu\/ro\/wp-json\/wp\/v2\/media\/21489"}],"wp:attachment":[{"href":"https:\/\/prochaska.eu\/ro\/wp-json\/wp\/v2\/media?parent=26147"}],"wp:term":[{"taxonomy":"pwb-brand","embeddable":true,"href":"https:\/\/prochaska.eu\/ro\/wp-json\/wp\/v2\/pwb-brand?post=26147"},{"taxonomy":"product_brand","embeddable":true,"href":"https:\/\/prochaska.eu\/ro\/wp-json\/wp\/v2\/product_brand?post=26147"},{"taxonomy":"product_cat","embeddable":true,"href":"https:\/\/prochaska.eu\/ro\/wp-json\/wp\/v2\/product_cat?post=26147"},{"taxonomy":"product_tag","embeddable":true,"href":"https:\/\/prochaska.eu\/ro\/wp-json\/wp\/v2\/product_tag?post=26147"}],"curies":[{"name":"wp","href":"https:\/\/api.w.org\/{rel}","templated":true}]}}