{"id":26161,"date":"2019-09-24T15:05:06","date_gmt":"2019-09-24T15:05:06","guid":{"rendered":"https:\/\/prochaska.eu\/product\/toro-siteworks-maturatoare-powerbroom-38700\/"},"modified":"2019-09-24T15:05:06","modified_gmt":"2019-09-24T15:05:06","slug":"toro-siteworks-maturatoare-powerbroom-38700","status":"publish","type":"product","link":"https:\/\/prochaska.eu\/ro\/produs\/toro-siteworks-maturatoare-powerbroom-38700\/","title":{"rendered":"Toro &#8211; Siteworks &#8211; M\u0103tur\u0103toare &#8211; PowerBroom &#8211; 38700"},"content":{"rendered":"<p style=\"text-align: left;\">Peria de m\u0103turat Toro Siteworks Power Broom, modelul 38700, este o perie de m\u0103turat multifunc\u021bional\u0103 cu o l\u0103\u021bime a m\u0103turii de 91 cm \u0219i poate fi utilizat\u0103 optim \u00een orice perioad\u0103 a anului. Fie c\u0103 este vorba despre \u00eendep\u0103rtarea de\u0219eurilor verzi (de exemplu, de pe trotuar), scarificarea gazonului sau cur\u0103\u021barea z\u0103pezii &#8211; m\u0103tur\u0103torul \u00eendepline\u0219te toate cerin\u021bele pentru gr\u0103din\u0103rit \u0219i amenajare. M\u00e2nerul ranforsat \u0219i cutia de viteze durabil\u0103 vor rezista \u00een cele mai dificile condi\u021bii timp de ani de zile. Cu controlul vitezei infinit variabile, viteza ma\u0219inii poate fi ajustat\u0103 rapid \u0219i u\u0219or la ritmul de mers al utilizatorului. Direc\u021bia asistat\u0103 face ca peria de m\u0103turat s\u0103 fie deosebit de manevrabil\u0103.<\/p>\n<h2 style=\"text-align: left;\">Beneficiile produsului<\/h2>\n<ul style=\"text-align: left;\">\n<li style=\"text-align: left;\">Construc\u021bie durabil\u0103 pentru ani de durabilitate (cadru robust, m\u00e2nere ranforsate, cutie de viteze rezistent\u0103)<\/li>\n<li style=\"text-align: left;\">Reglarea \u00een\u0103l\u021bimii sistemului de perii cu pini<\/li>\n<li style=\"text-align: left;\">Regla\u021bi individual viteza cu ajutorul controlului continuu al vitezei &#8211; 6 trepte \u00eenainte \u0219i 2 trepte \u00eenapoi<\/li>\n<li style=\"text-align: left;\">Patru puncte de ancorare integrate<\/li>\n<li style=\"text-align: left;\">Servodirec\u021bie pentru manevrabilitate u\u0219oar\u0103 prin ap\u0103sarea pe tr\u0103gaci<\/li>\n<li style=\"text-align: left;\">P\u00e2rghie de control independent\u0103 pentru activarea simultan\u0103 a sistemului de trac\u021biune \u0219i a periei de m\u0103turat<\/li>\n<li style=\"text-align: left;\">Setarea unghiului de m\u0103turare cu dispozitivul de blocare cu degetul mare<\/li>\n<li style=\"text-align: left;\">Motor kohler 208 cc Command Pro Multi Season<\/li>\n<\/ul>\n<h2 style=\"text-align: left;\">Accesorii op\u021bionale<\/h2>\n<ul>\n<li style=\"text-align: left;\">Set lan\u021buri de z\u0103pad\u0103 (116-8226)<\/li>\n<li>Perie pentru z\u0103pad\u0103\/ghea\u021b\u0103 (116-8232)<\/li>\n<li>Perie de gazon (116-8233)<\/li>\n<li>Ro\u021bi de suport pentru gazon cu suport larg (135-2311)<\/li>\n<li>Container de colectare a mizeriei (116-8230)<\/li>\n<li>Kit deflector de impurit\u0103\u021bi (116-8229)<\/li>\n<li>Kit lumin\u0103 (116-8234)<\/li>\n<li>Dispozitiv de pulverizare (126-0024)<\/li>\n<li>Kit electric pentru dispozitivul de pulverizare (126-0023)<\/li>\n<\/ul>\n<p>&nbsp;<\/p>\n<p><iframe title=\"Toro Walk Behind Power Broom\" width=\"800\" height=\"450\" src=\"https:\/\/www.youtube.com\/embed\/Zyrgaq5SrGc?feature=oembed\" frameborder=\"0\" allow=\"accelerometer; autoplay; clipboard-write; encrypted-media; gyroscope; picture-in-picture; web-share\" referrerpolicy=\"strict-origin-when-cross-origin\" allowfullscreen><\/iframe><\/p>\n","protected":false},"excerpt":{"rendered":"<p>Peria de m\u0103turat Power Broom de la Toro este o m\u0103tur\u0103toare multifunc\u021bional\u0103 versatil\u0103, potrivit\u0103 pentru utilizarea comercial\u0103 \u00een orice anotimp.<\/p>\n","protected":false},"featured_media":21507,"template":"","meta":[],"pwb-brand":[3073],"product_brand":[],"product_cat":[1533,2040,2041],"product_tag":[],"class_list":{"0":"post-26161","1":"product","2":"type-product","3":"status-publish","4":"has-post-thumbnail","6":"pwb-brand-toro-ro","7":"product_cat-pregatirea-solului","8":"product_cat-serviciul-de-iarna","9":"product_cat-suflante-de-zapada","11":"first","12":"instock","13":"taxable","14":"shipping-taxable","15":"product-type-simple"},"yoast_head":"<!-- This site is optimized with the Yoast SEO plugin v27.4 - https:\/\/yoast.com\/product\/yoast-seo-wordpress\/ -->\n<title>Toro - Siteworks - M\u0103tur\u0103toare - PowerBroom - 38700 - Prochaska<\/title>\n<meta name=\"robots\" content=\"index, follow, max-snippet:-1, max-image-preview:large, max-video-preview:-1\" \/>\n<link rel=\"canonical\" href=\"https:\/\/prochaska.eu\/ro\/produs\/toro-siteworks-maturatoare-powerbroom-38700\/\" \/>\n<meta property=\"og:locale\" content=\"ro_RO\" \/>\n<meta property=\"og:type\" content=\"article\" \/>\n<meta property=\"og:title\" content=\"Toro - Siteworks - M\u0103tur\u0103toare - PowerBroom - 38700 - Prochaska\" \/>\n<meta property=\"og:description\" content=\"Peria de m\u0103turat Power Broom de la Toro este o m\u0103tur\u0103toare multifunc\u021bional\u0103 versatil\u0103, potrivit\u0103 pentru utilizarea comercial\u0103 \u00een orice anotimp.\" \/>\n<meta property=\"og:url\" content=\"https:\/\/prochaska.eu\/ro\/produs\/toro-siteworks-maturatoare-powerbroom-38700\/\" \/>\n<meta property=\"og:site_name\" content=\"Prochaska\" \/>\n<meta property=\"article:publisher\" content=\"https:\/\/www.facebook.com\/prochaska.eu\/\" \/>\n<meta property=\"og:image\" content=\"https:\/\/prochaska.eu\/wp-content\/uploads\/2024\/06\/kehrbuerste-toro-winterdienst-prochaska-e1588928472130.jpg\" \/>\n\t<meta property=\"og:image:width\" content=\"1440\" \/>\n\t<meta property=\"og:image:height\" content=\"1440\" \/>\n\t<meta property=\"og:image:type\" content=\"image\/jpeg\" \/>\n<meta name=\"twitter:card\" content=\"summary_large_image\" \/>\n<meta name=\"twitter:label1\" content=\"Timp estimat pentru citire\" \/>\n\t<meta name=\"twitter:data1\" content=\"1 minut\" \/>\n<script type=\"application\/ld+json\" class=\"yoast-schema-graph\">{\"@context\":\"https:\\\/\\\/schema.org\",\"@graph\":[{\"@type\":\"WebPage\",\"@id\":\"https:\\\/\\\/prochaska.eu\\\/ro\\\/produs\\\/toro-siteworks-maturatoare-powerbroom-38700\\\/\",\"url\":\"https:\\\/\\\/prochaska.eu\\\/ro\\\/produs\\\/toro-siteworks-maturatoare-powerbroom-38700\\\/\",\"name\":\"Toro - Siteworks - M\u0103tur\u0103toare - PowerBroom - 38700 - Prochaska\",\"isPartOf\":{\"@id\":\"https:\\\/\\\/prochaska.eu\\\/ro\\\/#website\"},\"primaryImageOfPage\":{\"@id\":\"https:\\\/\\\/prochaska.eu\\\/ro\\\/produs\\\/toro-siteworks-maturatoare-powerbroom-38700\\\/#primaryimage\"},\"image\":{\"@id\":\"https:\\\/\\\/prochaska.eu\\\/ro\\\/produs\\\/toro-siteworks-maturatoare-powerbroom-38700\\\/#primaryimage\"},\"thumbnailUrl\":\"https:\\\/\\\/prochaska.eu\\\/wp-content\\\/uploads\\\/2024\\\/06\\\/kehrbuerste-toro-winterdienst-prochaska-e1588928472130.jpg\",\"datePublished\":\"2019-09-24T15:05:06+00:00\",\"breadcrumb\":{\"@id\":\"https:\\\/\\\/prochaska.eu\\\/ro\\\/produs\\\/toro-siteworks-maturatoare-powerbroom-38700\\\/#breadcrumb\"},\"inLanguage\":\"ro-RO\",\"potentialAction\":[{\"@type\":\"ReadAction\",\"target\":[\"https:\\\/\\\/prochaska.eu\\\/ro\\\/produs\\\/toro-siteworks-maturatoare-powerbroom-38700\\\/\"]}]},{\"@type\":\"ImageObject\",\"inLanguage\":\"ro-RO\",\"@id\":\"https:\\\/\\\/prochaska.eu\\\/ro\\\/produs\\\/toro-siteworks-maturatoare-powerbroom-38700\\\/#primaryimage\",\"url\":\"https:\\\/\\\/prochaska.eu\\\/wp-content\\\/uploads\\\/2024\\\/06\\\/kehrbuerste-toro-winterdienst-prochaska-e1588928472130.jpg\",\"contentUrl\":\"https:\\\/\\\/prochaska.eu\\\/wp-content\\\/uploads\\\/2024\\\/06\\\/kehrbuerste-toro-winterdienst-prochaska-e1588928472130.jpg\",\"width\":1440,\"height\":1440},{\"@type\":\"BreadcrumbList\",\"@id\":\"https:\\\/\\\/prochaska.eu\\\/ro\\\/produs\\\/toro-siteworks-maturatoare-powerbroom-38700\\\/#breadcrumb\",\"itemListElement\":[{\"@type\":\"ListItem\",\"position\":1,\"name\":\"Home\",\"item\":\"https:\\\/\\\/prochaska.eu\\\/ro\\\/\"},{\"@type\":\"ListItem\",\"position\":2,\"name\":\"Shop\",\"item\":\"https:\\\/\\\/prochaska.eu\\\/ro\\\/shop\\\/\"},{\"@type\":\"ListItem\",\"position\":3,\"name\":\"Toro &#8211; Siteworks &#8211; M\u0103tur\u0103toare &#8211; PowerBroom &#8211; 38700\"}]},{\"@type\":\"WebSite\",\"@id\":\"https:\\\/\\\/prochaska.eu\\\/ro\\\/#website\",\"url\":\"https:\\\/\\\/prochaska.eu\\\/ro\\\/\",\"name\":\"Prochaska\",\"description\":\"Spezialist f\u00fcr Pflege von Gr\u00fcnfl\u00e4chen\",\"publisher\":{\"@id\":\"https:\\\/\\\/prochaska.eu\\\/ro\\\/#organization\"},\"potentialAction\":[{\"@type\":\"SearchAction\",\"target\":{\"@type\":\"EntryPoint\",\"urlTemplate\":\"https:\\\/\\\/prochaska.eu\\\/ro\\\/?s={search_term_string}\"},\"query-input\":{\"@type\":\"PropertyValueSpecification\",\"valueRequired\":true,\"valueName\":\"search_term_string\"}}],\"inLanguage\":\"ro-RO\"},{\"@type\":\"Organization\",\"@id\":\"https:\\\/\\\/prochaska.eu\\\/ro\\\/#organization\",\"name\":\"Prochaska\",\"url\":\"https:\\\/\\\/prochaska.eu\\\/ro\\\/\",\"logo\":{\"@type\":\"ImageObject\",\"inLanguage\":\"ro-RO\",\"@id\":\"https:\\\/\\\/prochaska.eu\\\/ro\\\/#\\\/schema\\\/logo\\\/image\\\/\",\"url\":\"https:\\\/\\\/prochaska.eu\\\/wp-content\\\/uploads\\\/2024\\\/04\\\/Prochaska_Logo_Black-1.png\",\"contentUrl\":\"https:\\\/\\\/prochaska.eu\\\/wp-content\\\/uploads\\\/2024\\\/04\\\/Prochaska_Logo_Black-1.png\",\"width\":796,\"height\":236,\"caption\":\"Prochaska\"},\"image\":{\"@id\":\"https:\\\/\\\/prochaska.eu\\\/ro\\\/#\\\/schema\\\/logo\\\/image\\\/\"},\"sameAs\":[\"https:\\\/\\\/www.facebook.com\\\/prochaska.eu\\\/\",\"https:\\\/\\\/www.instagram.com\\\/prochaska.eu\\\/\",\"https:\\\/\\\/www.linkedin.com\\\/company\\\/prochaska-handels-gmbh\"]}]}<\/script>\n<!-- \/ Yoast SEO plugin. -->","yoast_head_json":{"title":"Toro - Siteworks - M\u0103tur\u0103toare - PowerBroom - 38700 - Prochaska","robots":{"index":"index","follow":"follow","max-snippet":"max-snippet:-1","max-image-preview":"max-image-preview:large","max-video-preview":"max-video-preview:-1"},"canonical":"https:\/\/prochaska.eu\/ro\/produs\/toro-siteworks-maturatoare-powerbroom-38700\/","og_locale":"ro_RO","og_type":"article","og_title":"Toro - Siteworks - M\u0103tur\u0103toare - PowerBroom - 38700 - Prochaska","og_description":"Peria de m\u0103turat Power Broom de la Toro este o m\u0103tur\u0103toare multifunc\u021bional\u0103 versatil\u0103, potrivit\u0103 pentru utilizarea comercial\u0103 \u00een orice anotimp.","og_url":"https:\/\/prochaska.eu\/ro\/produs\/toro-siteworks-maturatoare-powerbroom-38700\/","og_site_name":"Prochaska","article_publisher":"https:\/\/www.facebook.com\/prochaska.eu\/","og_image":[{"width":1440,"height":1440,"url":"https:\/\/prochaska.eu\/wp-content\/uploads\/2024\/06\/kehrbuerste-toro-winterdienst-prochaska-e1588928472130.jpg","type":"image\/jpeg"}],"twitter_card":"summary_large_image","twitter_misc":{"Timp estimat pentru citire":"1 minut"},"schema":{"@context":"https:\/\/schema.org","@graph":[{"@type":"WebPage","@id":"https:\/\/prochaska.eu\/ro\/produs\/toro-siteworks-maturatoare-powerbroom-38700\/","url":"https:\/\/prochaska.eu\/ro\/produs\/toro-siteworks-maturatoare-powerbroom-38700\/","name":"Toro - Siteworks - M\u0103tur\u0103toare - PowerBroom - 38700 - Prochaska","isPartOf":{"@id":"https:\/\/prochaska.eu\/ro\/#website"},"primaryImageOfPage":{"@id":"https:\/\/prochaska.eu\/ro\/produs\/toro-siteworks-maturatoare-powerbroom-38700\/#primaryimage"},"image":{"@id":"https:\/\/prochaska.eu\/ro\/produs\/toro-siteworks-maturatoare-powerbroom-38700\/#primaryimage"},"thumbnailUrl":"https:\/\/prochaska.eu\/wp-content\/uploads\/2024\/06\/kehrbuerste-toro-winterdienst-prochaska-e1588928472130.jpg","datePublished":"2019-09-24T15:05:06+00:00","breadcrumb":{"@id":"https:\/\/prochaska.eu\/ro\/produs\/toro-siteworks-maturatoare-powerbroom-38700\/#breadcrumb"},"inLanguage":"ro-RO","potentialAction":[{"@type":"ReadAction","target":["https:\/\/prochaska.eu\/ro\/produs\/toro-siteworks-maturatoare-powerbroom-38700\/"]}]},{"@type":"ImageObject","inLanguage":"ro-RO","@id":"https:\/\/prochaska.eu\/ro\/produs\/toro-siteworks-maturatoare-powerbroom-38700\/#primaryimage","url":"https:\/\/prochaska.eu\/wp-content\/uploads\/2024\/06\/kehrbuerste-toro-winterdienst-prochaska-e1588928472130.jpg","contentUrl":"https:\/\/prochaska.eu\/wp-content\/uploads\/2024\/06\/kehrbuerste-toro-winterdienst-prochaska-e1588928472130.jpg","width":1440,"height":1440},{"@type":"BreadcrumbList","@id":"https:\/\/prochaska.eu\/ro\/produs\/toro-siteworks-maturatoare-powerbroom-38700\/#breadcrumb","itemListElement":[{"@type":"ListItem","position":1,"name":"Home","item":"https:\/\/prochaska.eu\/ro\/"},{"@type":"ListItem","position":2,"name":"Shop","item":"https:\/\/prochaska.eu\/ro\/shop\/"},{"@type":"ListItem","position":3,"name":"Toro &#8211; Siteworks &#8211; M\u0103tur\u0103toare &#8211; PowerBroom &#8211; 38700"}]},{"@type":"WebSite","@id":"https:\/\/prochaska.eu\/ro\/#website","url":"https:\/\/prochaska.eu\/ro\/","name":"Prochaska","description":"Spezialist f\u00fcr Pflege von Gr\u00fcnfl\u00e4chen","publisher":{"@id":"https:\/\/prochaska.eu\/ro\/#organization"},"potentialAction":[{"@type":"SearchAction","target":{"@type":"EntryPoint","urlTemplate":"https:\/\/prochaska.eu\/ro\/?s={search_term_string}"},"query-input":{"@type":"PropertyValueSpecification","valueRequired":true,"valueName":"search_term_string"}}],"inLanguage":"ro-RO"},{"@type":"Organization","@id":"https:\/\/prochaska.eu\/ro\/#organization","name":"Prochaska","url":"https:\/\/prochaska.eu\/ro\/","logo":{"@type":"ImageObject","inLanguage":"ro-RO","@id":"https:\/\/prochaska.eu\/ro\/#\/schema\/logo\/image\/","url":"https:\/\/prochaska.eu\/wp-content\/uploads\/2024\/04\/Prochaska_Logo_Black-1.png","contentUrl":"https:\/\/prochaska.eu\/wp-content\/uploads\/2024\/04\/Prochaska_Logo_Black-1.png","width":796,"height":236,"caption":"Prochaska"},"image":{"@id":"https:\/\/prochaska.eu\/ro\/#\/schema\/logo\/image\/"},"sameAs":["https:\/\/www.facebook.com\/prochaska.eu\/","https:\/\/www.instagram.com\/prochaska.eu\/","https:\/\/www.linkedin.com\/company\/prochaska-handels-gmbh"]}]}},"brands":[{"id":3073,"name":"Toro","slug":"toro-ro"}],"_links":{"self":[{"href":"https:\/\/prochaska.eu\/ro\/wp-json\/wp\/v2\/product\/26161","targetHints":{"allow":["GET"]}}],"collection":[{"href":"https:\/\/prochaska.eu\/ro\/wp-json\/wp\/v2\/product"}],"about":[{"href":"https:\/\/prochaska.eu\/ro\/wp-json\/wp\/v2\/types\/product"}],"version-history":[{"count":0,"href":"https:\/\/prochaska.eu\/ro\/wp-json\/wp\/v2\/product\/26161\/revisions"}],"wp:featuredmedia":[{"embeddable":true,"href":"https:\/\/prochaska.eu\/ro\/wp-json\/wp\/v2\/media\/21507"}],"wp:attachment":[{"href":"https:\/\/prochaska.eu\/ro\/wp-json\/wp\/v2\/media?parent=26161"}],"wp:term":[{"taxonomy":"pwb-brand","embeddable":true,"href":"https:\/\/prochaska.eu\/ro\/wp-json\/wp\/v2\/pwb-brand?post=26161"},{"taxonomy":"product_brand","embeddable":true,"href":"https:\/\/prochaska.eu\/ro\/wp-json\/wp\/v2\/product_brand?post=26161"},{"taxonomy":"product_cat","embeddable":true,"href":"https:\/\/prochaska.eu\/ro\/wp-json\/wp\/v2\/product_cat?post=26161"},{"taxonomy":"product_tag","embeddable":true,"href":"https:\/\/prochaska.eu\/ro\/wp-json\/wp\/v2\/product_tag?post=26161"}],"curies":[{"name":"wp","href":"https:\/\/api.w.org\/{rel}","templated":true}]}}