{"id":26372,"date":"2020-04-09T13:36:04","date_gmt":"2020-04-09T13:36:04","guid":{"rendered":"https:\/\/prochaska.eu\/product\/toro-recycler-masina-de-tuns-iarba-fara-fir-60v-set-21863-21864\/"},"modified":"2026-04-22T02:08:58","modified_gmt":"2026-04-22T02:08:58","slug":"toro-recycler-masina-de-tuns-iarba-fara-fir-60v-set-21863-21864","status":"publish","type":"product","link":"https:\/\/prochaska.eu\/ro\/produs\/toro-recycler-masina-de-tuns-iarba-fara-fir-60v-set-21863-21864\/","title":{"rendered":"Toro &#8211; Recycler &#8211; Ma\u0219in\u0103 de tuns iarba f\u0103r\u0103 fir &#8211; 60V &#8211; Set &#8211; 21863 &#8211; 21864"},"content":{"rendered":"<p style=\"text-align: left;\">Noul sistem de alimentare Flex-Force de la <a href=\"https:\/\/www.prochaska.eu\/toro\/\">Toro<\/a> reprezint\u0103 performan\u021b\u0103 simpl\u0103! Acest lucru \u00eenseamn\u0103 c\u0103 mai mult\u0103 munc\u0103 poate fi efectuat\u0103 \u00een mai pu\u021bin timp. Ma\u0219ina de tuns iarba f\u0103r\u0103 fir de 60V de la <a href=\"https:\/\/www.prochaska.eu\/toro\/\">Toro <\/a>este nou\u0103 pe pia\u021b\u0103. Dispozitivul este u\u0219or de pornit, u\u0219or de utilizat \u0219i nu necesit\u0103 \u00eentre\u021binere. Modelul 21863\/21864 are o l\u0103\u021bime de t\u0103iere de 55 cm \u0219i un motor DC f\u0103r\u0103 perii. Lama lat\u0103 v\u0103 permite s\u0103 tunde\u021bi benzi largi \u0219i s\u0103 v\u0103 face\u021bi treaba mai repede. Suprafe\u021be de p\u00e2n\u0103 la 1.300m\u00b2 pot fi prelucrate f\u0103r\u0103 efort. Axa de trac\u021biune suplimentar\u0103 faciliteaz\u0103 manevrarea ma\u0219inii de tuns iarba. Cu sistemul de ac\u021bionare automat\u0103 \u0219i controlul trac\u021biunii, pute\u021bi tunde la o vitez\u0103 adaptat\u0103 utilizatorului.<\/p>\n<h2 style=\"text-align: left;\">Pachetul Toro<\/h2>\n<p style=\"text-align: left;\">Pachetul <a href=\"https:\/\/www.prochaska.eu\/toro\/\">Toro <\/a>include o ma\u0219in\u0103 de tuns iarba Toro Recycler de 55 cm, o baterie de 6Ah, 324 Wh \u0219i un \u00eenc\u0103rc\u0103tor universal. Bateria Toro este potrivit\u0103 pentru gr\u0103dinile mici \u0219i mijlocii. \u00cenc\u0103rc\u0103torul Flex-Force de la Toro este de asemenea inclus \u00een set.<\/p>\n<h2 style=\"text-align: left;\">Beneficiile produsului<\/h2>\n<ul style=\"text-align: left;\">\n<li>Pornire electric\u0103 pentru o utilizare u\u0219oar\u0103 a ma\u0219inii de tuns iarba<\/li>\n<li style=\"text-align: left;\">Fr\u00e2n\u0103 lam\u0103 pentru lucru \u00een siguran\u021b\u0103<\/li>\n<li style=\"text-align: left;\">Sistem automat de ac\u021bionare pentru reglarea vitezei<\/li>\n<li style=\"text-align: left;\">Reciclator comutabil (comutare \u00eentre sistemul de captare din spate \u0219i reciclator)<\/li>\n<li style=\"text-align: left;\">SmartStow &#8211; depozitare cu economie de spa\u021biu datorit\u0103 vertical\u0103 pliabil\u0103<\/li>\n<li style=\"text-align: left;\">Profil grosier al ro\u021bii pentru aderen\u021b\u0103 suplimentar\u0103<\/li>\n<li style=\"text-align: left;\">\u00centre\u021binere u\u0219oar\u0103 (motor f\u0103r\u0103 perii)<\/li>\n<li style=\"text-align: left;\">Platform\u0103 de tuns iarba din o\u021bel pentru o durat\u0103 lung\u0103 de via\u021b\u0103<\/li>\n<li>L\u0103\u021bime de t\u0103iere 55cm, 4 trepte, 25-102mm<\/li>\n<li>Trac\u021biune spate<\/li>\n<li>Func\u021bie 2 \u00een 1 (colectare, mulcire \u0219i evacuare lateral\u0103 op\u021bional\u0103)<\/li>\n<\/ul>\n<h2 style=\"text-align: left;\">Accesorii op\u021bionale<\/h2>\n<ul>\n<li style=\"text-align: left;\"><a href=\"https:\/\/www.prochaska.eu\/produkt\/ersatzmesser-atomic-55-cm-fuer-toro-20960-20961-20959-und-20954\/\">Lam\u0103 de schimb Toro Atomic 55 cm<\/a><\/li>\n<\/ul>\n<p>&nbsp;<\/p>\n<p><iframe title=\"New Toro  21&quot; 60V Electric Lawn Mower\" width=\"800\" height=\"450\" src=\"https:\/\/www.youtube.com\/embed\/cvz4pQMQzxg?feature=oembed\" frameborder=\"0\" allow=\"accelerometer; autoplay; clipboard-write; encrypted-media; gyroscope; picture-in-picture; web-share\" referrerpolicy=\"strict-origin-when-cross-origin\" allowfullscreen><\/iframe><\/p>\n","protected":false},"excerpt":{"rendered":"<p>Ma\u0219ina de tuns iarb\u0103 f\u0103r\u0103 fir 60V Recycler de la Toro are o l\u0103\u021bime de t\u0103iere de 55 cm \u0219i este potrivit\u0103 pentru suprafe\u021be de p\u00e2n\u0103 la 1.300 m\u00b2.<\/p>\n","protected":false},"featured_media":28942,"template":"","meta":[],"pwb-brand":[3073],"product_brand":[],"product_cat":[1105,1149,1151,1217,1071,1093,3140],"product_tag":[3120],"class_list":{"0":"post-26372","1":"product","2":"type-product","3":"status-publish","4":"has-post-thumbnail","6":"pwb-brand-toro-ro","7":"product_cat-casa-si-gradina","8":"product_cat-cositoare-de-gazon","9":"product_cat-cositoare-de-gazon-fara-fir","10":"product_cat-cositoare-de-gazon-manuala","11":"product_cat-discount","12":"product_cat-dispozitive-alimentate-cu-baterii","13":"product_cat-reduceri-pentru-marca-toro","14":"product_tag-60-v-ro","16":"first","17":"instock","18":"taxable","19":"shipping-taxable","20":"purchasable","21":"product-type-simple"},"yoast_head":"<!-- This site is optimized with the Yoast SEO plugin v27.4 - https:\/\/yoast.com\/product\/yoast-seo-wordpress\/ -->\n<title>Toro - Recycler - Ma\u0219in\u0103 de tuns iarba f\u0103r\u0103 fir - 60V - Set - 21863 - 21864 - Prochaska<\/title>\n<meta name=\"robots\" content=\"index, follow, max-snippet:-1, max-image-preview:large, max-video-preview:-1\" \/>\n<link rel=\"canonical\" href=\"https:\/\/prochaska.eu\/ro\/produs\/toro-recycler-masina-de-tuns-iarba-fara-fir-60v-set-21863-21864\/\" \/>\n<meta property=\"og:locale\" content=\"ro_RO\" \/>\n<meta property=\"og:type\" content=\"article\" \/>\n<meta property=\"og:title\" content=\"Toro - Recycler - Ma\u0219in\u0103 de tuns iarba f\u0103r\u0103 fir - 60V - Set - 21863 - 21864 - Prochaska\" \/>\n<meta property=\"og:description\" content=\"Ma\u0219ina de tuns iarb\u0103 f\u0103r\u0103 fir 60V Recycler de la Toro are o l\u0103\u021bime de t\u0103iere de 55 cm \u0219i este potrivit\u0103 pentru suprafe\u021be de p\u00e2n\u0103 la 1.300 m\u00b2.\" \/>\n<meta property=\"og:url\" content=\"https:\/\/prochaska.eu\/ro\/produs\/toro-recycler-masina-de-tuns-iarba-fara-fir-60v-set-21863-21864\/\" \/>\n<meta property=\"og:site_name\" content=\"Prochaska\" \/>\n<meta property=\"article:publisher\" content=\"https:\/\/www.facebook.com\/prochaska.eu\/\" \/>\n<meta property=\"article:modified_time\" content=\"2026-04-22T02:08:58+00:00\" \/>\n<meta property=\"og:image\" content=\"https:\/\/prochaska.eu\/wp-content\/uploads\/2020\/04\/Toro-Recycler-Akku-Rasenmaher-60V-Set-21863-21864.webp\" \/>\n\t<meta property=\"og:image:width\" content=\"1000\" \/>\n\t<meta property=\"og:image:height\" content=\"1000\" \/>\n\t<meta property=\"og:image:type\" content=\"image\/webp\" \/>\n<meta name=\"twitter:card\" content=\"summary_large_image\" \/>\n<meta name=\"twitter:label1\" content=\"Timp estimat pentru citire\" \/>\n\t<meta name=\"twitter:data1\" content=\"2 minute\" \/>\n<script type=\"application\/ld+json\" class=\"yoast-schema-graph\">{\"@context\":\"https:\\\/\\\/schema.org\",\"@graph\":[{\"@type\":\"WebPage\",\"@id\":\"https:\\\/\\\/prochaska.eu\\\/ro\\\/produs\\\/toro-recycler-masina-de-tuns-iarba-fara-fir-60v-set-21863-21864\\\/\",\"url\":\"https:\\\/\\\/prochaska.eu\\\/ro\\\/produs\\\/toro-recycler-masina-de-tuns-iarba-fara-fir-60v-set-21863-21864\\\/\",\"name\":\"Toro - Recycler - Ma\u0219in\u0103 de tuns iarba f\u0103r\u0103 fir - 60V - Set - 21863 - 21864 - Prochaska\",\"isPartOf\":{\"@id\":\"https:\\\/\\\/prochaska.eu\\\/ro\\\/#website\"},\"primaryImageOfPage\":{\"@id\":\"https:\\\/\\\/prochaska.eu\\\/ro\\\/produs\\\/toro-recycler-masina-de-tuns-iarba-fara-fir-60v-set-21863-21864\\\/#primaryimage\"},\"image\":{\"@id\":\"https:\\\/\\\/prochaska.eu\\\/ro\\\/produs\\\/toro-recycler-masina-de-tuns-iarba-fara-fir-60v-set-21863-21864\\\/#primaryimage\"},\"thumbnailUrl\":\"https:\\\/\\\/prochaska.eu\\\/wp-content\\\/uploads\\\/2020\\\/04\\\/Toro-Recycler-Akku-Rasenmaher-60V-Set-21863-21864.webp\",\"datePublished\":\"2020-04-09T13:36:04+00:00\",\"dateModified\":\"2026-04-22T02:08:58+00:00\",\"breadcrumb\":{\"@id\":\"https:\\\/\\\/prochaska.eu\\\/ro\\\/produs\\\/toro-recycler-masina-de-tuns-iarba-fara-fir-60v-set-21863-21864\\\/#breadcrumb\"},\"inLanguage\":\"ro-RO\",\"potentialAction\":[{\"@type\":\"ReadAction\",\"target\":[\"https:\\\/\\\/prochaska.eu\\\/ro\\\/produs\\\/toro-recycler-masina-de-tuns-iarba-fara-fir-60v-set-21863-21864\\\/\"]}]},{\"@type\":\"ImageObject\",\"inLanguage\":\"ro-RO\",\"@id\":\"https:\\\/\\\/prochaska.eu\\\/ro\\\/produs\\\/toro-recycler-masina-de-tuns-iarba-fara-fir-60v-set-21863-21864\\\/#primaryimage\",\"url\":\"https:\\\/\\\/prochaska.eu\\\/wp-content\\\/uploads\\\/2020\\\/04\\\/Toro-Recycler-Akku-Rasenmaher-60V-Set-21863-21864.webp\",\"contentUrl\":\"https:\\\/\\\/prochaska.eu\\\/wp-content\\\/uploads\\\/2020\\\/04\\\/Toro-Recycler-Akku-Rasenmaher-60V-Set-21863-21864.webp\",\"width\":1000,\"height\":1000},{\"@type\":\"BreadcrumbList\",\"@id\":\"https:\\\/\\\/prochaska.eu\\\/ro\\\/produs\\\/toro-recycler-masina-de-tuns-iarba-fara-fir-60v-set-21863-21864\\\/#breadcrumb\",\"itemListElement\":[{\"@type\":\"ListItem\",\"position\":1,\"name\":\"Home\",\"item\":\"https:\\\/\\\/prochaska.eu\\\/ro\\\/\"},{\"@type\":\"ListItem\",\"position\":2,\"name\":\"Shop\",\"item\":\"https:\\\/\\\/prochaska.eu\\\/ro\\\/shop\\\/\"},{\"@type\":\"ListItem\",\"position\":3,\"name\":\"Toro &#8211; Recycler &#8211; Ma\u0219in\u0103 de tuns iarba f\u0103r\u0103 fir &#8211; 60V &#8211; Set &#8211; 21863 &#8211; 21864\"}]},{\"@type\":\"WebSite\",\"@id\":\"https:\\\/\\\/prochaska.eu\\\/ro\\\/#website\",\"url\":\"https:\\\/\\\/prochaska.eu\\\/ro\\\/\",\"name\":\"Prochaska\",\"description\":\"Spezialist f\u00fcr Pflege von Gr\u00fcnfl\u00e4chen\",\"publisher\":{\"@id\":\"https:\\\/\\\/prochaska.eu\\\/ro\\\/#organization\"},\"potentialAction\":[{\"@type\":\"SearchAction\",\"target\":{\"@type\":\"EntryPoint\",\"urlTemplate\":\"https:\\\/\\\/prochaska.eu\\\/ro\\\/?s={search_term_string}\"},\"query-input\":{\"@type\":\"PropertyValueSpecification\",\"valueRequired\":true,\"valueName\":\"search_term_string\"}}],\"inLanguage\":\"ro-RO\"},{\"@type\":\"Organization\",\"@id\":\"https:\\\/\\\/prochaska.eu\\\/ro\\\/#organization\",\"name\":\"Prochaska\",\"url\":\"https:\\\/\\\/prochaska.eu\\\/ro\\\/\",\"logo\":{\"@type\":\"ImageObject\",\"inLanguage\":\"ro-RO\",\"@id\":\"https:\\\/\\\/prochaska.eu\\\/ro\\\/#\\\/schema\\\/logo\\\/image\\\/\",\"url\":\"https:\\\/\\\/prochaska.eu\\\/wp-content\\\/uploads\\\/2024\\\/04\\\/Prochaska_Logo_Black-1.png\",\"contentUrl\":\"https:\\\/\\\/prochaska.eu\\\/wp-content\\\/uploads\\\/2024\\\/04\\\/Prochaska_Logo_Black-1.png\",\"width\":796,\"height\":236,\"caption\":\"Prochaska\"},\"image\":{\"@id\":\"https:\\\/\\\/prochaska.eu\\\/ro\\\/#\\\/schema\\\/logo\\\/image\\\/\"},\"sameAs\":[\"https:\\\/\\\/www.facebook.com\\\/prochaska.eu\\\/\",\"https:\\\/\\\/www.instagram.com\\\/prochaska.eu\\\/\",\"https:\\\/\\\/www.linkedin.com\\\/company\\\/prochaska-handels-gmbh\"]}]}<\/script>\n<!-- \/ Yoast SEO plugin. -->","yoast_head_json":{"title":"Toro - Recycler - Ma\u0219in\u0103 de tuns iarba f\u0103r\u0103 fir - 60V - Set - 21863 - 21864 - Prochaska","robots":{"index":"index","follow":"follow","max-snippet":"max-snippet:-1","max-image-preview":"max-image-preview:large","max-video-preview":"max-video-preview:-1"},"canonical":"https:\/\/prochaska.eu\/ro\/produs\/toro-recycler-masina-de-tuns-iarba-fara-fir-60v-set-21863-21864\/","og_locale":"ro_RO","og_type":"article","og_title":"Toro - Recycler - Ma\u0219in\u0103 de tuns iarba f\u0103r\u0103 fir - 60V - Set - 21863 - 21864 - Prochaska","og_description":"Ma\u0219ina de tuns iarb\u0103 f\u0103r\u0103 fir 60V Recycler de la Toro are o l\u0103\u021bime de t\u0103iere de 55 cm \u0219i este potrivit\u0103 pentru suprafe\u021be de p\u00e2n\u0103 la 1.300 m\u00b2.","og_url":"https:\/\/prochaska.eu\/ro\/produs\/toro-recycler-masina-de-tuns-iarba-fara-fir-60v-set-21863-21864\/","og_site_name":"Prochaska","article_publisher":"https:\/\/www.facebook.com\/prochaska.eu\/","article_modified_time":"2026-04-22T02:08:58+00:00","og_image":[{"width":1000,"height":1000,"url":"https:\/\/prochaska.eu\/wp-content\/uploads\/2020\/04\/Toro-Recycler-Akku-Rasenmaher-60V-Set-21863-21864.webp","type":"image\/webp"}],"twitter_card":"summary_large_image","twitter_misc":{"Timp estimat pentru citire":"2 minute"},"schema":{"@context":"https:\/\/schema.org","@graph":[{"@type":"WebPage","@id":"https:\/\/prochaska.eu\/ro\/produs\/toro-recycler-masina-de-tuns-iarba-fara-fir-60v-set-21863-21864\/","url":"https:\/\/prochaska.eu\/ro\/produs\/toro-recycler-masina-de-tuns-iarba-fara-fir-60v-set-21863-21864\/","name":"Toro - Recycler - Ma\u0219in\u0103 de tuns iarba f\u0103r\u0103 fir - 60V - Set - 21863 - 21864 - Prochaska","isPartOf":{"@id":"https:\/\/prochaska.eu\/ro\/#website"},"primaryImageOfPage":{"@id":"https:\/\/prochaska.eu\/ro\/produs\/toro-recycler-masina-de-tuns-iarba-fara-fir-60v-set-21863-21864\/#primaryimage"},"image":{"@id":"https:\/\/prochaska.eu\/ro\/produs\/toro-recycler-masina-de-tuns-iarba-fara-fir-60v-set-21863-21864\/#primaryimage"},"thumbnailUrl":"https:\/\/prochaska.eu\/wp-content\/uploads\/2020\/04\/Toro-Recycler-Akku-Rasenmaher-60V-Set-21863-21864.webp","datePublished":"2020-04-09T13:36:04+00:00","dateModified":"2026-04-22T02:08:58+00:00","breadcrumb":{"@id":"https:\/\/prochaska.eu\/ro\/produs\/toro-recycler-masina-de-tuns-iarba-fara-fir-60v-set-21863-21864\/#breadcrumb"},"inLanguage":"ro-RO","potentialAction":[{"@type":"ReadAction","target":["https:\/\/prochaska.eu\/ro\/produs\/toro-recycler-masina-de-tuns-iarba-fara-fir-60v-set-21863-21864\/"]}]},{"@type":"ImageObject","inLanguage":"ro-RO","@id":"https:\/\/prochaska.eu\/ro\/produs\/toro-recycler-masina-de-tuns-iarba-fara-fir-60v-set-21863-21864\/#primaryimage","url":"https:\/\/prochaska.eu\/wp-content\/uploads\/2020\/04\/Toro-Recycler-Akku-Rasenmaher-60V-Set-21863-21864.webp","contentUrl":"https:\/\/prochaska.eu\/wp-content\/uploads\/2020\/04\/Toro-Recycler-Akku-Rasenmaher-60V-Set-21863-21864.webp","width":1000,"height":1000},{"@type":"BreadcrumbList","@id":"https:\/\/prochaska.eu\/ro\/produs\/toro-recycler-masina-de-tuns-iarba-fara-fir-60v-set-21863-21864\/#breadcrumb","itemListElement":[{"@type":"ListItem","position":1,"name":"Home","item":"https:\/\/prochaska.eu\/ro\/"},{"@type":"ListItem","position":2,"name":"Shop","item":"https:\/\/prochaska.eu\/ro\/shop\/"},{"@type":"ListItem","position":3,"name":"Toro &#8211; Recycler &#8211; Ma\u0219in\u0103 de tuns iarba f\u0103r\u0103 fir &#8211; 60V &#8211; Set &#8211; 21863 &#8211; 21864"}]},{"@type":"WebSite","@id":"https:\/\/prochaska.eu\/ro\/#website","url":"https:\/\/prochaska.eu\/ro\/","name":"Prochaska","description":"Spezialist f\u00fcr Pflege von Gr\u00fcnfl\u00e4chen","publisher":{"@id":"https:\/\/prochaska.eu\/ro\/#organization"},"potentialAction":[{"@type":"SearchAction","target":{"@type":"EntryPoint","urlTemplate":"https:\/\/prochaska.eu\/ro\/?s={search_term_string}"},"query-input":{"@type":"PropertyValueSpecification","valueRequired":true,"valueName":"search_term_string"}}],"inLanguage":"ro-RO"},{"@type":"Organization","@id":"https:\/\/prochaska.eu\/ro\/#organization","name":"Prochaska","url":"https:\/\/prochaska.eu\/ro\/","logo":{"@type":"ImageObject","inLanguage":"ro-RO","@id":"https:\/\/prochaska.eu\/ro\/#\/schema\/logo\/image\/","url":"https:\/\/prochaska.eu\/wp-content\/uploads\/2024\/04\/Prochaska_Logo_Black-1.png","contentUrl":"https:\/\/prochaska.eu\/wp-content\/uploads\/2024\/04\/Prochaska_Logo_Black-1.png","width":796,"height":236,"caption":"Prochaska"},"image":{"@id":"https:\/\/prochaska.eu\/ro\/#\/schema\/logo\/image\/"},"sameAs":["https:\/\/www.facebook.com\/prochaska.eu\/","https:\/\/www.instagram.com\/prochaska.eu\/","https:\/\/www.linkedin.com\/company\/prochaska-handels-gmbh"]}]}},"brands":[{"id":3073,"name":"Toro","slug":"toro-ro"}],"_links":{"self":[{"href":"https:\/\/prochaska.eu\/ro\/wp-json\/wp\/v2\/product\/26372","targetHints":{"allow":["GET"]}}],"collection":[{"href":"https:\/\/prochaska.eu\/ro\/wp-json\/wp\/v2\/product"}],"about":[{"href":"https:\/\/prochaska.eu\/ro\/wp-json\/wp\/v2\/types\/product"}],"version-history":[{"count":0,"href":"https:\/\/prochaska.eu\/ro\/wp-json\/wp\/v2\/product\/26372\/revisions"}],"wp:featuredmedia":[{"embeddable":true,"href":"https:\/\/prochaska.eu\/ro\/wp-json\/wp\/v2\/media\/28942"}],"wp:attachment":[{"href":"https:\/\/prochaska.eu\/ro\/wp-json\/wp\/v2\/media?parent=26372"}],"wp:term":[{"taxonomy":"pwb-brand","embeddable":true,"href":"https:\/\/prochaska.eu\/ro\/wp-json\/wp\/v2\/pwb-brand?post=26372"},{"taxonomy":"product_brand","embeddable":true,"href":"https:\/\/prochaska.eu\/ro\/wp-json\/wp\/v2\/product_brand?post=26372"},{"taxonomy":"product_cat","embeddable":true,"href":"https:\/\/prochaska.eu\/ro\/wp-json\/wp\/v2\/product_cat?post=26372"},{"taxonomy":"product_tag","embeddable":true,"href":"https:\/\/prochaska.eu\/ro\/wp-json\/wp\/v2\/product_tag?post=26372"}],"curies":[{"name":"wp","href":"https:\/\/api.w.org\/{rel}","templated":true}]}}