{"id":26408,"date":"2020-05-04T15:49:04","date_gmt":"2020-05-04T15:49:04","guid":{"rendered":"https:\/\/prochaska.eu\/product\/toro-unitate-de-control-lcd-tempus-dc-od\/"},"modified":"2020-05-04T15:49:04","modified_gmt":"2020-05-04T15:49:04","slug":"toro-unitate-de-control-lcd-tempus-dc-od","status":"publish","type":"product","link":"https:\/\/prochaska.eu\/ro\/produs\/toro-unitate-de-control-lcd-tempus-dc-od\/","title":{"rendered":"Toro &#8211; Unitate de control &#8211; LCD &#8211; Tempus DC &#8211; OD"},"content":{"rendered":"<p style=\"text-align: left;\">Cu noile sale func\u021bii, unitatea de control TEMPUS\u2122 DC este controlerul ideal pentru controlul sistemelor de irigare \u00een zonele f\u0103r\u0103 alimentare cu energie electric\u0103. Conectivitatea Bluetooth este integrat\u0103 \u00een unitatea de comand\u0103, permi\u021b\u00e2nd programarea intuitiv\u0103 cu noua aplica\u021bie Toro. TEMPUS\u2122 DC este disponibil \u00een dou\u0103 versiuni: cu \u0219i f\u0103r\u0103 afi\u0219aj LCD. Ilustra\u021bia prezint\u0103 dispozitivul f\u0103r\u0103 ecran LCD.<\/p>\n<h2 style=\"text-align: left;\">Beneficiile produsului<\/h2>\n<ul style=\"text-align: left;\">\n<li style=\"text-align: left;\">100% rezistent la ap\u0103, cu protec\u021bie la ap\u0103 IP68, poate fi instalat direct \u00een cutia de supape<\/li>\n<li style=\"text-align: left;\">Conectivitate Bluetooth Smart integrat\u0103 pentru programare intuitiv\u0103 prin intermediul aplica\u021biei Tempus DC<\/li>\n<li style=\"text-align: left;\">Echilibru de ap\u0103 de la 0-200% &#8211; Seta\u021bi \u0219i ajusta\u021bi cu u\u0219urin\u021b\u0103 timpii de limitare<\/li>\n<\/ul>\n<h2 style=\"text-align: left;\">Date tehnice pentru unitatea de control<\/h2>\n<ul>\n<li style=\"text-align: left;\">Func\u021bioneaz\u0103 cu baterii: baterii de 9V pentru dispozitivul f\u0103r\u0103 ecran LCD<\/li>\n<li style=\"text-align: left;\">Greutate 260g<\/li>\n<li style=\"text-align: left;\">4 programe independente<\/li>\n<li style=\"text-align: left;\">Timp de irigare de la 1 minut la 8 ore<\/li>\n<li style=\"text-align: left;\">Rezistent la ap\u0103 \u0219i UV: Clasa de protec\u021bie IP68<\/li>\n<li style=\"text-align: left;\">Temperatura de func\u021bionare -10 p\u00e2n\u0103 la +50 \u00b0C<\/li>\n<li style=\"text-align: left;\">Alegerea a 1, 2, 4 sau 6 sta\u021bii<\/li>\n<li style=\"text-align: left;\">3 ore de pornire pe program<\/li>\n<li style=\"text-align: left;\">Senzor wireless de ploaie \u0219i \u00eenghe\u021b<\/li>\n<\/ul>\n<p><iframe title=\"Toro TEMPUS DC Irrigation Controller\" width=\"800\" height=\"450\" src=\"https:\/\/www.youtube.com\/embed\/SfpqyZ26Lg0?feature=oembed\" frameborder=\"0\" allow=\"accelerometer; autoplay; clipboard-write; encrypted-media; gyroscope; picture-in-picture; web-share\" referrerpolicy=\"strict-origin-when-cross-origin\" allowfullscreen><\/iframe><\/p>\n","protected":false},"excerpt":{"rendered":"<p>Noul Tempus DC de la Toro este regulatorul ideal pentru controlul irig\u0103rii \u00een zone f\u0103r\u0103 surs\u0103 de alimentare prin conectivitate Bluetooth integrat\u0103.<\/p>\n","protected":false},"featured_media":21903,"template":"","meta":[],"pwb-brand":[3073],"product_brand":[],"product_cat":[2486],"product_tag":[],"class_list":{"0":"post-26408","1":"product","2":"type-product","3":"status-publish","4":"has-post-thumbnail","6":"pwb-brand-toro-ro","7":"product_cat-irigare-ro","9":"first","10":"instock","11":"taxable","12":"shipping-taxable","13":"product-type-variable"},"yoast_head":"<!-- This site is optimized with the Yoast SEO plugin v27.4 - https:\/\/yoast.com\/product\/yoast-seo-wordpress\/ -->\n<title>Toro - Unitate de control - LCD - Tempus DC - OD - Prochaska<\/title>\n<meta name=\"robots\" content=\"index, follow, max-snippet:-1, max-image-preview:large, max-video-preview:-1\" \/>\n<link rel=\"canonical\" href=\"https:\/\/prochaska.eu\/ro\/produs\/toro-unitate-de-control-lcd-tempus-dc-od\/\" \/>\n<meta property=\"og:locale\" content=\"ro_RO\" \/>\n<meta property=\"og:type\" content=\"article\" \/>\n<meta property=\"og:title\" content=\"Toro - Unitate de control - LCD - Tempus DC - OD - Prochaska\" \/>\n<meta property=\"og:description\" content=\"Noul Tempus DC de la Toro este regulatorul ideal pentru controlul irig\u0103rii \u00een zone f\u0103r\u0103 surs\u0103 de alimentare prin conectivitate Bluetooth integrat\u0103.\" \/>\n<meta property=\"og:url\" content=\"https:\/\/prochaska.eu\/ro\/produs\/toro-unitate-de-control-lcd-tempus-dc-od\/\" \/>\n<meta property=\"og:site_name\" content=\"Prochaska\" \/>\n<meta property=\"article:publisher\" content=\"https:\/\/www.facebook.com\/prochaska.eu\/\" \/>\n<meta property=\"og:image\" content=\"https:\/\/prochaska.eu\/wp-content\/uploads\/2024\/06\/steuergeraet-beregnung-tempus-steuerung-dc-od.jpg\" \/>\n\t<meta property=\"og:image:width\" content=\"1440\" \/>\n\t<meta property=\"og:image:height\" content=\"1440\" \/>\n\t<meta property=\"og:image:type\" content=\"image\/jpeg\" \/>\n<meta name=\"twitter:card\" content=\"summary_large_image\" \/>\n<meta name=\"twitter:label1\" content=\"Timp estimat pentru citire\" \/>\n\t<meta name=\"twitter:data1\" content=\"1 minut\" \/>\n<script type=\"application\/ld+json\" class=\"yoast-schema-graph\">{\"@context\":\"https:\\\/\\\/schema.org\",\"@graph\":[{\"@type\":\"WebPage\",\"@id\":\"https:\\\/\\\/prochaska.eu\\\/ro\\\/produs\\\/toro-unitate-de-control-lcd-tempus-dc-od\\\/\",\"url\":\"https:\\\/\\\/prochaska.eu\\\/ro\\\/produs\\\/toro-unitate-de-control-lcd-tempus-dc-od\\\/\",\"name\":\"Toro - Unitate de control - LCD - Tempus DC - OD - Prochaska\",\"isPartOf\":{\"@id\":\"https:\\\/\\\/prochaska.eu\\\/ro\\\/#website\"},\"primaryImageOfPage\":{\"@id\":\"https:\\\/\\\/prochaska.eu\\\/ro\\\/produs\\\/toro-unitate-de-control-lcd-tempus-dc-od\\\/#primaryimage\"},\"image\":{\"@id\":\"https:\\\/\\\/prochaska.eu\\\/ro\\\/produs\\\/toro-unitate-de-control-lcd-tempus-dc-od\\\/#primaryimage\"},\"thumbnailUrl\":\"https:\\\/\\\/prochaska.eu\\\/wp-content\\\/uploads\\\/2024\\\/06\\\/steuergeraet-beregnung-tempus-steuerung-dc-od.jpg\",\"datePublished\":\"2020-05-04T15:49:04+00:00\",\"breadcrumb\":{\"@id\":\"https:\\\/\\\/prochaska.eu\\\/ro\\\/produs\\\/toro-unitate-de-control-lcd-tempus-dc-od\\\/#breadcrumb\"},\"inLanguage\":\"ro-RO\",\"potentialAction\":[{\"@type\":\"ReadAction\",\"target\":[\"https:\\\/\\\/prochaska.eu\\\/ro\\\/produs\\\/toro-unitate-de-control-lcd-tempus-dc-od\\\/\"]}]},{\"@type\":\"ImageObject\",\"inLanguage\":\"ro-RO\",\"@id\":\"https:\\\/\\\/prochaska.eu\\\/ro\\\/produs\\\/toro-unitate-de-control-lcd-tempus-dc-od\\\/#primaryimage\",\"url\":\"https:\\\/\\\/prochaska.eu\\\/wp-content\\\/uploads\\\/2024\\\/06\\\/steuergeraet-beregnung-tempus-steuerung-dc-od.jpg\",\"contentUrl\":\"https:\\\/\\\/prochaska.eu\\\/wp-content\\\/uploads\\\/2024\\\/06\\\/steuergeraet-beregnung-tempus-steuerung-dc-od.jpg\",\"width\":1440,\"height\":1440},{\"@type\":\"BreadcrumbList\",\"@id\":\"https:\\\/\\\/prochaska.eu\\\/ro\\\/produs\\\/toro-unitate-de-control-lcd-tempus-dc-od\\\/#breadcrumb\",\"itemListElement\":[{\"@type\":\"ListItem\",\"position\":1,\"name\":\"Home\",\"item\":\"https:\\\/\\\/prochaska.eu\\\/ro\\\/\"},{\"@type\":\"ListItem\",\"position\":2,\"name\":\"Shop\",\"item\":\"https:\\\/\\\/prochaska.eu\\\/ro\\\/shop\\\/\"},{\"@type\":\"ListItem\",\"position\":3,\"name\":\"Toro &#8211; Unitate de control &#8211; LCD &#8211; Tempus DC &#8211; OD\"}]},{\"@type\":\"WebSite\",\"@id\":\"https:\\\/\\\/prochaska.eu\\\/ro\\\/#website\",\"url\":\"https:\\\/\\\/prochaska.eu\\\/ro\\\/\",\"name\":\"Prochaska\",\"description\":\"Spezialist f\u00fcr Pflege von Gr\u00fcnfl\u00e4chen\",\"publisher\":{\"@id\":\"https:\\\/\\\/prochaska.eu\\\/ro\\\/#organization\"},\"potentialAction\":[{\"@type\":\"SearchAction\",\"target\":{\"@type\":\"EntryPoint\",\"urlTemplate\":\"https:\\\/\\\/prochaska.eu\\\/ro\\\/?s={search_term_string}\"},\"query-input\":{\"@type\":\"PropertyValueSpecification\",\"valueRequired\":true,\"valueName\":\"search_term_string\"}}],\"inLanguage\":\"ro-RO\"},{\"@type\":\"Organization\",\"@id\":\"https:\\\/\\\/prochaska.eu\\\/ro\\\/#organization\",\"name\":\"Prochaska\",\"url\":\"https:\\\/\\\/prochaska.eu\\\/ro\\\/\",\"logo\":{\"@type\":\"ImageObject\",\"inLanguage\":\"ro-RO\",\"@id\":\"https:\\\/\\\/prochaska.eu\\\/ro\\\/#\\\/schema\\\/logo\\\/image\\\/\",\"url\":\"https:\\\/\\\/prochaska.eu\\\/wp-content\\\/uploads\\\/2024\\\/04\\\/Prochaska_Logo_Black-1.png\",\"contentUrl\":\"https:\\\/\\\/prochaska.eu\\\/wp-content\\\/uploads\\\/2024\\\/04\\\/Prochaska_Logo_Black-1.png\",\"width\":796,\"height\":236,\"caption\":\"Prochaska\"},\"image\":{\"@id\":\"https:\\\/\\\/prochaska.eu\\\/ro\\\/#\\\/schema\\\/logo\\\/image\\\/\"},\"sameAs\":[\"https:\\\/\\\/www.facebook.com\\\/prochaska.eu\\\/\",\"https:\\\/\\\/www.instagram.com\\\/prochaska.eu\\\/\",\"https:\\\/\\\/www.linkedin.com\\\/company\\\/prochaska-handels-gmbh\"]}]}<\/script>\n<!-- \/ Yoast SEO plugin. -->","yoast_head_json":{"title":"Toro - Unitate de control - LCD - Tempus DC - OD - Prochaska","robots":{"index":"index","follow":"follow","max-snippet":"max-snippet:-1","max-image-preview":"max-image-preview:large","max-video-preview":"max-video-preview:-1"},"canonical":"https:\/\/prochaska.eu\/ro\/produs\/toro-unitate-de-control-lcd-tempus-dc-od\/","og_locale":"ro_RO","og_type":"article","og_title":"Toro - Unitate de control - LCD - Tempus DC - OD - Prochaska","og_description":"Noul Tempus DC de la Toro este regulatorul ideal pentru controlul irig\u0103rii \u00een zone f\u0103r\u0103 surs\u0103 de alimentare prin conectivitate Bluetooth integrat\u0103.","og_url":"https:\/\/prochaska.eu\/ro\/produs\/toro-unitate-de-control-lcd-tempus-dc-od\/","og_site_name":"Prochaska","article_publisher":"https:\/\/www.facebook.com\/prochaska.eu\/","og_image":[{"width":1440,"height":1440,"url":"https:\/\/prochaska.eu\/wp-content\/uploads\/2024\/06\/steuergeraet-beregnung-tempus-steuerung-dc-od.jpg","type":"image\/jpeg"}],"twitter_card":"summary_large_image","twitter_misc":{"Timp estimat pentru citire":"1 minut"},"schema":{"@context":"https:\/\/schema.org","@graph":[{"@type":"WebPage","@id":"https:\/\/prochaska.eu\/ro\/produs\/toro-unitate-de-control-lcd-tempus-dc-od\/","url":"https:\/\/prochaska.eu\/ro\/produs\/toro-unitate-de-control-lcd-tempus-dc-od\/","name":"Toro - Unitate de control - LCD - Tempus DC - OD - Prochaska","isPartOf":{"@id":"https:\/\/prochaska.eu\/ro\/#website"},"primaryImageOfPage":{"@id":"https:\/\/prochaska.eu\/ro\/produs\/toro-unitate-de-control-lcd-tempus-dc-od\/#primaryimage"},"image":{"@id":"https:\/\/prochaska.eu\/ro\/produs\/toro-unitate-de-control-lcd-tempus-dc-od\/#primaryimage"},"thumbnailUrl":"https:\/\/prochaska.eu\/wp-content\/uploads\/2024\/06\/steuergeraet-beregnung-tempus-steuerung-dc-od.jpg","datePublished":"2020-05-04T15:49:04+00:00","breadcrumb":{"@id":"https:\/\/prochaska.eu\/ro\/produs\/toro-unitate-de-control-lcd-tempus-dc-od\/#breadcrumb"},"inLanguage":"ro-RO","potentialAction":[{"@type":"ReadAction","target":["https:\/\/prochaska.eu\/ro\/produs\/toro-unitate-de-control-lcd-tempus-dc-od\/"]}]},{"@type":"ImageObject","inLanguage":"ro-RO","@id":"https:\/\/prochaska.eu\/ro\/produs\/toro-unitate-de-control-lcd-tempus-dc-od\/#primaryimage","url":"https:\/\/prochaska.eu\/wp-content\/uploads\/2024\/06\/steuergeraet-beregnung-tempus-steuerung-dc-od.jpg","contentUrl":"https:\/\/prochaska.eu\/wp-content\/uploads\/2024\/06\/steuergeraet-beregnung-tempus-steuerung-dc-od.jpg","width":1440,"height":1440},{"@type":"BreadcrumbList","@id":"https:\/\/prochaska.eu\/ro\/produs\/toro-unitate-de-control-lcd-tempus-dc-od\/#breadcrumb","itemListElement":[{"@type":"ListItem","position":1,"name":"Home","item":"https:\/\/prochaska.eu\/ro\/"},{"@type":"ListItem","position":2,"name":"Shop","item":"https:\/\/prochaska.eu\/ro\/shop\/"},{"@type":"ListItem","position":3,"name":"Toro &#8211; Unitate de control &#8211; LCD &#8211; Tempus DC &#8211; OD"}]},{"@type":"WebSite","@id":"https:\/\/prochaska.eu\/ro\/#website","url":"https:\/\/prochaska.eu\/ro\/","name":"Prochaska","description":"Spezialist f\u00fcr Pflege von Gr\u00fcnfl\u00e4chen","publisher":{"@id":"https:\/\/prochaska.eu\/ro\/#organization"},"potentialAction":[{"@type":"SearchAction","target":{"@type":"EntryPoint","urlTemplate":"https:\/\/prochaska.eu\/ro\/?s={search_term_string}"},"query-input":{"@type":"PropertyValueSpecification","valueRequired":true,"valueName":"search_term_string"}}],"inLanguage":"ro-RO"},{"@type":"Organization","@id":"https:\/\/prochaska.eu\/ro\/#organization","name":"Prochaska","url":"https:\/\/prochaska.eu\/ro\/","logo":{"@type":"ImageObject","inLanguage":"ro-RO","@id":"https:\/\/prochaska.eu\/ro\/#\/schema\/logo\/image\/","url":"https:\/\/prochaska.eu\/wp-content\/uploads\/2024\/04\/Prochaska_Logo_Black-1.png","contentUrl":"https:\/\/prochaska.eu\/wp-content\/uploads\/2024\/04\/Prochaska_Logo_Black-1.png","width":796,"height":236,"caption":"Prochaska"},"image":{"@id":"https:\/\/prochaska.eu\/ro\/#\/schema\/logo\/image\/"},"sameAs":["https:\/\/www.facebook.com\/prochaska.eu\/","https:\/\/www.instagram.com\/prochaska.eu\/","https:\/\/www.linkedin.com\/company\/prochaska-handels-gmbh"]}]}},"brands":[{"id":3073,"name":"Toro","slug":"toro-ro"}],"_links":{"self":[{"href":"https:\/\/prochaska.eu\/ro\/wp-json\/wp\/v2\/product\/26408","targetHints":{"allow":["GET"]}}],"collection":[{"href":"https:\/\/prochaska.eu\/ro\/wp-json\/wp\/v2\/product"}],"about":[{"href":"https:\/\/prochaska.eu\/ro\/wp-json\/wp\/v2\/types\/product"}],"version-history":[{"count":0,"href":"https:\/\/prochaska.eu\/ro\/wp-json\/wp\/v2\/product\/26408\/revisions"}],"wp:featuredmedia":[{"embeddable":true,"href":"https:\/\/prochaska.eu\/ro\/wp-json\/wp\/v2\/media\/21903"}],"wp:attachment":[{"href":"https:\/\/prochaska.eu\/ro\/wp-json\/wp\/v2\/media?parent=26408"}],"wp:term":[{"taxonomy":"pwb-brand","embeddable":true,"href":"https:\/\/prochaska.eu\/ro\/wp-json\/wp\/v2\/pwb-brand?post=26408"},{"taxonomy":"product_brand","embeddable":true,"href":"https:\/\/prochaska.eu\/ro\/wp-json\/wp\/v2\/product_brand?post=26408"},{"taxonomy":"product_cat","embeddable":true,"href":"https:\/\/prochaska.eu\/ro\/wp-json\/wp\/v2\/product_cat?post=26408"},{"taxonomy":"product_tag","embeddable":true,"href":"https:\/\/prochaska.eu\/ro\/wp-json\/wp\/v2\/product_tag?post=26408"}],"curies":[{"name":"wp","href":"https:\/\/api.w.org\/{rel}","templated":true}]}}