{"id":26487,"date":"2020-08-10T10:42:05","date_gmt":"2020-08-10T10:42:05","guid":{"rendered":"https:\/\/prochaska.eu\/product\/freza-de-zapada-toro-power-clear-6060-6075-60v-set-31853\/"},"modified":"2020-08-10T10:42:05","modified_gmt":"2020-08-10T10:42:05","slug":"freza-de-zapada-toro-power-clear-6060-6075-60v-set-31853","status":"publish","type":"product","link":"https:\/\/prochaska.eu\/ro\/produs\/freza-de-zapada-toro-power-clear-6060-6075-60v-set-31853\/","title":{"rendered":"Frez\u0103 de z\u0103pad\u0103 TORO &#8211; Power Clear 6060\/6075 &#8211; 60V- Set &#8211; 31853"},"content":{"rendered":"<p>Freza de z\u0103pad\u0103 Power Clear 6060\/6075 cu o singur\u0103 treapt\u0103 de la <a href=\"https:\/\/www.prochaska.eu\/toro\/\">TORO<\/a> este alimentat\u0103 de o baterie de 60V (7,5Ah) \u0219i are o raz\u0103 de ac\u021biune de p\u00e2n\u0103 la 12 metri. Aparatul face parte din noua serie FLEX-FORCE POWER SYSTEM de la Toro \u0219i este deosebit de ecologic. L\u0103\u021bimea de cur\u0103\u021bare este de 53 cm, iar mecanismul de cur\u0103\u021bare const\u0103 \u00eentr-un rotor curbat cu dou\u0103 lame. Dispozitivul func\u021bioneaz\u0103 cu un rotor All-Steel Power Edge \u0219i are un canal de ejec\u021bie cu un sistem de fermoar curbat. Dispozitivul este potrivit pentru suprafe\u021be de beton \u0219i asfalt \u0219i pentru grosimi de z\u0103pad\u0103 de la 1 la 30 cm.<\/p>\n<h2>PACHETUL TORO<\/h2>\n<p>Pachetul 7 cu baterie de 7,5 Ah:<\/p>\n<p>Pachetul <a href=\"https:\/\/www.prochaska.eu\/toro\/\">TORO<\/a> include o frez\u0103 de z\u0103pad\u0103 Toro Power Clear 6075 de 60 V, precum \u0219i o baterie de 7,5 Ah \u0219i un \u00eenc\u0103rc\u0103tor de 60 V. Capacitatea pe minut cu bateria de 7,5 Ah este de 150 m2, iar timpul de \u00eenc\u0103rcare de 180 de minute.<\/p>\n<h2>AVANTAJELE PRODUSULUI<\/h2>\n<ul>\n<li>Motor f\u0103r\u0103 perii 60V<\/li>\n<li>Rotor Power Edge complet din o\u021bel<\/li>\n<li>Spiral\u0103 de cur\u0103\u021bare din o\u021bel Edge patentat\u0103 pentru z\u0103pad\u0103 tare<\/li>\n<li>Iluminare panoramic\u0103 cu LED pentru o vizibilitate mai bun\u0103<\/li>\n<li>Suport pentru cablu pentru a se asigura c\u0103 cablul nu se desprinde \u00een timpul utiliz\u0103rii<\/li>\n<li>Control simplu al jgheabului de evacuare cu func\u021bia Quick Lever<\/li>\n<\/ul>\n<h2>ACCESORII OP\u021aIONALE<\/h2>\n<ul>\n<li>Baterie 7.5 Ah (\u20ac 359.00)<\/li>\n<li>\u00cenc\u0103rc\u0103tor (\u20ac 59.90)<\/li>\n<li><a href=\"https:\/\/www.prochaska.eu\/produkt\/schneefraesen-schutzabdeckung\/\">Capac (\u20ac 59,90)<\/a><\/li>\n<\/ul>\n","protected":false},"excerpt":{"rendered":"<p>Suflanta de z\u0103pad\u0103 f\u0103r\u0103 fir TORO Power Clear 6060\/6075 este disponibil\u0103 ca set cu o baterie de 6,0 Ah sau 7,5 Ah \u0219i \u00eenc\u0103rc\u0103tor \u0219i poate \u00eendep\u0103rta cu u\u0219urin\u021b\u0103 z\u0103pada tare sau umed\u0103.<\/p>\n","protected":false},"featured_media":21996,"template":"","meta":[],"pwb-brand":[3073],"product_brand":[],"product_cat":[2040,2041],"product_tag":[2046],"class_list":{"0":"post-26487","1":"product","2":"type-product","3":"status-publish","4":"has-post-thumbnail","6":"pwb-brand-toro-ro","7":"product_cat-serviciul-de-iarna","8":"product_cat-suflante-de-zapada","9":"product_tag-suflanta-de-zapada","11":"first","12":"outofstock","13":"taxable","14":"shipping-taxable","15":"purchasable","16":"product-type-variable"},"yoast_head":"<!-- This site is optimized with the Yoast SEO plugin v27.4 - https:\/\/yoast.com\/product\/yoast-seo-wordpress\/ -->\n<title>Frez\u0103 de z\u0103pad\u0103 TORO - Power Clear 6060\/6075 - 60V- Set - 31853 - Prochaska<\/title>\n<meta name=\"robots\" content=\"index, follow, max-snippet:-1, max-image-preview:large, max-video-preview:-1\" \/>\n<link rel=\"canonical\" href=\"https:\/\/prochaska.eu\/ro\/produs\/freza-de-zapada-toro-power-clear-6060-6075-60v-set-31853\/\" \/>\n<meta property=\"og:locale\" content=\"ro_RO\" \/>\n<meta property=\"og:type\" content=\"article\" \/>\n<meta property=\"og:title\" content=\"Frez\u0103 de z\u0103pad\u0103 TORO - Power Clear 6060\/6075 - 60V- Set - 31853 - Prochaska\" \/>\n<meta property=\"og:description\" content=\"Suflanta de z\u0103pad\u0103 f\u0103r\u0103 fir TORO Power Clear 6060\/6075 este disponibil\u0103 ca set cu o baterie de 6,0 Ah sau 7,5 Ah \u0219i \u00eenc\u0103rc\u0103tor \u0219i poate \u00eendep\u0103rta cu u\u0219urin\u021b\u0103 z\u0103pada tare sau umed\u0103.\" \/>\n<meta property=\"og:url\" content=\"https:\/\/prochaska.eu\/ro\/produs\/freza-de-zapada-toro-power-clear-6060-6075-60v-set-31853\/\" \/>\n<meta property=\"og:site_name\" content=\"Prochaska\" \/>\n<meta property=\"article:publisher\" content=\"https:\/\/www.facebook.com\/prochaska.eu\/\" \/>\n<meta property=\"og:image\" content=\"https:\/\/prochaska.eu\/wp-content\/uploads\/2024\/06\/akku-schneefraese-toro-powerclear6060-6075-prochaska-set-b1.jpg\" \/>\n\t<meta property=\"og:image:width\" content=\"1440\" \/>\n\t<meta property=\"og:image:height\" content=\"1440\" \/>\n\t<meta property=\"og:image:type\" content=\"image\/jpeg\" \/>\n<meta name=\"twitter:card\" content=\"summary_large_image\" \/>\n<meta name=\"twitter:label1\" content=\"Timp estimat pentru citire\" \/>\n\t<meta name=\"twitter:data1\" content=\"1 minut\" \/>\n<script type=\"application\/ld+json\" class=\"yoast-schema-graph\">{\"@context\":\"https:\\\/\\\/schema.org\",\"@graph\":[{\"@type\":\"WebPage\",\"@id\":\"https:\\\/\\\/prochaska.eu\\\/ro\\\/produs\\\/freza-de-zapada-toro-power-clear-6060-6075-60v-set-31853\\\/\",\"url\":\"https:\\\/\\\/prochaska.eu\\\/ro\\\/produs\\\/freza-de-zapada-toro-power-clear-6060-6075-60v-set-31853\\\/\",\"name\":\"Frez\u0103 de z\u0103pad\u0103 TORO - Power Clear 6060\\\/6075 - 60V- Set - 31853 - Prochaska\",\"isPartOf\":{\"@id\":\"https:\\\/\\\/prochaska.eu\\\/ro\\\/#website\"},\"primaryImageOfPage\":{\"@id\":\"https:\\\/\\\/prochaska.eu\\\/ro\\\/produs\\\/freza-de-zapada-toro-power-clear-6060-6075-60v-set-31853\\\/#primaryimage\"},\"image\":{\"@id\":\"https:\\\/\\\/prochaska.eu\\\/ro\\\/produs\\\/freza-de-zapada-toro-power-clear-6060-6075-60v-set-31853\\\/#primaryimage\"},\"thumbnailUrl\":\"https:\\\/\\\/prochaska.eu\\\/wp-content\\\/uploads\\\/2024\\\/06\\\/akku-schneefraese-toro-powerclear6060-6075-prochaska-set-b1.jpg\",\"datePublished\":\"2020-08-10T10:42:05+00:00\",\"breadcrumb\":{\"@id\":\"https:\\\/\\\/prochaska.eu\\\/ro\\\/produs\\\/freza-de-zapada-toro-power-clear-6060-6075-60v-set-31853\\\/#breadcrumb\"},\"inLanguage\":\"ro-RO\",\"potentialAction\":[{\"@type\":\"ReadAction\",\"target\":[\"https:\\\/\\\/prochaska.eu\\\/ro\\\/produs\\\/freza-de-zapada-toro-power-clear-6060-6075-60v-set-31853\\\/\"]}]},{\"@type\":\"ImageObject\",\"inLanguage\":\"ro-RO\",\"@id\":\"https:\\\/\\\/prochaska.eu\\\/ro\\\/produs\\\/freza-de-zapada-toro-power-clear-6060-6075-60v-set-31853\\\/#primaryimage\",\"url\":\"https:\\\/\\\/prochaska.eu\\\/wp-content\\\/uploads\\\/2024\\\/06\\\/akku-schneefraese-toro-powerclear6060-6075-prochaska-set-b1.jpg\",\"contentUrl\":\"https:\\\/\\\/prochaska.eu\\\/wp-content\\\/uploads\\\/2024\\\/06\\\/akku-schneefraese-toro-powerclear6060-6075-prochaska-set-b1.jpg\",\"width\":1440,\"height\":1440},{\"@type\":\"BreadcrumbList\",\"@id\":\"https:\\\/\\\/prochaska.eu\\\/ro\\\/produs\\\/freza-de-zapada-toro-power-clear-6060-6075-60v-set-31853\\\/#breadcrumb\",\"itemListElement\":[{\"@type\":\"ListItem\",\"position\":1,\"name\":\"Home\",\"item\":\"https:\\\/\\\/prochaska.eu\\\/ro\\\/\"},{\"@type\":\"ListItem\",\"position\":2,\"name\":\"Shop\",\"item\":\"https:\\\/\\\/prochaska.eu\\\/ro\\\/shop\\\/\"},{\"@type\":\"ListItem\",\"position\":3,\"name\":\"Frez\u0103 de z\u0103pad\u0103 TORO &#8211; Power Clear 6060\\\/6075 &#8211; 60V- Set &#8211; 31853\"}]},{\"@type\":\"WebSite\",\"@id\":\"https:\\\/\\\/prochaska.eu\\\/ro\\\/#website\",\"url\":\"https:\\\/\\\/prochaska.eu\\\/ro\\\/\",\"name\":\"Prochaska\",\"description\":\"Spezialist f\u00fcr Pflege von Gr\u00fcnfl\u00e4chen\",\"publisher\":{\"@id\":\"https:\\\/\\\/prochaska.eu\\\/ro\\\/#organization\"},\"potentialAction\":[{\"@type\":\"SearchAction\",\"target\":{\"@type\":\"EntryPoint\",\"urlTemplate\":\"https:\\\/\\\/prochaska.eu\\\/ro\\\/?s={search_term_string}\"},\"query-input\":{\"@type\":\"PropertyValueSpecification\",\"valueRequired\":true,\"valueName\":\"search_term_string\"}}],\"inLanguage\":\"ro-RO\"},{\"@type\":\"Organization\",\"@id\":\"https:\\\/\\\/prochaska.eu\\\/ro\\\/#organization\",\"name\":\"Prochaska\",\"url\":\"https:\\\/\\\/prochaska.eu\\\/ro\\\/\",\"logo\":{\"@type\":\"ImageObject\",\"inLanguage\":\"ro-RO\",\"@id\":\"https:\\\/\\\/prochaska.eu\\\/ro\\\/#\\\/schema\\\/logo\\\/image\\\/\",\"url\":\"https:\\\/\\\/prochaska.eu\\\/wp-content\\\/uploads\\\/2024\\\/04\\\/Prochaska_Logo_Black-1.png\",\"contentUrl\":\"https:\\\/\\\/prochaska.eu\\\/wp-content\\\/uploads\\\/2024\\\/04\\\/Prochaska_Logo_Black-1.png\",\"width\":796,\"height\":236,\"caption\":\"Prochaska\"},\"image\":{\"@id\":\"https:\\\/\\\/prochaska.eu\\\/ro\\\/#\\\/schema\\\/logo\\\/image\\\/\"},\"sameAs\":[\"https:\\\/\\\/www.facebook.com\\\/prochaska.eu\\\/\",\"https:\\\/\\\/www.instagram.com\\\/prochaska.eu\\\/\",\"https:\\\/\\\/www.linkedin.com\\\/company\\\/prochaska-handels-gmbh\"]}]}<\/script>\n<!-- \/ Yoast SEO plugin. -->","yoast_head_json":{"title":"Frez\u0103 de z\u0103pad\u0103 TORO - Power Clear 6060\/6075 - 60V- Set - 31853 - Prochaska","robots":{"index":"index","follow":"follow","max-snippet":"max-snippet:-1","max-image-preview":"max-image-preview:large","max-video-preview":"max-video-preview:-1"},"canonical":"https:\/\/prochaska.eu\/ro\/produs\/freza-de-zapada-toro-power-clear-6060-6075-60v-set-31853\/","og_locale":"ro_RO","og_type":"article","og_title":"Frez\u0103 de z\u0103pad\u0103 TORO - Power Clear 6060\/6075 - 60V- Set - 31853 - Prochaska","og_description":"Suflanta de z\u0103pad\u0103 f\u0103r\u0103 fir TORO Power Clear 6060\/6075 este disponibil\u0103 ca set cu o baterie de 6,0 Ah sau 7,5 Ah \u0219i \u00eenc\u0103rc\u0103tor \u0219i poate \u00eendep\u0103rta cu u\u0219urin\u021b\u0103 z\u0103pada tare sau umed\u0103.","og_url":"https:\/\/prochaska.eu\/ro\/produs\/freza-de-zapada-toro-power-clear-6060-6075-60v-set-31853\/","og_site_name":"Prochaska","article_publisher":"https:\/\/www.facebook.com\/prochaska.eu\/","og_image":[{"width":1440,"height":1440,"url":"https:\/\/prochaska.eu\/wp-content\/uploads\/2024\/06\/akku-schneefraese-toro-powerclear6060-6075-prochaska-set-b1.jpg","type":"image\/jpeg"}],"twitter_card":"summary_large_image","twitter_misc":{"Timp estimat pentru citire":"1 minut"},"schema":{"@context":"https:\/\/schema.org","@graph":[{"@type":"WebPage","@id":"https:\/\/prochaska.eu\/ro\/produs\/freza-de-zapada-toro-power-clear-6060-6075-60v-set-31853\/","url":"https:\/\/prochaska.eu\/ro\/produs\/freza-de-zapada-toro-power-clear-6060-6075-60v-set-31853\/","name":"Frez\u0103 de z\u0103pad\u0103 TORO - Power Clear 6060\/6075 - 60V- Set - 31853 - Prochaska","isPartOf":{"@id":"https:\/\/prochaska.eu\/ro\/#website"},"primaryImageOfPage":{"@id":"https:\/\/prochaska.eu\/ro\/produs\/freza-de-zapada-toro-power-clear-6060-6075-60v-set-31853\/#primaryimage"},"image":{"@id":"https:\/\/prochaska.eu\/ro\/produs\/freza-de-zapada-toro-power-clear-6060-6075-60v-set-31853\/#primaryimage"},"thumbnailUrl":"https:\/\/prochaska.eu\/wp-content\/uploads\/2024\/06\/akku-schneefraese-toro-powerclear6060-6075-prochaska-set-b1.jpg","datePublished":"2020-08-10T10:42:05+00:00","breadcrumb":{"@id":"https:\/\/prochaska.eu\/ro\/produs\/freza-de-zapada-toro-power-clear-6060-6075-60v-set-31853\/#breadcrumb"},"inLanguage":"ro-RO","potentialAction":[{"@type":"ReadAction","target":["https:\/\/prochaska.eu\/ro\/produs\/freza-de-zapada-toro-power-clear-6060-6075-60v-set-31853\/"]}]},{"@type":"ImageObject","inLanguage":"ro-RO","@id":"https:\/\/prochaska.eu\/ro\/produs\/freza-de-zapada-toro-power-clear-6060-6075-60v-set-31853\/#primaryimage","url":"https:\/\/prochaska.eu\/wp-content\/uploads\/2024\/06\/akku-schneefraese-toro-powerclear6060-6075-prochaska-set-b1.jpg","contentUrl":"https:\/\/prochaska.eu\/wp-content\/uploads\/2024\/06\/akku-schneefraese-toro-powerclear6060-6075-prochaska-set-b1.jpg","width":1440,"height":1440},{"@type":"BreadcrumbList","@id":"https:\/\/prochaska.eu\/ro\/produs\/freza-de-zapada-toro-power-clear-6060-6075-60v-set-31853\/#breadcrumb","itemListElement":[{"@type":"ListItem","position":1,"name":"Home","item":"https:\/\/prochaska.eu\/ro\/"},{"@type":"ListItem","position":2,"name":"Shop","item":"https:\/\/prochaska.eu\/ro\/shop\/"},{"@type":"ListItem","position":3,"name":"Frez\u0103 de z\u0103pad\u0103 TORO &#8211; Power Clear 6060\/6075 &#8211; 60V- Set &#8211; 31853"}]},{"@type":"WebSite","@id":"https:\/\/prochaska.eu\/ro\/#website","url":"https:\/\/prochaska.eu\/ro\/","name":"Prochaska","description":"Spezialist f\u00fcr Pflege von Gr\u00fcnfl\u00e4chen","publisher":{"@id":"https:\/\/prochaska.eu\/ro\/#organization"},"potentialAction":[{"@type":"SearchAction","target":{"@type":"EntryPoint","urlTemplate":"https:\/\/prochaska.eu\/ro\/?s={search_term_string}"},"query-input":{"@type":"PropertyValueSpecification","valueRequired":true,"valueName":"search_term_string"}}],"inLanguage":"ro-RO"},{"@type":"Organization","@id":"https:\/\/prochaska.eu\/ro\/#organization","name":"Prochaska","url":"https:\/\/prochaska.eu\/ro\/","logo":{"@type":"ImageObject","inLanguage":"ro-RO","@id":"https:\/\/prochaska.eu\/ro\/#\/schema\/logo\/image\/","url":"https:\/\/prochaska.eu\/wp-content\/uploads\/2024\/04\/Prochaska_Logo_Black-1.png","contentUrl":"https:\/\/prochaska.eu\/wp-content\/uploads\/2024\/04\/Prochaska_Logo_Black-1.png","width":796,"height":236,"caption":"Prochaska"},"image":{"@id":"https:\/\/prochaska.eu\/ro\/#\/schema\/logo\/image\/"},"sameAs":["https:\/\/www.facebook.com\/prochaska.eu\/","https:\/\/www.instagram.com\/prochaska.eu\/","https:\/\/www.linkedin.com\/company\/prochaska-handels-gmbh"]}]}},"brands":[{"id":3073,"name":"Toro","slug":"toro-ro"}],"_links":{"self":[{"href":"https:\/\/prochaska.eu\/ro\/wp-json\/wp\/v2\/product\/26487","targetHints":{"allow":["GET"]}}],"collection":[{"href":"https:\/\/prochaska.eu\/ro\/wp-json\/wp\/v2\/product"}],"about":[{"href":"https:\/\/prochaska.eu\/ro\/wp-json\/wp\/v2\/types\/product"}],"version-history":[{"count":0,"href":"https:\/\/prochaska.eu\/ro\/wp-json\/wp\/v2\/product\/26487\/revisions"}],"wp:featuredmedia":[{"embeddable":true,"href":"https:\/\/prochaska.eu\/ro\/wp-json\/wp\/v2\/media\/21996"}],"wp:attachment":[{"href":"https:\/\/prochaska.eu\/ro\/wp-json\/wp\/v2\/media?parent=26487"}],"wp:term":[{"taxonomy":"pwb-brand","embeddable":true,"href":"https:\/\/prochaska.eu\/ro\/wp-json\/wp\/v2\/pwb-brand?post=26487"},{"taxonomy":"product_brand","embeddable":true,"href":"https:\/\/prochaska.eu\/ro\/wp-json\/wp\/v2\/product_brand?post=26487"},{"taxonomy":"product_cat","embeddable":true,"href":"https:\/\/prochaska.eu\/ro\/wp-json\/wp\/v2\/product_cat?post=26487"},{"taxonomy":"product_tag","embeddable":true,"href":"https:\/\/prochaska.eu\/ro\/wp-json\/wp\/v2\/product_tag?post=26487"}],"curies":[{"name":"wp","href":"https:\/\/api.w.org\/{rel}","templated":true}]}}