{"id":26723,"date":"2024-06-28T06:35:49","date_gmt":"2024-06-28T06:35:49","guid":{"rendered":"https:\/\/prochaska.eu\/?post_type=product&#038;p=26723"},"modified":"2025-06-12T06:55:06","modified_gmt":"2025-06-12T06:55:06","slug":"icocar-shuttle-42-3-0-lithium","status":"publish","type":"product","link":"https:\/\/prochaska.eu\/ro\/produs\/icocar-shuttle-42-3-0-lithium\/","title":{"rendered":"IcoCar Shuttle 4+2 3.0 LITHIUM"},"content":{"rendered":"<p>6-sitziges Elektrocar mit 48 Volt Elektromotor und einer Reichweite von bis zu 60 Kilometern bei einer H\u00f6chstgeschwindigkeit von max. 25 km\/h.<\/p>\n<p>Hochwertige Verarbeitung , Premiumausstattung sowie modernes und innovatives Design machen dieses Modell zum praktischen Shuttlecar \u00a0in der Hotellerie, beim Camping und vielen anderen Einsatzm\u00f6glichkeiten.<\/p>\n<p>&nbsp;<\/p>\n<h2 style=\"text-align: left;\">Elektro: max. 25 km\/h<\/h2>\n<p>Motor: 48V, Wechselstrom, 5.0 kW (6,8PS)<\/p>\n<p>Batterie: Lithium LiFePO4 105Ah<\/p>\n<p>Reichweite: ca. 60 Kilometer<\/p>\n<p>Ladezeit: ca. 4 Stunden<\/p>\n<p>&nbsp;<\/p>\n<h2 style=\"text-align: left;\">Ausstattung<\/h2>\n<ul style=\"text-align: left;\">\n<li>Eingebautes, automatisches Ladeger\u00e4t<\/li>\n<li>LED Lichtanlage mit Tagfahrlicht, Abblendlicht, Fernlicht, dynamischer Blinker, Bremslicht<\/li>\n<li>Hupe<\/li>\n<li>Hydraulische Scheibenbremsen vorne, Trommelbremsen hinten, fu\u00dfbet\u00e4tigte Parkbremse<\/li>\n<li>Premiumsitze mit dekorativen Ziern\u00e4hten<\/li>\n<li>Sonnen-\/Regendach \u00fcber alle Sitzreihen<\/li>\n<li>Windschutzscheibe aus Sicherheitsglas mit Scheibenwischer<\/li>\n<li>Klappbare R\u00fccksitzbank<\/li>\n<li>Sportlenkrad Carbon Design<\/li>\n<li>2 versperrbare Handschuhf\u00e4cher<\/li>\n<li>Doppel USB-Port<\/li>\n<li>4 Getr\u00e4nkehalter<\/li>\n<li>7\u201c LCD Color Display<\/li>\n<li>12\u201c Alufelgen mit Niederquerschnittbereifung 215\/35-12<\/li>\n<li>Korrosionsfreier Aluminiumrahmen<\/li>\n<li>Seitenspiegel links\/rechts<\/li>\n<li>Sicherheitsgurten<\/li>\n<li>Anh\u00e4ngekupplung<\/li>\n<li>Regenschutz 3-seitig<\/li>\n<\/ul>\n<p>&nbsp;<\/p>\n<h2 style=\"text-align: left;\">Optionales Zubeh\u00f6r<\/h2>\n<ul>\n<li>10 km\/h Stra\u00dfentypisierung<\/li>\n<li>Baghalter f\u00fcr 2 Golfbags<\/li>\n<li>Aschenbecher<\/li>\n<li>Transportwanne aus Kunststoff 100 x 80 cm<\/li>\n<\/ul>\n","protected":false},"excerpt":{"rendered":"<p>Das praktische Elektro-Shuttlecar in Premiumausstattung\u00a0 mit 6 Sitzpl\u00e4tzen.<\/p>\n<p>Der klappbare R\u00fccksitz kann im Handumdrehen zu einer 100 x 80 cm Ladefl\u00e4che\u00a0 umfunktioniert werden.<\/p>\n","protected":false},"featured_media":26726,"template":"","meta":[],"pwb-brand":[3068],"product_brand":[],"product_cat":[184,630],"product_tag":[],"class_list":{"0":"post-26723","1":"product","2":"type-product","3":"status-publish","4":"has-post-thumbnail","6":"pwb-brand-icocar-2","7":"product_cat-e-cars","8":"product_cat-golf-cars-neu-golf-cars","10":"first","11":"instock","12":"taxable","13":"shipping-taxable","14":"purchasable","15":"product-type-simple"},"yoast_head":"<!-- This site is optimized with the Yoast SEO plugin v27.4 - https:\/\/yoast.com\/product\/yoast-seo-wordpress\/ -->\n<title>IcoCar Shuttle 4+2 3.0 LITHIUM - The New Golf Car Generation!<\/title>\n<meta name=\"description\" content=\"Das Ico Car, Modell COMFORT 4+2 AC bietet Platz f\u00fcr sechs Personen und verf\u00fcgt bereits in der Standardausf\u00fchrung \u00fcber viele Extras.\" \/>\n<meta name=\"robots\" content=\"index, follow, max-snippet:-1, max-image-preview:large, max-video-preview:-1\" \/>\n<link rel=\"canonical\" href=\"https:\/\/prochaska.eu\/ro\/produs\/icocar-shuttle-42-3-0-lithium\/\" \/>\n<meta property=\"og:locale\" content=\"ro_RO\" \/>\n<meta property=\"og:type\" content=\"article\" \/>\n<meta property=\"og:title\" content=\"IcoCar Shuttle 4+2 3.0 LITHIUM - The New Golf Car Generation!\" \/>\n<meta property=\"og:description\" content=\"Das Ico Car, Modell COMFORT 4+2 AC bietet Platz f\u00fcr sechs Personen und verf\u00fcgt bereits in der Standardausf\u00fchrung \u00fcber viele Extras.\" \/>\n<meta property=\"og:url\" content=\"https:\/\/prochaska.eu\/ro\/produs\/icocar-shuttle-42-3-0-lithium\/\" \/>\n<meta property=\"og:site_name\" content=\"Prochaska\" \/>\n<meta property=\"article:publisher\" content=\"https:\/\/www.facebook.com\/prochaska.eu\/\" \/>\n<meta property=\"article:modified_time\" content=\"2025-06-12T06:55:06+00:00\" \/>\n<meta property=\"og:image\" content=\"https:\/\/prochaska.eu\/wp-content\/uploads\/2024\/06\/IcoCar-Shuttle-42-3.0-Shuttle-42-3.0-Lithium.png\" \/>\n\t<meta property=\"og:image:width\" content=\"1000\" \/>\n\t<meta property=\"og:image:height\" content=\"1000\" \/>\n\t<meta property=\"og:image:type\" content=\"image\/png\" \/>\n<meta name=\"twitter:card\" content=\"summary_large_image\" \/>\n<meta name=\"twitter:label1\" content=\"Timp estimat pentru citire\" \/>\n\t<meta name=\"twitter:data1\" content=\"2 minute\" \/>\n<script type=\"application\/ld+json\" class=\"yoast-schema-graph\">{\"@context\":\"https:\\\/\\\/schema.org\",\"@graph\":[{\"@type\":\"WebPage\",\"@id\":\"https:\\\/\\\/prochaska.eu\\\/ro\\\/produs\\\/icocar-shuttle-42-3-0-lithium\\\/\",\"url\":\"https:\\\/\\\/prochaska.eu\\\/ro\\\/produs\\\/icocar-shuttle-42-3-0-lithium\\\/\",\"name\":\"IcoCar Shuttle 4+2 3.0 LITHIUM - The New Golf Car Generation!\",\"isPartOf\":{\"@id\":\"https:\\\/\\\/prochaska.eu\\\/ro\\\/#website\"},\"primaryImageOfPage\":{\"@id\":\"https:\\\/\\\/prochaska.eu\\\/ro\\\/produs\\\/icocar-shuttle-42-3-0-lithium\\\/#primaryimage\"},\"image\":{\"@id\":\"https:\\\/\\\/prochaska.eu\\\/ro\\\/produs\\\/icocar-shuttle-42-3-0-lithium\\\/#primaryimage\"},\"thumbnailUrl\":\"https:\\\/\\\/prochaska.eu\\\/wp-content\\\/uploads\\\/2024\\\/06\\\/IcoCar-Shuttle-42-3.0-Shuttle-42-3.0-Lithium.png\",\"datePublished\":\"2024-06-28T06:35:49+00:00\",\"dateModified\":\"2025-06-12T06:55:06+00:00\",\"description\":\"Das Ico Car, Modell COMFORT 4+2 AC bietet Platz f\u00fcr sechs Personen und verf\u00fcgt bereits in der Standardausf\u00fchrung \u00fcber viele Extras.\",\"breadcrumb\":{\"@id\":\"https:\\\/\\\/prochaska.eu\\\/ro\\\/produs\\\/icocar-shuttle-42-3-0-lithium\\\/#breadcrumb\"},\"inLanguage\":\"ro-RO\",\"potentialAction\":[{\"@type\":\"ReadAction\",\"target\":[\"https:\\\/\\\/prochaska.eu\\\/ro\\\/produs\\\/icocar-shuttle-42-3-0-lithium\\\/\"]}]},{\"@type\":\"ImageObject\",\"inLanguage\":\"ro-RO\",\"@id\":\"https:\\\/\\\/prochaska.eu\\\/ro\\\/produs\\\/icocar-shuttle-42-3-0-lithium\\\/#primaryimage\",\"url\":\"https:\\\/\\\/prochaska.eu\\\/wp-content\\\/uploads\\\/2024\\\/06\\\/IcoCar-Shuttle-42-3.0-Shuttle-42-3.0-Lithium.png\",\"contentUrl\":\"https:\\\/\\\/prochaska.eu\\\/wp-content\\\/uploads\\\/2024\\\/06\\\/IcoCar-Shuttle-42-3.0-Shuttle-42-3.0-Lithium.png\",\"width\":1000,\"height\":1000},{\"@type\":\"BreadcrumbList\",\"@id\":\"https:\\\/\\\/prochaska.eu\\\/ro\\\/produs\\\/icocar-shuttle-42-3-0-lithium\\\/#breadcrumb\",\"itemListElement\":[{\"@type\":\"ListItem\",\"position\":1,\"name\":\"Home\",\"item\":\"https:\\\/\\\/prochaska.eu\\\/ro\\\/\"},{\"@type\":\"ListItem\",\"position\":2,\"name\":\"Shop\",\"item\":\"https:\\\/\\\/prochaska.eu\\\/ro\\\/shop\\\/\"},{\"@type\":\"ListItem\",\"position\":3,\"name\":\"IcoCar Shuttle 4+2 3.0 LITHIUM\"}]},{\"@type\":\"WebSite\",\"@id\":\"https:\\\/\\\/prochaska.eu\\\/ro\\\/#website\",\"url\":\"https:\\\/\\\/prochaska.eu\\\/ro\\\/\",\"name\":\"Prochaska\",\"description\":\"Spezialist f\u00fcr Pflege von Gr\u00fcnfl\u00e4chen\",\"publisher\":{\"@id\":\"https:\\\/\\\/prochaska.eu\\\/ro\\\/#organization\"},\"potentialAction\":[{\"@type\":\"SearchAction\",\"target\":{\"@type\":\"EntryPoint\",\"urlTemplate\":\"https:\\\/\\\/prochaska.eu\\\/ro\\\/?s={search_term_string}\"},\"query-input\":{\"@type\":\"PropertyValueSpecification\",\"valueRequired\":true,\"valueName\":\"search_term_string\"}}],\"inLanguage\":\"ro-RO\"},{\"@type\":\"Organization\",\"@id\":\"https:\\\/\\\/prochaska.eu\\\/ro\\\/#organization\",\"name\":\"Prochaska\",\"url\":\"https:\\\/\\\/prochaska.eu\\\/ro\\\/\",\"logo\":{\"@type\":\"ImageObject\",\"inLanguage\":\"ro-RO\",\"@id\":\"https:\\\/\\\/prochaska.eu\\\/ro\\\/#\\\/schema\\\/logo\\\/image\\\/\",\"url\":\"https:\\\/\\\/prochaska.eu\\\/wp-content\\\/uploads\\\/2024\\\/04\\\/Prochaska_Logo_Black-1.png\",\"contentUrl\":\"https:\\\/\\\/prochaska.eu\\\/wp-content\\\/uploads\\\/2024\\\/04\\\/Prochaska_Logo_Black-1.png\",\"width\":796,\"height\":236,\"caption\":\"Prochaska\"},\"image\":{\"@id\":\"https:\\\/\\\/prochaska.eu\\\/ro\\\/#\\\/schema\\\/logo\\\/image\\\/\"},\"sameAs\":[\"https:\\\/\\\/www.facebook.com\\\/prochaska.eu\\\/\",\"https:\\\/\\\/www.instagram.com\\\/prochaska.eu\\\/\",\"https:\\\/\\\/www.linkedin.com\\\/company\\\/prochaska-handels-gmbh\"]}]}<\/script>\n<!-- \/ Yoast SEO plugin. -->","yoast_head_json":{"title":"IcoCar Shuttle 4+2 3.0 LITHIUM - The New Golf Car Generation!","description":"Das Ico Car, Modell COMFORT 4+2 AC bietet Platz f\u00fcr sechs Personen und verf\u00fcgt bereits in der Standardausf\u00fchrung \u00fcber viele Extras.","robots":{"index":"index","follow":"follow","max-snippet":"max-snippet:-1","max-image-preview":"max-image-preview:large","max-video-preview":"max-video-preview:-1"},"canonical":"https:\/\/prochaska.eu\/ro\/produs\/icocar-shuttle-42-3-0-lithium\/","og_locale":"ro_RO","og_type":"article","og_title":"IcoCar Shuttle 4+2 3.0 LITHIUM - The New Golf Car Generation!","og_description":"Das Ico Car, Modell COMFORT 4+2 AC bietet Platz f\u00fcr sechs Personen und verf\u00fcgt bereits in der Standardausf\u00fchrung \u00fcber viele Extras.","og_url":"https:\/\/prochaska.eu\/ro\/produs\/icocar-shuttle-42-3-0-lithium\/","og_site_name":"Prochaska","article_publisher":"https:\/\/www.facebook.com\/prochaska.eu\/","article_modified_time":"2025-06-12T06:55:06+00:00","og_image":[{"width":1000,"height":1000,"url":"https:\/\/prochaska.eu\/wp-content\/uploads\/2024\/06\/IcoCar-Shuttle-42-3.0-Shuttle-42-3.0-Lithium.png","type":"image\/png"}],"twitter_card":"summary_large_image","twitter_misc":{"Timp estimat pentru citire":"2 minute"},"schema":{"@context":"https:\/\/schema.org","@graph":[{"@type":"WebPage","@id":"https:\/\/prochaska.eu\/ro\/produs\/icocar-shuttle-42-3-0-lithium\/","url":"https:\/\/prochaska.eu\/ro\/produs\/icocar-shuttle-42-3-0-lithium\/","name":"IcoCar Shuttle 4+2 3.0 LITHIUM - The New Golf Car Generation!","isPartOf":{"@id":"https:\/\/prochaska.eu\/ro\/#website"},"primaryImageOfPage":{"@id":"https:\/\/prochaska.eu\/ro\/produs\/icocar-shuttle-42-3-0-lithium\/#primaryimage"},"image":{"@id":"https:\/\/prochaska.eu\/ro\/produs\/icocar-shuttle-42-3-0-lithium\/#primaryimage"},"thumbnailUrl":"https:\/\/prochaska.eu\/wp-content\/uploads\/2024\/06\/IcoCar-Shuttle-42-3.0-Shuttle-42-3.0-Lithium.png","datePublished":"2024-06-28T06:35:49+00:00","dateModified":"2025-06-12T06:55:06+00:00","description":"Das Ico Car, Modell COMFORT 4+2 AC bietet Platz f\u00fcr sechs Personen und verf\u00fcgt bereits in der Standardausf\u00fchrung \u00fcber viele Extras.","breadcrumb":{"@id":"https:\/\/prochaska.eu\/ro\/produs\/icocar-shuttle-42-3-0-lithium\/#breadcrumb"},"inLanguage":"ro-RO","potentialAction":[{"@type":"ReadAction","target":["https:\/\/prochaska.eu\/ro\/produs\/icocar-shuttle-42-3-0-lithium\/"]}]},{"@type":"ImageObject","inLanguage":"ro-RO","@id":"https:\/\/prochaska.eu\/ro\/produs\/icocar-shuttle-42-3-0-lithium\/#primaryimage","url":"https:\/\/prochaska.eu\/wp-content\/uploads\/2024\/06\/IcoCar-Shuttle-42-3.0-Shuttle-42-3.0-Lithium.png","contentUrl":"https:\/\/prochaska.eu\/wp-content\/uploads\/2024\/06\/IcoCar-Shuttle-42-3.0-Shuttle-42-3.0-Lithium.png","width":1000,"height":1000},{"@type":"BreadcrumbList","@id":"https:\/\/prochaska.eu\/ro\/produs\/icocar-shuttle-42-3-0-lithium\/#breadcrumb","itemListElement":[{"@type":"ListItem","position":1,"name":"Home","item":"https:\/\/prochaska.eu\/ro\/"},{"@type":"ListItem","position":2,"name":"Shop","item":"https:\/\/prochaska.eu\/ro\/shop\/"},{"@type":"ListItem","position":3,"name":"IcoCar Shuttle 4+2 3.0 LITHIUM"}]},{"@type":"WebSite","@id":"https:\/\/prochaska.eu\/ro\/#website","url":"https:\/\/prochaska.eu\/ro\/","name":"Prochaska","description":"Spezialist f\u00fcr Pflege von Gr\u00fcnfl\u00e4chen","publisher":{"@id":"https:\/\/prochaska.eu\/ro\/#organization"},"potentialAction":[{"@type":"SearchAction","target":{"@type":"EntryPoint","urlTemplate":"https:\/\/prochaska.eu\/ro\/?s={search_term_string}"},"query-input":{"@type":"PropertyValueSpecification","valueRequired":true,"valueName":"search_term_string"}}],"inLanguage":"ro-RO"},{"@type":"Organization","@id":"https:\/\/prochaska.eu\/ro\/#organization","name":"Prochaska","url":"https:\/\/prochaska.eu\/ro\/","logo":{"@type":"ImageObject","inLanguage":"ro-RO","@id":"https:\/\/prochaska.eu\/ro\/#\/schema\/logo\/image\/","url":"https:\/\/prochaska.eu\/wp-content\/uploads\/2024\/04\/Prochaska_Logo_Black-1.png","contentUrl":"https:\/\/prochaska.eu\/wp-content\/uploads\/2024\/04\/Prochaska_Logo_Black-1.png","width":796,"height":236,"caption":"Prochaska"},"image":{"@id":"https:\/\/prochaska.eu\/ro\/#\/schema\/logo\/image\/"},"sameAs":["https:\/\/www.facebook.com\/prochaska.eu\/","https:\/\/www.instagram.com\/prochaska.eu\/","https:\/\/www.linkedin.com\/company\/prochaska-handels-gmbh"]}]}},"brands":[{"id":3068,"name":"IcoCar","slug":"icocar-2"}],"_links":{"self":[{"href":"https:\/\/prochaska.eu\/ro\/wp-json\/wp\/v2\/product\/26723","targetHints":{"allow":["GET"]}}],"collection":[{"href":"https:\/\/prochaska.eu\/ro\/wp-json\/wp\/v2\/product"}],"about":[{"href":"https:\/\/prochaska.eu\/ro\/wp-json\/wp\/v2\/types\/product"}],"version-history":[{"count":0,"href":"https:\/\/prochaska.eu\/ro\/wp-json\/wp\/v2\/product\/26723\/revisions"}],"wp:featuredmedia":[{"embeddable":true,"href":"https:\/\/prochaska.eu\/ro\/wp-json\/wp\/v2\/media\/26726"}],"wp:attachment":[{"href":"https:\/\/prochaska.eu\/ro\/wp-json\/wp\/v2\/media?parent=26723"}],"wp:term":[{"taxonomy":"pwb-brand","embeddable":true,"href":"https:\/\/prochaska.eu\/ro\/wp-json\/wp\/v2\/pwb-brand?post=26723"},{"taxonomy":"product_brand","embeddable":true,"href":"https:\/\/prochaska.eu\/ro\/wp-json\/wp\/v2\/product_brand?post=26723"},{"taxonomy":"product_cat","embeddable":true,"href":"https:\/\/prochaska.eu\/ro\/wp-json\/wp\/v2\/product_cat?post=26723"},{"taxonomy":"product_tag","embeddable":true,"href":"https:\/\/prochaska.eu\/ro\/wp-json\/wp\/v2\/product_tag?post=26723"}],"curies":[{"name":"wp","href":"https:\/\/api.w.org\/{rel}","templated":true}]}}