{"id":26731,"date":"2024-06-28T06:50:27","date_gmt":"2024-06-28T06:50:27","guid":{"rendered":"https:\/\/prochaska.eu\/?post_type=product&#038;p=26731"},"modified":"2024-10-31T08:22:39","modified_gmt":"2024-10-31T08:22:39","slug":"icocar-sightseeing-bus-dn-23c-lithium","status":"publish","type":"product","link":"https:\/\/prochaska.eu\/ro\/produs\/icocar-sightseeing-bus-dn-23c-lithium\/","title":{"rendered":"IcoCar Sightseeing Bus DN-23C LITHIUM"},"content":{"rendered":"<p style=\"text-align: left;\"><a href=\"https:\/\/www.prochaska.eu\/icocar\/\">IcoCars<\/a> de la Prochaska se bazeaz\u0103 pe aproximativ 30 de ani de experien\u021b\u0103 \u00een sectorul <a href=\"https:\/\/www.prochaska.eu\/produktkategorie\/golf-cars\/\">ma\u0219inilor de golf<\/a>. Ma\u0219ina de golf de lux cu 2 locuri Birdie 3.0 Senator LITHIUM este echipat\u0103 cu un motor electric puternic de 48 de vol\u021bi, care nu necesit\u0103 \u00eentre\u021binere, \u0219i are o autonomie de p\u00e2n\u0103 la 80 de kilometri la o vitez\u0103 maxim\u0103 de max. 25 km\/h. Manopera de \u00eenalt\u0103 calitate, caracteristicile de lux \u0219i un design modern \u0219i inovator fac din acest model non-plus-ultra pe fairway.<\/p>\n<h2 style=\"text-align: left;\"><strong>Electric:<\/strong> max. 25 km\/h<\/h2>\n<p style=\"text-align: left;\">Motor: 48V, curent alternativ, 4,0 kW (5,4 CP)<\/p>\n<p style=\"text-align: left;\">Baterie: 2x 75Ah baterii LiFePO4 cu litiu \u0219i garan\u021bie de 5 ani<\/p>\n<p style=\"text-align: left;\">Raza de ac\u021biune: aprox. 80 de kilometri<\/p>\n<p style=\"text-align: left;\">Timp de \u00eenc\u0103rcare: aprox. 4 ore<\/p>\n<h2 style=\"text-align: left;\">Echipament<\/h2>\n<ul>\n<li style=\"text-align: left;\">\u00cenc\u0103rc\u0103tor automat \u00eencorporat<\/li>\n<li>Sistem de iluminare cu LED cu lumini de zi, faz\u0103 scurt\u0103, faz\u0103 lung\u0103, indicatoare dinamice, stopuri<\/li>\n<li>Corn<\/li>\n<li>Fr\u00e2ne cu tambur pe ro\u021bile din spate \/ fr\u00e2n\u0103 de parcare ac\u021bionat\u0103 cu piciorul<\/li>\n<li>Scaune premium cu cus\u0103turi decorative<\/li>\n<li>Acoperi\u0219 pentru soare\/ploaie cu drenaj<\/li>\n<li>Parbriz acrilic pliabil<\/li>\n<li>Suport sac de golf pentru 2 saci<\/li>\n<li>Volan sport cu design din carbon \u0219i clip pentru fi\u0219a de marcaj<\/li>\n<li>Port USB dublu<\/li>\n<li>4 suporturi pentru pahare<\/li>\n<li>Suport pentru mingi de golf \u0219i tee<\/li>\n<\/ul>\n<h2 style=\"text-align: left;\">Inclus \u00een pachetul Senator:<\/h2>\n<ul>\n<li style=\"text-align: left;\">Cadru din aluminiu rezistent la coroziune<\/li>\n<li style=\"text-align: left;\">Jante din aluminiu de 12&#8243; cu anvelope 215\/35-12 cu profil redus<\/li>\n<li style=\"text-align: left;\">Afi\u0219aj LCD color de 7&#8243;<\/li>\n<li style=\"text-align: left;\">Tablou de bord \u00een design de carbon<\/li>\n<li style=\"text-align: left;\">Fr\u00e2n\u0103 de parcare automat\u0103, electromagnetic\u0103<\/li>\n<li style=\"text-align: left;\">2 compartimente pentru m\u0103nu\u0219i blocabile<\/li>\n<li style=\"text-align: left;\">Oglind\u0103 lateral\u0103 st\u00e2nga\/dreapta<\/li>\n<li style=\"text-align: left;\">Oglind\u0103 retrovizoare cu unghi larg<\/li>\n<li style=\"text-align: left;\">Capac pliabil pentru geanta de golf<\/li>\n<li style=\"text-align: left;\">Cutie frigorific\u0103 cu pachet de ghea\u021b\u0103<\/li>\n<li style=\"text-align: left;\">Ma\u0219in\u0103 de sp\u0103lat mingi \u0219i crose<\/li>\n<li style=\"text-align: left;\">Camer\u0103 de mar\u0219arier<\/li>\n<\/ul>\n<h2 style=\"text-align: left;\">Disponibil op\u021bional<\/h2>\n<ul>\n<li style=\"text-align: left;\">10 km\/h Tipizare rutier\u0103<\/li>\n<li style=\"text-align: left;\">Capac impermeabil<\/li>\n<li style=\"text-align: left;\">Sticl\u0103 de nisip<\/li>\n<li style=\"text-align: left;\">Scrumier\u0103<\/li>\n<li style=\"text-align: left;\">Sistem GPS pentru flote de golf de cel pu\u021bin 10 ma\u0219ini<\/li>\n<\/ul>\n","protected":false},"excerpt":{"rendered":"<p>Ma\u0219ina de golf de lux Birdie 3.0 Senator LITHIUM cu tehnologie de neegalat \u0219i caracteristici de lux pentru juc\u0103torii de golf preten\u021bio\u0219i.<\/p>\n","protected":false},"featured_media":26738,"template":"","meta":[],"pwb-brand":[3069],"product_brand":[],"product_cat":[1389,1341],"product_tag":[],"class_list":{"0":"post-26731","1":"product","2":"type-product","3":"status-publish","4":"has-post-thumbnail","6":"pwb-brand-icocar-ro","7":"product_cat-golf-cars-nou","8":"product_cat-masini-electrice","10":"first","11":"instock","12":"taxable","13":"shipping-taxable","14":"product-type-simple"},"yoast_head":"<!-- This site is optimized with the Yoast SEO plugin v27.4 - https:\/\/yoast.com\/product\/yoast-seo-wordpress\/ -->\n<title>IcoCar Sightseeing Bus DN-23C LITHIUM - Prochaska<\/title>\n<meta name=\"robots\" content=\"index, follow, max-snippet:-1, max-image-preview:large, max-video-preview:-1\" \/>\n<link rel=\"canonical\" href=\"https:\/\/prochaska.eu\/ro\/produs\/icocar-sightseeing-bus-dn-23c-lithium\/\" \/>\n<meta property=\"og:locale\" content=\"ro_RO\" \/>\n<meta property=\"og:type\" content=\"article\" \/>\n<meta property=\"og:title\" content=\"IcoCar Sightseeing Bus DN-23C LITHIUM - Prochaska\" \/>\n<meta property=\"og:description\" content=\"Ma\u0219ina de golf de lux Birdie 3.0 Senator LITHIUM cu tehnologie de neegalat \u0219i caracteristici de lux pentru juc\u0103torii de golf preten\u021bio\u0219i.\" \/>\n<meta property=\"og:url\" content=\"https:\/\/prochaska.eu\/ro\/produs\/icocar-sightseeing-bus-dn-23c-lithium\/\" \/>\n<meta property=\"og:site_name\" content=\"Prochaska\" \/>\n<meta property=\"article:publisher\" content=\"https:\/\/www.facebook.com\/prochaska.eu\/\" \/>\n<meta property=\"article:modified_time\" content=\"2024-10-31T08:22:39+00:00\" \/>\n<meta property=\"og:image\" content=\"https:\/\/prochaska.eu\/wp-content\/uploads\/2024\/06\/IcoCar-Sightseeing-Bus-DN-23C-Lithium.png\" \/>\n\t<meta property=\"og:image:width\" content=\"1000\" \/>\n\t<meta property=\"og:image:height\" content=\"1000\" \/>\n\t<meta property=\"og:image:type\" content=\"image\/png\" \/>\n<meta name=\"twitter:card\" content=\"summary_large_image\" \/>\n<meta name=\"twitter:label1\" content=\"Timp estimat pentru citire\" \/>\n\t<meta name=\"twitter:data1\" content=\"2 minute\" \/>\n<script type=\"application\/ld+json\" class=\"yoast-schema-graph\">{\"@context\":\"https:\\\/\\\/schema.org\",\"@graph\":[{\"@type\":\"WebPage\",\"@id\":\"https:\\\/\\\/prochaska.eu\\\/ro\\\/produs\\\/icocar-sightseeing-bus-dn-23c-lithium\\\/\",\"url\":\"https:\\\/\\\/prochaska.eu\\\/ro\\\/produs\\\/icocar-sightseeing-bus-dn-23c-lithium\\\/\",\"name\":\"IcoCar Sightseeing Bus DN-23C LITHIUM - Prochaska\",\"isPartOf\":{\"@id\":\"https:\\\/\\\/prochaska.eu\\\/ro\\\/#website\"},\"primaryImageOfPage\":{\"@id\":\"https:\\\/\\\/prochaska.eu\\\/ro\\\/produs\\\/icocar-sightseeing-bus-dn-23c-lithium\\\/#primaryimage\"},\"image\":{\"@id\":\"https:\\\/\\\/prochaska.eu\\\/ro\\\/produs\\\/icocar-sightseeing-bus-dn-23c-lithium\\\/#primaryimage\"},\"thumbnailUrl\":\"https:\\\/\\\/prochaska.eu\\\/wp-content\\\/uploads\\\/2024\\\/06\\\/IcoCar-Sightseeing-Bus-DN-23C-Lithium.png\",\"datePublished\":\"2024-06-28T06:50:27+00:00\",\"dateModified\":\"2024-10-31T08:22:39+00:00\",\"breadcrumb\":{\"@id\":\"https:\\\/\\\/prochaska.eu\\\/ro\\\/produs\\\/icocar-sightseeing-bus-dn-23c-lithium\\\/#breadcrumb\"},\"inLanguage\":\"ro-RO\",\"potentialAction\":[{\"@type\":\"ReadAction\",\"target\":[\"https:\\\/\\\/prochaska.eu\\\/ro\\\/produs\\\/icocar-sightseeing-bus-dn-23c-lithium\\\/\"]}]},{\"@type\":\"ImageObject\",\"inLanguage\":\"ro-RO\",\"@id\":\"https:\\\/\\\/prochaska.eu\\\/ro\\\/produs\\\/icocar-sightseeing-bus-dn-23c-lithium\\\/#primaryimage\",\"url\":\"https:\\\/\\\/prochaska.eu\\\/wp-content\\\/uploads\\\/2024\\\/06\\\/IcoCar-Sightseeing-Bus-DN-23C-Lithium.png\",\"contentUrl\":\"https:\\\/\\\/prochaska.eu\\\/wp-content\\\/uploads\\\/2024\\\/06\\\/IcoCar-Sightseeing-Bus-DN-23C-Lithium.png\",\"width\":1000,\"height\":1000},{\"@type\":\"BreadcrumbList\",\"@id\":\"https:\\\/\\\/prochaska.eu\\\/ro\\\/produs\\\/icocar-sightseeing-bus-dn-23c-lithium\\\/#breadcrumb\",\"itemListElement\":[{\"@type\":\"ListItem\",\"position\":1,\"name\":\"Home\",\"item\":\"https:\\\/\\\/prochaska.eu\\\/ro\\\/\"},{\"@type\":\"ListItem\",\"position\":2,\"name\":\"Shop\",\"item\":\"https:\\\/\\\/prochaska.eu\\\/ro\\\/shop\\\/\"},{\"@type\":\"ListItem\",\"position\":3,\"name\":\"IcoCar Sightseeing Bus DN-23C LITHIUM\"}]},{\"@type\":\"WebSite\",\"@id\":\"https:\\\/\\\/prochaska.eu\\\/ro\\\/#website\",\"url\":\"https:\\\/\\\/prochaska.eu\\\/ro\\\/\",\"name\":\"Prochaska\",\"description\":\"Spezialist f\u00fcr Pflege von Gr\u00fcnfl\u00e4chen\",\"publisher\":{\"@id\":\"https:\\\/\\\/prochaska.eu\\\/ro\\\/#organization\"},\"potentialAction\":[{\"@type\":\"SearchAction\",\"target\":{\"@type\":\"EntryPoint\",\"urlTemplate\":\"https:\\\/\\\/prochaska.eu\\\/ro\\\/?s={search_term_string}\"},\"query-input\":{\"@type\":\"PropertyValueSpecification\",\"valueRequired\":true,\"valueName\":\"search_term_string\"}}],\"inLanguage\":\"ro-RO\"},{\"@type\":\"Organization\",\"@id\":\"https:\\\/\\\/prochaska.eu\\\/ro\\\/#organization\",\"name\":\"Prochaska\",\"url\":\"https:\\\/\\\/prochaska.eu\\\/ro\\\/\",\"logo\":{\"@type\":\"ImageObject\",\"inLanguage\":\"ro-RO\",\"@id\":\"https:\\\/\\\/prochaska.eu\\\/ro\\\/#\\\/schema\\\/logo\\\/image\\\/\",\"url\":\"https:\\\/\\\/prochaska.eu\\\/wp-content\\\/uploads\\\/2024\\\/04\\\/Prochaska_Logo_Black-1.png\",\"contentUrl\":\"https:\\\/\\\/prochaska.eu\\\/wp-content\\\/uploads\\\/2024\\\/04\\\/Prochaska_Logo_Black-1.png\",\"width\":796,\"height\":236,\"caption\":\"Prochaska\"},\"image\":{\"@id\":\"https:\\\/\\\/prochaska.eu\\\/ro\\\/#\\\/schema\\\/logo\\\/image\\\/\"},\"sameAs\":[\"https:\\\/\\\/www.facebook.com\\\/prochaska.eu\\\/\",\"https:\\\/\\\/www.instagram.com\\\/prochaska.eu\\\/\",\"https:\\\/\\\/www.linkedin.com\\\/company\\\/prochaska-handels-gmbh\"]}]}<\/script>\n<!-- \/ Yoast SEO plugin. -->","yoast_head_json":{"title":"IcoCar Sightseeing Bus DN-23C LITHIUM - Prochaska","robots":{"index":"index","follow":"follow","max-snippet":"max-snippet:-1","max-image-preview":"max-image-preview:large","max-video-preview":"max-video-preview:-1"},"canonical":"https:\/\/prochaska.eu\/ro\/produs\/icocar-sightseeing-bus-dn-23c-lithium\/","og_locale":"ro_RO","og_type":"article","og_title":"IcoCar Sightseeing Bus DN-23C LITHIUM - Prochaska","og_description":"Ma\u0219ina de golf de lux Birdie 3.0 Senator LITHIUM cu tehnologie de neegalat \u0219i caracteristici de lux pentru juc\u0103torii de golf preten\u021bio\u0219i.","og_url":"https:\/\/prochaska.eu\/ro\/produs\/icocar-sightseeing-bus-dn-23c-lithium\/","og_site_name":"Prochaska","article_publisher":"https:\/\/www.facebook.com\/prochaska.eu\/","article_modified_time":"2024-10-31T08:22:39+00:00","og_image":[{"width":1000,"height":1000,"url":"https:\/\/prochaska.eu\/wp-content\/uploads\/2024\/06\/IcoCar-Sightseeing-Bus-DN-23C-Lithium.png","type":"image\/png"}],"twitter_card":"summary_large_image","twitter_misc":{"Timp estimat pentru citire":"2 minute"},"schema":{"@context":"https:\/\/schema.org","@graph":[{"@type":"WebPage","@id":"https:\/\/prochaska.eu\/ro\/produs\/icocar-sightseeing-bus-dn-23c-lithium\/","url":"https:\/\/prochaska.eu\/ro\/produs\/icocar-sightseeing-bus-dn-23c-lithium\/","name":"IcoCar Sightseeing Bus DN-23C LITHIUM - Prochaska","isPartOf":{"@id":"https:\/\/prochaska.eu\/ro\/#website"},"primaryImageOfPage":{"@id":"https:\/\/prochaska.eu\/ro\/produs\/icocar-sightseeing-bus-dn-23c-lithium\/#primaryimage"},"image":{"@id":"https:\/\/prochaska.eu\/ro\/produs\/icocar-sightseeing-bus-dn-23c-lithium\/#primaryimage"},"thumbnailUrl":"https:\/\/prochaska.eu\/wp-content\/uploads\/2024\/06\/IcoCar-Sightseeing-Bus-DN-23C-Lithium.png","datePublished":"2024-06-28T06:50:27+00:00","dateModified":"2024-10-31T08:22:39+00:00","breadcrumb":{"@id":"https:\/\/prochaska.eu\/ro\/produs\/icocar-sightseeing-bus-dn-23c-lithium\/#breadcrumb"},"inLanguage":"ro-RO","potentialAction":[{"@type":"ReadAction","target":["https:\/\/prochaska.eu\/ro\/produs\/icocar-sightseeing-bus-dn-23c-lithium\/"]}]},{"@type":"ImageObject","inLanguage":"ro-RO","@id":"https:\/\/prochaska.eu\/ro\/produs\/icocar-sightseeing-bus-dn-23c-lithium\/#primaryimage","url":"https:\/\/prochaska.eu\/wp-content\/uploads\/2024\/06\/IcoCar-Sightseeing-Bus-DN-23C-Lithium.png","contentUrl":"https:\/\/prochaska.eu\/wp-content\/uploads\/2024\/06\/IcoCar-Sightseeing-Bus-DN-23C-Lithium.png","width":1000,"height":1000},{"@type":"BreadcrumbList","@id":"https:\/\/prochaska.eu\/ro\/produs\/icocar-sightseeing-bus-dn-23c-lithium\/#breadcrumb","itemListElement":[{"@type":"ListItem","position":1,"name":"Home","item":"https:\/\/prochaska.eu\/ro\/"},{"@type":"ListItem","position":2,"name":"Shop","item":"https:\/\/prochaska.eu\/ro\/shop\/"},{"@type":"ListItem","position":3,"name":"IcoCar Sightseeing Bus DN-23C LITHIUM"}]},{"@type":"WebSite","@id":"https:\/\/prochaska.eu\/ro\/#website","url":"https:\/\/prochaska.eu\/ro\/","name":"Prochaska","description":"Spezialist f\u00fcr Pflege von Gr\u00fcnfl\u00e4chen","publisher":{"@id":"https:\/\/prochaska.eu\/ro\/#organization"},"potentialAction":[{"@type":"SearchAction","target":{"@type":"EntryPoint","urlTemplate":"https:\/\/prochaska.eu\/ro\/?s={search_term_string}"},"query-input":{"@type":"PropertyValueSpecification","valueRequired":true,"valueName":"search_term_string"}}],"inLanguage":"ro-RO"},{"@type":"Organization","@id":"https:\/\/prochaska.eu\/ro\/#organization","name":"Prochaska","url":"https:\/\/prochaska.eu\/ro\/","logo":{"@type":"ImageObject","inLanguage":"ro-RO","@id":"https:\/\/prochaska.eu\/ro\/#\/schema\/logo\/image\/","url":"https:\/\/prochaska.eu\/wp-content\/uploads\/2024\/04\/Prochaska_Logo_Black-1.png","contentUrl":"https:\/\/prochaska.eu\/wp-content\/uploads\/2024\/04\/Prochaska_Logo_Black-1.png","width":796,"height":236,"caption":"Prochaska"},"image":{"@id":"https:\/\/prochaska.eu\/ro\/#\/schema\/logo\/image\/"},"sameAs":["https:\/\/www.facebook.com\/prochaska.eu\/","https:\/\/www.instagram.com\/prochaska.eu\/","https:\/\/www.linkedin.com\/company\/prochaska-handels-gmbh"]}]}},"brands":[{"id":3069,"name":"IcoCar","slug":"icocar-ro"}],"_links":{"self":[{"href":"https:\/\/prochaska.eu\/ro\/wp-json\/wp\/v2\/product\/26731","targetHints":{"allow":["GET"]}}],"collection":[{"href":"https:\/\/prochaska.eu\/ro\/wp-json\/wp\/v2\/product"}],"about":[{"href":"https:\/\/prochaska.eu\/ro\/wp-json\/wp\/v2\/types\/product"}],"version-history":[{"count":0,"href":"https:\/\/prochaska.eu\/ro\/wp-json\/wp\/v2\/product\/26731\/revisions"}],"wp:featuredmedia":[{"embeddable":true,"href":"https:\/\/prochaska.eu\/ro\/wp-json\/wp\/v2\/media\/26738"}],"wp:attachment":[{"href":"https:\/\/prochaska.eu\/ro\/wp-json\/wp\/v2\/media?parent=26731"}],"wp:term":[{"taxonomy":"pwb-brand","embeddable":true,"href":"https:\/\/prochaska.eu\/ro\/wp-json\/wp\/v2\/pwb-brand?post=26731"},{"taxonomy":"product_brand","embeddable":true,"href":"https:\/\/prochaska.eu\/ro\/wp-json\/wp\/v2\/product_brand?post=26731"},{"taxonomy":"product_cat","embeddable":true,"href":"https:\/\/prochaska.eu\/ro\/wp-json\/wp\/v2\/product_cat?post=26731"},{"taxonomy":"product_tag","embeddable":true,"href":"https:\/\/prochaska.eu\/ro\/wp-json\/wp\/v2\/product_tag?post=26731"}],"curies":[{"name":"wp","href":"https:\/\/api.w.org\/{rel}","templated":true}]}}