{"id":27037,"date":"2024-07-01T10:21:49","date_gmt":"2024-07-01T10:21:49","guid":{"rendered":"https:\/\/prochaska.eu\/?post_type=product&#038;p=27037"},"modified":"2025-04-23T11:49:04","modified_gmt":"2025-04-23T11:49:04","slug":"icocar-ranger-cargo-3-0-copy-copy-copy-copy","status":"publish","type":"product","link":"https:\/\/prochaska.eu\/ro\/produs\/icocar-ranger-cargo-3-0-copy-copy-copy-copy\/","title":{"rendered":"IcoCar Ranger Cargo 3.0"},"content":{"rendered":"<p style=\"text-align: left;\">C\u0103rucior de transport electric cu 2 locuri, cu \u0219asiu ridicat, anvelope mari de teren, suprafa\u021b\u0103 de \u00eenc\u0103rcare de 110 x 60 cm cu o capacitate de \u00eenc\u0103rcare de 70 kg, motor electric de 48 V \u0219i o autonomie de p\u00e2n\u0103 la 60 km la o vitez\u0103 maxim\u0103 de max. 25 km\/h. Manopera de \u00eenalt\u0103 calitate, echipamentul premium \u0219i designul modern \u0219i inovator fac din acest model un vehicul practic chiar \u0219i pe drumuri neasfaltate.<\/p>\n<h2 style=\"text-align: left;\">Electric: max. 25 km\/h<\/h2>\n<p style=\"text-align: left;\">Motor: 48V, curent alternativ, 5,0 kW (6,8 CP)<\/p>\n<p style=\"text-align: left;\">Baterie: 6x8V baterii AGM f\u0103r\u0103 \u00eentre\u021binere 180Ah<\/p>\n<p style=\"text-align: left;\">Raza de ac\u021biune: aprox. 60 de kilometri<\/p>\n<p style=\"text-align: left;\">Timp de \u00eenc\u0103rcare: aprox. 8 ore<\/p>\n<h2 style=\"text-align: left;\">Echipament<\/h2>\n<ul>\n<li style=\"text-align: left;\">\u00cenc\u0103rc\u0103tor automat \u00eencorporat<\/li>\n<li style=\"text-align: left;\">Sistem de iluminare cu LED cu lumini de zi, faz\u0103 scurt\u0103, faz\u0103 lung\u0103, indicatoare dinamice, stopuri<\/li>\n<li style=\"text-align: left;\">Corn<\/li>\n<li style=\"text-align: left;\">Fr\u00e2ne cu tambur pe ro\u021bile din spate \/ fr\u00e2n\u0103 de parcare ac\u021bionat\u0103 cu piciorul<\/li>\n<li style=\"text-align: left;\">Scaune premium cu cus\u0103turi decorative<\/li>\n<li style=\"text-align: left;\">Acoperi\u0219 pentru soare\/ploaie deasupra ambelor r\u00e2nduri de scaune<\/li>\n<li style=\"text-align: left;\">Parbriz din sticl\u0103 securizat\u0103 cu \u0219terg\u0103tor de parbriz<\/li>\n<li style=\"text-align: left;\">Suprafa\u021b\u0103 de \u00eenc\u0103rcare 110 x 60 cm<\/li>\n<li style=\"text-align: left;\">Volan sport cu design din carbon<\/li>\n<li style=\"text-align: left;\">2 compartimente pentru m\u0103nu\u0219i blocabile<\/li>\n<li style=\"text-align: left;\">Port USB dublu<\/li>\n<li style=\"text-align: left;\">4 suporturi pentru pahare<\/li>\n<li style=\"text-align: left;\">Afi\u0219aj LCD color de 7&#8243;<\/li>\n<li style=\"text-align: left;\">Jante de aluminiu de 12&#8243; cu anvelope All Terrain 22&#215;11.00-12 4PR<\/li>\n<li style=\"text-align: left;\">Cadru din aluminiu rezistent la coroziune<\/li>\n<li style=\"text-align: left;\">Oglind\u0103 lateral\u0103 st\u00e2nga\/dreapta<\/li>\n<li style=\"text-align: left;\">Centuri de siguran\u021b\u0103<\/li>\n<li style=\"text-align: left;\">Cuplarea remorcii<\/li>\n<li style=\"text-align: left;\">Capac de ploaie cu 3 fe\u021be<\/li>\n<\/ul>\n<h2 style=\"text-align: left;\">Accesorii op\u021bionale<\/h2>\n<ul>\n<li>10 km\/h omologarea de tip rutier sau 25 km\/h omologarea de tip a pl\u0103cu\u021bei de \u00eenmatriculare<\/li>\n<li>Scrumier\u0103<\/li>\n<\/ul>\n","protected":false},"excerpt":{"rendered":"<p>Ma\u0219ina de transport electric\u0103 practic\u0103 \u00een echipare premium cu 2 locuri, \u0219asiu ridicat, zon\u0103 de \u00eenc\u0103rcare \u0219i mult\u0103 distrac\u021bie.<\/p>\n","protected":false},"featured_media":27564,"template":"","meta":[],"pwb-brand":[3069],"product_brand":[],"product_cat":[1389,1341],"product_tag":[],"class_list":{"0":"post-27037","1":"product","2":"type-product","3":"status-publish","4":"has-post-thumbnail","6":"pwb-brand-icocar-ro","7":"product_cat-golf-cars-nou","8":"product_cat-masini-electrice","10":"first","11":"instock","12":"taxable","13":"shipping-taxable","14":"purchasable","15":"product-type-simple"},"yoast_head":"<!-- This site is optimized with the Yoast SEO plugin v27.4 - https:\/\/yoast.com\/product\/yoast-seo-wordpress\/ -->\n<title>IcoCar Ranger Cargo 3.0 - Prochaska<\/title>\n<meta name=\"robots\" content=\"index, follow, max-snippet:-1, max-image-preview:large, max-video-preview:-1\" \/>\n<link rel=\"canonical\" href=\"https:\/\/prochaska.eu\/ro\/produs\/icocar-ranger-cargo-3-0-copy-copy-copy-copy\/\" \/>\n<meta property=\"og:locale\" content=\"ro_RO\" \/>\n<meta property=\"og:type\" content=\"article\" \/>\n<meta property=\"og:title\" content=\"IcoCar Ranger Cargo 3.0 - Prochaska\" \/>\n<meta property=\"og:description\" content=\"Ma\u0219ina de transport electric\u0103 practic\u0103 \u00een echipare premium cu 2 locuri, \u0219asiu ridicat, zon\u0103 de \u00eenc\u0103rcare \u0219i mult\u0103 distrac\u021bie.\" \/>\n<meta property=\"og:url\" content=\"https:\/\/prochaska.eu\/ro\/produs\/icocar-ranger-cargo-3-0-copy-copy-copy-copy\/\" \/>\n<meta property=\"og:site_name\" content=\"Prochaska\" \/>\n<meta property=\"article:publisher\" content=\"https:\/\/www.facebook.com\/prochaska.eu\/\" \/>\n<meta property=\"article:modified_time\" content=\"2025-04-23T11:49:04+00:00\" \/>\n<meta property=\"og:image\" content=\"https:\/\/prochaska.eu\/wp-content\/uploads\/2024\/07\/IcoCar-Birdie-22-3.0_front-3.png\" \/>\n\t<meta property=\"og:image:width\" content=\"1000\" \/>\n\t<meta property=\"og:image:height\" content=\"1000\" \/>\n\t<meta property=\"og:image:type\" content=\"image\/png\" \/>\n<meta name=\"twitter:card\" content=\"summary_large_image\" \/>\n<meta name=\"twitter:label1\" content=\"Timp estimat pentru citire\" \/>\n\t<meta name=\"twitter:data1\" content=\"2 minute\" \/>\n<script type=\"application\/ld+json\" class=\"yoast-schema-graph\">{\"@context\":\"https:\\\/\\\/schema.org\",\"@graph\":[{\"@type\":\"WebPage\",\"@id\":\"https:\\\/\\\/prochaska.eu\\\/ro\\\/produs\\\/icocar-ranger-cargo-3-0-copy-copy-copy-copy\\\/\",\"url\":\"https:\\\/\\\/prochaska.eu\\\/ro\\\/produs\\\/icocar-ranger-cargo-3-0-copy-copy-copy-copy\\\/\",\"name\":\"IcoCar Ranger Cargo 3.0 - Prochaska\",\"isPartOf\":{\"@id\":\"https:\\\/\\\/prochaska.eu\\\/ro\\\/#website\"},\"primaryImageOfPage\":{\"@id\":\"https:\\\/\\\/prochaska.eu\\\/ro\\\/produs\\\/icocar-ranger-cargo-3-0-copy-copy-copy-copy\\\/#primaryimage\"},\"image\":{\"@id\":\"https:\\\/\\\/prochaska.eu\\\/ro\\\/produs\\\/icocar-ranger-cargo-3-0-copy-copy-copy-copy\\\/#primaryimage\"},\"thumbnailUrl\":\"https:\\\/\\\/prochaska.eu\\\/wp-content\\\/uploads\\\/2024\\\/07\\\/IcoCar-Birdie-22-3.0_front-3.png\",\"datePublished\":\"2024-07-01T10:21:49+00:00\",\"dateModified\":\"2025-04-23T11:49:04+00:00\",\"breadcrumb\":{\"@id\":\"https:\\\/\\\/prochaska.eu\\\/ro\\\/produs\\\/icocar-ranger-cargo-3-0-copy-copy-copy-copy\\\/#breadcrumb\"},\"inLanguage\":\"ro-RO\",\"potentialAction\":[{\"@type\":\"ReadAction\",\"target\":[\"https:\\\/\\\/prochaska.eu\\\/ro\\\/produs\\\/icocar-ranger-cargo-3-0-copy-copy-copy-copy\\\/\"]}]},{\"@type\":\"ImageObject\",\"inLanguage\":\"ro-RO\",\"@id\":\"https:\\\/\\\/prochaska.eu\\\/ro\\\/produs\\\/icocar-ranger-cargo-3-0-copy-copy-copy-copy\\\/#primaryimage\",\"url\":\"https:\\\/\\\/prochaska.eu\\\/wp-content\\\/uploads\\\/2024\\\/07\\\/IcoCar-Birdie-22-3.0_front-3.png\",\"contentUrl\":\"https:\\\/\\\/prochaska.eu\\\/wp-content\\\/uploads\\\/2024\\\/07\\\/IcoCar-Birdie-22-3.0_front-3.png\",\"width\":1000,\"height\":1000},{\"@type\":\"BreadcrumbList\",\"@id\":\"https:\\\/\\\/prochaska.eu\\\/ro\\\/produs\\\/icocar-ranger-cargo-3-0-copy-copy-copy-copy\\\/#breadcrumb\",\"itemListElement\":[{\"@type\":\"ListItem\",\"position\":1,\"name\":\"Home\",\"item\":\"https:\\\/\\\/prochaska.eu\\\/ro\\\/\"},{\"@type\":\"ListItem\",\"position\":2,\"name\":\"Shop\",\"item\":\"https:\\\/\\\/prochaska.eu\\\/ro\\\/shop\\\/\"},{\"@type\":\"ListItem\",\"position\":3,\"name\":\"IcoCar Ranger Cargo 3.0\"}]},{\"@type\":\"WebSite\",\"@id\":\"https:\\\/\\\/prochaska.eu\\\/ro\\\/#website\",\"url\":\"https:\\\/\\\/prochaska.eu\\\/ro\\\/\",\"name\":\"Prochaska\",\"description\":\"Spezialist f\u00fcr Pflege von Gr\u00fcnfl\u00e4chen\",\"publisher\":{\"@id\":\"https:\\\/\\\/prochaska.eu\\\/ro\\\/#organization\"},\"potentialAction\":[{\"@type\":\"SearchAction\",\"target\":{\"@type\":\"EntryPoint\",\"urlTemplate\":\"https:\\\/\\\/prochaska.eu\\\/ro\\\/?s={search_term_string}\"},\"query-input\":{\"@type\":\"PropertyValueSpecification\",\"valueRequired\":true,\"valueName\":\"search_term_string\"}}],\"inLanguage\":\"ro-RO\"},{\"@type\":\"Organization\",\"@id\":\"https:\\\/\\\/prochaska.eu\\\/ro\\\/#organization\",\"name\":\"Prochaska\",\"url\":\"https:\\\/\\\/prochaska.eu\\\/ro\\\/\",\"logo\":{\"@type\":\"ImageObject\",\"inLanguage\":\"ro-RO\",\"@id\":\"https:\\\/\\\/prochaska.eu\\\/ro\\\/#\\\/schema\\\/logo\\\/image\\\/\",\"url\":\"https:\\\/\\\/prochaska.eu\\\/wp-content\\\/uploads\\\/2024\\\/04\\\/Prochaska_Logo_Black-1.png\",\"contentUrl\":\"https:\\\/\\\/prochaska.eu\\\/wp-content\\\/uploads\\\/2024\\\/04\\\/Prochaska_Logo_Black-1.png\",\"width\":796,\"height\":236,\"caption\":\"Prochaska\"},\"image\":{\"@id\":\"https:\\\/\\\/prochaska.eu\\\/ro\\\/#\\\/schema\\\/logo\\\/image\\\/\"},\"sameAs\":[\"https:\\\/\\\/www.facebook.com\\\/prochaska.eu\\\/\",\"https:\\\/\\\/www.instagram.com\\\/prochaska.eu\\\/\",\"https:\\\/\\\/www.linkedin.com\\\/company\\\/prochaska-handels-gmbh\"]}]}<\/script>\n<!-- \/ Yoast SEO plugin. -->","yoast_head_json":{"title":"IcoCar Ranger Cargo 3.0 - Prochaska","robots":{"index":"index","follow":"follow","max-snippet":"max-snippet:-1","max-image-preview":"max-image-preview:large","max-video-preview":"max-video-preview:-1"},"canonical":"https:\/\/prochaska.eu\/ro\/produs\/icocar-ranger-cargo-3-0-copy-copy-copy-copy\/","og_locale":"ro_RO","og_type":"article","og_title":"IcoCar Ranger Cargo 3.0 - Prochaska","og_description":"Ma\u0219ina de transport electric\u0103 practic\u0103 \u00een echipare premium cu 2 locuri, \u0219asiu ridicat, zon\u0103 de \u00eenc\u0103rcare \u0219i mult\u0103 distrac\u021bie.","og_url":"https:\/\/prochaska.eu\/ro\/produs\/icocar-ranger-cargo-3-0-copy-copy-copy-copy\/","og_site_name":"Prochaska","article_publisher":"https:\/\/www.facebook.com\/prochaska.eu\/","article_modified_time":"2025-04-23T11:49:04+00:00","og_image":[{"width":1000,"height":1000,"url":"https:\/\/prochaska.eu\/wp-content\/uploads\/2024\/07\/IcoCar-Birdie-22-3.0_front-3.png","type":"image\/png"}],"twitter_card":"summary_large_image","twitter_misc":{"Timp estimat pentru citire":"2 minute"},"schema":{"@context":"https:\/\/schema.org","@graph":[{"@type":"WebPage","@id":"https:\/\/prochaska.eu\/ro\/produs\/icocar-ranger-cargo-3-0-copy-copy-copy-copy\/","url":"https:\/\/prochaska.eu\/ro\/produs\/icocar-ranger-cargo-3-0-copy-copy-copy-copy\/","name":"IcoCar Ranger Cargo 3.0 - Prochaska","isPartOf":{"@id":"https:\/\/prochaska.eu\/ro\/#website"},"primaryImageOfPage":{"@id":"https:\/\/prochaska.eu\/ro\/produs\/icocar-ranger-cargo-3-0-copy-copy-copy-copy\/#primaryimage"},"image":{"@id":"https:\/\/prochaska.eu\/ro\/produs\/icocar-ranger-cargo-3-0-copy-copy-copy-copy\/#primaryimage"},"thumbnailUrl":"https:\/\/prochaska.eu\/wp-content\/uploads\/2024\/07\/IcoCar-Birdie-22-3.0_front-3.png","datePublished":"2024-07-01T10:21:49+00:00","dateModified":"2025-04-23T11:49:04+00:00","breadcrumb":{"@id":"https:\/\/prochaska.eu\/ro\/produs\/icocar-ranger-cargo-3-0-copy-copy-copy-copy\/#breadcrumb"},"inLanguage":"ro-RO","potentialAction":[{"@type":"ReadAction","target":["https:\/\/prochaska.eu\/ro\/produs\/icocar-ranger-cargo-3-0-copy-copy-copy-copy\/"]}]},{"@type":"ImageObject","inLanguage":"ro-RO","@id":"https:\/\/prochaska.eu\/ro\/produs\/icocar-ranger-cargo-3-0-copy-copy-copy-copy\/#primaryimage","url":"https:\/\/prochaska.eu\/wp-content\/uploads\/2024\/07\/IcoCar-Birdie-22-3.0_front-3.png","contentUrl":"https:\/\/prochaska.eu\/wp-content\/uploads\/2024\/07\/IcoCar-Birdie-22-3.0_front-3.png","width":1000,"height":1000},{"@type":"BreadcrumbList","@id":"https:\/\/prochaska.eu\/ro\/produs\/icocar-ranger-cargo-3-0-copy-copy-copy-copy\/#breadcrumb","itemListElement":[{"@type":"ListItem","position":1,"name":"Home","item":"https:\/\/prochaska.eu\/ro\/"},{"@type":"ListItem","position":2,"name":"Shop","item":"https:\/\/prochaska.eu\/ro\/shop\/"},{"@type":"ListItem","position":3,"name":"IcoCar Ranger Cargo 3.0"}]},{"@type":"WebSite","@id":"https:\/\/prochaska.eu\/ro\/#website","url":"https:\/\/prochaska.eu\/ro\/","name":"Prochaska","description":"Spezialist f\u00fcr Pflege von Gr\u00fcnfl\u00e4chen","publisher":{"@id":"https:\/\/prochaska.eu\/ro\/#organization"},"potentialAction":[{"@type":"SearchAction","target":{"@type":"EntryPoint","urlTemplate":"https:\/\/prochaska.eu\/ro\/?s={search_term_string}"},"query-input":{"@type":"PropertyValueSpecification","valueRequired":true,"valueName":"search_term_string"}}],"inLanguage":"ro-RO"},{"@type":"Organization","@id":"https:\/\/prochaska.eu\/ro\/#organization","name":"Prochaska","url":"https:\/\/prochaska.eu\/ro\/","logo":{"@type":"ImageObject","inLanguage":"ro-RO","@id":"https:\/\/prochaska.eu\/ro\/#\/schema\/logo\/image\/","url":"https:\/\/prochaska.eu\/wp-content\/uploads\/2024\/04\/Prochaska_Logo_Black-1.png","contentUrl":"https:\/\/prochaska.eu\/wp-content\/uploads\/2024\/04\/Prochaska_Logo_Black-1.png","width":796,"height":236,"caption":"Prochaska"},"image":{"@id":"https:\/\/prochaska.eu\/ro\/#\/schema\/logo\/image\/"},"sameAs":["https:\/\/www.facebook.com\/prochaska.eu\/","https:\/\/www.instagram.com\/prochaska.eu\/","https:\/\/www.linkedin.com\/company\/prochaska-handels-gmbh"]}]}},"brands":[{"id":3069,"name":"IcoCar","slug":"icocar-ro"}],"_links":{"self":[{"href":"https:\/\/prochaska.eu\/ro\/wp-json\/wp\/v2\/product\/27037","targetHints":{"allow":["GET"]}}],"collection":[{"href":"https:\/\/prochaska.eu\/ro\/wp-json\/wp\/v2\/product"}],"about":[{"href":"https:\/\/prochaska.eu\/ro\/wp-json\/wp\/v2\/types\/product"}],"version-history":[{"count":0,"href":"https:\/\/prochaska.eu\/ro\/wp-json\/wp\/v2\/product\/27037\/revisions"}],"wp:featuredmedia":[{"embeddable":true,"href":"https:\/\/prochaska.eu\/ro\/wp-json\/wp\/v2\/media\/27564"}],"wp:attachment":[{"href":"https:\/\/prochaska.eu\/ro\/wp-json\/wp\/v2\/media?parent=27037"}],"wp:term":[{"taxonomy":"pwb-brand","embeddable":true,"href":"https:\/\/prochaska.eu\/ro\/wp-json\/wp\/v2\/pwb-brand?post=27037"},{"taxonomy":"product_brand","embeddable":true,"href":"https:\/\/prochaska.eu\/ro\/wp-json\/wp\/v2\/product_brand?post=27037"},{"taxonomy":"product_cat","embeddable":true,"href":"https:\/\/prochaska.eu\/ro\/wp-json\/wp\/v2\/product_cat?post=27037"},{"taxonomy":"product_tag","embeddable":true,"href":"https:\/\/prochaska.eu\/ro\/wp-json\/wp\/v2\/product_tag?post=27037"}],"curies":[{"name":"wp","href":"https:\/\/api.w.org\/{rel}","templated":true}]}}