{"id":27366,"date":"2024-07-08T13:05:33","date_gmt":"2024-07-08T13:05:33","guid":{"rendered":"https:\/\/prochaska.eu\/?post_type=product&#038;p=27366"},"modified":"2025-04-24T07:51:23","modified_gmt":"2025-04-24T07:51:23","slug":"toro-siteworks-taietor-de-perii-brc28-22328","status":"publish","type":"product","link":"https:\/\/prochaska.eu\/ro\/produs\/toro-siteworks-taietor-de-perii-brc28-22328\/","title":{"rendered":"Toro &#8211; Siteworks &#8211; T\u0103ietor de perii &#8211; BRC28 &#8211; 22328"},"content":{"rendered":"<p style=\"text-align: left;\">Ma\u0219ina de t\u0103iat m\u0103r\u0103cini BRC28 de la Toro, modelul 23522, este una dintre ma\u0219inile de renovare a spa\u021biilor verzi de la Toro \u0219i are o l\u0103\u021bime de t\u0103iere de 71 cm \u0219i o transmisie hidraulic\u0103. Ma\u0219ina versatil\u0103 este ideal\u0103 pentru \u00eenchiriere. Cu motocoasa, utilizatorii profesioni\u0219ti pot t\u0103ia cu u\u0219urin\u021b\u0103 tufi\u0219uri, buruieni \u00eenalte, l\u0103stari tineri \u0219i vegeta\u021bie dens\u0103. Cositoarea are o platform\u0103 de cosit pivotant\u0103 \u0219i poate toci tufi\u0219uri de p\u00e2n\u0103 la doi metri \u0219i l\u0103stari tineri cu un diametru de p\u00e2n\u0103 la 5 cm.<\/p>\n<h2 style=\"text-align: left;\">Beneficiile produsului<\/h2>\n<ul style=\"text-align: left;\">\n<li>Rezervorul mare de combustibil \u0219i platforma de t\u0103iere de 71 cm sporesc productivitatea utilizatorului<\/li>\n<li style=\"text-align: left;\">Lama flail este potrivit\u0103 pentru cele mai dificile condi\u021bii<\/li>\n<li>Platforma de cosit pivotant\u0103 faciliteaz\u0103 manevrarea pe teren accidentat<\/li>\n<li>Contorul orelor de func\u021bionare ca memento al lucr\u0103rilor de \u00eentre\u021binere necesare<\/li>\n<li>Design remarcabil al produsului, cu platform\u0103 de cosit robust\u0103 din o\u021bel, arbore cu ax (6 cm) \u0219i poli\u021be de curea<\/li>\n<li>Banda de rulare agresiv\u0103 a anvelopelor umplut\u0103 cu material de etan\u0219are pentru o propulsie eficient\u0103<\/li>\n<li>Design \u00eembun\u0103t\u0103\u021bit al ambreiajului electromagnetic<\/li>\n<li>Manete de ac\u021bionare simple, intuitive<\/li>\n<li>Activare \u00een dou\u0103 etape a lamei \u0219i fr\u00e2n\u0103 de parcare pentru o operabilitate \u00eembun\u0103t\u0103\u021bit\u0103<\/li>\n<li>Manevrare cu elementul de control cu o singur\u0103 m\u00e2n\u0103 \u00een direc\u021bia \u00eenainte \u0219i \u00eenapoi<\/li>\n<\/ul>\n<h2 style=\"text-align: left;\">Fi\u0219a tehnic\u0103 a produsului<\/h2>\n<p style=\"text-align: left;\"><a href=\"https:\/\/www.prochaska.eu\/wp-content\/uploads\/2020\/05\/200-7758_Brush-Cutter_SS_DE.pdf\">&gt;&gt; &lt;&lt;Pute\u021bi g\u0103si mai multe informa\u021bii despre produs \u00een<\/a> <a href=\"https:\/\/www.prochaska.eu\/wp-content\/uploads\/2020\/05\/200-7758_Brush-Cutter_SS_DE.pdf\">fi\u0219a tehnic\u0103 a produsului <\/a> pentru modelul BRC 28.<\/p>\n<p>&nbsp;<\/p>\n<p><iframe title=\"Brush Cutter\" width=\"800\" height=\"450\" src=\"https:\/\/www.youtube.com\/embed\/ph7TeGzHcis?feature=oembed\" frameborder=\"0\" allow=\"accelerometer; autoplay; clipboard-write; encrypted-media; gyroscope; picture-in-picture; web-share\" referrerpolicy=\"strict-origin-when-cross-origin\" allowfullscreen><\/iframe><\/p>\n<p>&nbsp;<\/p>\n","protected":false},"excerpt":{"rendered":"<p>Ma\u0219ina de t\u0103iat perii Toro BRC 28 are o l\u0103\u021bime de t\u0103iere de 71 cm \u0219i este ideal\u0103 pentru \u00eenchiriere.<\/p>\n","protected":false},"featured_media":27375,"template":"","meta":[],"pwb-brand":[3073],"product_brand":[],"product_cat":[1521,2694],"product_tag":[],"class_list":{"0":"post-27366","1":"product","2":"type-product","3":"status-publish","4":"has-post-thumbnail","6":"pwb-brand-toro-ro","7":"product_cat-municipal-terenuri-de-sport-si-agricultura","8":"product_cat-siteworks-ro","10":"first","11":"instock","12":"taxable","13":"shipping-taxable","14":"product-type-simple"},"yoast_head":"<!-- This site is optimized with the Yoast SEO plugin v27.2 - https:\/\/yoast.com\/product\/yoast-seo-wordpress\/ -->\n<title>Toro - Siteworks - T\u0103ietor de perii - BRC28 - 22328 - Prochaska<\/title>\n<meta name=\"robots\" content=\"index, follow, max-snippet:-1, max-image-preview:large, max-video-preview:-1\" \/>\n<link rel=\"canonical\" href=\"https:\/\/prochaska.eu\/ro\/produs\/toro-siteworks-taietor-de-perii-brc28-22328\/\" \/>\n<meta property=\"og:locale\" content=\"ro_RO\" \/>\n<meta property=\"og:type\" content=\"article\" \/>\n<meta property=\"og:title\" content=\"Toro - Siteworks - T\u0103ietor de perii - BRC28 - 22328 - Prochaska\" \/>\n<meta property=\"og:description\" content=\"Ma\u0219ina de t\u0103iat perii Toro BRC 28 are o l\u0103\u021bime de t\u0103iere de 71 cm \u0219i este ideal\u0103 pentru \u00eenchiriere.\" \/>\n<meta property=\"og:url\" content=\"https:\/\/prochaska.eu\/ro\/produs\/toro-siteworks-taietor-de-perii-brc28-22328\/\" \/>\n<meta property=\"og:site_name\" content=\"Prochaska\" \/>\n<meta property=\"article:publisher\" content=\"https:\/\/www.facebook.com\/prochaska.eu\/\" \/>\n<meta property=\"article:modified_time\" content=\"2025-04-24T07:51:23+00:00\" \/>\n<meta property=\"og:image\" content=\"https:\/\/prochaska.eu\/wp-content\/uploads\/2024\/07\/Dingo-TX1000-22328-vorne.png\" \/>\n\t<meta property=\"og:image:width\" content=\"1000\" \/>\n\t<meta property=\"og:image:height\" content=\"1000\" \/>\n\t<meta property=\"og:image:type\" content=\"image\/png\" \/>\n<meta name=\"twitter:card\" content=\"summary_large_image\" \/>\n<meta name=\"twitter:label1\" content=\"Timp estimat pentru citire\" \/>\n\t<meta name=\"twitter:data1\" content=\"2 minute\" \/>\n<script type=\"application\/ld+json\" class=\"yoast-schema-graph\">{\"@context\":\"https:\/\/schema.org\",\"@graph\":[{\"@type\":\"WebPage\",\"@id\":\"https:\/\/prochaska.eu\/ro\/produs\/toro-siteworks-taietor-de-perii-brc28-22328\/\",\"url\":\"https:\/\/prochaska.eu\/ro\/produs\/toro-siteworks-taietor-de-perii-brc28-22328\/\",\"name\":\"Toro - Siteworks - T\u0103ietor de perii - BRC28 - 22328 - Prochaska\",\"isPartOf\":{\"@id\":\"https:\/\/prochaska.eu\/ro\/#website\"},\"primaryImageOfPage\":{\"@id\":\"https:\/\/prochaska.eu\/ro\/produs\/toro-siteworks-taietor-de-perii-brc28-22328\/#primaryimage\"},\"image\":{\"@id\":\"https:\/\/prochaska.eu\/ro\/produs\/toro-siteworks-taietor-de-perii-brc28-22328\/#primaryimage\"},\"thumbnailUrl\":\"https:\/\/prochaska.eu\/wp-content\/uploads\/2024\/07\/Dingo-TX1000-22328-vorne.png\",\"datePublished\":\"2024-07-08T13:05:33+00:00\",\"dateModified\":\"2025-04-24T07:51:23+00:00\",\"breadcrumb\":{\"@id\":\"https:\/\/prochaska.eu\/ro\/produs\/toro-siteworks-taietor-de-perii-brc28-22328\/#breadcrumb\"},\"inLanguage\":\"ro-RO\",\"potentialAction\":[{\"@type\":\"ReadAction\",\"target\":[\"https:\/\/prochaska.eu\/ro\/produs\/toro-siteworks-taietor-de-perii-brc28-22328\/\"]}]},{\"@type\":\"ImageObject\",\"inLanguage\":\"ro-RO\",\"@id\":\"https:\/\/prochaska.eu\/ro\/produs\/toro-siteworks-taietor-de-perii-brc28-22328\/#primaryimage\",\"url\":\"https:\/\/prochaska.eu\/wp-content\/uploads\/2024\/07\/Dingo-TX1000-22328-vorne.png\",\"contentUrl\":\"https:\/\/prochaska.eu\/wp-content\/uploads\/2024\/07\/Dingo-TX1000-22328-vorne.png\",\"width\":1000,\"height\":1000},{\"@type\":\"BreadcrumbList\",\"@id\":\"https:\/\/prochaska.eu\/ro\/produs\/toro-siteworks-taietor-de-perii-brc28-22328\/#breadcrumb\",\"itemListElement\":[{\"@type\":\"ListItem\",\"position\":1,\"name\":\"Home\",\"item\":\"https:\/\/prochaska.eu\/ro\/\"},{\"@type\":\"ListItem\",\"position\":2,\"name\":\"Shop\",\"item\":\"https:\/\/prochaska.eu\/ro\/shop\/\"},{\"@type\":\"ListItem\",\"position\":3,\"name\":\"Toro &#8211; Siteworks &#8211; T\u0103ietor de perii &#8211; BRC28 &#8211; 22328\"}]},{\"@type\":\"WebSite\",\"@id\":\"https:\/\/prochaska.eu\/ro\/#website\",\"url\":\"https:\/\/prochaska.eu\/ro\/\",\"name\":\"Prochaska\",\"description\":\"Spezialist f\u00fcr Pflege von Gr\u00fcnfl\u00e4chen\",\"publisher\":{\"@id\":\"https:\/\/prochaska.eu\/ro\/#organization\"},\"potentialAction\":[{\"@type\":\"SearchAction\",\"target\":{\"@type\":\"EntryPoint\",\"urlTemplate\":\"https:\/\/prochaska.eu\/ro\/?s={search_term_string}\"},\"query-input\":{\"@type\":\"PropertyValueSpecification\",\"valueRequired\":true,\"valueName\":\"search_term_string\"}}],\"inLanguage\":\"ro-RO\"},{\"@type\":\"Organization\",\"@id\":\"https:\/\/prochaska.eu\/ro\/#organization\",\"name\":\"Prochaska\",\"url\":\"https:\/\/prochaska.eu\/ro\/\",\"logo\":{\"@type\":\"ImageObject\",\"inLanguage\":\"ro-RO\",\"@id\":\"https:\/\/prochaska.eu\/ro\/#\/schema\/logo\/image\/\",\"url\":\"https:\/\/prochaska.eu\/wp-content\/uploads\/2024\/04\/Prochaska_Logo_Black-1.png\",\"contentUrl\":\"https:\/\/prochaska.eu\/wp-content\/uploads\/2024\/04\/Prochaska_Logo_Black-1.png\",\"width\":796,\"height\":236,\"caption\":\"Prochaska\"},\"image\":{\"@id\":\"https:\/\/prochaska.eu\/ro\/#\/schema\/logo\/image\/\"},\"sameAs\":[\"https:\/\/www.facebook.com\/prochaska.eu\/\",\"https:\/\/www.instagram.com\/prochaska.eu\/\",\"https:\/\/www.linkedin.com\/company\/prochaska-handels-gmbh\"]}]}<\/script>\n<!-- \/ Yoast SEO plugin. -->","yoast_head_json":{"title":"Toro - Siteworks - T\u0103ietor de perii - BRC28 - 22328 - Prochaska","robots":{"index":"index","follow":"follow","max-snippet":"max-snippet:-1","max-image-preview":"max-image-preview:large","max-video-preview":"max-video-preview:-1"},"canonical":"https:\/\/prochaska.eu\/ro\/produs\/toro-siteworks-taietor-de-perii-brc28-22328\/","og_locale":"ro_RO","og_type":"article","og_title":"Toro - Siteworks - T\u0103ietor de perii - BRC28 - 22328 - Prochaska","og_description":"Ma\u0219ina de t\u0103iat perii Toro BRC 28 are o l\u0103\u021bime de t\u0103iere de 71 cm \u0219i este ideal\u0103 pentru \u00eenchiriere.","og_url":"https:\/\/prochaska.eu\/ro\/produs\/toro-siteworks-taietor-de-perii-brc28-22328\/","og_site_name":"Prochaska","article_publisher":"https:\/\/www.facebook.com\/prochaska.eu\/","article_modified_time":"2025-04-24T07:51:23+00:00","og_image":[{"width":1000,"height":1000,"url":"https:\/\/prochaska.eu\/wp-content\/uploads\/2024\/07\/Dingo-TX1000-22328-vorne.png","type":"image\/png"}],"twitter_card":"summary_large_image","twitter_misc":{"Timp estimat pentru citire":"2 minute"},"schema":{"@context":"https:\/\/schema.org","@graph":[{"@type":"WebPage","@id":"https:\/\/prochaska.eu\/ro\/produs\/toro-siteworks-taietor-de-perii-brc28-22328\/","url":"https:\/\/prochaska.eu\/ro\/produs\/toro-siteworks-taietor-de-perii-brc28-22328\/","name":"Toro - Siteworks - T\u0103ietor de perii - BRC28 - 22328 - Prochaska","isPartOf":{"@id":"https:\/\/prochaska.eu\/ro\/#website"},"primaryImageOfPage":{"@id":"https:\/\/prochaska.eu\/ro\/produs\/toro-siteworks-taietor-de-perii-brc28-22328\/#primaryimage"},"image":{"@id":"https:\/\/prochaska.eu\/ro\/produs\/toro-siteworks-taietor-de-perii-brc28-22328\/#primaryimage"},"thumbnailUrl":"https:\/\/prochaska.eu\/wp-content\/uploads\/2024\/07\/Dingo-TX1000-22328-vorne.png","datePublished":"2024-07-08T13:05:33+00:00","dateModified":"2025-04-24T07:51:23+00:00","breadcrumb":{"@id":"https:\/\/prochaska.eu\/ro\/produs\/toro-siteworks-taietor-de-perii-brc28-22328\/#breadcrumb"},"inLanguage":"ro-RO","potentialAction":[{"@type":"ReadAction","target":["https:\/\/prochaska.eu\/ro\/produs\/toro-siteworks-taietor-de-perii-brc28-22328\/"]}]},{"@type":"ImageObject","inLanguage":"ro-RO","@id":"https:\/\/prochaska.eu\/ro\/produs\/toro-siteworks-taietor-de-perii-brc28-22328\/#primaryimage","url":"https:\/\/prochaska.eu\/wp-content\/uploads\/2024\/07\/Dingo-TX1000-22328-vorne.png","contentUrl":"https:\/\/prochaska.eu\/wp-content\/uploads\/2024\/07\/Dingo-TX1000-22328-vorne.png","width":1000,"height":1000},{"@type":"BreadcrumbList","@id":"https:\/\/prochaska.eu\/ro\/produs\/toro-siteworks-taietor-de-perii-brc28-22328\/#breadcrumb","itemListElement":[{"@type":"ListItem","position":1,"name":"Home","item":"https:\/\/prochaska.eu\/ro\/"},{"@type":"ListItem","position":2,"name":"Shop","item":"https:\/\/prochaska.eu\/ro\/shop\/"},{"@type":"ListItem","position":3,"name":"Toro &#8211; Siteworks &#8211; T\u0103ietor de perii &#8211; BRC28 &#8211; 22328"}]},{"@type":"WebSite","@id":"https:\/\/prochaska.eu\/ro\/#website","url":"https:\/\/prochaska.eu\/ro\/","name":"Prochaska","description":"Spezialist f\u00fcr Pflege von Gr\u00fcnfl\u00e4chen","publisher":{"@id":"https:\/\/prochaska.eu\/ro\/#organization"},"potentialAction":[{"@type":"SearchAction","target":{"@type":"EntryPoint","urlTemplate":"https:\/\/prochaska.eu\/ro\/?s={search_term_string}"},"query-input":{"@type":"PropertyValueSpecification","valueRequired":true,"valueName":"search_term_string"}}],"inLanguage":"ro-RO"},{"@type":"Organization","@id":"https:\/\/prochaska.eu\/ro\/#organization","name":"Prochaska","url":"https:\/\/prochaska.eu\/ro\/","logo":{"@type":"ImageObject","inLanguage":"ro-RO","@id":"https:\/\/prochaska.eu\/ro\/#\/schema\/logo\/image\/","url":"https:\/\/prochaska.eu\/wp-content\/uploads\/2024\/04\/Prochaska_Logo_Black-1.png","contentUrl":"https:\/\/prochaska.eu\/wp-content\/uploads\/2024\/04\/Prochaska_Logo_Black-1.png","width":796,"height":236,"caption":"Prochaska"},"image":{"@id":"https:\/\/prochaska.eu\/ro\/#\/schema\/logo\/image\/"},"sameAs":["https:\/\/www.facebook.com\/prochaska.eu\/","https:\/\/www.instagram.com\/prochaska.eu\/","https:\/\/www.linkedin.com\/company\/prochaska-handels-gmbh"]}]}},"brands":[{"id":3073,"name":"Toro","slug":"toro-ro"}],"_links":{"self":[{"href":"https:\/\/prochaska.eu\/ro\/wp-json\/wp\/v2\/product\/27366","targetHints":{"allow":["GET"]}}],"collection":[{"href":"https:\/\/prochaska.eu\/ro\/wp-json\/wp\/v2\/product"}],"about":[{"href":"https:\/\/prochaska.eu\/ro\/wp-json\/wp\/v2\/types\/product"}],"version-history":[{"count":0,"href":"https:\/\/prochaska.eu\/ro\/wp-json\/wp\/v2\/product\/27366\/revisions"}],"wp:featuredmedia":[{"embeddable":true,"href":"https:\/\/prochaska.eu\/ro\/wp-json\/wp\/v2\/media\/27375"}],"wp:attachment":[{"href":"https:\/\/prochaska.eu\/ro\/wp-json\/wp\/v2\/media?parent=27366"}],"wp:term":[{"taxonomy":"pwb-brand","embeddable":true,"href":"https:\/\/prochaska.eu\/ro\/wp-json\/wp\/v2\/pwb-brand?post=27366"},{"taxonomy":"product_brand","embeddable":true,"href":"https:\/\/prochaska.eu\/ro\/wp-json\/wp\/v2\/product_brand?post=27366"},{"taxonomy":"product_cat","embeddable":true,"href":"https:\/\/prochaska.eu\/ro\/wp-json\/wp\/v2\/product_cat?post=27366"},{"taxonomy":"product_tag","embeddable":true,"href":"https:\/\/prochaska.eu\/ro\/wp-json\/wp\/v2\/product_tag?post=27366"}],"curies":[{"name":"wp","href":"https:\/\/api.w.org\/{rel}","templated":true}]}}