{"id":29204,"date":"2024-12-19T07:55:31","date_gmt":"2024-12-19T07:55:31","guid":{"rendered":"https:\/\/prochaska.eu\/?post_type=product&#038;p=29204"},"modified":"2026-01-27T13:51:28","modified_gmt":"2026-01-27T13:51:28","slug":"toro-zeroturn-timecutter-zr4200t-74679","status":"publish","type":"product","link":"https:\/\/prochaska.eu\/ro\/produs\/toro-zeroturn-timecutter-zr4200t-74679\/","title":{"rendered":"Toro &#8211; ZeroTurn -TimeCutter &#8211; ZR4200T &#8211; 74679"},"content":{"rendered":"<p style=\"text-align: left;\">Der Nullwendekreism\u00e4her TimeCutter ZR 4200T (74679) von Toro verf\u00fcgt \u00fcber eine Schnittbreite von 107 cm und einen Briggs &amp; Stratton V-TWIN 2 Zylinder-Motor mit 724 cm\u00b3. Das Arbeiten mit dem Zero Turn ist effizient, einfach und zuverl\u00e4sslig. Durch die runden Lenkhebel des M\u00e4hers und die extra h\u00f6he R\u00fcckenlehne ist Fahrspa\u00df garantiert. Mit einer einzigen Bewegung k\u00f6nnen Hindernisse schnell umfahren werden. Da der <a href=\"https:\/\/www.prochaska.eu\/toro\/\">Toro <\/a>TimeCutter so flink und wendig ist, wird die M\u00e4hzeit quasi halbiert. Der Rasenm\u00e4her eignet sich f\u00fcr Fl\u00e4chen mit bis zu 7.000 m\u00b2. Der Dual-Hydrostatantrieb sorgt f\u00fcr eine besonders gute Fl\u00e4chenleistung und ein perfektes M\u00e4hergebnis, zeitsparend mit bis zu 11km\/h.<\/p>\n<h2 style=\"text-align: left;\">Die Produktvorteile<\/h2>\n<ul>\n<li>Toro-Motor 724cc f\u00fcr eine zuverl\u00e4ssige Leistung<\/li>\n<li>7-fach verstellbare H\u00f6henvestellung (38-114mm)<\/li>\n<li>M\u00e4hwerk-Wasseranschl\u00fcsse unter dem M\u00e4hwerk f\u00fcr eine einfache Reinigung<\/li>\n<li>Clean-Wash Anschluss zur einfachen und schnellen Reinigung<\/li>\n<li>Extra hohe M\u00e4hkammer (10cm)<\/li>\n<li>Antriebsstr\u00e4nge mit 2 Hydrostaten f\u00fcr Man\u00f6vrierf\u00e4higkeit und Null-Wendekreis<\/li>\n<li>Deluxe Softkomfort-Sitz f\u00fcr ein komfortables Arbeiten<\/li>\n<li>Patentiertes, selbstreinigendes Luftkastenfiltrationssystem<\/li>\n<li>Doppelgeschwei\u00dftes Stahldeck<\/li>\n<li>Robuster Heckmotorschutz aus Stahl<\/li>\n<\/ul>\n<h2 style=\"text-align: left;\">Optionales Zubeh\u00f6r<\/h2>\n<ul>\n<li><a href=\"https:\/\/prochaska.eu\/produkt\/toro-ersatzmesser-zeroturn-107-cm\/\">Toro Ersatzmesser 107 cm<\/a><\/li>\n<li><a href=\"https:\/\/prochaska.eu\/produkt\/deluxe-abdeckhaube-zeroturn-gross\/\">Toro Abdeckhaube f\u00fcr Zero Turn Gro\u00df<\/a><\/li>\n<\/ul>\n<p>&nbsp;<\/p>\n<p><iframe title=\"Save Time with Toro TimeCutter Zero Turn Riding Mowers\" width=\"800\" height=\"450\" src=\"https:\/\/www.youtube.com\/embed\/kD2zyCau3j8?feature=oembed\" frameborder=\"0\" allow=\"accelerometer; autoplay; clipboard-write; encrypted-media; gyroscope; picture-in-picture; web-share\" referrerpolicy=\"strict-origin-when-cross-origin\" allowfullscreen><\/iframe><\/p>\n","protected":false},"excerpt":{"rendered":"<p>Der Nullwendekreism\u00e4her TimeCutter ZR 4200T (74679) von Toro verf\u00fcgt \u00fcber eine Schnittbreite von 107 cm und einen Briggs &amp; Stratton\u00a0 V-TWIN 2 Zylinder-Motor mit 724 cm\u00b3.<\/p>\n","protected":false},"featured_media":29207,"template":"","meta":[],"pwb-brand":[1039],"product_brand":[],"product_cat":[449,450],"product_tag":[],"class_list":{"0":"post-29204","1":"product","2":"type-product","3":"status-publish","4":"has-post-thumbnail","6":"pwb-brand-toro","7":"product_cat-rasenmaeher-gartengeraete-zubehoer","8":"product_cat-zero-turns-rasenmaeher-gartengeraete-zubehoer","10":"first","11":"instock","12":"taxable","13":"shipping-taxable","14":"purchasable","15":"product-type-simple"},"yoast_head":"<!-- This site is optimized with the Yoast SEO plugin v27.2 - https:\/\/yoast.com\/product\/yoast-seo-wordpress\/ -->\n<title>Toro - ZeroTurn -TimeCutter - ZR4200T - 74679 - Prochaska<\/title>\n<meta name=\"description\" content=\"Mit dem TORO TimeCutter kann die M\u00e4hzeit halbiert werden. Der M\u00e4her erm\u00f6glicht ein schnelles und effizientes Arbeiten mit Panzersteuerung.\" \/>\n<meta name=\"robots\" content=\"index, follow, max-snippet:-1, max-image-preview:large, max-video-preview:-1\" \/>\n<link rel=\"canonical\" href=\"https:\/\/prochaska.eu\/ro\/produs\/toro-zeroturn-timecutter-zr4200t-74679\/\" \/>\n<meta property=\"og:locale\" content=\"ro_RO\" \/>\n<meta property=\"og:type\" content=\"article\" \/>\n<meta property=\"og:title\" content=\"Toro - ZeroTurn -TimeCutter - ZR4200T - 74679 - Prochaska\" \/>\n<meta property=\"og:description\" content=\"Mit dem TORO TimeCutter kann die M\u00e4hzeit halbiert werden. Der M\u00e4her erm\u00f6glicht ein schnelles und effizientes Arbeiten mit Panzersteuerung.\" \/>\n<meta property=\"og:url\" content=\"https:\/\/prochaska.eu\/ro\/produs\/toro-zeroturn-timecutter-zr4200t-74679\/\" \/>\n<meta property=\"og:site_name\" content=\"Prochaska\" \/>\n<meta property=\"article:publisher\" content=\"https:\/\/www.facebook.com\/prochaska.eu\/\" \/>\n<meta property=\"article:modified_time\" content=\"2026-01-27T13:51:28+00:00\" \/>\n<meta property=\"og:image\" content=\"https:\/\/prochaska.eu\/wp-content\/uploads\/2024\/12\/Toro_TimeCutter-ZR4200T-74679.png\" \/>\n\t<meta property=\"og:image:width\" content=\"1000\" \/>\n\t<meta property=\"og:image:height\" content=\"1000\" \/>\n\t<meta property=\"og:image:type\" content=\"image\/png\" \/>\n<meta name=\"twitter:card\" content=\"summary_large_image\" \/>\n<meta name=\"twitter:label1\" content=\"Timp estimat pentru citire\" \/>\n\t<meta name=\"twitter:data1\" content=\"1 minut\" \/>\n<script type=\"application\/ld+json\" class=\"yoast-schema-graph\">{\"@context\":\"https:\/\/schema.org\",\"@graph\":[{\"@type\":\"WebPage\",\"@id\":\"https:\/\/prochaska.eu\/ro\/produs\/toro-zeroturn-timecutter-zr4200t-74679\/\",\"url\":\"https:\/\/prochaska.eu\/ro\/produs\/toro-zeroturn-timecutter-zr4200t-74679\/\",\"name\":\"Toro - ZeroTurn -TimeCutter - ZR4200T - 74679 - Prochaska\",\"isPartOf\":{\"@id\":\"https:\/\/prochaska.eu\/ro\/#website\"},\"primaryImageOfPage\":{\"@id\":\"https:\/\/prochaska.eu\/ro\/produs\/toro-zeroturn-timecutter-zr4200t-74679\/#primaryimage\"},\"image\":{\"@id\":\"https:\/\/prochaska.eu\/ro\/produs\/toro-zeroturn-timecutter-zr4200t-74679\/#primaryimage\"},\"thumbnailUrl\":\"https:\/\/prochaska.eu\/wp-content\/uploads\/2024\/12\/Toro_TimeCutter-ZR4200T-74679.png\",\"datePublished\":\"2024-12-19T07:55:31+00:00\",\"dateModified\":\"2026-01-27T13:51:28+00:00\",\"description\":\"Mit dem TORO TimeCutter kann die M\u00e4hzeit halbiert werden. Der M\u00e4her erm\u00f6glicht ein schnelles und effizientes Arbeiten mit Panzersteuerung.\",\"breadcrumb\":{\"@id\":\"https:\/\/prochaska.eu\/ro\/produs\/toro-zeroturn-timecutter-zr4200t-74679\/#breadcrumb\"},\"inLanguage\":\"ro-RO\",\"potentialAction\":[{\"@type\":\"ReadAction\",\"target\":[\"https:\/\/prochaska.eu\/ro\/produs\/toro-zeroturn-timecutter-zr4200t-74679\/\"]}]},{\"@type\":\"ImageObject\",\"inLanguage\":\"ro-RO\",\"@id\":\"https:\/\/prochaska.eu\/ro\/produs\/toro-zeroturn-timecutter-zr4200t-74679\/#primaryimage\",\"url\":\"https:\/\/prochaska.eu\/wp-content\/uploads\/2024\/12\/Toro_TimeCutter-ZR4200T-74679.png\",\"contentUrl\":\"https:\/\/prochaska.eu\/wp-content\/uploads\/2024\/12\/Toro_TimeCutter-ZR4200T-74679.png\",\"width\":1000,\"height\":1000},{\"@type\":\"BreadcrumbList\",\"@id\":\"https:\/\/prochaska.eu\/ro\/produs\/toro-zeroturn-timecutter-zr4200t-74679\/#breadcrumb\",\"itemListElement\":[{\"@type\":\"ListItem\",\"position\":1,\"name\":\"Home\",\"item\":\"https:\/\/prochaska.eu\/ro\/\"},{\"@type\":\"ListItem\",\"position\":2,\"name\":\"Shop\",\"item\":\"https:\/\/prochaska.eu\/ro\/shop\/\"},{\"@type\":\"ListItem\",\"position\":3,\"name\":\"Toro &#8211; ZeroTurn -TimeCutter &#8211; ZR4200T &#8211; 74679\"}]},{\"@type\":\"WebSite\",\"@id\":\"https:\/\/prochaska.eu\/ro\/#website\",\"url\":\"https:\/\/prochaska.eu\/ro\/\",\"name\":\"Prochaska\",\"description\":\"Spezialist f\u00fcr Pflege von Gr\u00fcnfl\u00e4chen\",\"publisher\":{\"@id\":\"https:\/\/prochaska.eu\/ro\/#organization\"},\"potentialAction\":[{\"@type\":\"SearchAction\",\"target\":{\"@type\":\"EntryPoint\",\"urlTemplate\":\"https:\/\/prochaska.eu\/ro\/?s={search_term_string}\"},\"query-input\":{\"@type\":\"PropertyValueSpecification\",\"valueRequired\":true,\"valueName\":\"search_term_string\"}}],\"inLanguage\":\"ro-RO\"},{\"@type\":\"Organization\",\"@id\":\"https:\/\/prochaska.eu\/ro\/#organization\",\"name\":\"Prochaska\",\"url\":\"https:\/\/prochaska.eu\/ro\/\",\"logo\":{\"@type\":\"ImageObject\",\"inLanguage\":\"ro-RO\",\"@id\":\"https:\/\/prochaska.eu\/ro\/#\/schema\/logo\/image\/\",\"url\":\"https:\/\/prochaska.eu\/wp-content\/uploads\/2024\/04\/Prochaska_Logo_Black-1.png\",\"contentUrl\":\"https:\/\/prochaska.eu\/wp-content\/uploads\/2024\/04\/Prochaska_Logo_Black-1.png\",\"width\":796,\"height\":236,\"caption\":\"Prochaska\"},\"image\":{\"@id\":\"https:\/\/prochaska.eu\/ro\/#\/schema\/logo\/image\/\"},\"sameAs\":[\"https:\/\/www.facebook.com\/prochaska.eu\/\",\"https:\/\/www.instagram.com\/prochaska.eu\/\",\"https:\/\/www.linkedin.com\/company\/prochaska-handels-gmbh\"]}]}<\/script>\n<!-- \/ Yoast SEO plugin. -->","yoast_head_json":{"title":"Toro - ZeroTurn -TimeCutter - ZR4200T - 74679 - Prochaska","description":"Mit dem TORO TimeCutter kann die M\u00e4hzeit halbiert werden. Der M\u00e4her erm\u00f6glicht ein schnelles und effizientes Arbeiten mit Panzersteuerung.","robots":{"index":"index","follow":"follow","max-snippet":"max-snippet:-1","max-image-preview":"max-image-preview:large","max-video-preview":"max-video-preview:-1"},"canonical":"https:\/\/prochaska.eu\/ro\/produs\/toro-zeroturn-timecutter-zr4200t-74679\/","og_locale":"ro_RO","og_type":"article","og_title":"Toro - ZeroTurn -TimeCutter - ZR4200T - 74679 - Prochaska","og_description":"Mit dem TORO TimeCutter kann die M\u00e4hzeit halbiert werden. Der M\u00e4her erm\u00f6glicht ein schnelles und effizientes Arbeiten mit Panzersteuerung.","og_url":"https:\/\/prochaska.eu\/ro\/produs\/toro-zeroturn-timecutter-zr4200t-74679\/","og_site_name":"Prochaska","article_publisher":"https:\/\/www.facebook.com\/prochaska.eu\/","article_modified_time":"2026-01-27T13:51:28+00:00","og_image":[{"width":1000,"height":1000,"url":"https:\/\/prochaska.eu\/wp-content\/uploads\/2024\/12\/Toro_TimeCutter-ZR4200T-74679.png","type":"image\/png"}],"twitter_card":"summary_large_image","twitter_misc":{"Timp estimat pentru citire":"1 minut"},"schema":{"@context":"https:\/\/schema.org","@graph":[{"@type":"WebPage","@id":"https:\/\/prochaska.eu\/ro\/produs\/toro-zeroturn-timecutter-zr4200t-74679\/","url":"https:\/\/prochaska.eu\/ro\/produs\/toro-zeroturn-timecutter-zr4200t-74679\/","name":"Toro - ZeroTurn -TimeCutter - ZR4200T - 74679 - Prochaska","isPartOf":{"@id":"https:\/\/prochaska.eu\/ro\/#website"},"primaryImageOfPage":{"@id":"https:\/\/prochaska.eu\/ro\/produs\/toro-zeroturn-timecutter-zr4200t-74679\/#primaryimage"},"image":{"@id":"https:\/\/prochaska.eu\/ro\/produs\/toro-zeroturn-timecutter-zr4200t-74679\/#primaryimage"},"thumbnailUrl":"https:\/\/prochaska.eu\/wp-content\/uploads\/2024\/12\/Toro_TimeCutter-ZR4200T-74679.png","datePublished":"2024-12-19T07:55:31+00:00","dateModified":"2026-01-27T13:51:28+00:00","description":"Mit dem TORO TimeCutter kann die M\u00e4hzeit halbiert werden. Der M\u00e4her erm\u00f6glicht ein schnelles und effizientes Arbeiten mit Panzersteuerung.","breadcrumb":{"@id":"https:\/\/prochaska.eu\/ro\/produs\/toro-zeroturn-timecutter-zr4200t-74679\/#breadcrumb"},"inLanguage":"ro-RO","potentialAction":[{"@type":"ReadAction","target":["https:\/\/prochaska.eu\/ro\/produs\/toro-zeroturn-timecutter-zr4200t-74679\/"]}]},{"@type":"ImageObject","inLanguage":"ro-RO","@id":"https:\/\/prochaska.eu\/ro\/produs\/toro-zeroturn-timecutter-zr4200t-74679\/#primaryimage","url":"https:\/\/prochaska.eu\/wp-content\/uploads\/2024\/12\/Toro_TimeCutter-ZR4200T-74679.png","contentUrl":"https:\/\/prochaska.eu\/wp-content\/uploads\/2024\/12\/Toro_TimeCutter-ZR4200T-74679.png","width":1000,"height":1000},{"@type":"BreadcrumbList","@id":"https:\/\/prochaska.eu\/ro\/produs\/toro-zeroturn-timecutter-zr4200t-74679\/#breadcrumb","itemListElement":[{"@type":"ListItem","position":1,"name":"Home","item":"https:\/\/prochaska.eu\/ro\/"},{"@type":"ListItem","position":2,"name":"Shop","item":"https:\/\/prochaska.eu\/ro\/shop\/"},{"@type":"ListItem","position":3,"name":"Toro &#8211; ZeroTurn -TimeCutter &#8211; ZR4200T &#8211; 74679"}]},{"@type":"WebSite","@id":"https:\/\/prochaska.eu\/ro\/#website","url":"https:\/\/prochaska.eu\/ro\/","name":"Prochaska","description":"Spezialist f\u00fcr Pflege von Gr\u00fcnfl\u00e4chen","publisher":{"@id":"https:\/\/prochaska.eu\/ro\/#organization"},"potentialAction":[{"@type":"SearchAction","target":{"@type":"EntryPoint","urlTemplate":"https:\/\/prochaska.eu\/ro\/?s={search_term_string}"},"query-input":{"@type":"PropertyValueSpecification","valueRequired":true,"valueName":"search_term_string"}}],"inLanguage":"ro-RO"},{"@type":"Organization","@id":"https:\/\/prochaska.eu\/ro\/#organization","name":"Prochaska","url":"https:\/\/prochaska.eu\/ro\/","logo":{"@type":"ImageObject","inLanguage":"ro-RO","@id":"https:\/\/prochaska.eu\/ro\/#\/schema\/logo\/image\/","url":"https:\/\/prochaska.eu\/wp-content\/uploads\/2024\/04\/Prochaska_Logo_Black-1.png","contentUrl":"https:\/\/prochaska.eu\/wp-content\/uploads\/2024\/04\/Prochaska_Logo_Black-1.png","width":796,"height":236,"caption":"Prochaska"},"image":{"@id":"https:\/\/prochaska.eu\/ro\/#\/schema\/logo\/image\/"},"sameAs":["https:\/\/www.facebook.com\/prochaska.eu\/","https:\/\/www.instagram.com\/prochaska.eu\/","https:\/\/www.linkedin.com\/company\/prochaska-handels-gmbh"]}]}},"brands":[{"id":3073,"name":"Toro","slug":"toro-ro"}],"_links":{"self":[{"href":"https:\/\/prochaska.eu\/ro\/wp-json\/wp\/v2\/product\/29204","targetHints":{"allow":["GET"]}}],"collection":[{"href":"https:\/\/prochaska.eu\/ro\/wp-json\/wp\/v2\/product"}],"about":[{"href":"https:\/\/prochaska.eu\/ro\/wp-json\/wp\/v2\/types\/product"}],"version-history":[{"count":2,"href":"https:\/\/prochaska.eu\/ro\/wp-json\/wp\/v2\/product\/29204\/revisions"}],"predecessor-version":[{"id":32455,"href":"https:\/\/prochaska.eu\/ro\/wp-json\/wp\/v2\/product\/29204\/revisions\/32455"}],"wp:featuredmedia":[{"embeddable":true,"href":"https:\/\/prochaska.eu\/ro\/wp-json\/wp\/v2\/media\/29207"}],"wp:attachment":[{"href":"https:\/\/prochaska.eu\/ro\/wp-json\/wp\/v2\/media?parent=29204"}],"wp:term":[{"taxonomy":"pwb-brand","embeddable":true,"href":"https:\/\/prochaska.eu\/ro\/wp-json\/wp\/v2\/pwb-brand?post=29204"},{"taxonomy":"product_brand","embeddable":true,"href":"https:\/\/prochaska.eu\/ro\/wp-json\/wp\/v2\/product_brand?post=29204"},{"taxonomy":"product_cat","embeddable":true,"href":"https:\/\/prochaska.eu\/ro\/wp-json\/wp\/v2\/product_cat?post=29204"},{"taxonomy":"product_tag","embeddable":true,"href":"https:\/\/prochaska.eu\/ro\/wp-json\/wp\/v2\/product_tag?post=29204"}],"curies":[{"name":"wp","href":"https:\/\/api.w.org\/{rel}","templated":true}]}}