{"id":29213,"date":"2024-12-19T08:26:33","date_gmt":"2024-12-19T08:26:33","guid":{"rendered":"https:\/\/prochaska.eu\/?post_type=product&#038;p=29213"},"modified":"2025-04-24T07:24:16","modified_gmt":"2025-04-24T07:24:16","slug":"toro-zeroturn-timecutter-mr4275t-myride-74691-2","status":"publish","type":"product","link":"https:\/\/prochaska.eu\/ro\/produs\/toro-zeroturn-timecutter-mr4275t-myride-74691-2\/","title":{"rendered":"Toro &#8211; ZeroTurn &#8211; TimeCutter &#8211; MR4275T &#8211; MyRide &#8211; 74691"},"content":{"rendered":"<p style=\"text-align: left;\">Motocoasa cu tura\u021bie zero TimeCutter MR 4275T cu func\u021bie MyRide de la <a href=\"https:\/\/www.prochaska.eu\/toro\/\">Toro<\/a> are o l\u0103\u021bime de t\u0103iere de 107 cm. Sistemul de suspensie MyRide\u00ae al cositoarei absoarbe vibra\u021biile \u0219i permite o munc\u0103 confortabil\u0103. Manevrabilitatea \u0219i viteza cositoarei Zero Turn pot reduce timpul de cosire cu p\u00e2n\u0103 la 45%. Platforma de cosit mare \u0219i robust\u0103 poate rezista chiar \u0219i celor mai solicitante condi\u021bii. Motorul V-Twin de 708 m\u00b3 are o carcas\u0103 a filtrului de aer cu autocur\u0103\u021bare.<\/p>\n<h2 style=\"text-align: left;\">Beneficiile produsului<\/h2>\n<ul>\n<li>L\u0103\u021bime de t\u0103iere de 107 cm pentru suprafe\u021be de p\u00e2n\u0103 la 7.000 m\u00b2<\/li>\n<li style=\"text-align: left;\">Manevrabilitate \u0219i vitez\u0103 pentru economii de timp de p\u00e2n\u0103 la 45%<\/li>\n<li style=\"text-align: left;\">Sistemul de suspensie MyRide \u00eempotriva vibra\u021biilor pentru o munc\u0103 confortabil\u0103<\/li>\n<li style=\"text-align: left;\">Cositoare robust\u0103 pentru condi\u021bii dificile<\/li>\n<li style=\"text-align: left;\">Tehnologia Smart Speed pentru controlul vitezei de cosire<\/li>\n<li style=\"text-align: left;\">Regla\u021bi pur \u0219i simplu \u00een\u0103l\u021bimea de t\u0103iere cu ajutorul p\u00e2rghiei sau a pedalei de ridicare<\/li>\n<li style=\"text-align: left;\">Scaun lucrat manual cu tapi\u021berie \u0219i suport pentru spate<\/li>\n<li style=\"text-align: left;\">\u00centre\u021binere u\u0219oar\u0103 datorit\u0103 uleiului f\u0103r\u0103 scule, filtrului \u0219i \u00eenf\u0103\u0219ur\u0103torului capacului curelei<\/li>\n<li style=\"text-align: left;\">Cur\u0103\u021bare cu racord de sp\u0103lare pentru furtunul de gr\u0103din\u0103<\/li>\n<li style=\"text-align: left;\">Filtru de aer cu autocur\u0103\u021bare<\/li>\n<li style=\"text-align: left;\">Motor puternic<\/li>\n<li style=\"text-align: left;\">Ap\u0103r\u0103tori de noroi protectoare<\/li>\n<\/ul>\n<h2 style=\"text-align: left;\">Accesorii op\u021bionale<\/h2>\n<ul>\n<li style=\"text-align: left;\"><a href=\"https:\/\/www.prochaska.eu\/produkt\/toro-ersatzmesster-zeroturn-107cm-74684-74686-74690\/\">Cu\u021bit de schimb Toro Atomic 107 cm<\/a><\/li>\n<li style=\"text-align: left;\"><a href=\"https:\/\/www.prochaska.eu\/produkt\/deluxe-abdeckhaube-zeroturn\/\">Capac Toro Zero Turn Mic<\/a><\/li>\n<\/ul>\n<p>&nbsp;<\/p>\n<p><iframe title=\"Toro The Brand Professionals Trust - Timecutter HD with MyRide German\" width=\"800\" height=\"450\" src=\"https:\/\/www.youtube.com\/embed\/wYxhQt7M30g?feature=oembed\" frameborder=\"0\" allow=\"accelerometer; autoplay; clipboard-write; encrypted-media; gyroscope; picture-in-picture; web-share\" referrerpolicy=\"strict-origin-when-cross-origin\" allowfullscreen><\/iframe><\/p>\n","protected":false},"excerpt":{"rendered":"<p>TimeCutter MR 4275T cu sistem de suspensie MyRide\u00ae are o platform\u0103 de cosit robust\u0103 pentru condi\u021bii de cosit solicitante. Manevrabilitatea cositoarei Zero Turn poate economisi p\u00e2n\u0103 la 45% din timp.<\/p>\n","protected":false},"featured_media":29227,"template":"","meta":[],"pwb-brand":[3073],"product_brand":[],"product_cat":[1149,1298],"product_tag":[],"class_list":{"0":"post-29213","1":"product","2":"type-product","3":"status-publish","4":"has-post-thumbnail","6":"pwb-brand-toro-ro","7":"product_cat-cositoare-de-gazon","8":"product_cat-zero-viraje-ro-2","10":"first","11":"instock","12":"sale","13":"taxable","14":"shipping-taxable","15":"purchasable","16":"product-type-simple"},"yoast_head":"<!-- This site is optimized with the Yoast SEO plugin v27.4 - https:\/\/yoast.com\/product\/yoast-seo-wordpress\/ -->\n<title>Toro - ZeroTurn - TimeCutter - MR4275T - MyRide - 74691 - Prochaska<\/title>\n<meta name=\"robots\" content=\"index, follow, max-snippet:-1, max-image-preview:large, max-video-preview:-1\" \/>\n<link rel=\"canonical\" href=\"https:\/\/prochaska.eu\/ro\/produs\/toro-zeroturn-timecutter-mr4275t-myride-74691-2\/\" \/>\n<meta property=\"og:locale\" content=\"ro_RO\" \/>\n<meta property=\"og:type\" content=\"article\" \/>\n<meta property=\"og:title\" content=\"Toro - ZeroTurn - TimeCutter - MR4275T - MyRide - 74691 - Prochaska\" \/>\n<meta property=\"og:description\" content=\"TimeCutter MR 4275T cu sistem de suspensie MyRide\u00ae are o platform\u0103 de cosit robust\u0103 pentru condi\u021bii de cosit solicitante. Manevrabilitatea cositoarei Zero Turn poate economisi p\u00e2n\u0103 la 45% din timp.\" \/>\n<meta property=\"og:url\" content=\"https:\/\/prochaska.eu\/ro\/produs\/toro-zeroturn-timecutter-mr4275t-myride-74691-2\/\" \/>\n<meta property=\"og:site_name\" content=\"Prochaska\" \/>\n<meta property=\"article:publisher\" content=\"https:\/\/www.facebook.com\/prochaska.eu\/\" \/>\n<meta property=\"article:modified_time\" content=\"2025-04-24T07:24:16+00:00\" \/>\n<meta property=\"og:image\" content=\"https:\/\/prochaska.eu\/wp-content\/uploads\/2024\/12\/Toro_TimeCutter-MR5075T-MyRide-74695_74696-1.png\" \/>\n\t<meta property=\"og:image:width\" content=\"1000\" \/>\n\t<meta property=\"og:image:height\" content=\"1000\" \/>\n\t<meta property=\"og:image:type\" content=\"image\/png\" \/>\n<meta name=\"twitter:card\" content=\"summary_large_image\" \/>\n<meta name=\"twitter:label1\" content=\"Timp estimat pentru citire\" \/>\n\t<meta name=\"twitter:data1\" content=\"2 minute\" \/>\n<script type=\"application\/ld+json\" class=\"yoast-schema-graph\">{\"@context\":\"https:\\\/\\\/schema.org\",\"@graph\":[{\"@type\":\"WebPage\",\"@id\":\"https:\\\/\\\/prochaska.eu\\\/ro\\\/produs\\\/toro-zeroturn-timecutter-mr4275t-myride-74691-2\\\/\",\"url\":\"https:\\\/\\\/prochaska.eu\\\/ro\\\/produs\\\/toro-zeroturn-timecutter-mr4275t-myride-74691-2\\\/\",\"name\":\"Toro - ZeroTurn - TimeCutter - MR4275T - MyRide - 74691 - Prochaska\",\"isPartOf\":{\"@id\":\"https:\\\/\\\/prochaska.eu\\\/ro\\\/#website\"},\"primaryImageOfPage\":{\"@id\":\"https:\\\/\\\/prochaska.eu\\\/ro\\\/produs\\\/toro-zeroturn-timecutter-mr4275t-myride-74691-2\\\/#primaryimage\"},\"image\":{\"@id\":\"https:\\\/\\\/prochaska.eu\\\/ro\\\/produs\\\/toro-zeroturn-timecutter-mr4275t-myride-74691-2\\\/#primaryimage\"},\"thumbnailUrl\":\"https:\\\/\\\/prochaska.eu\\\/wp-content\\\/uploads\\\/2024\\\/12\\\/Toro_TimeCutter-MR5075T-MyRide-74695_74696-1.png\",\"datePublished\":\"2024-12-19T08:26:33+00:00\",\"dateModified\":\"2025-04-24T07:24:16+00:00\",\"breadcrumb\":{\"@id\":\"https:\\\/\\\/prochaska.eu\\\/ro\\\/produs\\\/toro-zeroturn-timecutter-mr4275t-myride-74691-2\\\/#breadcrumb\"},\"inLanguage\":\"ro-RO\",\"potentialAction\":[{\"@type\":\"ReadAction\",\"target\":[\"https:\\\/\\\/prochaska.eu\\\/ro\\\/produs\\\/toro-zeroturn-timecutter-mr4275t-myride-74691-2\\\/\"]}]},{\"@type\":\"ImageObject\",\"inLanguage\":\"ro-RO\",\"@id\":\"https:\\\/\\\/prochaska.eu\\\/ro\\\/produs\\\/toro-zeroturn-timecutter-mr4275t-myride-74691-2\\\/#primaryimage\",\"url\":\"https:\\\/\\\/prochaska.eu\\\/wp-content\\\/uploads\\\/2024\\\/12\\\/Toro_TimeCutter-MR5075T-MyRide-74695_74696-1.png\",\"contentUrl\":\"https:\\\/\\\/prochaska.eu\\\/wp-content\\\/uploads\\\/2024\\\/12\\\/Toro_TimeCutter-MR5075T-MyRide-74695_74696-1.png\",\"width\":1000,\"height\":1000},{\"@type\":\"BreadcrumbList\",\"@id\":\"https:\\\/\\\/prochaska.eu\\\/ro\\\/produs\\\/toro-zeroturn-timecutter-mr4275t-myride-74691-2\\\/#breadcrumb\",\"itemListElement\":[{\"@type\":\"ListItem\",\"position\":1,\"name\":\"Home\",\"item\":\"https:\\\/\\\/prochaska.eu\\\/ro\\\/\"},{\"@type\":\"ListItem\",\"position\":2,\"name\":\"Shop\",\"item\":\"https:\\\/\\\/prochaska.eu\\\/ro\\\/shop\\\/\"},{\"@type\":\"ListItem\",\"position\":3,\"name\":\"Toro &#8211; ZeroTurn &#8211; TimeCutter &#8211; MR4275T &#8211; MyRide &#8211; 74691\"}]},{\"@type\":\"WebSite\",\"@id\":\"https:\\\/\\\/prochaska.eu\\\/ro\\\/#website\",\"url\":\"https:\\\/\\\/prochaska.eu\\\/ro\\\/\",\"name\":\"Prochaska\",\"description\":\"Spezialist f\u00fcr Pflege von Gr\u00fcnfl\u00e4chen\",\"publisher\":{\"@id\":\"https:\\\/\\\/prochaska.eu\\\/ro\\\/#organization\"},\"potentialAction\":[{\"@type\":\"SearchAction\",\"target\":{\"@type\":\"EntryPoint\",\"urlTemplate\":\"https:\\\/\\\/prochaska.eu\\\/ro\\\/?s={search_term_string}\"},\"query-input\":{\"@type\":\"PropertyValueSpecification\",\"valueRequired\":true,\"valueName\":\"search_term_string\"}}],\"inLanguage\":\"ro-RO\"},{\"@type\":\"Organization\",\"@id\":\"https:\\\/\\\/prochaska.eu\\\/ro\\\/#organization\",\"name\":\"Prochaska\",\"url\":\"https:\\\/\\\/prochaska.eu\\\/ro\\\/\",\"logo\":{\"@type\":\"ImageObject\",\"inLanguage\":\"ro-RO\",\"@id\":\"https:\\\/\\\/prochaska.eu\\\/ro\\\/#\\\/schema\\\/logo\\\/image\\\/\",\"url\":\"https:\\\/\\\/prochaska.eu\\\/wp-content\\\/uploads\\\/2024\\\/04\\\/Prochaska_Logo_Black-1.png\",\"contentUrl\":\"https:\\\/\\\/prochaska.eu\\\/wp-content\\\/uploads\\\/2024\\\/04\\\/Prochaska_Logo_Black-1.png\",\"width\":796,\"height\":236,\"caption\":\"Prochaska\"},\"image\":{\"@id\":\"https:\\\/\\\/prochaska.eu\\\/ro\\\/#\\\/schema\\\/logo\\\/image\\\/\"},\"sameAs\":[\"https:\\\/\\\/www.facebook.com\\\/prochaska.eu\\\/\",\"https:\\\/\\\/www.instagram.com\\\/prochaska.eu\\\/\",\"https:\\\/\\\/www.linkedin.com\\\/company\\\/prochaska-handels-gmbh\"]}]}<\/script>\n<!-- \/ Yoast SEO plugin. -->","yoast_head_json":{"title":"Toro - ZeroTurn - TimeCutter - MR4275T - MyRide - 74691 - Prochaska","robots":{"index":"index","follow":"follow","max-snippet":"max-snippet:-1","max-image-preview":"max-image-preview:large","max-video-preview":"max-video-preview:-1"},"canonical":"https:\/\/prochaska.eu\/ro\/produs\/toro-zeroturn-timecutter-mr4275t-myride-74691-2\/","og_locale":"ro_RO","og_type":"article","og_title":"Toro - ZeroTurn - TimeCutter - MR4275T - MyRide - 74691 - Prochaska","og_description":"TimeCutter MR 4275T cu sistem de suspensie MyRide\u00ae are o platform\u0103 de cosit robust\u0103 pentru condi\u021bii de cosit solicitante. Manevrabilitatea cositoarei Zero Turn poate economisi p\u00e2n\u0103 la 45% din timp.","og_url":"https:\/\/prochaska.eu\/ro\/produs\/toro-zeroturn-timecutter-mr4275t-myride-74691-2\/","og_site_name":"Prochaska","article_publisher":"https:\/\/www.facebook.com\/prochaska.eu\/","article_modified_time":"2025-04-24T07:24:16+00:00","og_image":[{"width":1000,"height":1000,"url":"https:\/\/prochaska.eu\/wp-content\/uploads\/2024\/12\/Toro_TimeCutter-MR5075T-MyRide-74695_74696-1.png","type":"image\/png"}],"twitter_card":"summary_large_image","twitter_misc":{"Timp estimat pentru citire":"2 minute"},"schema":{"@context":"https:\/\/schema.org","@graph":[{"@type":"WebPage","@id":"https:\/\/prochaska.eu\/ro\/produs\/toro-zeroturn-timecutter-mr4275t-myride-74691-2\/","url":"https:\/\/prochaska.eu\/ro\/produs\/toro-zeroturn-timecutter-mr4275t-myride-74691-2\/","name":"Toro - ZeroTurn - TimeCutter - MR4275T - MyRide - 74691 - Prochaska","isPartOf":{"@id":"https:\/\/prochaska.eu\/ro\/#website"},"primaryImageOfPage":{"@id":"https:\/\/prochaska.eu\/ro\/produs\/toro-zeroturn-timecutter-mr4275t-myride-74691-2\/#primaryimage"},"image":{"@id":"https:\/\/prochaska.eu\/ro\/produs\/toro-zeroturn-timecutter-mr4275t-myride-74691-2\/#primaryimage"},"thumbnailUrl":"https:\/\/prochaska.eu\/wp-content\/uploads\/2024\/12\/Toro_TimeCutter-MR5075T-MyRide-74695_74696-1.png","datePublished":"2024-12-19T08:26:33+00:00","dateModified":"2025-04-24T07:24:16+00:00","breadcrumb":{"@id":"https:\/\/prochaska.eu\/ro\/produs\/toro-zeroturn-timecutter-mr4275t-myride-74691-2\/#breadcrumb"},"inLanguage":"ro-RO","potentialAction":[{"@type":"ReadAction","target":["https:\/\/prochaska.eu\/ro\/produs\/toro-zeroturn-timecutter-mr4275t-myride-74691-2\/"]}]},{"@type":"ImageObject","inLanguage":"ro-RO","@id":"https:\/\/prochaska.eu\/ro\/produs\/toro-zeroturn-timecutter-mr4275t-myride-74691-2\/#primaryimage","url":"https:\/\/prochaska.eu\/wp-content\/uploads\/2024\/12\/Toro_TimeCutter-MR5075T-MyRide-74695_74696-1.png","contentUrl":"https:\/\/prochaska.eu\/wp-content\/uploads\/2024\/12\/Toro_TimeCutter-MR5075T-MyRide-74695_74696-1.png","width":1000,"height":1000},{"@type":"BreadcrumbList","@id":"https:\/\/prochaska.eu\/ro\/produs\/toro-zeroturn-timecutter-mr4275t-myride-74691-2\/#breadcrumb","itemListElement":[{"@type":"ListItem","position":1,"name":"Home","item":"https:\/\/prochaska.eu\/ro\/"},{"@type":"ListItem","position":2,"name":"Shop","item":"https:\/\/prochaska.eu\/ro\/shop\/"},{"@type":"ListItem","position":3,"name":"Toro &#8211; ZeroTurn &#8211; TimeCutter &#8211; MR4275T &#8211; MyRide &#8211; 74691"}]},{"@type":"WebSite","@id":"https:\/\/prochaska.eu\/ro\/#website","url":"https:\/\/prochaska.eu\/ro\/","name":"Prochaska","description":"Spezialist f\u00fcr Pflege von Gr\u00fcnfl\u00e4chen","publisher":{"@id":"https:\/\/prochaska.eu\/ro\/#organization"},"potentialAction":[{"@type":"SearchAction","target":{"@type":"EntryPoint","urlTemplate":"https:\/\/prochaska.eu\/ro\/?s={search_term_string}"},"query-input":{"@type":"PropertyValueSpecification","valueRequired":true,"valueName":"search_term_string"}}],"inLanguage":"ro-RO"},{"@type":"Organization","@id":"https:\/\/prochaska.eu\/ro\/#organization","name":"Prochaska","url":"https:\/\/prochaska.eu\/ro\/","logo":{"@type":"ImageObject","inLanguage":"ro-RO","@id":"https:\/\/prochaska.eu\/ro\/#\/schema\/logo\/image\/","url":"https:\/\/prochaska.eu\/wp-content\/uploads\/2024\/04\/Prochaska_Logo_Black-1.png","contentUrl":"https:\/\/prochaska.eu\/wp-content\/uploads\/2024\/04\/Prochaska_Logo_Black-1.png","width":796,"height":236,"caption":"Prochaska"},"image":{"@id":"https:\/\/prochaska.eu\/ro\/#\/schema\/logo\/image\/"},"sameAs":["https:\/\/www.facebook.com\/prochaska.eu\/","https:\/\/www.instagram.com\/prochaska.eu\/","https:\/\/www.linkedin.com\/company\/prochaska-handels-gmbh"]}]}},"brands":[{"id":3073,"name":"Toro","slug":"toro-ro"}],"_links":{"self":[{"href":"https:\/\/prochaska.eu\/ro\/wp-json\/wp\/v2\/product\/29213","targetHints":{"allow":["GET"]}}],"collection":[{"href":"https:\/\/prochaska.eu\/ro\/wp-json\/wp\/v2\/product"}],"about":[{"href":"https:\/\/prochaska.eu\/ro\/wp-json\/wp\/v2\/types\/product"}],"version-history":[{"count":0,"href":"https:\/\/prochaska.eu\/ro\/wp-json\/wp\/v2\/product\/29213\/revisions"}],"wp:featuredmedia":[{"embeddable":true,"href":"https:\/\/prochaska.eu\/ro\/wp-json\/wp\/v2\/media\/29227"}],"wp:attachment":[{"href":"https:\/\/prochaska.eu\/ro\/wp-json\/wp\/v2\/media?parent=29213"}],"wp:term":[{"taxonomy":"pwb-brand","embeddable":true,"href":"https:\/\/prochaska.eu\/ro\/wp-json\/wp\/v2\/pwb-brand?post=29213"},{"taxonomy":"product_brand","embeddable":true,"href":"https:\/\/prochaska.eu\/ro\/wp-json\/wp\/v2\/product_brand?post=29213"},{"taxonomy":"product_cat","embeddable":true,"href":"https:\/\/prochaska.eu\/ro\/wp-json\/wp\/v2\/product_cat?post=29213"},{"taxonomy":"product_tag","embeddable":true,"href":"https:\/\/prochaska.eu\/ro\/wp-json\/wp\/v2\/product_tag?post=29213"}],"curies":[{"name":"wp","href":"https:\/\/api.w.org\/{rel}","templated":true}]}}