{"id":30981,"date":"2024-06-27T13:40:20","date_gmt":"2024-06-27T13:40:20","guid":{"rendered":"https:\/\/prochaska.eu\/produkt\/toro-groundsmaster-d-4700-d-4-second-hand\/"},"modified":"2024-06-27T13:40:20","modified_gmt":"2024-06-27T13:40:20","slug":"toro-groundsmaster-d-4700-d-4-second-hand","status":"publish","type":"product","link":"https:\/\/prochaska.eu\/ro\/produs\/toro-groundsmaster-d-4700-d-4-second-hand\/","title":{"rendered":"TORO Groundsmaster D\/4700-D 4 &#8211; second hand"},"content":{"rendered":"<p>TORO Groundmaster 4700-D 4-WD second hand, an de fabrica\u021bie 2009, 4.959 ore de func\u021bionare, cositoare profesional\u0103 cu l\u0103\u021bime de t\u0103iere de 380 cm, COMPLET REPARAT\u0102, RESTAURAT\u0102 \u0219i REVIZUIT\u0102. Anvelope NOI, ambele transmisii planetare NOI, capot\u0103 NOI, cu\u021bite NOI, furtunuri hidraulice NOI, role de cosit NOI, cilindri hidraulici NOI, raclete NOI, 7 unit\u0103\u021bi de cosit, motor Kubota turbodiesel cu 4 cilindri de 60 CP, \u00een\u0103l\u021bime de t\u0103iere 1,9 &#8211; 10,2 cm, randament 4,3 ha\/or\u0103, trac\u021biune integral\u0103, servodirec\u021bie, greutate 2.193 kg, sistem Smart Cool, faruri de lucru, scaun pneumatic, acoperi\u0219 parasolar<\/p>\n","protected":false},"excerpt":{"rendered":"<p>TORO Groundmaster 4700-D 4-WD second hand, an de fabrica\u021bie 2009, 4.959 ore de func\u021bionare, cositoare profesional\u0103 cu l\u0103\u021bime de t\u0103iere de 380 cm, COMPLET REPARAT\u0102, RESTAURAT\u0102 \u0219i REVIZUIT\u0102. Anvelope NOI, ambele transmisii planetare NOI, capot\u0103 NOI, cu\u021bite NOI, furtunuri hidraulice NOI, role de cosit NOI, cilindri hidraulici NOI, raclete NOI, 7 unit\u0103\u021bi de cosit, motor [&hellip;]<\/p>\n","protected":false},"featured_media":26674,"template":"","meta":[],"pwb-brand":[3073],"product_brand":[],"product_cat":[1523,1388,3058],"product_tag":[],"class_list":{"0":"post-30981","1":"product","2":"type-product","3":"status-publish","4":"has-post-thumbnail","6":"pwb-brand-toro-ro","7":"product_cat-cositoare-ro","8":"product_cat-masini-de-golf","9":"product_cat-second-hand","11":"first","12":"instock","13":"taxable","14":"shipping-taxable","15":"product-type-simple"},"yoast_head":"<!-- This site is optimized with the Yoast SEO plugin v27.4 - https:\/\/yoast.com\/product\/yoast-seo-wordpress\/ -->\n<title>TORO Groundsmaster D\/4700-D 4 - second hand - Prochaska<\/title>\n<meta name=\"robots\" content=\"index, follow, max-snippet:-1, max-image-preview:large, max-video-preview:-1\" \/>\n<link rel=\"canonical\" href=\"https:\/\/prochaska.eu\/ro\/produs\/toro-groundsmaster-d-4700-d-4-second-hand\/\" \/>\n<meta property=\"og:locale\" content=\"ro_RO\" \/>\n<meta property=\"og:type\" content=\"article\" \/>\n<meta property=\"og:title\" content=\"TORO Groundsmaster D\/4700-D 4 - second hand - Prochaska\" \/>\n<meta property=\"og:description\" content=\"TORO Groundmaster 4700-D 4-WD second hand, an de fabrica\u021bie 2009, 4.959 ore de func\u021bionare, cositoare profesional\u0103 cu l\u0103\u021bime de t\u0103iere de 380 cm, COMPLET REPARAT\u0102, RESTAURAT\u0102 \u0219i REVIZUIT\u0102. Anvelope NOI, ambele transmisii planetare NOI, capot\u0103 NOI, cu\u021bite NOI, furtunuri hidraulice NOI, role de cosit NOI, cilindri hidraulici NOI, raclete NOI, 7 unit\u0103\u021bi de cosit, motor [&hellip;]\" \/>\n<meta property=\"og:url\" content=\"https:\/\/prochaska.eu\/ro\/produs\/toro-groundsmaster-d-4700-d-4-second-hand\/\" \/>\n<meta property=\"og:site_name\" content=\"Prochaska\" \/>\n<meta property=\"article:publisher\" content=\"https:\/\/www.facebook.com\/prochaska.eu\/\" \/>\n<meta name=\"twitter:card\" content=\"summary_large_image\" \/>\n<script type=\"application\/ld+json\" class=\"yoast-schema-graph\">{\"@context\":\"https:\\\/\\\/schema.org\",\"@graph\":[{\"@type\":\"WebPage\",\"@id\":\"https:\\\/\\\/prochaska.eu\\\/ro\\\/produs\\\/toro-groundsmaster-d-4700-d-4-second-hand\\\/\",\"url\":\"https:\\\/\\\/prochaska.eu\\\/ro\\\/produs\\\/toro-groundsmaster-d-4700-d-4-second-hand\\\/\",\"name\":\"TORO Groundsmaster D\\\/4700-D 4 - second hand - Prochaska\",\"isPartOf\":{\"@id\":\"https:\\\/\\\/prochaska.eu\\\/ro\\\/#website\"},\"primaryImageOfPage\":{\"@id\":\"https:\\\/\\\/prochaska.eu\\\/ro\\\/produs\\\/toro-groundsmaster-d-4700-d-4-second-hand\\\/#primaryimage\"},\"image\":{\"@id\":\"https:\\\/\\\/prochaska.eu\\\/ro\\\/produs\\\/toro-groundsmaster-d-4700-d-4-second-hand\\\/#primaryimage\"},\"thumbnailUrl\":\"https:\\\/\\\/prochaska.eu\\\/wp-content\\\/uploads\\\/2024\\\/06\\\/7835249_51045962.jpg\",\"datePublished\":\"2024-06-27T13:40:20+00:00\",\"breadcrumb\":{\"@id\":\"https:\\\/\\\/prochaska.eu\\\/ro\\\/produs\\\/toro-groundsmaster-d-4700-d-4-second-hand\\\/#breadcrumb\"},\"inLanguage\":\"ro-RO\",\"potentialAction\":[{\"@type\":\"ReadAction\",\"target\":[\"https:\\\/\\\/prochaska.eu\\\/ro\\\/produs\\\/toro-groundsmaster-d-4700-d-4-second-hand\\\/\"]}]},{\"@type\":\"ImageObject\",\"inLanguage\":\"ro-RO\",\"@id\":\"https:\\\/\\\/prochaska.eu\\\/ro\\\/produs\\\/toro-groundsmaster-d-4700-d-4-second-hand\\\/#primaryimage\",\"url\":\"https:\\\/\\\/prochaska.eu\\\/wp-content\\\/uploads\\\/2024\\\/06\\\/7835249_51045962.jpg\",\"contentUrl\":\"https:\\\/\\\/prochaska.eu\\\/wp-content\\\/uploads\\\/2024\\\/06\\\/7835249_51045962.jpg\",\"width\":800,\"height\":600},{\"@type\":\"BreadcrumbList\",\"@id\":\"https:\\\/\\\/prochaska.eu\\\/ro\\\/produs\\\/toro-groundsmaster-d-4700-d-4-second-hand\\\/#breadcrumb\",\"itemListElement\":[{\"@type\":\"ListItem\",\"position\":1,\"name\":\"Home\",\"item\":\"https:\\\/\\\/prochaska.eu\\\/ro\\\/\"},{\"@type\":\"ListItem\",\"position\":2,\"name\":\"Shop\",\"item\":\"https:\\\/\\\/prochaska.eu\\\/ro\\\/shop\\\/\"},{\"@type\":\"ListItem\",\"position\":3,\"name\":\"TORO Groundsmaster D\\\/4700-D 4 &#8211; second hand\"}]},{\"@type\":\"WebSite\",\"@id\":\"https:\\\/\\\/prochaska.eu\\\/ro\\\/#website\",\"url\":\"https:\\\/\\\/prochaska.eu\\\/ro\\\/\",\"name\":\"Prochaska\",\"description\":\"Spezialist f\u00fcr Pflege von Gr\u00fcnfl\u00e4chen\",\"publisher\":{\"@id\":\"https:\\\/\\\/prochaska.eu\\\/ro\\\/#organization\"},\"potentialAction\":[{\"@type\":\"SearchAction\",\"target\":{\"@type\":\"EntryPoint\",\"urlTemplate\":\"https:\\\/\\\/prochaska.eu\\\/ro\\\/?s={search_term_string}\"},\"query-input\":{\"@type\":\"PropertyValueSpecification\",\"valueRequired\":true,\"valueName\":\"search_term_string\"}}],\"inLanguage\":\"ro-RO\"},{\"@type\":\"Organization\",\"@id\":\"https:\\\/\\\/prochaska.eu\\\/ro\\\/#organization\",\"name\":\"Prochaska\",\"url\":\"https:\\\/\\\/prochaska.eu\\\/ro\\\/\",\"logo\":{\"@type\":\"ImageObject\",\"inLanguage\":\"ro-RO\",\"@id\":\"https:\\\/\\\/prochaska.eu\\\/ro\\\/#\\\/schema\\\/logo\\\/image\\\/\",\"url\":\"https:\\\/\\\/prochaska.eu\\\/wp-content\\\/uploads\\\/2024\\\/04\\\/Prochaska_Logo_Black-1.png\",\"contentUrl\":\"https:\\\/\\\/prochaska.eu\\\/wp-content\\\/uploads\\\/2024\\\/04\\\/Prochaska_Logo_Black-1.png\",\"width\":796,\"height\":236,\"caption\":\"Prochaska\"},\"image\":{\"@id\":\"https:\\\/\\\/prochaska.eu\\\/ro\\\/#\\\/schema\\\/logo\\\/image\\\/\"},\"sameAs\":[\"https:\\\/\\\/www.facebook.com\\\/prochaska.eu\\\/\",\"https:\\\/\\\/www.instagram.com\\\/prochaska.eu\\\/\",\"https:\\\/\\\/www.linkedin.com\\\/company\\\/prochaska-handels-gmbh\"]}]}<\/script>\n<!-- \/ Yoast SEO plugin. -->","yoast_head_json":{"title":"TORO Groundsmaster D\/4700-D 4 - second hand - Prochaska","robots":{"index":"index","follow":"follow","max-snippet":"max-snippet:-1","max-image-preview":"max-image-preview:large","max-video-preview":"max-video-preview:-1"},"canonical":"https:\/\/prochaska.eu\/ro\/produs\/toro-groundsmaster-d-4700-d-4-second-hand\/","og_locale":"ro_RO","og_type":"article","og_title":"TORO Groundsmaster D\/4700-D 4 - second hand - Prochaska","og_description":"TORO Groundmaster 4700-D 4-WD second hand, an de fabrica\u021bie 2009, 4.959 ore de func\u021bionare, cositoare profesional\u0103 cu l\u0103\u021bime de t\u0103iere de 380 cm, COMPLET REPARAT\u0102, RESTAURAT\u0102 \u0219i REVIZUIT\u0102. Anvelope NOI, ambele transmisii planetare NOI, capot\u0103 NOI, cu\u021bite NOI, furtunuri hidraulice NOI, role de cosit NOI, cilindri hidraulici NOI, raclete NOI, 7 unit\u0103\u021bi de cosit, motor [&hellip;]","og_url":"https:\/\/prochaska.eu\/ro\/produs\/toro-groundsmaster-d-4700-d-4-second-hand\/","og_site_name":"Prochaska","article_publisher":"https:\/\/www.facebook.com\/prochaska.eu\/","twitter_card":"summary_large_image","schema":{"@context":"https:\/\/schema.org","@graph":[{"@type":"WebPage","@id":"https:\/\/prochaska.eu\/ro\/produs\/toro-groundsmaster-d-4700-d-4-second-hand\/","url":"https:\/\/prochaska.eu\/ro\/produs\/toro-groundsmaster-d-4700-d-4-second-hand\/","name":"TORO Groundsmaster D\/4700-D 4 - second hand - Prochaska","isPartOf":{"@id":"https:\/\/prochaska.eu\/ro\/#website"},"primaryImageOfPage":{"@id":"https:\/\/prochaska.eu\/ro\/produs\/toro-groundsmaster-d-4700-d-4-second-hand\/#primaryimage"},"image":{"@id":"https:\/\/prochaska.eu\/ro\/produs\/toro-groundsmaster-d-4700-d-4-second-hand\/#primaryimage"},"thumbnailUrl":"https:\/\/prochaska.eu\/wp-content\/uploads\/2024\/06\/7835249_51045962.jpg","datePublished":"2024-06-27T13:40:20+00:00","breadcrumb":{"@id":"https:\/\/prochaska.eu\/ro\/produs\/toro-groundsmaster-d-4700-d-4-second-hand\/#breadcrumb"},"inLanguage":"ro-RO","potentialAction":[{"@type":"ReadAction","target":["https:\/\/prochaska.eu\/ro\/produs\/toro-groundsmaster-d-4700-d-4-second-hand\/"]}]},{"@type":"ImageObject","inLanguage":"ro-RO","@id":"https:\/\/prochaska.eu\/ro\/produs\/toro-groundsmaster-d-4700-d-4-second-hand\/#primaryimage","url":"https:\/\/prochaska.eu\/wp-content\/uploads\/2024\/06\/7835249_51045962.jpg","contentUrl":"https:\/\/prochaska.eu\/wp-content\/uploads\/2024\/06\/7835249_51045962.jpg","width":800,"height":600},{"@type":"BreadcrumbList","@id":"https:\/\/prochaska.eu\/ro\/produs\/toro-groundsmaster-d-4700-d-4-second-hand\/#breadcrumb","itemListElement":[{"@type":"ListItem","position":1,"name":"Home","item":"https:\/\/prochaska.eu\/ro\/"},{"@type":"ListItem","position":2,"name":"Shop","item":"https:\/\/prochaska.eu\/ro\/shop\/"},{"@type":"ListItem","position":3,"name":"TORO Groundsmaster D\/4700-D 4 &#8211; second hand"}]},{"@type":"WebSite","@id":"https:\/\/prochaska.eu\/ro\/#website","url":"https:\/\/prochaska.eu\/ro\/","name":"Prochaska","description":"Spezialist f\u00fcr Pflege von Gr\u00fcnfl\u00e4chen","publisher":{"@id":"https:\/\/prochaska.eu\/ro\/#organization"},"potentialAction":[{"@type":"SearchAction","target":{"@type":"EntryPoint","urlTemplate":"https:\/\/prochaska.eu\/ro\/?s={search_term_string}"},"query-input":{"@type":"PropertyValueSpecification","valueRequired":true,"valueName":"search_term_string"}}],"inLanguage":"ro-RO"},{"@type":"Organization","@id":"https:\/\/prochaska.eu\/ro\/#organization","name":"Prochaska","url":"https:\/\/prochaska.eu\/ro\/","logo":{"@type":"ImageObject","inLanguage":"ro-RO","@id":"https:\/\/prochaska.eu\/ro\/#\/schema\/logo\/image\/","url":"https:\/\/prochaska.eu\/wp-content\/uploads\/2024\/04\/Prochaska_Logo_Black-1.png","contentUrl":"https:\/\/prochaska.eu\/wp-content\/uploads\/2024\/04\/Prochaska_Logo_Black-1.png","width":796,"height":236,"caption":"Prochaska"},"image":{"@id":"https:\/\/prochaska.eu\/ro\/#\/schema\/logo\/image\/"},"sameAs":["https:\/\/www.facebook.com\/prochaska.eu\/","https:\/\/www.instagram.com\/prochaska.eu\/","https:\/\/www.linkedin.com\/company\/prochaska-handels-gmbh"]}]}},"brands":[{"id":3073,"name":"Toro","slug":"toro-ro"}],"_links":{"self":[{"href":"https:\/\/prochaska.eu\/ro\/wp-json\/wp\/v2\/product\/30981","targetHints":{"allow":["GET"]}}],"collection":[{"href":"https:\/\/prochaska.eu\/ro\/wp-json\/wp\/v2\/product"}],"about":[{"href":"https:\/\/prochaska.eu\/ro\/wp-json\/wp\/v2\/types\/product"}],"version-history":[{"count":0,"href":"https:\/\/prochaska.eu\/ro\/wp-json\/wp\/v2\/product\/30981\/revisions"}],"wp:featuredmedia":[{"embeddable":true,"href":"https:\/\/prochaska.eu\/ro\/wp-json\/wp\/v2\/media\/26674"}],"wp:attachment":[{"href":"https:\/\/prochaska.eu\/ro\/wp-json\/wp\/v2\/media?parent=30981"}],"wp:term":[{"taxonomy":"pwb-brand","embeddable":true,"href":"https:\/\/prochaska.eu\/ro\/wp-json\/wp\/v2\/pwb-brand?post=30981"},{"taxonomy":"product_brand","embeddable":true,"href":"https:\/\/prochaska.eu\/ro\/wp-json\/wp\/v2\/product_brand?post=30981"},{"taxonomy":"product_cat","embeddable":true,"href":"https:\/\/prochaska.eu\/ro\/wp-json\/wp\/v2\/product_cat?post=30981"},{"taxonomy":"product_tag","embeddable":true,"href":"https:\/\/prochaska.eu\/ro\/wp-json\/wp\/v2\/product_tag?post=30981"}],"curies":[{"name":"wp","href":"https:\/\/api.w.org\/{rel}","templated":true}]}}