{"id":31225,"date":"2025-08-21T13:03:12","date_gmt":"2025-08-21T13:03:12","guid":{"rendered":"https:\/\/prochaska.eu\/?post_type=product&#038;p=31225"},"modified":"2026-03-09T10:23:53","modified_gmt":"2026-03-09T10:23:53","slug":"lt-2240-spindelmaeher-gebraucht-213-cm-allrad-diesel","status":"publish","type":"product","link":"https:\/\/prochaska.eu\/ro\/produs\/lt-2240-spindelmaeher-gebraucht-213-cm-allrad-diesel\/","title":{"rendered":"Toro &#8211; Spindelm\u00e4her &#8211; LT 2240 &#8211; Gebraucht"},"content":{"rendered":"<h3 data-start=\"154\" data-end=\"224\"><strong data-start=\"158\" data-end=\"221\">LT 2240 Spindelm\u00e4her f\u00fcr Sportplatz, Stadion oder Golfplatz<\/strong>,<\/h3>\n<p data-start=\"225\" data-end=\"584\"><strong data-start=\"225\" data-end=\"584\">Bj. 2022, 172 Std., Schnittbreite 213 cm, serviciert, permanenter Allradantrieb, hydraulischer Spindelantrieb, 8-Blatt MK3-Schneideinheiten (200 mm), unabh\u00e4ngiger Spindelhub, robuste Rahmenkonstruktion, Grammer Sitz mit Armlehnen, verstellbare Lenks\u00e4ule, wassergek\u00fchlter Kubota Dieselmotor 24,9 PS, Gewicht ca. 1.254 kg, Neupreis: 39.000, inkl. MwSt.<\/strong><\/p>\n<h3 data-start=\"591\" data-end=\"617\"><strong data-start=\"595\" data-end=\"615\">Technische Daten<\/strong><\/h3>\n<p data-start=\"618\" data-end=\"822\"><strong data-start=\"618\" data-end=\"636\">Schnittbreite:<\/strong> 76 \u2013 213 cm<br data-start=\"648\" data-end=\"651\" \/><strong data-start=\"651\" data-end=\"663\">Antrieb:<\/strong> permanenter Allradantrieb<br data-start=\"689\" data-end=\"692\" \/><strong data-start=\"692\" data-end=\"702\">Motor:<\/strong> Kubota 18,5 kW (24,9 PS)<br data-start=\"727\" data-end=\"730\" \/><strong data-start=\"730\" data-end=\"745\">Kraftstoff:<\/strong> Diesel<br data-start=\"752\" data-end=\"755\" \/><strong data-start=\"755\" data-end=\"778\" data-is-only-node=\"\">M\u00e4hgeschwindigkeit:<\/strong> 0 \u2013 22 km\/h<br data-start=\"790\" data-end=\"793\" \/><strong data-start=\"793\" data-end=\"809\">Schnitth\u00f6he:<\/strong> 12 \u2013 80 mm<\/p>\n","protected":false},"excerpt":{"rendered":"<p>Gebrauchter LT 2240 Spindelm\u00e4her, Baujahr 2022, mit nur 172 Betriebsstunden. Ausgestattet mit 213\u202fcm Schnittbreite, Allradantrieb, 3x 8-Blatt-Spindeln und 24,9\u202fPS Kubota-Dieselmotor \u2013 serviciert und sofort einsatzbereit.<\/p>\n","protected":false},"featured_media":31227,"template":"","meta":[],"pwb-brand":[3072],"product_brand":[],"product_cat":[3057,1360,1508],"product_tag":[1374],"class_list":{"0":"post-31225","1":"product","2":"type-product","3":"status-publish","4":"has-post-thumbnail","6":"pwb-brand-toro-en","7":"product_cat-used-machinery","8":"product_cat-golf-machines-en","9":"product_cat-mowers-en","10":"product_tag-toro","12":"first","13":"instock","14":"taxable","15":"shipping-taxable","16":"product-type-simple"},"yoast_head":"<!-- This site is optimized with the Yoast SEO plugin v27.2 - https:\/\/yoast.com\/product\/yoast-seo-wordpress\/ -->\n<title>Toro - Spindelm\u00e4her - LT 2240 - Gebraucht - Prochaska<\/title>\n<meta name=\"description\" content=\"Leichter, kompakter LT 2240 Spindelm\u00e4her Bj. 2022 mit 213\u202fcm Schnittbreite, Allrad, Kubota-Diesel 24,9\u202fPS, nur 172 Std., serviciert, sofort einsatzbereit.\" \/>\n<meta name=\"robots\" content=\"index, follow, max-snippet:-1, max-image-preview:large, max-video-preview:-1\" \/>\n<link rel=\"canonical\" href=\"https:\/\/prochaska.eu\/ro\/produs\/lt-2240-spindelmaeher-gebraucht-213-cm-allrad-diesel\/\" \/>\n<meta property=\"og:locale\" content=\"ro_RO\" \/>\n<meta property=\"og:type\" content=\"article\" \/>\n<meta property=\"og:title\" content=\"Toro - Spindelm\u00e4her - LT 2240 - Gebraucht - Prochaska\" \/>\n<meta property=\"og:description\" content=\"Leichter, kompakter LT 2240 Spindelm\u00e4her Bj. 2022 mit 213\u202fcm Schnittbreite, Allrad, Kubota-Diesel 24,9\u202fPS, nur 172 Std., serviciert, sofort einsatzbereit.\" \/>\n<meta property=\"og:url\" content=\"https:\/\/prochaska.eu\/ro\/produs\/lt-2240-spindelmaeher-gebraucht-213-cm-allrad-diesel\/\" \/>\n<meta property=\"og:site_name\" content=\"Prochaska\" \/>\n<meta property=\"article:publisher\" content=\"https:\/\/www.facebook.com\/prochaska.eu\/\" \/>\n<meta property=\"article:modified_time\" content=\"2026-03-09T10:23:53+00:00\" \/>\n<meta property=\"og:image\" content=\"https:\/\/prochaska.eu\/wp-content\/uploads\/2025\/08\/1.jpg\" \/>\n\t<meta property=\"og:image:width\" content=\"800\" \/>\n\t<meta property=\"og:image:height\" content=\"600\" \/>\n\t<meta property=\"og:image:type\" content=\"image\/jpeg\" \/>\n<meta name=\"twitter:card\" content=\"summary_large_image\" \/>\n<meta name=\"twitter:label1\" content=\"Timp estimat pentru citire\" \/>\n\t<meta name=\"twitter:data1\" content=\"1 minut\" \/>\n<script type=\"application\/ld+json\" class=\"yoast-schema-graph\">{\"@context\":\"https:\/\/schema.org\",\"@graph\":[{\"@type\":\"WebPage\",\"@id\":\"https:\/\/prochaska.eu\/ro\/produs\/lt-2240-spindelmaeher-gebraucht-213-cm-allrad-diesel\/\",\"url\":\"https:\/\/prochaska.eu\/ro\/produs\/lt-2240-spindelmaeher-gebraucht-213-cm-allrad-diesel\/\",\"name\":\"Toro - Spindelm\u00e4her - LT 2240 - Gebraucht - Prochaska\",\"isPartOf\":{\"@id\":\"https:\/\/prochaska.eu\/ro\/#website\"},\"primaryImageOfPage\":{\"@id\":\"https:\/\/prochaska.eu\/ro\/produs\/lt-2240-spindelmaeher-gebraucht-213-cm-allrad-diesel\/#primaryimage\"},\"image\":{\"@id\":\"https:\/\/prochaska.eu\/ro\/produs\/lt-2240-spindelmaeher-gebraucht-213-cm-allrad-diesel\/#primaryimage\"},\"thumbnailUrl\":\"https:\/\/prochaska.eu\/wp-content\/uploads\/2025\/08\/1.jpg\",\"datePublished\":\"2025-08-21T13:03:12+00:00\",\"dateModified\":\"2026-03-09T10:23:53+00:00\",\"description\":\"Leichter, kompakter LT 2240 Spindelm\u00e4her Bj. 2022 mit 213\u202fcm Schnittbreite, Allrad, Kubota-Diesel 24,9\u202fPS, nur 172 Std., serviciert, sofort einsatzbereit.\",\"breadcrumb\":{\"@id\":\"https:\/\/prochaska.eu\/ro\/produs\/lt-2240-spindelmaeher-gebraucht-213-cm-allrad-diesel\/#breadcrumb\"},\"inLanguage\":\"ro-RO\",\"potentialAction\":[{\"@type\":\"ReadAction\",\"target\":[\"https:\/\/prochaska.eu\/ro\/produs\/lt-2240-spindelmaeher-gebraucht-213-cm-allrad-diesel\/\"]}]},{\"@type\":\"ImageObject\",\"inLanguage\":\"ro-RO\",\"@id\":\"https:\/\/prochaska.eu\/ro\/produs\/lt-2240-spindelmaeher-gebraucht-213-cm-allrad-diesel\/#primaryimage\",\"url\":\"https:\/\/prochaska.eu\/wp-content\/uploads\/2025\/08\/1.jpg\",\"contentUrl\":\"https:\/\/prochaska.eu\/wp-content\/uploads\/2025\/08\/1.jpg\",\"width\":800,\"height\":600},{\"@type\":\"BreadcrumbList\",\"@id\":\"https:\/\/prochaska.eu\/ro\/produs\/lt-2240-spindelmaeher-gebraucht-213-cm-allrad-diesel\/#breadcrumb\",\"itemListElement\":[{\"@type\":\"ListItem\",\"position\":1,\"name\":\"Home\",\"item\":\"https:\/\/prochaska.eu\/ro\/\"},{\"@type\":\"ListItem\",\"position\":2,\"name\":\"Shop\",\"item\":\"https:\/\/prochaska.eu\/ro\/shop\/\"},{\"@type\":\"ListItem\",\"position\":3,\"name\":\"Toro &#8211; Spindelm\u00e4her &#8211; LT 2240 &#8211; Gebraucht\"}]},{\"@type\":\"WebSite\",\"@id\":\"https:\/\/prochaska.eu\/ro\/#website\",\"url\":\"https:\/\/prochaska.eu\/ro\/\",\"name\":\"Prochaska\",\"description\":\"Spezialist f\u00fcr Pflege von Gr\u00fcnfl\u00e4chen\",\"publisher\":{\"@id\":\"https:\/\/prochaska.eu\/ro\/#organization\"},\"potentialAction\":[{\"@type\":\"SearchAction\",\"target\":{\"@type\":\"EntryPoint\",\"urlTemplate\":\"https:\/\/prochaska.eu\/ro\/?s={search_term_string}\"},\"query-input\":{\"@type\":\"PropertyValueSpecification\",\"valueRequired\":true,\"valueName\":\"search_term_string\"}}],\"inLanguage\":\"ro-RO\"},{\"@type\":\"Organization\",\"@id\":\"https:\/\/prochaska.eu\/ro\/#organization\",\"name\":\"Prochaska\",\"url\":\"https:\/\/prochaska.eu\/ro\/\",\"logo\":{\"@type\":\"ImageObject\",\"inLanguage\":\"ro-RO\",\"@id\":\"https:\/\/prochaska.eu\/ro\/#\/schema\/logo\/image\/\",\"url\":\"https:\/\/prochaska.eu\/wp-content\/uploads\/2024\/04\/Prochaska_Logo_Black-1.png\",\"contentUrl\":\"https:\/\/prochaska.eu\/wp-content\/uploads\/2024\/04\/Prochaska_Logo_Black-1.png\",\"width\":796,\"height\":236,\"caption\":\"Prochaska\"},\"image\":{\"@id\":\"https:\/\/prochaska.eu\/ro\/#\/schema\/logo\/image\/\"},\"sameAs\":[\"https:\/\/www.facebook.com\/prochaska.eu\/\",\"https:\/\/www.instagram.com\/prochaska.eu\/\",\"https:\/\/www.linkedin.com\/company\/prochaska-handels-gmbh\"]}]}<\/script>\n<!-- \/ Yoast SEO plugin. -->","yoast_head_json":{"title":"Toro - Spindelm\u00e4her - LT 2240 - Gebraucht - Prochaska","description":"Leichter, kompakter LT 2240 Spindelm\u00e4her Bj. 2022 mit 213\u202fcm Schnittbreite, Allrad, Kubota-Diesel 24,9\u202fPS, nur 172 Std., serviciert, sofort einsatzbereit.","robots":{"index":"index","follow":"follow","max-snippet":"max-snippet:-1","max-image-preview":"max-image-preview:large","max-video-preview":"max-video-preview:-1"},"canonical":"https:\/\/prochaska.eu\/ro\/produs\/lt-2240-spindelmaeher-gebraucht-213-cm-allrad-diesel\/","og_locale":"ro_RO","og_type":"article","og_title":"Toro - Spindelm\u00e4her - LT 2240 - Gebraucht - Prochaska","og_description":"Leichter, kompakter LT 2240 Spindelm\u00e4her Bj. 2022 mit 213\u202fcm Schnittbreite, Allrad, Kubota-Diesel 24,9\u202fPS, nur 172 Std., serviciert, sofort einsatzbereit.","og_url":"https:\/\/prochaska.eu\/ro\/produs\/lt-2240-spindelmaeher-gebraucht-213-cm-allrad-diesel\/","og_site_name":"Prochaska","article_publisher":"https:\/\/www.facebook.com\/prochaska.eu\/","article_modified_time":"2026-03-09T10:23:53+00:00","og_image":[{"width":800,"height":600,"url":"https:\/\/prochaska.eu\/wp-content\/uploads\/2025\/08\/1.jpg","type":"image\/jpeg"}],"twitter_card":"summary_large_image","twitter_misc":{"Timp estimat pentru citire":"1 minut"},"schema":{"@context":"https:\/\/schema.org","@graph":[{"@type":"WebPage","@id":"https:\/\/prochaska.eu\/ro\/produs\/lt-2240-spindelmaeher-gebraucht-213-cm-allrad-diesel\/","url":"https:\/\/prochaska.eu\/ro\/produs\/lt-2240-spindelmaeher-gebraucht-213-cm-allrad-diesel\/","name":"Toro - Spindelm\u00e4her - LT 2240 - Gebraucht - Prochaska","isPartOf":{"@id":"https:\/\/prochaska.eu\/ro\/#website"},"primaryImageOfPage":{"@id":"https:\/\/prochaska.eu\/ro\/produs\/lt-2240-spindelmaeher-gebraucht-213-cm-allrad-diesel\/#primaryimage"},"image":{"@id":"https:\/\/prochaska.eu\/ro\/produs\/lt-2240-spindelmaeher-gebraucht-213-cm-allrad-diesel\/#primaryimage"},"thumbnailUrl":"https:\/\/prochaska.eu\/wp-content\/uploads\/2025\/08\/1.jpg","datePublished":"2025-08-21T13:03:12+00:00","dateModified":"2026-03-09T10:23:53+00:00","description":"Leichter, kompakter LT 2240 Spindelm\u00e4her Bj. 2022 mit 213\u202fcm Schnittbreite, Allrad, Kubota-Diesel 24,9\u202fPS, nur 172 Std., serviciert, sofort einsatzbereit.","breadcrumb":{"@id":"https:\/\/prochaska.eu\/ro\/produs\/lt-2240-spindelmaeher-gebraucht-213-cm-allrad-diesel\/#breadcrumb"},"inLanguage":"ro-RO","potentialAction":[{"@type":"ReadAction","target":["https:\/\/prochaska.eu\/ro\/produs\/lt-2240-spindelmaeher-gebraucht-213-cm-allrad-diesel\/"]}]},{"@type":"ImageObject","inLanguage":"ro-RO","@id":"https:\/\/prochaska.eu\/ro\/produs\/lt-2240-spindelmaeher-gebraucht-213-cm-allrad-diesel\/#primaryimage","url":"https:\/\/prochaska.eu\/wp-content\/uploads\/2025\/08\/1.jpg","contentUrl":"https:\/\/prochaska.eu\/wp-content\/uploads\/2025\/08\/1.jpg","width":800,"height":600},{"@type":"BreadcrumbList","@id":"https:\/\/prochaska.eu\/ro\/produs\/lt-2240-spindelmaeher-gebraucht-213-cm-allrad-diesel\/#breadcrumb","itemListElement":[{"@type":"ListItem","position":1,"name":"Home","item":"https:\/\/prochaska.eu\/ro\/"},{"@type":"ListItem","position":2,"name":"Shop","item":"https:\/\/prochaska.eu\/ro\/shop\/"},{"@type":"ListItem","position":3,"name":"Toro &#8211; Spindelm\u00e4her &#8211; LT 2240 &#8211; Gebraucht"}]},{"@type":"WebSite","@id":"https:\/\/prochaska.eu\/ro\/#website","url":"https:\/\/prochaska.eu\/ro\/","name":"Prochaska","description":"Spezialist f\u00fcr Pflege von Gr\u00fcnfl\u00e4chen","publisher":{"@id":"https:\/\/prochaska.eu\/ro\/#organization"},"potentialAction":[{"@type":"SearchAction","target":{"@type":"EntryPoint","urlTemplate":"https:\/\/prochaska.eu\/ro\/?s={search_term_string}"},"query-input":{"@type":"PropertyValueSpecification","valueRequired":true,"valueName":"search_term_string"}}],"inLanguage":"ro-RO"},{"@type":"Organization","@id":"https:\/\/prochaska.eu\/ro\/#organization","name":"Prochaska","url":"https:\/\/prochaska.eu\/ro\/","logo":{"@type":"ImageObject","inLanguage":"ro-RO","@id":"https:\/\/prochaska.eu\/ro\/#\/schema\/logo\/image\/","url":"https:\/\/prochaska.eu\/wp-content\/uploads\/2024\/04\/Prochaska_Logo_Black-1.png","contentUrl":"https:\/\/prochaska.eu\/wp-content\/uploads\/2024\/04\/Prochaska_Logo_Black-1.png","width":796,"height":236,"caption":"Prochaska"},"image":{"@id":"https:\/\/prochaska.eu\/ro\/#\/schema\/logo\/image\/"},"sameAs":["https:\/\/www.facebook.com\/prochaska.eu\/","https:\/\/www.instagram.com\/prochaska.eu\/","https:\/\/www.linkedin.com\/company\/prochaska-handels-gmbh"]}]}},"brands":[{"id":3073,"name":"Toro","slug":"toro-ro"}],"_links":{"self":[{"href":"https:\/\/prochaska.eu\/ro\/wp-json\/wp\/v2\/product\/31225","targetHints":{"allow":["GET"]}}],"collection":[{"href":"https:\/\/prochaska.eu\/ro\/wp-json\/wp\/v2\/product"}],"about":[{"href":"https:\/\/prochaska.eu\/ro\/wp-json\/wp\/v2\/types\/product"}],"version-history":[{"count":3,"href":"https:\/\/prochaska.eu\/ro\/wp-json\/wp\/v2\/product\/31225\/revisions"}],"predecessor-version":[{"id":31237,"href":"https:\/\/prochaska.eu\/ro\/wp-json\/wp\/v2\/product\/31225\/revisions\/31237"}],"wp:featuredmedia":[{"embeddable":true,"href":"https:\/\/prochaska.eu\/ro\/wp-json\/wp\/v2\/media\/31227"}],"wp:attachment":[{"href":"https:\/\/prochaska.eu\/ro\/wp-json\/wp\/v2\/media?parent=31225"}],"wp:term":[{"taxonomy":"pwb-brand","embeddable":true,"href":"https:\/\/prochaska.eu\/ro\/wp-json\/wp\/v2\/pwb-brand?post=31225"},{"taxonomy":"product_brand","embeddable":true,"href":"https:\/\/prochaska.eu\/ro\/wp-json\/wp\/v2\/product_brand?post=31225"},{"taxonomy":"product_cat","embeddable":true,"href":"https:\/\/prochaska.eu\/ro\/wp-json\/wp\/v2\/product_cat?post=31225"},{"taxonomy":"product_tag","embeddable":true,"href":"https:\/\/prochaska.eu\/ro\/wp-json\/wp\/v2\/product_tag?post=31225"}],"curies":[{"name":"wp","href":"https:\/\/api.w.org\/{rel}","templated":true}]}}