{"id":31542,"date":"2025-09-24T13:12:20","date_gmt":"2025-09-24T13:12:20","guid":{"rendered":"https:\/\/prochaska.eu\/produkt\/toro-reelmaster-5610-d-4wd\/"},"modified":"2025-09-24T13:12:20","modified_gmt":"2025-09-24T13:12:20","slug":"toro-reelmaster-5610-d-4wd","status":"publish","type":"product","link":"https:\/\/prochaska.eu\/ro\/produs\/toro-reelmaster-5610-d-4wd\/","title":{"rendered":"Toro Reelmaster 5610-D 4WD"},"content":{"rendered":"<h2><strong>TORO Reelmaster\u00ae 5610-D 4WD<\/strong><\/h2>\n<h2 class=\"paragraph-in-scc-markdown-text ___1ngh792 ftgm304 f1iaxwol\"><strong>Descrierea produsului:<\/strong><\/h2>\n<div class=\"paragraph-in-scc-markdown-text ___1ngh792 ftgm304 f1iaxwol\"><strong>TORO Reelmaster\u00ae 5610-D 4WD<\/strong> este o cositoare profesional\u0103 cu cilindri pentru suprafe\u021be mari, proiectat\u0103 pentru a \u00eendeplini cele mai \u00eenalte cerin\u021be \u00een ceea ce prive\u0219te calitatea \u0219i eficien\u021ba t\u0103ierii. Echipat\u0103 cu <strong>unit\u0103\u021bi de t\u0103iere de 17,8 cm cu reglare de precizie dubl\u0103<\/strong>, asigur\u0103 o t\u0103iere excep\u021bional de uniform\u0103 \u0219i un aspect \u00eengrijit dup\u0103 cosire. <\/div>\n<div class=\"paragraph-in-scc-markdown-text ___1ngh792 ftgm304 f1iaxwol\">Datorit\u0103 <strong>puternicului motor diesel Kubota cu 4 cilindri de 44 CP<\/strong> \u0219i <strong>sistemului de trac\u021biune integral\u0103 CrossTrax\u00ae<\/strong>, Reelmaster 5610 ofer\u0103 putere \u0219i control maxime &#8211; chiar \u0219i \u00een condi\u021bii dificile. <strong>Unit\u0103\u021bile de t\u0103iere cu 8 lame<\/strong> permit o <strong>l\u0103\u021bime de t\u0103iere<\/strong> impresionant\u0103 <strong>de 254 cm<\/strong>, completat\u0103 de <strong>perii cu role rotative<\/strong> \u0219i de un <strong>groomer<\/strong> pentru rezultate \u0219i mai precise. <\/div>\n<div class=\"paragraph-in-scc-markdown-text ___1ngh792 ftgm304 f1iaxwol\">Pentru confort maxim, utilajul este echipat cu o <strong>cabin\u0103 Mauser care include \u00eenc\u0103lzire<\/strong> \u0219i un <strong>scaun confortabil cu suspensie pneumatic\u0103<\/strong> &#8211; ideal pentru ore lungi de lucru \u00een orice vreme.<\/div>\n<div class=\"paragraph-in-scc-markdown-text ___1ngh792 ftgm304 f1iaxwol\">Ma\u0219ina este <strong>complet revizuit\u0103 \u0219i preg\u0103tit\u0103 pentru utilizare imediat\u0103.<\/strong> Num\u0103r de serie: <strong>280000350<\/strong> <\/div>\n<h2>Date tehnice<\/h2>\n<div class=\"flex-1 xl:max-w-[50%]\">\n<div class=\"mt-2\">\n<table class=\"table-fixed mt-2.5 w-full\" style=\"height: 274px;\" width=\"508\">\n<tbody>\n<tr class=\"even:bg-gray-50 odd:bg-white hover:bg-gray-100 dark:odd:bg-git-el-100 dark:even:bg-git-bg-100 dark:hover:bg-git-text-100 dark:hover:text-git-bg-100 dark:text-git-text-100 group truncate\">\n<th class=\"border-b border-hgMenu-300 sm:whitespace-nowrap border-r border-hgMenu-300 pr-4 pt-1 text-left\">\n<p class=\"pl-1 text-ellipsis whitespace-nowrap overflow-hidden\" title=\"PS \/ kW\">PS \/ kW<\/p>\n<\/th>\n<td class=\"border-b border-hgMenu-300 px-2 pb-1 truncate\">44 \/ 32<\/td>\n<\/tr>\n<tr class=\"even:bg-gray-50 odd:bg-white hover:bg-gray-100 dark:odd:bg-git-el-100 dark:even:bg-git-bg-100 dark:hover:bg-git-text-100 dark:hover:text-git-bg-100 dark:text-git-text-100 group truncate\">\n<th class=\"border-b border-hgMenu-300 sm:whitespace-nowrap border-r border-hgMenu-300 pr-4 pt-1 text-left\">\n<p class=\"pl-1 text-ellipsis whitespace-nowrap overflow-hidden\" title=\"Anul construc\u021biei\">Anul construc\u021biei<\/p>\n<\/th>\n<td class=\"border-b border-hgMenu-300 px-2 pb-1 truncate\">2008<\/td>\n<\/tr>\n<tr class=\"even:bg-gray-50 odd:bg-white hover:bg-gray-100 dark:odd:bg-git-el-100 dark:even:bg-git-bg-100 dark:hover:bg-git-text-100 dark:hover:text-git-bg-100 dark:text-git-text-100 group truncate\">\n<th class=\"border-b border-hgMenu-300 sm:whitespace-nowrap border-r border-hgMenu-300 pr-4 pt-1 text-left\">\n<p class=\"pl-1 text-ellipsis whitespace-nowrap overflow-hidden\" title=\"Ore de func\u021bionare\">Ore de func\u021bionare<\/p>\n<\/th>\n<td class=\"border-b border-hgMenu-300 px-2 pb-1 truncate\">5178<\/td>\n<\/tr>\n<tr class=\"even:bg-gray-50 odd:bg-white hover:bg-gray-100 dark:odd:bg-git-el-100 dark:even:bg-git-bg-100 dark:hover:bg-git-text-100 dark:hover:text-git-bg-100 dark:text-git-text-100 group truncate\">\n<th class=\"border-b border-hgMenu-300 sm:whitespace-nowrap border-r border-hgMenu-300 pr-4 pt-1 text-left\">\n<p class=\"pl-1 text-ellipsis whitespace-nowrap overflow-hidden\" title=\"L\u0103\u021bime\">L\u0103\u021bime<\/p>\n<\/th>\n<td class=\"border-b border-hgMenu-300 px-2 pb-1 truncate\">254<\/td>\n<\/tr>\n<tr class=\"even:bg-gray-50 odd:bg-white hover:bg-gray-100 dark:odd:bg-git-el-100 dark:even:bg-git-bg-100 dark:hover:bg-git-text-100 dark:hover:text-git-bg-100 dark:text-git-text-100 group truncate\">\n<th class=\"border-b border-hgMenu-300 sm:whitespace-nowrap border-r border-hgMenu-300 pr-4 pt-1 text-left\">\n<p class=\"pl-1 text-ellipsis whitespace-nowrap overflow-hidden\" title=\"Num\u0103r intern\">Num\u0103r intern<\/p>\n<\/th>\n<td class=\"border-b border-hgMenu-300 px-2 pb-1 truncate\">6210357<\/td>\n<\/tr>\n<tr class=\"even:bg-gray-50 odd:bg-white hover:bg-gray-100 dark:odd:bg-git-el-100 dark:even:bg-git-bg-100 dark:hover:bg-git-text-100 dark:hover:text-git-bg-100 dark:text-git-text-100 group truncate\">\n<th class=\"sm:whitespace-nowrap border-r border-hgMenu-300 pr-4 pt-1 text-left\">\n<p class=\"pl-1 text-ellipsis whitespace-nowrap overflow-hidden\" title=\"Stare\">Stare<\/p>\n<\/th>\n<td class=\"px-2 pb-1 truncate\"><span class=\"flex items-center relative cursor-pointer\">Bun (clasa 2)<\/span><\/td>\n<\/tr>\n<\/tbody>\n<\/table>\n<h2>Dac\u0103 ave\u021bi \u00eentreb\u0103ri:<\/h2>\n<p>V\u0103 rug\u0103m s\u0103 contacta\u021bi  <a href=\"mailto:sales@prochaska.eu\">sales@prochaska.eu<\/a><\/p>\n<\/div>\n<\/div>\n","protected":false},"excerpt":{"rendered":"<p>TORO Reelmaster\u00ae 5610 este o cositoare cilindric\u0103 puternic\u0103 pentru suprafe\u021be mari, cu o l\u0103\u021bime de t\u0103iere de 254 cm, motor diesel Kubota de 44 CP \u0219i trac\u021biune integral\u0103 (CrossTrax\u00ae). Echipat\u0103 cu unit\u0103\u021bi de t\u0103iere cu 8 lamele, groomer, perii cu role rotative \u0219i o cabin\u0103 Mauser confortabil\u0103 cu \u00eenc\u0103lzire \u0219i scaun cu suspensie pneumatic\u0103. Ma\u0219ina este complet revizuit\u0103 \u0219i gata de utilizare imediat\u0103.  <\/p>\n","protected":false},"featured_media":31577,"template":"","meta":[],"pwb-brand":[3073],"product_brand":[3262],"product_cat":[3058],"product_tag":[],"class_list":{"0":"post-31542","1":"product","2":"type-product","3":"status-publish","4":"has-post-thumbnail","6":"pwb-brand-toro-ro","7":"product_brand-toro","8":"product_cat-second-hand","10":"first","11":"instock","12":"taxable","13":"shipping-taxable","14":"product-type-simple"},"yoast_head":"<!-- This site is optimized with the Yoast SEO plugin v27.2 - https:\/\/yoast.com\/product\/yoast-seo-wordpress\/ -->\n<title>Toro Reelmaster 5610-D 4WD - Prochaska<\/title>\n<meta name=\"description\" content=\"Cositoarea TORO Reelmaster\u00ae 5610 ofer\u0103 o l\u0103\u021bime de t\u0103iere de 254 cm, motorin\u0103 de 44 CP, trac\u021biune integral\u0103, cabin\u0103 cu \u00eenc\u0103lzire - complet revizuit\u0103 \u0219i gata de utilizare.\" \/>\n<meta name=\"robots\" content=\"index, follow, max-snippet:-1, max-image-preview:large, max-video-preview:-1\" \/>\n<link rel=\"canonical\" href=\"https:\/\/prochaska.eu\/ro\/produs\/toro-reelmaster-5610-d-4wd\/\" \/>\n<meta property=\"og:locale\" content=\"ro_RO\" \/>\n<meta property=\"og:type\" content=\"article\" \/>\n<meta property=\"og:title\" content=\"Toro Reelmaster 5610-D 4WD - Prochaska\" \/>\n<meta property=\"og:description\" content=\"Cositoarea TORO Reelmaster\u00ae 5610 ofer\u0103 o l\u0103\u021bime de t\u0103iere de 254 cm, motorin\u0103 de 44 CP, trac\u021biune integral\u0103, cabin\u0103 cu \u00eenc\u0103lzire - complet revizuit\u0103 \u0219i gata de utilizare.\" \/>\n<meta property=\"og:url\" content=\"https:\/\/prochaska.eu\/ro\/produs\/toro-reelmaster-5610-d-4wd\/\" \/>\n<meta property=\"og:site_name\" content=\"Prochaska\" \/>\n<meta property=\"article:publisher\" content=\"https:\/\/www.facebook.com\/prochaska.eu\/\" \/>\n<meta property=\"og:image\" content=\"https:\/\/prochaska.eu\/wp-content\/uploads\/2025\/09\/Image-15-min-scaled.jpeg\" \/>\n\t<meta property=\"og:image:width\" content=\"1920\" \/>\n\t<meta property=\"og:image:height\" content=\"2560\" \/>\n\t<meta property=\"og:image:type\" content=\"image\/jpeg\" \/>\n<meta name=\"twitter:card\" content=\"summary_large_image\" \/>\n<meta name=\"twitter:label1\" content=\"Timp estimat pentru citire\" \/>\n\t<meta name=\"twitter:data1\" content=\"1 minut\" \/>\n<script type=\"application\/ld+json\" class=\"yoast-schema-graph\">{\"@context\":\"https:\/\/schema.org\",\"@graph\":[{\"@type\":\"WebPage\",\"@id\":\"https:\/\/prochaska.eu\/ro\/produs\/toro-reelmaster-5610-d-4wd\/\",\"url\":\"https:\/\/prochaska.eu\/ro\/produs\/toro-reelmaster-5610-d-4wd\/\",\"name\":\"Toro Reelmaster 5610-D 4WD - Prochaska\",\"isPartOf\":{\"@id\":\"https:\/\/prochaska.eu\/ro\/#website\"},\"primaryImageOfPage\":{\"@id\":\"https:\/\/prochaska.eu\/ro\/produs\/toro-reelmaster-5610-d-4wd\/#primaryimage\"},\"image\":{\"@id\":\"https:\/\/prochaska.eu\/ro\/produs\/toro-reelmaster-5610-d-4wd\/#primaryimage\"},\"thumbnailUrl\":\"https:\/\/prochaska.eu\/wp-content\/uploads\/2025\/09\/Image-15-min-scaled-e1758782759480.webp\",\"datePublished\":\"2025-09-24T13:12:20+00:00\",\"description\":\"Cositoarea TORO Reelmaster\u00ae 5610 ofer\u0103 o l\u0103\u021bime de t\u0103iere de 254 cm, motorin\u0103 de 44 CP, trac\u021biune integral\u0103, cabin\u0103 cu \u00eenc\u0103lzire - complet revizuit\u0103 \u0219i gata de utilizare.\",\"breadcrumb\":{\"@id\":\"https:\/\/prochaska.eu\/ro\/produs\/toro-reelmaster-5610-d-4wd\/#breadcrumb\"},\"inLanguage\":\"ro-RO\",\"potentialAction\":[{\"@type\":\"ReadAction\",\"target\":[\"https:\/\/prochaska.eu\/ro\/produs\/toro-reelmaster-5610-d-4wd\/\"]}]},{\"@type\":\"ImageObject\",\"inLanguage\":\"ro-RO\",\"@id\":\"https:\/\/prochaska.eu\/ro\/produs\/toro-reelmaster-5610-d-4wd\/#primaryimage\",\"url\":\"https:\/\/prochaska.eu\/wp-content\/uploads\/2025\/09\/Image-15-min-scaled-e1758782759480.webp\",\"contentUrl\":\"https:\/\/prochaska.eu\/wp-content\/uploads\/2025\/09\/Image-15-min-scaled-e1758782759480.webp\",\"width\":1920,\"height\":2560,\"caption\":\"Toro Reelmaster 5610-D 4WD\"},{\"@type\":\"BreadcrumbList\",\"@id\":\"https:\/\/prochaska.eu\/ro\/produs\/toro-reelmaster-5610-d-4wd\/#breadcrumb\",\"itemListElement\":[{\"@type\":\"ListItem\",\"position\":1,\"name\":\"Home\",\"item\":\"https:\/\/prochaska.eu\/ro\/\"},{\"@type\":\"ListItem\",\"position\":2,\"name\":\"Shop\",\"item\":\"https:\/\/prochaska.eu\/ro\/shop\/\"},{\"@type\":\"ListItem\",\"position\":3,\"name\":\"Toro Reelmaster 5610-D 4WD\"}]},{\"@type\":\"WebSite\",\"@id\":\"https:\/\/prochaska.eu\/ro\/#website\",\"url\":\"https:\/\/prochaska.eu\/ro\/\",\"name\":\"Prochaska\",\"description\":\"Spezialist f\u00fcr Pflege von Gr\u00fcnfl\u00e4chen\",\"publisher\":{\"@id\":\"https:\/\/prochaska.eu\/ro\/#organization\"},\"potentialAction\":[{\"@type\":\"SearchAction\",\"target\":{\"@type\":\"EntryPoint\",\"urlTemplate\":\"https:\/\/prochaska.eu\/ro\/?s={search_term_string}\"},\"query-input\":{\"@type\":\"PropertyValueSpecification\",\"valueRequired\":true,\"valueName\":\"search_term_string\"}}],\"inLanguage\":\"ro-RO\"},{\"@type\":\"Organization\",\"@id\":\"https:\/\/prochaska.eu\/ro\/#organization\",\"name\":\"Prochaska\",\"url\":\"https:\/\/prochaska.eu\/ro\/\",\"logo\":{\"@type\":\"ImageObject\",\"inLanguage\":\"ro-RO\",\"@id\":\"https:\/\/prochaska.eu\/ro\/#\/schema\/logo\/image\/\",\"url\":\"https:\/\/prochaska.eu\/wp-content\/uploads\/2024\/04\/Prochaska_Logo_Black-1.png\",\"contentUrl\":\"https:\/\/prochaska.eu\/wp-content\/uploads\/2024\/04\/Prochaska_Logo_Black-1.png\",\"width\":796,\"height\":236,\"caption\":\"Prochaska\"},\"image\":{\"@id\":\"https:\/\/prochaska.eu\/ro\/#\/schema\/logo\/image\/\"},\"sameAs\":[\"https:\/\/www.facebook.com\/prochaska.eu\/\",\"https:\/\/www.instagram.com\/prochaska.eu\/\",\"https:\/\/www.linkedin.com\/company\/prochaska-handels-gmbh\"]}]}<\/script>\n<!-- \/ Yoast SEO plugin. -->","yoast_head_json":{"title":"Toro Reelmaster 5610-D 4WD - Prochaska","description":"Cositoarea TORO Reelmaster\u00ae 5610 ofer\u0103 o l\u0103\u021bime de t\u0103iere de 254 cm, motorin\u0103 de 44 CP, trac\u021biune integral\u0103, cabin\u0103 cu \u00eenc\u0103lzire - complet revizuit\u0103 \u0219i gata de utilizare.","robots":{"index":"index","follow":"follow","max-snippet":"max-snippet:-1","max-image-preview":"max-image-preview:large","max-video-preview":"max-video-preview:-1"},"canonical":"https:\/\/prochaska.eu\/ro\/produs\/toro-reelmaster-5610-d-4wd\/","og_locale":"ro_RO","og_type":"article","og_title":"Toro Reelmaster 5610-D 4WD - Prochaska","og_description":"Cositoarea TORO Reelmaster\u00ae 5610 ofer\u0103 o l\u0103\u021bime de t\u0103iere de 254 cm, motorin\u0103 de 44 CP, trac\u021biune integral\u0103, cabin\u0103 cu \u00eenc\u0103lzire - complet revizuit\u0103 \u0219i gata de utilizare.","og_url":"https:\/\/prochaska.eu\/ro\/produs\/toro-reelmaster-5610-d-4wd\/","og_site_name":"Prochaska","article_publisher":"https:\/\/www.facebook.com\/prochaska.eu\/","og_image":[{"width":1920,"height":2560,"url":"https:\/\/prochaska.eu\/wp-content\/uploads\/2025\/09\/Image-15-min-scaled.jpeg","type":"image\/jpeg"}],"twitter_card":"summary_large_image","twitter_misc":{"Timp estimat pentru citire":"1 minut"},"schema":{"@context":"https:\/\/schema.org","@graph":[{"@type":"WebPage","@id":"https:\/\/prochaska.eu\/ro\/produs\/toro-reelmaster-5610-d-4wd\/","url":"https:\/\/prochaska.eu\/ro\/produs\/toro-reelmaster-5610-d-4wd\/","name":"Toro Reelmaster 5610-D 4WD - Prochaska","isPartOf":{"@id":"https:\/\/prochaska.eu\/ro\/#website"},"primaryImageOfPage":{"@id":"https:\/\/prochaska.eu\/ro\/produs\/toro-reelmaster-5610-d-4wd\/#primaryimage"},"image":{"@id":"https:\/\/prochaska.eu\/ro\/produs\/toro-reelmaster-5610-d-4wd\/#primaryimage"},"thumbnailUrl":"https:\/\/prochaska.eu\/wp-content\/uploads\/2025\/09\/Image-15-min-scaled-e1758782759480.webp","datePublished":"2025-09-24T13:12:20+00:00","description":"Cositoarea TORO Reelmaster\u00ae 5610 ofer\u0103 o l\u0103\u021bime de t\u0103iere de 254 cm, motorin\u0103 de 44 CP, trac\u021biune integral\u0103, cabin\u0103 cu \u00eenc\u0103lzire - complet revizuit\u0103 \u0219i gata de utilizare.","breadcrumb":{"@id":"https:\/\/prochaska.eu\/ro\/produs\/toro-reelmaster-5610-d-4wd\/#breadcrumb"},"inLanguage":"ro-RO","potentialAction":[{"@type":"ReadAction","target":["https:\/\/prochaska.eu\/ro\/produs\/toro-reelmaster-5610-d-4wd\/"]}]},{"@type":"ImageObject","inLanguage":"ro-RO","@id":"https:\/\/prochaska.eu\/ro\/produs\/toro-reelmaster-5610-d-4wd\/#primaryimage","url":"https:\/\/prochaska.eu\/wp-content\/uploads\/2025\/09\/Image-15-min-scaled-e1758782759480.webp","contentUrl":"https:\/\/prochaska.eu\/wp-content\/uploads\/2025\/09\/Image-15-min-scaled-e1758782759480.webp","width":1920,"height":2560,"caption":"Toro Reelmaster 5610-D 4WD"},{"@type":"BreadcrumbList","@id":"https:\/\/prochaska.eu\/ro\/produs\/toro-reelmaster-5610-d-4wd\/#breadcrumb","itemListElement":[{"@type":"ListItem","position":1,"name":"Home","item":"https:\/\/prochaska.eu\/ro\/"},{"@type":"ListItem","position":2,"name":"Shop","item":"https:\/\/prochaska.eu\/ro\/shop\/"},{"@type":"ListItem","position":3,"name":"Toro Reelmaster 5610-D 4WD"}]},{"@type":"WebSite","@id":"https:\/\/prochaska.eu\/ro\/#website","url":"https:\/\/prochaska.eu\/ro\/","name":"Prochaska","description":"Spezialist f\u00fcr Pflege von Gr\u00fcnfl\u00e4chen","publisher":{"@id":"https:\/\/prochaska.eu\/ro\/#organization"},"potentialAction":[{"@type":"SearchAction","target":{"@type":"EntryPoint","urlTemplate":"https:\/\/prochaska.eu\/ro\/?s={search_term_string}"},"query-input":{"@type":"PropertyValueSpecification","valueRequired":true,"valueName":"search_term_string"}}],"inLanguage":"ro-RO"},{"@type":"Organization","@id":"https:\/\/prochaska.eu\/ro\/#organization","name":"Prochaska","url":"https:\/\/prochaska.eu\/ro\/","logo":{"@type":"ImageObject","inLanguage":"ro-RO","@id":"https:\/\/prochaska.eu\/ro\/#\/schema\/logo\/image\/","url":"https:\/\/prochaska.eu\/wp-content\/uploads\/2024\/04\/Prochaska_Logo_Black-1.png","contentUrl":"https:\/\/prochaska.eu\/wp-content\/uploads\/2024\/04\/Prochaska_Logo_Black-1.png","width":796,"height":236,"caption":"Prochaska"},"image":{"@id":"https:\/\/prochaska.eu\/ro\/#\/schema\/logo\/image\/"},"sameAs":["https:\/\/www.facebook.com\/prochaska.eu\/","https:\/\/www.instagram.com\/prochaska.eu\/","https:\/\/www.linkedin.com\/company\/prochaska-handels-gmbh"]}]}},"brands":[{"id":3073,"name":"Toro","slug":"toro-ro"}],"_links":{"self":[{"href":"https:\/\/prochaska.eu\/ro\/wp-json\/wp\/v2\/product\/31542","targetHints":{"allow":["GET"]}}],"collection":[{"href":"https:\/\/prochaska.eu\/ro\/wp-json\/wp\/v2\/product"}],"about":[{"href":"https:\/\/prochaska.eu\/ro\/wp-json\/wp\/v2\/types\/product"}],"version-history":[{"count":0,"href":"https:\/\/prochaska.eu\/ro\/wp-json\/wp\/v2\/product\/31542\/revisions"}],"wp:featuredmedia":[{"embeddable":true,"href":"https:\/\/prochaska.eu\/ro\/wp-json\/wp\/v2\/media\/31577"}],"wp:attachment":[{"href":"https:\/\/prochaska.eu\/ro\/wp-json\/wp\/v2\/media?parent=31542"}],"wp:term":[{"taxonomy":"pwb-brand","embeddable":true,"href":"https:\/\/prochaska.eu\/ro\/wp-json\/wp\/v2\/pwb-brand?post=31542"},{"taxonomy":"product_brand","embeddable":true,"href":"https:\/\/prochaska.eu\/ro\/wp-json\/wp\/v2\/product_brand?post=31542"},{"taxonomy":"product_cat","embeddable":true,"href":"https:\/\/prochaska.eu\/ro\/wp-json\/wp\/v2\/product_cat?post=31542"},{"taxonomy":"product_tag","embeddable":true,"href":"https:\/\/prochaska.eu\/ro\/wp-json\/wp\/v2\/product_tag?post=31542"}],"curies":[{"name":"wp","href":"https:\/\/api.w.org\/{rel}","templated":true}]}}