{"id":31705,"date":"2025-09-25T12:26:12","date_gmt":"2025-09-25T12:26:12","guid":{"rendered":"https:\/\/prochaska.eu\/produkt\/billy-goat-sodenschneider-sc240kg-hydro-drive-24\/"},"modified":"2025-09-30T11:41:25","modified_gmt":"2025-09-30T11:41:25","slug":"billy-goat-sodenschneider-sc240kg-hydro-drive-24","status":"publish","type":"product","link":"https:\/\/prochaska.eu\/ro\/produs\/billy-goat-sodenschneider-sc240kg-hydro-drive-24\/","title":{"rendered":"Billy Goat &#8211; Cu\u021bit pentru t\u0103iat gazon &#8211; SC240KG &#8211; Hydro-Drive 24&#8243;"},"content":{"rendered":"<p>Cutterele de gazon Billy Goat sunt puternice, robuste \u0219i u\u0219or de utilizat. Sunt ideale pentru utilizarea \u00een amenaj\u0103ri peisagistice, lucr\u0103ri de pavaj, proiecte de irigare, precum \u0219i pe terenuri de golf, facilit\u0103\u021bi sportive \u0219i \u00een \u0219coli de gazon. Datorit\u0103 designului lor sofisticat, acestea faciliteaz\u0103 \u00eendep\u0103rtarea precis\u0103 a gazonului chiar \u0219i \u00een cazul proiectelor mari.  <\/p>\n<p>T\u0103ietorul de gazon SC240KG Hydro-Drive de 24 inch\/61 cm l\u0103\u021bime de la Billy Goat se bazeaz\u0103 pe cea mai robust\u0103 construc\u021bie din industrie. Cadrul suprastructurii ranforsat cu 23 kg de o\u021bel suplimentar asigur\u0103 o stabilitate maxim\u0103, \u00een timp ce lama de t\u0103iere acoperit\u0103 cu laser permite o t\u0103iere deosebit de precis\u0103 \u0219i o durat\u0103 de via\u021b\u0103 de p\u00e2n\u0103 la trei ori mai lung\u0103. Cu transmisie hidrostatic\u0103, vitez\u0103 variabil\u0103 \u0219i comenzi intuitive, utilajul este u\u0219or de manevrat \u00eenainte \u0219i \u00eenapoi. Vibra\u021biile sunt reduse de suporturile izolante supradimensionate, ceea ce asigur\u0103 o munc\u0103 f\u0103r\u0103 oboseal\u0103. SC240KG este propulsat de un motor fiabil Kohler\u00ae Command Pro CV200 \u0219i este ideal pentru zonele mari \u0219i solicitante.    <\/p>\n<h2 data-start=\"1220\" data-end=\"1241\"><strong data-start=\"1220\" data-end=\"1239\">Avantajele produsului<\/strong><\/h2>\n<ul data-start=\"1242\" data-end=\"1600\">\n<li data-start=\"1242\" data-end=\"1295\">Cadru de suprastructur\u0103 cu 23 kg de o\u021bel suplimentar<\/li>\n<li data-start=\"1296\" data-end=\"1365\">Sistem de t\u0103iere durabil \u0219i robust cu lam\u0103 acoperit\u0103 cu laser<\/li>\n<li data-start=\"1366\" data-end=\"1422\">Control variabil al ac\u021bion\u0103rii hidraulice pentru o munc\u0103 precis\u0103<\/li>\n<li data-start=\"1423\" data-end=\"1473\">Amortizarea vibra\u021biilor prin montarea izola\u021biei<\/li>\n<li data-start=\"1474\" data-end=\"1538\">Roat\u0103 spate rotativ\u0103 pentru manevrabilitate \u0219i t\u0103iere dreapt\u0103<\/li>\n<li data-start=\"1539\" data-end=\"1600\">Motor Kohler\u00ae Command Pro CV200 pentru performan\u021be fiabile<\/li>\n<\/ul>\n","protected":false},"excerpt":{"rendered":"<p data-start=\"170\" data-end=\"514\">T\u0103ietorul de gazon Billy Goat SC240KG Hydro-Drive cu l\u0103\u021bime de t\u0103iere de 24&#8243; ofer\u0103 precizie \u0219i performan\u021b\u0103 maxim\u0103 pentru amenaj\u0103ri peisagistice, terenuri de sport \u0219i terenuri de golf. Cu cadrul s\u0103u robust, lama acoperit\u0103 cu laser \u0219i motorul Kohler, acest t\u0103ietor de gazon profesional este ideal pentru \u00eendep\u0103rtarea \u0219i cur\u0103\u021barea eficient\u0103 a gazonului. <\/p>\n<p><span class=\"p2\"> <\/span><\/p>\n","protected":false},"featured_media":31609,"template":"","meta":[],"pwb-brand":[3084],"product_brand":[3257],"product_cat":[1535,1533],"product_tag":[1529,3275,3276],"class_list":{"0":"post-31705","1":"product","2":"type-product","3":"status-publish","4":"has-post-thumbnail","6":"pwb-brand-billy-goat-ro","7":"product_brand-billy-goat","8":"product_cat-pregatirea-solului-ro","9":"product_cat-pregatirea-solului","10":"product_tag-billy-goat-ro","11":"product_tag-cutter-soden","12":"product_tag-sc240-ro","14":"first","15":"instock","16":"taxable","17":"shipping-taxable","18":"purchasable","19":"product-type-simple"},"yoast_head":"<!-- This site is optimized with the Yoast SEO plugin v27.2 - https:\/\/yoast.com\/product\/yoast-seo-wordpress\/ -->\n<title>Billy Goat - Cu\u021bit pentru t\u0103iat gazon - SC240KG - Hydro-Drive 24&quot; - Prochaska<\/title>\n<meta name=\"description\" content=\"T\u0103ietorul de gazon Billy Goat SC240KG Hydro-Drive cu l\u0103\u021bime de t\u0103iere de 24&quot; \u0219i motor Kohler impresioneaz\u0103 prin designul s\u0103u robust, sistemul de t\u0103iere precis \u0219i operarea simpl\u0103. Ideal\u0103 pentru amenaj\u0103ri peisagistice, terenuri de sport \u0219i terenuri de golf.\" \/>\n<meta name=\"robots\" content=\"index, follow, max-snippet:-1, max-image-preview:large, max-video-preview:-1\" \/>\n<link rel=\"canonical\" href=\"https:\/\/prochaska.eu\/ro\/produs\/billy-goat-sodenschneider-sc240kg-hydro-drive-24\/\" \/>\n<meta property=\"og:locale\" content=\"ro_RO\" \/>\n<meta property=\"og:type\" content=\"article\" \/>\n<meta property=\"og:title\" content=\"Billy Goat - Cu\u021bit pentru t\u0103iat gazon - SC240KG - Hydro-Drive 24&quot; - Prochaska\" \/>\n<meta property=\"og:description\" content=\"T\u0103ietorul de gazon Billy Goat SC240KG Hydro-Drive cu l\u0103\u021bime de t\u0103iere de 24&quot; \u0219i motor Kohler impresioneaz\u0103 prin designul s\u0103u robust, sistemul de t\u0103iere precis \u0219i operarea simpl\u0103. Ideal\u0103 pentru amenaj\u0103ri peisagistice, terenuri de sport \u0219i terenuri de golf.\" \/>\n<meta property=\"og:url\" content=\"https:\/\/prochaska.eu\/ro\/produs\/billy-goat-sodenschneider-sc240kg-hydro-drive-24\/\" \/>\n<meta property=\"og:site_name\" content=\"Prochaska\" \/>\n<meta property=\"article:publisher\" content=\"https:\/\/www.facebook.com\/prochaska.eu\/\" \/>\n<meta property=\"article:modified_time\" content=\"2025-09-30T11:41:25+00:00\" \/>\n<meta property=\"og:image\" content=\"https:\/\/prochaska.eu\/wp-content\/uploads\/2025\/09\/original-1.webp\" \/>\n\t<meta property=\"og:image:width\" content=\"1024\" \/>\n\t<meta property=\"og:image:height\" content=\"1024\" \/>\n\t<meta property=\"og:image:type\" content=\"image\/webp\" \/>\n<meta name=\"twitter:card\" content=\"summary_large_image\" \/>\n<meta name=\"twitter:label1\" content=\"Timp estimat pentru citire\" \/>\n\t<meta name=\"twitter:data1\" content=\"1 minut\" \/>\n<script type=\"application\/ld+json\" class=\"yoast-schema-graph\">{\"@context\":\"https:\/\/schema.org\",\"@graph\":[{\"@type\":\"WebPage\",\"@id\":\"https:\/\/prochaska.eu\/ro\/produs\/billy-goat-sodenschneider-sc240kg-hydro-drive-24\/\",\"url\":\"https:\/\/prochaska.eu\/ro\/produs\/billy-goat-sodenschneider-sc240kg-hydro-drive-24\/\",\"name\":\"Billy Goat - Cu\u021bit pentru t\u0103iat gazon - SC240KG - Hydro-Drive 24\\\" - Prochaska\",\"isPartOf\":{\"@id\":\"https:\/\/prochaska.eu\/ro\/#website\"},\"primaryImageOfPage\":{\"@id\":\"https:\/\/prochaska.eu\/ro\/produs\/billy-goat-sodenschneider-sc240kg-hydro-drive-24\/#primaryimage\"},\"image\":{\"@id\":\"https:\/\/prochaska.eu\/ro\/produs\/billy-goat-sodenschneider-sc240kg-hydro-drive-24\/#primaryimage\"},\"thumbnailUrl\":\"https:\/\/prochaska.eu\/wp-content\/uploads\/2025\/09\/original-1.webp\",\"datePublished\":\"2025-09-25T12:26:12+00:00\",\"dateModified\":\"2025-09-30T11:41:25+00:00\",\"description\":\"T\u0103ietorul de gazon Billy Goat SC240KG Hydro-Drive cu l\u0103\u021bime de t\u0103iere de 24\\\" \u0219i motor Kohler impresioneaz\u0103 prin designul s\u0103u robust, sistemul de t\u0103iere precis \u0219i operarea simpl\u0103. Ideal\u0103 pentru amenaj\u0103ri peisagistice, terenuri de sport \u0219i terenuri de golf.\",\"breadcrumb\":{\"@id\":\"https:\/\/prochaska.eu\/ro\/produs\/billy-goat-sodenschneider-sc240kg-hydro-drive-24\/#breadcrumb\"},\"inLanguage\":\"ro-RO\",\"potentialAction\":[{\"@type\":\"ReadAction\",\"target\":[\"https:\/\/prochaska.eu\/ro\/produs\/billy-goat-sodenschneider-sc240kg-hydro-drive-24\/\"]}]},{\"@type\":\"ImageObject\",\"inLanguage\":\"ro-RO\",\"@id\":\"https:\/\/prochaska.eu\/ro\/produs\/billy-goat-sodenschneider-sc240kg-hydro-drive-24\/#primaryimage\",\"url\":\"https:\/\/prochaska.eu\/wp-content\/uploads\/2025\/09\/original-1.webp\",\"contentUrl\":\"https:\/\/prochaska.eu\/wp-content\/uploads\/2025\/09\/original-1.webp\",\"width\":1024,\"height\":1024},{\"@type\":\"BreadcrumbList\",\"@id\":\"https:\/\/prochaska.eu\/ro\/produs\/billy-goat-sodenschneider-sc240kg-hydro-drive-24\/#breadcrumb\",\"itemListElement\":[{\"@type\":\"ListItem\",\"position\":1,\"name\":\"Home\",\"item\":\"https:\/\/prochaska.eu\/ro\/\"},{\"@type\":\"ListItem\",\"position\":2,\"name\":\"Shop\",\"item\":\"https:\/\/prochaska.eu\/ro\/shop\/\"},{\"@type\":\"ListItem\",\"position\":3,\"name\":\"Billy Goat &#8211; Cu\u021bit pentru t\u0103iat gazon &#8211; SC240KG &#8211; Hydro-Drive 24&#8243;\"}]},{\"@type\":\"WebSite\",\"@id\":\"https:\/\/prochaska.eu\/ro\/#website\",\"url\":\"https:\/\/prochaska.eu\/ro\/\",\"name\":\"Prochaska\",\"description\":\"Spezialist f\u00fcr Pflege von Gr\u00fcnfl\u00e4chen\",\"publisher\":{\"@id\":\"https:\/\/prochaska.eu\/ro\/#organization\"},\"potentialAction\":[{\"@type\":\"SearchAction\",\"target\":{\"@type\":\"EntryPoint\",\"urlTemplate\":\"https:\/\/prochaska.eu\/ro\/?s={search_term_string}\"},\"query-input\":{\"@type\":\"PropertyValueSpecification\",\"valueRequired\":true,\"valueName\":\"search_term_string\"}}],\"inLanguage\":\"ro-RO\"},{\"@type\":\"Organization\",\"@id\":\"https:\/\/prochaska.eu\/ro\/#organization\",\"name\":\"Prochaska\",\"url\":\"https:\/\/prochaska.eu\/ro\/\",\"logo\":{\"@type\":\"ImageObject\",\"inLanguage\":\"ro-RO\",\"@id\":\"https:\/\/prochaska.eu\/ro\/#\/schema\/logo\/image\/\",\"url\":\"https:\/\/prochaska.eu\/wp-content\/uploads\/2024\/04\/Prochaska_Logo_Black-1.png\",\"contentUrl\":\"https:\/\/prochaska.eu\/wp-content\/uploads\/2024\/04\/Prochaska_Logo_Black-1.png\",\"width\":796,\"height\":236,\"caption\":\"Prochaska\"},\"image\":{\"@id\":\"https:\/\/prochaska.eu\/ro\/#\/schema\/logo\/image\/\"},\"sameAs\":[\"https:\/\/www.facebook.com\/prochaska.eu\/\",\"https:\/\/www.instagram.com\/prochaska.eu\/\",\"https:\/\/www.linkedin.com\/company\/prochaska-handels-gmbh\"]}]}<\/script>\n<!-- \/ Yoast SEO plugin. -->","yoast_head_json":{"title":"Billy Goat - Cu\u021bit pentru t\u0103iat gazon - SC240KG - Hydro-Drive 24\" - Prochaska","description":"T\u0103ietorul de gazon Billy Goat SC240KG Hydro-Drive cu l\u0103\u021bime de t\u0103iere de 24\" \u0219i motor Kohler impresioneaz\u0103 prin designul s\u0103u robust, sistemul de t\u0103iere precis \u0219i operarea simpl\u0103. Ideal\u0103 pentru amenaj\u0103ri peisagistice, terenuri de sport \u0219i terenuri de golf.","robots":{"index":"index","follow":"follow","max-snippet":"max-snippet:-1","max-image-preview":"max-image-preview:large","max-video-preview":"max-video-preview:-1"},"canonical":"https:\/\/prochaska.eu\/ro\/produs\/billy-goat-sodenschneider-sc240kg-hydro-drive-24\/","og_locale":"ro_RO","og_type":"article","og_title":"Billy Goat - Cu\u021bit pentru t\u0103iat gazon - SC240KG - Hydro-Drive 24\" - Prochaska","og_description":"T\u0103ietorul de gazon Billy Goat SC240KG Hydro-Drive cu l\u0103\u021bime de t\u0103iere de 24\" \u0219i motor Kohler impresioneaz\u0103 prin designul s\u0103u robust, sistemul de t\u0103iere precis \u0219i operarea simpl\u0103. Ideal\u0103 pentru amenaj\u0103ri peisagistice, terenuri de sport \u0219i terenuri de golf.","og_url":"https:\/\/prochaska.eu\/ro\/produs\/billy-goat-sodenschneider-sc240kg-hydro-drive-24\/","og_site_name":"Prochaska","article_publisher":"https:\/\/www.facebook.com\/prochaska.eu\/","article_modified_time":"2025-09-30T11:41:25+00:00","og_image":[{"width":1024,"height":1024,"url":"https:\/\/prochaska.eu\/wp-content\/uploads\/2025\/09\/original-1.webp","type":"image\/webp"}],"twitter_card":"summary_large_image","twitter_misc":{"Timp estimat pentru citire":"1 minut"},"schema":{"@context":"https:\/\/schema.org","@graph":[{"@type":"WebPage","@id":"https:\/\/prochaska.eu\/ro\/produs\/billy-goat-sodenschneider-sc240kg-hydro-drive-24\/","url":"https:\/\/prochaska.eu\/ro\/produs\/billy-goat-sodenschneider-sc240kg-hydro-drive-24\/","name":"Billy Goat - Cu\u021bit pentru t\u0103iat gazon - SC240KG - Hydro-Drive 24\" - Prochaska","isPartOf":{"@id":"https:\/\/prochaska.eu\/ro\/#website"},"primaryImageOfPage":{"@id":"https:\/\/prochaska.eu\/ro\/produs\/billy-goat-sodenschneider-sc240kg-hydro-drive-24\/#primaryimage"},"image":{"@id":"https:\/\/prochaska.eu\/ro\/produs\/billy-goat-sodenschneider-sc240kg-hydro-drive-24\/#primaryimage"},"thumbnailUrl":"https:\/\/prochaska.eu\/wp-content\/uploads\/2025\/09\/original-1.webp","datePublished":"2025-09-25T12:26:12+00:00","dateModified":"2025-09-30T11:41:25+00:00","description":"T\u0103ietorul de gazon Billy Goat SC240KG Hydro-Drive cu l\u0103\u021bime de t\u0103iere de 24\" \u0219i motor Kohler impresioneaz\u0103 prin designul s\u0103u robust, sistemul de t\u0103iere precis \u0219i operarea simpl\u0103. Ideal\u0103 pentru amenaj\u0103ri peisagistice, terenuri de sport \u0219i terenuri de golf.","breadcrumb":{"@id":"https:\/\/prochaska.eu\/ro\/produs\/billy-goat-sodenschneider-sc240kg-hydro-drive-24\/#breadcrumb"},"inLanguage":"ro-RO","potentialAction":[{"@type":"ReadAction","target":["https:\/\/prochaska.eu\/ro\/produs\/billy-goat-sodenschneider-sc240kg-hydro-drive-24\/"]}]},{"@type":"ImageObject","inLanguage":"ro-RO","@id":"https:\/\/prochaska.eu\/ro\/produs\/billy-goat-sodenschneider-sc240kg-hydro-drive-24\/#primaryimage","url":"https:\/\/prochaska.eu\/wp-content\/uploads\/2025\/09\/original-1.webp","contentUrl":"https:\/\/prochaska.eu\/wp-content\/uploads\/2025\/09\/original-1.webp","width":1024,"height":1024},{"@type":"BreadcrumbList","@id":"https:\/\/prochaska.eu\/ro\/produs\/billy-goat-sodenschneider-sc240kg-hydro-drive-24\/#breadcrumb","itemListElement":[{"@type":"ListItem","position":1,"name":"Home","item":"https:\/\/prochaska.eu\/ro\/"},{"@type":"ListItem","position":2,"name":"Shop","item":"https:\/\/prochaska.eu\/ro\/shop\/"},{"@type":"ListItem","position":3,"name":"Billy Goat &#8211; Cu\u021bit pentru t\u0103iat gazon &#8211; SC240KG &#8211; Hydro-Drive 24&#8243;"}]},{"@type":"WebSite","@id":"https:\/\/prochaska.eu\/ro\/#website","url":"https:\/\/prochaska.eu\/ro\/","name":"Prochaska","description":"Spezialist f\u00fcr Pflege von Gr\u00fcnfl\u00e4chen","publisher":{"@id":"https:\/\/prochaska.eu\/ro\/#organization"},"potentialAction":[{"@type":"SearchAction","target":{"@type":"EntryPoint","urlTemplate":"https:\/\/prochaska.eu\/ro\/?s={search_term_string}"},"query-input":{"@type":"PropertyValueSpecification","valueRequired":true,"valueName":"search_term_string"}}],"inLanguage":"ro-RO"},{"@type":"Organization","@id":"https:\/\/prochaska.eu\/ro\/#organization","name":"Prochaska","url":"https:\/\/prochaska.eu\/ro\/","logo":{"@type":"ImageObject","inLanguage":"ro-RO","@id":"https:\/\/prochaska.eu\/ro\/#\/schema\/logo\/image\/","url":"https:\/\/prochaska.eu\/wp-content\/uploads\/2024\/04\/Prochaska_Logo_Black-1.png","contentUrl":"https:\/\/prochaska.eu\/wp-content\/uploads\/2024\/04\/Prochaska_Logo_Black-1.png","width":796,"height":236,"caption":"Prochaska"},"image":{"@id":"https:\/\/prochaska.eu\/ro\/#\/schema\/logo\/image\/"},"sameAs":["https:\/\/www.facebook.com\/prochaska.eu\/","https:\/\/www.instagram.com\/prochaska.eu\/","https:\/\/www.linkedin.com\/company\/prochaska-handels-gmbh"]}]}},"brands":[{"id":3084,"name":"Billy Goat","slug":"billy-goat-ro"}],"_links":{"self":[{"href":"https:\/\/prochaska.eu\/ro\/wp-json\/wp\/v2\/product\/31705","targetHints":{"allow":["GET"]}}],"collection":[{"href":"https:\/\/prochaska.eu\/ro\/wp-json\/wp\/v2\/product"}],"about":[{"href":"https:\/\/prochaska.eu\/ro\/wp-json\/wp\/v2\/types\/product"}],"version-history":[{"count":2,"href":"https:\/\/prochaska.eu\/ro\/wp-json\/wp\/v2\/product\/31705\/revisions"}],"predecessor-version":[{"id":31734,"href":"https:\/\/prochaska.eu\/ro\/wp-json\/wp\/v2\/product\/31705\/revisions\/31734"}],"wp:featuredmedia":[{"embeddable":true,"href":"https:\/\/prochaska.eu\/ro\/wp-json\/wp\/v2\/media\/31609"}],"wp:attachment":[{"href":"https:\/\/prochaska.eu\/ro\/wp-json\/wp\/v2\/media?parent=31705"}],"wp:term":[{"taxonomy":"pwb-brand","embeddable":true,"href":"https:\/\/prochaska.eu\/ro\/wp-json\/wp\/v2\/pwb-brand?post=31705"},{"taxonomy":"product_brand","embeddable":true,"href":"https:\/\/prochaska.eu\/ro\/wp-json\/wp\/v2\/product_brand?post=31705"},{"taxonomy":"product_cat","embeddable":true,"href":"https:\/\/prochaska.eu\/ro\/wp-json\/wp\/v2\/product_cat?post=31705"},{"taxonomy":"product_tag","embeddable":true,"href":"https:\/\/prochaska.eu\/ro\/wp-json\/wp\/v2\/product_tag?post=31705"}],"curies":[{"name":"wp","href":"https:\/\/api.w.org\/{rel}","templated":true}]}}