{"id":31711,"date":"2025-09-24T12:54:02","date_gmt":"2025-09-24T12:54:02","guid":{"rendered":"https:\/\/prochaska.eu\/produkt\/billy-goat-aspirator-pentru-gazon-si-deseuri-mv601eu\/"},"modified":"2025-10-01T09:24:26","modified_gmt":"2025-10-01T09:24:26","slug":"billy-goat-aspirator-pentru-gazon-si-deseuri-mv601eu","status":"publish","type":"product","link":"https:\/\/prochaska.eu\/ro\/produs\/billy-goat-aspirator-pentru-gazon-si-deseuri-mv601eu\/","title":{"rendered":"Billy Goat \u2013 Aspirator pentru gazon \u0219i de\u0219euri \u2013 MV601EU"},"content":{"rendered":"<p>Aspiratorul pentru gazon \u0219i de\u0219euri MV601EU de la Billy Goat impresioneaz\u0103 cu o l\u0103\u021bime de lucru de 74 cm\/29 inch \u0219i o putere mare de aspirare pentru frunze, iarb\u0103 t\u0103iat\u0103, de\u0219euri \u0219i alte murd\u0103rii. Datorit\u0103 ro\u021bii de suflant\u0103 robuste cu 6 lame zim\u021bate, materialul este aspirat \u0219i comprimat eficient. Carcasa u\u0219oar\u0103 \u0219i rezistent\u0103 la abraziune din material compozit este inoxidabil\u0103 \u0219i rezistent\u0103 la lovituri. Cu motorul s\u0103u Briggs &amp; Stratton 850 Professional Series\u2122, aspiratorul este ideal pentru terenuri mari, parcuri, str\u0103zi sau suprafe\u021be comerciale.   <\/p>\n<h2 data-start=\"676\" data-end=\"697\"><strong data-start=\"676\" data-end=\"695\">Avantajele produsului<\/strong><\/h2>\n<ul data-start=\"698\" data-end=\"1089\">\n<li data-start=\"698\" data-end=\"755\">Putere de aspirare extrem de puternic\u0103 cu roat\u0103 de ventilator cu 6 pale<\/li>\n<li data-start=\"756\" data-end=\"810\">L\u0103\u021bime de lucru de 74 cm\/29 inch pentru productivitate ridicat\u0103<\/li>\n<li data-start=\"811\" data-end=\"877\">Sac de plas\u0103 de 151 litri \u00eenc\u0103rcabil de sus (p\u00e2n\u0103 la 23 kg de\u0219euri)<\/li>\n<li data-start=\"878\" data-end=\"931\">Control simplu al \u00een\u0103l\u021bimii pentru soluri dure \u0219i gazon<\/li>\n<li data-start=\"932\" data-end=\"978\">Clapeta de admisie reglabil\u0103 de c\u0103tre operator<\/li>\n<li data-start=\"979\" data-end=\"1029\">Carcas\u0103 u\u0219oar\u0103 \u0219i robust\u0103 din material compozit<\/li>\n<li data-start=\"1030\" data-end=\"1089\">Ro\u021bi mari de 36 cm\/14 inch pentru manevrabilitate u\u0219oar\u0103<\/li>\n<\/ul>\n<h2 data-start=\"1091\" data-end=\"1115\"><strong data-start=\"1091\" data-end=\"1113\">Accesorii op\u021bionale<\/strong><\/h2>\n<ul data-start=\"1116\" data-end=\"1380\">\n<li data-start=\"1116\" data-end=\"1163\"><a href=\"https:\/\/prochaska.eu\/ro\/produs\/billy-goat-set-furtun-aspirator-de-frunze-si-gunoi-accesorii\/\">Set de furtun cu m\u00e2ner telescopic (840116)<\/a><\/li>\n<li data-start=\"1164\" data-end=\"1209\">Kit electrostatic DUST SOCK\u2122 (840263)<\/li>\n<li data-start=\"1210\" data-end=\"1269\">Pungi de gunoi, pachet cu 12 buc\u0103\u021bi (840134)<\/li>\n<li data-start=\"1270\" data-end=\"1322\">Set ro\u021bi pentru o manevrabilitate mai bun\u0103 (840129)<\/li>\n<li data-start=\"1323\" data-end=\"1357\">Capac impermeabil (891137)<\/li>\n<li data-start=\"1358\" data-end=\"1380\">Sandliner (840201)<\/li>\n<\/ul>\n","protected":false},"excerpt":{"rendered":"<p>Der Rasen- und Abfallsauger<strong data-start=\"71\" data-end=\"82\"> MV601EU <\/strong>von Billy Goat mit 74 cm Arbeitsbreite und Briggs &amp; Stratton-Motor bietet starke Saugkraft f\u00fcr Laub und Schmutz.<\/p>\n","protected":false},"featured_media":31547,"template":"","meta":[],"pwb-brand":[3084],"product_brand":[3257],"product_cat":[1068,1167],"product_tag":[1529],"class_list":{"0":"post-31711","1":"product","2":"type-product","3":"status-publish","4":"has-post-thumbnail","6":"pwb-brand-billy-goat-ro","7":"product_brand-billy-goat","8":"product_cat-nou","9":"product_cat-scarificator-aerator-si-dispozitiv-de-indepartare-a-frunzelor","10":"product_tag-billy-goat-ro","12":"first","13":"instock","14":"taxable","15":"shipping-taxable","16":"purchasable","17":"product-type-simple"},"yoast_head":"<!-- This site is optimized with the Yoast SEO plugin v27.2 - https:\/\/yoast.com\/product\/yoast-seo-wordpress\/ -->\n<title>Billy Goat \u2013 Aspirator pentru gazon \u0219i de\u0219euri \u2013 MV601EU - Prochaska<\/title>\n<meta name=\"description\" content=\"Aspirator puternic pentru gazon \u0219i de\u0219euri, cu l\u0103\u021bime de lucru de 74 cm, roat\u0103 de suflant\u0103 cu 6 pale \u0219i motor Briggs &amp; Stratton. Ideal pentru frunze, murd\u0103rie \u0219i suprafe\u021be mari.\" \/>\n<meta name=\"robots\" content=\"index, follow, max-snippet:-1, max-image-preview:large, max-video-preview:-1\" \/>\n<link rel=\"canonical\" href=\"https:\/\/prochaska.eu\/ro\/produs\/billy-goat-aspirator-pentru-gazon-si-deseuri-mv601eu\/\" \/>\n<meta property=\"og:locale\" content=\"ro_RO\" \/>\n<meta property=\"og:type\" content=\"article\" \/>\n<meta property=\"og:title\" content=\"Billy Goat \u2013 Aspirator pentru gazon \u0219i de\u0219euri \u2013 MV601EU - Prochaska\" \/>\n<meta property=\"og:description\" content=\"Aspirator puternic pentru gazon \u0219i de\u0219euri, cu l\u0103\u021bime de lucru de 74 cm, roat\u0103 de suflant\u0103 cu 6 pale \u0219i motor Briggs &amp; Stratton. Ideal pentru frunze, murd\u0103rie \u0219i suprafe\u021be mari.\" \/>\n<meta property=\"og:url\" content=\"https:\/\/prochaska.eu\/ro\/produs\/billy-goat-aspirator-pentru-gazon-si-deseuri-mv601eu\/\" \/>\n<meta property=\"og:site_name\" content=\"Prochaska\" \/>\n<meta property=\"article:publisher\" content=\"https:\/\/www.facebook.com\/prochaska.eu\/\" \/>\n<meta property=\"article:modified_time\" content=\"2025-10-01T09:24:26+00:00\" \/>\n<meta property=\"og:image\" content=\"https:\/\/prochaska.eu\/wp-content\/uploads\/2025\/09\/MV601_BG_vac_FL.webp\" \/>\n\t<meta property=\"og:image:width\" content=\"480\" \/>\n\t<meta property=\"og:image:height\" content=\"475\" \/>\n\t<meta property=\"og:image:type\" content=\"image\/webp\" \/>\n<meta name=\"twitter:card\" content=\"summary_large_image\" \/>\n<meta name=\"twitter:label1\" content=\"Timp estimat pentru citire\" \/>\n\t<meta name=\"twitter:data1\" content=\"1 minut\" \/>\n<script type=\"application\/ld+json\" class=\"yoast-schema-graph\">{\"@context\":\"https:\/\/schema.org\",\"@graph\":[{\"@type\":\"WebPage\",\"@id\":\"https:\/\/prochaska.eu\/ro\/produs\/billy-goat-aspirator-pentru-gazon-si-deseuri-mv601eu\/\",\"url\":\"https:\/\/prochaska.eu\/ro\/produs\/billy-goat-aspirator-pentru-gazon-si-deseuri-mv601eu\/\",\"name\":\"Billy Goat \u2013 Aspirator pentru gazon \u0219i de\u0219euri \u2013 MV601EU - Prochaska\",\"isPartOf\":{\"@id\":\"https:\/\/prochaska.eu\/ro\/#website\"},\"primaryImageOfPage\":{\"@id\":\"https:\/\/prochaska.eu\/ro\/produs\/billy-goat-aspirator-pentru-gazon-si-deseuri-mv601eu\/#primaryimage\"},\"image\":{\"@id\":\"https:\/\/prochaska.eu\/ro\/produs\/billy-goat-aspirator-pentru-gazon-si-deseuri-mv601eu\/#primaryimage\"},\"thumbnailUrl\":\"https:\/\/prochaska.eu\/wp-content\/uploads\/2025\/09\/MV601_BG_vac_FL.webp\",\"datePublished\":\"2025-09-24T12:54:02+00:00\",\"dateModified\":\"2025-10-01T09:24:26+00:00\",\"description\":\"Aspirator puternic pentru gazon \u0219i de\u0219euri, cu l\u0103\u021bime de lucru de 74 cm, roat\u0103 de suflant\u0103 cu 6 pale \u0219i motor Briggs & Stratton. Ideal pentru frunze, murd\u0103rie \u0219i suprafe\u021be mari.\",\"breadcrumb\":{\"@id\":\"https:\/\/prochaska.eu\/ro\/produs\/billy-goat-aspirator-pentru-gazon-si-deseuri-mv601eu\/#breadcrumb\"},\"inLanguage\":\"ro-RO\",\"potentialAction\":[{\"@type\":\"ReadAction\",\"target\":[\"https:\/\/prochaska.eu\/ro\/produs\/billy-goat-aspirator-pentru-gazon-si-deseuri-mv601eu\/\"]}]},{\"@type\":\"ImageObject\",\"inLanguage\":\"ro-RO\",\"@id\":\"https:\/\/prochaska.eu\/ro\/produs\/billy-goat-aspirator-pentru-gazon-si-deseuri-mv601eu\/#primaryimage\",\"url\":\"https:\/\/prochaska.eu\/wp-content\/uploads\/2025\/09\/MV601_BG_vac_FL.webp\",\"contentUrl\":\"https:\/\/prochaska.eu\/wp-content\/uploads\/2025\/09\/MV601_BG_vac_FL.webp\",\"width\":480,\"height\":475},{\"@type\":\"BreadcrumbList\",\"@id\":\"https:\/\/prochaska.eu\/ro\/produs\/billy-goat-aspirator-pentru-gazon-si-deseuri-mv601eu\/#breadcrumb\",\"itemListElement\":[{\"@type\":\"ListItem\",\"position\":1,\"name\":\"Home\",\"item\":\"https:\/\/prochaska.eu\/ro\/\"},{\"@type\":\"ListItem\",\"position\":2,\"name\":\"Shop\",\"item\":\"https:\/\/prochaska.eu\/ro\/shop\/\"},{\"@type\":\"ListItem\",\"position\":3,\"name\":\"Billy Goat \u2013 Aspirator pentru gazon \u0219i de\u0219euri \u2013 MV601EU\"}]},{\"@type\":\"WebSite\",\"@id\":\"https:\/\/prochaska.eu\/ro\/#website\",\"url\":\"https:\/\/prochaska.eu\/ro\/\",\"name\":\"Prochaska\",\"description\":\"Spezialist f\u00fcr Pflege von Gr\u00fcnfl\u00e4chen\",\"publisher\":{\"@id\":\"https:\/\/prochaska.eu\/ro\/#organization\"},\"potentialAction\":[{\"@type\":\"SearchAction\",\"target\":{\"@type\":\"EntryPoint\",\"urlTemplate\":\"https:\/\/prochaska.eu\/ro\/?s={search_term_string}\"},\"query-input\":{\"@type\":\"PropertyValueSpecification\",\"valueRequired\":true,\"valueName\":\"search_term_string\"}}],\"inLanguage\":\"ro-RO\"},{\"@type\":\"Organization\",\"@id\":\"https:\/\/prochaska.eu\/ro\/#organization\",\"name\":\"Prochaska\",\"url\":\"https:\/\/prochaska.eu\/ro\/\",\"logo\":{\"@type\":\"ImageObject\",\"inLanguage\":\"ro-RO\",\"@id\":\"https:\/\/prochaska.eu\/ro\/#\/schema\/logo\/image\/\",\"url\":\"https:\/\/prochaska.eu\/wp-content\/uploads\/2024\/04\/Prochaska_Logo_Black-1.png\",\"contentUrl\":\"https:\/\/prochaska.eu\/wp-content\/uploads\/2024\/04\/Prochaska_Logo_Black-1.png\",\"width\":796,\"height\":236,\"caption\":\"Prochaska\"},\"image\":{\"@id\":\"https:\/\/prochaska.eu\/ro\/#\/schema\/logo\/image\/\"},\"sameAs\":[\"https:\/\/www.facebook.com\/prochaska.eu\/\",\"https:\/\/www.instagram.com\/prochaska.eu\/\",\"https:\/\/www.linkedin.com\/company\/prochaska-handels-gmbh\"]}]}<\/script>\n<!-- \/ Yoast SEO plugin. -->","yoast_head_json":{"title":"Billy Goat \u2013 Aspirator pentru gazon \u0219i de\u0219euri \u2013 MV601EU - Prochaska","description":"Aspirator puternic pentru gazon \u0219i de\u0219euri, cu l\u0103\u021bime de lucru de 74 cm, roat\u0103 de suflant\u0103 cu 6 pale \u0219i motor Briggs & Stratton. Ideal pentru frunze, murd\u0103rie \u0219i suprafe\u021be mari.","robots":{"index":"index","follow":"follow","max-snippet":"max-snippet:-1","max-image-preview":"max-image-preview:large","max-video-preview":"max-video-preview:-1"},"canonical":"https:\/\/prochaska.eu\/ro\/produs\/billy-goat-aspirator-pentru-gazon-si-deseuri-mv601eu\/","og_locale":"ro_RO","og_type":"article","og_title":"Billy Goat \u2013 Aspirator pentru gazon \u0219i de\u0219euri \u2013 MV601EU - Prochaska","og_description":"Aspirator puternic pentru gazon \u0219i de\u0219euri, cu l\u0103\u021bime de lucru de 74 cm, roat\u0103 de suflant\u0103 cu 6 pale \u0219i motor Briggs & Stratton. Ideal pentru frunze, murd\u0103rie \u0219i suprafe\u021be mari.","og_url":"https:\/\/prochaska.eu\/ro\/produs\/billy-goat-aspirator-pentru-gazon-si-deseuri-mv601eu\/","og_site_name":"Prochaska","article_publisher":"https:\/\/www.facebook.com\/prochaska.eu\/","article_modified_time":"2025-10-01T09:24:26+00:00","og_image":[{"width":480,"height":475,"url":"https:\/\/prochaska.eu\/wp-content\/uploads\/2025\/09\/MV601_BG_vac_FL.webp","type":"image\/webp"}],"twitter_card":"summary_large_image","twitter_misc":{"Timp estimat pentru citire":"1 minut"},"schema":{"@context":"https:\/\/schema.org","@graph":[{"@type":"WebPage","@id":"https:\/\/prochaska.eu\/ro\/produs\/billy-goat-aspirator-pentru-gazon-si-deseuri-mv601eu\/","url":"https:\/\/prochaska.eu\/ro\/produs\/billy-goat-aspirator-pentru-gazon-si-deseuri-mv601eu\/","name":"Billy Goat \u2013 Aspirator pentru gazon \u0219i de\u0219euri \u2013 MV601EU - Prochaska","isPartOf":{"@id":"https:\/\/prochaska.eu\/ro\/#website"},"primaryImageOfPage":{"@id":"https:\/\/prochaska.eu\/ro\/produs\/billy-goat-aspirator-pentru-gazon-si-deseuri-mv601eu\/#primaryimage"},"image":{"@id":"https:\/\/prochaska.eu\/ro\/produs\/billy-goat-aspirator-pentru-gazon-si-deseuri-mv601eu\/#primaryimage"},"thumbnailUrl":"https:\/\/prochaska.eu\/wp-content\/uploads\/2025\/09\/MV601_BG_vac_FL.webp","datePublished":"2025-09-24T12:54:02+00:00","dateModified":"2025-10-01T09:24:26+00:00","description":"Aspirator puternic pentru gazon \u0219i de\u0219euri, cu l\u0103\u021bime de lucru de 74 cm, roat\u0103 de suflant\u0103 cu 6 pale \u0219i motor Briggs & Stratton. Ideal pentru frunze, murd\u0103rie \u0219i suprafe\u021be mari.","breadcrumb":{"@id":"https:\/\/prochaska.eu\/ro\/produs\/billy-goat-aspirator-pentru-gazon-si-deseuri-mv601eu\/#breadcrumb"},"inLanguage":"ro-RO","potentialAction":[{"@type":"ReadAction","target":["https:\/\/prochaska.eu\/ro\/produs\/billy-goat-aspirator-pentru-gazon-si-deseuri-mv601eu\/"]}]},{"@type":"ImageObject","inLanguage":"ro-RO","@id":"https:\/\/prochaska.eu\/ro\/produs\/billy-goat-aspirator-pentru-gazon-si-deseuri-mv601eu\/#primaryimage","url":"https:\/\/prochaska.eu\/wp-content\/uploads\/2025\/09\/MV601_BG_vac_FL.webp","contentUrl":"https:\/\/prochaska.eu\/wp-content\/uploads\/2025\/09\/MV601_BG_vac_FL.webp","width":480,"height":475},{"@type":"BreadcrumbList","@id":"https:\/\/prochaska.eu\/ro\/produs\/billy-goat-aspirator-pentru-gazon-si-deseuri-mv601eu\/#breadcrumb","itemListElement":[{"@type":"ListItem","position":1,"name":"Home","item":"https:\/\/prochaska.eu\/ro\/"},{"@type":"ListItem","position":2,"name":"Shop","item":"https:\/\/prochaska.eu\/ro\/shop\/"},{"@type":"ListItem","position":3,"name":"Billy Goat \u2013 Aspirator pentru gazon \u0219i de\u0219euri \u2013 MV601EU"}]},{"@type":"WebSite","@id":"https:\/\/prochaska.eu\/ro\/#website","url":"https:\/\/prochaska.eu\/ro\/","name":"Prochaska","description":"Spezialist f\u00fcr Pflege von Gr\u00fcnfl\u00e4chen","publisher":{"@id":"https:\/\/prochaska.eu\/ro\/#organization"},"potentialAction":[{"@type":"SearchAction","target":{"@type":"EntryPoint","urlTemplate":"https:\/\/prochaska.eu\/ro\/?s={search_term_string}"},"query-input":{"@type":"PropertyValueSpecification","valueRequired":true,"valueName":"search_term_string"}}],"inLanguage":"ro-RO"},{"@type":"Organization","@id":"https:\/\/prochaska.eu\/ro\/#organization","name":"Prochaska","url":"https:\/\/prochaska.eu\/ro\/","logo":{"@type":"ImageObject","inLanguage":"ro-RO","@id":"https:\/\/prochaska.eu\/ro\/#\/schema\/logo\/image\/","url":"https:\/\/prochaska.eu\/wp-content\/uploads\/2024\/04\/Prochaska_Logo_Black-1.png","contentUrl":"https:\/\/prochaska.eu\/wp-content\/uploads\/2024\/04\/Prochaska_Logo_Black-1.png","width":796,"height":236,"caption":"Prochaska"},"image":{"@id":"https:\/\/prochaska.eu\/ro\/#\/schema\/logo\/image\/"},"sameAs":["https:\/\/www.facebook.com\/prochaska.eu\/","https:\/\/www.instagram.com\/prochaska.eu\/","https:\/\/www.linkedin.com\/company\/prochaska-handels-gmbh"]}]}},"brands":[{"id":3084,"name":"Billy Goat","slug":"billy-goat-ro"}],"_links":{"self":[{"href":"https:\/\/prochaska.eu\/ro\/wp-json\/wp\/v2\/product\/31711","targetHints":{"allow":["GET"]}}],"collection":[{"href":"https:\/\/prochaska.eu\/ro\/wp-json\/wp\/v2\/product"}],"about":[{"href":"https:\/\/prochaska.eu\/ro\/wp-json\/wp\/v2\/types\/product"}],"version-history":[{"count":1,"href":"https:\/\/prochaska.eu\/ro\/wp-json\/wp\/v2\/product\/31711\/revisions"}],"predecessor-version":[{"id":31821,"href":"https:\/\/prochaska.eu\/ro\/wp-json\/wp\/v2\/product\/31711\/revisions\/31821"}],"wp:featuredmedia":[{"embeddable":true,"href":"https:\/\/prochaska.eu\/ro\/wp-json\/wp\/v2\/media\/31547"}],"wp:attachment":[{"href":"https:\/\/prochaska.eu\/ro\/wp-json\/wp\/v2\/media?parent=31711"}],"wp:term":[{"taxonomy":"pwb-brand","embeddable":true,"href":"https:\/\/prochaska.eu\/ro\/wp-json\/wp\/v2\/pwb-brand?post=31711"},{"taxonomy":"product_brand","embeddable":true,"href":"https:\/\/prochaska.eu\/ro\/wp-json\/wp\/v2\/product_brand?post=31711"},{"taxonomy":"product_cat","embeddable":true,"href":"https:\/\/prochaska.eu\/ro\/wp-json\/wp\/v2\/product_cat?post=31711"},{"taxonomy":"product_tag","embeddable":true,"href":"https:\/\/prochaska.eu\/ro\/wp-json\/wp\/v2\/product_tag?post=31711"}],"curies":[{"name":"wp","href":"https:\/\/api.w.org\/{rel}","templated":true}]}}