{"id":31738,"date":"2025-09-24T11:35:03","date_gmt":"2025-09-24T11:35:03","guid":{"rendered":"https:\/\/prochaska.eu\/produkt\/billy-goat-aerator-plugr25-cu-actionare-hidraulica-pl2501sph-pl2501spv\/"},"modified":"2025-09-24T11:35:03","modified_gmt":"2025-09-24T11:35:03","slug":"billy-goat-aerator-plugr25-cu-actionare-hidraulica-pl2501sph-pl2501spv","status":"publish","type":"product","link":"https:\/\/prochaska.eu\/ro\/produs\/billy-goat-aerator-plugr25-cu-actionare-hidraulica-pl2501sph-pl2501spv\/","title":{"rendered":"Billy Goat &#8211; Aerator PLUGR\u00ae25 cu ac\u021bionare hidraulic\u0103 &#8211; PL2501SPH \/ PL2501SPV"},"content":{"rendered":"<p>Aeratorul <strong data-start=\"300\" data-end=\"322\">PLUGR\u00ae25 PL2501SPH\/PL2501SPV <\/strong>cu l\u0103\u021bimea de 25 inch\/64 cm de la Billy Goat impresioneaz\u0103 prin ac\u021bionarea sa hidraulic\u0103, productivitatea ridicat\u0103 de p\u00e2n\u0103 la 4.000 m\u00b2 pe or\u0103 \u0219i o ad\u00e2ncime de lucru de p\u00e2n\u0103 la 7 cm. Datorit\u0103 <g id=\"gid_1\">sistemului de din\u021bi EZ Drop\u2122<\/g>, a densit\u0103\u021bii variabile de aerare (VAD\u2122) \u0219i a comenzilor intuitive &#8222;in-ground&#8221;, acesta ofer\u0103 o manevrabilitate, o ergonomie \u0219i o u\u0219urin\u021b\u0103 de utilizare remarcabile. Rezervorul cu greutate de ap\u0103 asigur\u0103 o trac\u021biune optim\u0103, \u00een timp ce acoperi\u0219ul poate fi deschis f\u0103r\u0103 unelte pentru o \u00eentre\u021binere u\u0219oar\u0103.  <\/p>\n<p>PL2501SPH Motor: Honda 196cc<br \/>\nPL2501SPV Motor: Vanguard 203cc<\/p>\n<h2 style=\"text-align: left;\">Avantajele produsului<\/h2>\n<ul>\n<li data-start=\"911\" data-end=\"965\">Din\u021bi ac\u021biona\u021bi cu came cu o ad\u00e2ncime de prindere de p\u00e2n\u0103 la 7 cm<\/li>\n<li data-start=\"966\" data-end=\"1040\">Densitate de aerisire variabil\u0103 (VAD\u2122) &#8211; p\u00e2n\u0103 la 10\u00d7 mai multe g\u0103uri pe pist\u0103<\/li>\n<li data-start=\"1041\" data-end=\"1107\">Ambreiaj pentru din\u021bi EZ Drop\u2122 pentru cuplare rapid\u0103 de la m\u00e2ner<\/li>\n<li data-start=\"1108\" data-end=\"1177\">Pedal\u0103 EZ Lift\u2122 pentru ridicarea u\u0219oar\u0103 a din\u021bilor \u00een timpul transportului<\/li>\n<li data-start=\"1178\" data-end=\"1247\">Ac\u021bionare hidrostatic\u0103 cu vitez\u0103 variabil\u0103 \u0219i mar\u0219arier<\/li>\n<li data-start=\"1248\" data-end=\"1308\">Rezervor de greutate a apei (18 litri) pentru ad\u00e2ncime \u0219i trac\u021biune mai bune<\/li>\n<li data-start=\"1309\" data-end=\"1366\">Capota poate fi deschis\u0103 f\u0103r\u0103 unelte pentru o \u00eentre\u021binere u\u0219oar\u0103<\/li>\n<li data-start=\"1367\" data-end=\"1422\">\u0218ase din\u021bi cu pere\u021bi sub\u021biri c\u0103li\u021bi, u\u0219or \u00eenlocuibili<\/li>\n<\/ul>\n<h2>Accesorii op\u021bionale<\/h2>\n<ul data-start=\"1452\" data-end=\"1678\">\n<li data-start=\"1452\" data-end=\"1494\">Din\u021bi de schimb PL (3\/8&#8243; solid) &#8211; 381151<\/li>\n<li data-start=\"1495\" data-end=\"1537\">Din\u021bi de schimb PL (7\/8&#8243; solid) &#8211; 381149<\/li>\n<li data-start=\"1538\" data-end=\"1578\">\u021aeav\u0103 de schimb PL (3\/8&#8243; goal\u0103) &#8211; 331150<\/li>\n<li data-start=\"1579\" data-end=\"1619\">Din\u021bi de \u00eenlocuire PL (5\/8&#8243; goi) &#8211; 381057<\/li>\n<li data-start=\"1620\" data-end=\"1678\">Din\u021bi de \u00eenlocuire PL (Zoysia Transfer, 44 mm goal\u0103) &#8211; 381152<\/li>\n<\/ul>\n","protected":false},"excerpt":{"rendered":"<p>Aeratorul de 25 inch\/64 cm l\u0103\u021bime PL2501SPH\/PL2501SPV de la Billy Goat cu ac\u021bionare hidraulic\u0103 proceseaz\u0103 p\u00e2n\u0103 la 4.000 m\u00b2 pe or\u0103 \u0219i ofer\u0103 un nivel ridicat de confort \u00een exploatare datorit\u0103 sistemului de din\u021bi EZ Drop\u2122 \u0219i controlului &#8222;\u00een sol&#8221;.<\/p>\n","protected":false},"featured_media":31550,"template":"","meta":[],"pwb-brand":[3084],"product_brand":[3257],"product_cat":[1068,1533,1535,1167],"product_tag":[1529],"class_list":{"0":"post-31738","1":"product","2":"type-product","3":"status-publish","4":"has-post-thumbnail","6":"pwb-brand-billy-goat-ro","7":"product_brand-billy-goat","8":"product_cat-nou","9":"product_cat-pregatirea-solului","10":"product_cat-pregatirea-solului-ro","11":"product_cat-scarificator-aerator-si-dispozitiv-de-indepartare-a-frunzelor","12":"product_tag-billy-goat-ro","14":"first","15":"instock","16":"taxable","17":"shipping-taxable","18":"purchasable","19":"product-type-simple"},"yoast_head":"<!-- This site is optimized with the Yoast SEO plugin v27.2 - https:\/\/yoast.com\/product\/yoast-seo-wordpress\/ -->\n<title>Billy Goat - Aerator PLUGR\u00ae25 cu ac\u021bionare hidraulic\u0103 - PL2501SPH \/ PL2501SPV - Prochaska<\/title>\n<meta name=\"description\" content=\"Aerator puternic cu l\u0103\u021bime de lucru de 64 cm, ac\u021bionare hidraulic\u0103 \u0219i sistem de din\u021bi EZ Drop\u2122. P\u00e2n\u0103 la 4.000 m\u00b2\/h, propulsat de un motor Honda.\" \/>\n<meta name=\"robots\" content=\"index, follow, max-snippet:-1, max-image-preview:large, max-video-preview:-1\" \/>\n<link rel=\"canonical\" href=\"https:\/\/prochaska.eu\/ro\/produs\/billy-goat-aerator-plugr25-cu-actionare-hidraulica-pl2501sph-pl2501spv\/\" \/>\n<meta property=\"og:locale\" content=\"ro_RO\" \/>\n<meta property=\"og:type\" content=\"article\" \/>\n<meta property=\"og:title\" content=\"Billy Goat - Aerator PLUGR\u00ae25 cu ac\u021bionare hidraulic\u0103 - PL2501SPH \/ PL2501SPV - Prochaska\" \/>\n<meta property=\"og:description\" content=\"Aerator puternic cu l\u0103\u021bime de lucru de 64 cm, ac\u021bionare hidraulic\u0103 \u0219i sistem de din\u021bi EZ Drop\u2122. P\u00e2n\u0103 la 4.000 m\u00b2\/h, propulsat de un motor Honda.\" \/>\n<meta property=\"og:url\" content=\"https:\/\/prochaska.eu\/ro\/produs\/billy-goat-aerator-plugr25-cu-actionare-hidraulica-pl2501sph-pl2501spv\/\" \/>\n<meta property=\"og:site_name\" content=\"Prochaska\" \/>\n<meta property=\"article:publisher\" content=\"https:\/\/www.facebook.com\/prochaska.eu\/\" \/>\n<meta property=\"og:image\" content=\"https:\/\/prochaska.eu\/wp-content\/uploads\/2025\/09\/original.webp\" \/>\n\t<meta property=\"og:image:width\" content=\"1024\" \/>\n\t<meta property=\"og:image:height\" content=\"1024\" \/>\n\t<meta property=\"og:image:type\" content=\"image\/webp\" \/>\n<meta name=\"twitter:card\" content=\"summary_large_image\" \/>\n<meta name=\"twitter:label1\" content=\"Timp estimat pentru citire\" \/>\n\t<meta name=\"twitter:data1\" content=\"1 minut\" \/>\n<script type=\"application\/ld+json\" class=\"yoast-schema-graph\">{\"@context\":\"https:\/\/schema.org\",\"@graph\":[{\"@type\":\"WebPage\",\"@id\":\"https:\/\/prochaska.eu\/ro\/produs\/billy-goat-aerator-plugr25-cu-actionare-hidraulica-pl2501sph-pl2501spv\/\",\"url\":\"https:\/\/prochaska.eu\/ro\/produs\/billy-goat-aerator-plugr25-cu-actionare-hidraulica-pl2501sph-pl2501spv\/\",\"name\":\"Billy Goat - Aerator PLUGR\u00ae25 cu ac\u021bionare hidraulic\u0103 - PL2501SPH \/ PL2501SPV - Prochaska\",\"isPartOf\":{\"@id\":\"https:\/\/prochaska.eu\/ro\/#website\"},\"primaryImageOfPage\":{\"@id\":\"https:\/\/prochaska.eu\/ro\/produs\/billy-goat-aerator-plugr25-cu-actionare-hidraulica-pl2501sph-pl2501spv\/#primaryimage\"},\"image\":{\"@id\":\"https:\/\/prochaska.eu\/ro\/produs\/billy-goat-aerator-plugr25-cu-actionare-hidraulica-pl2501sph-pl2501spv\/#primaryimage\"},\"thumbnailUrl\":\"https:\/\/prochaska.eu\/wp-content\/uploads\/2025\/09\/original.webp\",\"datePublished\":\"2025-09-24T11:35:03+00:00\",\"description\":\"Aerator puternic cu l\u0103\u021bime de lucru de 64 cm, ac\u021bionare hidraulic\u0103 \u0219i sistem de din\u021bi EZ Drop\u2122. P\u00e2n\u0103 la 4.000 m\u00b2\/h, propulsat de un motor Honda.\",\"breadcrumb\":{\"@id\":\"https:\/\/prochaska.eu\/ro\/produs\/billy-goat-aerator-plugr25-cu-actionare-hidraulica-pl2501sph-pl2501spv\/#breadcrumb\"},\"inLanguage\":\"ro-RO\",\"potentialAction\":[{\"@type\":\"ReadAction\",\"target\":[\"https:\/\/prochaska.eu\/ro\/produs\/billy-goat-aerator-plugr25-cu-actionare-hidraulica-pl2501sph-pl2501spv\/\"]}]},{\"@type\":\"ImageObject\",\"inLanguage\":\"ro-RO\",\"@id\":\"https:\/\/prochaska.eu\/ro\/produs\/billy-goat-aerator-plugr25-cu-actionare-hidraulica-pl2501sph-pl2501spv\/#primaryimage\",\"url\":\"https:\/\/prochaska.eu\/wp-content\/uploads\/2025\/09\/original.webp\",\"contentUrl\":\"https:\/\/prochaska.eu\/wp-content\/uploads\/2025\/09\/original.webp\",\"width\":1024,\"height\":1024},{\"@type\":\"BreadcrumbList\",\"@id\":\"https:\/\/prochaska.eu\/ro\/produs\/billy-goat-aerator-plugr25-cu-actionare-hidraulica-pl2501sph-pl2501spv\/#breadcrumb\",\"itemListElement\":[{\"@type\":\"ListItem\",\"position\":1,\"name\":\"Home\",\"item\":\"https:\/\/prochaska.eu\/ro\/\"},{\"@type\":\"ListItem\",\"position\":2,\"name\":\"Shop\",\"item\":\"https:\/\/prochaska.eu\/ro\/shop\/\"},{\"@type\":\"ListItem\",\"position\":3,\"name\":\"Billy Goat &#8211; Aerator PLUGR\u00ae25 cu ac\u021bionare hidraulic\u0103 &#8211; PL2501SPH \/ PL2501SPV\"}]},{\"@type\":\"WebSite\",\"@id\":\"https:\/\/prochaska.eu\/ro\/#website\",\"url\":\"https:\/\/prochaska.eu\/ro\/\",\"name\":\"Prochaska\",\"description\":\"Spezialist f\u00fcr Pflege von Gr\u00fcnfl\u00e4chen\",\"publisher\":{\"@id\":\"https:\/\/prochaska.eu\/ro\/#organization\"},\"potentialAction\":[{\"@type\":\"SearchAction\",\"target\":{\"@type\":\"EntryPoint\",\"urlTemplate\":\"https:\/\/prochaska.eu\/ro\/?s={search_term_string}\"},\"query-input\":{\"@type\":\"PropertyValueSpecification\",\"valueRequired\":true,\"valueName\":\"search_term_string\"}}],\"inLanguage\":\"ro-RO\"},{\"@type\":\"Organization\",\"@id\":\"https:\/\/prochaska.eu\/ro\/#organization\",\"name\":\"Prochaska\",\"url\":\"https:\/\/prochaska.eu\/ro\/\",\"logo\":{\"@type\":\"ImageObject\",\"inLanguage\":\"ro-RO\",\"@id\":\"https:\/\/prochaska.eu\/ro\/#\/schema\/logo\/image\/\",\"url\":\"https:\/\/prochaska.eu\/wp-content\/uploads\/2024\/04\/Prochaska_Logo_Black-1.png\",\"contentUrl\":\"https:\/\/prochaska.eu\/wp-content\/uploads\/2024\/04\/Prochaska_Logo_Black-1.png\",\"width\":796,\"height\":236,\"caption\":\"Prochaska\"},\"image\":{\"@id\":\"https:\/\/prochaska.eu\/ro\/#\/schema\/logo\/image\/\"},\"sameAs\":[\"https:\/\/www.facebook.com\/prochaska.eu\/\",\"https:\/\/www.instagram.com\/prochaska.eu\/\",\"https:\/\/www.linkedin.com\/company\/prochaska-handels-gmbh\"]}]}<\/script>\n<!-- \/ Yoast SEO plugin. -->","yoast_head_json":{"title":"Billy Goat - Aerator PLUGR\u00ae25 cu ac\u021bionare hidraulic\u0103 - PL2501SPH \/ PL2501SPV - Prochaska","description":"Aerator puternic cu l\u0103\u021bime de lucru de 64 cm, ac\u021bionare hidraulic\u0103 \u0219i sistem de din\u021bi EZ Drop\u2122. P\u00e2n\u0103 la 4.000 m\u00b2\/h, propulsat de un motor Honda.","robots":{"index":"index","follow":"follow","max-snippet":"max-snippet:-1","max-image-preview":"max-image-preview:large","max-video-preview":"max-video-preview:-1"},"canonical":"https:\/\/prochaska.eu\/ro\/produs\/billy-goat-aerator-plugr25-cu-actionare-hidraulica-pl2501sph-pl2501spv\/","og_locale":"ro_RO","og_type":"article","og_title":"Billy Goat - Aerator PLUGR\u00ae25 cu ac\u021bionare hidraulic\u0103 - PL2501SPH \/ PL2501SPV - Prochaska","og_description":"Aerator puternic cu l\u0103\u021bime de lucru de 64 cm, ac\u021bionare hidraulic\u0103 \u0219i sistem de din\u021bi EZ Drop\u2122. P\u00e2n\u0103 la 4.000 m\u00b2\/h, propulsat de un motor Honda.","og_url":"https:\/\/prochaska.eu\/ro\/produs\/billy-goat-aerator-plugr25-cu-actionare-hidraulica-pl2501sph-pl2501spv\/","og_site_name":"Prochaska","article_publisher":"https:\/\/www.facebook.com\/prochaska.eu\/","og_image":[{"width":1024,"height":1024,"url":"https:\/\/prochaska.eu\/wp-content\/uploads\/2025\/09\/original.webp","type":"image\/webp"}],"twitter_card":"summary_large_image","twitter_misc":{"Timp estimat pentru citire":"1 minut"},"schema":{"@context":"https:\/\/schema.org","@graph":[{"@type":"WebPage","@id":"https:\/\/prochaska.eu\/ro\/produs\/billy-goat-aerator-plugr25-cu-actionare-hidraulica-pl2501sph-pl2501spv\/","url":"https:\/\/prochaska.eu\/ro\/produs\/billy-goat-aerator-plugr25-cu-actionare-hidraulica-pl2501sph-pl2501spv\/","name":"Billy Goat - Aerator PLUGR\u00ae25 cu ac\u021bionare hidraulic\u0103 - PL2501SPH \/ PL2501SPV - Prochaska","isPartOf":{"@id":"https:\/\/prochaska.eu\/ro\/#website"},"primaryImageOfPage":{"@id":"https:\/\/prochaska.eu\/ro\/produs\/billy-goat-aerator-plugr25-cu-actionare-hidraulica-pl2501sph-pl2501spv\/#primaryimage"},"image":{"@id":"https:\/\/prochaska.eu\/ro\/produs\/billy-goat-aerator-plugr25-cu-actionare-hidraulica-pl2501sph-pl2501spv\/#primaryimage"},"thumbnailUrl":"https:\/\/prochaska.eu\/wp-content\/uploads\/2025\/09\/original.webp","datePublished":"2025-09-24T11:35:03+00:00","description":"Aerator puternic cu l\u0103\u021bime de lucru de 64 cm, ac\u021bionare hidraulic\u0103 \u0219i sistem de din\u021bi EZ Drop\u2122. P\u00e2n\u0103 la 4.000 m\u00b2\/h, propulsat de un motor Honda.","breadcrumb":{"@id":"https:\/\/prochaska.eu\/ro\/produs\/billy-goat-aerator-plugr25-cu-actionare-hidraulica-pl2501sph-pl2501spv\/#breadcrumb"},"inLanguage":"ro-RO","potentialAction":[{"@type":"ReadAction","target":["https:\/\/prochaska.eu\/ro\/produs\/billy-goat-aerator-plugr25-cu-actionare-hidraulica-pl2501sph-pl2501spv\/"]}]},{"@type":"ImageObject","inLanguage":"ro-RO","@id":"https:\/\/prochaska.eu\/ro\/produs\/billy-goat-aerator-plugr25-cu-actionare-hidraulica-pl2501sph-pl2501spv\/#primaryimage","url":"https:\/\/prochaska.eu\/wp-content\/uploads\/2025\/09\/original.webp","contentUrl":"https:\/\/prochaska.eu\/wp-content\/uploads\/2025\/09\/original.webp","width":1024,"height":1024},{"@type":"BreadcrumbList","@id":"https:\/\/prochaska.eu\/ro\/produs\/billy-goat-aerator-plugr25-cu-actionare-hidraulica-pl2501sph-pl2501spv\/#breadcrumb","itemListElement":[{"@type":"ListItem","position":1,"name":"Home","item":"https:\/\/prochaska.eu\/ro\/"},{"@type":"ListItem","position":2,"name":"Shop","item":"https:\/\/prochaska.eu\/ro\/shop\/"},{"@type":"ListItem","position":3,"name":"Billy Goat &#8211; Aerator PLUGR\u00ae25 cu ac\u021bionare hidraulic\u0103 &#8211; PL2501SPH \/ PL2501SPV"}]},{"@type":"WebSite","@id":"https:\/\/prochaska.eu\/ro\/#website","url":"https:\/\/prochaska.eu\/ro\/","name":"Prochaska","description":"Spezialist f\u00fcr Pflege von Gr\u00fcnfl\u00e4chen","publisher":{"@id":"https:\/\/prochaska.eu\/ro\/#organization"},"potentialAction":[{"@type":"SearchAction","target":{"@type":"EntryPoint","urlTemplate":"https:\/\/prochaska.eu\/ro\/?s={search_term_string}"},"query-input":{"@type":"PropertyValueSpecification","valueRequired":true,"valueName":"search_term_string"}}],"inLanguage":"ro-RO"},{"@type":"Organization","@id":"https:\/\/prochaska.eu\/ro\/#organization","name":"Prochaska","url":"https:\/\/prochaska.eu\/ro\/","logo":{"@type":"ImageObject","inLanguage":"ro-RO","@id":"https:\/\/prochaska.eu\/ro\/#\/schema\/logo\/image\/","url":"https:\/\/prochaska.eu\/wp-content\/uploads\/2024\/04\/Prochaska_Logo_Black-1.png","contentUrl":"https:\/\/prochaska.eu\/wp-content\/uploads\/2024\/04\/Prochaska_Logo_Black-1.png","width":796,"height":236,"caption":"Prochaska"},"image":{"@id":"https:\/\/prochaska.eu\/ro\/#\/schema\/logo\/image\/"},"sameAs":["https:\/\/www.facebook.com\/prochaska.eu\/","https:\/\/www.instagram.com\/prochaska.eu\/","https:\/\/www.linkedin.com\/company\/prochaska-handels-gmbh"]}]}},"brands":[{"id":3084,"name":"Billy Goat","slug":"billy-goat-ro"}],"_links":{"self":[{"href":"https:\/\/prochaska.eu\/ro\/wp-json\/wp\/v2\/product\/31738","targetHints":{"allow":["GET"]}}],"collection":[{"href":"https:\/\/prochaska.eu\/ro\/wp-json\/wp\/v2\/product"}],"about":[{"href":"https:\/\/prochaska.eu\/ro\/wp-json\/wp\/v2\/types\/product"}],"version-history":[{"count":0,"href":"https:\/\/prochaska.eu\/ro\/wp-json\/wp\/v2\/product\/31738\/revisions"}],"wp:featuredmedia":[{"embeddable":true,"href":"https:\/\/prochaska.eu\/ro\/wp-json\/wp\/v2\/media\/31550"}],"wp:attachment":[{"href":"https:\/\/prochaska.eu\/ro\/wp-json\/wp\/v2\/media?parent=31738"}],"wp:term":[{"taxonomy":"pwb-brand","embeddable":true,"href":"https:\/\/prochaska.eu\/ro\/wp-json\/wp\/v2\/pwb-brand?post=31738"},{"taxonomy":"product_brand","embeddable":true,"href":"https:\/\/prochaska.eu\/ro\/wp-json\/wp\/v2\/product_brand?post=31738"},{"taxonomy":"product_cat","embeddable":true,"href":"https:\/\/prochaska.eu\/ro\/wp-json\/wp\/v2\/product_cat?post=31738"},{"taxonomy":"product_tag","embeddable":true,"href":"https:\/\/prochaska.eu\/ro\/wp-json\/wp\/v2\/product_tag?post=31738"}],"curies":[{"name":"wp","href":"https:\/\/api.w.org\/{rel}","templated":true}]}}