{"id":31800,"date":"2025-10-01T08:07:13","date_gmt":"2025-10-01T08:07:13","guid":{"rendered":"https:\/\/prochaska.eu\/?post_type=product&#038;p=31800"},"modified":"2026-03-09T10:38:15","modified_gmt":"2026-03-09T10:38:15","slug":"toro-greensmaster-3250-d","status":"publish","type":"product","link":"https:\/\/prochaska.eu\/ro\/produs\/toro-greensmaster-3250-d\/","title":{"rendered":"Toro Greensmaster 3250-D"},"content":{"rendered":"<h1>TORO Greenmaster 3250-D gebraucht<\/h1>\n<p>Der <strong>TORO Greenmaster 3250-D<\/strong> ist ein zuverl\u00e4ssiger und gepflegter Gr\u00fcnfl\u00e4chenm\u00e4her aus dem Baujahr 2001 mit einem kraftvollen <strong>23 PS Kubota 3-Zylinder Diesel-Motor<\/strong>. Mit einer <strong>Schnittbreite von 150 cm<\/strong> und <strong>8-Blatt Schneideinheiten<\/strong> bietet er pr\u00e4zise Schnittergebnisse. Die Maschine wurde serviciert, die Schneideinheiten frisch geschliffen und ist mit <strong>Wiehle-Rollen vorne<\/strong> sowie <strong>Rollenabstreifern hinten<\/strong> ausgestattet. Mit <strong>5.311 Betriebsstunden<\/strong> befindet sich der M\u00e4her in einem <strong>guten Zustand (Klasse 2)<\/strong> und ist sofort einsatzbereit.<\/p>\n<h2>Technische Daten<\/h2>\n<div class=\"flex-1 xl:max-w-[50%]\">\n<div class=\"mt-2\">\n<table class=\"table-fixed mt-2.5 w-full\" style=\"height: 362px;\" width=\"498\">\n<tbody>\n<tr class=\"even:bg-gray-50 odd:bg-white hover:bg-gray-100 dark:odd:bg-git-el-100 dark:even:bg-git-bg-100 dark:hover:bg-git-text-100 dark:hover:text-git-bg-100 dark:text-git-text-100 group truncate\">\n<th class=\"sm:whitespace-nowrap border-r border-hgMenu-300 pr-4 pt-1 text-left border-b border-hgMenu-300\">\n<p class=\"pl-1 text-ellipsis whitespace-nowrap overflow-hidden\" title=\"PS \/ kW\">PS \/ kW<\/p>\n<\/th>\n<td class=\"px-2 pb-1 truncate border-b border-hgMenu-300\">23 \/ 17<\/td>\n<\/tr>\n<tr class=\"even:bg-gray-50 odd:bg-white hover:bg-gray-100 dark:odd:bg-git-el-100 dark:even:bg-git-bg-100 dark:hover:bg-git-text-100 dark:hover:text-git-bg-100 dark:text-git-text-100 group truncate\">\n<th class=\"sm:whitespace-nowrap border-r border-hgMenu-300 pr-4 pt-1 text-left border-b border-hgMenu-300\">\n<p class=\"pl-1 text-ellipsis whitespace-nowrap overflow-hidden\" title=\"Baujahr\">Baujahr<\/p>\n<\/th>\n<td class=\"px-2 pb-1 truncate border-b border-hgMenu-300\">2001<\/td>\n<\/tr>\n<tr class=\"even:bg-gray-50 odd:bg-white hover:bg-gray-100 dark:odd:bg-git-el-100 dark:even:bg-git-bg-100 dark:hover:bg-git-text-100 dark:hover:text-git-bg-100 dark:text-git-text-100 group truncate\">\n<th class=\"sm:whitespace-nowrap border-r border-hgMenu-300 pr-4 pt-1 text-left border-b border-hgMenu-300\">\n<p class=\"pl-1 text-ellipsis whitespace-nowrap overflow-hidden\" title=\"Betriebsstunden\">Betriebsstunden<\/p>\n<\/th>\n<td class=\"px-2 pb-1 truncate border-b border-hgMenu-300\">5311<\/td>\n<\/tr>\n<tr class=\"even:bg-gray-50 odd:bg-white hover:bg-gray-100 dark:odd:bg-git-el-100 dark:even:bg-git-bg-100 dark:hover:bg-git-text-100 dark:hover:text-git-bg-100 dark:text-git-text-100 group truncate\">\n<th class=\"sm:whitespace-nowrap border-r border-hgMenu-300 pr-4 pt-1 text-left border-b border-hgMenu-300\">\n<p class=\"pl-1 text-ellipsis whitespace-nowrap overflow-hidden\" title=\"Breite\">Breite<\/p>\n<\/th>\n<td class=\"px-2 pb-1 truncate border-b border-hgMenu-300\">150<\/td>\n<\/tr>\n<tr class=\"even:bg-gray-50 odd:bg-white hover:bg-gray-100 dark:odd:bg-git-el-100 dark:even:bg-git-bg-100 dark:hover:bg-git-text-100 dark:hover:text-git-bg-100 dark:text-git-text-100 group truncate\">\n<th class=\"sm:whitespace-nowrap border-r border-hgMenu-300 pr-4 pt-1 text-left border-b border-hgMenu-300\">\n<p class=\"pl-1 text-ellipsis whitespace-nowrap overflow-hidden\" title=\"Interne Nummer\">Interne Nummer<\/p>\n<\/th>\n<td class=\"px-2 pb-1 truncate border-b border-hgMenu-300\">6249741<\/td>\n<\/tr>\n<tr class=\"even:bg-gray-50 odd:bg-white hover:bg-gray-100 dark:odd:bg-git-el-100 dark:even:bg-git-bg-100 dark:hover:bg-git-text-100 dark:hover:text-git-bg-100 dark:text-git-text-100 group truncate\">\n<th class=\"sm:whitespace-nowrap border-r border-hgMenu-300 pr-4 pt-1 text-left\">\n<p class=\"pl-1 text-ellipsis whitespace-nowrap overflow-hidden\" title=\"Zustand\">Zustand<\/p>\n<\/th>\n<td class=\"px-2 pb-1 truncate\"><span class=\"flex items-center relative cursor-pointer\">Gut (Klasse 2)<\/span><\/td>\n<\/tr>\n<\/tbody>\n<\/table>\n<p>&nbsp;<\/p>\n<\/div>\n<\/div>\n","protected":false},"excerpt":{"rendered":"<p>Gebrauchter TORO Greenmaster 3250-D (Baujahr 2001) mit 23 PS Kubota-Dieselmotor, 150 cm Schnittbreite und 8-Blatt Schneideinheiten. Serviciert, geschliffen und in gutem Zustand \u2013 sofort einsatzbereit.<\/p>\n","protected":false},"featured_media":31807,"template":"","meta":[],"pwb-brand":[1039],"product_brand":[3262],"product_cat":[3033,476],"product_tag":[],"class_list":{"0":"post-31800","1":"product","2":"type-product","3":"status-publish","4":"has-post-thumbnail","6":"pwb-brand-toro","7":"product_brand-toro","8":"product_cat-gebrauchtgeraete","9":"product_cat-golfmaschinen","11":"first","12":"instock","13":"taxable","14":"shipping-taxable","15":"product-type-simple"},"yoast_head":"<!-- This site is optimized with the Yoast SEO plugin v27.2 - https:\/\/yoast.com\/product\/yoast-seo-wordpress\/ -->\n<title>Toro Greensmaster 3250-D - Prochaska<\/title>\n<meta name=\"description\" content=\"Gebrauchter TORO Greenmaster 3250-D von 2001 mit 23 PS Diesel, 150 cm Schnittbreite, 5311 Std., frisch serviciert &amp; geschliffen. In gutem Zustand verf\u00fcgbar!\" \/>\n<meta name=\"robots\" content=\"index, follow, max-snippet:-1, max-image-preview:large, max-video-preview:-1\" \/>\n<link rel=\"canonical\" href=\"https:\/\/prochaska.eu\/ro\/produs\/toro-greensmaster-3250-d\/\" \/>\n<meta property=\"og:locale\" content=\"ro_RO\" \/>\n<meta property=\"og:type\" content=\"article\" \/>\n<meta property=\"og:title\" content=\"Toro Greensmaster 3250-D - Prochaska\" \/>\n<meta property=\"og:description\" content=\"Gebrauchter TORO Greenmaster 3250-D von 2001 mit 23 PS Diesel, 150 cm Schnittbreite, 5311 Std., frisch serviciert &amp; geschliffen. In gutem Zustand verf\u00fcgbar!\" \/>\n<meta property=\"og:url\" content=\"https:\/\/prochaska.eu\/ro\/produs\/toro-greensmaster-3250-d\/\" \/>\n<meta property=\"og:site_name\" content=\"Prochaska\" \/>\n<meta property=\"article:publisher\" content=\"https:\/\/www.facebook.com\/prochaska.eu\/\" \/>\n<meta property=\"article:modified_time\" content=\"2026-03-09T10:38:15+00:00\" \/>\n<meta property=\"og:image\" content=\"https:\/\/prochaska.eu\/wp-content\/uploads\/2025\/10\/Image-_9_-scaled.webp\" \/>\n\t<meta property=\"og:image:width\" content=\"1920\" \/>\n\t<meta property=\"og:image:height\" content=\"2560\" \/>\n\t<meta property=\"og:image:type\" content=\"image\/webp\" \/>\n<meta name=\"twitter:card\" content=\"summary_large_image\" \/>\n<meta name=\"twitter:label1\" content=\"Timp estimat pentru citire\" \/>\n\t<meta name=\"twitter:data1\" content=\"1 minut\" \/>\n<script type=\"application\/ld+json\" class=\"yoast-schema-graph\">{\"@context\":\"https:\/\/schema.org\",\"@graph\":[{\"@type\":\"WebPage\",\"@id\":\"https:\/\/prochaska.eu\/ro\/produs\/toro-greensmaster-3250-d\/\",\"url\":\"https:\/\/prochaska.eu\/ro\/produs\/toro-greensmaster-3250-d\/\",\"name\":\"Toro Greensmaster 3250-D - Prochaska\",\"isPartOf\":{\"@id\":\"https:\/\/prochaska.eu\/ro\/#website\"},\"primaryImageOfPage\":{\"@id\":\"https:\/\/prochaska.eu\/ro\/produs\/toro-greensmaster-3250-d\/#primaryimage\"},\"image\":{\"@id\":\"https:\/\/prochaska.eu\/ro\/produs\/toro-greensmaster-3250-d\/#primaryimage\"},\"thumbnailUrl\":\"https:\/\/prochaska.eu\/wp-content\/uploads\/2025\/10\/Image-_9_-scaled.webp\",\"datePublished\":\"2025-10-01T08:07:13+00:00\",\"dateModified\":\"2026-03-09T10:38:15+00:00\",\"description\":\"Gebrauchter TORO Greenmaster 3250-D von 2001 mit 23 PS Diesel, 150 cm Schnittbreite, 5311 Std., frisch serviciert & geschliffen. In gutem Zustand verf\u00fcgbar!\",\"breadcrumb\":{\"@id\":\"https:\/\/prochaska.eu\/ro\/produs\/toro-greensmaster-3250-d\/#breadcrumb\"},\"inLanguage\":\"ro-RO\",\"potentialAction\":[{\"@type\":\"ReadAction\",\"target\":[\"https:\/\/prochaska.eu\/ro\/produs\/toro-greensmaster-3250-d\/\"]}]},{\"@type\":\"ImageObject\",\"inLanguage\":\"ro-RO\",\"@id\":\"https:\/\/prochaska.eu\/ro\/produs\/toro-greensmaster-3250-d\/#primaryimage\",\"url\":\"https:\/\/prochaska.eu\/wp-content\/uploads\/2025\/10\/Image-_9_-scaled.webp\",\"contentUrl\":\"https:\/\/prochaska.eu\/wp-content\/uploads\/2025\/10\/Image-_9_-scaled.webp\",\"width\":1920,\"height\":2560,\"caption\":\"Greensmaster 3520-D\"},{\"@type\":\"BreadcrumbList\",\"@id\":\"https:\/\/prochaska.eu\/ro\/produs\/toro-greensmaster-3250-d\/#breadcrumb\",\"itemListElement\":[{\"@type\":\"ListItem\",\"position\":1,\"name\":\"Home\",\"item\":\"https:\/\/prochaska.eu\/ro\/\"},{\"@type\":\"ListItem\",\"position\":2,\"name\":\"Shop\",\"item\":\"https:\/\/prochaska.eu\/ro\/shop\/\"},{\"@type\":\"ListItem\",\"position\":3,\"name\":\"Toro Greensmaster 3250-D\"}]},{\"@type\":\"WebSite\",\"@id\":\"https:\/\/prochaska.eu\/ro\/#website\",\"url\":\"https:\/\/prochaska.eu\/ro\/\",\"name\":\"Prochaska\",\"description\":\"Spezialist f\u00fcr Pflege von Gr\u00fcnfl\u00e4chen\",\"publisher\":{\"@id\":\"https:\/\/prochaska.eu\/ro\/#organization\"},\"potentialAction\":[{\"@type\":\"SearchAction\",\"target\":{\"@type\":\"EntryPoint\",\"urlTemplate\":\"https:\/\/prochaska.eu\/ro\/?s={search_term_string}\"},\"query-input\":{\"@type\":\"PropertyValueSpecification\",\"valueRequired\":true,\"valueName\":\"search_term_string\"}}],\"inLanguage\":\"ro-RO\"},{\"@type\":\"Organization\",\"@id\":\"https:\/\/prochaska.eu\/ro\/#organization\",\"name\":\"Prochaska\",\"url\":\"https:\/\/prochaska.eu\/ro\/\",\"logo\":{\"@type\":\"ImageObject\",\"inLanguage\":\"ro-RO\",\"@id\":\"https:\/\/prochaska.eu\/ro\/#\/schema\/logo\/image\/\",\"url\":\"https:\/\/prochaska.eu\/wp-content\/uploads\/2024\/04\/Prochaska_Logo_Black-1.png\",\"contentUrl\":\"https:\/\/prochaska.eu\/wp-content\/uploads\/2024\/04\/Prochaska_Logo_Black-1.png\",\"width\":796,\"height\":236,\"caption\":\"Prochaska\"},\"image\":{\"@id\":\"https:\/\/prochaska.eu\/ro\/#\/schema\/logo\/image\/\"},\"sameAs\":[\"https:\/\/www.facebook.com\/prochaska.eu\/\",\"https:\/\/www.instagram.com\/prochaska.eu\/\",\"https:\/\/www.linkedin.com\/company\/prochaska-handels-gmbh\"]}]}<\/script>\n<!-- \/ Yoast SEO plugin. -->","yoast_head_json":{"title":"Toro Greensmaster 3250-D - Prochaska","description":"Gebrauchter TORO Greenmaster 3250-D von 2001 mit 23 PS Diesel, 150 cm Schnittbreite, 5311 Std., frisch serviciert & geschliffen. In gutem Zustand verf\u00fcgbar!","robots":{"index":"index","follow":"follow","max-snippet":"max-snippet:-1","max-image-preview":"max-image-preview:large","max-video-preview":"max-video-preview:-1"},"canonical":"https:\/\/prochaska.eu\/ro\/produs\/toro-greensmaster-3250-d\/","og_locale":"ro_RO","og_type":"article","og_title":"Toro Greensmaster 3250-D - Prochaska","og_description":"Gebrauchter TORO Greenmaster 3250-D von 2001 mit 23 PS Diesel, 150 cm Schnittbreite, 5311 Std., frisch serviciert & geschliffen. In gutem Zustand verf\u00fcgbar!","og_url":"https:\/\/prochaska.eu\/ro\/produs\/toro-greensmaster-3250-d\/","og_site_name":"Prochaska","article_publisher":"https:\/\/www.facebook.com\/prochaska.eu\/","article_modified_time":"2026-03-09T10:38:15+00:00","og_image":[{"width":1920,"height":2560,"url":"https:\/\/prochaska.eu\/wp-content\/uploads\/2025\/10\/Image-_9_-scaled.webp","type":"image\/webp"}],"twitter_card":"summary_large_image","twitter_misc":{"Timp estimat pentru citire":"1 minut"},"schema":{"@context":"https:\/\/schema.org","@graph":[{"@type":"WebPage","@id":"https:\/\/prochaska.eu\/ro\/produs\/toro-greensmaster-3250-d\/","url":"https:\/\/prochaska.eu\/ro\/produs\/toro-greensmaster-3250-d\/","name":"Toro Greensmaster 3250-D - Prochaska","isPartOf":{"@id":"https:\/\/prochaska.eu\/ro\/#website"},"primaryImageOfPage":{"@id":"https:\/\/prochaska.eu\/ro\/produs\/toro-greensmaster-3250-d\/#primaryimage"},"image":{"@id":"https:\/\/prochaska.eu\/ro\/produs\/toro-greensmaster-3250-d\/#primaryimage"},"thumbnailUrl":"https:\/\/prochaska.eu\/wp-content\/uploads\/2025\/10\/Image-_9_-scaled.webp","datePublished":"2025-10-01T08:07:13+00:00","dateModified":"2026-03-09T10:38:15+00:00","description":"Gebrauchter TORO Greenmaster 3250-D von 2001 mit 23 PS Diesel, 150 cm Schnittbreite, 5311 Std., frisch serviciert & geschliffen. In gutem Zustand verf\u00fcgbar!","breadcrumb":{"@id":"https:\/\/prochaska.eu\/ro\/produs\/toro-greensmaster-3250-d\/#breadcrumb"},"inLanguage":"ro-RO","potentialAction":[{"@type":"ReadAction","target":["https:\/\/prochaska.eu\/ro\/produs\/toro-greensmaster-3250-d\/"]}]},{"@type":"ImageObject","inLanguage":"ro-RO","@id":"https:\/\/prochaska.eu\/ro\/produs\/toro-greensmaster-3250-d\/#primaryimage","url":"https:\/\/prochaska.eu\/wp-content\/uploads\/2025\/10\/Image-_9_-scaled.webp","contentUrl":"https:\/\/prochaska.eu\/wp-content\/uploads\/2025\/10\/Image-_9_-scaled.webp","width":1920,"height":2560,"caption":"Greensmaster 3520-D"},{"@type":"BreadcrumbList","@id":"https:\/\/prochaska.eu\/ro\/produs\/toro-greensmaster-3250-d\/#breadcrumb","itemListElement":[{"@type":"ListItem","position":1,"name":"Home","item":"https:\/\/prochaska.eu\/ro\/"},{"@type":"ListItem","position":2,"name":"Shop","item":"https:\/\/prochaska.eu\/ro\/shop\/"},{"@type":"ListItem","position":3,"name":"Toro Greensmaster 3250-D"}]},{"@type":"WebSite","@id":"https:\/\/prochaska.eu\/ro\/#website","url":"https:\/\/prochaska.eu\/ro\/","name":"Prochaska","description":"Spezialist f\u00fcr Pflege von Gr\u00fcnfl\u00e4chen","publisher":{"@id":"https:\/\/prochaska.eu\/ro\/#organization"},"potentialAction":[{"@type":"SearchAction","target":{"@type":"EntryPoint","urlTemplate":"https:\/\/prochaska.eu\/ro\/?s={search_term_string}"},"query-input":{"@type":"PropertyValueSpecification","valueRequired":true,"valueName":"search_term_string"}}],"inLanguage":"ro-RO"},{"@type":"Organization","@id":"https:\/\/prochaska.eu\/ro\/#organization","name":"Prochaska","url":"https:\/\/prochaska.eu\/ro\/","logo":{"@type":"ImageObject","inLanguage":"ro-RO","@id":"https:\/\/prochaska.eu\/ro\/#\/schema\/logo\/image\/","url":"https:\/\/prochaska.eu\/wp-content\/uploads\/2024\/04\/Prochaska_Logo_Black-1.png","contentUrl":"https:\/\/prochaska.eu\/wp-content\/uploads\/2024\/04\/Prochaska_Logo_Black-1.png","width":796,"height":236,"caption":"Prochaska"},"image":{"@id":"https:\/\/prochaska.eu\/ro\/#\/schema\/logo\/image\/"},"sameAs":["https:\/\/www.facebook.com\/prochaska.eu\/","https:\/\/www.instagram.com\/prochaska.eu\/","https:\/\/www.linkedin.com\/company\/prochaska-handels-gmbh"]}]}},"brands":[{"id":3073,"name":"Toro","slug":"toro-ro"}],"_links":{"self":[{"href":"https:\/\/prochaska.eu\/ro\/wp-json\/wp\/v2\/product\/31800","targetHints":{"allow":["GET"]}}],"collection":[{"href":"https:\/\/prochaska.eu\/ro\/wp-json\/wp\/v2\/product"}],"about":[{"href":"https:\/\/prochaska.eu\/ro\/wp-json\/wp\/v2\/types\/product"}],"version-history":[{"count":1,"href":"https:\/\/prochaska.eu\/ro\/wp-json\/wp\/v2\/product\/31800\/revisions"}],"predecessor-version":[{"id":31819,"href":"https:\/\/prochaska.eu\/ro\/wp-json\/wp\/v2\/product\/31800\/revisions\/31819"}],"wp:featuredmedia":[{"embeddable":true,"href":"https:\/\/prochaska.eu\/ro\/wp-json\/wp\/v2\/media\/31807"}],"wp:attachment":[{"href":"https:\/\/prochaska.eu\/ro\/wp-json\/wp\/v2\/media?parent=31800"}],"wp:term":[{"taxonomy":"pwb-brand","embeddable":true,"href":"https:\/\/prochaska.eu\/ro\/wp-json\/wp\/v2\/pwb-brand?post=31800"},{"taxonomy":"product_brand","embeddable":true,"href":"https:\/\/prochaska.eu\/ro\/wp-json\/wp\/v2\/product_brand?post=31800"},{"taxonomy":"product_cat","embeddable":true,"href":"https:\/\/prochaska.eu\/ro\/wp-json\/wp\/v2\/product_cat?post=31800"},{"taxonomy":"product_tag","embeddable":true,"href":"https:\/\/prochaska.eu\/ro\/wp-json\/wp\/v2\/product_tag?post=31800"}],"curies":[{"name":"wp","href":"https:\/\/api.w.org\/{rel}","templated":true}]}}