{"id":31830,"date":"2025-10-01T12:34:21","date_gmt":"2025-10-01T12:34:21","guid":{"rendered":"https:\/\/prochaska.eu\/produkt\/billygoat-outback-walk-behind-bc2601hhc\/"},"modified":"2025-10-01T13:00:15","modified_gmt":"2025-10-01T13:00:15","slug":"billygoat-outback-walk-behind-bc2601hhc","status":"publish","type":"product","link":"https:\/\/prochaska.eu\/ro\/produs\/billygoat-outback-walk-behind-bc2601hhc\/","title":{"rendered":"BillyGoat &#8211; Outback Walk-Behind &#8211; BC2601HHC"},"content":{"rendered":"<p>Ma\u0219ina de tuns iarba<strong data-start=\"238\" data-end=\"300\"> BC2601HHC Outback Walk-Behind de la Billy Goat <\/strong>este ideal\u0103 pentru terenuri greu accesibile, pante \u0219i tufi\u0219uri dense. Platforma de tuns pivotant\u0103, ro\u021bile fa\u021b\u0103 blocabile \u0219i transmisia hidrostatic\u0103 Tuff Torq\u2122 asigur\u0103 flexibilitate, siguran\u021b\u0103 \u0219i o calitate excelent\u0103 a t\u0103ierii. Astfel, ma\u0219ina de tuns iarba este perfect\u0103 pentru terenuri accidentate, iarb\u0103 \u00eenalt\u0103 \u0219i lucr\u0103ri dificile \u00een tufi\u0219uri.  <\/p>\n<p>Motorul fiabil Honda GXV390 cu 10,2 CP furnizeaz\u0103 puterea necesar\u0103. \u00cen combina\u021bie cu platforma pivotant\u0103 de 66 cm l\u0103\u021bime, ma\u0219ina face fa\u021b\u0103 chiar \u0219i lucr\u0103rilor dificile. M\u00e2nerele ergonomice cu c\u0103ptu\u0219eal\u0103 sporesc confortul de utilizare, \u00een timp ce anvelopele largi de tractor asigur\u0103 o trac\u021biune optim\u0103 chiar \u0219i pe terenuri dificile.  <\/p>\n<p>\u00cen plus, cositoarea pentru iarb\u0103 \u00eenalt\u0103 convinge prin arborele cu lame \u00eent\u0103rit, controlul automat al trac\u021biunii \u0219i transmisia variabil\u0103. Astfel, este ideal\u0103 pentru profesioni\u0219tii din domeniul \u00eentre\u021binerii peisajului, pentru utilizarea \u00een cadrul comunit\u0103\u021bilor locale, precum \u0219i pentru amenajarea gr\u0103dinilor \u0219i peisajelor. <\/p>\n<h2>Beneficiile produsului<\/h2>\n<ul data-start=\"1446\" data-end=\"2010\">\n<li data-start=\"1446\" data-end=\"1516\">Ma\u0219in\u0103 de tuns iarba Outback Walk-Behind cu motor Honda GXV390 (10,2 CP)<\/li>\n<li data-start=\"1517\" data-end=\"1611\">Platou de t\u0103iere cu ejectare \u00een spate, pivotant, de 66 cm, pentru o lucrare uniform\u0103 chiar \u0219i pe teren accidentat<\/li>\n<li data-start=\"1612\" data-end=\"1685\">Ro\u021bi fa\u021b\u0103 blocabile \u0219i pivotante pentru mai mult\u0103 stabilitate pe pante<\/li>\n<li data-start=\"1686\" data-end=\"1756\">Transmisie hidrostatic\u0103 Tuff Torq\u2122 cu control automat al trac\u021biunii<\/li>\n<li data-start=\"1757\" data-end=\"1804\">Anvelope largi pentru tractor, pentru o aderen\u021b\u0103 optim\u0103 la sol<\/li>\n<li data-start=\"1805\" data-end=\"1885\">Comand\u0103 intuitiv\u0103 a deplas\u0103rii f\u0103r\u0103 schimbare de viteze, u\u0219or de utilizat direct de la m\u00e2ner<\/li>\n<li data-start=\"1886\" data-end=\"1945\">Arbore cu cu\u021bite robust \u0219i \u00eent\u0103rit pentru o durabilitate maxim\u0103<\/li>\n<li data-start=\"1946\" data-end=\"2010\">Utilizare confortabil\u0103 \u0219i ergonomic\u0103, cu m\u00e2nere c\u0103ptu\u0219ite<\/li>\n<\/ul>\n","protected":false},"excerpt":{"rendered":"<p><strong data-start=\"4\" data-end=\"64\">Ma\u0219ina de tuns iarba \u00eenalt\u0103 Billy Goat BC2601HHC (Outback Walk-Behind)<\/strong> este o ma\u0219in\u0103 de tuns iarba profesional\u0103 \u0219i puternic\u0103, destinat\u0103 ierbii \u00eenalte, tufi\u0219urilor \u0219i terenurilor accidentate. Cu motor Honda, platform\u0103 pivotant\u0103 de 66 cm \u0219i transmisie hidrostatic\u0103, aceasta ofer\u0103 putere, control \u0219i durabilitate maxime. <\/p>\n","protected":false},"featured_media":31827,"template":"","meta":[],"pwb-brand":[3084],"product_brand":[3257],"product_cat":[1522,1521],"product_tag":[1529],"class_list":{"0":"post-31830","1":"product","2":"type-product","3":"status-publish","4":"has-post-thumbnail","6":"pwb-brand-billy-goat-ro","7":"product_brand-billy-goat","8":"product_cat-cositoare","9":"product_cat-municipal-terenuri-de-sport-si-agricultura","10":"product_tag-billy-goat-ro","12":"first","13":"instock","14":"taxable","15":"shipping-taxable","16":"purchasable","17":"product-type-simple"},"yoast_head":"<!-- This site is optimized with the Yoast SEO plugin v27.2 - https:\/\/yoast.com\/product\/yoast-seo-wordpress\/ -->\n<title>BillyGoat - Outback Walk-Behind - BC2601HHC - Prochaska<\/title>\n<meta name=\"description\" content=\"Descoperi\u021bi ma\u0219ina de tuns iarba Billy Goat BC2601HHC Outback: motor Honda puternic, trac\u021biune \u0219i confort de top pentru tufi\u0219uri, pante \u0219i utiliz\u0103ri profesionale.\" \/>\n<meta name=\"robots\" content=\"index, follow, max-snippet:-1, max-image-preview:large, max-video-preview:-1\" \/>\n<link rel=\"canonical\" href=\"https:\/\/prochaska.eu\/ro\/produs\/billygoat-outback-walk-behind-bc2601hhc\/\" \/>\n<meta property=\"og:locale\" content=\"ro_RO\" \/>\n<meta property=\"og:type\" content=\"article\" \/>\n<meta property=\"og:title\" content=\"BillyGoat - Outback Walk-Behind - BC2601HHC - Prochaska\" \/>\n<meta property=\"og:description\" content=\"Descoperi\u021bi ma\u0219ina de tuns iarba Billy Goat BC2601HHC Outback: motor Honda puternic, trac\u021biune \u0219i confort de top pentru tufi\u0219uri, pante \u0219i utiliz\u0103ri profesionale.\" \/>\n<meta property=\"og:url\" content=\"https:\/\/prochaska.eu\/ro\/produs\/billygoat-outback-walk-behind-bc2601hhc\/\" \/>\n<meta property=\"og:site_name\" content=\"Prochaska\" \/>\n<meta property=\"article:publisher\" content=\"https:\/\/www.facebook.com\/prochaska.eu\/\" \/>\n<meta property=\"article:modified_time\" content=\"2025-10-01T13:00:15+00:00\" \/>\n<meta property=\"og:image\" content=\"https:\/\/prochaska.eu\/wp-content\/uploads\/2025\/10\/original.webp\" \/>\n\t<meta property=\"og:image:width\" content=\"1024\" \/>\n\t<meta property=\"og:image:height\" content=\"1024\" \/>\n\t<meta property=\"og:image:type\" content=\"image\/webp\" \/>\n<meta name=\"twitter:card\" content=\"summary_large_image\" \/>\n<meta name=\"twitter:label1\" content=\"Timp estimat pentru citire\" \/>\n\t<meta name=\"twitter:data1\" content=\"1 minut\" \/>\n<script type=\"application\/ld+json\" class=\"yoast-schema-graph\">{\"@context\":\"https:\/\/schema.org\",\"@graph\":[{\"@type\":\"WebPage\",\"@id\":\"https:\/\/prochaska.eu\/ro\/produs\/billygoat-outback-walk-behind-bc2601hhc\/\",\"url\":\"https:\/\/prochaska.eu\/ro\/produs\/billygoat-outback-walk-behind-bc2601hhc\/\",\"name\":\"BillyGoat - Outback Walk-Behind - BC2601HHC - Prochaska\",\"isPartOf\":{\"@id\":\"https:\/\/prochaska.eu\/ro\/#website\"},\"primaryImageOfPage\":{\"@id\":\"https:\/\/prochaska.eu\/ro\/produs\/billygoat-outback-walk-behind-bc2601hhc\/#primaryimage\"},\"image\":{\"@id\":\"https:\/\/prochaska.eu\/ro\/produs\/billygoat-outback-walk-behind-bc2601hhc\/#primaryimage\"},\"thumbnailUrl\":\"https:\/\/prochaska.eu\/wp-content\/uploads\/2025\/10\/original.webp\",\"datePublished\":\"2025-10-01T12:34:21+00:00\",\"dateModified\":\"2025-10-01T13:00:15+00:00\",\"description\":\"Descoperi\u021bi ma\u0219ina de tuns iarba Billy Goat BC2601HHC Outback: motor Honda puternic, trac\u021biune \u0219i confort de top pentru tufi\u0219uri, pante \u0219i utiliz\u0103ri profesionale.\",\"breadcrumb\":{\"@id\":\"https:\/\/prochaska.eu\/ro\/produs\/billygoat-outback-walk-behind-bc2601hhc\/#breadcrumb\"},\"inLanguage\":\"ro-RO\",\"potentialAction\":[{\"@type\":\"ReadAction\",\"target\":[\"https:\/\/prochaska.eu\/ro\/produs\/billygoat-outback-walk-behind-bc2601hhc\/\"]}]},{\"@type\":\"ImageObject\",\"inLanguage\":\"ro-RO\",\"@id\":\"https:\/\/prochaska.eu\/ro\/produs\/billygoat-outback-walk-behind-bc2601hhc\/#primaryimage\",\"url\":\"https:\/\/prochaska.eu\/wp-content\/uploads\/2025\/10\/original.webp\",\"contentUrl\":\"https:\/\/prochaska.eu\/wp-content\/uploads\/2025\/10\/original.webp\",\"width\":1024,\"height\":1024},{\"@type\":\"BreadcrumbList\",\"@id\":\"https:\/\/prochaska.eu\/ro\/produs\/billygoat-outback-walk-behind-bc2601hhc\/#breadcrumb\",\"itemListElement\":[{\"@type\":\"ListItem\",\"position\":1,\"name\":\"Home\",\"item\":\"https:\/\/prochaska.eu\/ro\/\"},{\"@type\":\"ListItem\",\"position\":2,\"name\":\"Shop\",\"item\":\"https:\/\/prochaska.eu\/ro\/shop\/\"},{\"@type\":\"ListItem\",\"position\":3,\"name\":\"BillyGoat &#8211; Outback Walk-Behind &#8211; BC2601HHC\"}]},{\"@type\":\"WebSite\",\"@id\":\"https:\/\/prochaska.eu\/ro\/#website\",\"url\":\"https:\/\/prochaska.eu\/ro\/\",\"name\":\"Prochaska\",\"description\":\"Spezialist f\u00fcr Pflege von Gr\u00fcnfl\u00e4chen\",\"publisher\":{\"@id\":\"https:\/\/prochaska.eu\/ro\/#organization\"},\"potentialAction\":[{\"@type\":\"SearchAction\",\"target\":{\"@type\":\"EntryPoint\",\"urlTemplate\":\"https:\/\/prochaska.eu\/ro\/?s={search_term_string}\"},\"query-input\":{\"@type\":\"PropertyValueSpecification\",\"valueRequired\":true,\"valueName\":\"search_term_string\"}}],\"inLanguage\":\"ro-RO\"},{\"@type\":\"Organization\",\"@id\":\"https:\/\/prochaska.eu\/ro\/#organization\",\"name\":\"Prochaska\",\"url\":\"https:\/\/prochaska.eu\/ro\/\",\"logo\":{\"@type\":\"ImageObject\",\"inLanguage\":\"ro-RO\",\"@id\":\"https:\/\/prochaska.eu\/ro\/#\/schema\/logo\/image\/\",\"url\":\"https:\/\/prochaska.eu\/wp-content\/uploads\/2024\/04\/Prochaska_Logo_Black-1.png\",\"contentUrl\":\"https:\/\/prochaska.eu\/wp-content\/uploads\/2024\/04\/Prochaska_Logo_Black-1.png\",\"width\":796,\"height\":236,\"caption\":\"Prochaska\"},\"image\":{\"@id\":\"https:\/\/prochaska.eu\/ro\/#\/schema\/logo\/image\/\"},\"sameAs\":[\"https:\/\/www.facebook.com\/prochaska.eu\/\",\"https:\/\/www.instagram.com\/prochaska.eu\/\",\"https:\/\/www.linkedin.com\/company\/prochaska-handels-gmbh\"]}]}<\/script>\n<!-- \/ Yoast SEO plugin. -->","yoast_head_json":{"title":"BillyGoat - Outback Walk-Behind - BC2601HHC - Prochaska","description":"Descoperi\u021bi ma\u0219ina de tuns iarba Billy Goat BC2601HHC Outback: motor Honda puternic, trac\u021biune \u0219i confort de top pentru tufi\u0219uri, pante \u0219i utiliz\u0103ri profesionale.","robots":{"index":"index","follow":"follow","max-snippet":"max-snippet:-1","max-image-preview":"max-image-preview:large","max-video-preview":"max-video-preview:-1"},"canonical":"https:\/\/prochaska.eu\/ro\/produs\/billygoat-outback-walk-behind-bc2601hhc\/","og_locale":"ro_RO","og_type":"article","og_title":"BillyGoat - Outback Walk-Behind - BC2601HHC - Prochaska","og_description":"Descoperi\u021bi ma\u0219ina de tuns iarba Billy Goat BC2601HHC Outback: motor Honda puternic, trac\u021biune \u0219i confort de top pentru tufi\u0219uri, pante \u0219i utiliz\u0103ri profesionale.","og_url":"https:\/\/prochaska.eu\/ro\/produs\/billygoat-outback-walk-behind-bc2601hhc\/","og_site_name":"Prochaska","article_publisher":"https:\/\/www.facebook.com\/prochaska.eu\/","article_modified_time":"2025-10-01T13:00:15+00:00","og_image":[{"width":1024,"height":1024,"url":"https:\/\/prochaska.eu\/wp-content\/uploads\/2025\/10\/original.webp","type":"image\/webp"}],"twitter_card":"summary_large_image","twitter_misc":{"Timp estimat pentru citire":"1 minut"},"schema":{"@context":"https:\/\/schema.org","@graph":[{"@type":"WebPage","@id":"https:\/\/prochaska.eu\/ro\/produs\/billygoat-outback-walk-behind-bc2601hhc\/","url":"https:\/\/prochaska.eu\/ro\/produs\/billygoat-outback-walk-behind-bc2601hhc\/","name":"BillyGoat - Outback Walk-Behind - BC2601HHC - Prochaska","isPartOf":{"@id":"https:\/\/prochaska.eu\/ro\/#website"},"primaryImageOfPage":{"@id":"https:\/\/prochaska.eu\/ro\/produs\/billygoat-outback-walk-behind-bc2601hhc\/#primaryimage"},"image":{"@id":"https:\/\/prochaska.eu\/ro\/produs\/billygoat-outback-walk-behind-bc2601hhc\/#primaryimage"},"thumbnailUrl":"https:\/\/prochaska.eu\/wp-content\/uploads\/2025\/10\/original.webp","datePublished":"2025-10-01T12:34:21+00:00","dateModified":"2025-10-01T13:00:15+00:00","description":"Descoperi\u021bi ma\u0219ina de tuns iarba Billy Goat BC2601HHC Outback: motor Honda puternic, trac\u021biune \u0219i confort de top pentru tufi\u0219uri, pante \u0219i utiliz\u0103ri profesionale.","breadcrumb":{"@id":"https:\/\/prochaska.eu\/ro\/produs\/billygoat-outback-walk-behind-bc2601hhc\/#breadcrumb"},"inLanguage":"ro-RO","potentialAction":[{"@type":"ReadAction","target":["https:\/\/prochaska.eu\/ro\/produs\/billygoat-outback-walk-behind-bc2601hhc\/"]}]},{"@type":"ImageObject","inLanguage":"ro-RO","@id":"https:\/\/prochaska.eu\/ro\/produs\/billygoat-outback-walk-behind-bc2601hhc\/#primaryimage","url":"https:\/\/prochaska.eu\/wp-content\/uploads\/2025\/10\/original.webp","contentUrl":"https:\/\/prochaska.eu\/wp-content\/uploads\/2025\/10\/original.webp","width":1024,"height":1024},{"@type":"BreadcrumbList","@id":"https:\/\/prochaska.eu\/ro\/produs\/billygoat-outback-walk-behind-bc2601hhc\/#breadcrumb","itemListElement":[{"@type":"ListItem","position":1,"name":"Home","item":"https:\/\/prochaska.eu\/ro\/"},{"@type":"ListItem","position":2,"name":"Shop","item":"https:\/\/prochaska.eu\/ro\/shop\/"},{"@type":"ListItem","position":3,"name":"BillyGoat &#8211; Outback Walk-Behind &#8211; BC2601HHC"}]},{"@type":"WebSite","@id":"https:\/\/prochaska.eu\/ro\/#website","url":"https:\/\/prochaska.eu\/ro\/","name":"Prochaska","description":"Spezialist f\u00fcr Pflege von Gr\u00fcnfl\u00e4chen","publisher":{"@id":"https:\/\/prochaska.eu\/ro\/#organization"},"potentialAction":[{"@type":"SearchAction","target":{"@type":"EntryPoint","urlTemplate":"https:\/\/prochaska.eu\/ro\/?s={search_term_string}"},"query-input":{"@type":"PropertyValueSpecification","valueRequired":true,"valueName":"search_term_string"}}],"inLanguage":"ro-RO"},{"@type":"Organization","@id":"https:\/\/prochaska.eu\/ro\/#organization","name":"Prochaska","url":"https:\/\/prochaska.eu\/ro\/","logo":{"@type":"ImageObject","inLanguage":"ro-RO","@id":"https:\/\/prochaska.eu\/ro\/#\/schema\/logo\/image\/","url":"https:\/\/prochaska.eu\/wp-content\/uploads\/2024\/04\/Prochaska_Logo_Black-1.png","contentUrl":"https:\/\/prochaska.eu\/wp-content\/uploads\/2024\/04\/Prochaska_Logo_Black-1.png","width":796,"height":236,"caption":"Prochaska"},"image":{"@id":"https:\/\/prochaska.eu\/ro\/#\/schema\/logo\/image\/"},"sameAs":["https:\/\/www.facebook.com\/prochaska.eu\/","https:\/\/www.instagram.com\/prochaska.eu\/","https:\/\/www.linkedin.com\/company\/prochaska-handels-gmbh"]}]}},"brands":[{"id":3084,"name":"Billy Goat","slug":"billy-goat-ro"}],"_links":{"self":[{"href":"https:\/\/prochaska.eu\/ro\/wp-json\/wp\/v2\/product\/31830","targetHints":{"allow":["GET"]}}],"collection":[{"href":"https:\/\/prochaska.eu\/ro\/wp-json\/wp\/v2\/product"}],"about":[{"href":"https:\/\/prochaska.eu\/ro\/wp-json\/wp\/v2\/types\/product"}],"version-history":[{"count":1,"href":"https:\/\/prochaska.eu\/ro\/wp-json\/wp\/v2\/product\/31830\/revisions"}],"predecessor-version":[{"id":31831,"href":"https:\/\/prochaska.eu\/ro\/wp-json\/wp\/v2\/product\/31830\/revisions\/31831"}],"wp:featuredmedia":[{"embeddable":true,"href":"https:\/\/prochaska.eu\/ro\/wp-json\/wp\/v2\/media\/31827"}],"wp:attachment":[{"href":"https:\/\/prochaska.eu\/ro\/wp-json\/wp\/v2\/media?parent=31830"}],"wp:term":[{"taxonomy":"pwb-brand","embeddable":true,"href":"https:\/\/prochaska.eu\/ro\/wp-json\/wp\/v2\/pwb-brand?post=31830"},{"taxonomy":"product_brand","embeddable":true,"href":"https:\/\/prochaska.eu\/ro\/wp-json\/wp\/v2\/product_brand?post=31830"},{"taxonomy":"product_cat","embeddable":true,"href":"https:\/\/prochaska.eu\/ro\/wp-json\/wp\/v2\/product_cat?post=31830"},{"taxonomy":"product_tag","embeddable":true,"href":"https:\/\/prochaska.eu\/ro\/wp-json\/wp\/v2\/product_tag?post=31830"}],"curies":[{"name":"wp","href":"https:\/\/api.w.org\/{rel}","templated":true}]}}