{"id":31833,"date":"2025-09-30T13:16:13","date_gmt":"2025-09-30T13:16:13","guid":{"rendered":"https:\/\/prochaska.eu\/produkt\/billygoat-masina-de-tuns-gazon-outback-cu-scaun-4wd-2wd-bct4322bce-bct4323bce\/"},"modified":"2025-10-01T19:35:46","modified_gmt":"2025-10-01T19:35:46","slug":"billygoat-masina-de-tuns-gazon-outback-cu-scaun-4wd-2wd-bct4322bce-bct4323bce","status":"publish","type":"product","link":"https:\/\/prochaska.eu\/ro\/produs\/billygoat-masina-de-tuns-gazon-outback-cu-scaun-4wd-2wd-bct4322bce-bct4323bce\/","title":{"rendered":"BillyGoat &#8211; Ma\u0219in\u0103 de tuns gazon Outback cu scaun &#8211; 4WD\/2WD &#8211; BCT4322BCE\/BCT4323BCE"},"content":{"rendered":"<p>Tractoarele cu gazon Outback\u00ae 4WD \u0219i 2WD de la Billy Goat sunt concepute pentru utilizare profesional\u0103. Acestea combin\u0103 confortul unui tractor cu gazon cu puterea unui cositor de iarb\u0103 \u00eenalt\u0103. Datorit\u0103 construc\u021biei robuste \u0219i sistemelor moderne de ac\u021bionare, acestea func\u021bioneaz\u0103 chiar \u0219i acolo unde ma\u0219inile conven\u021bionale ating limitele lor. Platforma spa\u021bioas\u0103 ofer\u0103 operatorului mult spa\u021biu \u0219i confort. Mecanismul de t\u0103iere de \u00eenalt\u0103 performan\u021b\u0103, cu fa\u021b\u0103 deschis\u0103 \u0219i cu\u021bite transversale, asigur\u0103 o t\u0103iere curat\u0103. Billy Goat stabile\u0219te noi standarde \u00een domeniul t\u0103ierii profesionale a vegeta\u021biei s\u0103lbatice <strong>cu <\/strong>modelele sale Outback\u00ae. Ambele versiuni \u2013 2WD \u0219i 4WD \u2013 extind gama de produse cu posibilit\u0103\u021bi versatile de utilizare.      <\/p>\n<h2 data-start=\"953\" data-end=\"982\"><strong data-start=\"957\" data-end=\"980\">Beneficiile produsului<\/strong><\/h2>\n<ul data-start=\"984\" data-end=\"2443\">\n<li data-start=\"984\" data-end=\"1250\">Motoare puternice<br data-start=\"1013\" data-end=\"1016\">Ambele modele sunt echipate cu motoare fiabile Briggs &amp; Stratton\u00ae. Acestea ofer\u0103 o performan\u021b\u0103 constant\u0103 chiar \u0219i \u00een condi\u021bii dificile. Un filtru de aer ciclon protejeaz\u0103 motorul \u00eempotriva murd\u0103riei \u0219i prelunge\u0219te intervalele de \u00eentre\u021binere.  <\/li>\n<li data-start=\"1252\" data-end=\"1567\">Operare confortabil\u0103<br data-start=\"1279\" data-end=\"1282\">Un scaun ergonomic \u0219i reglabil asigur\u0103 confortul \u00een timpul lucrului, chiar \u0219i pe teren accidentat. \u00cen plus, tabloul de bord clar faciliteaz\u0103 operarea. Acesta include lumini de control \u0219i de avertizare, maneta de accelera\u021bie, comutatorul PTO pentru cuplarea cu\u021bitului, tempomatul \u0219i fr\u00e2na de parcare.  <\/li>\n<li data-start=\"1569\" data-end=\"1795\">Construc\u021bie robust\u0103<br data-start=\"1591\" data-end=\"1594\">O bar\u0103 de protec\u021bie stabil\u0103 \u00eenconjoar\u0103 scaunul \u0219i protejeaz\u0103 operatorul \u0219i ma\u0219ina. \u00cen plus, o bar\u0103 de protec\u021bie frontal\u0103 masiv\u0103 asigur\u0103 protec\u021bie \u00eempotriva impactului. Aceasta serve\u0219te \u0219i ca punct de fixare pentru transport.  <\/li>\n<li data-start=\"1797\" data-end=\"2059\">Dispozitiv eficient de cosit iarb\u0103 \u00eenalt\u0103<br data-start=\"1831\" data-end=\"1834\">Dispozitivul de cosit consolidat are trei arbori de cosit decala\u021bi cu cu\u021bite transversale. Astfel, materialul t\u0103iat este redus \u00een mod fiabil. Este potrivit at\u00e2t pentru vegeta\u021bie s\u0103lbatic\u0103, paji\u0219ti \u0219i livezi, c\u00e2t \u0219i pentru peluze \u00eengrijite.  <\/li>\n<li data-start=\"2061\" data-end=\"2443\"><strong data-start=\"2063\" data-end=\"2084\">Trac\u021biune optim\u0103<\/strong>\n<ul data-start=\"2089\" data-end=\"2443\">\n<li data-start=\"2089\" data-end=\"2260\">Modelul 4WD este echipat cu trac\u021biune integral\u0103 Tuff Torq\u00ae cu diferen\u021bial blocabil. Ro\u021bile mari cu profil agricol asigur\u0103 o aderen\u021b\u0103 sigur\u0103, chiar \u0219i pe pante abrupte. <\/li>\n<li data-start=\"2263\" data-end=\"2443\">Modelul 2WD este echipat cu anvelope care protejeaz\u0103 gazonul, special concepute pentru suprafe\u021be \u00eengrijite. \u0218i \u00een acest caz, blocarea diferen\u021bialului previne pierderea trac\u021biunii. <\/li>\n<\/ul>\n<\/li>\n<\/ul>\n<p><iframe title=\"Billy Goat Outback Tractor - High Grass Brush Cutter Lawn Tractor\" width=\"800\" height=\"450\" src=\"https:\/\/www.youtube.com\/embed\/oIoqxyJmal8?start=1&#038;feature=oembed\" frameborder=\"0\" allow=\"accelerometer; autoplay; clipboard-write; encrypted-media; gyroscope; picture-in-picture; web-share\" referrerpolicy=\"strict-origin-when-cross-origin\" allowfullscreen><\/iframe><\/p>\n","protected":false},"excerpt":{"rendered":"<p>Ma\u0219ina de tuns iarba Billy Goat Outback\u00ae (2WD &amp; 4WD) ofer\u0103 performan\u021be profesionale pentru suprafe\u021be cu iarb\u0103 \u00eenalt\u0103, livezi, podgorii \u0219i paji\u0219ti \u00eentinse. Cu un motor puternic, un sistem de tuns robust, un scaun confortabil \u0219i o trac\u021biune optim\u0103, aceasta face fa\u021b\u0103 f\u0103r\u0103 efort chiar \u0219i terenurilor dificile. <\/p>\n","protected":false},"featured_media":31679,"template":"","meta":[],"pwb-brand":[3084],"product_brand":[3257],"product_cat":[1522,1521],"product_tag":[],"class_list":{"0":"post-31833","1":"product","2":"type-product","3":"status-publish","4":"has-post-thumbnail","6":"pwb-brand-billy-goat-ro","7":"product_brand-billy-goat","8":"product_cat-cositoare","9":"product_cat-municipal-terenuri-de-sport-si-agricultura","11":"first","12":"instock","13":"taxable","14":"shipping-taxable","15":"purchasable","16":"product-type-variable"},"yoast_head":"<!-- This site is optimized with the Yoast SEO plugin v27.2 - https:\/\/yoast.com\/product\/yoast-seo-wordpress\/ -->\n<title>BillyGoat - Ma\u0219in\u0103 de tuns gazon Outback cu scaun - 4WD\/2WD - BCT4322BCE\/BCT4323BCE - Prochaska<\/title>\n<meta name=\"description\" content=\"Descoperi\u021bi ma\u0219ina de tuns iarba Billy Goat Outback\u00ae cu trac\u021biune 2WD sau 4WD pentru suprafe\u021be cu vegeta\u021bie s\u0103lbatic\u0103, livezi, podgorii \u0219i paji\u0219ti \u00eentinse. Motor puternic, scaun confortabil \u0219i sistem de tuns durabil pentru o tundere eficient\u0103 \u00een condi\u021bii dificile.\" \/>\n<meta name=\"robots\" content=\"index, follow, max-snippet:-1, max-image-preview:large, max-video-preview:-1\" \/>\n<link rel=\"canonical\" href=\"https:\/\/prochaska.eu\/ro\/produs\/billygoat-masina-de-tuns-gazon-outback-cu-scaun-4wd-2wd-bct4322bce-bct4323bce\/\" \/>\n<meta property=\"og:locale\" content=\"ro_RO\" \/>\n<meta property=\"og:type\" content=\"article\" \/>\n<meta property=\"og:title\" content=\"BillyGoat - Ma\u0219in\u0103 de tuns gazon Outback cu scaun - 4WD\/2WD - BCT4322BCE\/BCT4323BCE - Prochaska\" \/>\n<meta property=\"og:description\" content=\"Descoperi\u021bi ma\u0219ina de tuns iarba Billy Goat Outback\u00ae cu trac\u021biune 2WD sau 4WD pentru suprafe\u021be cu vegeta\u021bie s\u0103lbatic\u0103, livezi, podgorii \u0219i paji\u0219ti \u00eentinse. Motor puternic, scaun confortabil \u0219i sistem de tuns durabil pentru o tundere eficient\u0103 \u00een condi\u021bii dificile.\" \/>\n<meta property=\"og:url\" content=\"https:\/\/prochaska.eu\/ro\/produs\/billygoat-masina-de-tuns-gazon-outback-cu-scaun-4wd-2wd-bct4322bce-bct4323bce\/\" \/>\n<meta property=\"og:site_name\" content=\"Prochaska\" \/>\n<meta property=\"article:publisher\" content=\"https:\/\/www.facebook.com\/prochaska.eu\/\" \/>\n<meta property=\"article:modified_time\" content=\"2025-10-01T19:35:46+00:00\" \/>\n<meta property=\"og:image\" content=\"https:\/\/prochaska.eu\/wp-content\/uploads\/2025\/09\/BCT4323BCE-RF.webp\" \/>\n\t<meta property=\"og:image:width\" content=\"1024\" \/>\n\t<meta property=\"og:image:height\" content=\"1024\" \/>\n\t<meta property=\"og:image:type\" content=\"image\/webp\" \/>\n<meta name=\"twitter:card\" content=\"summary_large_image\" \/>\n<meta name=\"twitter:label1\" content=\"Timp estimat pentru citire\" \/>\n\t<meta name=\"twitter:data1\" content=\"2 minute\" \/>\n<script type=\"application\/ld+json\" class=\"yoast-schema-graph\">{\"@context\":\"https:\/\/schema.org\",\"@graph\":[{\"@type\":\"WebPage\",\"@id\":\"https:\/\/prochaska.eu\/ro\/produs\/billygoat-masina-de-tuns-gazon-outback-cu-scaun-4wd-2wd-bct4322bce-bct4323bce\/\",\"url\":\"https:\/\/prochaska.eu\/ro\/produs\/billygoat-masina-de-tuns-gazon-outback-cu-scaun-4wd-2wd-bct4322bce-bct4323bce\/\",\"name\":\"BillyGoat - Ma\u0219in\u0103 de tuns gazon Outback cu scaun - 4WD\/2WD - BCT4322BCE\/BCT4323BCE - Prochaska\",\"isPartOf\":{\"@id\":\"https:\/\/prochaska.eu\/ro\/#website\"},\"primaryImageOfPage\":{\"@id\":\"https:\/\/prochaska.eu\/ro\/produs\/billygoat-masina-de-tuns-gazon-outback-cu-scaun-4wd-2wd-bct4322bce-bct4323bce\/#primaryimage\"},\"image\":{\"@id\":\"https:\/\/prochaska.eu\/ro\/produs\/billygoat-masina-de-tuns-gazon-outback-cu-scaun-4wd-2wd-bct4322bce-bct4323bce\/#primaryimage\"},\"thumbnailUrl\":\"https:\/\/prochaska.eu\/wp-content\/uploads\/2025\/09\/BCT4323BCE-RF.webp\",\"datePublished\":\"2025-09-30T13:16:13+00:00\",\"dateModified\":\"2025-10-01T19:35:46+00:00\",\"description\":\"Descoperi\u021bi ma\u0219ina de tuns iarba Billy Goat Outback\u00ae cu trac\u021biune 2WD sau 4WD pentru suprafe\u021be cu vegeta\u021bie s\u0103lbatic\u0103, livezi, podgorii \u0219i paji\u0219ti \u00eentinse. Motor puternic, scaun confortabil \u0219i sistem de tuns durabil pentru o tundere eficient\u0103 \u00een condi\u021bii dificile.\",\"breadcrumb\":{\"@id\":\"https:\/\/prochaska.eu\/ro\/produs\/billygoat-masina-de-tuns-gazon-outback-cu-scaun-4wd-2wd-bct4322bce-bct4323bce\/#breadcrumb\"},\"inLanguage\":\"ro-RO\",\"potentialAction\":[{\"@type\":\"ReadAction\",\"target\":[\"https:\/\/prochaska.eu\/ro\/produs\/billygoat-masina-de-tuns-gazon-outback-cu-scaun-4wd-2wd-bct4322bce-bct4323bce\/\"]}]},{\"@type\":\"ImageObject\",\"inLanguage\":\"ro-RO\",\"@id\":\"https:\/\/prochaska.eu\/ro\/produs\/billygoat-masina-de-tuns-gazon-outback-cu-scaun-4wd-2wd-bct4322bce-bct4323bce\/#primaryimage\",\"url\":\"https:\/\/prochaska.eu\/wp-content\/uploads\/2025\/09\/BCT4323BCE-RF.webp\",\"contentUrl\":\"https:\/\/prochaska.eu\/wp-content\/uploads\/2025\/09\/BCT4323BCE-RF.webp\",\"width\":1024,\"height\":1024},{\"@type\":\"BreadcrumbList\",\"@id\":\"https:\/\/prochaska.eu\/ro\/produs\/billygoat-masina-de-tuns-gazon-outback-cu-scaun-4wd-2wd-bct4322bce-bct4323bce\/#breadcrumb\",\"itemListElement\":[{\"@type\":\"ListItem\",\"position\":1,\"name\":\"Home\",\"item\":\"https:\/\/prochaska.eu\/ro\/\"},{\"@type\":\"ListItem\",\"position\":2,\"name\":\"Shop\",\"item\":\"https:\/\/prochaska.eu\/ro\/shop\/\"},{\"@type\":\"ListItem\",\"position\":3,\"name\":\"BillyGoat &#8211; Ma\u0219in\u0103 de tuns gazon Outback cu scaun &#8211; 4WD\/2WD &#8211; BCT4322BCE\/BCT4323BCE\"}]},{\"@type\":\"WebSite\",\"@id\":\"https:\/\/prochaska.eu\/ro\/#website\",\"url\":\"https:\/\/prochaska.eu\/ro\/\",\"name\":\"Prochaska\",\"description\":\"Spezialist f\u00fcr Pflege von Gr\u00fcnfl\u00e4chen\",\"publisher\":{\"@id\":\"https:\/\/prochaska.eu\/ro\/#organization\"},\"potentialAction\":[{\"@type\":\"SearchAction\",\"target\":{\"@type\":\"EntryPoint\",\"urlTemplate\":\"https:\/\/prochaska.eu\/ro\/?s={search_term_string}\"},\"query-input\":{\"@type\":\"PropertyValueSpecification\",\"valueRequired\":true,\"valueName\":\"search_term_string\"}}],\"inLanguage\":\"ro-RO\"},{\"@type\":\"Organization\",\"@id\":\"https:\/\/prochaska.eu\/ro\/#organization\",\"name\":\"Prochaska\",\"url\":\"https:\/\/prochaska.eu\/ro\/\",\"logo\":{\"@type\":\"ImageObject\",\"inLanguage\":\"ro-RO\",\"@id\":\"https:\/\/prochaska.eu\/ro\/#\/schema\/logo\/image\/\",\"url\":\"https:\/\/prochaska.eu\/wp-content\/uploads\/2024\/04\/Prochaska_Logo_Black-1.png\",\"contentUrl\":\"https:\/\/prochaska.eu\/wp-content\/uploads\/2024\/04\/Prochaska_Logo_Black-1.png\",\"width\":796,\"height\":236,\"caption\":\"Prochaska\"},\"image\":{\"@id\":\"https:\/\/prochaska.eu\/ro\/#\/schema\/logo\/image\/\"},\"sameAs\":[\"https:\/\/www.facebook.com\/prochaska.eu\/\",\"https:\/\/www.instagram.com\/prochaska.eu\/\",\"https:\/\/www.linkedin.com\/company\/prochaska-handels-gmbh\"]}]}<\/script>\n<!-- \/ Yoast SEO plugin. -->","yoast_head_json":{"title":"BillyGoat - Ma\u0219in\u0103 de tuns gazon Outback cu scaun - 4WD\/2WD - BCT4322BCE\/BCT4323BCE - Prochaska","description":"Descoperi\u021bi ma\u0219ina de tuns iarba Billy Goat Outback\u00ae cu trac\u021biune 2WD sau 4WD pentru suprafe\u021be cu vegeta\u021bie s\u0103lbatic\u0103, livezi, podgorii \u0219i paji\u0219ti \u00eentinse. Motor puternic, scaun confortabil \u0219i sistem de tuns durabil pentru o tundere eficient\u0103 \u00een condi\u021bii dificile.","robots":{"index":"index","follow":"follow","max-snippet":"max-snippet:-1","max-image-preview":"max-image-preview:large","max-video-preview":"max-video-preview:-1"},"canonical":"https:\/\/prochaska.eu\/ro\/produs\/billygoat-masina-de-tuns-gazon-outback-cu-scaun-4wd-2wd-bct4322bce-bct4323bce\/","og_locale":"ro_RO","og_type":"article","og_title":"BillyGoat - Ma\u0219in\u0103 de tuns gazon Outback cu scaun - 4WD\/2WD - BCT4322BCE\/BCT4323BCE - Prochaska","og_description":"Descoperi\u021bi ma\u0219ina de tuns iarba Billy Goat Outback\u00ae cu trac\u021biune 2WD sau 4WD pentru suprafe\u021be cu vegeta\u021bie s\u0103lbatic\u0103, livezi, podgorii \u0219i paji\u0219ti \u00eentinse. Motor puternic, scaun confortabil \u0219i sistem de tuns durabil pentru o tundere eficient\u0103 \u00een condi\u021bii dificile.","og_url":"https:\/\/prochaska.eu\/ro\/produs\/billygoat-masina-de-tuns-gazon-outback-cu-scaun-4wd-2wd-bct4322bce-bct4323bce\/","og_site_name":"Prochaska","article_publisher":"https:\/\/www.facebook.com\/prochaska.eu\/","article_modified_time":"2025-10-01T19:35:46+00:00","og_image":[{"width":1024,"height":1024,"url":"https:\/\/prochaska.eu\/wp-content\/uploads\/2025\/09\/BCT4323BCE-RF.webp","type":"image\/webp"}],"twitter_card":"summary_large_image","twitter_misc":{"Timp estimat pentru citire":"2 minute"},"schema":{"@context":"https:\/\/schema.org","@graph":[{"@type":"WebPage","@id":"https:\/\/prochaska.eu\/ro\/produs\/billygoat-masina-de-tuns-gazon-outback-cu-scaun-4wd-2wd-bct4322bce-bct4323bce\/","url":"https:\/\/prochaska.eu\/ro\/produs\/billygoat-masina-de-tuns-gazon-outback-cu-scaun-4wd-2wd-bct4322bce-bct4323bce\/","name":"BillyGoat - Ma\u0219in\u0103 de tuns gazon Outback cu scaun - 4WD\/2WD - BCT4322BCE\/BCT4323BCE - Prochaska","isPartOf":{"@id":"https:\/\/prochaska.eu\/ro\/#website"},"primaryImageOfPage":{"@id":"https:\/\/prochaska.eu\/ro\/produs\/billygoat-masina-de-tuns-gazon-outback-cu-scaun-4wd-2wd-bct4322bce-bct4323bce\/#primaryimage"},"image":{"@id":"https:\/\/prochaska.eu\/ro\/produs\/billygoat-masina-de-tuns-gazon-outback-cu-scaun-4wd-2wd-bct4322bce-bct4323bce\/#primaryimage"},"thumbnailUrl":"https:\/\/prochaska.eu\/wp-content\/uploads\/2025\/09\/BCT4323BCE-RF.webp","datePublished":"2025-09-30T13:16:13+00:00","dateModified":"2025-10-01T19:35:46+00:00","description":"Descoperi\u021bi ma\u0219ina de tuns iarba Billy Goat Outback\u00ae cu trac\u021biune 2WD sau 4WD pentru suprafe\u021be cu vegeta\u021bie s\u0103lbatic\u0103, livezi, podgorii \u0219i paji\u0219ti \u00eentinse. Motor puternic, scaun confortabil \u0219i sistem de tuns durabil pentru o tundere eficient\u0103 \u00een condi\u021bii dificile.","breadcrumb":{"@id":"https:\/\/prochaska.eu\/ro\/produs\/billygoat-masina-de-tuns-gazon-outback-cu-scaun-4wd-2wd-bct4322bce-bct4323bce\/#breadcrumb"},"inLanguage":"ro-RO","potentialAction":[{"@type":"ReadAction","target":["https:\/\/prochaska.eu\/ro\/produs\/billygoat-masina-de-tuns-gazon-outback-cu-scaun-4wd-2wd-bct4322bce-bct4323bce\/"]}]},{"@type":"ImageObject","inLanguage":"ro-RO","@id":"https:\/\/prochaska.eu\/ro\/produs\/billygoat-masina-de-tuns-gazon-outback-cu-scaun-4wd-2wd-bct4322bce-bct4323bce\/#primaryimage","url":"https:\/\/prochaska.eu\/wp-content\/uploads\/2025\/09\/BCT4323BCE-RF.webp","contentUrl":"https:\/\/prochaska.eu\/wp-content\/uploads\/2025\/09\/BCT4323BCE-RF.webp","width":1024,"height":1024},{"@type":"BreadcrumbList","@id":"https:\/\/prochaska.eu\/ro\/produs\/billygoat-masina-de-tuns-gazon-outback-cu-scaun-4wd-2wd-bct4322bce-bct4323bce\/#breadcrumb","itemListElement":[{"@type":"ListItem","position":1,"name":"Home","item":"https:\/\/prochaska.eu\/ro\/"},{"@type":"ListItem","position":2,"name":"Shop","item":"https:\/\/prochaska.eu\/ro\/shop\/"},{"@type":"ListItem","position":3,"name":"BillyGoat &#8211; Ma\u0219in\u0103 de tuns gazon Outback cu scaun &#8211; 4WD\/2WD &#8211; BCT4322BCE\/BCT4323BCE"}]},{"@type":"WebSite","@id":"https:\/\/prochaska.eu\/ro\/#website","url":"https:\/\/prochaska.eu\/ro\/","name":"Prochaska","description":"Spezialist f\u00fcr Pflege von Gr\u00fcnfl\u00e4chen","publisher":{"@id":"https:\/\/prochaska.eu\/ro\/#organization"},"potentialAction":[{"@type":"SearchAction","target":{"@type":"EntryPoint","urlTemplate":"https:\/\/prochaska.eu\/ro\/?s={search_term_string}"},"query-input":{"@type":"PropertyValueSpecification","valueRequired":true,"valueName":"search_term_string"}}],"inLanguage":"ro-RO"},{"@type":"Organization","@id":"https:\/\/prochaska.eu\/ro\/#organization","name":"Prochaska","url":"https:\/\/prochaska.eu\/ro\/","logo":{"@type":"ImageObject","inLanguage":"ro-RO","@id":"https:\/\/prochaska.eu\/ro\/#\/schema\/logo\/image\/","url":"https:\/\/prochaska.eu\/wp-content\/uploads\/2024\/04\/Prochaska_Logo_Black-1.png","contentUrl":"https:\/\/prochaska.eu\/wp-content\/uploads\/2024\/04\/Prochaska_Logo_Black-1.png","width":796,"height":236,"caption":"Prochaska"},"image":{"@id":"https:\/\/prochaska.eu\/ro\/#\/schema\/logo\/image\/"},"sameAs":["https:\/\/www.facebook.com\/prochaska.eu\/","https:\/\/www.instagram.com\/prochaska.eu\/","https:\/\/www.linkedin.com\/company\/prochaska-handels-gmbh"]}]}},"brands":[{"id":3084,"name":"Billy Goat","slug":"billy-goat-ro"}],"_links":{"self":[{"href":"https:\/\/prochaska.eu\/ro\/wp-json\/wp\/v2\/product\/31833","targetHints":{"allow":["GET"]}}],"collection":[{"href":"https:\/\/prochaska.eu\/ro\/wp-json\/wp\/v2\/product"}],"about":[{"href":"https:\/\/prochaska.eu\/ro\/wp-json\/wp\/v2\/types\/product"}],"version-history":[{"count":1,"href":"https:\/\/prochaska.eu\/ro\/wp-json\/wp\/v2\/product\/31833\/revisions"}],"predecessor-version":[{"id":31836,"href":"https:\/\/prochaska.eu\/ro\/wp-json\/wp\/v2\/product\/31833\/revisions\/31836"}],"wp:featuredmedia":[{"embeddable":true,"href":"https:\/\/prochaska.eu\/ro\/wp-json\/wp\/v2\/media\/31679"}],"wp:attachment":[{"href":"https:\/\/prochaska.eu\/ro\/wp-json\/wp\/v2\/media?parent=31833"}],"wp:term":[{"taxonomy":"pwb-brand","embeddable":true,"href":"https:\/\/prochaska.eu\/ro\/wp-json\/wp\/v2\/pwb-brand?post=31833"},{"taxonomy":"product_brand","embeddable":true,"href":"https:\/\/prochaska.eu\/ro\/wp-json\/wp\/v2\/product_brand?post=31833"},{"taxonomy":"product_cat","embeddable":true,"href":"https:\/\/prochaska.eu\/ro\/wp-json\/wp\/v2\/product_cat?post=31833"},{"taxonomy":"product_tag","embeddable":true,"href":"https:\/\/prochaska.eu\/ro\/wp-json\/wp\/v2\/product_tag?post=31833"}],"curies":[{"name":"wp","href":"https:\/\/api.w.org\/{rel}","templated":true}]}}